{"id":41882,"date":"2018-04-16T10:56:17","date_gmt":"2018-04-16T10:56:17","guid":{"rendered":"https:\/\/business.roovi.com\/puzzle-classic-tales-35-piese-1\/p\/"},"modified":"2023-02-28T12:45:49","modified_gmt":"2023-02-28T12:45:49","slug":"35-teile-puzzle-hansel-und-gretel","status":"publish","type":"product","link":"https:\/\/business.roovi.com\/de\/35-teile-puzzle-hansel-und-gretel\/p\/","title":{"rendered":"35 Teile Puzzle &#8211; H\u00e4nsel und Gretel"},"content":{"rendered":"<p>Wir laden dich auf eine Reise in die Welt der klassischen M\u00e4rchen ein, mit ber\u00fchmten Figuren und zauberhaften Geschichten! Setze dieses pr\u00e4chtige Puzzle mit 35 Teilen zusammen, um eine Szene aus dem M\u00e4rchen H\u00e4nsel und Gretel nachzustellen. Die exquisiten Illustrationen sind von der K\u00fcnstlerin Egri M\u00f3nika in leuchtenden Farben und mit vielen niedlichen Details gezeichnet.<\/p>\n","protected":false},"excerpt":{"rendered":"<p>Wir laden dich auf eine Reise in die Welt der klassischen M\u00e4rchen ein, mit ber\u00fchmten Figuren und zauberhaften Geschichten! Setze<\/p>\n","protected":false},"featured_media":34938,"template":"","meta":[],"product_brand":[],"product_cat":[1876,1875,1979],"product_tag":[],"class_list":{"0":"post-41882","1":"product","2":"type-product","3":"status-publish","4":"has-post-thumbnail","6":"product_cat-kinder-puzzle","7":"product_cat-puzzle-de","8":"product_cat-puzzle-mit-weniger-als-50-teilen","9":"pa_bax-10-de","10":"pa_brand-d_toys-de","11":"pa_country_of_manufacture-ro-de","12":"pa_filter_age-3_5-de","13":"pa_filter_age-5_7-de","14":"pa_filter_age-7_9-de","15":"pa_painter-egri-monika","16":"pa_tip_ambalaj-kasten-a4-de","17":"pa_tip_puzzle-klassisch","19":"first","20":"instock","21":"taxable","22":"shipping-taxable","23":"product-type-simple"},"yoast_head":"<!-- This site is optimized with the Yoast SEO plugin v20.1 - https:\/\/yoast.com\/wordpress\/plugins\/seo\/ -->\n<title>35 Teile Puzzle - H\u00e4nsel und Gretel<\/title>\n<meta name=\"description\" content=\"35 Teile Puzzle - H\u00e4nsel und Gretel\" \/>\n<meta name=\"robots\" content=\"index, follow, max-snippet:-1, max-image-preview:large, max-video-preview:-1\" \/>\n<link rel=\"canonical\" href=\"https:\/\/business.roovi.com\/de\/35-teile-puzzle-hansel-und-gretel\/p\/\" \/>\n<meta property=\"og:locale\" content=\"de_DE\" \/>\n<meta property=\"og:type\" content=\"article\" \/>\n<meta property=\"og:title\" content=\"35 Teile Puzzle - H\u00e4nsel und Gretel\" \/>\n<meta property=\"og:description\" content=\"35 Teile Puzzle - H\u00e4nsel und Gretel\" \/>\n<meta property=\"og:url\" content=\"https:\/\/business.roovi.com\/de\/35-teile-puzzle-hansel-und-gretel\/p\/\" \/>\n<meta property=\"og:site_name\" content=\"Roovi B2B\" \/>\n<meta property=\"article:publisher\" content=\"https:\/\/www.facebook.com\/wwwjucariero\" \/>\n<meta property=\"article:modified_time\" content=\"2023-02-28T12:45:49+00:00\" \/>\n<meta property=\"og:image\" content=\"https:\/\/business.roovi.com\/wp-content\/uploads\/2018\/04\/72948_01.jpg\" \/>\n\t<meta property=\"og:image:width\" content=\"1200\" \/>\n\t<meta property=\"og:image:height\" content=\"1200\" \/>\n\t<meta property=\"og:image:type\" content=\"image\/jpeg\" \/>\n<meta name=\"twitter:label1\" content=\"Gesch\u00e4tzte Lesezeit\" \/>\n\t<meta name=\"twitter:data1\" content=\"1\u00a0Minute\" \/>\n<script type=\"application\/ld+json\" class=\"yoast-schema-graph\">{\"@context\":\"https:\/\/schema.org\",\"@graph\":[{\"@type\":\"WebPage\",\"@id\":\"https:\/\/business.roovi.com\/de\/35-teile-puzzle-hansel-und-gretel\/p\/\",\"url\":\"https:\/\/business.roovi.com\/de\/35-teile-puzzle-hansel-und-gretel\/p\/\",\"name\":\"35 Teile Puzzle - H\u00e4nsel und Gretel\",\"isPartOf\":{\"@id\":\"https:\/\/business.roovi.com\/de\/#website\"},\"datePublished\":\"2018-04-16T10:56:17+00:00\",\"dateModified\":\"2023-02-28T12:45:49+00:00\",\"description\":\"35 Teile Puzzle - H\u00e4nsel und Gretel\",\"breadcrumb\":{\"@id\":\"https:\/\/business.roovi.com\/de\/35-teile-puzzle-hansel-und-gretel\/p\/#breadcrumb\"},\"inLanguage\":\"de\",\"potentialAction\":[{\"@type\":\"ReadAction\",\"target\":[\"https:\/\/business.roovi.com\/de\/35-teile-puzzle-hansel-und-gretel\/p\/\"]}]},{\"@type\":\"BreadcrumbList\",\"@id\":\"https:\/\/business.roovi.com\/de\/35-teile-puzzle-hansel-und-gretel\/p\/#breadcrumb\",\"itemListElement\":[{\"@type\":\"ListItem\",\"position\":1,\"name\":\"Home\",\"item\":\"https:\/\/business.roovi.com\/de\/\"},{\"@type\":\"ListItem\",\"position\":2,\"name\":\"Shop\",\"item\":\"https:\/\/business.roovi.com\/de\/shop\/\"},{\"@type\":\"ListItem\",\"position\":3,\"name\":\"35 Teile Puzzle &#8211; H\u00e4nsel und Gretel\"}]},{\"@type\":\"WebSite\",\"@id\":\"https:\/\/business.roovi.com\/de\/#website\",\"url\":\"https:\/\/business.roovi.com\/de\/\",\"name\":\"Roovi B2B\",\"description\":\"Roovi Business Website\",\"potentialAction\":[{\"@type\":\"SearchAction\",\"target\":{\"@type\":\"EntryPoint\",\"urlTemplate\":\"https:\/\/business.roovi.com\/de\/?s={search_term_string}\"},\"query-input\":\"required name=search_term_string\"}],\"inLanguage\":\"de\"}]}<\/script>\n<!-- \/ Yoast SEO plugin. -->","yoast_head_json":{"title":"35 Teile Puzzle - H\u00e4nsel und Gretel","description":"35 Teile Puzzle - H\u00e4nsel und Gretel","robots":{"index":"index","follow":"follow","max-snippet":"max-snippet:-1","max-image-preview":"max-image-preview:large","max-video-preview":"max-video-preview:-1"},"canonical":"https:\/\/business.roovi.com\/de\/35-teile-puzzle-hansel-und-gretel\/p\/","og_locale":"de_DE","og_type":"article","og_title":"35 Teile Puzzle - H\u00e4nsel und Gretel","og_description":"35 Teile Puzzle - H\u00e4nsel und Gretel","og_url":"https:\/\/business.roovi.com\/de\/35-teile-puzzle-hansel-und-gretel\/p\/","og_site_name":"Roovi B2B","article_publisher":"https:\/\/www.facebook.com\/wwwjucariero","article_modified_time":"2023-02-28T12:45:49+00:00","og_image":[{"width":1200,"height":1200,"url":"https:\/\/business.roovi.com\/wp-content\/uploads\/2018\/04\/72948_01.jpg","type":"image\/jpeg"}],"twitter_misc":{"Gesch\u00e4tzte Lesezeit":"1\u00a0Minute"},"schema":{"@context":"https:\/\/schema.org","@graph":[{"@type":"WebPage","@id":"https:\/\/business.roovi.com\/de\/35-teile-puzzle-hansel-und-gretel\/p\/","url":"https:\/\/business.roovi.com\/de\/35-teile-puzzle-hansel-und-gretel\/p\/","name":"35 Teile Puzzle - H\u00e4nsel und Gretel","isPartOf":{"@id":"https:\/\/business.roovi.com\/de\/#website"},"datePublished":"2018-04-16T10:56:17+00:00","dateModified":"2023-02-28T12:45:49+00:00","description":"35 Teile Puzzle - H\u00e4nsel und Gretel","breadcrumb":{"@id":"https:\/\/business.roovi.com\/de\/35-teile-puzzle-hansel-und-gretel\/p\/#breadcrumb"},"inLanguage":"de","potentialAction":[{"@type":"ReadAction","target":["https:\/\/business.roovi.com\/de\/35-teile-puzzle-hansel-und-gretel\/p\/"]}]},{"@type":"BreadcrumbList","@id":"https:\/\/business.roovi.com\/de\/35-teile-puzzle-hansel-und-gretel\/p\/#breadcrumb","itemListElement":[{"@type":"ListItem","position":1,"name":"Home","item":"https:\/\/business.roovi.com\/de\/"},{"@type":"ListItem","position":2,"name":"Shop","item":"https:\/\/business.roovi.com\/de\/shop\/"},{"@type":"ListItem","position":3,"name":"35 Teile Puzzle &#8211; H\u00e4nsel und Gretel"}]},{"@type":"WebSite","@id":"https:\/\/business.roovi.com\/de\/#website","url":"https:\/\/business.roovi.com\/de\/","name":"Roovi B2B","description":"Roovi Business Website","potentialAction":[{"@type":"SearchAction","target":{"@type":"EntryPoint","urlTemplate":"https:\/\/business.roovi.com\/de\/?s={search_term_string}"},"query-input":"required name=search_term_string"}],"inLanguage":"de"}]}},"_links":{"self":[{"href":"https:\/\/business.roovi.com\/de\/wp-json\/wp\/v2\/product\/41882","targetHints":{"allow":["GET"]}}],"collection":[{"href":"https:\/\/business.roovi.com\/de\/wp-json\/wp\/v2\/product"}],"about":[{"href":"https:\/\/business.roovi.com\/de\/wp-json\/wp\/v2\/types\/product"}],"version-history":[{"count":0,"href":"https:\/\/business.roovi.com\/de\/wp-json\/wp\/v2\/product\/41882\/revisions"}],"wp:featuredmedia":[{"embeddable":true,"href":"https:\/\/business.roovi.com\/de\/wp-json\/wp\/v2\/media\/34938"}],"wp:attachment":[{"href":"https:\/\/business.roovi.com\/de\/wp-json\/wp\/v2\/media?parent=41882"}],"wp:term":[{"taxonomy":"product_brand","embeddable":true,"href":"https:\/\/business.roovi.com\/de\/wp-json\/wp\/v2\/product_brand?post=41882"},{"taxonomy":"product_cat","embeddable":true,"href":"https:\/\/business.roovi.com\/de\/wp-json\/wp\/v2\/product_cat?post=41882"},{"taxonomy":"product_tag","embeddable":true,"href":"https:\/\/business.roovi.com\/de\/wp-json\/wp\/v2\/product_tag?post=41882"}],"curies":[{"name":"wp","href":"https:\/\/api.w.org\/{rel}","templated":true}]}}