{"id":41942,"date":"2018-04-16T10:56:17","date_gmt":"2018-04-16T10:56:17","guid":{"rendered":"https:\/\/business.roovi.com\/puzzle-adulti-1000-piese-kurti-andrea-snow-whitealba-ca-zapada\/p\/"},"modified":"2022-07-06T18:19:44","modified_gmt":"2022-07-06T18:19:44","slug":"kurti-andrea-1000-teile-puzzle-fur-erwachsene-schneewittchen","status":"publish","type":"product","link":"https:\/\/business.roovi.com\/de\/kurti-andrea-1000-teile-puzzle-fur-erwachsene-schneewittchen\/p\/","title":{"rendered":"K\u00fcrti Andrea 1000 Teile Puzzle f\u00fcr Erwachsene &#8211; Schneewittchen"},"content":{"rendered":"<p><span style=\"font-weight: 400\">Bist du fasziniert von Geschichten und ein Liebhaber von Puzzlespielen? Wir haben die ideale Kombination f\u00fcr dich: das 1000-teilige Schneewittchen-Puzzle mit einer wundersch\u00f6nen Illustration der K\u00fcnstlerin K\u00fcrti Andrea.<\/span><\/p>\n<p><span style=\"font-weight: 400\">Erlebe die Magie der klassischen Kindheitsgeschichte neu, indem du dieses erstaunliche Puzzlespiel vollendest. Wenn du Puzzles f\u00fcr Erwachsene mit komplizierten Details und sch\u00f6n gestalteten Bildern liebst, wirst du dieses 1000-Teile-Puzzle umso mehr sch\u00e4tzen.<\/span><\/p>\n<p><span style=\"font-weight: 400\">Das kann die perfekte Gelegenheit sein, um Zeit mit deinen Kindern im Teenageralter zu verbringen. Bewahre dir die Nostalgie deiner Kindheit, als du sie mit der Geschichte von Schneewittchen bekannt gemacht hast. Jetzt hast du die M\u00f6glichkeit, die 1000-Teile-Puzzle-Geschichte gemeinsam nachzuspielen. Am Ende erh\u00e4ltst du ein faszinierendes Bild, das du einrahmen kannst, um die Erinnerungen an gl\u00fcckliche gemeinsame Zeiten f\u00fcr immer zu bewahren.<\/span><\/p>\n<p><strong>Warum das Puzzle 1000 Teile K\u00fcrti Andrea &#8211; Schneewittchen w\u00e4hlen?<\/strong><\/p>\n<p><span style=\"font-weight: 400\">Du bekommst ein faszinierendes 50 x 70 cm gro\u00dfes Bild.<\/span><\/p>\n<p><span style=\"font-weight: 400\">Es ist ein Puzzle aus hochwertiger blauer Pappe.<\/span><\/p>\n<p><span style=\"font-weight: 400\">Die Materialien, aus denen es hergestellt wird, sind nachhaltig, recycelbar und langlebig.<\/span><\/p>\n<p><span style=\"font-weight: 400\">Es hat eine halbgl\u00e4nzende Oberfl\u00e4che in leuchtenden Farben.<\/span><\/p>\n<p><span style=\"font-weight: 400\">Es wird f\u00fcr Menschen \u00fcber 14 Jahren empfohlen und du kannst es mit deinen Kindern im Teenageralter zusammenstellen.<\/span><\/p>\n<p><strong>Schneewittchen 1000 Teile Puzzle und seine erstaunlichen Vorteile<\/strong><\/p>\n<p><span style=\"font-weight: 400\">Eine Leidenschaft f\u00fcr Puzzlespiele bringt dir mehr als nur Entspannung und Spa\u00df. Er entwickelt F\u00e4higkeiten, die du bei allt\u00e4glichen Aktivit\u00e4ten einsetzen kannst:<\/span><\/p>\n<p><span style=\"font-weight: 400\">Probleml\u00f6sungsf\u00e4higkeiten.<\/span><\/p>\n<p><span style=\"font-weight: 400\">Kurzzeitged\u00e4chtnis.<\/span><\/p>\n<p><span style=\"font-weight: 400\">Geschicklichkeit.<\/span><\/p>\n<p><span style=\"font-weight: 400\">Liebe zum Detail.<\/span><\/p>\n<p><span style=\"font-weight: 400\">Beharrlichkeit.<\/span><\/p>\n<p><span style=\"font-weight: 400\">Hand-Augen-Koordination.<\/span><\/p>\n<p><span style=\"font-weight: 400\">Logisches Denken.<\/span><\/p>\n<p><strong>Kuriosit\u00e4ten \u00fcber Schneewittchen<\/strong><\/p>\n<p><span style=\"font-weight: 400\">Die Geschichte von Schneewittchen wurde offenbar durch das Leben von Margaretha von Waldeck inspiriert, einer 1533 geborenen deutschen Gr\u00e4fin, die von ihrer Stiefmutter gezwungen wurde, nach Br\u00fcssel zu ziehen. Hier lernte sie Prinz Philipp II. von Spanien kennen und verliebte sich in ihn, aber ihre Eltern waren mit ihrer Beziehung nicht einverstanden. Margaretha starb unter mysteri\u00f6sen Umst\u00e4nden im Alter von nur 21 Jahren, nachdem sie vergiftet worden war.<\/span><\/p>\n<p><span style=\"font-weight: 400\">Der Vater des M\u00e4dchens besa\u00df eine Kupfermine, in der Kinder arbeiteten. Aufgrund der harten Arbeitsbedingungen und des Mangels an Nahrung konnten sie sich nicht richtig entwickeln und blieben kleinw\u00fcchsig.<\/span><\/p>\n<p><span style=\"font-weight: 400\">Es gibt viele Versionen der Geschichte, vor allem in europ\u00e4ischen L\u00e4ndern, aber auch auf anderen Kontinenten wie Amerika und Afrika.<\/span><\/p>\n<p><span style=\"font-weight: 400\">In der afrikanischen Version werden die Zwerge durch R\u00e4uber ersetzt, und in einer italienischen Version der Geschichte sind Schneewittchens Besch\u00fctzer keine M\u00e4nner, sondern Frauen.<\/span><\/p>\n<p><strong>Wusstest du, dass Puzzlespiele die Dopaminaussch\u00fcttung anregen und dich gl\u00fccklicher machen? <\/strong><\/p>\n<p><span style=\"font-weight: 400\">Dopamin ist ein Neurotransmitter, eine Substanz, die Signale zwischen Nervenzellen \u00fcbertr\u00e4gt. Die Konzentration von Dopamin im menschlichen Gehirn beeinflusst die Stimmung, das Ged\u00e4chtnis und die Konzentration <\/span><\/p>\n<p><span style=\"font-weight: 400\">Es wurde festgestellt, dass das Gehirn bei Puzzlespielen mehr Dopamin aussch\u00fcttet. Deshalb empfinden Puzzle-Fans ein so starkes Gef\u00fchl der Freude und Befriedigung und sind motiviert, immer wieder neue Puzzlespiele auszuprobieren.<\/span><\/p>\n<p><span style=\"font-weight: 400\">Wenn auch du ein gl\u00fcckliches Gef\u00fchl und viele positive Vibes erleben willst, w\u00e4hle Schneewittchen 1000 Teile Puzzle. Du kannst es immer dann zusammenstellen, wenn du das Bed\u00fcrfnis nach einer konstruktiven Herausforderung hast, allein oder in Gesellschaft von lieben Menschen.<\/span><\/p>\n<p><span style=\"font-weight: 400\">Das Schneewittchen-Puzzle mit 1000 Teilen, das von der K\u00fcnstlerin K\u00fcrti Andrea illustriert wurde, ist auch ein tolles Geschenk f\u00fcr alle, die gerne puzzeln oder sich kreativ bet\u00e4tigen.<\/span><\/p><\/p>\n","protected":false},"excerpt":{"rendered":"<p>Bist du fasziniert von Geschichten und ein Liebhaber von Puzzlespielen? Wir haben die ideale Kombination f\u00fcr dich: das 1000-teilige Schneewittchen-Puzzle<\/p>\n","protected":false},"featured_media":35018,"template":"","meta":[],"product_brand":[],"product_cat":[1916,1875,1915],"product_tag":[],"class_list":{"0":"post-41942","1":"product","2":"type-product","3":"status-publish","4":"has-post-thumbnail","6":"product_cat-1000-teile-puzzle","7":"product_cat-puzzle-de","8":"product_cat-puzzlespiele-fur-erwachsene","9":"pa_bax-10-de","10":"pa_brand-d_toys-de","11":"pa_country_of_manufacture-ro-de","12":"pa_filter_age-14-de","13":"pa_painter-kurtiandrea-de","14":"pa_tip_ambalaj-kasten-a4-de","15":"pa_tip_puzzle-klassisch","17":"first","18":"instock","19":"taxable","20":"shipping-taxable","21":"product-type-simple"},"yoast_head":"<!-- This site is optimized with the Yoast SEO plugin v20.1 - https:\/\/yoast.com\/wordpress\/plugins\/seo\/ -->\n<title>K\u00fcrti Andrea 1000 Teile Puzzle f\u00fcr Erwachsene - Schneewittchen<\/title>\n<meta name=\"description\" content=\"K\u00fcrti Andrea 1000 Teile Puzzle f\u00fcr Erwachsene - Schneewittchen\" \/>\n<meta name=\"robots\" content=\"index, follow, max-snippet:-1, max-image-preview:large, max-video-preview:-1\" \/>\n<link rel=\"canonical\" href=\"https:\/\/business.roovi.com\/de\/kurti-andrea-1000-teile-puzzle-fur-erwachsene-schneewittchen\/p\/\" \/>\n<meta property=\"og:locale\" content=\"de_DE\" \/>\n<meta property=\"og:type\" content=\"article\" \/>\n<meta property=\"og:title\" content=\"K\u00fcrti Andrea 1000 Teile Puzzle f\u00fcr Erwachsene - Schneewittchen\" \/>\n<meta property=\"og:description\" content=\"K\u00fcrti Andrea 1000 Teile Puzzle f\u00fcr Erwachsene - Schneewittchen\" \/>\n<meta property=\"og:url\" content=\"https:\/\/business.roovi.com\/de\/kurti-andrea-1000-teile-puzzle-fur-erwachsene-schneewittchen\/p\/\" \/>\n<meta property=\"og:site_name\" content=\"Roovi B2B\" \/>\n<meta property=\"article:publisher\" content=\"https:\/\/www.facebook.com\/wwwjucariero\" \/>\n<meta property=\"article:modified_time\" content=\"2022-07-06T18:19:44+00:00\" \/>\n<meta property=\"og:image\" content=\"https:\/\/business.roovi.com\/wp-content\/uploads\/2018\/04\/72870-1_ansamblu_dimensiuni_cutie_cm_vertical_1200x1200.png\" \/>\n\t<meta property=\"og:image:width\" content=\"1200\" \/>\n\t<meta property=\"og:image:height\" content=\"1200\" \/>\n\t<meta property=\"og:image:type\" content=\"image\/png\" \/>\n<meta name=\"twitter:label1\" content=\"Gesch\u00e4tzte Lesezeit\" \/>\n\t<meta name=\"twitter:data1\" content=\"3\u00a0Minuten\" \/>\n<script type=\"application\/ld+json\" class=\"yoast-schema-graph\">{\"@context\":\"https:\/\/schema.org\",\"@graph\":[{\"@type\":\"WebPage\",\"@id\":\"https:\/\/business.roovi.com\/de\/kurti-andrea-1000-teile-puzzle-fur-erwachsene-schneewittchen\/p\/\",\"url\":\"https:\/\/business.roovi.com\/de\/kurti-andrea-1000-teile-puzzle-fur-erwachsene-schneewittchen\/p\/\",\"name\":\"K\u00fcrti Andrea 1000 Teile Puzzle f\u00fcr Erwachsene - Schneewittchen\",\"isPartOf\":{\"@id\":\"https:\/\/business.roovi.com\/de\/#website\"},\"datePublished\":\"2018-04-16T10:56:17+00:00\",\"dateModified\":\"2022-07-06T18:19:44+00:00\",\"description\":\"K\u00fcrti Andrea 1000 Teile Puzzle f\u00fcr Erwachsene - Schneewittchen\",\"breadcrumb\":{\"@id\":\"https:\/\/business.roovi.com\/de\/kurti-andrea-1000-teile-puzzle-fur-erwachsene-schneewittchen\/p\/#breadcrumb\"},\"inLanguage\":\"de\",\"potentialAction\":[{\"@type\":\"ReadAction\",\"target\":[\"https:\/\/business.roovi.com\/de\/kurti-andrea-1000-teile-puzzle-fur-erwachsene-schneewittchen\/p\/\"]}]},{\"@type\":\"BreadcrumbList\",\"@id\":\"https:\/\/business.roovi.com\/de\/kurti-andrea-1000-teile-puzzle-fur-erwachsene-schneewittchen\/p\/#breadcrumb\",\"itemListElement\":[{\"@type\":\"ListItem\",\"position\":1,\"name\":\"Home\",\"item\":\"https:\/\/business.roovi.com\/de\/\"},{\"@type\":\"ListItem\",\"position\":2,\"name\":\"Shop\",\"item\":\"https:\/\/business.roovi.com\/de\/shop\/\"},{\"@type\":\"ListItem\",\"position\":3,\"name\":\"K\u00fcrti Andrea 1000 Teile Puzzle f\u00fcr Erwachsene &#8211; Schneewittchen\"}]},{\"@type\":\"WebSite\",\"@id\":\"https:\/\/business.roovi.com\/de\/#website\",\"url\":\"https:\/\/business.roovi.com\/de\/\",\"name\":\"Roovi B2B\",\"description\":\"Roovi Business Website\",\"potentialAction\":[{\"@type\":\"SearchAction\",\"target\":{\"@type\":\"EntryPoint\",\"urlTemplate\":\"https:\/\/business.roovi.com\/de\/?s={search_term_string}\"},\"query-input\":\"required name=search_term_string\"}],\"inLanguage\":\"de\"}]}<\/script>\n<!-- \/ Yoast SEO plugin. -->","yoast_head_json":{"title":"K\u00fcrti Andrea 1000 Teile Puzzle f\u00fcr Erwachsene - Schneewittchen","description":"K\u00fcrti Andrea 1000 Teile Puzzle f\u00fcr Erwachsene - Schneewittchen","robots":{"index":"index","follow":"follow","max-snippet":"max-snippet:-1","max-image-preview":"max-image-preview:large","max-video-preview":"max-video-preview:-1"},"canonical":"https:\/\/business.roovi.com\/de\/kurti-andrea-1000-teile-puzzle-fur-erwachsene-schneewittchen\/p\/","og_locale":"de_DE","og_type":"article","og_title":"K\u00fcrti Andrea 1000 Teile Puzzle f\u00fcr Erwachsene - Schneewittchen","og_description":"K\u00fcrti Andrea 1000 Teile Puzzle f\u00fcr Erwachsene - Schneewittchen","og_url":"https:\/\/business.roovi.com\/de\/kurti-andrea-1000-teile-puzzle-fur-erwachsene-schneewittchen\/p\/","og_site_name":"Roovi B2B","article_publisher":"https:\/\/www.facebook.com\/wwwjucariero","article_modified_time":"2022-07-06T18:19:44+00:00","og_image":[{"width":1200,"height":1200,"url":"https:\/\/business.roovi.com\/wp-content\/uploads\/2018\/04\/72870-1_ansamblu_dimensiuni_cutie_cm_vertical_1200x1200.png","type":"image\/png"}],"twitter_misc":{"Gesch\u00e4tzte Lesezeit":"3\u00a0Minuten"},"schema":{"@context":"https:\/\/schema.org","@graph":[{"@type":"WebPage","@id":"https:\/\/business.roovi.com\/de\/kurti-andrea-1000-teile-puzzle-fur-erwachsene-schneewittchen\/p\/","url":"https:\/\/business.roovi.com\/de\/kurti-andrea-1000-teile-puzzle-fur-erwachsene-schneewittchen\/p\/","name":"K\u00fcrti Andrea 1000 Teile Puzzle f\u00fcr Erwachsene - Schneewittchen","isPartOf":{"@id":"https:\/\/business.roovi.com\/de\/#website"},"datePublished":"2018-04-16T10:56:17+00:00","dateModified":"2022-07-06T18:19:44+00:00","description":"K\u00fcrti Andrea 1000 Teile Puzzle f\u00fcr Erwachsene - Schneewittchen","breadcrumb":{"@id":"https:\/\/business.roovi.com\/de\/kurti-andrea-1000-teile-puzzle-fur-erwachsene-schneewittchen\/p\/#breadcrumb"},"inLanguage":"de","potentialAction":[{"@type":"ReadAction","target":["https:\/\/business.roovi.com\/de\/kurti-andrea-1000-teile-puzzle-fur-erwachsene-schneewittchen\/p\/"]}]},{"@type":"BreadcrumbList","@id":"https:\/\/business.roovi.com\/de\/kurti-andrea-1000-teile-puzzle-fur-erwachsene-schneewittchen\/p\/#breadcrumb","itemListElement":[{"@type":"ListItem","position":1,"name":"Home","item":"https:\/\/business.roovi.com\/de\/"},{"@type":"ListItem","position":2,"name":"Shop","item":"https:\/\/business.roovi.com\/de\/shop\/"},{"@type":"ListItem","position":3,"name":"K\u00fcrti Andrea 1000 Teile Puzzle f\u00fcr Erwachsene &#8211; Schneewittchen"}]},{"@type":"WebSite","@id":"https:\/\/business.roovi.com\/de\/#website","url":"https:\/\/business.roovi.com\/de\/","name":"Roovi B2B","description":"Roovi Business Website","potentialAction":[{"@type":"SearchAction","target":{"@type":"EntryPoint","urlTemplate":"https:\/\/business.roovi.com\/de\/?s={search_term_string}"},"query-input":"required name=search_term_string"}],"inLanguage":"de"}]}},"_links":{"self":[{"href":"https:\/\/business.roovi.com\/de\/wp-json\/wp\/v2\/product\/41942","targetHints":{"allow":["GET"]}}],"collection":[{"href":"https:\/\/business.roovi.com\/de\/wp-json\/wp\/v2\/product"}],"about":[{"href":"https:\/\/business.roovi.com\/de\/wp-json\/wp\/v2\/types\/product"}],"version-history":[{"count":0,"href":"https:\/\/business.roovi.com\/de\/wp-json\/wp\/v2\/product\/41942\/revisions"}],"wp:featuredmedia":[{"embeddable":true,"href":"https:\/\/business.roovi.com\/de\/wp-json\/wp\/v2\/media\/35018"}],"wp:attachment":[{"href":"https:\/\/business.roovi.com\/de\/wp-json\/wp\/v2\/media?parent=41942"}],"wp:term":[{"taxonomy":"product_brand","embeddable":true,"href":"https:\/\/business.roovi.com\/de\/wp-json\/wp\/v2\/product_brand?post=41942"},{"taxonomy":"product_cat","embeddable":true,"href":"https:\/\/business.roovi.com\/de\/wp-json\/wp\/v2\/product_cat?post=41942"},{"taxonomy":"product_tag","embeddable":true,"href":"https:\/\/business.roovi.com\/de\/wp-json\/wp\/v2\/product_tag?post=41942"}],"curies":[{"name":"wp","href":"https:\/\/api.w.org\/{rel}","templated":true}]}}