{"id":41946,"date":"2018-04-16T10:56:17","date_gmt":"2018-04-16T10:56:17","guid":{"rendered":"https:\/\/business.roovi.com\/puzzle-adulti-1000-piese-kurti-andrea-the-frog-princess\/p\/"},"modified":"2022-07-06T18:24:05","modified_gmt":"2022-07-06T18:24:05","slug":"puzzle-fur-erwachsene-1000-teile-kurti-andrea-die-froschprinzessin","status":"publish","type":"product","link":"https:\/\/business.roovi.com\/de\/puzzle-fur-erwachsene-1000-teile-kurti-andrea-die-froschprinzessin\/p\/","title":{"rendered":"Puzzle f\u00fcr Erwachsene 1000 Teile K\u00fcrti Andrea &#8211; Die Froschprinzessin"},"content":{"rendered":"<p><span style=\"font-weight: 400\">F\u00fchlst du dich inspiriert und bist bereit f\u00fcr eine kreative Herausforderung? Das 1000-teilige Froschprinzessin-Puzzle verwandelt deine Leidenschaft f\u00fcr Puzzles in ein spannendes Abenteuer. Rahmt die einzigartige Illustration mit einer Szene aus <\/span><em><span style=\"font-weight: 400\">Die Prinzessin und der Frosch<\/span><\/em><span style=\"font-weight: 400\"> und erlebe den Zauber der klassischen M\u00e4rchen.<\/span><\/p>\n<p><span style=\"font-weight: 400\">Spiel und Geschichte sind in K\u00fcrti Andrea &#8211; Die Froschprinzessin 1000 Teile Puzzle perfekt miteinander verwoben <\/span><span style=\"font-weight: 400\">K\u00fcnstler<\/span> <span style=\"font-weight: 400\">K\u00fcrti Andrea hat dieses besondere Bild in ihre Serie von originellen Illustrationen aufgenommen, die klassische Geschichten darstellen, die dich an den Charme der Kindheit erinnern <\/span><\/p>\n<p><span style=\"font-weight: 400\">Wenn du deine Freizeit aufwerten oder unvergessliche Erinnerungen mit deinen Kindern schaffen willst, ist das 1000-teilige Puzzle Die Prinzessin und der Frosch die perfekte Wahl. Innovatives Design und atemberaubende Details, die mit der Handwerkskunst eines versierten K\u00fcnstlers geschaffen wurden, werden dich begeistern, wenn du dich bequem hinsetzt und das Bild in diesem faszinierenden 1000-Teile-Puzzle zusammensetzt.<\/span><\/p>\n<p><strong>Warum solltest du dich f\u00fcr das 1000-Teile-Puzzle &#8222;Die Prinzessin und der Frosch&#8220; entscheiden?<\/strong><\/p>\n<p><span style=\"font-weight: 400\">Baue mit deinen eigenen H\u00e4nden ein beeindruckendes Bild von 50 x 70 cm.<\/span><\/p>\n<p><span style=\"font-weight: 400\">Es ist ein Puzzle aus hochwertigem blauen Karton.<\/span><\/p>\n<p><span style=\"font-weight: 400\">Es hat sich im Laufe der Zeit bew\u00e4hrt und ist vielseitig einsetzbar.<\/span><\/p>\n<p><span style=\"font-weight: 400\">Es ist ein nachhaltiges, recycelbares und umweltfreundliches Produkt.<\/span><\/p>\n<p><span style=\"font-weight: 400\">Es hat eine hochwertige, halbgl\u00e4nzende Oberfl\u00e4che in leuchtenden Farben.<\/span><\/p>\n<p><span style=\"font-weight: 400\">Es kann von Personen \u00fcber 14 Jahren zusammengebaut werden und ist somit eine tolle M\u00f6glichkeit, Zeit mit Teenagern in der Familie zu verbringen.<\/span><\/p>\n<p><span style=\"font-weight: 400\">Das 1000-teilige Puzzle &#8222;Die Prinzessin und der Frosch&#8220; ist ein Kunstpuzzle, das deine F\u00e4higkeiten beim Zusammensetzen von Puzzles trainiert und viele Vorteile mit sich bringt:<\/span><\/p>\n<ul>\n<li><span style=\"font-weight: 400\">Es entwickelt deine Kreativit\u00e4t.<\/span><\/li>\n<li><span style=\"font-weight: 400\">Es erh\u00f6ht deine Aufmerksamkeit f\u00fcr Details.<\/span><\/li>\n<li><span style=\"font-weight: 400\">Es ist eine Gelegenheit, sich zu entspannen und vom Alltag abzuschalten.<\/span><\/li>\n<li><span style=\"font-weight: 400\">Es hilft dir, dich auf eine einzige Aufgabe zu konzentrieren und sie zu l\u00f6sen.<\/span><\/li>\n<li><span style=\"font-weight: 400\">Es gibt dir die M\u00f6glichkeit, ein dekoratives Objekt zu schaffen, das dein Zuhause versch\u00f6nert.<\/span><\/li>\n<li><span style=\"font-weight: 400\">Es ist die perfekte Gelegenheit, sich mit Freunden zu treffen und enge Bande mit den Liebsten zu kn\u00fcpfen.<\/span><\/li>\n<\/ul>\n<p><strong>Wusstest du, dass&#8230;?<\/strong><\/p>\n<p><span style=\"font-weight: 400\">Puzzlespiele haben eine \u00e4hnliche Wirkung wie Meditation. Wenn du das Bild in einem 1000-Teile-Puzzle zusammensetzt, konzentriert sich dein Geist intensiv und kommt zur Ruhe. Du verbindest dich m\u00fchelos mit dem gegenw\u00e4rtigen Moment und erlebst tiefe Entspannung.<\/span><\/p>\n<p><span style=\"font-weight: 400\">Puzzlespiele regen die Aussch\u00fcttung von Dopamin, dem Gl\u00fcckshormon, an. Das erkl\u00e4rt das unglaubliche Gef\u00fchl der Zufriedenheit und Freude, wenn du das letzte Teil des 1000-Puzzles zusammenf\u00fcgst.<\/span><\/p>\n<p><span style=\"font-weight: 400\">Puzzlespiele trainieren beide Gehirnh\u00e4lften und sind eine hervorragende geistige \u00dcbung. Deshalb haben Menschen, die jeden Tag mindestens 30 Minuten mit Puzzeln verbringen, ein geringeres Risiko, an neurodegenerativen Krankheiten wie Alzheimer oder Demenz zu erkranken.<\/span><\/p>\n<p><strong>Nimm dir eine Auszeit vom digitalen Leben mit dem 1000-Teile-Puzzle Prinzessin und der Frosch<\/strong><\/p>\n<p><span style=\"font-weight: 400\">Hast du das Bed\u00fcrfnis, dich von deinen Bildschirmen zu trennen? Das 1000-Teile-Puzzle &#8222;Die Prinzessin und der Frosch&#8220; kann eine gute Gelegenheit sein, eine digitale Entgiftung zu machen. Breite die Teile auf einem Couchtisch in deinem Wohnzimmer aus, br\u00fche einen aromatischen Tee auf und genie\u00dfe bis zu 30 Stunden Entspannung und authentischen Spa\u00df.<\/span><\/p>\n<p><span style=\"font-weight: 400\">Kaufe jetzt das 1000-Teile-Puzzle Prinzessin und Frosch und kreiere dein eigenes M\u00e4rchentableau. Entdecke die gesamte Sammlung von 1000-teiligen Puzzles mit exquisiten Illustrationen aus klassischen M\u00e4rchen und tauche ein in die magische Welt der ber\u00fchmten M\u00e4rchen.<\/span><\/p>\n<p><span style=\"font-weight: 400\">Das 1000-Teile-Puzzle Die Prinzessin und der Frosch ist ein tolles Geschenk f\u00fcr alle, die gerne puzzeln oder kreative Herausforderungen lieben.<\/span><\/p><\/p>\n","protected":false},"excerpt":{"rendered":"<p>F\u00fchlst du dich inspiriert und bist bereit f\u00fcr eine kreative Herausforderung? Das 1000-teilige Froschprinzessin-Puzzle verwandelt deine Leidenschaft f\u00fcr Puzzles in<\/p>\n","protected":false},"featured_media":35032,"template":"","meta":[],"product_brand":[],"product_cat":[1916,1875,1915],"product_tag":[],"class_list":{"0":"post-41946","1":"product","2":"type-product","3":"status-publish","4":"has-post-thumbnail","6":"product_cat-1000-teile-puzzle","7":"product_cat-puzzle-de","8":"product_cat-puzzlespiele-fur-erwachsene","9":"pa_bax-10-de","10":"pa_brand-d_toys-de","11":"pa_country_of_manufacture-ro-de","12":"pa_filter_age-14-de","13":"pa_painter-kurtiandrea-de","14":"pa_tip_ambalaj-kasten-a4-de","15":"pa_tip_puzzle-klassisch","17":"first","18":"instock","19":"taxable","20":"shipping-taxable","21":"product-type-simple"},"yoast_head":"<!-- This site is optimized with the Yoast SEO plugin v20.1 - https:\/\/yoast.com\/wordpress\/plugins\/seo\/ -->\n<title>Puzzle f\u00fcr Erwachsene 1000 Teile K\u00fcrti Andrea - Die Froschprinzessin<\/title>\n<meta name=\"description\" content=\"Puzzle f\u00fcr Erwachsene 1000 Teile K\u00fcrti Andrea - Die Froschprinzessin\" \/>\n<meta name=\"robots\" content=\"index, follow, max-snippet:-1, max-image-preview:large, max-video-preview:-1\" \/>\n<link rel=\"canonical\" href=\"https:\/\/business.roovi.com\/de\/puzzle-fur-erwachsene-1000-teile-kurti-andrea-die-froschprinzessin\/p\/\" \/>\n<meta property=\"og:locale\" content=\"de_DE\" \/>\n<meta property=\"og:type\" content=\"article\" \/>\n<meta property=\"og:title\" content=\"Puzzle f\u00fcr Erwachsene 1000 Teile K\u00fcrti Andrea - Die Froschprinzessin\" \/>\n<meta property=\"og:description\" content=\"Puzzle f\u00fcr Erwachsene 1000 Teile K\u00fcrti Andrea - Die Froschprinzessin\" \/>\n<meta property=\"og:url\" content=\"https:\/\/business.roovi.com\/de\/puzzle-fur-erwachsene-1000-teile-kurti-andrea-die-froschprinzessin\/p\/\" \/>\n<meta property=\"og:site_name\" content=\"Roovi B2B\" \/>\n<meta property=\"article:publisher\" content=\"https:\/\/www.facebook.com\/wwwjucariero\" \/>\n<meta property=\"article:modified_time\" content=\"2022-07-06T18:24:05+00:00\" \/>\n<meta property=\"og:image\" content=\"https:\/\/business.roovi.com\/wp-content\/uploads\/2018\/04\/72870-2_ansamblu_dimensiuni_cutie_cm_vertical_1200x1200.png\" \/>\n\t<meta property=\"og:image:width\" content=\"1200\" \/>\n\t<meta property=\"og:image:height\" content=\"1200\" \/>\n\t<meta property=\"og:image:type\" content=\"image\/png\" \/>\n<meta name=\"twitter:label1\" content=\"Gesch\u00e4tzte Lesezeit\" \/>\n\t<meta name=\"twitter:data1\" content=\"3\u00a0Minuten\" \/>\n<script type=\"application\/ld+json\" class=\"yoast-schema-graph\">{\"@context\":\"https:\/\/schema.org\",\"@graph\":[{\"@type\":\"WebPage\",\"@id\":\"https:\/\/business.roovi.com\/de\/puzzle-fur-erwachsene-1000-teile-kurti-andrea-die-froschprinzessin\/p\/\",\"url\":\"https:\/\/business.roovi.com\/de\/puzzle-fur-erwachsene-1000-teile-kurti-andrea-die-froschprinzessin\/p\/\",\"name\":\"Puzzle f\u00fcr Erwachsene 1000 Teile K\u00fcrti Andrea - Die Froschprinzessin\",\"isPartOf\":{\"@id\":\"https:\/\/business.roovi.com\/de\/#website\"},\"datePublished\":\"2018-04-16T10:56:17+00:00\",\"dateModified\":\"2022-07-06T18:24:05+00:00\",\"description\":\"Puzzle f\u00fcr Erwachsene 1000 Teile K\u00fcrti Andrea - Die Froschprinzessin\",\"breadcrumb\":{\"@id\":\"https:\/\/business.roovi.com\/de\/puzzle-fur-erwachsene-1000-teile-kurti-andrea-die-froschprinzessin\/p\/#breadcrumb\"},\"inLanguage\":\"de\",\"potentialAction\":[{\"@type\":\"ReadAction\",\"target\":[\"https:\/\/business.roovi.com\/de\/puzzle-fur-erwachsene-1000-teile-kurti-andrea-die-froschprinzessin\/p\/\"]}]},{\"@type\":\"BreadcrumbList\",\"@id\":\"https:\/\/business.roovi.com\/de\/puzzle-fur-erwachsene-1000-teile-kurti-andrea-die-froschprinzessin\/p\/#breadcrumb\",\"itemListElement\":[{\"@type\":\"ListItem\",\"position\":1,\"name\":\"Home\",\"item\":\"https:\/\/business.roovi.com\/de\/\"},{\"@type\":\"ListItem\",\"position\":2,\"name\":\"Shop\",\"item\":\"https:\/\/business.roovi.com\/de\/shop\/\"},{\"@type\":\"ListItem\",\"position\":3,\"name\":\"Puzzle f\u00fcr Erwachsene 1000 Teile K\u00fcrti Andrea &#8211; Die Froschprinzessin\"}]},{\"@type\":\"WebSite\",\"@id\":\"https:\/\/business.roovi.com\/de\/#website\",\"url\":\"https:\/\/business.roovi.com\/de\/\",\"name\":\"Roovi B2B\",\"description\":\"Roovi Business Website\",\"potentialAction\":[{\"@type\":\"SearchAction\",\"target\":{\"@type\":\"EntryPoint\",\"urlTemplate\":\"https:\/\/business.roovi.com\/de\/?s={search_term_string}\"},\"query-input\":\"required name=search_term_string\"}],\"inLanguage\":\"de\"}]}<\/script>\n<!-- \/ Yoast SEO plugin. -->","yoast_head_json":{"title":"Puzzle f\u00fcr Erwachsene 1000 Teile K\u00fcrti Andrea - Die Froschprinzessin","description":"Puzzle f\u00fcr Erwachsene 1000 Teile K\u00fcrti Andrea - Die Froschprinzessin","robots":{"index":"index","follow":"follow","max-snippet":"max-snippet:-1","max-image-preview":"max-image-preview:large","max-video-preview":"max-video-preview:-1"},"canonical":"https:\/\/business.roovi.com\/de\/puzzle-fur-erwachsene-1000-teile-kurti-andrea-die-froschprinzessin\/p\/","og_locale":"de_DE","og_type":"article","og_title":"Puzzle f\u00fcr Erwachsene 1000 Teile K\u00fcrti Andrea - Die Froschprinzessin","og_description":"Puzzle f\u00fcr Erwachsene 1000 Teile K\u00fcrti Andrea - Die Froschprinzessin","og_url":"https:\/\/business.roovi.com\/de\/puzzle-fur-erwachsene-1000-teile-kurti-andrea-die-froschprinzessin\/p\/","og_site_name":"Roovi B2B","article_publisher":"https:\/\/www.facebook.com\/wwwjucariero","article_modified_time":"2022-07-06T18:24:05+00:00","og_image":[{"width":1200,"height":1200,"url":"https:\/\/business.roovi.com\/wp-content\/uploads\/2018\/04\/72870-2_ansamblu_dimensiuni_cutie_cm_vertical_1200x1200.png","type":"image\/png"}],"twitter_misc":{"Gesch\u00e4tzte Lesezeit":"3\u00a0Minuten"},"schema":{"@context":"https:\/\/schema.org","@graph":[{"@type":"WebPage","@id":"https:\/\/business.roovi.com\/de\/puzzle-fur-erwachsene-1000-teile-kurti-andrea-die-froschprinzessin\/p\/","url":"https:\/\/business.roovi.com\/de\/puzzle-fur-erwachsene-1000-teile-kurti-andrea-die-froschprinzessin\/p\/","name":"Puzzle f\u00fcr Erwachsene 1000 Teile K\u00fcrti Andrea - Die Froschprinzessin","isPartOf":{"@id":"https:\/\/business.roovi.com\/de\/#website"},"datePublished":"2018-04-16T10:56:17+00:00","dateModified":"2022-07-06T18:24:05+00:00","description":"Puzzle f\u00fcr Erwachsene 1000 Teile K\u00fcrti Andrea - Die Froschprinzessin","breadcrumb":{"@id":"https:\/\/business.roovi.com\/de\/puzzle-fur-erwachsene-1000-teile-kurti-andrea-die-froschprinzessin\/p\/#breadcrumb"},"inLanguage":"de","potentialAction":[{"@type":"ReadAction","target":["https:\/\/business.roovi.com\/de\/puzzle-fur-erwachsene-1000-teile-kurti-andrea-die-froschprinzessin\/p\/"]}]},{"@type":"BreadcrumbList","@id":"https:\/\/business.roovi.com\/de\/puzzle-fur-erwachsene-1000-teile-kurti-andrea-die-froschprinzessin\/p\/#breadcrumb","itemListElement":[{"@type":"ListItem","position":1,"name":"Home","item":"https:\/\/business.roovi.com\/de\/"},{"@type":"ListItem","position":2,"name":"Shop","item":"https:\/\/business.roovi.com\/de\/shop\/"},{"@type":"ListItem","position":3,"name":"Puzzle f\u00fcr Erwachsene 1000 Teile K\u00fcrti Andrea &#8211; Die Froschprinzessin"}]},{"@type":"WebSite","@id":"https:\/\/business.roovi.com\/de\/#website","url":"https:\/\/business.roovi.com\/de\/","name":"Roovi B2B","description":"Roovi Business Website","potentialAction":[{"@type":"SearchAction","target":{"@type":"EntryPoint","urlTemplate":"https:\/\/business.roovi.com\/de\/?s={search_term_string}"},"query-input":"required name=search_term_string"}],"inLanguage":"de"}]}},"_links":{"self":[{"href":"https:\/\/business.roovi.com\/de\/wp-json\/wp\/v2\/product\/41946","targetHints":{"allow":["GET"]}}],"collection":[{"href":"https:\/\/business.roovi.com\/de\/wp-json\/wp\/v2\/product"}],"about":[{"href":"https:\/\/business.roovi.com\/de\/wp-json\/wp\/v2\/types\/product"}],"version-history":[{"count":0,"href":"https:\/\/business.roovi.com\/de\/wp-json\/wp\/v2\/product\/41946\/revisions"}],"wp:featuredmedia":[{"embeddable":true,"href":"https:\/\/business.roovi.com\/de\/wp-json\/wp\/v2\/media\/35032"}],"wp:attachment":[{"href":"https:\/\/business.roovi.com\/de\/wp-json\/wp\/v2\/media?parent=41946"}],"wp:term":[{"taxonomy":"product_brand","embeddable":true,"href":"https:\/\/business.roovi.com\/de\/wp-json\/wp\/v2\/product_brand?post=41946"},{"taxonomy":"product_cat","embeddable":true,"href":"https:\/\/business.roovi.com\/de\/wp-json\/wp\/v2\/product_cat?post=41946"},{"taxonomy":"product_tag","embeddable":true,"href":"https:\/\/business.roovi.com\/de\/wp-json\/wp\/v2\/product_tag?post=41946"}],"curies":[{"name":"wp","href":"https:\/\/api.w.org\/{rel}","templated":true}]}}