{"id":41950,"date":"2018-04-16T10:56:17","date_gmt":"2018-04-16T10:56:17","guid":{"rendered":"https:\/\/business.roovi.com\/puzzle-adulti-1000-piese-kurti-andrea-arabian-nights-o-mie-si-una-de-nopti\/p\/"},"modified":"2022-07-06T18:24:14","modified_gmt":"2022-07-06T18:24:14","slug":"1000-teile-puzzle-fur-erwachsene-kurti-andrea-tausendundeine-nacht-arabian-nights","status":"publish","type":"product","link":"https:\/\/business.roovi.com\/de\/1000-teile-puzzle-fur-erwachsene-kurti-andrea-tausendundeine-nacht-arabian-nights\/p\/","title":{"rendered":"1000 Teile Puzzle f\u00fcr Erwachsene K\u00fcrti Andrea &#8211; Tausendundeine Nacht\/ Arabian Nights"},"content":{"rendered":"<p><span style=\"font-weight: 400\">Wenn du Puzzles liebst und dich an den Zauber der Geschichten aus <em>Tausendundeiner Nacht<\/em> erinnern willst <em>, dann ist das<\/em> 1000-teilige Puzzlespiel <\/span><span style=\"font-weight: 400\">Das R\u00e4tsel von Arabian Nights wird dich begeistern.<\/span><\/p>\n<p><span style=\"font-weight: 400\">Eine geheimnisvolle Prinzessin, die eine verzauberte Lampe h\u00e4lt, und der niedliche Aladdin, der auf dem Zauberteppich im Hintergrund schwebt &#8211; das ist die Illustration, die der K\u00fcnstler K\u00fcrti Andrea f\u00fcr dieses wunderbare 1000-Teile-Puzzle entworfen hat.<\/span><\/p>\n<p><span style=\"font-weight: 400\">Haben die Geschichten aus <em>Tausendundeiner Nacht<\/em> deine Kinderjahre verzaubert? Erlebe das Geheimnis der ber\u00fchmten M\u00e4rchen mit diesem wundersch\u00f6n gestalteten Puzzle f\u00fcr Erwachsene neu <\/span><\/p>\n<p><span style=\"font-weight: 400\">Du kannst das Bild mit deinen Kindern nachspielen, indem du die magischen Geschichten nacherz\u00e4hlst oder sie ermutigst, sich an Szenen daraus zu erinnern. Gemeinsam werdet ihr ein tolles Bild und wertvolle Erinnerungen schaffen, die euch geistig bereichern werden.<\/span><\/p>\n<p><strong>Warum solltest du dich f\u00fcr das 1000-Teile-Puzzle Arabian Nights entscheiden?<\/strong><\/p>\n<p><span style=\"font-weight: 400\">Erstelle ein spektakul\u00e4res Gem\u00e4lde aus 1000 Puzzleteilen mit den Ma\u00dfen 50 x 70 cm.<\/span><\/p>\n<p><span style=\"font-weight: 400\">Er ist aus hochwertigem blauen Karton gefertigt.<\/span><\/p>\n<p><span style=\"font-weight: 400\">Es ist mehrfach verwendbar und du kannst es zusammenbauen, wann immer du willst, ohne Angst zu haben, dass das Bild besch\u00e4digt wird.<\/span><\/p>\n<p><span style=\"font-weight: 400\">Es ist ein Puzzle f\u00fcr Erwachsene, das aus recycelbaren, nachhaltigen Materialien hergestellt wird.<\/span><\/p>\n<p><span style=\"font-weight: 400\">Es hat eine halbgl\u00e4nzende Oberfl\u00e4che in leuchtenden Farben.<\/span><\/p>\n<p><span style=\"font-weight: 400\">Es ist f\u00fcr Personen ab 14 Jahren geeignet, eine Gelegenheit, deine Leidenschaft f\u00fcr Puzzlespiele mit deinen Kindern im Teenageralter zu teilen.<\/span><\/p>\n<p><span style=\"font-weight: 400\">Puzzlespiele helfen dir, viele F\u00e4higkeiten zu entwickeln, die sich in vielen Aspekten deines t\u00e4glichen Lebens und deiner Aktivit\u00e4ten widerspiegeln:<\/span><\/p>\n<ul>\n<li><span style=\"font-weight: 400\">Beharrlichkeit<\/span><\/li>\n<li><span style=\"font-weight: 400\">Liebe zum Detail<\/span><\/li>\n<li><span style=\"font-weight: 400\">Geschicklichkeit<\/span><\/li>\n<li><span style=\"font-weight: 400\">Hand-Augen-Koordination<\/span><\/li>\n<li><span style=\"font-weight: 400\">Logisches Denken<\/span><\/li>\n<li><span style=\"font-weight: 400\">Speicher.<\/span><\/li>\n<\/ul>\n<p><strong>Wusstest du, dass&#8230;?<\/strong><\/p>\n<p><span style=\"font-weight: 400\">Originalarbeit <\/span><em><span style=\"font-weight: 400\">Tausendundeine Nacht<\/span><\/em><span style=\"font-weight: 400\"> ist ein altes persisches Buch namens <\/span><em><span style=\"font-weight: 400\">Haz\u0101r Afs\u0101n<\/span><\/em> <span style=\"font-weight: 400\">die viele blutige Geschichten enthielt, die in den europ\u00e4ischen \u00dcbersetzungen entfernt wurden.<\/span><\/p>\n<p><span style=\"font-weight: 400\">Die ber\u00fchmte Figur Aladdin stammt aus China und nicht aus arabischen L\u00e4ndern und war auch nicht im persischen Buch enthalten.<\/span><\/p>\n<p><span style=\"font-weight: 400\">Die Geschichte von Aladdin, sowie einige der bekanntesten Geschichten aus <\/span><em><span style=\"font-weight: 400\">Tausendundeine Nacht,<\/span><\/em><span style=\"font-weight: 400\"> (zum Beispiel:<\/span><span style=\"font-weight: 400\"> &#8222;Ali Baba und die 40 Diebe&#8220;) gab es in der arabischen Originalausgabe nicht, sie wurden von europ\u00e4ischen \u00dcbersetzern in die Sammlung aufgenommen.<\/span><\/p>\n<p><span style=\"font-weight: 400\">Im Jahr 1885 wurde eine unzensierte Ausgabe der Geschichten mit obsz\u00f6nen Szenen und expliziten sexuellen Anspielungen auf Englisch von <\/span><span style=\"font-weight: 400\">Richard Francis Burton.<\/span><\/p>\n<p><strong>Arabian Nights 1000 Teile Puzzle &#8211; gestalte dein eigenes Kunstwerk<\/strong><\/p>\n<p><span style=\"font-weight: 400\">Die Leidenschaft f\u00fcr Puzzles entwickelt mehrere F\u00e4higkeiten, einschlie\u00dflich der F\u00e4higkeit, dekorative Objekte in Form von Gem\u00e4lden zu schaffen. Lege die Teile des 1000 Teile Tausendundeine Nacht Puzzles akribisch zusammen und erhalte dein erstes Kunstgem\u00e4lde. Feiere deine harte Arbeit, indem du das beeindruckende Bild, das du mit deinen eigenen H\u00e4nden geschaffen hast, einrahmst und bewundere dein Werk jeden Tag.<\/span><\/p>\n<p><span style=\"font-weight: 400\">Das 1000-Teile-Puzzle aus Tausendundeiner Nacht kann auch eine Gelegenheit sein, sich mit Freunden zu treffen. Br\u00fche den besten aromatisierten Tee auf, den du in deiner Speisekammer hast, und lade deine Freunde zu einer R\u00e4tselstunde ein. Ihr werdet viele Stunden voller Spa\u00df und Entspannung miteinander verbringen und unvergessliche Erinnerungen schaffen, die eure Seele noch jahrelang erfreuen werden.<\/span><\/p>\n<p><span style=\"font-weight: 400\">Entscheide dich f\u00fcr das 1000-Teile-Puzzle von Arabian Nights und bewahre es im Haus auf, wenn du die Monotonie durchbrechen und deine Ausdauer auf die Probe stellen willst. Oder verschenke sie an liebe Menschen zum Geburtstag oder zu den Feiertagen.<\/span><\/p><\/p>\n","protected":false},"excerpt":{"rendered":"<p>Wenn du Puzzles liebst und dich an den Zauber der Geschichten aus Tausendundeiner Nacht erinnern willst , dann ist das<\/p>\n","protected":false},"featured_media":35046,"template":"","meta":[],"product_brand":[],"product_cat":[1916,1875,1915],"product_tag":[],"class_list":{"0":"post-41950","1":"product","2":"type-product","3":"status-publish","4":"has-post-thumbnail","6":"product_cat-1000-teile-puzzle","7":"product_cat-puzzle-de","8":"product_cat-puzzlespiele-fur-erwachsene","9":"pa_bax-10-de","10":"pa_brand-d_toys-de","11":"pa_country_of_manufacture-ro-de","12":"pa_filter_age-14-de","13":"pa_painter-kurtiandrea-de","14":"pa_tip_ambalaj-kasten-a4-de","15":"pa_tip_puzzle-klassisch","17":"first","18":"instock","19":"taxable","20":"shipping-taxable","21":"product-type-simple"},"yoast_head":"<!-- This site is optimized with the Yoast SEO plugin v20.1 - https:\/\/yoast.com\/wordpress\/plugins\/seo\/ -->\n<title>1000 Teile Puzzle f\u00fcr Erwachsene K\u00fcrti Andrea - Tausendundeine Nacht\/ Arabian Nights<\/title>\n<meta name=\"description\" content=\"1000 Teile Puzzle f\u00fcr Erwachsene K\u00fcrti Andrea - Tausendundeine Nacht\/ Arabian Nights\" \/>\n<meta name=\"robots\" content=\"index, follow, max-snippet:-1, max-image-preview:large, max-video-preview:-1\" \/>\n<link rel=\"canonical\" href=\"https:\/\/business.roovi.com\/de\/1000-teile-puzzle-fur-erwachsene-kurti-andrea-tausendundeine-nacht-arabian-nights\/p\/\" \/>\n<meta property=\"og:locale\" content=\"de_DE\" \/>\n<meta property=\"og:type\" content=\"article\" \/>\n<meta property=\"og:title\" content=\"1000 Teile Puzzle f\u00fcr Erwachsene K\u00fcrti Andrea - Tausendundeine Nacht\/ Arabian Nights\" \/>\n<meta property=\"og:description\" content=\"1000 Teile Puzzle f\u00fcr Erwachsene K\u00fcrti Andrea - Tausendundeine Nacht\/ Arabian Nights\" \/>\n<meta property=\"og:url\" content=\"https:\/\/business.roovi.com\/de\/1000-teile-puzzle-fur-erwachsene-kurti-andrea-tausendundeine-nacht-arabian-nights\/p\/\" \/>\n<meta property=\"og:site_name\" content=\"Roovi B2B\" \/>\n<meta property=\"article:publisher\" content=\"https:\/\/www.facebook.com\/wwwjucariero\" \/>\n<meta property=\"article:modified_time\" content=\"2022-07-06T18:24:14+00:00\" \/>\n<meta property=\"og:image\" content=\"https:\/\/business.roovi.com\/wp-content\/uploads\/2018\/04\/72870-3_ansamblu_dimensiuni_cutie_cm_vertical_1200x1200.png\" \/>\n\t<meta property=\"og:image:width\" content=\"1200\" \/>\n\t<meta property=\"og:image:height\" content=\"1200\" \/>\n\t<meta property=\"og:image:type\" content=\"image\/png\" \/>\n<meta name=\"twitter:label1\" content=\"Gesch\u00e4tzte Lesezeit\" \/>\n\t<meta name=\"twitter:data1\" content=\"3\u00a0Minuten\" \/>\n<script type=\"application\/ld+json\" class=\"yoast-schema-graph\">{\"@context\":\"https:\/\/schema.org\",\"@graph\":[{\"@type\":\"WebPage\",\"@id\":\"https:\/\/business.roovi.com\/de\/1000-teile-puzzle-fur-erwachsene-kurti-andrea-tausendundeine-nacht-arabian-nights\/p\/\",\"url\":\"https:\/\/business.roovi.com\/de\/1000-teile-puzzle-fur-erwachsene-kurti-andrea-tausendundeine-nacht-arabian-nights\/p\/\",\"name\":\"1000 Teile Puzzle f\u00fcr Erwachsene K\u00fcrti Andrea - Tausendundeine Nacht\/ Arabian Nights\",\"isPartOf\":{\"@id\":\"https:\/\/business.roovi.com\/de\/#website\"},\"datePublished\":\"2018-04-16T10:56:17+00:00\",\"dateModified\":\"2022-07-06T18:24:14+00:00\",\"description\":\"1000 Teile Puzzle f\u00fcr Erwachsene K\u00fcrti Andrea - Tausendundeine Nacht\/ Arabian Nights\",\"breadcrumb\":{\"@id\":\"https:\/\/business.roovi.com\/de\/1000-teile-puzzle-fur-erwachsene-kurti-andrea-tausendundeine-nacht-arabian-nights\/p\/#breadcrumb\"},\"inLanguage\":\"de\",\"potentialAction\":[{\"@type\":\"ReadAction\",\"target\":[\"https:\/\/business.roovi.com\/de\/1000-teile-puzzle-fur-erwachsene-kurti-andrea-tausendundeine-nacht-arabian-nights\/p\/\"]}]},{\"@type\":\"BreadcrumbList\",\"@id\":\"https:\/\/business.roovi.com\/de\/1000-teile-puzzle-fur-erwachsene-kurti-andrea-tausendundeine-nacht-arabian-nights\/p\/#breadcrumb\",\"itemListElement\":[{\"@type\":\"ListItem\",\"position\":1,\"name\":\"Home\",\"item\":\"https:\/\/business.roovi.com\/de\/\"},{\"@type\":\"ListItem\",\"position\":2,\"name\":\"Shop\",\"item\":\"https:\/\/business.roovi.com\/de\/shop\/\"},{\"@type\":\"ListItem\",\"position\":3,\"name\":\"1000 Teile Puzzle f\u00fcr Erwachsene K\u00fcrti Andrea &#8211; Tausendundeine Nacht\/ Arabian Nights\"}]},{\"@type\":\"WebSite\",\"@id\":\"https:\/\/business.roovi.com\/de\/#website\",\"url\":\"https:\/\/business.roovi.com\/de\/\",\"name\":\"Roovi B2B\",\"description\":\"Roovi Business Website\",\"potentialAction\":[{\"@type\":\"SearchAction\",\"target\":{\"@type\":\"EntryPoint\",\"urlTemplate\":\"https:\/\/business.roovi.com\/de\/?s={search_term_string}\"},\"query-input\":\"required name=search_term_string\"}],\"inLanguage\":\"de\"}]}<\/script>\n<!-- \/ Yoast SEO plugin. -->","yoast_head_json":{"title":"1000 Teile Puzzle f\u00fcr Erwachsene K\u00fcrti Andrea - Tausendundeine Nacht\/ Arabian Nights","description":"1000 Teile Puzzle f\u00fcr Erwachsene K\u00fcrti Andrea - Tausendundeine Nacht\/ Arabian Nights","robots":{"index":"index","follow":"follow","max-snippet":"max-snippet:-1","max-image-preview":"max-image-preview:large","max-video-preview":"max-video-preview:-1"},"canonical":"https:\/\/business.roovi.com\/de\/1000-teile-puzzle-fur-erwachsene-kurti-andrea-tausendundeine-nacht-arabian-nights\/p\/","og_locale":"de_DE","og_type":"article","og_title":"1000 Teile Puzzle f\u00fcr Erwachsene K\u00fcrti Andrea - Tausendundeine Nacht\/ Arabian Nights","og_description":"1000 Teile Puzzle f\u00fcr Erwachsene K\u00fcrti Andrea - Tausendundeine Nacht\/ Arabian Nights","og_url":"https:\/\/business.roovi.com\/de\/1000-teile-puzzle-fur-erwachsene-kurti-andrea-tausendundeine-nacht-arabian-nights\/p\/","og_site_name":"Roovi B2B","article_publisher":"https:\/\/www.facebook.com\/wwwjucariero","article_modified_time":"2022-07-06T18:24:14+00:00","og_image":[{"width":1200,"height":1200,"url":"https:\/\/business.roovi.com\/wp-content\/uploads\/2018\/04\/72870-3_ansamblu_dimensiuni_cutie_cm_vertical_1200x1200.png","type":"image\/png"}],"twitter_misc":{"Gesch\u00e4tzte Lesezeit":"3\u00a0Minuten"},"schema":{"@context":"https:\/\/schema.org","@graph":[{"@type":"WebPage","@id":"https:\/\/business.roovi.com\/de\/1000-teile-puzzle-fur-erwachsene-kurti-andrea-tausendundeine-nacht-arabian-nights\/p\/","url":"https:\/\/business.roovi.com\/de\/1000-teile-puzzle-fur-erwachsene-kurti-andrea-tausendundeine-nacht-arabian-nights\/p\/","name":"1000 Teile Puzzle f\u00fcr Erwachsene K\u00fcrti Andrea - Tausendundeine Nacht\/ Arabian Nights","isPartOf":{"@id":"https:\/\/business.roovi.com\/de\/#website"},"datePublished":"2018-04-16T10:56:17+00:00","dateModified":"2022-07-06T18:24:14+00:00","description":"1000 Teile Puzzle f\u00fcr Erwachsene K\u00fcrti Andrea - Tausendundeine Nacht\/ Arabian Nights","breadcrumb":{"@id":"https:\/\/business.roovi.com\/de\/1000-teile-puzzle-fur-erwachsene-kurti-andrea-tausendundeine-nacht-arabian-nights\/p\/#breadcrumb"},"inLanguage":"de","potentialAction":[{"@type":"ReadAction","target":["https:\/\/business.roovi.com\/de\/1000-teile-puzzle-fur-erwachsene-kurti-andrea-tausendundeine-nacht-arabian-nights\/p\/"]}]},{"@type":"BreadcrumbList","@id":"https:\/\/business.roovi.com\/de\/1000-teile-puzzle-fur-erwachsene-kurti-andrea-tausendundeine-nacht-arabian-nights\/p\/#breadcrumb","itemListElement":[{"@type":"ListItem","position":1,"name":"Home","item":"https:\/\/business.roovi.com\/de\/"},{"@type":"ListItem","position":2,"name":"Shop","item":"https:\/\/business.roovi.com\/de\/shop\/"},{"@type":"ListItem","position":3,"name":"1000 Teile Puzzle f\u00fcr Erwachsene K\u00fcrti Andrea &#8211; Tausendundeine Nacht\/ Arabian Nights"}]},{"@type":"WebSite","@id":"https:\/\/business.roovi.com\/de\/#website","url":"https:\/\/business.roovi.com\/de\/","name":"Roovi B2B","description":"Roovi Business Website","potentialAction":[{"@type":"SearchAction","target":{"@type":"EntryPoint","urlTemplate":"https:\/\/business.roovi.com\/de\/?s={search_term_string}"},"query-input":"required name=search_term_string"}],"inLanguage":"de"}]}},"_links":{"self":[{"href":"https:\/\/business.roovi.com\/de\/wp-json\/wp\/v2\/product\/41950","targetHints":{"allow":["GET"]}}],"collection":[{"href":"https:\/\/business.roovi.com\/de\/wp-json\/wp\/v2\/product"}],"about":[{"href":"https:\/\/business.roovi.com\/de\/wp-json\/wp\/v2\/types\/product"}],"version-history":[{"count":0,"href":"https:\/\/business.roovi.com\/de\/wp-json\/wp\/v2\/product\/41950\/revisions"}],"wp:featuredmedia":[{"embeddable":true,"href":"https:\/\/business.roovi.com\/de\/wp-json\/wp\/v2\/media\/35046"}],"wp:attachment":[{"href":"https:\/\/business.roovi.com\/de\/wp-json\/wp\/v2\/media?parent=41950"}],"wp:term":[{"taxonomy":"product_brand","embeddable":true,"href":"https:\/\/business.roovi.com\/de\/wp-json\/wp\/v2\/product_brand?post=41950"},{"taxonomy":"product_cat","embeddable":true,"href":"https:\/\/business.roovi.com\/de\/wp-json\/wp\/v2\/product_cat?post=41950"},{"taxonomy":"product_tag","embeddable":true,"href":"https:\/\/business.roovi.com\/de\/wp-json\/wp\/v2\/product_tag?post=41950"}],"curies":[{"name":"wp","href":"https:\/\/api.w.org\/{rel}","templated":true}]}}