{"id":41954,"date":"2018-04-16T10:56:17","date_gmt":"2018-04-16T10:56:17","guid":{"rendered":"https:\/\/business.roovi.com\/puzzle-adulti-1000-piese-kurti-andrea-sleeping-beautyfrumoasa-adormita\/p\/"},"modified":"2022-10-18T09:17:55","modified_gmt":"2022-10-18T09:17:55","slug":"1000-teile-puzzle-fur-erwachsene-kurti-andrea-dornroschen","status":"publish","type":"product","link":"https:\/\/business.roovi.com\/de\/1000-teile-puzzle-fur-erwachsene-kurti-andrea-dornroschen\/p\/","title":{"rendered":"1000-Teile-Puzzle f\u00fcr Erwachsene K\u00fcrti Andrea &#8211; Dornr\u00f6schen"},"content":{"rendered":"<p><span style=\"font-weight: 400;\">Hast du als Kind nicht auch M\u00e4rchen \u00fcber Prinzen und Prinzessinnen geliebt und mit angehaltenem Atem auf das Happy End gewartet? Erlebe die Magie der Kindheit mit dem 1000-teiligen Puzzle von Dornr\u00f6schen wieder: eine fabelhafte Illustration voller Farbe und positiver Energie von der K\u00fcnstlerin K\u00fcrti Andrea.<\/span><\/p>\n<p><span style=\"font-weight: 400;\">Es wurden schon so viele Bilder von Szenen aus dem klassischen Dornr\u00f6schen-M\u00e4rchen geschrieben und kreiert, dass man meinen k\u00f6nnte, dass dich nichts mehr \u00fcberraschen kann. Aber der Moment, in dem du dieses erstaunliche 1000-Teile-Puzzle \u00f6ffnest, ist magisch, und die originelle Vision des K\u00fcnstlers K\u00fcrti Andrea weckt Nostalgie aus der Kindheit.<\/span><\/p>\n<p><span style=\"font-weight: 400;\">Die durchsichtige Szene von Dornr\u00f6schen fordert deine Vorstellungskraft und dein Durchhalteverm\u00f6gen heraus. Beobachte jedes Detail, finde die richtigen Teile und erstelle ein kunstvolles Gem\u00e4lde in leuchtenden Farben. Beziehe auch deine Kinder im Teenageralter in die Fantasiegeschichte ein. Sie werden wunderbare Momente miteinander verbringen.<\/span><\/p>\n<p><strong>Warum solltest du dich f\u00fcr das 1000-teilige Dornr\u00f6schen-Puzzle entscheiden?<\/strong><\/p>\n<ul>\n<li><span style=\"font-weight: 400;\">Du hast die einmalige Gelegenheit, ein 50 x 70 cm gro\u00dfes Kunstwerk zu erstellen.<\/span><\/li>\n<li><span style=\"font-weight: 400;\">Es ist ein 1000-teiliges Puzzle aus hochwertiger blauer Pappe.<\/span><\/li>\n<li><span style=\"font-weight: 400;\">Es ist aus nachhaltigen, recycelbaren Materialien hergestellt<\/span><\/li>\n<li><span style=\"font-weight: 400;\">Es h\u00e4lt lange, du kannst es also so oft wiederverwenden, wie du willst, und die Bildqualit\u00e4t ist jedes Mal tadellos, wenn du es benutzt.<\/span><\/li>\n<li><span style=\"font-weight: 400;\">Es hat eine halbgl\u00e4nzende Oberfl\u00e4che in angenehmen Farben.<\/span><\/li>\n<li><span style=\"font-weight: 400;\">Empfohlen ab 14 Jahren &#8211; eine gute Gelegenheit, es mit deinen Kindern im Teenageralter zusammenzustellen.<\/span><\/li>\n<\/ul>\n<p><span style=\"font-weight: 400;\">Au\u00dferdem kannst du mit diesem wunderbaren 1000-Teile-Puzzle erstaunliche Vorteile genie\u00dfen:<\/span><\/p>\n<p><span style=\"font-weight: 400;\">Du schaltest von den Alltagsproblemen ab und tauchst in eine fantastische M\u00e4rchenwelt ein.<\/span><\/p>\n<p><span style=\"font-weight: 400;\">Du kultivierst deine Leidenschaft f\u00fcr Puzzlespiele und verbesserst deine F\u00e4higkeiten beim Bildermachen.<\/span><\/p>\n<p><span style=\"font-weight: 400;\">Es ist eine gute Gelegenheit, die Beziehung zu deinen Kindern im Teenageralter zu st\u00e4rken.<\/span><\/p>\n<p><span style=\"font-weight: 400;\">Du kannst das Bild, das du mit ihnen gemacht hast, einrahmen und in ihrem Zimmer aufh\u00e4ngen, um die Erinnerungen an die guten Zeiten, die ihr zusammen hattet, lebendig zu halten.<\/span><\/p>\n<p><span style=\"font-weight: 400;\">Gemeinsam mit deinen Kindern kannst du deine Geduld und Aufmerksamkeit f\u00fcr Details trainieren.<\/span><\/p>\n<p><strong>Wusstest du, dass&#8230;?<\/strong><\/p>\n<p><span style=\"font-weight: 400;\">Die fr\u00fcheste Version der Dornr\u00f6schengeschichte stammt aus den Jahren 1330-1344.<\/span><\/p>\n<p><span style=\"font-weight: 400;\">Walt Disney brauchte sechs Jahre und 6 Millionen Dollar, um den ber\u00fchmten Zeichentrickfilm <\/span><em><span style=\"font-weight: 400;\">Dornr\u00f6schen<\/span><\/em><span style=\"font-weight: 400;\"> im Jahr 1959.<\/span><\/p>\n<p><span style=\"font-weight: 400;\">Die eifrigsten Feministinnen sind der Meinung, dass diese Geschichte nicht erz\u00e4hlt werden sollte, weil sie die Passivit\u00e4t der Frauen hervorhebt.<\/span><\/p>\n<p><span style=\"font-weight: 400;\"> Trotz der Kontroverse ist Dornr\u00f6schen eine st\u00e4ndige Inspirationsquelle f\u00fcr Schriftsteller, Maler, Filmemacher und sogar Videospielentwickler.<\/span><\/p>\n<p><strong>Das 1000-Teile-Puzzle von Dornr\u00f6schen f\u00fchrt dich auf m\u00e4rchenhafte Pfade<\/strong><\/p>\n<p><span style=\"font-weight: 400;\">Wenn du das 1000-teilige Dornr\u00f6schen-Puzzle zusammensetzt, betrittst du das Tor zur faszinierenden Welt der klassischen M\u00e4rchen. Deine Vorstellungskraft kennt keine Grenzen, es ist genau wie damals, als du ein Kind warst und du dir beim Lesen des Textes den Film der Geschichte vorstellst und die Szenen mit maximaler Intensit\u00e4t erlebst.<\/span><\/p>\n<p><span style=\"font-weight: 400;\">Das Sch\u00f6ne an diesem Puzzlespiel ist die totale Entspannung und Losgel\u00f6stheit, die es dir gibt. Erlebe diese tolle Aktivit\u00e4t und lade deine Batterien mit viel positiver Energie und hohen Schwingungen auf.<\/span><\/p>\n<p><span style=\"font-weight: 400;\">Das 1000-teilige Dornr\u00f6schen-Puzzle kann im Haus aufbewahrt und immer wieder gespielt werden, wenn die Monotonie deine Freizeit einnimmt. Du kannst sie auch f\u00fcr liebe Freunde zu Feiertagen oder Geburtstagen kaufen.<\/span><\/p>\n","protected":false},"excerpt":{"rendered":"<p>Hast du als Kind nicht auch M\u00e4rchen \u00fcber Prinzen und Prinzessinnen geliebt und mit angehaltenem Atem auf das Happy End<\/p>\n","protected":false},"featured_media":35060,"template":"","meta":[],"product_brand":[],"product_cat":[1916,1875,1915],"product_tag":[],"class_list":{"0":"post-41954","1":"product","2":"type-product","3":"status-publish","4":"has-post-thumbnail","6":"product_cat-1000-teile-puzzle","7":"product_cat-puzzle-de","8":"product_cat-puzzlespiele-fur-erwachsene","9":"pa_bax-10-de","10":"pa_brand-d_toys-de","11":"pa_country_of_manufacture-ro-de","12":"pa_filter_age-14-de","13":"pa_painter-kurtiandrea-de","14":"pa_tip_ambalaj-kasten-a4-de","15":"pa_tip_puzzle-klassisch","17":"first","18":"instock","19":"taxable","20":"shipping-taxable","21":"product-type-simple"},"yoast_head":"<!-- This site is optimized with the Yoast SEO plugin v20.1 - https:\/\/yoast.com\/wordpress\/plugins\/seo\/ -->\n<title>1000-Teile-Puzzle f\u00fcr Erwachsene K\u00fcrti Andrea - Dornr\u00f6schen<\/title>\n<meta name=\"description\" content=\"1000-Teile-Puzzle f\u00fcr Erwachsene K\u00fcrti Andrea - Dornr\u00f6schen\" \/>\n<meta name=\"robots\" content=\"index, follow, max-snippet:-1, max-image-preview:large, max-video-preview:-1\" \/>\n<link rel=\"canonical\" href=\"https:\/\/business.roovi.com\/de\/1000-teile-puzzle-fur-erwachsene-kurti-andrea-dornroschen\/p\/\" \/>\n<meta property=\"og:locale\" content=\"de_DE\" \/>\n<meta property=\"og:type\" content=\"article\" \/>\n<meta property=\"og:title\" content=\"1000-Teile-Puzzle f\u00fcr Erwachsene K\u00fcrti Andrea - Dornr\u00f6schen\" \/>\n<meta property=\"og:description\" content=\"1000-Teile-Puzzle f\u00fcr Erwachsene K\u00fcrti Andrea - Dornr\u00f6schen\" \/>\n<meta property=\"og:url\" content=\"https:\/\/business.roovi.com\/de\/1000-teile-puzzle-fur-erwachsene-kurti-andrea-dornroschen\/p\/\" \/>\n<meta property=\"og:site_name\" content=\"Roovi B2B\" \/>\n<meta property=\"article:publisher\" content=\"https:\/\/www.facebook.com\/wwwjucariero\" \/>\n<meta property=\"article:modified_time\" content=\"2022-10-18T09:17:55+00:00\" \/>\n<meta property=\"og:image\" content=\"https:\/\/business.roovi.com\/wp-content\/uploads\/2018\/04\/72870-4_ansamblu_dimensiuni_cutie_cm_vertical_1200x1200.png\" \/>\n\t<meta property=\"og:image:width\" content=\"1200\" \/>\n\t<meta property=\"og:image:height\" content=\"1200\" \/>\n\t<meta property=\"og:image:type\" content=\"image\/png\" \/>\n<meta name=\"twitter:label1\" content=\"Gesch\u00e4tzte Lesezeit\" \/>\n\t<meta name=\"twitter:data1\" content=\"3\u00a0Minuten\" \/>\n<script type=\"application\/ld+json\" class=\"yoast-schema-graph\">{\"@context\":\"https:\/\/schema.org\",\"@graph\":[{\"@type\":\"WebPage\",\"@id\":\"https:\/\/business.roovi.com\/de\/1000-teile-puzzle-fur-erwachsene-kurti-andrea-dornroschen\/p\/\",\"url\":\"https:\/\/business.roovi.com\/de\/1000-teile-puzzle-fur-erwachsene-kurti-andrea-dornroschen\/p\/\",\"name\":\"1000-Teile-Puzzle f\u00fcr Erwachsene K\u00fcrti Andrea - Dornr\u00f6schen\",\"isPartOf\":{\"@id\":\"https:\/\/business.roovi.com\/de\/#website\"},\"datePublished\":\"2018-04-16T10:56:17+00:00\",\"dateModified\":\"2022-10-18T09:17:55+00:00\",\"description\":\"1000-Teile-Puzzle f\u00fcr Erwachsene K\u00fcrti Andrea - Dornr\u00f6schen\",\"breadcrumb\":{\"@id\":\"https:\/\/business.roovi.com\/de\/1000-teile-puzzle-fur-erwachsene-kurti-andrea-dornroschen\/p\/#breadcrumb\"},\"inLanguage\":\"de\",\"potentialAction\":[{\"@type\":\"ReadAction\",\"target\":[\"https:\/\/business.roovi.com\/de\/1000-teile-puzzle-fur-erwachsene-kurti-andrea-dornroschen\/p\/\"]}]},{\"@type\":\"BreadcrumbList\",\"@id\":\"https:\/\/business.roovi.com\/de\/1000-teile-puzzle-fur-erwachsene-kurti-andrea-dornroschen\/p\/#breadcrumb\",\"itemListElement\":[{\"@type\":\"ListItem\",\"position\":1,\"name\":\"Home\",\"item\":\"https:\/\/business.roovi.com\/de\/\"},{\"@type\":\"ListItem\",\"position\":2,\"name\":\"Shop\",\"item\":\"https:\/\/business.roovi.com\/de\/shop\/\"},{\"@type\":\"ListItem\",\"position\":3,\"name\":\"1000-Teile-Puzzle f\u00fcr Erwachsene K\u00fcrti Andrea &#8211; Dornr\u00f6schen\"}]},{\"@type\":\"WebSite\",\"@id\":\"https:\/\/business.roovi.com\/de\/#website\",\"url\":\"https:\/\/business.roovi.com\/de\/\",\"name\":\"Roovi B2B\",\"description\":\"Roovi Business Website\",\"potentialAction\":[{\"@type\":\"SearchAction\",\"target\":{\"@type\":\"EntryPoint\",\"urlTemplate\":\"https:\/\/business.roovi.com\/de\/?s={search_term_string}\"},\"query-input\":\"required name=search_term_string\"}],\"inLanguage\":\"de\"}]}<\/script>\n<!-- \/ Yoast SEO plugin. -->","yoast_head_json":{"title":"1000-Teile-Puzzle f\u00fcr Erwachsene K\u00fcrti Andrea - Dornr\u00f6schen","description":"1000-Teile-Puzzle f\u00fcr Erwachsene K\u00fcrti Andrea - Dornr\u00f6schen","robots":{"index":"index","follow":"follow","max-snippet":"max-snippet:-1","max-image-preview":"max-image-preview:large","max-video-preview":"max-video-preview:-1"},"canonical":"https:\/\/business.roovi.com\/de\/1000-teile-puzzle-fur-erwachsene-kurti-andrea-dornroschen\/p\/","og_locale":"de_DE","og_type":"article","og_title":"1000-Teile-Puzzle f\u00fcr Erwachsene K\u00fcrti Andrea - Dornr\u00f6schen","og_description":"1000-Teile-Puzzle f\u00fcr Erwachsene K\u00fcrti Andrea - Dornr\u00f6schen","og_url":"https:\/\/business.roovi.com\/de\/1000-teile-puzzle-fur-erwachsene-kurti-andrea-dornroschen\/p\/","og_site_name":"Roovi B2B","article_publisher":"https:\/\/www.facebook.com\/wwwjucariero","article_modified_time":"2022-10-18T09:17:55+00:00","og_image":[{"width":1200,"height":1200,"url":"https:\/\/business.roovi.com\/wp-content\/uploads\/2018\/04\/72870-4_ansamblu_dimensiuni_cutie_cm_vertical_1200x1200.png","type":"image\/png"}],"twitter_misc":{"Gesch\u00e4tzte Lesezeit":"3\u00a0Minuten"},"schema":{"@context":"https:\/\/schema.org","@graph":[{"@type":"WebPage","@id":"https:\/\/business.roovi.com\/de\/1000-teile-puzzle-fur-erwachsene-kurti-andrea-dornroschen\/p\/","url":"https:\/\/business.roovi.com\/de\/1000-teile-puzzle-fur-erwachsene-kurti-andrea-dornroschen\/p\/","name":"1000-Teile-Puzzle f\u00fcr Erwachsene K\u00fcrti Andrea - Dornr\u00f6schen","isPartOf":{"@id":"https:\/\/business.roovi.com\/de\/#website"},"datePublished":"2018-04-16T10:56:17+00:00","dateModified":"2022-10-18T09:17:55+00:00","description":"1000-Teile-Puzzle f\u00fcr Erwachsene K\u00fcrti Andrea - Dornr\u00f6schen","breadcrumb":{"@id":"https:\/\/business.roovi.com\/de\/1000-teile-puzzle-fur-erwachsene-kurti-andrea-dornroschen\/p\/#breadcrumb"},"inLanguage":"de","potentialAction":[{"@type":"ReadAction","target":["https:\/\/business.roovi.com\/de\/1000-teile-puzzle-fur-erwachsene-kurti-andrea-dornroschen\/p\/"]}]},{"@type":"BreadcrumbList","@id":"https:\/\/business.roovi.com\/de\/1000-teile-puzzle-fur-erwachsene-kurti-andrea-dornroschen\/p\/#breadcrumb","itemListElement":[{"@type":"ListItem","position":1,"name":"Home","item":"https:\/\/business.roovi.com\/de\/"},{"@type":"ListItem","position":2,"name":"Shop","item":"https:\/\/business.roovi.com\/de\/shop\/"},{"@type":"ListItem","position":3,"name":"1000-Teile-Puzzle f\u00fcr Erwachsene K\u00fcrti Andrea &#8211; Dornr\u00f6schen"}]},{"@type":"WebSite","@id":"https:\/\/business.roovi.com\/de\/#website","url":"https:\/\/business.roovi.com\/de\/","name":"Roovi B2B","description":"Roovi Business Website","potentialAction":[{"@type":"SearchAction","target":{"@type":"EntryPoint","urlTemplate":"https:\/\/business.roovi.com\/de\/?s={search_term_string}"},"query-input":"required name=search_term_string"}],"inLanguage":"de"}]}},"_links":{"self":[{"href":"https:\/\/business.roovi.com\/de\/wp-json\/wp\/v2\/product\/41954","targetHints":{"allow":["GET"]}}],"collection":[{"href":"https:\/\/business.roovi.com\/de\/wp-json\/wp\/v2\/product"}],"about":[{"href":"https:\/\/business.roovi.com\/de\/wp-json\/wp\/v2\/types\/product"}],"version-history":[{"count":0,"href":"https:\/\/business.roovi.com\/de\/wp-json\/wp\/v2\/product\/41954\/revisions"}],"wp:featuredmedia":[{"embeddable":true,"href":"https:\/\/business.roovi.com\/de\/wp-json\/wp\/v2\/media\/35060"}],"wp:attachment":[{"href":"https:\/\/business.roovi.com\/de\/wp-json\/wp\/v2\/media?parent=41954"}],"wp:term":[{"taxonomy":"product_brand","embeddable":true,"href":"https:\/\/business.roovi.com\/de\/wp-json\/wp\/v2\/product_brand?post=41954"},{"taxonomy":"product_cat","embeddable":true,"href":"https:\/\/business.roovi.com\/de\/wp-json\/wp\/v2\/product_cat?post=41954"},{"taxonomy":"product_tag","embeddable":true,"href":"https:\/\/business.roovi.com\/de\/wp-json\/wp\/v2\/product_tag?post=41954"}],"curies":[{"name":"wp","href":"https:\/\/api.w.org\/{rel}","templated":true}]}}