{"id":41958,"date":"2018-04-16T10:56:17","date_gmt":"2018-04-16T10:56:17","guid":{"rendered":"https:\/\/business.roovi.com\/puzzle-adulti-1000-piese-kurti-andrea-tropical-pasari-exotice\/p\/"},"modified":"2022-07-06T18:24:31","modified_gmt":"2022-07-06T18:24:31","slug":"kurti-andrea-1000-teile-puzzle-fur-erwachsene-tropisch-exotische-vogel","status":"publish","type":"product","link":"https:\/\/business.roovi.com\/de\/kurti-andrea-1000-teile-puzzle-fur-erwachsene-tropisch-exotische-vogel\/p\/","title":{"rendered":"K\u00fcrti Andrea 1000 Teile Puzzle f\u00fcr Erwachsene &#8211; Tropisch &#8211; Exotische V\u00f6gel"},"content":{"rendered":"<p><span style=\"font-weight: 400\">Willst du deine Freizeit mit 1000-teiligen Puzzles aufwerten? Wie w\u00e4re es mit einer farbenfrohen und lebendigen Sammlung von tropischen Bilderr\u00e4tseln?<\/span><\/p>\n<p><span style=\"font-weight: 400\">K\u00fcrti Andrea&#8217;s 1000 Teile Puzzle &#8211; Tropical &#8211; Exotische V\u00f6gel ist eines der Puzzlespiele aus der tropischen Puzzlesammlung. Die K\u00fcnstlerin K\u00fcrti Andrea bietet dir ein farbenfrohes Bild, in dem sie sich ein tropisches Universum mit exotischen V\u00f6geln vorgestellt hat.<\/span><\/p>\n<p><span style=\"font-weight: 400\">Zwei bunte Papageien sitzen Seite an Seite auf einem Ast. Unten scheinen drei Tukane auf einem Stuhl zu sitzen. All diese wunderbaren V\u00f6gel befinden sich in einer faszinierenden Umgebung, umgeben von bunter Vegetation. Diese einzigartige Illustration vermittelt einen Hauch von Optimismus und positiver Stimmung.<\/span><\/p>\n<p><span style=\"font-weight: 400\">Die Farbenpracht schreckt dich vielleicht ein bisschen ab, aber mit Geduld und Ausdauer kannst du das ganze Bild nachstellen. Du kannst deine Kinder oder enge Freunde um Hilfe bitten, und du wirst nicht nur ein beeindruckendes Bild, sondern auch ein unvergessliches Gemeinschaftserlebnis haben.<\/span><\/p>\n<p><strong>Warum solltest du dich f\u00fcr das Puzzle 1000 Teile K\u00fcrti Andrea &#8211; Tropical &#8211; Exotische V\u00f6gel entscheiden?<\/strong><\/p>\n<p><span style=\"font-weight: 400\">Aus 1000 Teilen erh\u00e4ltst du ein beeindruckendes Bild im Format 50 x 70 cm.<\/span><\/p>\n<p><span style=\"font-weight: 400\">Es ist ein Puzzle aus hochwertigem, blauem Premium-Karton und damit das perfekte Geschenk f\u00fcr 1000-Teile-Puzzle-Liebhaber.<\/span><\/p>\n<p><span style=\"font-weight: 400\">Er ist naturfreundlich und langlebig, aus nachhaltigen, recycelbaren und langlebigen Materialien hergestellt.<\/span><\/p>\n<p><span style=\"font-weight: 400\">Es hat eine halbgl\u00e4nzende Oberfl\u00e4che und helle, sehr angenehme Farben.<\/span><\/p>\n<p><span style=\"font-weight: 400\">Es ist f\u00fcr Kinder ab 14 Jahren geeignet. Nutze also die Gelegenheit und f\u00fchre deine Kinder im Teenageralter in die Welt der Puzzlespiele ein.<\/span><\/p>\n<p><span style=\"font-weight: 400\">Das 1000-teilige Puzzle von K\u00fcrti Andrea &#8211; Tropical &#8211; Exotic Birds bietet dir tolle Vorteile:<\/span><\/p>\n<ul>\n<li><span style=\"font-weight: 400\">Es hilft dir, dich zu entspannen und dem Alltag zu entfliehen.<\/span><\/li>\n<li><span style=\"font-weight: 400\">Es ist die perfekte Gelegenheit, um sich mit Freunden zu treffen oder mit der Familie enger zusammenzuarbeiten.<\/span><\/li>\n<li><span style=\"font-weight: 400\">Es entwickelt deine Vorstellungskraft und l\u00e4sst dich zu exotischen Zielen reisen.<\/span><\/li>\n<li><span style=\"font-weight: 400\">Du f\u00fchlst dich wie ein echter Detektiv, der in einer exotischen Welt nach der L\u00f6sung eines besonderen Falls sucht.<\/span><\/li>\n<li><span style=\"font-weight: 400\">Es hilft dir, deine Konzentration zu verbessern.<\/span><\/li>\n<\/ul>\n<p><strong>Wusstest du, dass&#8230;?<\/strong><\/p>\n<p><span style=\"font-weight: 400\">Papageien sind monogame V\u00f6gel.<\/span><\/p>\n<p><span style=\"font-weight: 400\">Papageien ern\u00e4hren sich nicht nur von Samen und Pflanzen, sondern auch von Fleisch, sie sind also Allesfresser.<\/span><\/p>\n<p><span style=\"font-weight: 400\">Manche Papageienarten werden bis zu 80 Jahre alt.<\/span><\/p>\n<p><span style=\"font-weight: 400\">Tukane trinken nur selten Wasser, und einige Arten trinken \u00fcberhaupt nicht.<\/span><\/p>\n<p><span style=\"font-weight: 400\">Tukane haben lange Zungen von bis zu 14 cm und ein scharfes Sehverm\u00f6gen.<\/span><\/p>\n<p><span style=\"font-weight: 400\">Im Gegensatz zu Papageien, die l\u00e4nger leben, werden Tukane selten l\u00e4nger als 20 Jahre alt.<\/span><\/p>\n<p><strong>K\u00fcrti Andrea 1000-teiliges Puzzle Exotische V\u00f6gel f\u00fcr die Familie Entspannung<\/strong><\/p>\n<p><span style=\"font-weight: 400\">Wenn du deine Wintertage aufhellen willst, wenn die Sonne schnell untergeht und du viel Zeit drinnen verbringst, ist ein 1000-teiliges Puzzle eine lustige und entspannende Option, die du in Betracht ziehen solltest.<\/span><\/p>\n<p><span style=\"font-weight: 400\">Das kann die perfekte Gelegenheit sein, um Familienbeziehungen zu schwei\u00dfen oder mehr mit deinen Lieben zu kommunizieren. Momente der Entspannung sind immer wohltuend und helfen dir, dich mit deinen Lieben zu verbinden <\/span><\/p>\n<p><span style=\"font-weight: 400\">\u00dcbe die Zusammenarbeit: Tausche Teile aus, male Teile des Bildes in Farbe nach oder suche gemeinsam nach den Teilen, die den Bilderrahmen bilden. Genie\u00dfe den Nervenkitzel, wenn du das letzte St\u00fcck klebst, und setze die Aktivit\u00e4t fort, wann immer du das Bed\u00fcrfnis nach einer kreativen T\u00e4tigkeit versp\u00fcrst. Oder stelle das Bild in den Rahmen und halte die Erinnerung an unvergessliche Familienmomente lebendig.<\/span><\/p>\n<p><span style=\"font-weight: 400\">K\u00fcrti Andrea&#8217;s 1000 Piece Puzzle &#8211; Exotic Birds ist ein tolles Geschenk f\u00fcr verschiedene Geburtstage oder Feiertage f\u00fcr puzzlebegeisterte Freunde.<\/span><\/p><\/p>\n","protected":false},"excerpt":{"rendered":"<p>Willst du deine Freizeit mit 1000-teiligen Puzzles aufwerten? Wie w\u00e4re es mit einer farbenfrohen und lebendigen Sammlung von tropischen Bilderr\u00e4tseln?<\/p>\n","protected":false},"featured_media":35074,"template":"","meta":[],"product_brand":[],"product_cat":[1916,1875,1915],"product_tag":[],"class_list":{"0":"post-41958","1":"product","2":"type-product","3":"status-publish","4":"has-post-thumbnail","6":"product_cat-1000-teile-puzzle","7":"product_cat-puzzle-de","8":"product_cat-puzzlespiele-fur-erwachsene","9":"pa_bax-10-de","10":"pa_brand-d_toys-de","11":"pa_country_of_manufacture-ro-de","12":"pa_filter_age-14-de","13":"pa_painter-kurtiandrea-de","14":"pa_tip_ambalaj-kasten-a4-de","15":"pa_tip_puzzle-klassisch","17":"first","18":"instock","19":"taxable","20":"shipping-taxable","21":"product-type-simple"},"yoast_head":"<!-- This site is optimized with the Yoast SEO plugin v20.1 - https:\/\/yoast.com\/wordpress\/plugins\/seo\/ -->\n<title>K\u00fcrti Andrea 1000 Teile Puzzle f\u00fcr Erwachsene - Tropisch - Exotische V\u00f6gel<\/title>\n<meta name=\"description\" content=\"K\u00fcrti Andrea 1000 Teile Puzzle f\u00fcr Erwachsene - Tropisch - Exotische V\u00f6gel\" \/>\n<meta name=\"robots\" content=\"index, follow, max-snippet:-1, max-image-preview:large, max-video-preview:-1\" \/>\n<link rel=\"canonical\" href=\"https:\/\/business.roovi.com\/de\/kurti-andrea-1000-teile-puzzle-fur-erwachsene-tropisch-exotische-vogel\/p\/\" \/>\n<meta property=\"og:locale\" content=\"de_DE\" \/>\n<meta property=\"og:type\" content=\"article\" \/>\n<meta property=\"og:title\" content=\"K\u00fcrti Andrea 1000 Teile Puzzle f\u00fcr Erwachsene - Tropisch - Exotische V\u00f6gel\" \/>\n<meta property=\"og:description\" content=\"K\u00fcrti Andrea 1000 Teile Puzzle f\u00fcr Erwachsene - Tropisch - Exotische V\u00f6gel\" \/>\n<meta property=\"og:url\" content=\"https:\/\/business.roovi.com\/de\/kurti-andrea-1000-teile-puzzle-fur-erwachsene-tropisch-exotische-vogel\/p\/\" \/>\n<meta property=\"og:site_name\" content=\"Roovi B2B\" \/>\n<meta property=\"article:publisher\" content=\"https:\/\/www.facebook.com\/wwwjucariero\" \/>\n<meta property=\"article:modified_time\" content=\"2022-07-06T18:24:31+00:00\" \/>\n<meta property=\"og:image\" content=\"https:\/\/business.roovi.com\/wp-content\/uploads\/2018\/04\/72887-01_ansamblu_dimensiuni_cutie_1200x1200.png\" \/>\n\t<meta property=\"og:image:width\" content=\"1200\" \/>\n\t<meta property=\"og:image:height\" content=\"1200\" \/>\n\t<meta property=\"og:image:type\" content=\"image\/png\" \/>\n<meta name=\"twitter:label1\" content=\"Gesch\u00e4tzte Lesezeit\" \/>\n\t<meta name=\"twitter:data1\" content=\"3\u00a0Minuten\" \/>\n<script type=\"application\/ld+json\" class=\"yoast-schema-graph\">{\"@context\":\"https:\/\/schema.org\",\"@graph\":[{\"@type\":\"WebPage\",\"@id\":\"https:\/\/business.roovi.com\/de\/kurti-andrea-1000-teile-puzzle-fur-erwachsene-tropisch-exotische-vogel\/p\/\",\"url\":\"https:\/\/business.roovi.com\/de\/kurti-andrea-1000-teile-puzzle-fur-erwachsene-tropisch-exotische-vogel\/p\/\",\"name\":\"K\u00fcrti Andrea 1000 Teile Puzzle f\u00fcr Erwachsene - Tropisch - Exotische V\u00f6gel\",\"isPartOf\":{\"@id\":\"https:\/\/business.roovi.com\/de\/#website\"},\"datePublished\":\"2018-04-16T10:56:17+00:00\",\"dateModified\":\"2022-07-06T18:24:31+00:00\",\"description\":\"K\u00fcrti Andrea 1000 Teile Puzzle f\u00fcr Erwachsene - Tropisch - Exotische V\u00f6gel\",\"breadcrumb\":{\"@id\":\"https:\/\/business.roovi.com\/de\/kurti-andrea-1000-teile-puzzle-fur-erwachsene-tropisch-exotische-vogel\/p\/#breadcrumb\"},\"inLanguage\":\"de\",\"potentialAction\":[{\"@type\":\"ReadAction\",\"target\":[\"https:\/\/business.roovi.com\/de\/kurti-andrea-1000-teile-puzzle-fur-erwachsene-tropisch-exotische-vogel\/p\/\"]}]},{\"@type\":\"BreadcrumbList\",\"@id\":\"https:\/\/business.roovi.com\/de\/kurti-andrea-1000-teile-puzzle-fur-erwachsene-tropisch-exotische-vogel\/p\/#breadcrumb\",\"itemListElement\":[{\"@type\":\"ListItem\",\"position\":1,\"name\":\"Home\",\"item\":\"https:\/\/business.roovi.com\/de\/\"},{\"@type\":\"ListItem\",\"position\":2,\"name\":\"Shop\",\"item\":\"https:\/\/business.roovi.com\/de\/shop\/\"},{\"@type\":\"ListItem\",\"position\":3,\"name\":\"K\u00fcrti Andrea 1000 Teile Puzzle f\u00fcr Erwachsene &#8211; Tropisch &#8211; Exotische V\u00f6gel\"}]},{\"@type\":\"WebSite\",\"@id\":\"https:\/\/business.roovi.com\/de\/#website\",\"url\":\"https:\/\/business.roovi.com\/de\/\",\"name\":\"Roovi B2B\",\"description\":\"Roovi Business Website\",\"potentialAction\":[{\"@type\":\"SearchAction\",\"target\":{\"@type\":\"EntryPoint\",\"urlTemplate\":\"https:\/\/business.roovi.com\/de\/?s={search_term_string}\"},\"query-input\":\"required name=search_term_string\"}],\"inLanguage\":\"de\"}]}<\/script>\n<!-- \/ Yoast SEO plugin. -->","yoast_head_json":{"title":"K\u00fcrti Andrea 1000 Teile Puzzle f\u00fcr Erwachsene - Tropisch - Exotische V\u00f6gel","description":"K\u00fcrti Andrea 1000 Teile Puzzle f\u00fcr Erwachsene - Tropisch - Exotische V\u00f6gel","robots":{"index":"index","follow":"follow","max-snippet":"max-snippet:-1","max-image-preview":"max-image-preview:large","max-video-preview":"max-video-preview:-1"},"canonical":"https:\/\/business.roovi.com\/de\/kurti-andrea-1000-teile-puzzle-fur-erwachsene-tropisch-exotische-vogel\/p\/","og_locale":"de_DE","og_type":"article","og_title":"K\u00fcrti Andrea 1000 Teile Puzzle f\u00fcr Erwachsene - Tropisch - Exotische V\u00f6gel","og_description":"K\u00fcrti Andrea 1000 Teile Puzzle f\u00fcr Erwachsene - Tropisch - Exotische V\u00f6gel","og_url":"https:\/\/business.roovi.com\/de\/kurti-andrea-1000-teile-puzzle-fur-erwachsene-tropisch-exotische-vogel\/p\/","og_site_name":"Roovi B2B","article_publisher":"https:\/\/www.facebook.com\/wwwjucariero","article_modified_time":"2022-07-06T18:24:31+00:00","og_image":[{"width":1200,"height":1200,"url":"https:\/\/business.roovi.com\/wp-content\/uploads\/2018\/04\/72887-01_ansamblu_dimensiuni_cutie_1200x1200.png","type":"image\/png"}],"twitter_misc":{"Gesch\u00e4tzte Lesezeit":"3\u00a0Minuten"},"schema":{"@context":"https:\/\/schema.org","@graph":[{"@type":"WebPage","@id":"https:\/\/business.roovi.com\/de\/kurti-andrea-1000-teile-puzzle-fur-erwachsene-tropisch-exotische-vogel\/p\/","url":"https:\/\/business.roovi.com\/de\/kurti-andrea-1000-teile-puzzle-fur-erwachsene-tropisch-exotische-vogel\/p\/","name":"K\u00fcrti Andrea 1000 Teile Puzzle f\u00fcr Erwachsene - Tropisch - Exotische V\u00f6gel","isPartOf":{"@id":"https:\/\/business.roovi.com\/de\/#website"},"datePublished":"2018-04-16T10:56:17+00:00","dateModified":"2022-07-06T18:24:31+00:00","description":"K\u00fcrti Andrea 1000 Teile Puzzle f\u00fcr Erwachsene - Tropisch - Exotische V\u00f6gel","breadcrumb":{"@id":"https:\/\/business.roovi.com\/de\/kurti-andrea-1000-teile-puzzle-fur-erwachsene-tropisch-exotische-vogel\/p\/#breadcrumb"},"inLanguage":"de","potentialAction":[{"@type":"ReadAction","target":["https:\/\/business.roovi.com\/de\/kurti-andrea-1000-teile-puzzle-fur-erwachsene-tropisch-exotische-vogel\/p\/"]}]},{"@type":"BreadcrumbList","@id":"https:\/\/business.roovi.com\/de\/kurti-andrea-1000-teile-puzzle-fur-erwachsene-tropisch-exotische-vogel\/p\/#breadcrumb","itemListElement":[{"@type":"ListItem","position":1,"name":"Home","item":"https:\/\/business.roovi.com\/de\/"},{"@type":"ListItem","position":2,"name":"Shop","item":"https:\/\/business.roovi.com\/de\/shop\/"},{"@type":"ListItem","position":3,"name":"K\u00fcrti Andrea 1000 Teile Puzzle f\u00fcr Erwachsene &#8211; Tropisch &#8211; Exotische V\u00f6gel"}]},{"@type":"WebSite","@id":"https:\/\/business.roovi.com\/de\/#website","url":"https:\/\/business.roovi.com\/de\/","name":"Roovi B2B","description":"Roovi Business Website","potentialAction":[{"@type":"SearchAction","target":{"@type":"EntryPoint","urlTemplate":"https:\/\/business.roovi.com\/de\/?s={search_term_string}"},"query-input":"required name=search_term_string"}],"inLanguage":"de"}]}},"_links":{"self":[{"href":"https:\/\/business.roovi.com\/de\/wp-json\/wp\/v2\/product\/41958","targetHints":{"allow":["GET"]}}],"collection":[{"href":"https:\/\/business.roovi.com\/de\/wp-json\/wp\/v2\/product"}],"about":[{"href":"https:\/\/business.roovi.com\/de\/wp-json\/wp\/v2\/types\/product"}],"version-history":[{"count":0,"href":"https:\/\/business.roovi.com\/de\/wp-json\/wp\/v2\/product\/41958\/revisions"}],"wp:featuredmedia":[{"embeddable":true,"href":"https:\/\/business.roovi.com\/de\/wp-json\/wp\/v2\/media\/35074"}],"wp:attachment":[{"href":"https:\/\/business.roovi.com\/de\/wp-json\/wp\/v2\/media?parent=41958"}],"wp:term":[{"taxonomy":"product_brand","embeddable":true,"href":"https:\/\/business.roovi.com\/de\/wp-json\/wp\/v2\/product_brand?post=41958"},{"taxonomy":"product_cat","embeddable":true,"href":"https:\/\/business.roovi.com\/de\/wp-json\/wp\/v2\/product_cat?post=41958"},{"taxonomy":"product_tag","embeddable":true,"href":"https:\/\/business.roovi.com\/de\/wp-json\/wp\/v2\/product_tag?post=41958"}],"curies":[{"name":"wp","href":"https:\/\/api.w.org\/{rel}","templated":true}]}}