{"id":41962,"date":"2018-04-16T10:56:17","date_gmt":"2018-04-16T10:56:17","guid":{"rendered":"https:\/\/business.roovi.com\/puzzle-adulti-1000-piese-kurti-andrea-tropical-flamingo\/p\/"},"modified":"2022-07-06T18:24:39","modified_gmt":"2022-07-06T18:24:39","slug":"kurti-andrea-1000-teile-puzzle-fur-erwachsene-tropical-flamingo","status":"publish","type":"product","link":"https:\/\/business.roovi.com\/de\/kurti-andrea-1000-teile-puzzle-fur-erwachsene-tropical-flamingo\/p\/","title":{"rendered":"K\u00fcrti Andrea 1000 Teile Puzzle f\u00fcr Erwachsene &#8211; Tropical &#8211; Flamingo"},"content":{"rendered":"<p><span style=\"font-weight: 400\">Du liebst Puzzlespiele und m\u00f6chtest einzigartige Bilder erschaffen, die dein Geschick und deine Liebe zum Detail herausfordern? Das 1000-teilige Puzzle mit Flamingo-V\u00f6geln, die auf unkonventionelle Weise dargestellt sind, erfreut deine Sinne und bietet bis zu 30 Stunden entspannenden Spa\u00df.<\/span><\/p>\n<p><span style=\"font-weight: 400\">Das 1000 Teile Puzzle &#8211; Flamingo ist Teil der tropischen Puzzle-Kollektion des K\u00fcnstlers K\u00fcrti Andrea. Die Designerin hat sich eine Kolonie von Flamingos vorgestellt, die sie rosa gef\u00e4rbt und in eine exotische, animierte Umgebung gesetzt hat <\/span><\/p>\n<p><span style=\"font-weight: 400\">Jeder Flamingo-Vogel in diesem atemberaubenden Puzzle f\u00fcr Erwachsene ist einzigartig. Die \u00e4hnlichen Farbt\u00f6ne werden dich wahrscheinlich abschrecken. Aber wenn du genug \u00dcbung mit Puzzlespielen hast, wirst du das Bild ohne gro\u00dfe Schwierigkeiten zusammensetzen k\u00f6nnen.<\/span><\/p>\n<p><span style=\"font-weight: 400\">Du kannst einen normalen Couchtisch als Unterlage f\u00fcr die Teile verwenden und das Bild des 1000-teiligen Flamingo-Puzzles zusammensetzen. Das rekonstruierte Bild ist 50 x 70 cm gro\u00df.<\/span><\/p>\n<p><strong>Warum solltest du dich f\u00fcr das Puzzle 1000 Teile K\u00fcrti Andrea &#8211; Tropical &#8211; Flamingo entscheiden? <\/strong><\/p>\n<p><span style=\"font-weight: 400\">Du bekommst ein faszinierendes 1000-teiliges Puzzlebild, das dein Zuhause versch\u00f6nern wird.<\/span><\/p>\n<p><span style=\"font-weight: 400\">Das Puzzleset ist aus hochwertigem blauen Karton hergestellt und eignet sich hervorragend als Geschenk f\u00fcr puzzlebegeisterte Freunde.<\/span><\/p>\n<p><span style=\"font-weight: 400\">Es ist umweltfreundlich, da es aus recycelbaren, nachhaltigen Materialien hergestellt wird.<\/span><\/p>\n<p><span style=\"font-weight: 400\">Er ist aus langlebigen Materialien hergestellt und h\u00e4lt dem Test der Zeit und der mehrfachen Nutzung stand.<\/span><\/p>\n<p><span style=\"font-weight: 400\">Es hat eine halbgl\u00e4nzende Oberfl\u00e4che in leuchtenden Farben.<\/span><\/p>\n<p><span style=\"font-weight: 400\">Sie ist f\u00fcr Menschen ab 14 Jahren geeignet, so dass du Teenager in die Versammlungsaktivit\u00e4t einbeziehen kannst.<\/span><\/p>\n<p><span style=\"font-weight: 400\">K\u00fcrti Andrea &#8211; Tropical &#8211; Flamingo 1000 Teile Puzzle und die Vorteile, die es dir bietet:<\/span><\/p>\n<ul>\n<li><span style=\"font-weight: 400\">Erstelle ein fabelhaftes Bild, das du in einem der R\u00e4ume in deinem Zuhause ausstellen kannst.<\/span><\/li>\n<li><span style=\"font-weight: 400\">Es ist die perfekte Gelegenheit, um deine Freizeit kreativ zu gestalten.<\/span><\/li>\n<li><span style=\"font-weight: 400\">Es hilft dir, deine Aufmerksamkeit f\u00fcr Details zu schulen.<\/span><\/li>\n<li><span style=\"font-weight: 400\">Es entwickelt deine Fantasie und deinen \u00e4sthetischen Sinn.<\/span><\/li>\n<li><span style=\"font-weight: 400\">Es ist eine gute Gelegenheit, Kontakte zu kn\u00fcpfen und sich mit deinen Teenagerkindern zu treffen.<\/span><\/li>\n<li><span style=\"font-weight: 400\">Es kann eine M\u00f6glichkeit sein, sich zu entspannen und von den Bildschirmen der mobilen Ger\u00e4te abzuschalten.<\/span><\/li>\n<li><span style=\"font-weight: 400\">Es hilft dir, in einen Zustand tiefer Konzentration zu gelangen und diesen Zustand beizubehalten.<\/span><\/li>\n<\/ul>\n<p><strong>Wusstest du schon&#8230;?<\/strong><\/p>\n<p><span style=\"font-weight: 400\">Es gibt 6 Arten von Flamingos auf der Welt.<\/span><\/p>\n<p><span style=\"font-weight: 400\">Sowohl weibliche als auch m\u00e4nnliche Flamingos sitzen auf den Eiern, bis die K\u00fcken schl\u00fcpfen.<\/span><\/p>\n<p><span style=\"font-weight: 400\">Die Farbe ihres Gefieders ist auf ihre Ern\u00e4hrung zur\u00fcckzuf\u00fchren, die reich an Beta-Carotin ist.<\/span><\/p>\n<p><span style=\"font-weight: 400\">Flamingo-K\u00fcken haben keinen gebogenen Schnabel, sondern bekommen diese Form erst sp\u00e4ter.<\/span><\/p>\n<p><span style=\"font-weight: 400\">Flamingos atmen nicht, w\u00e4hrend sie fressen.<\/span><\/p>\n<p><span style=\"font-weight: 400\">Der am l\u00e4ngsten lebende Flamingo wurde 83 Jahre alt.<\/span><\/p>\n<p><strong>1000-Teile-Puzzle unterbricht die Monotonie der kalten Tage<\/strong><\/p>\n<p><span style=\"font-weight: 400\">Schlechtwettertage sind selten und du hast das Bed\u00fcrfnis, die Routine zu unterbrechen? Entscheide dich f\u00fcr das 1000-teilige Tropen-Flamingo-Puzzle und baue mit deinen Kindern ein tolles Bild, das sie so schnell nicht vergessen werden. Nutze diese Gelegenheit, um die Beziehungen zu deinen Kindern zu st\u00e4rken und ihnen Teamwork beizubringen.<\/span><\/p>\n<p><span style=\"font-weight: 400\">Das 1000-teilige Puzzle &#8211; Tropical &#8211; Flamingo von K\u00fcrti Andrea kannst du im Haus aufbewahren und mit deinen Lieben immer wieder neu gestalten, wenn du das Bed\u00fcrfnis nach einer kreativen Herausforderung versp\u00fcrst.<\/span><\/p>\n<p><span style=\"font-weight: 400\">Kaufe 1000 Teile Puzzle &#8211; Flamingo und erstelle ein originelles Bild, das an einer der W\u00e4nde deines Zuhauses toll aussehen wird. Entdecke alle Puzzlespiele der tropischen Puzzleserie und erstelle deine eigene einzigartige Sammlung von 1000-teiligen Puzzles <\/span><\/p>\n<p><span style=\"font-weight: 400\">Willst du deine Freunde zu den Feiertagen \u00fcberraschen? Das 1000-teilige Flamingo-Puzzle nimmt den Stress der Geschenksuche und zaubert ein L\u00e4cheln auf die Gesichter deiner Liebsten.<\/span><\/p><\/p>\n","protected":false},"excerpt":{"rendered":"<p>Du liebst Puzzlespiele und m\u00f6chtest einzigartige Bilder erschaffen, die dein Geschick und deine Liebe zum Detail herausfordern? Das 1000-teilige Puzzle<\/p>\n","protected":false},"featured_media":35088,"template":"","meta":[],"product_brand":[],"product_cat":[1916,1875,1915],"product_tag":[],"class_list":{"0":"post-41962","1":"product","2":"type-product","3":"status-publish","4":"has-post-thumbnail","6":"product_cat-1000-teile-puzzle","7":"product_cat-puzzle-de","8":"product_cat-puzzlespiele-fur-erwachsene","9":"pa_bax-10-de","10":"pa_brand-d_toys-de","11":"pa_country_of_manufacture-ro-de","12":"pa_filter_age-14-de","13":"pa_painter-kurtiandrea-de","14":"pa_tip_ambalaj-kasten-a4-de","15":"pa_tip_puzzle-klassisch","17":"first","18":"instock","19":"taxable","20":"shipping-taxable","21":"product-type-simple"},"yoast_head":"<!-- This site is optimized with the Yoast SEO plugin v20.1 - https:\/\/yoast.com\/wordpress\/plugins\/seo\/ -->\n<title>K\u00fcrti Andrea 1000 Teile Puzzle f\u00fcr Erwachsene - Tropical - Flamingo<\/title>\n<meta name=\"description\" content=\"K\u00fcrti Andrea 1000 Teile Puzzle f\u00fcr Erwachsene - Tropical - Flamingo\" \/>\n<meta name=\"robots\" content=\"index, follow, max-snippet:-1, max-image-preview:large, max-video-preview:-1\" \/>\n<link rel=\"canonical\" href=\"https:\/\/business.roovi.com\/de\/kurti-andrea-1000-teile-puzzle-fur-erwachsene-tropical-flamingo\/p\/\" \/>\n<meta property=\"og:locale\" content=\"de_DE\" \/>\n<meta property=\"og:type\" content=\"article\" \/>\n<meta property=\"og:title\" content=\"K\u00fcrti Andrea 1000 Teile Puzzle f\u00fcr Erwachsene - Tropical - Flamingo\" \/>\n<meta property=\"og:description\" content=\"K\u00fcrti Andrea 1000 Teile Puzzle f\u00fcr Erwachsene - Tropical - Flamingo\" \/>\n<meta property=\"og:url\" content=\"https:\/\/business.roovi.com\/de\/kurti-andrea-1000-teile-puzzle-fur-erwachsene-tropical-flamingo\/p\/\" \/>\n<meta property=\"og:site_name\" content=\"Roovi B2B\" \/>\n<meta property=\"article:publisher\" content=\"https:\/\/www.facebook.com\/wwwjucariero\" \/>\n<meta property=\"article:modified_time\" content=\"2022-07-06T18:24:39+00:00\" \/>\n<meta property=\"og:image\" content=\"https:\/\/business.roovi.com\/wp-content\/uploads\/2018\/04\/72887-02_ansamblu_dimensiuni_cutie_cm_vertical_1200x1200.png\" \/>\n\t<meta property=\"og:image:width\" content=\"1200\" \/>\n\t<meta property=\"og:image:height\" content=\"1200\" \/>\n\t<meta property=\"og:image:type\" content=\"image\/png\" \/>\n<meta name=\"twitter:label1\" content=\"Gesch\u00e4tzte Lesezeit\" \/>\n\t<meta name=\"twitter:data1\" content=\"3\u00a0Minuten\" \/>\n<script type=\"application\/ld+json\" class=\"yoast-schema-graph\">{\"@context\":\"https:\/\/schema.org\",\"@graph\":[{\"@type\":\"WebPage\",\"@id\":\"https:\/\/business.roovi.com\/de\/kurti-andrea-1000-teile-puzzle-fur-erwachsene-tropical-flamingo\/p\/\",\"url\":\"https:\/\/business.roovi.com\/de\/kurti-andrea-1000-teile-puzzle-fur-erwachsene-tropical-flamingo\/p\/\",\"name\":\"K\u00fcrti Andrea 1000 Teile Puzzle f\u00fcr Erwachsene - Tropical - Flamingo\",\"isPartOf\":{\"@id\":\"https:\/\/business.roovi.com\/de\/#website\"},\"datePublished\":\"2018-04-16T10:56:17+00:00\",\"dateModified\":\"2022-07-06T18:24:39+00:00\",\"description\":\"K\u00fcrti Andrea 1000 Teile Puzzle f\u00fcr Erwachsene - Tropical - Flamingo\",\"breadcrumb\":{\"@id\":\"https:\/\/business.roovi.com\/de\/kurti-andrea-1000-teile-puzzle-fur-erwachsene-tropical-flamingo\/p\/#breadcrumb\"},\"inLanguage\":\"de\",\"potentialAction\":[{\"@type\":\"ReadAction\",\"target\":[\"https:\/\/business.roovi.com\/de\/kurti-andrea-1000-teile-puzzle-fur-erwachsene-tropical-flamingo\/p\/\"]}]},{\"@type\":\"BreadcrumbList\",\"@id\":\"https:\/\/business.roovi.com\/de\/kurti-andrea-1000-teile-puzzle-fur-erwachsene-tropical-flamingo\/p\/#breadcrumb\",\"itemListElement\":[{\"@type\":\"ListItem\",\"position\":1,\"name\":\"Home\",\"item\":\"https:\/\/business.roovi.com\/de\/\"},{\"@type\":\"ListItem\",\"position\":2,\"name\":\"Shop\",\"item\":\"https:\/\/business.roovi.com\/de\/shop\/\"},{\"@type\":\"ListItem\",\"position\":3,\"name\":\"K\u00fcrti Andrea 1000 Teile Puzzle f\u00fcr Erwachsene &#8211; Tropical &#8211; Flamingo\"}]},{\"@type\":\"WebSite\",\"@id\":\"https:\/\/business.roovi.com\/de\/#website\",\"url\":\"https:\/\/business.roovi.com\/de\/\",\"name\":\"Roovi B2B\",\"description\":\"Roovi Business Website\",\"potentialAction\":[{\"@type\":\"SearchAction\",\"target\":{\"@type\":\"EntryPoint\",\"urlTemplate\":\"https:\/\/business.roovi.com\/de\/?s={search_term_string}\"},\"query-input\":\"required name=search_term_string\"}],\"inLanguage\":\"de\"}]}<\/script>\n<!-- \/ Yoast SEO plugin. -->","yoast_head_json":{"title":"K\u00fcrti Andrea 1000 Teile Puzzle f\u00fcr Erwachsene - Tropical - Flamingo","description":"K\u00fcrti Andrea 1000 Teile Puzzle f\u00fcr Erwachsene - Tropical - Flamingo","robots":{"index":"index","follow":"follow","max-snippet":"max-snippet:-1","max-image-preview":"max-image-preview:large","max-video-preview":"max-video-preview:-1"},"canonical":"https:\/\/business.roovi.com\/de\/kurti-andrea-1000-teile-puzzle-fur-erwachsene-tropical-flamingo\/p\/","og_locale":"de_DE","og_type":"article","og_title":"K\u00fcrti Andrea 1000 Teile Puzzle f\u00fcr Erwachsene - Tropical - Flamingo","og_description":"K\u00fcrti Andrea 1000 Teile Puzzle f\u00fcr Erwachsene - Tropical - Flamingo","og_url":"https:\/\/business.roovi.com\/de\/kurti-andrea-1000-teile-puzzle-fur-erwachsene-tropical-flamingo\/p\/","og_site_name":"Roovi B2B","article_publisher":"https:\/\/www.facebook.com\/wwwjucariero","article_modified_time":"2022-07-06T18:24:39+00:00","og_image":[{"width":1200,"height":1200,"url":"https:\/\/business.roovi.com\/wp-content\/uploads\/2018\/04\/72887-02_ansamblu_dimensiuni_cutie_cm_vertical_1200x1200.png","type":"image\/png"}],"twitter_misc":{"Gesch\u00e4tzte Lesezeit":"3\u00a0Minuten"},"schema":{"@context":"https:\/\/schema.org","@graph":[{"@type":"WebPage","@id":"https:\/\/business.roovi.com\/de\/kurti-andrea-1000-teile-puzzle-fur-erwachsene-tropical-flamingo\/p\/","url":"https:\/\/business.roovi.com\/de\/kurti-andrea-1000-teile-puzzle-fur-erwachsene-tropical-flamingo\/p\/","name":"K\u00fcrti Andrea 1000 Teile Puzzle f\u00fcr Erwachsene - Tropical - Flamingo","isPartOf":{"@id":"https:\/\/business.roovi.com\/de\/#website"},"datePublished":"2018-04-16T10:56:17+00:00","dateModified":"2022-07-06T18:24:39+00:00","description":"K\u00fcrti Andrea 1000 Teile Puzzle f\u00fcr Erwachsene - Tropical - Flamingo","breadcrumb":{"@id":"https:\/\/business.roovi.com\/de\/kurti-andrea-1000-teile-puzzle-fur-erwachsene-tropical-flamingo\/p\/#breadcrumb"},"inLanguage":"de","potentialAction":[{"@type":"ReadAction","target":["https:\/\/business.roovi.com\/de\/kurti-andrea-1000-teile-puzzle-fur-erwachsene-tropical-flamingo\/p\/"]}]},{"@type":"BreadcrumbList","@id":"https:\/\/business.roovi.com\/de\/kurti-andrea-1000-teile-puzzle-fur-erwachsene-tropical-flamingo\/p\/#breadcrumb","itemListElement":[{"@type":"ListItem","position":1,"name":"Home","item":"https:\/\/business.roovi.com\/de\/"},{"@type":"ListItem","position":2,"name":"Shop","item":"https:\/\/business.roovi.com\/de\/shop\/"},{"@type":"ListItem","position":3,"name":"K\u00fcrti Andrea 1000 Teile Puzzle f\u00fcr Erwachsene &#8211; Tropical &#8211; Flamingo"}]},{"@type":"WebSite","@id":"https:\/\/business.roovi.com\/de\/#website","url":"https:\/\/business.roovi.com\/de\/","name":"Roovi B2B","description":"Roovi Business Website","potentialAction":[{"@type":"SearchAction","target":{"@type":"EntryPoint","urlTemplate":"https:\/\/business.roovi.com\/de\/?s={search_term_string}"},"query-input":"required name=search_term_string"}],"inLanguage":"de"}]}},"_links":{"self":[{"href":"https:\/\/business.roovi.com\/de\/wp-json\/wp\/v2\/product\/41962","targetHints":{"allow":["GET"]}}],"collection":[{"href":"https:\/\/business.roovi.com\/de\/wp-json\/wp\/v2\/product"}],"about":[{"href":"https:\/\/business.roovi.com\/de\/wp-json\/wp\/v2\/types\/product"}],"version-history":[{"count":0,"href":"https:\/\/business.roovi.com\/de\/wp-json\/wp\/v2\/product\/41962\/revisions"}],"wp:featuredmedia":[{"embeddable":true,"href":"https:\/\/business.roovi.com\/de\/wp-json\/wp\/v2\/media\/35088"}],"wp:attachment":[{"href":"https:\/\/business.roovi.com\/de\/wp-json\/wp\/v2\/media?parent=41962"}],"wp:term":[{"taxonomy":"product_brand","embeddable":true,"href":"https:\/\/business.roovi.com\/de\/wp-json\/wp\/v2\/product_brand?post=41962"},{"taxonomy":"product_cat","embeddable":true,"href":"https:\/\/business.roovi.com\/de\/wp-json\/wp\/v2\/product_cat?post=41962"},{"taxonomy":"product_tag","embeddable":true,"href":"https:\/\/business.roovi.com\/de\/wp-json\/wp\/v2\/product_tag?post=41962"}],"curies":[{"name":"wp","href":"https:\/\/api.w.org\/{rel}","templated":true}]}}