{"id":41970,"date":"2018-04-16T10:56:17","date_gmt":"2018-04-16T10:56:17","guid":{"rendered":"https:\/\/business.roovi.com\/puzzle-adulti-1000-piese-kurti-andrea-tropical-animale-exotice\/p\/"},"modified":"2022-07-06T18:29:05","modified_gmt":"2022-07-06T18:29:05","slug":"kurti-andrea-1000-teile-puzzle-fur-erwachsene-tropisch-exotische-tiere","status":"publish","type":"product","link":"https:\/\/business.roovi.com\/de\/kurti-andrea-1000-teile-puzzle-fur-erwachsene-tropisch-exotische-tiere\/p\/","title":{"rendered":"K\u00fcrti Andrea 1000 Teile Puzzle f\u00fcr Erwachsene &#8211; Tropisch &#8211; Exotische Tiere"},"content":{"rendered":"<p><span style=\"font-weight: 400\">Magst du es, deine Zeit mit Puzzlespielen zu f\u00fcllen und m\u00f6chtest du, dass deine Kinder deine Leidenschaft teilen? Das 1000-Teile-Puzzle Exotische Tiere ist die perfekte Gelegenheit, um Jugendliche dazu zu bringen, ihre Bildschirme wegzulegen und sich mit der Familie zu vergn\u00fcgen.<\/span><\/p>\n<p><span style=\"font-weight: 400\">Der K\u00fcnstler K\u00fcrti Andrea hat eine atemberaubende Illustration geschaffen, die direkt aus einem afrikanischen Savannentier-Cartoon stammt. In der Mitte des Bildes steht der gro\u00dfe afrikanische Elefant, daneben ein Zebra, auf der einen Seite der lange Hals einer Giraffe und auf der anderen Seite der L\u00f6wenk\u00f6nig, der sein Publikum beobachtet. Der sanfte Kopf eines Affen taucht aus der \u00fcppigen Vegetation auf. All diese exotischen Tiere sind von exotischen Pflanzen umgeben, die in warmen Farben dargestellt sind.<\/span><\/p>\n<p><span style=\"font-weight: 400\">Die atemberaubenden Details und die lebendige Farbgebung sorgen f\u00fcr gute Laune und jede Menge positive Vibes. Das animierte Bild wird Kinder ansprechen, die dir bei der Vervollst\u00e4ndigung des Bildes helfen werden. Am Ende kannst du sie belohnen, indem du das erste 1000-Teile-Puzzlebild in ihren Rahmen stellst und ihr Zimmer damit schm\u00fcckst.<\/span><\/p>\n<p><strong>Warum solltest du dich f\u00fcr das 1000 Teile Puzzle K\u00fcrti Andrea &#8211; Tropical &#8211; Exotische Tiere entscheiden? <\/strong><\/p>\n<p><span style=\"font-weight: 400\">Du erh\u00e4ltst ein 50 x 70 cm gro\u00dfes Bild aus dem 1000 Teile Puzzle.<\/span><\/p>\n<p><span style=\"font-weight: 400\">Es ist ein Puzzle aus hochwertigem, blauem Premium-Karton und damit das perfekte Geschenk f\u00fcr 1000-Teile-Puzzle-Liebhaber.<\/span><\/p>\n<p><span style=\"font-weight: 400\">Er ist naturfreundlich und langlebig, aus nachhaltigen, recycelbaren und langlebigen Materialien hergestellt.<\/span><\/p>\n<p><span style=\"font-weight: 400\">Es hat eine halbgl\u00e4nzende Oberfl\u00e4che und leuchtende Farben, die Erwachsene und Kinder gleicherma\u00dfen begeistern.<\/span><\/p>\n<p><span style=\"font-weight: 400\">Es ist f\u00fcr Menschen \u00fcber 14 Jahren geeignet, also nur f\u00fcr dich und deine Kinder im Teenageralter.<\/span><\/p>\n<p><strong>Das Puzzlespiel Exotische Tiere trainiert deine F\u00e4higkeiten, wie zum Beispiel:<\/strong><\/p>\n<p><span style=\"font-weight: 400\">Speicher<\/span><\/p>\n<p><span style=\"font-weight: 400\">Achtung<\/span><\/p>\n<p><span style=\"font-weight: 400\">Beharrlichkeit<\/span><\/p>\n<p><span style=\"font-weight: 400\">Skill<\/span><\/p>\n<p><span style=\"font-weight: 400\">Logisches Denken<\/span><\/p>\n<p><span style=\"font-weight: 400\">Visuell-r\u00e4umliche F\u00e4higkeiten<\/span><\/p>\n<p><strong>Wusstest du, dass&#8230;?<\/strong><\/p>\n<p><span style=\"font-weight: 400\">Die afrikanische Savanne macht etwa 65% des afrikanischen Kontinents aus.<\/span><\/p>\n<p><span style=\"font-weight: 400\">Die meisten Ressourcen des Kontinents stammen aus der Savanne, weil dort verschiedene Feldfr\u00fcchte wie Hirse, Mais, Sorghum und Zuckerrohr angebaut werden.<\/span><\/p>\n<p><span style=\"font-weight: 400\">Der Gro\u00dfteil der L\u00f6wenpopulation lebt in der afrikanischen Savanne, aber es gibt auch ein paar in Indien.<\/span><\/p>\n<p><span style=\"font-weight: 400\">L\u00f6wen jagen haupts\u00e4chlich nachts bei Gewitter. Die Nachtsicht ist ausgezeichnet und die Ger\u00e4usche des Sturms verschaffen ihnen einen erheblichen Vorteil gegen\u00fcber ihrer Beute.<\/span><\/p>\n<p><span style=\"font-weight: 400\">Der afrikanische Elefant ist als &#8222;\u00d6kosystemingenieur&#8220; bekannt. Sie entwurzeln zum Beispiel B\u00e4ume in der Savanne und halten so die Landschaft offen, damit Zebras und andere Pflanzenfresser im Tiefland gedeihen k\u00f6nnen.<\/span><\/p>\n<p><strong>1000 Teile Puzzle<\/strong> <strong>&#8211; Exotische Tiere inspirieren dich, kreativ zu sein<\/strong><\/p>\n<p><span style=\"font-weight: 400\">Wenn du dich entscheidest, dieses farbenfrohe und animierte Puzzlespiel mit deinen Kindern zu vervollst\u00e4ndigen, kann es der Ausgangspunkt f\u00fcr unterhaltsame und lehrreiche Diskussionen \u00fcber das ferne Savannenland oder exotische Wildtiere sein.<\/span><\/p>\n<p><span style=\"font-weight: 400\">Nutze ein au\u00dfergew\u00f6hnliches Puzzle mit 1000 Teilen und gestalte ein fabelhaftes Szenario, in dem die Kinder als Detektive in der afrikanischen Savanne nach Hinweisen suchen, um das R\u00e4tsel der wilden Tiere zu l\u00f6sen <\/span><\/p>\n<p><span style=\"font-weight: 400\">Exotische Tiere 1000 Teile Puzzle bietet mehr als nur Spa\u00df: wertvolle Erinnerungen mit den wichtigsten Menschen in deinem Leben.<\/span><\/p>\n<p><span style=\"font-weight: 400\">Dieses Puzzle f\u00fcr Erwachsene ist ideal, um es im Haus aufzubewahren und immer wieder neu zu erstellen, wenn du das Bed\u00fcrfnis hast, aus der Monotonie auszubrechen. Oder wenn du auch anderen Familien mit Teenagern eine Freude machen willst, ist das 1000 Teile Puzzle &#8211; Tropical &#8211; Exotic Animals von K\u00fcrti Andrea die perfekte Wahl.<\/span><\/p><\/p>\n","protected":false},"excerpt":{"rendered":"<p>Magst du es, deine Zeit mit Puzzlespielen zu f\u00fcllen und m\u00f6chtest du, dass deine Kinder deine Leidenschaft teilen? Das 1000-Teile-Puzzle<\/p>\n","protected":false},"featured_media":35122,"template":"","meta":[],"product_brand":[],"product_cat":[1916,1875,1915],"product_tag":[],"class_list":{"0":"post-41970","1":"product","2":"type-product","3":"status-publish","4":"has-post-thumbnail","6":"product_cat-1000-teile-puzzle","7":"product_cat-puzzle-de","8":"product_cat-puzzlespiele-fur-erwachsene","9":"pa_bax-10-de","10":"pa_brand-d_toys-de","11":"pa_country_of_manufacture-ro-de","12":"pa_filter_age-14-de","13":"pa_painter-kurtiandrea-de","14":"pa_tip_ambalaj-kasten-a4-de","15":"pa_tip_puzzle-klassisch","17":"first","18":"instock","19":"taxable","20":"shipping-taxable","21":"product-type-simple"},"yoast_head":"<!-- This site is optimized with the Yoast SEO plugin v20.1 - https:\/\/yoast.com\/wordpress\/plugins\/seo\/ -->\n<title>K\u00fcrti Andrea 1000 Teile Puzzle f\u00fcr Erwachsene - Tropisch - Exotische Tiere<\/title>\n<meta name=\"description\" content=\"K\u00fcrti Andrea 1000 Teile Puzzle f\u00fcr Erwachsene - Tropisch - Exotische Tiere\" \/>\n<meta name=\"robots\" content=\"index, follow, max-snippet:-1, max-image-preview:large, max-video-preview:-1\" \/>\n<link rel=\"canonical\" href=\"https:\/\/business.roovi.com\/de\/kurti-andrea-1000-teile-puzzle-fur-erwachsene-tropisch-exotische-tiere\/p\/\" \/>\n<meta property=\"og:locale\" content=\"de_DE\" \/>\n<meta property=\"og:type\" content=\"article\" \/>\n<meta property=\"og:title\" content=\"K\u00fcrti Andrea 1000 Teile Puzzle f\u00fcr Erwachsene - Tropisch - Exotische Tiere\" \/>\n<meta property=\"og:description\" content=\"K\u00fcrti Andrea 1000 Teile Puzzle f\u00fcr Erwachsene - Tropisch - Exotische Tiere\" \/>\n<meta property=\"og:url\" content=\"https:\/\/business.roovi.com\/de\/kurti-andrea-1000-teile-puzzle-fur-erwachsene-tropisch-exotische-tiere\/p\/\" \/>\n<meta property=\"og:site_name\" content=\"Roovi B2B\" \/>\n<meta property=\"article:publisher\" content=\"https:\/\/www.facebook.com\/wwwjucariero\" \/>\n<meta property=\"article:modified_time\" content=\"2022-07-06T18:29:05+00:00\" \/>\n<meta property=\"og:image\" content=\"https:\/\/business.roovi.com\/wp-content\/uploads\/2018\/04\/72887-4_ansamblu_dimensiuni_cutie_cm_orizontal_1200x1200.png\" \/>\n\t<meta property=\"og:image:width\" content=\"1200\" \/>\n\t<meta property=\"og:image:height\" content=\"1200\" \/>\n\t<meta property=\"og:image:type\" content=\"image\/png\" \/>\n<meta name=\"twitter:label1\" content=\"Gesch\u00e4tzte Lesezeit\" \/>\n\t<meta name=\"twitter:data1\" content=\"3\u00a0Minuten\" \/>\n<script type=\"application\/ld+json\" class=\"yoast-schema-graph\">{\"@context\":\"https:\/\/schema.org\",\"@graph\":[{\"@type\":\"WebPage\",\"@id\":\"https:\/\/business.roovi.com\/de\/kurti-andrea-1000-teile-puzzle-fur-erwachsene-tropisch-exotische-tiere\/p\/\",\"url\":\"https:\/\/business.roovi.com\/de\/kurti-andrea-1000-teile-puzzle-fur-erwachsene-tropisch-exotische-tiere\/p\/\",\"name\":\"K\u00fcrti Andrea 1000 Teile Puzzle f\u00fcr Erwachsene - Tropisch - Exotische Tiere\",\"isPartOf\":{\"@id\":\"https:\/\/business.roovi.com\/de\/#website\"},\"datePublished\":\"2018-04-16T10:56:17+00:00\",\"dateModified\":\"2022-07-06T18:29:05+00:00\",\"description\":\"K\u00fcrti Andrea 1000 Teile Puzzle f\u00fcr Erwachsene - Tropisch - Exotische Tiere\",\"breadcrumb\":{\"@id\":\"https:\/\/business.roovi.com\/de\/kurti-andrea-1000-teile-puzzle-fur-erwachsene-tropisch-exotische-tiere\/p\/#breadcrumb\"},\"inLanguage\":\"de\",\"potentialAction\":[{\"@type\":\"ReadAction\",\"target\":[\"https:\/\/business.roovi.com\/de\/kurti-andrea-1000-teile-puzzle-fur-erwachsene-tropisch-exotische-tiere\/p\/\"]}]},{\"@type\":\"BreadcrumbList\",\"@id\":\"https:\/\/business.roovi.com\/de\/kurti-andrea-1000-teile-puzzle-fur-erwachsene-tropisch-exotische-tiere\/p\/#breadcrumb\",\"itemListElement\":[{\"@type\":\"ListItem\",\"position\":1,\"name\":\"Home\",\"item\":\"https:\/\/business.roovi.com\/de\/\"},{\"@type\":\"ListItem\",\"position\":2,\"name\":\"Shop\",\"item\":\"https:\/\/business.roovi.com\/de\/shop\/\"},{\"@type\":\"ListItem\",\"position\":3,\"name\":\"K\u00fcrti Andrea 1000 Teile Puzzle f\u00fcr Erwachsene &#8211; Tropisch &#8211; Exotische Tiere\"}]},{\"@type\":\"WebSite\",\"@id\":\"https:\/\/business.roovi.com\/de\/#website\",\"url\":\"https:\/\/business.roovi.com\/de\/\",\"name\":\"Roovi B2B\",\"description\":\"Roovi Business Website\",\"potentialAction\":[{\"@type\":\"SearchAction\",\"target\":{\"@type\":\"EntryPoint\",\"urlTemplate\":\"https:\/\/business.roovi.com\/de\/?s={search_term_string}\"},\"query-input\":\"required name=search_term_string\"}],\"inLanguage\":\"de\"}]}<\/script>\n<!-- \/ Yoast SEO plugin. -->","yoast_head_json":{"title":"K\u00fcrti Andrea 1000 Teile Puzzle f\u00fcr Erwachsene - Tropisch - Exotische Tiere","description":"K\u00fcrti Andrea 1000 Teile Puzzle f\u00fcr Erwachsene - Tropisch - Exotische Tiere","robots":{"index":"index","follow":"follow","max-snippet":"max-snippet:-1","max-image-preview":"max-image-preview:large","max-video-preview":"max-video-preview:-1"},"canonical":"https:\/\/business.roovi.com\/de\/kurti-andrea-1000-teile-puzzle-fur-erwachsene-tropisch-exotische-tiere\/p\/","og_locale":"de_DE","og_type":"article","og_title":"K\u00fcrti Andrea 1000 Teile Puzzle f\u00fcr Erwachsene - Tropisch - Exotische Tiere","og_description":"K\u00fcrti Andrea 1000 Teile Puzzle f\u00fcr Erwachsene - Tropisch - Exotische Tiere","og_url":"https:\/\/business.roovi.com\/de\/kurti-andrea-1000-teile-puzzle-fur-erwachsene-tropisch-exotische-tiere\/p\/","og_site_name":"Roovi B2B","article_publisher":"https:\/\/www.facebook.com\/wwwjucariero","article_modified_time":"2022-07-06T18:29:05+00:00","og_image":[{"width":1200,"height":1200,"url":"https:\/\/business.roovi.com\/wp-content\/uploads\/2018\/04\/72887-4_ansamblu_dimensiuni_cutie_cm_orizontal_1200x1200.png","type":"image\/png"}],"twitter_misc":{"Gesch\u00e4tzte Lesezeit":"3\u00a0Minuten"},"schema":{"@context":"https:\/\/schema.org","@graph":[{"@type":"WebPage","@id":"https:\/\/business.roovi.com\/de\/kurti-andrea-1000-teile-puzzle-fur-erwachsene-tropisch-exotische-tiere\/p\/","url":"https:\/\/business.roovi.com\/de\/kurti-andrea-1000-teile-puzzle-fur-erwachsene-tropisch-exotische-tiere\/p\/","name":"K\u00fcrti Andrea 1000 Teile Puzzle f\u00fcr Erwachsene - Tropisch - Exotische Tiere","isPartOf":{"@id":"https:\/\/business.roovi.com\/de\/#website"},"datePublished":"2018-04-16T10:56:17+00:00","dateModified":"2022-07-06T18:29:05+00:00","description":"K\u00fcrti Andrea 1000 Teile Puzzle f\u00fcr Erwachsene - Tropisch - Exotische Tiere","breadcrumb":{"@id":"https:\/\/business.roovi.com\/de\/kurti-andrea-1000-teile-puzzle-fur-erwachsene-tropisch-exotische-tiere\/p\/#breadcrumb"},"inLanguage":"de","potentialAction":[{"@type":"ReadAction","target":["https:\/\/business.roovi.com\/de\/kurti-andrea-1000-teile-puzzle-fur-erwachsene-tropisch-exotische-tiere\/p\/"]}]},{"@type":"BreadcrumbList","@id":"https:\/\/business.roovi.com\/de\/kurti-andrea-1000-teile-puzzle-fur-erwachsene-tropisch-exotische-tiere\/p\/#breadcrumb","itemListElement":[{"@type":"ListItem","position":1,"name":"Home","item":"https:\/\/business.roovi.com\/de\/"},{"@type":"ListItem","position":2,"name":"Shop","item":"https:\/\/business.roovi.com\/de\/shop\/"},{"@type":"ListItem","position":3,"name":"K\u00fcrti Andrea 1000 Teile Puzzle f\u00fcr Erwachsene &#8211; Tropisch &#8211; Exotische Tiere"}]},{"@type":"WebSite","@id":"https:\/\/business.roovi.com\/de\/#website","url":"https:\/\/business.roovi.com\/de\/","name":"Roovi B2B","description":"Roovi Business Website","potentialAction":[{"@type":"SearchAction","target":{"@type":"EntryPoint","urlTemplate":"https:\/\/business.roovi.com\/de\/?s={search_term_string}"},"query-input":"required name=search_term_string"}],"inLanguage":"de"}]}},"_links":{"self":[{"href":"https:\/\/business.roovi.com\/de\/wp-json\/wp\/v2\/product\/41970","targetHints":{"allow":["GET"]}}],"collection":[{"href":"https:\/\/business.roovi.com\/de\/wp-json\/wp\/v2\/product"}],"about":[{"href":"https:\/\/business.roovi.com\/de\/wp-json\/wp\/v2\/types\/product"}],"version-history":[{"count":0,"href":"https:\/\/business.roovi.com\/de\/wp-json\/wp\/v2\/product\/41970\/revisions"}],"wp:featuredmedia":[{"embeddable":true,"href":"https:\/\/business.roovi.com\/de\/wp-json\/wp\/v2\/media\/35122"}],"wp:attachment":[{"href":"https:\/\/business.roovi.com\/de\/wp-json\/wp\/v2\/media?parent=41970"}],"wp:term":[{"taxonomy":"product_brand","embeddable":true,"href":"https:\/\/business.roovi.com\/de\/wp-json\/wp\/v2\/product_brand?post=41970"},{"taxonomy":"product_cat","embeddable":true,"href":"https:\/\/business.roovi.com\/de\/wp-json\/wp\/v2\/product_cat?post=41970"},{"taxonomy":"product_tag","embeddable":true,"href":"https:\/\/business.roovi.com\/de\/wp-json\/wp\/v2\/product_tag?post=41970"}],"curies":[{"name":"wp","href":"https:\/\/api.w.org\/{rel}","templated":true}]}}