{"id":41978,"date":"2018-04-16T10:56:17","date_gmt":"2018-04-16T10:56:17","guid":{"rendered":"https:\/\/business.roovi.com\/puzzle-adulti-jacques-louis-david-the-emperor-napoleon-in-his-study-at-the-tuileries-1000-piese\/p\/"},"modified":"2023-02-20T12:33:42","modified_gmt":"2023-02-20T12:33:42","slug":"jacques-louis-david-1000-teiliges-puzzle-fur-erwachsene-der-kaiser-napoleon-in-seinem-arbeitszimmer-in-den-tuilerien","status":"publish","type":"product","link":"https:\/\/business.roovi.com\/de\/jacques-louis-david-1000-teiliges-puzzle-fur-erwachsene-der-kaiser-napoleon-in-seinem-arbeitszimmer-in-den-tuilerien\/p\/","title":{"rendered":"Jacques-Louis David 1000-teiliges Puzzle f\u00fcr Erwachsene &#8211; Der Kaiser Napoleon in seinem Arbeitszimmer in den Tuilerien"},"content":{"rendered":"<p><span style=\"font-weight: 400;\">Entdecke die gr\u00f6\u00dfte Auswahl an Kunstpuzzles und erstelle deine eigene Gem\u00e4ldesammlung aus 1000 Teilen! Hier findest du die hochwertigsten Puzzles f\u00fcr Erwachsene, die ber\u00fchmte Gem\u00e4lde von bekannten K\u00fcnstlern wie Rembrandt, Monet, Van Gogh und vielen anderen darstellen.<\/span><\/p>\n<p><span style=\"font-weight: 400;\">Jacques-Louis David &#8211; Der Kaiser Napoleon in seinem Arbeitszimmer in den Tuilerien ist nur eines von Hunderten von Puzzles f\u00fcr Erwachsene, die deine Abende dynamischer und entspannter machen k\u00f6nnen. Das 1000-teilige Puzzle zeigt das Bild aus dem gleichnamigen Gem\u00e4lde des K\u00fcnstlers, der als Napoleons Maler bekannt ist. Das Gem\u00e4lde zeigt den Herrscher in seinem B\u00fcro in seiner Uniform <\/span><span style=\"font-weight: 400;\">als Oberst der kaiserlichen Grenadiergarde, mit zwei Orden auf der Brust, die von seinen milit\u00e4rischen Verdiensten zeugen <\/span><\/p>\n<p><span style=\"font-weight: 400;\">Das entstandene Bild ist 50 x 70 cm gro\u00df und kann auf einem normalen Couchtisch nachgebildet werden.<\/span><\/p>\n<p><span style=\"font-weight: 400;\">Weitere Merkmale des 1000-teiligen Napoleon-Puzzles in seinem Arbeitszimmer:<\/span><\/p>\n<p><strong>Puzzle-Material <\/strong><\/p>\n<p><strong>hochwertiger blauer Karton<\/strong><\/p>\n<p><strong>nachhaltige, recycelbare Materialien<\/strong><\/p>\n<p><strong>halbgl\u00e4nzende Oberfl\u00e4che, leuchtende Farben<\/strong><\/p>\n<p><strong>Anzahl der Puzzleteile: 1000<\/strong><\/p>\n<p><strong>Empfohlenes Alter: 14+<\/strong><\/p>\n<p><strong>Baue 1000 Teile zusammen, um deine Liebe zum Detail zu entwickeln<\/strong><\/p>\n<p><span style=\"font-weight: 400;\">Wenn du ein 1000-Teile-Puzzle zusammensetzt, wirst du feststellen, dass viele der Teile ges\u00e4t sind, und die Aufmerksamkeit f\u00fcr das kleinste Detail ist extrem wichtig. Du musst deine Augen schulen und die kleinen Unterschiede in Form oder Farbe finden. Die F\u00e4higkeit, kleine Details zu erfassen, ist in vielen Bereichen der Arbeit oder des t\u00e4glichen Lebens sehr wichtig. Wenn du aufmerksamer und pr\u00e4ziser bist, steigt die Qualit\u00e4t deiner Arbeit.<\/span><\/p>\n<p><strong>Setze das 1000-Teile-Puzzle zusammen und verbessere deine Probleml\u00f6sungskompetenz<\/strong><\/p>\n<p><span style=\"font-weight: 400;\">Um das R\u00e4tsel eines 1000-teiligen Puzzles zu l\u00f6sen, musst du das Bild aus mehreren Blickwinkeln betrachten und verschiedene Ans\u00e4tze ausprobieren. Nicht alle werden richtig sein, aber kleine Misserfolge helfen dir, voranzukommen und deine Strategie zu verbessern, bis das endg\u00fcltige Bild fertig ist. Das Training dieser F\u00e4higkeiten kann auch am Arbeitsplatz n\u00fctzlich sein, indem es dir hilft, innovative L\u00f6sungen f\u00fcr verschiedene Probleme zu finden.<\/span><\/p>\n<p><strong>Wer war <\/strong><strong>Jacques-Louis David?<\/strong><\/p>\n<p><span style=\"font-weight: 400;\">Jacques-Louis David war der offizielle Maler des kaiserlichen Hofes von Napoleon Bonaparte und ein f\u00fchrender Vertreter des franz\u00f6sischen Neoklassizismus.<\/span><\/p>\n<p><span style=\"font-weight: 400;\">David schuf viele Gem\u00e4lde, die Napoleon darstellen. Dieses Werk ist das letzte Gem\u00e4lde, das Napoleon I. gewidmet ist, und es gelingt ihm nicht, die Gr\u00f6\u00dfe des Herrschers einzufangen, wie es in fr\u00fcheren Werken wie Napoleons Alpen\u00fcberquerung der Fall ist.<\/span><\/p>\n<p><span style=\"font-weight: 400;\">Das Portr\u00e4t wurde 1812 gemalt, im Jahr der ersten Niederlage Napoleons gegen die Russen. Das Gem\u00e4lde stellt einen melancholischen und m\u00fcden Herrscher dar.<\/span><\/p>\n<p><span style=\"font-weight: 400;\">Es scheint, dass Napoleon nicht selbst f\u00fcr das Bild posiert hat.<\/span><\/p>\n<p><span style=\"font-weight: 400;\">Das Gem\u00e4lde wurde von einem Bewunderer Napoleons in Auftrag gegeben, <\/span><span style=\"font-weight: 400;\">der schottische Adlige Alexander Douglas-Hamilton, der eine Gem\u00e4ldesammlung mit allen gekr\u00f6nten H\u00e4uptern Europas wollte.<\/span><\/p>\n<p><strong>4 wunderbare Vorteile von Puzzlespielen f\u00fcr Erwachsene<\/strong><\/p>\n<p><span style=\"font-weight: 400;\">Sie sind eine tolle M\u00f6glichkeit, deine Freizeit konstruktiv zu gestalten.<\/span><\/p>\n<p><span style=\"font-weight: 400;\">Sie helfen, Stress abzubauen.<\/span><\/p>\n<p><span style=\"font-weight: 400;\">Sie geben dir eine gro\u00dfe Dosis Familienspa\u00df, wenn du sie mit deinen Familienmitgliedern absolvierst.<\/span><\/p>\n<p><span style=\"font-weight: 400;\">Sie geben dir ein allgemeines Gef\u00fchl von Wohlbefinden und Optimismus.<\/span><\/p>\n<p><span style=\"font-weight: 400;\">Schl\u00fcpfe in die Rolle des Malers David und fertige in seinem Arbeitszimmer das ber\u00fchmte Napoleon-Portr\u00e4t aus einem 1000-Teile-Puzzle an! Vervollst\u00e4ndige dieses wunderbare Kunstpuzzle und du wirst ein au\u00dfergew\u00f6hnliches Gem\u00e4lde von h\u00f6chster Qualit\u00e4t genie\u00dfen. Das 1000-teilige Puzzle Jacques-Louis David &#8211; Der Kaiser Napoleon in seinem Arbeitszimmer in den Tuilerien ist ein ideales Puzzlespiel f\u00fcr Kunstliebhaber und Liebhaber von 1000-teiligen Puzzles, aber auch ein wunderbares Geschenk f\u00fcr liebe Menschen zu besonderen Anl\u00e4ssen.<\/span><\/p>\n","protected":false},"excerpt":{"rendered":"<p>Entdecke die gr\u00f6\u00dfte Auswahl an Kunstpuzzles und erstelle deine eigene Gem\u00e4ldesammlung aus 1000 Teilen! Hier findest du die hochwertigsten Puzzles<\/p>\n","protected":false},"featured_media":63322,"template":"","meta":[],"product_brand":[],"product_cat":[1916,1875,1915],"product_tag":[],"class_list":{"0":"post-41978","1":"product","2":"type-product","3":"status-publish","4":"has-post-thumbnail","6":"product_cat-1000-teile-puzzle","7":"product_cat-puzzle-de","8":"product_cat-puzzlespiele-fur-erwachsene","9":"pa_bax-10-de","10":"pa_brand-d_toys-de","11":"pa_country_of_manufacture-ro-de","12":"pa_filter_age-14-de","13":"pa_painter-jacques-louis-david","14":"pa_tip_ambalaj-kasten-a4-de","15":"pa_tip_puzzle-klassisch","17":"first","18":"instock","19":"taxable","20":"shipping-taxable","21":"product-type-simple"},"yoast_head":"<!-- This site is optimized with the Yoast SEO plugin v20.1 - https:\/\/yoast.com\/wordpress\/plugins\/seo\/ -->\n<title>Jacques-Louis David 1000-teiliges Puzzle f\u00fcr Erwachsene - Der Kaiser Napoleon in seinem Arbeitszimmer in den Tuilerien<\/title>\n<meta name=\"description\" content=\"Jacques-Louis David 1000-teiliges Puzzle f\u00fcr Erwachsene - Der Kaiser Napoleon in seinem Arbeitszimmer in den Tuilerien\" \/>\n<meta name=\"robots\" content=\"index, follow, max-snippet:-1, max-image-preview:large, max-video-preview:-1\" \/>\n<link rel=\"canonical\" href=\"https:\/\/business.roovi.com\/de\/jacques-louis-david-1000-teiliges-puzzle-fur-erwachsene-der-kaiser-napoleon-in-seinem-arbeitszimmer-in-den-tuilerien\/p\/\" \/>\n<meta property=\"og:locale\" content=\"de_DE\" \/>\n<meta property=\"og:type\" content=\"article\" \/>\n<meta property=\"og:title\" content=\"Jacques-Louis David 1000-teiliges Puzzle f\u00fcr Erwachsene - Der Kaiser Napoleon in seinem Arbeitszimmer in den Tuilerien\" \/>\n<meta property=\"og:description\" content=\"Jacques-Louis David 1000-teiliges Puzzle f\u00fcr Erwachsene - Der Kaiser Napoleon in seinem Arbeitszimmer in den Tuilerien\" \/>\n<meta property=\"og:url\" content=\"https:\/\/business.roovi.com\/de\/jacques-louis-david-1000-teiliges-puzzle-fur-erwachsene-der-kaiser-napoleon-in-seinem-arbeitszimmer-in-den-tuilerien\/p\/\" \/>\n<meta property=\"og:site_name\" content=\"Roovi B2B\" \/>\n<meta property=\"article:publisher\" content=\"https:\/\/www.facebook.com\/wwwjucariero\" \/>\n<meta property=\"article:modified_time\" content=\"2023-02-20T12:33:42+00:00\" \/>\n<meta property=\"og:image\" content=\"https:\/\/business.roovi.com\/wp-content\/uploads\/2018\/04\/72719-DA-02-WEB.jpg\" \/>\n\t<meta property=\"og:image:width\" content=\"1200\" \/>\n\t<meta property=\"og:image:height\" content=\"1200\" \/>\n\t<meta property=\"og:image:type\" content=\"image\/jpeg\" \/>\n<meta name=\"twitter:label1\" content=\"Gesch\u00e4tzte Lesezeit\" \/>\n\t<meta name=\"twitter:data1\" content=\"3\u00a0Minuten\" \/>\n<script type=\"application\/ld+json\" class=\"yoast-schema-graph\">{\"@context\":\"https:\/\/schema.org\",\"@graph\":[{\"@type\":\"WebPage\",\"@id\":\"https:\/\/business.roovi.com\/de\/jacques-louis-david-1000-teiliges-puzzle-fur-erwachsene-der-kaiser-napoleon-in-seinem-arbeitszimmer-in-den-tuilerien\/p\/\",\"url\":\"https:\/\/business.roovi.com\/de\/jacques-louis-david-1000-teiliges-puzzle-fur-erwachsene-der-kaiser-napoleon-in-seinem-arbeitszimmer-in-den-tuilerien\/p\/\",\"name\":\"Jacques-Louis David 1000-teiliges Puzzle f\u00fcr Erwachsene - Der Kaiser Napoleon in seinem Arbeitszimmer in den Tuilerien\",\"isPartOf\":{\"@id\":\"https:\/\/business.roovi.com\/de\/#website\"},\"datePublished\":\"2018-04-16T10:56:17+00:00\",\"dateModified\":\"2023-02-20T12:33:42+00:00\",\"description\":\"Jacques-Louis David 1000-teiliges Puzzle f\u00fcr Erwachsene - Der Kaiser Napoleon in seinem Arbeitszimmer in den Tuilerien\",\"breadcrumb\":{\"@id\":\"https:\/\/business.roovi.com\/de\/jacques-louis-david-1000-teiliges-puzzle-fur-erwachsene-der-kaiser-napoleon-in-seinem-arbeitszimmer-in-den-tuilerien\/p\/#breadcrumb\"},\"inLanguage\":\"de\",\"potentialAction\":[{\"@type\":\"ReadAction\",\"target\":[\"https:\/\/business.roovi.com\/de\/jacques-louis-david-1000-teiliges-puzzle-fur-erwachsene-der-kaiser-napoleon-in-seinem-arbeitszimmer-in-den-tuilerien\/p\/\"]}]},{\"@type\":\"BreadcrumbList\",\"@id\":\"https:\/\/business.roovi.com\/de\/jacques-louis-david-1000-teiliges-puzzle-fur-erwachsene-der-kaiser-napoleon-in-seinem-arbeitszimmer-in-den-tuilerien\/p\/#breadcrumb\",\"itemListElement\":[{\"@type\":\"ListItem\",\"position\":1,\"name\":\"Home\",\"item\":\"https:\/\/business.roovi.com\/de\/\"},{\"@type\":\"ListItem\",\"position\":2,\"name\":\"Shop\",\"item\":\"https:\/\/business.roovi.com\/de\/shop\/\"},{\"@type\":\"ListItem\",\"position\":3,\"name\":\"Jacques-Louis David 1000-teiliges Puzzle f\u00fcr Erwachsene &#8211; Der Kaiser Napoleon in seinem Arbeitszimmer in den Tuilerien\"}]},{\"@type\":\"WebSite\",\"@id\":\"https:\/\/business.roovi.com\/de\/#website\",\"url\":\"https:\/\/business.roovi.com\/de\/\",\"name\":\"Roovi B2B\",\"description\":\"Roovi Business Website\",\"potentialAction\":[{\"@type\":\"SearchAction\",\"target\":{\"@type\":\"EntryPoint\",\"urlTemplate\":\"https:\/\/business.roovi.com\/de\/?s={search_term_string}\"},\"query-input\":\"required name=search_term_string\"}],\"inLanguage\":\"de\"}]}<\/script>\n<!-- \/ Yoast SEO plugin. -->","yoast_head_json":{"title":"Jacques-Louis David 1000-teiliges Puzzle f\u00fcr Erwachsene - Der Kaiser Napoleon in seinem Arbeitszimmer in den Tuilerien","description":"Jacques-Louis David 1000-teiliges Puzzle f\u00fcr Erwachsene - Der Kaiser Napoleon in seinem Arbeitszimmer in den Tuilerien","robots":{"index":"index","follow":"follow","max-snippet":"max-snippet:-1","max-image-preview":"max-image-preview:large","max-video-preview":"max-video-preview:-1"},"canonical":"https:\/\/business.roovi.com\/de\/jacques-louis-david-1000-teiliges-puzzle-fur-erwachsene-der-kaiser-napoleon-in-seinem-arbeitszimmer-in-den-tuilerien\/p\/","og_locale":"de_DE","og_type":"article","og_title":"Jacques-Louis David 1000-teiliges Puzzle f\u00fcr Erwachsene - Der Kaiser Napoleon in seinem Arbeitszimmer in den Tuilerien","og_description":"Jacques-Louis David 1000-teiliges Puzzle f\u00fcr Erwachsene - Der Kaiser Napoleon in seinem Arbeitszimmer in den Tuilerien","og_url":"https:\/\/business.roovi.com\/de\/jacques-louis-david-1000-teiliges-puzzle-fur-erwachsene-der-kaiser-napoleon-in-seinem-arbeitszimmer-in-den-tuilerien\/p\/","og_site_name":"Roovi B2B","article_publisher":"https:\/\/www.facebook.com\/wwwjucariero","article_modified_time":"2023-02-20T12:33:42+00:00","og_image":[{"width":1200,"height":1200,"url":"https:\/\/business.roovi.com\/wp-content\/uploads\/2018\/04\/72719-DA-02-WEB.jpg","type":"image\/jpeg"}],"twitter_misc":{"Gesch\u00e4tzte Lesezeit":"3\u00a0Minuten"},"schema":{"@context":"https:\/\/schema.org","@graph":[{"@type":"WebPage","@id":"https:\/\/business.roovi.com\/de\/jacques-louis-david-1000-teiliges-puzzle-fur-erwachsene-der-kaiser-napoleon-in-seinem-arbeitszimmer-in-den-tuilerien\/p\/","url":"https:\/\/business.roovi.com\/de\/jacques-louis-david-1000-teiliges-puzzle-fur-erwachsene-der-kaiser-napoleon-in-seinem-arbeitszimmer-in-den-tuilerien\/p\/","name":"Jacques-Louis David 1000-teiliges Puzzle f\u00fcr Erwachsene - Der Kaiser Napoleon in seinem Arbeitszimmer in den Tuilerien","isPartOf":{"@id":"https:\/\/business.roovi.com\/de\/#website"},"datePublished":"2018-04-16T10:56:17+00:00","dateModified":"2023-02-20T12:33:42+00:00","description":"Jacques-Louis David 1000-teiliges Puzzle f\u00fcr Erwachsene - Der Kaiser Napoleon in seinem Arbeitszimmer in den Tuilerien","breadcrumb":{"@id":"https:\/\/business.roovi.com\/de\/jacques-louis-david-1000-teiliges-puzzle-fur-erwachsene-der-kaiser-napoleon-in-seinem-arbeitszimmer-in-den-tuilerien\/p\/#breadcrumb"},"inLanguage":"de","potentialAction":[{"@type":"ReadAction","target":["https:\/\/business.roovi.com\/de\/jacques-louis-david-1000-teiliges-puzzle-fur-erwachsene-der-kaiser-napoleon-in-seinem-arbeitszimmer-in-den-tuilerien\/p\/"]}]},{"@type":"BreadcrumbList","@id":"https:\/\/business.roovi.com\/de\/jacques-louis-david-1000-teiliges-puzzle-fur-erwachsene-der-kaiser-napoleon-in-seinem-arbeitszimmer-in-den-tuilerien\/p\/#breadcrumb","itemListElement":[{"@type":"ListItem","position":1,"name":"Home","item":"https:\/\/business.roovi.com\/de\/"},{"@type":"ListItem","position":2,"name":"Shop","item":"https:\/\/business.roovi.com\/de\/shop\/"},{"@type":"ListItem","position":3,"name":"Jacques-Louis David 1000-teiliges Puzzle f\u00fcr Erwachsene &#8211; Der Kaiser Napoleon in seinem Arbeitszimmer in den Tuilerien"}]},{"@type":"WebSite","@id":"https:\/\/business.roovi.com\/de\/#website","url":"https:\/\/business.roovi.com\/de\/","name":"Roovi B2B","description":"Roovi Business Website","potentialAction":[{"@type":"SearchAction","target":{"@type":"EntryPoint","urlTemplate":"https:\/\/business.roovi.com\/de\/?s={search_term_string}"},"query-input":"required name=search_term_string"}],"inLanguage":"de"}]}},"_links":{"self":[{"href":"https:\/\/business.roovi.com\/de\/wp-json\/wp\/v2\/product\/41978","targetHints":{"allow":["GET"]}}],"collection":[{"href":"https:\/\/business.roovi.com\/de\/wp-json\/wp\/v2\/product"}],"about":[{"href":"https:\/\/business.roovi.com\/de\/wp-json\/wp\/v2\/types\/product"}],"version-history":[{"count":0,"href":"https:\/\/business.roovi.com\/de\/wp-json\/wp\/v2\/product\/41978\/revisions"}],"wp:featuredmedia":[{"embeddable":true,"href":"https:\/\/business.roovi.com\/de\/wp-json\/wp\/v2\/media\/63322"}],"wp:attachment":[{"href":"https:\/\/business.roovi.com\/de\/wp-json\/wp\/v2\/media?parent=41978"}],"wp:term":[{"taxonomy":"product_brand","embeddable":true,"href":"https:\/\/business.roovi.com\/de\/wp-json\/wp\/v2\/product_brand?post=41978"},{"taxonomy":"product_cat","embeddable":true,"href":"https:\/\/business.roovi.com\/de\/wp-json\/wp\/v2\/product_cat?post=41978"},{"taxonomy":"product_tag","embeddable":true,"href":"https:\/\/business.roovi.com\/de\/wp-json\/wp\/v2\/product_tag?post=41978"}],"curies":[{"name":"wp","href":"https:\/\/api.w.org\/{rel}","templated":true}]}}