{"id":41982,"date":"2018-04-16T10:56:17","date_gmt":"2018-04-16T10:56:17","guid":{"rendered":"https:\/\/business.roovi.com\/puzzle-adulti-1000-piese-jean-leon-gerome-pool-in-a-harem\/p\/"},"modified":"2023-02-20T12:53:18","modified_gmt":"2023-02-20T12:53:18","slug":"jean-leon-gerome-1000-teiliges-puzzle-fur-erwachsene-pool-in-einem-harem","status":"publish","type":"product","link":"https:\/\/business.roovi.com\/de\/jean-leon-gerome-1000-teiliges-puzzle-fur-erwachsene-pool-in-einem-harem\/p\/","title":{"rendered":"Jean-L\u00e9on G\u00e9r\u00f4me 1000-teiliges Puzzle f\u00fcr Erwachsene &#8211; Pool in einem Harem"},"content":{"rendered":"<p><span style=\"font-weight: 400;\">Du suchst nach einer entspannenden und lustigen Aktivit\u00e4t? Wie w\u00e4re es, wenn du ein paar Kunstpuzzles zusammenstellst? W\u00e4hle aus unserer Sammlung von Puzzles f\u00fcr Erwachsene mit Bildern der ber\u00fchmtesten Gem\u00e4lde der Welt und baue deine eigene Kunstsammlung auf. Wir garantieren bis zu 30 Stunden Entspannung pro 1000-Teile-Puzzle. Au\u00dferdem wirst du wundersch\u00f6ne k\u00fcnstlerische Bilder erstellen, die an deinen W\u00e4nden wundersch\u00f6n aussehen werden.<\/span><\/p>\n<p><span style=\"font-weight: 400;\">Das 1000 Teile Puzzle von Jean-L\u00e9on G\u00e9r\u00f4me &#8211; Pool in einem Harem ist eine unserer Empfehlungen f\u00fcr dich. Ein 1000-teiliges Puzzle mit dem Bild eines Werkes, das einen ungesehenen Teil der muslimischen Welt des 19. Jahrhunderts zeigt. Der K\u00fcnstler vergisst nicht, explizite Darstellungen ethnischer Gruppen hervorzuheben: In der Mitte stehen zwei wei\u00dfe Frauen und ein schwarzer Sklave. G\u00e9r\u00f4me hat die genauen Details der Bodenbel\u00e4ge, des Marmors, der M\u00f6bel und sogar der Kleidung sorgf\u00e4ltig skizziert <\/span><\/p>\n<p><span style=\"font-weight: 400;\">Du bist mit einer gro\u00dfartigen Arbeit konfrontiert, die du mit Geduld und Ausdauer nachbearbeiten wirst. Das fertige Bild ist 50 x 70 cm gro\u00df und kann auf einem normalen Couchtisch aufgebaut werden.<\/span><\/p>\n<p><span style=\"font-weight: 400;\">Mehr Details zu Jean-L\u00e9on G\u00e9r\u00f4mes 1000-teiligem Puzzle &#8211; Pool in a Harem:<\/span><\/p>\n<p><strong>Puzzle-Material <\/strong><\/p>\n<p><strong>hochwertiger blauer Karton<\/strong><\/p>\n<p><strong>nachhaltige, recycelbare Materialien<\/strong><\/p>\n<p><strong>halbgl\u00e4nzende Oberfl\u00e4che, leuchtende Farben<\/strong><\/p>\n<p><strong>Anzahl der Puzzleteile: 1000<\/strong><\/p>\n<p><strong>Empfohlenes Alter: 14+<\/strong><\/p>\n<p><strong>Kunstr\u00e4tsel helfen dir, mindestens 5 F\u00e4higkeiten zu entwickeln<\/strong><\/p>\n<p><strong>Das sind sie:<\/strong><\/p>\n<p><strong> Liebe zum Detail <\/strong><span style=\"font-weight: 400;\">Bei Kunstr\u00e4tseln f\u00fchlst du dich wie ein echter Detektiv, der die richtigen Teile sucht und den mysteri\u00f6sen Fall des Kunstwerks l\u00f6st.<\/span><\/p>\n<p><strong> Logik<\/strong><span style=\"font-weight: 400;\"> &#8211; indem du Teile zusammenf\u00fcgst, die gleich aussehen und ein vollst\u00e4ndiges Bild ergeben.<\/span><\/p>\n<p><strong> Vorstellungskraft.<\/strong><span style=\"font-weight: 400;\"> Durch das L\u00f6sen von Kunstr\u00e4tseln werden die kleinen Geheimnisse der Kunstwerke gel\u00fcftet und deine Fantasie entf\u00fchrt dich in die Welt der Farben.<\/span><\/p>\n<p><strong> Beharrlichkeit.<\/strong><span style=\"font-weight: 400;\"> Durch Kunstr\u00e4tsel trainierst du diese F\u00e4higkeit und lernst, niemals aufzugeben, auch wenn die Situation hoffnungslos erscheint.<\/span><\/p>\n<p><strong> Geduld<\/strong><span style=\"font-weight: 400;\"> die deine Kunstpuzzle-Montage zu einem erfolgreichen Erlebnis machen.<\/span><\/p>\n<p><strong>Was wusstest du nicht \u00fcber Jean-L\u00e9on G\u00e9r\u00f4me und sein Werk Pool im Harem? <\/strong><\/p>\n<p><span style=\"font-weight: 400;\">Der K\u00fcnstler schuf dieses Werk nach mehreren Besuchen im Orient.<\/span><\/p>\n<p><span style=\"font-weight: 400;\">G\u00e9r\u00f4me hebt Architektur und Landschaften in einer Technik hervor, die als &#8222;akademischer Realismus&#8220; bekannt ist <\/span><\/p>\n<p><span style=\"font-weight: 400;\">Um das Gem\u00e4lde noch besonderer zu machen, kaufte der Maler Bilder des abgebildeten Ortes aus dem Atelier von Abdullah Freres. Aus diesem Grund wird das Gem\u00e4lde als ornamental betrachtet.<\/span><\/p>\n<p><span style=\"font-weight: 400;\">Er war f\u00fcr seinen kritischen Geist bekannt und verspottete \u00f6ffentlich viele seiner impressionistischen Zeitgenossen \u00c9douard Manet und Claude Monet <\/span><\/p>\n<p><span style=\"font-weight: 400;\">In den letzten 25 Jahren seines Lebens widmete er sich der Bildhauerei.<\/span><\/p>\n<p><strong>Puzzlespiele trennen dich von deinen Bildschirmen und verbinden dich mit deinen Liebsten!<\/strong><\/p>\n<p><span style=\"font-weight: 400;\">Mach eine Pause von den Bildschirmen und entdecke die Sch\u00f6nheit des Puzzlespiels mit 1000 Teilen mit deinen Lieben. Trainiere deine Kinder, Gro\u00dfeltern oder eine Gruppe von Freunden bei dieser Aktivit\u00e4t. Gemeinsam verbringt ihr viel Zeit miteinander und verbessert eure Teamf\u00e4higkeit und Kommunikationsf\u00e4higkeit.<\/span><span style=\"font-weight: 400;\">Kaufe jetzt das Kunstpuzzle von Jean-L\u00e9on G\u00e9r\u00f4me &#8211; Pool in einem Harem und stelle eine m\u00e4rchenhafte orientalische Szene nach. Rahme das fertige Bild aus dem 1000-Teile-Puzzle ein und stelle es in dein Lieblingszimmer <\/span><span style=\"font-weight: 400;\">Wenn du einem guten Freund eine sch\u00f6ne \u00dcberraschung machen willst, ist dieses Puzzlespiel aus der Kunstpuzzle-Kollektion die perfekte Wahl!<\/span><\/p>\n","protected":false},"excerpt":{"rendered":"<p>Du suchst nach einer entspannenden und lustigen Aktivit\u00e4t? Wie w\u00e4re es, wenn du ein paar Kunstpuzzles zusammenstellst? W\u00e4hle aus unserer<\/p>\n","protected":false},"featured_media":63351,"template":"","meta":[],"product_brand":[],"product_cat":[1916,1875,1915],"product_tag":[],"class_list":{"0":"post-41982","1":"product","2":"type-product","3":"status-publish","4":"has-post-thumbnail","6":"product_cat-1000-teile-puzzle","7":"product_cat-puzzle-de","8":"product_cat-puzzlespiele-fur-erwachsene","9":"pa_bax-10-de","10":"pa_brand-d_toys-de","11":"pa_country_of_manufacture-ro-de","12":"pa_filter_age-14-de","13":"pa_painter-jean-leon-gerome","14":"pa_tip_ambalaj-kasten-a4-de","15":"pa_tip_puzzle-klassisch","17":"first","18":"instock","19":"taxable","20":"shipping-taxable","21":"product-type-simple"},"yoast_head":"<!-- This site is optimized with the Yoast SEO plugin v20.1 - https:\/\/yoast.com\/wordpress\/plugins\/seo\/ -->\n<title>Jean-L\u00e9on G\u00e9r\u00f4me 1000-teiliges Puzzle f\u00fcr Erwachsene - Pool in einem Harem<\/title>\n<meta name=\"description\" content=\"Jean-L\u00e9on G\u00e9r\u00f4me 1000-teiliges Puzzle f\u00fcr Erwachsene - Pool in einem Harem\" \/>\n<meta name=\"robots\" content=\"index, follow, max-snippet:-1, max-image-preview:large, max-video-preview:-1\" \/>\n<link rel=\"canonical\" href=\"https:\/\/business.roovi.com\/de\/jean-leon-gerome-1000-teiliges-puzzle-fur-erwachsene-pool-in-einem-harem\/p\/\" \/>\n<meta property=\"og:locale\" content=\"de_DE\" \/>\n<meta property=\"og:type\" content=\"article\" \/>\n<meta property=\"og:title\" content=\"Jean-L\u00e9on G\u00e9r\u00f4me 1000-teiliges Puzzle f\u00fcr Erwachsene - Pool in einem Harem\" \/>\n<meta property=\"og:description\" content=\"Jean-L\u00e9on G\u00e9r\u00f4me 1000-teiliges Puzzle f\u00fcr Erwachsene - Pool in einem Harem\" \/>\n<meta property=\"og:url\" content=\"https:\/\/business.roovi.com\/de\/jean-leon-gerome-1000-teiliges-puzzle-fur-erwachsene-pool-in-einem-harem\/p\/\" \/>\n<meta property=\"og:site_name\" content=\"Roovi B2B\" \/>\n<meta property=\"article:publisher\" content=\"https:\/\/www.facebook.com\/wwwjucariero\" \/>\n<meta property=\"article:modified_time\" content=\"2023-02-20T12:53:18+00:00\" \/>\n<meta property=\"og:image\" content=\"https:\/\/business.roovi.com\/wp-content\/uploads\/2018\/04\/72726-GE-02-WEB.jpg\" \/>\n\t<meta property=\"og:image:width\" content=\"1200\" \/>\n\t<meta property=\"og:image:height\" content=\"1200\" \/>\n\t<meta property=\"og:image:type\" content=\"image\/jpeg\" \/>\n<meta name=\"twitter:label1\" content=\"Gesch\u00e4tzte Lesezeit\" \/>\n\t<meta name=\"twitter:data1\" content=\"3\u00a0Minuten\" \/>\n<script type=\"application\/ld+json\" class=\"yoast-schema-graph\">{\"@context\":\"https:\/\/schema.org\",\"@graph\":[{\"@type\":\"WebPage\",\"@id\":\"https:\/\/business.roovi.com\/de\/jean-leon-gerome-1000-teiliges-puzzle-fur-erwachsene-pool-in-einem-harem\/p\/\",\"url\":\"https:\/\/business.roovi.com\/de\/jean-leon-gerome-1000-teiliges-puzzle-fur-erwachsene-pool-in-einem-harem\/p\/\",\"name\":\"Jean-L\u00e9on G\u00e9r\u00f4me 1000-teiliges Puzzle f\u00fcr Erwachsene - Pool in einem Harem\",\"isPartOf\":{\"@id\":\"https:\/\/business.roovi.com\/de\/#website\"},\"datePublished\":\"2018-04-16T10:56:17+00:00\",\"dateModified\":\"2023-02-20T12:53:18+00:00\",\"description\":\"Jean-L\u00e9on G\u00e9r\u00f4me 1000-teiliges Puzzle f\u00fcr Erwachsene - Pool in einem Harem\",\"breadcrumb\":{\"@id\":\"https:\/\/business.roovi.com\/de\/jean-leon-gerome-1000-teiliges-puzzle-fur-erwachsene-pool-in-einem-harem\/p\/#breadcrumb\"},\"inLanguage\":\"de\",\"potentialAction\":[{\"@type\":\"ReadAction\",\"target\":[\"https:\/\/business.roovi.com\/de\/jean-leon-gerome-1000-teiliges-puzzle-fur-erwachsene-pool-in-einem-harem\/p\/\"]}]},{\"@type\":\"BreadcrumbList\",\"@id\":\"https:\/\/business.roovi.com\/de\/jean-leon-gerome-1000-teiliges-puzzle-fur-erwachsene-pool-in-einem-harem\/p\/#breadcrumb\",\"itemListElement\":[{\"@type\":\"ListItem\",\"position\":1,\"name\":\"Home\",\"item\":\"https:\/\/business.roovi.com\/de\/\"},{\"@type\":\"ListItem\",\"position\":2,\"name\":\"Shop\",\"item\":\"https:\/\/business.roovi.com\/de\/shop\/\"},{\"@type\":\"ListItem\",\"position\":3,\"name\":\"Jean-L\u00e9on G\u00e9r\u00f4me 1000-teiliges Puzzle f\u00fcr Erwachsene &#8211; Pool in einem Harem\"}]},{\"@type\":\"WebSite\",\"@id\":\"https:\/\/business.roovi.com\/de\/#website\",\"url\":\"https:\/\/business.roovi.com\/de\/\",\"name\":\"Roovi B2B\",\"description\":\"Roovi Business Website\",\"potentialAction\":[{\"@type\":\"SearchAction\",\"target\":{\"@type\":\"EntryPoint\",\"urlTemplate\":\"https:\/\/business.roovi.com\/de\/?s={search_term_string}\"},\"query-input\":\"required name=search_term_string\"}],\"inLanguage\":\"de\"}]}<\/script>\n<!-- \/ Yoast SEO plugin. -->","yoast_head_json":{"title":"Jean-L\u00e9on G\u00e9r\u00f4me 1000-teiliges Puzzle f\u00fcr Erwachsene - Pool in einem Harem","description":"Jean-L\u00e9on G\u00e9r\u00f4me 1000-teiliges Puzzle f\u00fcr Erwachsene - Pool in einem Harem","robots":{"index":"index","follow":"follow","max-snippet":"max-snippet:-1","max-image-preview":"max-image-preview:large","max-video-preview":"max-video-preview:-1"},"canonical":"https:\/\/business.roovi.com\/de\/jean-leon-gerome-1000-teiliges-puzzle-fur-erwachsene-pool-in-einem-harem\/p\/","og_locale":"de_DE","og_type":"article","og_title":"Jean-L\u00e9on G\u00e9r\u00f4me 1000-teiliges Puzzle f\u00fcr Erwachsene - Pool in einem Harem","og_description":"Jean-L\u00e9on G\u00e9r\u00f4me 1000-teiliges Puzzle f\u00fcr Erwachsene - Pool in einem Harem","og_url":"https:\/\/business.roovi.com\/de\/jean-leon-gerome-1000-teiliges-puzzle-fur-erwachsene-pool-in-einem-harem\/p\/","og_site_name":"Roovi B2B","article_publisher":"https:\/\/www.facebook.com\/wwwjucariero","article_modified_time":"2023-02-20T12:53:18+00:00","og_image":[{"width":1200,"height":1200,"url":"https:\/\/business.roovi.com\/wp-content\/uploads\/2018\/04\/72726-GE-02-WEB.jpg","type":"image\/jpeg"}],"twitter_misc":{"Gesch\u00e4tzte Lesezeit":"3\u00a0Minuten"},"schema":{"@context":"https:\/\/schema.org","@graph":[{"@type":"WebPage","@id":"https:\/\/business.roovi.com\/de\/jean-leon-gerome-1000-teiliges-puzzle-fur-erwachsene-pool-in-einem-harem\/p\/","url":"https:\/\/business.roovi.com\/de\/jean-leon-gerome-1000-teiliges-puzzle-fur-erwachsene-pool-in-einem-harem\/p\/","name":"Jean-L\u00e9on G\u00e9r\u00f4me 1000-teiliges Puzzle f\u00fcr Erwachsene - Pool in einem Harem","isPartOf":{"@id":"https:\/\/business.roovi.com\/de\/#website"},"datePublished":"2018-04-16T10:56:17+00:00","dateModified":"2023-02-20T12:53:18+00:00","description":"Jean-L\u00e9on G\u00e9r\u00f4me 1000-teiliges Puzzle f\u00fcr Erwachsene - Pool in einem Harem","breadcrumb":{"@id":"https:\/\/business.roovi.com\/de\/jean-leon-gerome-1000-teiliges-puzzle-fur-erwachsene-pool-in-einem-harem\/p\/#breadcrumb"},"inLanguage":"de","potentialAction":[{"@type":"ReadAction","target":["https:\/\/business.roovi.com\/de\/jean-leon-gerome-1000-teiliges-puzzle-fur-erwachsene-pool-in-einem-harem\/p\/"]}]},{"@type":"BreadcrumbList","@id":"https:\/\/business.roovi.com\/de\/jean-leon-gerome-1000-teiliges-puzzle-fur-erwachsene-pool-in-einem-harem\/p\/#breadcrumb","itemListElement":[{"@type":"ListItem","position":1,"name":"Home","item":"https:\/\/business.roovi.com\/de\/"},{"@type":"ListItem","position":2,"name":"Shop","item":"https:\/\/business.roovi.com\/de\/shop\/"},{"@type":"ListItem","position":3,"name":"Jean-L\u00e9on G\u00e9r\u00f4me 1000-teiliges Puzzle f\u00fcr Erwachsene &#8211; Pool in einem Harem"}]},{"@type":"WebSite","@id":"https:\/\/business.roovi.com\/de\/#website","url":"https:\/\/business.roovi.com\/de\/","name":"Roovi B2B","description":"Roovi Business Website","potentialAction":[{"@type":"SearchAction","target":{"@type":"EntryPoint","urlTemplate":"https:\/\/business.roovi.com\/de\/?s={search_term_string}"},"query-input":"required name=search_term_string"}],"inLanguage":"de"}]}},"_links":{"self":[{"href":"https:\/\/business.roovi.com\/de\/wp-json\/wp\/v2\/product\/41982","targetHints":{"allow":["GET"]}}],"collection":[{"href":"https:\/\/business.roovi.com\/de\/wp-json\/wp\/v2\/product"}],"about":[{"href":"https:\/\/business.roovi.com\/de\/wp-json\/wp\/v2\/types\/product"}],"version-history":[{"count":0,"href":"https:\/\/business.roovi.com\/de\/wp-json\/wp\/v2\/product\/41982\/revisions"}],"wp:featuredmedia":[{"embeddable":true,"href":"https:\/\/business.roovi.com\/de\/wp-json\/wp\/v2\/media\/63351"}],"wp:attachment":[{"href":"https:\/\/business.roovi.com\/de\/wp-json\/wp\/v2\/media?parent=41982"}],"wp:term":[{"taxonomy":"product_brand","embeddable":true,"href":"https:\/\/business.roovi.com\/de\/wp-json\/wp\/v2\/product_brand?post=41982"},{"taxonomy":"product_cat","embeddable":true,"href":"https:\/\/business.roovi.com\/de\/wp-json\/wp\/v2\/product_cat?post=41982"},{"taxonomy":"product_tag","embeddable":true,"href":"https:\/\/business.roovi.com\/de\/wp-json\/wp\/v2\/product_tag?post=41982"}],"curies":[{"name":"wp","href":"https:\/\/api.w.org\/{rel}","templated":true}]}}