{"id":41990,"date":"2018-04-16T10:56:17","date_gmt":"2018-04-16T10:56:17","guid":{"rendered":"https:\/\/business.roovi.com\/puzzle-adulti-1000-piese-jean-leon-gerome-diogenes\/p\/"},"modified":"2022-07-06T18:29:42","modified_gmt":"2022-07-06T18:29:42","slug":"1000-teile-puzzle-fur-erwachsene-jean-leon-gerome-diogenes","status":"publish","type":"product","link":"https:\/\/business.roovi.com\/de\/1000-teile-puzzle-fur-erwachsene-jean-leon-gerome-diogenes\/p\/","title":{"rendered":"1000-Teile-Puzzle f\u00fcr Erwachsene Jean-L\u00e9on G\u00e9r\u00f4me &#8211; Diogenes"},"content":{"rendered":"<p><span style=\"font-weight: 400\">Bist du bereit f\u00fcr eine neue Herausforderung? Setze Kunstpuzzle zusammen und baue deine eigenen k\u00fcnstlerischen Gem\u00e4lde. Du wirst viele Stunden entspannten Spa\u00df haben und die Feinheiten bekannter Kunstwerke entdecken.<\/span><\/p>\n<p><span style=\"font-weight: 400\">In unserer Sammlung von Kunstr\u00e4tseln findest du Bilder von Gem\u00e4lden von Leonardo da Vinci, Claude Monet, Gustav Klimt und vielen anderen. All diese Meisterwerke sind nur einen Klick entfernt. W\u00e4hle deine Lieblings-Kunstpuzzles aus und beginne mit dem gro\u00dfen Zusammenbau! Am Ende wirst du eine richtige Kunstsammlung haben.<\/span><\/p>\n<p><span style=\"font-weight: 400\">Wir haben eine besondere Empfehlung f\u00fcr dich: das 1000-teilige Puzzle Jean-L\u00e9on G\u00e9r\u00f4me &#8211; Diogenes, das das Bild eines der sch\u00f6nsten Gem\u00e4lde des franz\u00f6sischen K\u00fcnstlers zeigt. Wenn du dich f\u00fcr Philosophie begeisterst oder ein wenig \u00fcber das Leben von Diogenes wei\u00dft, wirst du dieses Kunstwerk im Kunstpuzzle umso mehr verstehen.<\/span><\/p>\n<p><span style=\"font-weight: 400\">G\u00e9r\u00f4me portr\u00e4tiert Diogenes in der ber\u00fchmten Tonwanne, die der griechische Philosoph sein Zuhause nannte. Das Gem\u00e4lde ist in der Tat das Bild des Philosophen durch die Augen des K\u00fcnstlers. Das Zusammensetzen dieses wunderbaren 1000-teiligen Puzzles ist auch ein guter Moment, um \u00fcber die einfachen Freuden des Lebens nachzudenken. Also lehn dich zur\u00fcck, zieh deinen Couchtisch im Wohnzimmer zu und erschaffe dein eigenes Kunstwerk!<\/span><\/p>\n<p><strong>Merkmale des Kunstr\u00e4tsels: Jean-L\u00e9on G\u00e9r\u00f4me &#8211; Diogenes <\/strong><\/p>\n<p><strong>Gr\u00f6\u00dfe des rekonstruierten Bildes: 50 x 70 cm <\/strong><\/p>\n<p><strong>Puzzle-Material <\/strong><\/p>\n<p><strong>hochwertiger blauer Karton<\/strong><\/p>\n<p><strong>nachhaltige, recycelbare Materialien<\/strong><\/p>\n<p><strong>halbgl\u00e4nzende Oberfl\u00e4che, leuchtende Farben<\/strong><\/p>\n<p><strong>Anzahl der Puzzleteile: 1000<\/strong><\/p>\n<p><strong>Empfohlenes Alter: 14+<\/strong><\/p>\n<p><strong>Welche F\u00e4higkeiten entwickelst du, wenn du Puzzles zusammensetzt?<\/strong><\/p>\n<p><strong>Speicher<\/strong><span style=\"font-weight: 400\"> &#8211; das Zusammensetzen von Puzzles f\u00fcr Erwachsene st\u00e4rkt die Gehirnverbindungen und verbessert das Kurzzeitged\u00e4chtnis.<\/span><\/p>\n<p><strong>Visuell-r\u00e4umliche Intelligenz <\/strong><span style=\"font-weight: 400\">&#8211; wenn du ein 1000-Teile-Puzzle machst, analysierst du jedes Teil einzeln und machst dir seinen Platz im gro\u00dfen Ganzen klar. Diese \u00dcbung hilft dir, deine visuell-r\u00e4umliche Intelligenz zu entwickeln.<\/span><\/p>\n<p><strong>F\u00e4higkeit zur Konzentration<\/strong><span style=\"font-weight: 400\"> &#8211; ein Puzzlespiel h\u00e4lt dich f\u00fcr mehrere Stunden bei der Stange und trainiert deinen Geist, sich auf eine einzige Aufgabe zu konzentrieren und alle anderen Gedanken oder Sorgen, die in diesem Moment nicht wichtig sind, hinter sich zu lassen.<\/span><\/p>\n<p><strong>Liebe zum Detail<\/strong><span style=\"font-weight: 400\"> &#8211; puzzeln f\u00fcr Erwachsene ist eine tolle \u00dcbung f\u00fcr die Aufmerksamkeit. In so vielen Bereichen des t\u00e4glichen Lebens brauchst du diese F\u00e4higkeit, also mach das Beste aus dieser Aktivit\u00e4t.<\/span><\/p>\n<p><strong>Kuriosit\u00e4ten \u00fcber Jean-L\u00e9on G\u00e9r\u00f4me<\/strong><\/p>\n<p><span style=\"font-weight: 400\">Drei Jahre nachdem er sein Gem\u00e4lde Diogenes ausgestellt hatte, wurde G\u00e9r\u00f4me zum Professor an der Ecole des Beaux-Arts ernannt. Hier sollte er viele Sch\u00fcler aus Frankreich und anderen L\u00e4ndern der Welt unterrichten <\/span><\/p>\n<p><span style=\"font-weight: 400\">Nach mehreren Reisen in den Nahen Osten schuf der K\u00fcnstler mehrere Gem\u00e4lde, die die arabische und muslimische Kultur beleuchten. Einige Kritiker waren der Meinung, dass diese Werke kulturellen und sozialen Stereotypen fr\u00f6nen. Die Gem\u00e4lde dieser Serie sind jedoch \u00e4u\u00dferst wertvoll und werden heute gesch\u00e4tzt.<\/span><\/p>\n<p><span style=\"font-weight: 400\">Er verk\u00f6rperte die Wahrheit in der Kunst in Form einer nackten Frau, die entweder in einen leeren Brunnen geworfen wird, auf dem Grund des Brunnens steht oder aus ihm aufsteigt. Einige Kunstkritiker glauben, dass diese Gem\u00e4lde G\u00e9r\u00f4mes heftige und b\u00f6sartige Kritik an den Impressionisten widerspiegeln.<\/span><\/p>\n<p><span style=\"font-weight: 400\">Er starb im Alter von 79 Jahren. Man fand ihn atemlos vor einem Rembrandt-Gem\u00e4lde und neben einem seiner eigenen Bilder, das die Wahrheit darstellt.<\/span><\/p>\n<p><strong>Kunstr\u00e4tsel bieten einzigartige Momente der Entspannung und Meditation<\/strong><\/p>\n<p><span style=\"font-weight: 400\">Vor einem Kunstpuzzle zu sitzen ist eine meditative Erfahrung, nicht nur eine entspannende. Ehe du dich versiehst, ist dein Geist leer von Gedanken und Sorgen und deine einzige Sorge ist es, das Bild, das du vor dir siehst, neu zu erschaffen. Normalerweise ist es schwierig, deinen Geist zu kontrollieren und dich auf einen einzigen Gedanken oder eine T\u00e4tigkeit zu konzentrieren, aber wenn du ein Kunstr\u00e4tsel wiederholst, geht das m\u00fchelos. Mache so viele Kunstr\u00e4tsel wie m\u00f6glich und erlebe einen Zustand der totalen Energie und Entspannung!<\/span><\/p>\n<p><span style=\"font-weight: 400\">Kaufe jetzt das 1000-Teile-Puzzle Jean-L\u00e9on G\u00e9r\u00f4me &#8211; Diogenes und verbringe deine Freizeit auf klassische, entspannende Weise. Lade deine Freunde ein und mache das Kunstpuzzle zu einem einzigartigen Brettspiel, das euch unvergessliche gemeinsame Momente beschert.<\/span><\/p>\n<p><span style=\"font-weight: 400\">Wenn du auf der Suche nach einem Geschenk f\u00fcr einen lieben Menschen bist, ist das Jean-L\u00e9on G\u00e9r\u00f4me &#8211; Diogenes Kunstpuzzle die richtige Wahl.<\/span><\/p>\n","protected":false},"excerpt":{"rendered":"<p>Bist du bereit f\u00fcr eine neue Herausforderung? Setze Kunstpuzzle zusammen und baue deine eigenen k\u00fcnstlerischen Gem\u00e4lde. Du wirst viele Stunden<\/p>\n","protected":false},"featured_media":63365,"template":"","meta":[],"product_brand":[],"product_cat":[1607,1608,1610],"product_tag":[],"class_list":{"0":"post-41990","1":"product","2":"type-product","3":"status-publish","4":"has-post-thumbnail","6":"product_cat-puzzles","7":"product_cat-adult-jigsaw-puzzles","8":"product_cat-1000-piece-jigsaw-puzzles","9":"pa_bax-10-en","10":"pa_brand-d_toys-en","11":"pa_country_of_manufacture-ro-en","12":"pa_filter_age-14-en","13":"pa_painter-jean_leongerome-en","14":"pa_tip_ambalaj-box","15":"pa_tip_puzzle-classic","17":"first","18":"instock","19":"taxable","20":"shipping-taxable","21":"product-type-simple"},"yoast_head":"<!-- This site is optimized with the Yoast SEO plugin v20.1 - https:\/\/yoast.com\/wordpress\/plugins\/seo\/ -->\n<title>1000-Teile-Puzzle f\u00fcr Erwachsene Jean-L\u00e9on G\u00e9r\u00f4me - Diogenes<\/title>\n<meta name=\"description\" content=\"1000-Teile-Puzzle f\u00fcr Erwachsene Jean-L\u00e9on G\u00e9r\u00f4me - Diogenes\" \/>\n<meta name=\"robots\" content=\"index, follow, max-snippet:-1, max-image-preview:large, max-video-preview:-1\" \/>\n<link rel=\"canonical\" href=\"https:\/\/business.roovi.com\/de\/1000-teile-puzzle-fur-erwachsene-jean-leon-gerome-diogenes\/p\/\" \/>\n<meta property=\"og:locale\" content=\"de_DE\" \/>\n<meta property=\"og:type\" content=\"article\" \/>\n<meta property=\"og:title\" content=\"1000-Teile-Puzzle f\u00fcr Erwachsene Jean-L\u00e9on G\u00e9r\u00f4me - Diogenes\" \/>\n<meta property=\"og:description\" content=\"1000-Teile-Puzzle f\u00fcr Erwachsene Jean-L\u00e9on G\u00e9r\u00f4me - Diogenes\" \/>\n<meta property=\"og:url\" content=\"https:\/\/business.roovi.com\/de\/1000-teile-puzzle-fur-erwachsene-jean-leon-gerome-diogenes\/p\/\" \/>\n<meta property=\"og:site_name\" content=\"Roovi B2B\" \/>\n<meta property=\"article:publisher\" content=\"https:\/\/www.facebook.com\/wwwjucariero\" \/>\n<meta property=\"article:modified_time\" content=\"2022-07-06T18:29:42+00:00\" \/>\n<meta property=\"og:image\" content=\"https:\/\/business.roovi.com\/wp-content\/uploads\/2018\/04\/72726-04_ansamblu_dimensiuni_cutie_cm_orizontal_1200x1200.png\" \/>\n\t<meta property=\"og:image:width\" content=\"1200\" \/>\n\t<meta property=\"og:image:height\" content=\"1200\" \/>\n\t<meta property=\"og:image:type\" content=\"image\/png\" \/>\n<meta name=\"twitter:label1\" content=\"Gesch\u00e4tzte Lesezeit\" \/>\n\t<meta name=\"twitter:data1\" content=\"4\u00a0Minuten\" \/>\n<script type=\"application\/ld+json\" class=\"yoast-schema-graph\">{\"@context\":\"https:\/\/schema.org\",\"@graph\":[{\"@type\":\"WebPage\",\"@id\":\"https:\/\/business.roovi.com\/de\/1000-teile-puzzle-fur-erwachsene-jean-leon-gerome-diogenes\/p\/\",\"url\":\"https:\/\/business.roovi.com\/de\/1000-teile-puzzle-fur-erwachsene-jean-leon-gerome-diogenes\/p\/\",\"name\":\"1000-Teile-Puzzle f\u00fcr Erwachsene Jean-L\u00e9on G\u00e9r\u00f4me - Diogenes\",\"isPartOf\":{\"@id\":\"https:\/\/business.roovi.com\/de\/#website\"},\"datePublished\":\"2018-04-16T10:56:17+00:00\",\"dateModified\":\"2022-07-06T18:29:42+00:00\",\"description\":\"1000-Teile-Puzzle f\u00fcr Erwachsene Jean-L\u00e9on G\u00e9r\u00f4me - Diogenes\",\"breadcrumb\":{\"@id\":\"https:\/\/business.roovi.com\/de\/1000-teile-puzzle-fur-erwachsene-jean-leon-gerome-diogenes\/p\/#breadcrumb\"},\"inLanguage\":\"de\",\"potentialAction\":[{\"@type\":\"ReadAction\",\"target\":[\"https:\/\/business.roovi.com\/de\/1000-teile-puzzle-fur-erwachsene-jean-leon-gerome-diogenes\/p\/\"]}]},{\"@type\":\"BreadcrumbList\",\"@id\":\"https:\/\/business.roovi.com\/de\/1000-teile-puzzle-fur-erwachsene-jean-leon-gerome-diogenes\/p\/#breadcrumb\",\"itemListElement\":[{\"@type\":\"ListItem\",\"position\":1,\"name\":\"Home\",\"item\":\"https:\/\/business.roovi.com\/de\/\"},{\"@type\":\"ListItem\",\"position\":2,\"name\":\"Shop\",\"item\":\"https:\/\/business.roovi.com\/de\/shop\/\"},{\"@type\":\"ListItem\",\"position\":3,\"name\":\"1000-Teile-Puzzle f\u00fcr Erwachsene Jean-L\u00e9on G\u00e9r\u00f4me &#8211; Diogenes\"}]},{\"@type\":\"WebSite\",\"@id\":\"https:\/\/business.roovi.com\/de\/#website\",\"url\":\"https:\/\/business.roovi.com\/de\/\",\"name\":\"Roovi B2B\",\"description\":\"Roovi Business Website\",\"potentialAction\":[{\"@type\":\"SearchAction\",\"target\":{\"@type\":\"EntryPoint\",\"urlTemplate\":\"https:\/\/business.roovi.com\/de\/?s={search_term_string}\"},\"query-input\":\"required name=search_term_string\"}],\"inLanguage\":\"de\"}]}<\/script>\n<!-- \/ Yoast SEO plugin. -->","yoast_head_json":{"title":"1000-Teile-Puzzle f\u00fcr Erwachsene Jean-L\u00e9on G\u00e9r\u00f4me - Diogenes","description":"1000-Teile-Puzzle f\u00fcr Erwachsene Jean-L\u00e9on G\u00e9r\u00f4me - Diogenes","robots":{"index":"index","follow":"follow","max-snippet":"max-snippet:-1","max-image-preview":"max-image-preview:large","max-video-preview":"max-video-preview:-1"},"canonical":"https:\/\/business.roovi.com\/de\/1000-teile-puzzle-fur-erwachsene-jean-leon-gerome-diogenes\/p\/","og_locale":"de_DE","og_type":"article","og_title":"1000-Teile-Puzzle f\u00fcr Erwachsene Jean-L\u00e9on G\u00e9r\u00f4me - Diogenes","og_description":"1000-Teile-Puzzle f\u00fcr Erwachsene Jean-L\u00e9on G\u00e9r\u00f4me - Diogenes","og_url":"https:\/\/business.roovi.com\/de\/1000-teile-puzzle-fur-erwachsene-jean-leon-gerome-diogenes\/p\/","og_site_name":"Roovi B2B","article_publisher":"https:\/\/www.facebook.com\/wwwjucariero","article_modified_time":"2022-07-06T18:29:42+00:00","og_image":[{"width":1200,"height":1200,"url":"https:\/\/business.roovi.com\/wp-content\/uploads\/2018\/04\/72726-04_ansamblu_dimensiuni_cutie_cm_orizontal_1200x1200.png","type":"image\/png"}],"twitter_misc":{"Gesch\u00e4tzte Lesezeit":"4\u00a0Minuten"},"schema":{"@context":"https:\/\/schema.org","@graph":[{"@type":"WebPage","@id":"https:\/\/business.roovi.com\/de\/1000-teile-puzzle-fur-erwachsene-jean-leon-gerome-diogenes\/p\/","url":"https:\/\/business.roovi.com\/de\/1000-teile-puzzle-fur-erwachsene-jean-leon-gerome-diogenes\/p\/","name":"1000-Teile-Puzzle f\u00fcr Erwachsene Jean-L\u00e9on G\u00e9r\u00f4me - Diogenes","isPartOf":{"@id":"https:\/\/business.roovi.com\/de\/#website"},"datePublished":"2018-04-16T10:56:17+00:00","dateModified":"2022-07-06T18:29:42+00:00","description":"1000-Teile-Puzzle f\u00fcr Erwachsene Jean-L\u00e9on G\u00e9r\u00f4me - Diogenes","breadcrumb":{"@id":"https:\/\/business.roovi.com\/de\/1000-teile-puzzle-fur-erwachsene-jean-leon-gerome-diogenes\/p\/#breadcrumb"},"inLanguage":"de","potentialAction":[{"@type":"ReadAction","target":["https:\/\/business.roovi.com\/de\/1000-teile-puzzle-fur-erwachsene-jean-leon-gerome-diogenes\/p\/"]}]},{"@type":"BreadcrumbList","@id":"https:\/\/business.roovi.com\/de\/1000-teile-puzzle-fur-erwachsene-jean-leon-gerome-diogenes\/p\/#breadcrumb","itemListElement":[{"@type":"ListItem","position":1,"name":"Home","item":"https:\/\/business.roovi.com\/de\/"},{"@type":"ListItem","position":2,"name":"Shop","item":"https:\/\/business.roovi.com\/de\/shop\/"},{"@type":"ListItem","position":3,"name":"1000-Teile-Puzzle f\u00fcr Erwachsene Jean-L\u00e9on G\u00e9r\u00f4me &#8211; Diogenes"}]},{"@type":"WebSite","@id":"https:\/\/business.roovi.com\/de\/#website","url":"https:\/\/business.roovi.com\/de\/","name":"Roovi B2B","description":"Roovi Business Website","potentialAction":[{"@type":"SearchAction","target":{"@type":"EntryPoint","urlTemplate":"https:\/\/business.roovi.com\/de\/?s={search_term_string}"},"query-input":"required name=search_term_string"}],"inLanguage":"de"}]}},"_links":{"self":[{"href":"https:\/\/business.roovi.com\/de\/wp-json\/wp\/v2\/product\/41990","targetHints":{"allow":["GET"]}}],"collection":[{"href":"https:\/\/business.roovi.com\/de\/wp-json\/wp\/v2\/product"}],"about":[{"href":"https:\/\/business.roovi.com\/de\/wp-json\/wp\/v2\/types\/product"}],"version-history":[{"count":0,"href":"https:\/\/business.roovi.com\/de\/wp-json\/wp\/v2\/product\/41990\/revisions"}],"wp:featuredmedia":[{"embeddable":true,"href":"https:\/\/business.roovi.com\/de\/wp-json\/wp\/v2\/media\/63365"}],"wp:attachment":[{"href":"https:\/\/business.roovi.com\/de\/wp-json\/wp\/v2\/media?parent=41990"}],"wp:term":[{"taxonomy":"product_brand","embeddable":true,"href":"https:\/\/business.roovi.com\/de\/wp-json\/wp\/v2\/product_brand?post=41990"},{"taxonomy":"product_cat","embeddable":true,"href":"https:\/\/business.roovi.com\/de\/wp-json\/wp\/v2\/product_cat?post=41990"},{"taxonomy":"product_tag","embeddable":true,"href":"https:\/\/business.roovi.com\/de\/wp-json\/wp\/v2\/product_tag?post=41990"}],"curies":[{"name":"wp","href":"https:\/\/api.w.org\/{rel}","templated":true}]}}