{"id":42002,"date":"2018-04-16T10:56:17","date_gmt":"2018-04-16T10:56:17","guid":{"rendered":"https:\/\/business.roovi.com\/puzzle-adulti-1000-piese-john-william-waterhouse-echo-and-narcissus\/p\/"},"modified":"2022-07-06T18:34:14","modified_gmt":"2022-07-06T18:34:14","slug":"1000-teile-puzzle-fur-erwachsene-john-william-waterhouse-echo-and-narcissus","status":"publish","type":"product","link":"https:\/\/business.roovi.com\/de\/1000-teile-puzzle-fur-erwachsene-john-william-waterhouse-echo-and-narcissus\/p\/","title":{"rendered":"1000 Teile Puzzle f\u00fcr Erwachsene John William Waterhouse &#8211; Echo and Narcissus"},"content":{"rendered":"<p><span style=\"font-weight: 400\">F\u00fchlst du dich inspiriert? Wir fordern dich heraus, 1000 Teile aus unserer gr\u00f6\u00dften Sammlung von Kunstpuzzles zu puzzeln! Du kannst dich bis zu 30 Stunden lang entspannen und bekommst am Ende ein Kunstwerk, das du mit deinen eigenen H\u00e4nden geschaffen hast!<\/span><\/p>\n<p><span style=\"font-weight: 400\">Das 1000 Piece Puzzle &#8211; Echo and Narcissus von John William Waterhouse zeigt den Mythos von Narziss, der sich in sein eigenes Bild verliebt, das als Gem\u00e4lde dargestellt ist. Wenn du dich f\u00fcr mythologische Themen und gro\u00dfe Meisterwerke der Kunst begeisterst, wird dich dieses gro\u00dfartige Gem\u00e4lde sicher faszinieren. Und die Herausforderung, es nachzubauen, wird eine reizvolle Erfahrung sein.<\/span><\/p>\n<p><span style=\"font-weight: 400\">Um das 1000-teilige Puzzle zusammenzusetzen, kannst du einen normalen Couchtisch als Unterlage f\u00fcr die Teile verwenden. Das rekonstruierte Bild ist 50 x 70 cm gro\u00df.<\/span><\/p>\n<p><span style=\"font-weight: 400\">John William Waterhouse &#8211; Echo and Narcissus Kunstpuzzle Merkmale<\/span><\/p>\n<p><strong>Puzzle-Material <\/strong><\/p>\n<p><strong>hochwertiger blauer Karton<\/strong><\/p>\n<p><strong>nachhaltige, recycelbare Materialien<\/strong><\/p>\n<p><strong>halbgl\u00e4nzende Oberfl\u00e4che, leuchtende Farben<\/strong><\/p>\n<p><strong>Anzahl der Puzzleteile: 1000<\/strong><\/p>\n<p><strong>Empfohlenes Alter: 14+<\/strong><\/p>\n<p><strong>Puzzlespiele helfen beim Stressabbau<\/strong><\/p>\n<p><span style=\"font-weight: 400\">Puzzles f\u00fcr Erwachsene haben die erstaunliche Eigenschaft, zu entspannen und Stress abzubauen. Es wurde herausgefunden, dass das menschliche Gehirn w\u00e4hrend der Montageaktivit\u00e4t vom &#8222;Beta&#8220;- oder Wachzustand in den &#8222;Alpha&#8220;-Zustand wechselt, den wir beim Tr\u00e4umen erleben. Deshalb helfen dir Puzzles dabei:<\/span><\/p>\n<ul>\n<li><span style=\"font-weight: 400\">Habe eine bessere Stimmung<\/span><\/li>\n<li><span style=\"font-weight: 400\">Trenne dich von all deinen t\u00e4glichen Problemen<\/span><\/li>\n<li><span style=\"font-weight: 400\">Einen insgesamt verbesserten Gesundheitszustand haben.<\/span><\/li>\n<li><span style=\"font-weight: 400\">Sei ruhiger und selbstbewusster.<\/span><\/li>\n<\/ul>\n<p><strong>\u00dcber <\/strong><strong>Kanntest du John William Waterhouse?<\/strong><\/p>\n<ul>\n<li><span style=\"font-weight: 400\">Er stammt aus einer K\u00fcnstlerfamilie, aber sein genaues Geburtsdatum ist nicht bekannt.<\/span><\/li>\n<li><span style=\"font-weight: 400\">Er wurde in Rom geboren und bekam als Kind den Spitznamen &#8222;Nino&#8220;.<\/span><\/li>\n<li><span style=\"font-weight: 400\">Er malte urspr\u00fcnglich im akademischen Stil, wechselte aber sp\u00e4ter zum pr\u00e4raffaelitischen Stil.<\/span><\/li>\n<li><span style=\"font-weight: 400\">Er war mit einer Malerin verheiratet, mit der er zwei T\u00f6chter hatte, die im Kindesalter starben.<\/span><\/li>\n<li><span style=\"font-weight: 400\">Er ist vor allem f\u00fcr seine umfangreichen Arbeiten mit Motiven aus der griechischen Mythologie bekannt.<\/span><\/li>\n<\/ul>\n<p><strong>5 F\u00e4higkeiten, die du mit Kunstr\u00e4tseln entwickelst<\/strong><\/p>\n<p><strong>1. \u00c4sthetischer Sinn<\/strong><span style=\"font-weight: 400\"> &#8211; wenn du bis zu 30 Stunden in der Gesellschaft eines Kunstr\u00e4tsels entspannst, wird dein Farbensinn auf die n\u00e4chste Stufe gehoben.<\/span><\/p>\n<p><strong>2. Vorstellungskraft <\/strong><span style=\"font-weight: 400\">&#8211; Ein Kunstr\u00e4tsel zu machen ist ein guter Grund, um deine Fantasie zu entwickeln. Wenn du jedes Teil an seinen Platz setzt und das Bild Gestalt annimmt, entschl\u00fcsselst du das Geheimnis eines bekannten Werks und kreierst deine eigene Vision davon.<\/span><\/p>\n<p><strong>3. Beharrlichkeit<\/strong><span style=\"font-weight: 400\"> &#8211; auch wenn es manchmal schwierig erscheint, das ganze Bild zusammenzusetzen, gibst du nicht auf und arbeitest hart, bis das 1000-teilige Puzzlebild fertig ist.<\/span><\/p>\n<p><strong>4. Geduld<\/strong><span style=\"font-weight: 400\"> &#8211; das zu einem Erfolgserlebnis f\u00fchrt: Das 1000-teilige Puzzlebild ist fertig und du f\u00fchlst ein gro\u00dfes Gef\u00fchl der Zufriedenheit f\u00fcr eine gut gemachte Arbeit.<\/span><\/p>\n<p><strong>5. Die F\u00e4higkeiten, das 1000-Teile-Puzzle neu zu machen<\/strong><span style=\"font-weight: 400\"> die du bei R\u00e4tselsitzungen mit Freunden vorzeigen kannst.<\/span><\/p>\n<p><span style=\"font-weight: 400\">1000 Teile Puzzle jetzt kaufen <\/span><span style=\"font-weight: 400\">John William Waterhouse &#8211; Echo und Narziss und lass Farbe den griechischen Mythos von Narziss aufdecken, der sich in sich selbst verliebt, w\u00e4hrend er die Sinnlichkeit der sch\u00f6nen Echo ignoriert. F\u00fcr ein komplettes Erlebnis von Spa\u00df und Entspannung lade deine Freunde ein und setze das Bild aus diesem fabelhaften Kunstpuzzle zusammen.<\/span><\/p>\n<p><span style=\"font-weight: 400\">Du suchst nach Geschenken und hast keine Ideen mehr? Puzzle <\/span><span style=\"font-weight: 400\">1000 St\u00fcck <\/span><span style=\"font-weight: 400\">John William Waterhouse &#8211; Echo and Narcissus ist die ideale L\u00f6sung, wenn du deinen r\u00e4tselfreudigen Freunden eine unvergessliche \u00dcberraschung bereiten willst.<\/span><\/p><\/p>\n","protected":false},"excerpt":{"rendered":"<p>F\u00fchlst du dich inspiriert? Wir fordern dich heraus, 1000 Teile aus unserer gr\u00f6\u00dften Sammlung von Kunstpuzzles zu puzzeln! Du kannst<\/p>\n","protected":false},"featured_media":63408,"template":"","meta":[],"product_brand":[],"product_cat":[1916,1875,1915],"product_tag":[],"class_list":{"0":"post-42002","1":"product","2":"type-product","3":"status-publish","4":"has-post-thumbnail","6":"product_cat-1000-teile-puzzle","7":"product_cat-puzzle-de","8":"product_cat-puzzlespiele-fur-erwachsene","9":"pa_bax-10-de","10":"pa_brand-d_toys-de","11":"pa_country_of_manufacture-ro-de","12":"pa_filter_age-14-de","13":"pa_painter-johnwilliamwaterhouse-de","14":"pa_tip_ambalaj-kasten-a4-de","15":"pa_tip_puzzle-klassisch","17":"first","18":"instock","19":"taxable","20":"shipping-taxable","21":"product-type-simple"},"yoast_head":"<!-- This site is optimized with the Yoast SEO plugin v20.1 - https:\/\/yoast.com\/wordpress\/plugins\/seo\/ -->\n<title>1000 Teile Puzzle f\u00fcr Erwachsene John William Waterhouse - Echo and Narcissus<\/title>\n<meta name=\"description\" content=\"1000 Teile Puzzle f\u00fcr Erwachsene John William Waterhouse - Echo and Narcissus\" \/>\n<meta name=\"robots\" content=\"index, follow, max-snippet:-1, max-image-preview:large, max-video-preview:-1\" \/>\n<link rel=\"canonical\" href=\"https:\/\/business.roovi.com\/de\/1000-teile-puzzle-fur-erwachsene-john-william-waterhouse-echo-and-narcissus\/p\/\" \/>\n<meta property=\"og:locale\" content=\"de_DE\" \/>\n<meta property=\"og:type\" content=\"article\" \/>\n<meta property=\"og:title\" content=\"1000 Teile Puzzle f\u00fcr Erwachsene John William Waterhouse - Echo and Narcissus\" \/>\n<meta property=\"og:description\" content=\"1000 Teile Puzzle f\u00fcr Erwachsene John William Waterhouse - Echo and Narcissus\" \/>\n<meta property=\"og:url\" content=\"https:\/\/business.roovi.com\/de\/1000-teile-puzzle-fur-erwachsene-john-william-waterhouse-echo-and-narcissus\/p\/\" \/>\n<meta property=\"og:site_name\" content=\"Roovi B2B\" \/>\n<meta property=\"article:publisher\" content=\"https:\/\/www.facebook.com\/wwwjucariero\" \/>\n<meta property=\"article:modified_time\" content=\"2022-07-06T18:34:14+00:00\" \/>\n<meta property=\"og:image\" content=\"https:\/\/business.roovi.com\/wp-content\/uploads\/2018\/04\/72757-02_ansamblu_dimensiuni_cutie_cm_orizontal_1200x1200.png\" \/>\n\t<meta property=\"og:image:width\" content=\"1200\" \/>\n\t<meta property=\"og:image:height\" content=\"1200\" \/>\n\t<meta property=\"og:image:type\" content=\"image\/png\" \/>\n<meta name=\"twitter:label1\" content=\"Gesch\u00e4tzte Lesezeit\" \/>\n\t<meta name=\"twitter:data1\" content=\"3\u00a0Minuten\" \/>\n<script type=\"application\/ld+json\" class=\"yoast-schema-graph\">{\"@context\":\"https:\/\/schema.org\",\"@graph\":[{\"@type\":\"WebPage\",\"@id\":\"https:\/\/business.roovi.com\/de\/1000-teile-puzzle-fur-erwachsene-john-william-waterhouse-echo-and-narcissus\/p\/\",\"url\":\"https:\/\/business.roovi.com\/de\/1000-teile-puzzle-fur-erwachsene-john-william-waterhouse-echo-and-narcissus\/p\/\",\"name\":\"1000 Teile Puzzle f\u00fcr Erwachsene John William Waterhouse - Echo and Narcissus\",\"isPartOf\":{\"@id\":\"https:\/\/business.roovi.com\/de\/#website\"},\"datePublished\":\"2018-04-16T10:56:17+00:00\",\"dateModified\":\"2022-07-06T18:34:14+00:00\",\"description\":\"1000 Teile Puzzle f\u00fcr Erwachsene John William Waterhouse - Echo and Narcissus\",\"breadcrumb\":{\"@id\":\"https:\/\/business.roovi.com\/de\/1000-teile-puzzle-fur-erwachsene-john-william-waterhouse-echo-and-narcissus\/p\/#breadcrumb\"},\"inLanguage\":\"de\",\"potentialAction\":[{\"@type\":\"ReadAction\",\"target\":[\"https:\/\/business.roovi.com\/de\/1000-teile-puzzle-fur-erwachsene-john-william-waterhouse-echo-and-narcissus\/p\/\"]}]},{\"@type\":\"BreadcrumbList\",\"@id\":\"https:\/\/business.roovi.com\/de\/1000-teile-puzzle-fur-erwachsene-john-william-waterhouse-echo-and-narcissus\/p\/#breadcrumb\",\"itemListElement\":[{\"@type\":\"ListItem\",\"position\":1,\"name\":\"Home\",\"item\":\"https:\/\/business.roovi.com\/de\/\"},{\"@type\":\"ListItem\",\"position\":2,\"name\":\"Shop\",\"item\":\"https:\/\/business.roovi.com\/de\/shop\/\"},{\"@type\":\"ListItem\",\"position\":3,\"name\":\"1000 Teile Puzzle f\u00fcr Erwachsene John William Waterhouse &#8211; Echo and Narcissus\"}]},{\"@type\":\"WebSite\",\"@id\":\"https:\/\/business.roovi.com\/de\/#website\",\"url\":\"https:\/\/business.roovi.com\/de\/\",\"name\":\"Roovi B2B\",\"description\":\"Roovi Business Website\",\"potentialAction\":[{\"@type\":\"SearchAction\",\"target\":{\"@type\":\"EntryPoint\",\"urlTemplate\":\"https:\/\/business.roovi.com\/de\/?s={search_term_string}\"},\"query-input\":\"required name=search_term_string\"}],\"inLanguage\":\"de\"}]}<\/script>\n<!-- \/ Yoast SEO plugin. -->","yoast_head_json":{"title":"1000 Teile Puzzle f\u00fcr Erwachsene John William Waterhouse - Echo and Narcissus","description":"1000 Teile Puzzle f\u00fcr Erwachsene John William Waterhouse - Echo and Narcissus","robots":{"index":"index","follow":"follow","max-snippet":"max-snippet:-1","max-image-preview":"max-image-preview:large","max-video-preview":"max-video-preview:-1"},"canonical":"https:\/\/business.roovi.com\/de\/1000-teile-puzzle-fur-erwachsene-john-william-waterhouse-echo-and-narcissus\/p\/","og_locale":"de_DE","og_type":"article","og_title":"1000 Teile Puzzle f\u00fcr Erwachsene John William Waterhouse - Echo and Narcissus","og_description":"1000 Teile Puzzle f\u00fcr Erwachsene John William Waterhouse - Echo and Narcissus","og_url":"https:\/\/business.roovi.com\/de\/1000-teile-puzzle-fur-erwachsene-john-william-waterhouse-echo-and-narcissus\/p\/","og_site_name":"Roovi B2B","article_publisher":"https:\/\/www.facebook.com\/wwwjucariero","article_modified_time":"2022-07-06T18:34:14+00:00","og_image":[{"width":1200,"height":1200,"url":"https:\/\/business.roovi.com\/wp-content\/uploads\/2018\/04\/72757-02_ansamblu_dimensiuni_cutie_cm_orizontal_1200x1200.png","type":"image\/png"}],"twitter_misc":{"Gesch\u00e4tzte Lesezeit":"3\u00a0Minuten"},"schema":{"@context":"https:\/\/schema.org","@graph":[{"@type":"WebPage","@id":"https:\/\/business.roovi.com\/de\/1000-teile-puzzle-fur-erwachsene-john-william-waterhouse-echo-and-narcissus\/p\/","url":"https:\/\/business.roovi.com\/de\/1000-teile-puzzle-fur-erwachsene-john-william-waterhouse-echo-and-narcissus\/p\/","name":"1000 Teile Puzzle f\u00fcr Erwachsene John William Waterhouse - Echo and Narcissus","isPartOf":{"@id":"https:\/\/business.roovi.com\/de\/#website"},"datePublished":"2018-04-16T10:56:17+00:00","dateModified":"2022-07-06T18:34:14+00:00","description":"1000 Teile Puzzle f\u00fcr Erwachsene John William Waterhouse - Echo and Narcissus","breadcrumb":{"@id":"https:\/\/business.roovi.com\/de\/1000-teile-puzzle-fur-erwachsene-john-william-waterhouse-echo-and-narcissus\/p\/#breadcrumb"},"inLanguage":"de","potentialAction":[{"@type":"ReadAction","target":["https:\/\/business.roovi.com\/de\/1000-teile-puzzle-fur-erwachsene-john-william-waterhouse-echo-and-narcissus\/p\/"]}]},{"@type":"BreadcrumbList","@id":"https:\/\/business.roovi.com\/de\/1000-teile-puzzle-fur-erwachsene-john-william-waterhouse-echo-and-narcissus\/p\/#breadcrumb","itemListElement":[{"@type":"ListItem","position":1,"name":"Home","item":"https:\/\/business.roovi.com\/de\/"},{"@type":"ListItem","position":2,"name":"Shop","item":"https:\/\/business.roovi.com\/de\/shop\/"},{"@type":"ListItem","position":3,"name":"1000 Teile Puzzle f\u00fcr Erwachsene John William Waterhouse &#8211; Echo and Narcissus"}]},{"@type":"WebSite","@id":"https:\/\/business.roovi.com\/de\/#website","url":"https:\/\/business.roovi.com\/de\/","name":"Roovi B2B","description":"Roovi Business Website","potentialAction":[{"@type":"SearchAction","target":{"@type":"EntryPoint","urlTemplate":"https:\/\/business.roovi.com\/de\/?s={search_term_string}"},"query-input":"required name=search_term_string"}],"inLanguage":"de"}]}},"_links":{"self":[{"href":"https:\/\/business.roovi.com\/de\/wp-json\/wp\/v2\/product\/42002","targetHints":{"allow":["GET"]}}],"collection":[{"href":"https:\/\/business.roovi.com\/de\/wp-json\/wp\/v2\/product"}],"about":[{"href":"https:\/\/business.roovi.com\/de\/wp-json\/wp\/v2\/types\/product"}],"version-history":[{"count":0,"href":"https:\/\/business.roovi.com\/de\/wp-json\/wp\/v2\/product\/42002\/revisions"}],"wp:featuredmedia":[{"embeddable":true,"href":"https:\/\/business.roovi.com\/de\/wp-json\/wp\/v2\/media\/63408"}],"wp:attachment":[{"href":"https:\/\/business.roovi.com\/de\/wp-json\/wp\/v2\/media?parent=42002"}],"wp:term":[{"taxonomy":"product_brand","embeddable":true,"href":"https:\/\/business.roovi.com\/de\/wp-json\/wp\/v2\/product_brand?post=42002"},{"taxonomy":"product_cat","embeddable":true,"href":"https:\/\/business.roovi.com\/de\/wp-json\/wp\/v2\/product_cat?post=42002"},{"taxonomy":"product_tag","embeddable":true,"href":"https:\/\/business.roovi.com\/de\/wp-json\/wp\/v2\/product_tag?post=42002"}],"curies":[{"name":"wp","href":"https:\/\/api.w.org\/{rel}","templated":true}]}}