{"id":42006,"date":"2018-04-16T10:56:17","date_gmt":"2018-04-16T10:56:17","guid":{"rendered":"https:\/\/business.roovi.com\/puzzle-adulti-1000-piese-john-william-waterhouse-lamia\/p\/"},"modified":"2022-07-06T18:34:21","modified_gmt":"2022-07-06T18:34:21","slug":"1000-teile-puzzle-fur-erwachsene-john-william-waterhouse-lamia","status":"publish","type":"product","link":"https:\/\/business.roovi.com\/de\/1000-teile-puzzle-fur-erwachsene-john-william-waterhouse-lamia\/p\/","title":{"rendered":"1000 Teile Puzzle f\u00fcr Erwachsene John William Waterhouse &#8211; Lamia"},"content":{"rendered":"<p><span style=\"font-weight: 400\">Willst du ein echter Detektiv sein? Mit dem 1000-teiligen Puzzle aus der Kunstpuzzle-Kollektion entdeckst du die geheimnisvollsten R\u00e4tsel ber\u00fchmter Gem\u00e4lde. Nimm die Herausforderung an und erlebe eine entspannende und lustige Erfahrung in der Gesellschaft von Puzzlespielen.<\/span><\/p>\n<p><span style=\"font-weight: 400\">Einige Maler waren von den Geheimnissen der alten Gedichte fasziniert und malten einpr\u00e4gsame Szenen in Farbe. Das 1000-Teile-Puzzle Lamia von John William Waterhouse ist ein solches Beispiel. Waterhouse malte oft griechisch-r\u00f6mische Motive <\/span><em><span style=\"font-weight: 400\">Lamia<\/span><\/em><span style=\"font-weight: 400\"> ist inspiriert von John Keats&#8216; Gedicht aus dem Jahr 1820.<\/span><\/p>\n<p><span style=\"font-weight: 400\">Finde in einem 1000-teiligen Puzzle die Szene, in der sich ein junger Ritter in ein sch\u00f6nes M\u00e4dchen verliebt, das in Wirklichkeit eine monstr\u00f6se Schlange ist, die sich in menschliche Form verwandelt, um naive junge M\u00e4nner zu umgarnen.<\/span><\/p>\n<p><span style=\"font-weight: 400\">Du wirst \u00fcberrascht sein von dem intensiven Blick des Ritters, der sich in den Reizen des geliebten Wesens verliert. Der einzige Hinweis, der die Identit\u00e4t des Monsters verr\u00e4t, ist die leuchtende Schlangenhaut um das M\u00e4dchen. Gestalte das Bild in diesem Gedicht-Tabu neu und genie\u00dfe ein Kunstwerk mit versteckten Bedeutungen.<\/span><\/p>\n<p><span style=\"font-weight: 400\">Lies unten mehr \u00fcber dieses Kunstr\u00e4tsel:<\/span><\/p>\n<p><strong>Materialr\u00e4tsel <\/strong><\/p>\n<p><strong>hochwertiger blauer Karton<\/strong><\/p>\n<p><strong>nachhaltige, recycelbare Materialien<\/strong><\/p>\n<p><strong>halbgl\u00e4nzende Oberfl\u00e4che, leuchtende Farben<\/strong><\/p>\n<p><strong>Anzahl der Puzzleteile: 1000<\/strong><\/p>\n<p><strong>Empfohlenes Alter: 14+<\/strong><\/p>\n<p><strong>John William Waterhouse Art Puzzle &#8211; Lamia entspannt und erfreut<\/strong><\/p>\n<p><span style=\"font-weight: 400\">Ein atemberaubendes Bild aus einem Kunstpuzzle nachzubilden, ist ein Genuss f\u00fcr alle Sinne. Au\u00dferdem bekommst du viele Verg\u00fcnstigungen:<\/span><\/p>\n<ul>\n<li><span style=\"font-weight: 400\">Du entwickelst deine Liebe zum Detail.<\/span><\/li>\n<li><span style=\"font-weight: 400\">Du entwickelst dein logisches Denken, indem du \u00e4hnliche Teile zusammenf\u00fcgst.<\/span><\/li>\n<li><span style=\"font-weight: 400\">Du bereicherst deine Fantasie <\/span><\/li>\n<li><span style=\"font-weight: 400\">Du trainierst deine Geduld und Ausdauer.<\/span><\/li>\n<li><span style=\"font-weight: 400\">Du lernst, nicht aufzugeben, wenn du keine L\u00f6sung zu finden scheinst.<\/span><\/li>\n<\/ul>\n<p><strong>6 Informationen \u00fcber John William Waterhouse<\/strong><\/p>\n<ul>\n<li><span style=\"font-weight: 400\">In Italien geborener englischer Maler, ber\u00fchmt f\u00fcr seine Gem\u00e4lde im pr\u00e4raffaelitischen Stil.<\/span><\/li>\n<li><span style=\"font-weight: 400\">Er lebte ein einfaches, ruhiges und \u00e4u\u00dferst diskretes Leben. \u00dcber sein Leben ist nicht viel bekannt.<\/span><\/li>\n<li><span style=\"font-weight: 400\">Seine Freunde und Familie nannten ihn Nino.<\/span><\/li>\n<li><span style=\"font-weight: 400\">Er entwickelte einen einzigartigen Malstil, in dem er klassische und mythische Szenen darstellte.<\/span><\/li>\n<li><span style=\"font-weight: 400\">Da er sich f\u00fcr nat\u00fcrliche Sch\u00f6nheit und sch\u00f6ne, starke Frauenfiguren begeisterte, malte er viele Portr\u00e4ts ber\u00fchmter Frauen der damaligen Zeit.<\/span><\/li>\n<li><span style=\"font-weight: 400\">Er starb an Krebs und hinterlie\u00df seine <\/span><em><span style=\"font-weight: 400\">Ophelia-Serie, <\/span><\/em><span style=\"font-weight: 400\">ein Thema, an dem er intensiv gearbeitet hat.<\/span><em><span style=\"font-weight: 400\"> <\/span><\/em><\/li>\n<\/ul>\n<p><strong>Hol dir ein besonderes Deko-Objekt aus einem Kunstpuzzle <\/strong><strong>John William Waterhouse &#8211; Lamia<\/strong><\/p>\n<p><span style=\"font-weight: 400\">Das Nachbearbeiten eines sch\u00f6nen Bildes ist nicht nur eine entspannende T\u00e4tigkeit, sondern auch ein Weg in eine friedliche Welt. Es gibt dir auch die Befriedigung, mit deinen eigenen H\u00e4nden ein Kunstwerk geschaffen zu haben, das du jederzeit bewundern und mit dem du dein Lieblingszimmer dekorieren kannst <\/span><\/p>\n<p><span style=\"font-weight: 400\">Genie\u00dfe alle Vorteile eines Kunstpuzzles, indem du dieses wunderbare 1000-Teile-Puzzle kaufst <\/span><span style=\"font-weight: 400\">John William Waterhouse &#8211; Lamia<\/span><span style=\"font-weight: 400\"><\/span><\/p>\n<p><span style=\"font-weight: 400\">Bereichere deine Sammlung mit 1000-teiligen Puzzlebildern oder verschenke dieses wunderbare Puzzleset.<\/span><\/p><\/p>\n","protected":false},"excerpt":{"rendered":"<p>Willst du ein echter Detektiv sein? Mit dem 1000-teiligen Puzzle aus der Kunstpuzzle-Kollektion entdeckst du die geheimnisvollsten R\u00e4tsel ber\u00fchmter Gem\u00e4lde.<\/p>\n","protected":false},"featured_media":63396,"template":"","meta":[],"product_brand":[],"product_cat":[1916,1875,1915],"product_tag":[],"class_list":{"0":"post-42006","1":"product","2":"type-product","3":"status-publish","4":"has-post-thumbnail","6":"product_cat-1000-teile-puzzle","7":"product_cat-puzzle-de","8":"product_cat-puzzlespiele-fur-erwachsene","9":"pa_bax-10-de","10":"pa_brand-d_toys-de","11":"pa_country_of_manufacture-ro-de","12":"pa_filter_age-14-de","13":"pa_painter-johnwilliamwaterhouse-de","14":"pa_tip_ambalaj-kasten-a4-de","15":"pa_tip_puzzle-klassisch","17":"first","18":"onbackorder","19":"taxable","20":"shipping-taxable","21":"product-type-simple"},"yoast_head":"<!-- This site is optimized with the Yoast SEO plugin v20.1 - https:\/\/yoast.com\/wordpress\/plugins\/seo\/ -->\n<title>1000 Teile Puzzle f\u00fcr Erwachsene John William Waterhouse - Lamia<\/title>\n<meta name=\"description\" content=\"1000 Teile Puzzle f\u00fcr Erwachsene John William Waterhouse - Lamia\" \/>\n<meta name=\"robots\" content=\"index, follow, max-snippet:-1, max-image-preview:large, max-video-preview:-1\" \/>\n<link rel=\"canonical\" href=\"https:\/\/business.roovi.com\/de\/1000-teile-puzzle-fur-erwachsene-john-william-waterhouse-lamia\/p\/\" \/>\n<meta property=\"og:locale\" content=\"de_DE\" \/>\n<meta property=\"og:type\" content=\"article\" \/>\n<meta property=\"og:title\" content=\"1000 Teile Puzzle f\u00fcr Erwachsene John William Waterhouse - Lamia\" \/>\n<meta property=\"og:description\" content=\"1000 Teile Puzzle f\u00fcr Erwachsene John William Waterhouse - Lamia\" \/>\n<meta property=\"og:url\" content=\"https:\/\/business.roovi.com\/de\/1000-teile-puzzle-fur-erwachsene-john-william-waterhouse-lamia\/p\/\" \/>\n<meta property=\"og:site_name\" content=\"Roovi B2B\" \/>\n<meta property=\"article:publisher\" content=\"https:\/\/www.facebook.com\/wwwjucariero\" \/>\n<meta property=\"article:modified_time\" content=\"2022-07-06T18:34:21+00:00\" \/>\n<meta property=\"og:image\" content=\"https:\/\/business.roovi.com\/wp-content\/uploads\/2018\/04\/72757-03_ansamblu_dimensiuni_cutie_cm_vertical.png\" \/>\n\t<meta property=\"og:image:width\" content=\"1200\" \/>\n\t<meta property=\"og:image:height\" content=\"1200\" \/>\n\t<meta property=\"og:image:type\" content=\"image\/png\" \/>\n<meta name=\"twitter:label1\" content=\"Gesch\u00e4tzte Lesezeit\" \/>\n\t<meta name=\"twitter:data1\" content=\"2\u00a0Minuten\" \/>\n<script type=\"application\/ld+json\" class=\"yoast-schema-graph\">{\"@context\":\"https:\/\/schema.org\",\"@graph\":[{\"@type\":\"WebPage\",\"@id\":\"https:\/\/business.roovi.com\/de\/1000-teile-puzzle-fur-erwachsene-john-william-waterhouse-lamia\/p\/\",\"url\":\"https:\/\/business.roovi.com\/de\/1000-teile-puzzle-fur-erwachsene-john-william-waterhouse-lamia\/p\/\",\"name\":\"1000 Teile Puzzle f\u00fcr Erwachsene John William Waterhouse - Lamia\",\"isPartOf\":{\"@id\":\"https:\/\/business.roovi.com\/de\/#website\"},\"datePublished\":\"2018-04-16T10:56:17+00:00\",\"dateModified\":\"2022-07-06T18:34:21+00:00\",\"description\":\"1000 Teile Puzzle f\u00fcr Erwachsene John William Waterhouse - Lamia\",\"breadcrumb\":{\"@id\":\"https:\/\/business.roovi.com\/de\/1000-teile-puzzle-fur-erwachsene-john-william-waterhouse-lamia\/p\/#breadcrumb\"},\"inLanguage\":\"de\",\"potentialAction\":[{\"@type\":\"ReadAction\",\"target\":[\"https:\/\/business.roovi.com\/de\/1000-teile-puzzle-fur-erwachsene-john-william-waterhouse-lamia\/p\/\"]}]},{\"@type\":\"BreadcrumbList\",\"@id\":\"https:\/\/business.roovi.com\/de\/1000-teile-puzzle-fur-erwachsene-john-william-waterhouse-lamia\/p\/#breadcrumb\",\"itemListElement\":[{\"@type\":\"ListItem\",\"position\":1,\"name\":\"Home\",\"item\":\"https:\/\/business.roovi.com\/de\/\"},{\"@type\":\"ListItem\",\"position\":2,\"name\":\"Shop\",\"item\":\"https:\/\/business.roovi.com\/de\/shop\/\"},{\"@type\":\"ListItem\",\"position\":3,\"name\":\"1000 Teile Puzzle f\u00fcr Erwachsene John William Waterhouse &#8211; Lamia\"}]},{\"@type\":\"WebSite\",\"@id\":\"https:\/\/business.roovi.com\/de\/#website\",\"url\":\"https:\/\/business.roovi.com\/de\/\",\"name\":\"Roovi B2B\",\"description\":\"Roovi Business Website\",\"potentialAction\":[{\"@type\":\"SearchAction\",\"target\":{\"@type\":\"EntryPoint\",\"urlTemplate\":\"https:\/\/business.roovi.com\/de\/?s={search_term_string}\"},\"query-input\":\"required name=search_term_string\"}],\"inLanguage\":\"de\"}]}<\/script>\n<!-- \/ Yoast SEO plugin. -->","yoast_head_json":{"title":"1000 Teile Puzzle f\u00fcr Erwachsene John William Waterhouse - Lamia","description":"1000 Teile Puzzle f\u00fcr Erwachsene John William Waterhouse - Lamia","robots":{"index":"index","follow":"follow","max-snippet":"max-snippet:-1","max-image-preview":"max-image-preview:large","max-video-preview":"max-video-preview:-1"},"canonical":"https:\/\/business.roovi.com\/de\/1000-teile-puzzle-fur-erwachsene-john-william-waterhouse-lamia\/p\/","og_locale":"de_DE","og_type":"article","og_title":"1000 Teile Puzzle f\u00fcr Erwachsene John William Waterhouse - Lamia","og_description":"1000 Teile Puzzle f\u00fcr Erwachsene John William Waterhouse - Lamia","og_url":"https:\/\/business.roovi.com\/de\/1000-teile-puzzle-fur-erwachsene-john-william-waterhouse-lamia\/p\/","og_site_name":"Roovi B2B","article_publisher":"https:\/\/www.facebook.com\/wwwjucariero","article_modified_time":"2022-07-06T18:34:21+00:00","og_image":[{"width":1200,"height":1200,"url":"https:\/\/business.roovi.com\/wp-content\/uploads\/2018\/04\/72757-03_ansamblu_dimensiuni_cutie_cm_vertical.png","type":"image\/png"}],"twitter_misc":{"Gesch\u00e4tzte Lesezeit":"2\u00a0Minuten"},"schema":{"@context":"https:\/\/schema.org","@graph":[{"@type":"WebPage","@id":"https:\/\/business.roovi.com\/de\/1000-teile-puzzle-fur-erwachsene-john-william-waterhouse-lamia\/p\/","url":"https:\/\/business.roovi.com\/de\/1000-teile-puzzle-fur-erwachsene-john-william-waterhouse-lamia\/p\/","name":"1000 Teile Puzzle f\u00fcr Erwachsene John William Waterhouse - Lamia","isPartOf":{"@id":"https:\/\/business.roovi.com\/de\/#website"},"datePublished":"2018-04-16T10:56:17+00:00","dateModified":"2022-07-06T18:34:21+00:00","description":"1000 Teile Puzzle f\u00fcr Erwachsene John William Waterhouse - Lamia","breadcrumb":{"@id":"https:\/\/business.roovi.com\/de\/1000-teile-puzzle-fur-erwachsene-john-william-waterhouse-lamia\/p\/#breadcrumb"},"inLanguage":"de","potentialAction":[{"@type":"ReadAction","target":["https:\/\/business.roovi.com\/de\/1000-teile-puzzle-fur-erwachsene-john-william-waterhouse-lamia\/p\/"]}]},{"@type":"BreadcrumbList","@id":"https:\/\/business.roovi.com\/de\/1000-teile-puzzle-fur-erwachsene-john-william-waterhouse-lamia\/p\/#breadcrumb","itemListElement":[{"@type":"ListItem","position":1,"name":"Home","item":"https:\/\/business.roovi.com\/de\/"},{"@type":"ListItem","position":2,"name":"Shop","item":"https:\/\/business.roovi.com\/de\/shop\/"},{"@type":"ListItem","position":3,"name":"1000 Teile Puzzle f\u00fcr Erwachsene John William Waterhouse &#8211; Lamia"}]},{"@type":"WebSite","@id":"https:\/\/business.roovi.com\/de\/#website","url":"https:\/\/business.roovi.com\/de\/","name":"Roovi B2B","description":"Roovi Business Website","potentialAction":[{"@type":"SearchAction","target":{"@type":"EntryPoint","urlTemplate":"https:\/\/business.roovi.com\/de\/?s={search_term_string}"},"query-input":"required name=search_term_string"}],"inLanguage":"de"}]}},"_links":{"self":[{"href":"https:\/\/business.roovi.com\/de\/wp-json\/wp\/v2\/product\/42006","targetHints":{"allow":["GET"]}}],"collection":[{"href":"https:\/\/business.roovi.com\/de\/wp-json\/wp\/v2\/product"}],"about":[{"href":"https:\/\/business.roovi.com\/de\/wp-json\/wp\/v2\/types\/product"}],"version-history":[{"count":0,"href":"https:\/\/business.roovi.com\/de\/wp-json\/wp\/v2\/product\/42006\/revisions"}],"wp:featuredmedia":[{"embeddable":true,"href":"https:\/\/business.roovi.com\/de\/wp-json\/wp\/v2\/media\/63396"}],"wp:attachment":[{"href":"https:\/\/business.roovi.com\/de\/wp-json\/wp\/v2\/media?parent=42006"}],"wp:term":[{"taxonomy":"product_brand","embeddable":true,"href":"https:\/\/business.roovi.com\/de\/wp-json\/wp\/v2\/product_brand?post=42006"},{"taxonomy":"product_cat","embeddable":true,"href":"https:\/\/business.roovi.com\/de\/wp-json\/wp\/v2\/product_cat?post=42006"},{"taxonomy":"product_tag","embeddable":true,"href":"https:\/\/business.roovi.com\/de\/wp-json\/wp\/v2\/product_tag?post=42006"}],"curies":[{"name":"wp","href":"https:\/\/api.w.org\/{rel}","templated":true}]}}