{"id":42018,"date":"2018-04-16T10:56:17","date_gmt":"2018-04-16T10:56:17","guid":{"rendered":"https:\/\/business.roovi.com\/puzzle-adulti-1000-piese-james-tissot-a-convalescent\/p\/"},"modified":"2022-07-06T18:34:39","modified_gmt":"2022-07-06T18:34:39","slug":"james-tissot-1000-teile-puzzle-fur-erwachsene-a-convalescent","status":"publish","type":"product","link":"https:\/\/business.roovi.com\/de\/james-tissot-1000-teile-puzzle-fur-erwachsene-a-convalescent\/p\/","title":{"rendered":"James Tissot 1000 Teile Puzzle f\u00fcr Erwachsene &#8211; A Convalescent"},"content":{"rendered":"<p><span style=\"font-weight: 400\">Hast du dich jemals gefragt, was K\u00fcnstlerinnen und K\u00fcnstler dazu inspiriert, ihren ganz eigenen Stil zu kreieren und was sie dazu gebracht hat, sich einer bestimmten Kunstrichtung zuzuwenden?<\/span><\/p>\n<p><span style=\"font-weight: 400\">Wenn du dich f\u00fcr Kunst begeisterst oder einfach nur eine Herausforderung suchst, die eines Puzzle-Enthusiasten w\u00fcrdig ist, dann ist das 1000-Teile-Puzzle mit James Tissots Gem\u00e4lde &#8222;Ein Genesender&#8220; vielleicht die richtige Wahl <\/span><\/p>\n<p><span style=\"font-weight: 400\">Dieses Kunstpuzzle zeigt eines von James Tissots Gem\u00e4lden aus seiner Zeit, als er nach dem Deutsch-Franz\u00f6sischen Krieg als politischer Fl\u00fcchtling in England lebte. In dieser produktiven Zeit schuf er zahlreiche \u00d6lgem\u00e4lde auf Leinwand und \u00fcberraschte seine Bewunderer mit seinen realistischen Momentaufnahmen, die das verschwenderische Leben des viktorianischen britischen Adels darstellen.<\/span><\/p>\n<p><span style=\"font-weight: 400\">Seine detaillierten Szenen beeindrucken vor allem durch die Genauigkeit, mit der er sie wie auf einem Foto einf\u00e4ngt, selbst wenn es keine attraktive Farbpalette gibt, wie bei dieser verblassten Gr\u00e4berlandschaft <\/span><\/p>\n<p><span style=\"font-weight: 400\">A Convalescent wurde 1876 gemalt, als Tissot seine geliebte Muse Kathleen Newton kennenlernte, die auch seine Lebensgef\u00e4hrtin wurde und mit der er sich aus dem \u00fcppigen gesellschaftlichen Leben zur\u00fcckzog und einen kleinen Kreis von Intimus bildete.    <\/span><\/p>\n<p><span style=\"font-weight: 400\">Wie bei den meisten Gem\u00e4lden, die bis ins kleinste Detail Szenen aus dem Leben der Aristokraten darstellen, kannst du auch bei diesem R\u00e4tselgem\u00e4lde die Finesse der Details erkennen, wenn du das ganze Bild St\u00fcck f\u00fcr St\u00fcck rekonstruierst. Von der Mimik \u00fcber die K\u00f6rperhaltung bis hin zu den Gesten &#8211; jeder Aspekt wird sorgf\u00e4ltig nachgebildet, um die Realit\u00e4t widerzuspiegeln <\/span><\/p>\n<h3><span style=\"font-size: 18px\"><strong>Warum ein James Tissot 1000 Teile Puzzle f\u00fcr Erwachsene w\u00e4hlen?<\/strong><\/span><\/h3>\n<ul>\n<li><span style=\"font-weight: 400\">Du bekommst ein beeindruckend detailliertes Gem\u00e4lde von James Tissot mit dem Titel A Convalescent<\/span><\/li>\n<li><span style=\"font-weight: 400\">Kunstpuzzle Gr\u00f6\u00dfe 50 x 70 cm<\/span><\/li>\n<li><span style=\"font-weight: 400\">Die Teile sind aus hochwertigem Karton gefertigt und k\u00f6nnen mehrfach verwendet werden<\/span><\/li>\n<li><span style=\"font-weight: 400\">Hergestellt aus nachhaltigen und recycelbaren Materialien<\/span><\/li>\n<li><span style=\"font-weight: 400\">Die Oberfl\u00e4che ist halbgl\u00e4nzend und die Farben sind leuchtend und lebendig<\/span><\/li>\n<li><span style=\"font-weight: 400\">Geeignet ab 14 Jahren &#8211; eine tolle Gelegenheit, Teenager in die faszinierende Welt der Kunst einzuf\u00fchren<\/span><\/li>\n<\/ul>\n<p><span style=\"font-weight: 400\">Das Zusammensetzen eines Kunstpuzzles hat viele Vorteile, die sich auf vielen Ebenen widerspiegeln:<\/span><\/p>\n<ul>\n<li><span style=\"font-weight: 400\">Du kultivierst Geduld <\/span><\/li>\n<li><span style=\"font-weight: 400\">Du entwickelst Liebe zum Detail<\/span><\/li>\n<li><span style=\"font-weight: 400\">Du trainierst deine F\u00e4higkeiten <\/span><\/li>\n<li><span style=\"font-weight: 400\">Es ist eine entspannende Aktivit\u00e4t<\/span><\/li>\n<li><span style=\"font-weight: 400\">Es kann eine gute Gelegenheit sein, Zeit mit Freunden und Familie zu verbringen<\/span><\/li>\n<li><span style=\"font-weight: 400\">Hilft dir, l\u00e4nger konzentriert zu bleiben <\/span><\/li>\n<\/ul>\n<h3><span style=\"font-size: 18px\"><strong>Wusstest du, dass&#8230;?<\/strong><\/span><\/h3>\n<p><span style=\"font-weight: 400\">Das Gem\u00e4lde Ein Rekonvaleszent ist eines von Tissots letzten Gem\u00e4lden, bei denen er nicht Kathleen Newton als Muse hatte, die er zum ersten Mal Ende 1876 malte und die ihn bei fast allen seinen nachfolgenden Werken inspirierte <\/span><\/p>\n<p><span style=\"font-weight: 400\">Nach dem Tod seiner Muse im Jahr 1882 interessierte sich James Tissot sehr f\u00fcr Spiritismus &#8211; er versuchte sogar, mit dem Geist seiner Geliebten in Verbindung zu treten, ein Interesse, das sich in seinen sp\u00e4teren Werken widerspiegelte <\/span><\/p>\n<p><span style=\"font-weight: 400\">Seine Kreationen stellten daher zunehmend religi\u00f6se Szenen dar und ersetzten Bilder von Damen der High Society. Ein aussagekr\u00e4ftiges Beispiel voller tiefer Emotionen ist Was unser Erl\u00f6ser vom Kreuz aus sah, in dem er seinen eigenen Schmerz meisterhaft auf die Gesichter seiner Figuren \u00fcbertr\u00e4gt.<\/span><\/p>\n<p><span style=\"font-weight: 400\">Um sein Werk so realit\u00e4tsgetreu wie m\u00f6glich zu gestalten, lie\u00df James Tissot England hinter sich und reiste in den Nahen Osten, um die Besonderheiten der Menschen vor Ort zu studieren und so getreu wie m\u00f6glich wiederzugeben.<\/span><\/p>\n<p><span style=\"font-size: 18px\"><strong>Erwachsenen-R\u00e4tsel A Convalescent, eine Gelegenheit, sich mit Freunden zu entspannen<\/strong><\/span><\/p>\n<p><span style=\"font-weight: 400\">F\u00fcr die Winterabende, an denen die Sonne fr\u00fch untergeht und die K\u00e4lte dich von langen Spazierg\u00e4ngen in der Natur abh\u00e4lt, ist ein 1000-Teile-Puzzle die perfekte M\u00f6glichkeit, sich zu entspannen und mit Freunden Spa\u00df zu haben <\/span><\/p>\n<p><span style=\"font-weight: 400\">Teile die Teile nach Farben auf, verbinde die einzelnen Bereiche dieses Kunstpuzzles, das James Tissots Gem\u00e4lde &#8222;Ein Genesender&#8220; darstellt, und genie\u00dfe die Freude \u00fcber das letzte Teil, das das Bild vervollst\u00e4ndigt <\/span><\/p>\n<p><span style=\"font-weight: 400\">Ein Puzzle f\u00fcr Erwachsene, das man verschenken oder zu Hause aufbewahren und immer dann zusammensetzen kann, wenn man das Bed\u00fcrfnis nach einer lustigen Herausforderung versp\u00fcrt, die Geschicklichkeit, Liebe zum Detail, Teamgeist und Zusammenarbeit herausfordert <\/span><span style=\"font-weight: 400\"> <\/span><\/p>\n","protected":false},"excerpt":{"rendered":"<p>Hast du dich jemals gefragt, was K\u00fcnstlerinnen und K\u00fcnstler dazu inspiriert, ihren ganz eigenen Stil zu kreieren und was sie<\/p>\n","protected":false},"featured_media":35288,"template":"","meta":[],"product_brand":[],"product_cat":[1607,1608,1610],"product_tag":[],"class_list":{"0":"post-42018","1":"product","2":"type-product","3":"status-publish","4":"has-post-thumbnail","6":"product_cat-puzzles","7":"product_cat-adult-jigsaw-puzzles","8":"product_cat-1000-piece-jigsaw-puzzles","9":"pa_bax-10-en","10":"pa_brand-d_toys-en","11":"pa_country_of_manufacture-ro-en","12":"pa_filter_age-14-en","13":"pa_painter-jamestissot-en","14":"pa_tip_ambalaj-box","15":"pa_tip_puzzle-classic","17":"first","18":"onbackorder","19":"taxable","20":"shipping-taxable","21":"product-type-simple"},"yoast_head":"<!-- This site is optimized with the Yoast SEO plugin v20.1 - https:\/\/yoast.com\/wordpress\/plugins\/seo\/ -->\n<title>James Tissot 1000 Teile Puzzle f\u00fcr Erwachsene - A Convalescent<\/title>\n<meta name=\"description\" content=\"James Tissot 1000 Teile Puzzle f\u00fcr Erwachsene - A Convalescent\" \/>\n<meta name=\"robots\" content=\"index, follow, max-snippet:-1, max-image-preview:large, max-video-preview:-1\" \/>\n<link rel=\"canonical\" href=\"https:\/\/business.roovi.com\/de\/james-tissot-1000-teile-puzzle-fur-erwachsene-a-convalescent\/p\/\" \/>\n<meta property=\"og:locale\" content=\"de_DE\" \/>\n<meta property=\"og:type\" content=\"article\" \/>\n<meta property=\"og:title\" content=\"James Tissot 1000 Teile Puzzle f\u00fcr Erwachsene - A Convalescent\" \/>\n<meta property=\"og:description\" content=\"James Tissot 1000 Teile Puzzle f\u00fcr Erwachsene - A Convalescent\" \/>\n<meta property=\"og:url\" content=\"https:\/\/business.roovi.com\/de\/james-tissot-1000-teile-puzzle-fur-erwachsene-a-convalescent\/p\/\" \/>\n<meta property=\"og:site_name\" content=\"Roovi B2B\" \/>\n<meta property=\"article:publisher\" content=\"https:\/\/www.facebook.com\/wwwjucariero\" \/>\n<meta property=\"article:modified_time\" content=\"2022-07-06T18:34:39+00:00\" \/>\n<meta property=\"og:image\" content=\"https:\/\/business.roovi.com\/wp-content\/uploads\/2018\/04\/p1000_tissot_72771ti01tissot_72771ti02_r700_64x88cm_no_stanc2.jpg\" \/>\n\t<meta property=\"og:image:width\" content=\"1200\" \/>\n\t<meta property=\"og:image:height\" content=\"1200\" \/>\n\t<meta property=\"og:image:type\" content=\"image\/jpeg\" \/>\n<meta name=\"twitter:label1\" content=\"Gesch\u00e4tzte Lesezeit\" \/>\n\t<meta name=\"twitter:data1\" content=\"3\u00a0Minuten\" \/>\n<script type=\"application\/ld+json\" class=\"yoast-schema-graph\">{\"@context\":\"https:\/\/schema.org\",\"@graph\":[{\"@type\":\"WebPage\",\"@id\":\"https:\/\/business.roovi.com\/de\/james-tissot-1000-teile-puzzle-fur-erwachsene-a-convalescent\/p\/\",\"url\":\"https:\/\/business.roovi.com\/de\/james-tissot-1000-teile-puzzle-fur-erwachsene-a-convalescent\/p\/\",\"name\":\"James Tissot 1000 Teile Puzzle f\u00fcr Erwachsene - A Convalescent\",\"isPartOf\":{\"@id\":\"https:\/\/business.roovi.com\/de\/#website\"},\"datePublished\":\"2018-04-16T10:56:17+00:00\",\"dateModified\":\"2022-07-06T18:34:39+00:00\",\"description\":\"James Tissot 1000 Teile Puzzle f\u00fcr Erwachsene - A Convalescent\",\"breadcrumb\":{\"@id\":\"https:\/\/business.roovi.com\/de\/james-tissot-1000-teile-puzzle-fur-erwachsene-a-convalescent\/p\/#breadcrumb\"},\"inLanguage\":\"de\",\"potentialAction\":[{\"@type\":\"ReadAction\",\"target\":[\"https:\/\/business.roovi.com\/de\/james-tissot-1000-teile-puzzle-fur-erwachsene-a-convalescent\/p\/\"]}]},{\"@type\":\"BreadcrumbList\",\"@id\":\"https:\/\/business.roovi.com\/de\/james-tissot-1000-teile-puzzle-fur-erwachsene-a-convalescent\/p\/#breadcrumb\",\"itemListElement\":[{\"@type\":\"ListItem\",\"position\":1,\"name\":\"Home\",\"item\":\"https:\/\/business.roovi.com\/de\/\"},{\"@type\":\"ListItem\",\"position\":2,\"name\":\"Shop\",\"item\":\"https:\/\/business.roovi.com\/de\/shop\/\"},{\"@type\":\"ListItem\",\"position\":3,\"name\":\"James Tissot 1000 Teile Puzzle f\u00fcr Erwachsene &#8211; A Convalescent\"}]},{\"@type\":\"WebSite\",\"@id\":\"https:\/\/business.roovi.com\/de\/#website\",\"url\":\"https:\/\/business.roovi.com\/de\/\",\"name\":\"Roovi B2B\",\"description\":\"Roovi Business Website\",\"potentialAction\":[{\"@type\":\"SearchAction\",\"target\":{\"@type\":\"EntryPoint\",\"urlTemplate\":\"https:\/\/business.roovi.com\/de\/?s={search_term_string}\"},\"query-input\":\"required name=search_term_string\"}],\"inLanguage\":\"de\"}]}<\/script>\n<!-- \/ Yoast SEO plugin. -->","yoast_head_json":{"title":"James Tissot 1000 Teile Puzzle f\u00fcr Erwachsene - A Convalescent","description":"James Tissot 1000 Teile Puzzle f\u00fcr Erwachsene - A Convalescent","robots":{"index":"index","follow":"follow","max-snippet":"max-snippet:-1","max-image-preview":"max-image-preview:large","max-video-preview":"max-video-preview:-1"},"canonical":"https:\/\/business.roovi.com\/de\/james-tissot-1000-teile-puzzle-fur-erwachsene-a-convalescent\/p\/","og_locale":"de_DE","og_type":"article","og_title":"James Tissot 1000 Teile Puzzle f\u00fcr Erwachsene - A Convalescent","og_description":"James Tissot 1000 Teile Puzzle f\u00fcr Erwachsene - A Convalescent","og_url":"https:\/\/business.roovi.com\/de\/james-tissot-1000-teile-puzzle-fur-erwachsene-a-convalescent\/p\/","og_site_name":"Roovi B2B","article_publisher":"https:\/\/www.facebook.com\/wwwjucariero","article_modified_time":"2022-07-06T18:34:39+00:00","og_image":[{"width":1200,"height":1200,"url":"https:\/\/business.roovi.com\/wp-content\/uploads\/2018\/04\/p1000_tissot_72771ti01tissot_72771ti02_r700_64x88cm_no_stanc2.jpg","type":"image\/jpeg"}],"twitter_misc":{"Gesch\u00e4tzte Lesezeit":"3\u00a0Minuten"},"schema":{"@context":"https:\/\/schema.org","@graph":[{"@type":"WebPage","@id":"https:\/\/business.roovi.com\/de\/james-tissot-1000-teile-puzzle-fur-erwachsene-a-convalescent\/p\/","url":"https:\/\/business.roovi.com\/de\/james-tissot-1000-teile-puzzle-fur-erwachsene-a-convalescent\/p\/","name":"James Tissot 1000 Teile Puzzle f\u00fcr Erwachsene - A Convalescent","isPartOf":{"@id":"https:\/\/business.roovi.com\/de\/#website"},"datePublished":"2018-04-16T10:56:17+00:00","dateModified":"2022-07-06T18:34:39+00:00","description":"James Tissot 1000 Teile Puzzle f\u00fcr Erwachsene - A Convalescent","breadcrumb":{"@id":"https:\/\/business.roovi.com\/de\/james-tissot-1000-teile-puzzle-fur-erwachsene-a-convalescent\/p\/#breadcrumb"},"inLanguage":"de","potentialAction":[{"@type":"ReadAction","target":["https:\/\/business.roovi.com\/de\/james-tissot-1000-teile-puzzle-fur-erwachsene-a-convalescent\/p\/"]}]},{"@type":"BreadcrumbList","@id":"https:\/\/business.roovi.com\/de\/james-tissot-1000-teile-puzzle-fur-erwachsene-a-convalescent\/p\/#breadcrumb","itemListElement":[{"@type":"ListItem","position":1,"name":"Home","item":"https:\/\/business.roovi.com\/de\/"},{"@type":"ListItem","position":2,"name":"Shop","item":"https:\/\/business.roovi.com\/de\/shop\/"},{"@type":"ListItem","position":3,"name":"James Tissot 1000 Teile Puzzle f\u00fcr Erwachsene &#8211; A Convalescent"}]},{"@type":"WebSite","@id":"https:\/\/business.roovi.com\/de\/#website","url":"https:\/\/business.roovi.com\/de\/","name":"Roovi B2B","description":"Roovi Business Website","potentialAction":[{"@type":"SearchAction","target":{"@type":"EntryPoint","urlTemplate":"https:\/\/business.roovi.com\/de\/?s={search_term_string}"},"query-input":"required name=search_term_string"}],"inLanguage":"de"}]}},"_links":{"self":[{"href":"https:\/\/business.roovi.com\/de\/wp-json\/wp\/v2\/product\/42018","targetHints":{"allow":["GET"]}}],"collection":[{"href":"https:\/\/business.roovi.com\/de\/wp-json\/wp\/v2\/product"}],"about":[{"href":"https:\/\/business.roovi.com\/de\/wp-json\/wp\/v2\/types\/product"}],"version-history":[{"count":0,"href":"https:\/\/business.roovi.com\/de\/wp-json\/wp\/v2\/product\/42018\/revisions"}],"wp:featuredmedia":[{"embeddable":true,"href":"https:\/\/business.roovi.com\/de\/wp-json\/wp\/v2\/media\/35288"}],"wp:attachment":[{"href":"https:\/\/business.roovi.com\/de\/wp-json\/wp\/v2\/media?parent=42018"}],"wp:term":[{"taxonomy":"product_brand","embeddable":true,"href":"https:\/\/business.roovi.com\/de\/wp-json\/wp\/v2\/product_brand?post=42018"},{"taxonomy":"product_cat","embeddable":true,"href":"https:\/\/business.roovi.com\/de\/wp-json\/wp\/v2\/product_cat?post=42018"},{"taxonomy":"product_tag","embeddable":true,"href":"https:\/\/business.roovi.com\/de\/wp-json\/wp\/v2\/product_tag?post=42018"}],"curies":[{"name":"wp","href":"https:\/\/api.w.org\/{rel}","templated":true}]}}