{"id":42022,"date":"2018-04-16T10:56:17","date_gmt":"2018-04-16T10:56:17","guid":{"rendered":"https:\/\/business.roovi.com\/puzzle-adulti-1000-piese-julien-dupre-the-shepherdess-with-her-flock\/p\/"},"modified":"2022-07-06T18:34:48","modified_gmt":"2022-07-06T18:34:48","slug":"julien-dupre-1000-teile-erwachsenenpuzzle-die-hirtin-mit-ihrer-herde","status":"publish","type":"product","link":"https:\/\/business.roovi.com\/de\/julien-dupre-1000-teile-erwachsenenpuzzle-die-hirtin-mit-ihrer-herde\/p\/","title":{"rendered":"Julien Dupr\u00e9 1000 Teile Erwachsenenpuzzle &#8211; Die Hirtin mit ihrer Herde"},"content":{"rendered":"<p><span style=\"font-weight: 400\">Suchst du nach einem Weg, um Stress abzubauen? Entdecke Kunstpuzzles und schalte mit Hilfe von atemberaubenden 1000-Teile-Puzzlebildern von den Alltagssorgen ab. Feiere deine harte Arbeit und rahme Bilder, die aus perfekten Kunstr\u00e4tseln entstanden sind <\/span><\/p>\n<p><span style=\"font-weight: 400\">Julien Dupr\u00e9s 1000 Teile Puzzle &#8211; Die Hirtin mit ihrer Herde ist unsere Empfehlung f\u00fcr dich, wenn du b\u00f6hmische Gem\u00e4lde mit klassischen l\u00e4ndlichen Bildern liebst. Wenn du dir das Bild in diesem Puzzle ansiehst, f\u00fchlst du dich in deine Kindheit auf dem Lande zur\u00fcckversetzt. In diesen friedlichen Raum, in dem Menschen und Tiere in perfekter Harmonie mit der Natur leben, geht dein Gedanke, wenn du dieses wundersch\u00f6ne Kunstpuzzle zusammensetzt.<\/span><\/p>\n<p><span style=\"font-weight: 400\">Setz dich gem\u00fctlich vor den Couchtisch in deinem Wohnzimmer &#8211; das ist alles, was du brauchst, um die Teile deines 1000. Puzzles zu st\u00fctzen &#8211; und lass dich in die Ruhe der Landwelt treiben <\/span><\/p>\n<p><span style=\"font-weight: 400\">Lies hier mehr \u00fcber Julien Dupr\u00e9s 1000-Teile-Puzzle Die Hirtin mit ihrer Herde <\/span><\/p>\n<p><strong>Materialr\u00e4tsel <\/strong><\/p>\n<p><strong>hochwertiger blauer Karton<\/strong><\/p>\n<p><strong>nachhaltige, recycelbare Materialien<\/strong><\/p>\n<p><strong>halbgl\u00e4nzende Oberfl\u00e4che, leuchtende Farben<\/strong><\/p>\n<p><strong>Gr\u00f6\u00dfe der rekonstruierten Tafel: 50 x 70 cm<\/strong><\/p>\n<p><strong>Anzahl der Puzzleteile: 1000<\/strong><\/p>\n<p><strong>Empfohlenes Alter: 14+<\/strong><\/p>\n<p><strong>1000 Teile Puzzles entspannen dich und halten dich gesund<\/strong><\/p>\n<p><span style=\"font-weight: 400\">Der Spa\u00df und die Gesunderhaltung geh\u00f6ren bei Puzzlespielen zusammen. Viele der Vorteile, die sie mit sich bringen, sind wissenschaftlich erwiesen. Der Entspannungszustand beim Zusammensetzen des Puzzles tr\u00e4gt zum Beispiel dazu bei, dass das Herzsystem innerhalb normaler Parameter funktioniert und der Blutdruck gesenkt wird. Es wurde auch festgestellt, dass Puzzles f\u00fcr Erwachsene das Risiko, im Alter an Alzheimer und Demenz zu erkranken, deutlich verringern <\/span><\/p>\n<p><span style=\"font-weight: 400\">Du hast nur positive Gr\u00fcnde, deine Leidenschaft f\u00fcr Puzzlespiele zu pflegen! Z\u00f6gere nicht, w\u00e4hle jetzt dein Lieblings-1000-Teile-Puzzle und genie\u00dfe alle Vorteile, die es bietet!<\/span><\/p>\n<p><strong>Wei\u00dft du, wer Julien Dupr\u00e9 war? <\/strong><\/p>\n<p><span style=\"font-weight: 400\">Wenn du nicht viele Details \u00fcber diesen Maler wei\u00dft, pr\u00e4sentieren wir dir einige Informationen \u00fcber sein Leben und seine Arbeit:<\/span><\/p>\n<p><span style=\"font-weight: 400\">Julien Dupr\u00e9<\/span> <span style=\"font-weight: 400\">war<\/span> <span style=\"font-weight: 400\">ein franz\u00f6sischer realistischer Maler aus der zweiten H\u00e4lfte des 19. Jahrhunderts.<\/span><\/p>\n<p><span style=\"font-weight: 400\">Er malte viele l\u00e4ndliche Szenen aus der Normandie und der Bretagne.<\/span><\/p>\n<p><span style=\"font-weight: 400\">In den meisten seiner Werke stellte er das b\u00e4uerliche Leben dar, wobei die Arbeit auf dem Bauernhof sein Lieblingsthema war.<\/span><\/p>\n<p><span style=\"font-weight: 400\">In seinen Gem\u00e4lden werden junge M\u00e4dchen vom Land mit einer heroischen Aura dargestellt und ihre Arbeit wird als wahrhaft edle Sache pr\u00e4sentiert.<\/span><\/p>\n<p><span style=\"font-weight: 400\">Auf der Weltausstellung 1889 in Paris erhielt er die Goldmedaille und wurde mit dem Orden der Ehrenlegion ausgezeichnet.<\/span><\/p>\n<p><span style=\"font-weight: 400\">Er war ein aktiver Maler, der bis zu seinem Lebensende im Jahr 1910 arbeitete und seine Werke ausstellte.<\/span><\/p>\n<p><strong>Puzzles f\u00fcr Erwachsene halten dich von den Bildschirmen fern<\/strong><\/p>\n<p><span style=\"font-weight: 400\">Du willst eine Pause vom virtuellen Leben, wei\u00dft aber nicht, womit du deine Zeit f\u00fcllen sollst? Puzzlespiele sind eine tolle M\u00f6glichkeit, um von deinen Smart-Ger\u00e4ten abzuschalten. Beziehe die Kinder, Gro\u00dfeltern oder deinen Freundeskreis mit ein und erlebe tolle Erlebnisse mit deinen Liebsten. So kannst du wieder eine besondere Verbindung zu den Menschen um dich herum aufbauen und eine gute Zeit mit ihnen verbringen.<\/span><\/p>\n<p><span style=\"font-weight: 400\">Kaufe Julien Dupr\u00e9 &#8211; Die Hirtin mit ihrer Herde 1000 Teile Puzzle und du wirst bis zu 30 Stunden entspannten Spa\u00df mit einem au\u00dfergew\u00f6hnlichen Kunstpuzzle haben. Sei der Sch\u00f6pfer eines atemberaubenden Kunstwerks aus einem 1000-Teile-Puzzle <\/span><\/p>\n<p><span style=\"font-weight: 400\">Julien Dupr\u00e9 Art Puzzle &#8211; Die Hirtin mit ihrer Herde ist ein tolles Geschenk f\u00fcr jeden Puzzle-Liebhaber.<\/span><\/p><\/p>\n","protected":false},"excerpt":{"rendered":"<p>Suchst du nach einem Weg, um Stress abzubauen? Entdecke Kunstpuzzles und schalte mit Hilfe von atemberaubenden 1000-Teile-Puzzlebildern von den Alltagssorgen<\/p>\n","protected":false},"featured_media":63442,"template":"","meta":[],"product_brand":[],"product_cat":[1916,1875,1915],"product_tag":[],"class_list":{"0":"post-42022","1":"product","2":"type-product","3":"status-publish","4":"has-post-thumbnail","6":"product_cat-1000-teile-puzzle","7":"product_cat-puzzle-de","8":"product_cat-puzzlespiele-fur-erwachsene","9":"pa_bax-10-de","10":"pa_brand-d_toys-de","11":"pa_country_of_manufacture-ro-de","12":"pa_filter_age-14-de","13":"pa_painter-julien-dupre","14":"pa_tip_ambalaj-kasten-a4-de","15":"pa_tip_puzzle-klassisch","17":"first","18":"instock","19":"taxable","20":"shipping-taxable","21":"product-type-simple"},"yoast_head":"<!-- This site is optimized with the Yoast SEO plugin v20.1 - https:\/\/yoast.com\/wordpress\/plugins\/seo\/ -->\n<title>Julien Dupr\u00e9 1000 Teile Erwachsenenpuzzle - Die Hirtin mit ihrer Herde<\/title>\n<meta name=\"description\" content=\"Julien Dupr\u00e9 1000 Teile Erwachsenenpuzzle - Die Hirtin mit ihrer Herde\" \/>\n<meta name=\"robots\" content=\"index, follow, max-snippet:-1, max-image-preview:large, max-video-preview:-1\" \/>\n<link rel=\"canonical\" href=\"https:\/\/business.roovi.com\/de\/julien-dupre-1000-teile-erwachsenenpuzzle-die-hirtin-mit-ihrer-herde\/p\/\" \/>\n<meta property=\"og:locale\" content=\"de_DE\" \/>\n<meta property=\"og:type\" content=\"article\" \/>\n<meta property=\"og:title\" content=\"Julien Dupr\u00e9 1000 Teile Erwachsenenpuzzle - Die Hirtin mit ihrer Herde\" \/>\n<meta property=\"og:description\" content=\"Julien Dupr\u00e9 1000 Teile Erwachsenenpuzzle - Die Hirtin mit ihrer Herde\" \/>\n<meta property=\"og:url\" content=\"https:\/\/business.roovi.com\/de\/julien-dupre-1000-teile-erwachsenenpuzzle-die-hirtin-mit-ihrer-herde\/p\/\" \/>\n<meta property=\"og:site_name\" content=\"Roovi B2B\" \/>\n<meta property=\"article:publisher\" content=\"https:\/\/www.facebook.com\/wwwjucariero\" \/>\n<meta property=\"article:modified_time\" content=\"2022-07-06T18:34:48+00:00\" \/>\n<meta property=\"og:image\" content=\"https:\/\/business.roovi.com\/wp-content\/uploads\/2018\/04\/72788-02_ansamblu_dimensiuni_cutie_cm_1200x1200.png\" \/>\n\t<meta property=\"og:image:width\" content=\"1200\" \/>\n\t<meta property=\"og:image:height\" content=\"1200\" \/>\n\t<meta property=\"og:image:type\" content=\"image\/png\" \/>\n<meta name=\"twitter:label1\" content=\"Gesch\u00e4tzte Lesezeit\" \/>\n\t<meta name=\"twitter:data1\" content=\"3\u00a0Minuten\" \/>\n<script type=\"application\/ld+json\" class=\"yoast-schema-graph\">{\"@context\":\"https:\/\/schema.org\",\"@graph\":[{\"@type\":\"WebPage\",\"@id\":\"https:\/\/business.roovi.com\/de\/julien-dupre-1000-teile-erwachsenenpuzzle-die-hirtin-mit-ihrer-herde\/p\/\",\"url\":\"https:\/\/business.roovi.com\/de\/julien-dupre-1000-teile-erwachsenenpuzzle-die-hirtin-mit-ihrer-herde\/p\/\",\"name\":\"Julien Dupr\u00e9 1000 Teile Erwachsenenpuzzle - Die Hirtin mit ihrer Herde\",\"isPartOf\":{\"@id\":\"https:\/\/business.roovi.com\/de\/#website\"},\"datePublished\":\"2018-04-16T10:56:17+00:00\",\"dateModified\":\"2022-07-06T18:34:48+00:00\",\"description\":\"Julien Dupr\u00e9 1000 Teile Erwachsenenpuzzle - Die Hirtin mit ihrer Herde\",\"breadcrumb\":{\"@id\":\"https:\/\/business.roovi.com\/de\/julien-dupre-1000-teile-erwachsenenpuzzle-die-hirtin-mit-ihrer-herde\/p\/#breadcrumb\"},\"inLanguage\":\"de\",\"potentialAction\":[{\"@type\":\"ReadAction\",\"target\":[\"https:\/\/business.roovi.com\/de\/julien-dupre-1000-teile-erwachsenenpuzzle-die-hirtin-mit-ihrer-herde\/p\/\"]}]},{\"@type\":\"BreadcrumbList\",\"@id\":\"https:\/\/business.roovi.com\/de\/julien-dupre-1000-teile-erwachsenenpuzzle-die-hirtin-mit-ihrer-herde\/p\/#breadcrumb\",\"itemListElement\":[{\"@type\":\"ListItem\",\"position\":1,\"name\":\"Home\",\"item\":\"https:\/\/business.roovi.com\/de\/\"},{\"@type\":\"ListItem\",\"position\":2,\"name\":\"Shop\",\"item\":\"https:\/\/business.roovi.com\/de\/shop\/\"},{\"@type\":\"ListItem\",\"position\":3,\"name\":\"Julien Dupr\u00e9 1000 Teile Erwachsenenpuzzle &#8211; Die Hirtin mit ihrer Herde\"}]},{\"@type\":\"WebSite\",\"@id\":\"https:\/\/business.roovi.com\/de\/#website\",\"url\":\"https:\/\/business.roovi.com\/de\/\",\"name\":\"Roovi B2B\",\"description\":\"Roovi Business Website\",\"potentialAction\":[{\"@type\":\"SearchAction\",\"target\":{\"@type\":\"EntryPoint\",\"urlTemplate\":\"https:\/\/business.roovi.com\/de\/?s={search_term_string}\"},\"query-input\":\"required name=search_term_string\"}],\"inLanguage\":\"de\"}]}<\/script>\n<!-- \/ Yoast SEO plugin. -->","yoast_head_json":{"title":"Julien Dupr\u00e9 1000 Teile Erwachsenenpuzzle - Die Hirtin mit ihrer Herde","description":"Julien Dupr\u00e9 1000 Teile Erwachsenenpuzzle - Die Hirtin mit ihrer Herde","robots":{"index":"index","follow":"follow","max-snippet":"max-snippet:-1","max-image-preview":"max-image-preview:large","max-video-preview":"max-video-preview:-1"},"canonical":"https:\/\/business.roovi.com\/de\/julien-dupre-1000-teile-erwachsenenpuzzle-die-hirtin-mit-ihrer-herde\/p\/","og_locale":"de_DE","og_type":"article","og_title":"Julien Dupr\u00e9 1000 Teile Erwachsenenpuzzle - Die Hirtin mit ihrer Herde","og_description":"Julien Dupr\u00e9 1000 Teile Erwachsenenpuzzle - Die Hirtin mit ihrer Herde","og_url":"https:\/\/business.roovi.com\/de\/julien-dupre-1000-teile-erwachsenenpuzzle-die-hirtin-mit-ihrer-herde\/p\/","og_site_name":"Roovi B2B","article_publisher":"https:\/\/www.facebook.com\/wwwjucariero","article_modified_time":"2022-07-06T18:34:48+00:00","og_image":[{"width":1200,"height":1200,"url":"https:\/\/business.roovi.com\/wp-content\/uploads\/2018\/04\/72788-02_ansamblu_dimensiuni_cutie_cm_1200x1200.png","type":"image\/png"}],"twitter_misc":{"Gesch\u00e4tzte Lesezeit":"3\u00a0Minuten"},"schema":{"@context":"https:\/\/schema.org","@graph":[{"@type":"WebPage","@id":"https:\/\/business.roovi.com\/de\/julien-dupre-1000-teile-erwachsenenpuzzle-die-hirtin-mit-ihrer-herde\/p\/","url":"https:\/\/business.roovi.com\/de\/julien-dupre-1000-teile-erwachsenenpuzzle-die-hirtin-mit-ihrer-herde\/p\/","name":"Julien Dupr\u00e9 1000 Teile Erwachsenenpuzzle - Die Hirtin mit ihrer Herde","isPartOf":{"@id":"https:\/\/business.roovi.com\/de\/#website"},"datePublished":"2018-04-16T10:56:17+00:00","dateModified":"2022-07-06T18:34:48+00:00","description":"Julien Dupr\u00e9 1000 Teile Erwachsenenpuzzle - Die Hirtin mit ihrer Herde","breadcrumb":{"@id":"https:\/\/business.roovi.com\/de\/julien-dupre-1000-teile-erwachsenenpuzzle-die-hirtin-mit-ihrer-herde\/p\/#breadcrumb"},"inLanguage":"de","potentialAction":[{"@type":"ReadAction","target":["https:\/\/business.roovi.com\/de\/julien-dupre-1000-teile-erwachsenenpuzzle-die-hirtin-mit-ihrer-herde\/p\/"]}]},{"@type":"BreadcrumbList","@id":"https:\/\/business.roovi.com\/de\/julien-dupre-1000-teile-erwachsenenpuzzle-die-hirtin-mit-ihrer-herde\/p\/#breadcrumb","itemListElement":[{"@type":"ListItem","position":1,"name":"Home","item":"https:\/\/business.roovi.com\/de\/"},{"@type":"ListItem","position":2,"name":"Shop","item":"https:\/\/business.roovi.com\/de\/shop\/"},{"@type":"ListItem","position":3,"name":"Julien Dupr\u00e9 1000 Teile Erwachsenenpuzzle &#8211; Die Hirtin mit ihrer Herde"}]},{"@type":"WebSite","@id":"https:\/\/business.roovi.com\/de\/#website","url":"https:\/\/business.roovi.com\/de\/","name":"Roovi B2B","description":"Roovi Business Website","potentialAction":[{"@type":"SearchAction","target":{"@type":"EntryPoint","urlTemplate":"https:\/\/business.roovi.com\/de\/?s={search_term_string}"},"query-input":"required name=search_term_string"}],"inLanguage":"de"}]}},"_links":{"self":[{"href":"https:\/\/business.roovi.com\/de\/wp-json\/wp\/v2\/product\/42022","targetHints":{"allow":["GET"]}}],"collection":[{"href":"https:\/\/business.roovi.com\/de\/wp-json\/wp\/v2\/product"}],"about":[{"href":"https:\/\/business.roovi.com\/de\/wp-json\/wp\/v2\/types\/product"}],"version-history":[{"count":0,"href":"https:\/\/business.roovi.com\/de\/wp-json\/wp\/v2\/product\/42022\/revisions"}],"wp:featuredmedia":[{"embeddable":true,"href":"https:\/\/business.roovi.com\/de\/wp-json\/wp\/v2\/media\/63442"}],"wp:attachment":[{"href":"https:\/\/business.roovi.com\/de\/wp-json\/wp\/v2\/media?parent=42022"}],"wp:term":[{"taxonomy":"product_brand","embeddable":true,"href":"https:\/\/business.roovi.com\/de\/wp-json\/wp\/v2\/product_brand?post=42022"},{"taxonomy":"product_cat","embeddable":true,"href":"https:\/\/business.roovi.com\/de\/wp-json\/wp\/v2\/product_cat?post=42022"},{"taxonomy":"product_tag","embeddable":true,"href":"https:\/\/business.roovi.com\/de\/wp-json\/wp\/v2\/product_tag?post=42022"}],"curies":[{"name":"wp","href":"https:\/\/api.w.org\/{rel}","templated":true}]}}