{"id":42030,"date":"2018-04-16T10:56:17","date_gmt":"2018-04-16T10:56:17","guid":{"rendered":"https:\/\/business.roovi.com\/puzzle-adulti-1000-piese-edouard-manet-springprimavara\/p\/"},"modified":"2023-02-21T11:25:43","modified_gmt":"2023-02-21T11:25:43","slug":"1000-teile-puzzle-fur-erwachsene-edouard-manet-fruhling-primavara","status":"publish","type":"product","link":"https:\/\/business.roovi.com\/de\/1000-teile-puzzle-fur-erwachsene-edouard-manet-fruhling-primavara\/p\/","title":{"rendered":"1000-Teile-Puzzle f\u00fcr Erwachsene \u00c9douard Manet &#8211; Fr\u00fchling"},"content":{"rendered":"<p><span style=\"font-weight: 400;\">M\u00f6chtest du das Gem\u00e4lde der Mona Lisa von zu Hause aus bewundern und selbst die feinsten Spuren des Pinsels des K\u00fcnstlers einfangen? In unserer Sammlung von Kunstr\u00e4tseln findest du das Bild dieses ber\u00fchmten Gem\u00e4ldes und viele weitere. Du kannst deine eigene Sammlung von atemberaubenden Gem\u00e4lden aus 1000-teiligen Puzzles erstellen. Entdecke jetzt die gesamte Palette an Puzzles f\u00fcr Erwachsene!<\/span><\/p>\n<p><span style=\"font-weight: 400;\">Willst du ein 1000-Teile-Puzzle mit komplizierten Details? Das Kunstpuzzle \u00c9douard Manet &#8211; Fr\u00fchling ist genau das, wonach du suchst. Das Puzzle zeigt den letzten \u00f6ffentlichen Erfolg von Manet. Das Gem\u00e4lde stellt die Pariser Schauspielerin Jeanne DeMarsy als Verk\u00f6rperung des Fr\u00fchlings dar. Die Frau tr\u00e4gt ein gebl\u00fcmtes Kleid mit Schirm und M\u00fctze vor einem \u00fcppigen Hintergrund aus gr\u00fcnen Bl\u00e4ttern und einem klaren blauen Himmel <\/span><\/p>\n<p><span style=\"font-weight: 400;\">Setz dich gem\u00fctlich vor den Couchtisch im Wohnzimmer und beginne mit der Arbeit an einem beeindruckenden Gem\u00e4lde. Du bekommst ein 50 x 70 cm gro\u00dfes Bild, das du einrahmen und an eine deiner W\u00e4nde h\u00e4ngen kannst.<\/span><\/p>\n<p><span style=\"font-weight: 400;\">Eigenschaften des \u00c9douard Manet &#8211; Spring Art Puzzle<\/span><\/p>\n<p><strong>Puzzle-Material <\/strong><\/p>\n<p><strong>hochwertiger blauer Karton<\/strong><\/p>\n<p><strong>nachhaltige, recycelbare Materialien<\/strong><\/p>\n<p><strong>halbgl\u00e4nzende Oberfl\u00e4che, leuchtende Farben<\/strong><\/p>\n<p><strong>Anzahl der Puzzleteile: 1000<\/strong><\/p>\n<p><strong>Empfohlenes Alter: 14+<\/strong><\/p>\n<p><strong>Puzzlespiele versetzen dein virtuelles Leben in den Schlafmodus<\/strong><\/p>\n<p><span style=\"font-weight: 400;\">Brauchst du eine Pause von den Bildschirmen? Puzzlespiele sind die beste Option, wenn du deine Zeit abseits der Bildschirme deiner Smartphones verbringen willst. Au\u00dferdem hast du so die M\u00f6glichkeit, einzigartige Dekorationsartikel herzustellen, die du in deinem Haus ausstellen kannst.<\/span><\/p>\n<p><span style=\"font-weight: 400;\">Neben dem Vorteil einer kreativen und entspannenden T\u00e4tigkeit hast du auch noch andere Vorteile:<\/span><\/p>\n<p><span style=\"font-weight: 400;\">Du entwickelst deine Aufmerksamkeit f\u00fcr Details und deine Konzentrationsf\u00e4higkeit.<\/span><\/p>\n<p><span style=\"font-weight: 400;\">Du trainierst dein Ged\u00e4chtnis.<\/span><\/p>\n<p><span style=\"font-weight: 400;\">Du verbesserst deine Stimmung.<\/span><\/p>\n<p><span style=\"font-weight: 400;\">Du verbindest dich mit deiner Familie oder deinen Freunden, wenn ihr gemeinsam an einem 1000-Teile-Puzzle arbeitet.<\/span><\/p>\n<p><strong>5 Fakten \u00fcber Manet und seine Malerei <\/strong><strong><em>Fr\u00fchling<\/em><\/strong><\/p>\n<p><span style=\"font-weight: 400;\">Das Gem\u00e4lde ist derzeit bei <\/span><span style=\"font-weight: 400;\">J. Paul Getty Museum, das im Jahr 2014 65 Millionen Dollar daf\u00fcr bezahlte.<\/span><\/p>\n<p><span style=\"font-weight: 400;\">Das Gem\u00e4lde sollte Teil einer Serie von 4 Werken sein, die kokette Frauen darstellen, die alle 4 Jahreszeiten repr\u00e4sentieren. Manet kam nie dazu, das Projekt zu vollenden.<\/span><\/p>\n<p><span style=\"font-weight: 400;\">Der K\u00fcnstler starb ein Jahr, nachdem er dieses Werk auf dem Pariser Salon ausgestellt hatte.<\/span><\/p>\n<p><span style=\"font-weight: 400;\">Manet entwickelte einen Malstil, der von den Alten Meistern inspiriert war, sich aber auf Bilder der modernen Stadt konzentrierte.<\/span><\/p>\n<p><span style=\"font-weight: 400;\">Er malte gew\u00f6hnliche Menschen, die er bei ihren t\u00e4glichen Aktivit\u00e4ten festhielt, aber sein k\u00fchner Stil \u00fcberraschte viele Kritiker seiner Zeit und wurde von ihnen wiederholt abgelehnt.<\/span><\/p>\n<p><strong>Kunstr\u00e4tsel: 3 wunderbare Vorteile, die sie dir bieten<\/strong><\/p>\n<p><span style=\"font-weight: 400;\">Es ist eine wunderbare Herausforderung, Bilder von den gro\u00dfen Meisterwerken der Welt neu zu erschaffen. Hier sind nur 3 Gr\u00fcnde, die f\u00fcr diese Puzzlespiele sprechen:<\/span><\/p>\n<ul>\n<li><span style=\"font-weight: 400;\">Du kannst ber\u00fchmte Kunstwerke aus 1000 Puzzleteilen nachbilden und sie dann einrahmen.<\/span><\/li>\n<li><span style=\"font-weight: 400;\">Du entwickelst deinen \u00e4sthetischen Sinn &#8211; wenn du deine Freizeit inmitten von Sch\u00f6nheit und Raffinesse verbringst, ist es unm\u00f6glich, deinen \u00e4sthetischen Geschmack nicht zu verfeinern.<\/span><\/li>\n<li><span style=\"font-weight: 400;\">Du entwickelst deine F\u00e4higkeiten im Zusammensetzen von Puzzles.<\/span><\/li>\n<\/ul>\n<p><span style=\"font-weight: 400;\">1000-teilige Puzzlespiele kaufen <\/span><span style=\"font-weight: 400;\">\u00c9douard Manet &#8211; Spring aus der Kunstpuzzle-Sammlung und genie\u00dfe alle Vorteile, die ein Puzzlespiel zu bieten hat. Setze das Kunstbild in diesem wundersch\u00f6nen Puzzle f\u00fcr Erwachsene zusammen und erstelle deine eigene Kunstsammlung.<\/span><\/p>\n<p><span style=\"font-weight: 400;\">Das \u00c9douard Manet Kunstpuzzle &#8211; Fr\u00fchling ist ein ideales Geschenk f\u00fcr Freunde, die Puzzlespiele oder Kunstwerke lieben. \u00dcberrasche sie angenehm und schenke ihnen dieses Puzzle f\u00fcr Erwachsene zu Feiertagen oder Jubil\u00e4umsanl\u00e4ssen.<\/span><\/p>\n","protected":false},"excerpt":{"rendered":"<p>M\u00f6chtest du das Gem\u00e4lde der Mona Lisa von zu Hause aus bewundern und selbst die feinsten Spuren des Pinsels des<\/p>\n","protected":false},"featured_media":63579,"template":"","meta":[],"product_brand":[],"product_cat":[1916,1875,1915],"product_tag":[],"class_list":{"0":"post-42030","1":"product","2":"type-product","3":"status-publish","4":"has-post-thumbnail","6":"product_cat-1000-teile-puzzle","7":"product_cat-puzzle-de","8":"product_cat-puzzlespiele-fur-erwachsene","9":"pa_bax-10-de","10":"pa_brand-d_toys-de","11":"pa_country_of_manufacture-ro-de","12":"pa_filter_age-14-de","13":"pa_painter-edouard-manet","14":"pa_tip_ambalaj-kasten-a4-de","15":"pa_tip_puzzle-klassisch","17":"first","18":"onbackorder","19":"taxable","20":"shipping-taxable","21":"product-type-simple"},"yoast_head":"<!-- This site is optimized with the Yoast SEO plugin v20.1 - https:\/\/yoast.com\/wordpress\/plugins\/seo\/ -->\n<title>1000-Teile-Puzzle f\u00fcr Erwachsene \u00c9douard Manet - Fr\u00fchling\/Primavara<\/title>\n<meta name=\"description\" content=\"1000-Teile-Puzzle f\u00fcr Erwachsene \u00c9douard Manet - Fr\u00fchling\/Primavara\" \/>\n<meta name=\"robots\" content=\"index, follow, max-snippet:-1, max-image-preview:large, max-video-preview:-1\" \/>\n<link rel=\"canonical\" href=\"https:\/\/business.roovi.com\/de\/1000-teile-puzzle-fur-erwachsene-edouard-manet-fruhling-primavara\/p\/\" \/>\n<meta property=\"og:locale\" content=\"de_DE\" \/>\n<meta property=\"og:type\" content=\"article\" \/>\n<meta property=\"og:title\" content=\"1000-Teile-Puzzle f\u00fcr Erwachsene \u00c9douard Manet - Fr\u00fchling\/Primavara\" \/>\n<meta property=\"og:description\" content=\"1000-Teile-Puzzle f\u00fcr Erwachsene \u00c9douard Manet - Fr\u00fchling\/Primavara\" \/>\n<meta property=\"og:url\" content=\"https:\/\/business.roovi.com\/de\/1000-teile-puzzle-fur-erwachsene-edouard-manet-fruhling-primavara\/p\/\" \/>\n<meta property=\"og:site_name\" content=\"Roovi B2B\" \/>\n<meta property=\"article:publisher\" content=\"https:\/\/www.facebook.com\/wwwjucariero\" \/>\n<meta property=\"article:modified_time\" content=\"2023-02-21T11:25:43+00:00\" \/>\n<meta property=\"og:image\" content=\"https:\/\/business.roovi.com\/wp-content\/uploads\/2018\/04\/73068-MA-02-WEB.jpg\" \/>\n\t<meta property=\"og:image:width\" content=\"1200\" \/>\n\t<meta property=\"og:image:height\" content=\"1200\" \/>\n\t<meta property=\"og:image:type\" content=\"image\/jpeg\" \/>\n<meta name=\"twitter:label1\" content=\"Gesch\u00e4tzte Lesezeit\" \/>\n\t<meta name=\"twitter:data1\" content=\"3\u00a0Minuten\" \/>\n<script type=\"application\/ld+json\" class=\"yoast-schema-graph\">{\"@context\":\"https:\/\/schema.org\",\"@graph\":[{\"@type\":\"WebPage\",\"@id\":\"https:\/\/business.roovi.com\/de\/1000-teile-puzzle-fur-erwachsene-edouard-manet-fruhling-primavara\/p\/\",\"url\":\"https:\/\/business.roovi.com\/de\/1000-teile-puzzle-fur-erwachsene-edouard-manet-fruhling-primavara\/p\/\",\"name\":\"1000-Teile-Puzzle f\u00fcr Erwachsene \u00c9douard Manet - Fr\u00fchling\/Primavara\",\"isPartOf\":{\"@id\":\"https:\/\/business.roovi.com\/de\/#website\"},\"datePublished\":\"2018-04-16T10:56:17+00:00\",\"dateModified\":\"2023-02-21T11:25:43+00:00\",\"description\":\"1000-Teile-Puzzle f\u00fcr Erwachsene \u00c9douard Manet - Fr\u00fchling\/Primavara\",\"breadcrumb\":{\"@id\":\"https:\/\/business.roovi.com\/de\/1000-teile-puzzle-fur-erwachsene-edouard-manet-fruhling-primavara\/p\/#breadcrumb\"},\"inLanguage\":\"de\",\"potentialAction\":[{\"@type\":\"ReadAction\",\"target\":[\"https:\/\/business.roovi.com\/de\/1000-teile-puzzle-fur-erwachsene-edouard-manet-fruhling-primavara\/p\/\"]}]},{\"@type\":\"BreadcrumbList\",\"@id\":\"https:\/\/business.roovi.com\/de\/1000-teile-puzzle-fur-erwachsene-edouard-manet-fruhling-primavara\/p\/#breadcrumb\",\"itemListElement\":[{\"@type\":\"ListItem\",\"position\":1,\"name\":\"Home\",\"item\":\"https:\/\/business.roovi.com\/de\/\"},{\"@type\":\"ListItem\",\"position\":2,\"name\":\"Shop\",\"item\":\"https:\/\/business.roovi.com\/de\/shop\/\"},{\"@type\":\"ListItem\",\"position\":3,\"name\":\"1000-Teile-Puzzle f\u00fcr Erwachsene \u00c9douard Manet &#8211; Fr\u00fchling\"}]},{\"@type\":\"WebSite\",\"@id\":\"https:\/\/business.roovi.com\/de\/#website\",\"url\":\"https:\/\/business.roovi.com\/de\/\",\"name\":\"Roovi B2B\",\"description\":\"Roovi Business Website\",\"potentialAction\":[{\"@type\":\"SearchAction\",\"target\":{\"@type\":\"EntryPoint\",\"urlTemplate\":\"https:\/\/business.roovi.com\/de\/?s={search_term_string}\"},\"query-input\":\"required name=search_term_string\"}],\"inLanguage\":\"de\"}]}<\/script>\n<!-- \/ Yoast SEO plugin. -->","yoast_head_json":{"title":"1000-Teile-Puzzle f\u00fcr Erwachsene \u00c9douard Manet - Fr\u00fchling\/Primavara","description":"1000-Teile-Puzzle f\u00fcr Erwachsene \u00c9douard Manet - Fr\u00fchling\/Primavara","robots":{"index":"index","follow":"follow","max-snippet":"max-snippet:-1","max-image-preview":"max-image-preview:large","max-video-preview":"max-video-preview:-1"},"canonical":"https:\/\/business.roovi.com\/de\/1000-teile-puzzle-fur-erwachsene-edouard-manet-fruhling-primavara\/p\/","og_locale":"de_DE","og_type":"article","og_title":"1000-Teile-Puzzle f\u00fcr Erwachsene \u00c9douard Manet - Fr\u00fchling\/Primavara","og_description":"1000-Teile-Puzzle f\u00fcr Erwachsene \u00c9douard Manet - Fr\u00fchling\/Primavara","og_url":"https:\/\/business.roovi.com\/de\/1000-teile-puzzle-fur-erwachsene-edouard-manet-fruhling-primavara\/p\/","og_site_name":"Roovi B2B","article_publisher":"https:\/\/www.facebook.com\/wwwjucariero","article_modified_time":"2023-02-21T11:25:43+00:00","og_image":[{"width":1200,"height":1200,"url":"https:\/\/business.roovi.com\/wp-content\/uploads\/2018\/04\/73068-MA-02-WEB.jpg","type":"image\/jpeg"}],"twitter_misc":{"Gesch\u00e4tzte Lesezeit":"3\u00a0Minuten"},"schema":{"@context":"https:\/\/schema.org","@graph":[{"@type":"WebPage","@id":"https:\/\/business.roovi.com\/de\/1000-teile-puzzle-fur-erwachsene-edouard-manet-fruhling-primavara\/p\/","url":"https:\/\/business.roovi.com\/de\/1000-teile-puzzle-fur-erwachsene-edouard-manet-fruhling-primavara\/p\/","name":"1000-Teile-Puzzle f\u00fcr Erwachsene \u00c9douard Manet - Fr\u00fchling\/Primavara","isPartOf":{"@id":"https:\/\/business.roovi.com\/de\/#website"},"datePublished":"2018-04-16T10:56:17+00:00","dateModified":"2023-02-21T11:25:43+00:00","description":"1000-Teile-Puzzle f\u00fcr Erwachsene \u00c9douard Manet - Fr\u00fchling\/Primavara","breadcrumb":{"@id":"https:\/\/business.roovi.com\/de\/1000-teile-puzzle-fur-erwachsene-edouard-manet-fruhling-primavara\/p\/#breadcrumb"},"inLanguage":"de","potentialAction":[{"@type":"ReadAction","target":["https:\/\/business.roovi.com\/de\/1000-teile-puzzle-fur-erwachsene-edouard-manet-fruhling-primavara\/p\/"]}]},{"@type":"BreadcrumbList","@id":"https:\/\/business.roovi.com\/de\/1000-teile-puzzle-fur-erwachsene-edouard-manet-fruhling-primavara\/p\/#breadcrumb","itemListElement":[{"@type":"ListItem","position":1,"name":"Home","item":"https:\/\/business.roovi.com\/de\/"},{"@type":"ListItem","position":2,"name":"Shop","item":"https:\/\/business.roovi.com\/de\/shop\/"},{"@type":"ListItem","position":3,"name":"1000-Teile-Puzzle f\u00fcr Erwachsene \u00c9douard Manet &#8211; Fr\u00fchling"}]},{"@type":"WebSite","@id":"https:\/\/business.roovi.com\/de\/#website","url":"https:\/\/business.roovi.com\/de\/","name":"Roovi B2B","description":"Roovi Business Website","potentialAction":[{"@type":"SearchAction","target":{"@type":"EntryPoint","urlTemplate":"https:\/\/business.roovi.com\/de\/?s={search_term_string}"},"query-input":"required name=search_term_string"}],"inLanguage":"de"}]}},"_links":{"self":[{"href":"https:\/\/business.roovi.com\/de\/wp-json\/wp\/v2\/product\/42030","targetHints":{"allow":["GET"]}}],"collection":[{"href":"https:\/\/business.roovi.com\/de\/wp-json\/wp\/v2\/product"}],"about":[{"href":"https:\/\/business.roovi.com\/de\/wp-json\/wp\/v2\/types\/product"}],"version-history":[{"count":0,"href":"https:\/\/business.roovi.com\/de\/wp-json\/wp\/v2\/product\/42030\/revisions"}],"wp:featuredmedia":[{"embeddable":true,"href":"https:\/\/business.roovi.com\/de\/wp-json\/wp\/v2\/media\/63579"}],"wp:attachment":[{"href":"https:\/\/business.roovi.com\/de\/wp-json\/wp\/v2\/media?parent=42030"}],"wp:term":[{"taxonomy":"product_brand","embeddable":true,"href":"https:\/\/business.roovi.com\/de\/wp-json\/wp\/v2\/product_brand?post=42030"},{"taxonomy":"product_cat","embeddable":true,"href":"https:\/\/business.roovi.com\/de\/wp-json\/wp\/v2\/product_cat?post=42030"},{"taxonomy":"product_tag","embeddable":true,"href":"https:\/\/business.roovi.com\/de\/wp-json\/wp\/v2\/product_tag?post=42030"}],"curies":[{"name":"wp","href":"https:\/\/api.w.org\/{rel}","templated":true}]}}