{"id":42034,"date":"2018-04-16T10:56:17","date_gmt":"2018-04-16T10:56:17","guid":{"rendered":"https:\/\/business.roovi.com\/puzzle-adulti-1000-piese-edouard-manet-in-the-conservatoryin-sera\/p\/"},"modified":"2023-02-21T11:10:07","modified_gmt":"2023-02-21T11:10:07","slug":"adult-1000-pieces-puzzle-edouard-manet-in-the-conservatory-in-sera","status":"publish","type":"product","link":"https:\/\/business.roovi.com\/de\/adult-1000-pieces-puzzle-edouard-manet-in-the-conservatory-in-sera\/p\/","title":{"rendered":"Adult 1000 pieces puzzle \u00c9douard Manet &#8211; In the Conservatory"},"content":{"rendered":"<p><span style=\"font-weight: 400;\">Magst du R\u00e4tsel und bist du immer inspiriert? Wir fordern dich heraus, komplexe Bilder von ber\u00fchmten Kunstwerken aus dem gr\u00f6\u00dften Angebot an Kunstr\u00e4tseln in Rum\u00e4nien zu l\u00f6sen. Hier findest du 1000-teilige Puzzles mit Bildern von ber\u00fchmten Gem\u00e4lden aus der Renaissance, dem Barock und anderen Kunstepochen. St\u00f6bere in unserem Online-Angebot und w\u00e4hle dein Lieblings-Kunstr\u00e4tsel aus!<\/span><\/p>\n<p><span style=\"font-weight: 400;\">\u00c9douard Manet, ein Maler mit einem einzigartigen Stil, der erste Modernist der franz\u00f6sischen Malerei, wird dir jetzt in einem au\u00dfergew\u00f6hnlichen R\u00e4tselspiel vorgestellt. 1000 Teile Puzzle \u00c9douard Manet &#8211; <\/span><em><span style=\"font-weight: 400;\">Im Wintergarten <\/span><\/em><span style=\"font-weight: 400;\">stellt das Bild des ber\u00fchmten Gem\u00e4ldes des franz\u00f6sischen K\u00fcnstlers nach. Das Gem\u00e4lde gilt als eines der konservativsten des K\u00fcnstlers, der die Kritiker des 19. Jahrhunderts mit seinen k\u00fchnen Themen schockierte <\/span><\/p>\n<p><span style=\"font-weight: 400;\">Das Paar ist sehr detailliert gemalt. Wenn du komplexe Bilder in Puzzles f\u00fcr Erwachsene magst, ist dieses Puzzle mit 1.000 Teilen genau das Richtige f\u00fcr dich. Au\u00dferdem hast du die M\u00f6glichkeit, ein bew\u00e4hrtes Bild zu malen und dein Zuhause mit einem k\u00fcnstlerischen 1000-Teile-Puzzle-Gem\u00e4lde zu dekorieren.<\/span><\/p>\n<p><span style=\"font-weight: 400;\">\u00c9douard Manet Kunstpuzzle Eigenschaften &#8211; <\/span><em><span style=\"font-weight: 400;\">Im Wintergarten:<\/span><\/em><\/p>\n<p><strong>Ma\u00dfe des reproduzierten Bildes: 50 x 70 cm <\/strong><span style=\"font-weight: 400;\">Du kannst einen normalen Couchtisch verwenden, um die St\u00fccke zu st\u00fctzen.<\/span><\/p>\n<p><strong>Puzzle-Material <\/strong><\/p>\n<p><strong>hochwertiger blauer Karton<\/strong><\/p>\n<p><strong>nachhaltige, recycelbare Materialien<\/strong><\/p>\n<p><strong>halbgl\u00e4nzende Oberfl\u00e4che, leuchtende Farben<\/strong><\/p>\n<p><strong>Anzahl der Puzzleteile: 1000<\/strong><\/p>\n<p><strong>Empfohlenes Alter: 14+<\/strong><\/p>\n<p><strong>Puzzlespiele und die F\u00e4higkeiten, die du durch sie entwickelst<\/strong><\/p>\n<p><span style=\"font-weight: 400;\">Puzzles f\u00fcr Erwachsene sind eine tolle M\u00f6glichkeit, um zu entspannen und deine Freizeit kreativ zu gestalten. Au\u00dferdem haben Puzzlespiele viele Vorteile f\u00fcr die Gesundheit. Hier sind 3 von ihnen:<\/span><\/p>\n<p><strong>Sie halten dein Gehirn gesund <\/strong><span style=\"font-weight: 400;\">Puzzlespiele trainieren beide Gehirnh\u00e4lften und halten dein Gehirn auf Trab, wie in einem Fitnessstudio. Wenn du also mindestens 30 Minuten am Tag Puzzles f\u00fcr Erwachsene zusammensetzt, senkst du dein Risiko, an Alzheimer oder Demenz zu erkranken, erheblich.<\/span><\/p>\n<p><strong>Sie halten dein Herz gesund.<\/strong><span style=\"font-weight: 400;\"> Ein entspannter K\u00f6rper ist ein gesunder K\u00f6rper. Es hat sich gezeigt, dass die Ruhe, die durch das Puzzlespiel erzeugt wird, dazu beitr\u00e4gt, den Blutdruck zu senken und das Herzsystem gut funktionieren zu lassen.<\/span><\/p>\n<p><strong>Sie geben dir einen Zustand des Optimismus.<\/strong><span style=\"font-weight: 400;\"> W\u00e4hrend des Zusammensetzens der Bilder in Puzzles f\u00fcr Erwachsene sch\u00fcttet das menschliche Gehirn mehr Dopamin aus. Diese Substanz ist daf\u00fcr verantwortlich, dass du dich gut und optimistisch f\u00fchlst. Hier ist die wissenschaftliche Erkl\u00e4rung f\u00fcr die Befriedigung, die du bekommst, wenn du jedes 1000-Teile-Puzzle fertigstellst.<\/span><\/p>\n<p><strong>Was du nicht \u00fcber Manet und seine Malerei wusstest <\/strong><strong><em>Im Wintergarten<\/em><\/strong><\/p>\n<p><span style=\"font-weight: 400;\">\u00c9douard Manet wurde in eine wohlhabende Familie hineingeboren und musste seinen Lebensunterhalt nicht mit Malen verdienen.<\/span><\/p>\n<p><span style=\"font-weight: 400;\">W\u00e4hrend seines Lebens half er vielen befreundeten K\u00fcnstlern mit Geld.<\/span><\/p>\n<p><span style=\"font-weight: 400;\">Seine Leidenschaft f\u00fcr seine Klavierlehrerin, die er nach dem Tod seines Vaters heiratete, hielt er geheim.<\/span><\/p>\n<p><span style=\"font-weight: 400;\">Einige Werke, wie zum Beispiel <\/span><em><span style=\"font-weight: 400;\">&#8222;Fr\u00fchst\u00fcck auf der Wiese&#8220;<\/span><\/em><span style=\"font-weight: 400;\"> wurden von Kritikern als geschmacklos und vulg\u00e4r bezeichnet.<\/span><\/p>\n<p><span style=\"font-weight: 400;\">Das Paar auf dem Gem\u00e4lde <\/span><em><span style=\"font-weight: 400;\">Im Wintergarten<\/span><\/em><span style=\"font-weight: 400;\"> waren Teil des Gefolges des Malers.<\/span><\/p>\n<p><span style=\"font-weight: 400;\">Die Distanziertheit des Paares, die sich in diesem Gem\u00e4lde widerspiegelt, war der Hauptkritikpunkt, den der K\u00fcnstler f\u00fcr sein Werk einstecken musste.<\/span><\/p>\n<p><strong>Kunstr\u00e4tsel entwickeln deinen \u00e4sthetischen Sinn<\/strong><\/p>\n<p><span style=\"font-weight: 400;\">Wenn du deine Freizeit inmitten von Hunderten von Kunstr\u00e4tseln verbringst, kannst du deinen Kunstgeschmack entwickeln. Auf diese Weise kannst du viele Stunden der Entspannung genie\u00dfen und deinen Sinn f\u00fcr \u00c4sthetik verfeinern. Und am Ende dieser m\u00fchsamen Arbeit kannst du dein eigenes Kunstwerk einrahmen und es noch lange danach bewundern.<\/span><\/p>\n<p><span style=\"font-weight: 400;\">Kaufen Sie jetzt das 1000-Teile-Puzzle \u00c9douard Manet &#8211; <\/span><em><span style=\"font-weight: 400;\">Im Wintergarten <\/span><\/em><span style=\"font-weight: 400;\">und baue das Kunstwerk mit deiner Familie oder deinen Freunden zusammen. Genie\u00dfe einzigartige Momente der Entspannung mit deinen Liebsten in Gesellschaft eines besonderen Puzzlespiels. Dieses Puzzle f\u00fcr Erwachsene kann ein au\u00dfergew\u00f6hnliches Geschenk f\u00fcr Freunde sein, die leidenschaftlich gerne puzzeln.<\/span><\/p>\n","protected":false},"excerpt":{"rendered":"<p>Magst du R\u00e4tsel und bist du immer inspiriert? Wir fordern dich heraus, komplexe Bilder von ber\u00fchmten Kunstwerken aus dem gr\u00f6\u00dften<\/p>\n","protected":false},"featured_media":63571,"template":"","meta":[],"product_brand":[],"product_cat":[1916,1875,1915],"product_tag":[],"class_list":{"0":"post-42034","1":"product","2":"type-product","3":"status-publish","4":"has-post-thumbnail","6":"product_cat-1000-teile-puzzle","7":"product_cat-puzzle-de","8":"product_cat-puzzlespiele-fur-erwachsene","9":"pa_bax-10-de","10":"pa_brand-d_toys-de","11":"pa_country_of_manufacture-ro-de","12":"pa_filter_age-14-de","13":"pa_painter-edouard-manet","14":"pa_tip_ambalaj-kasten-a4-de","15":"pa_tip_puzzle-klassisch","17":"first","18":"instock","19":"taxable","20":"shipping-taxable","21":"product-type-simple"},"yoast_head":"<!-- This site is optimized with the Yoast SEO plugin v20.1 - https:\/\/yoast.com\/wordpress\/plugins\/seo\/ -->\n<title>Adult 1000 pieces puzzle \u00c9douard Manet - In the Conservatory\/In sera<\/title>\n<meta name=\"description\" content=\"Adult 1000 pieces puzzle \u00c9douard Manet - In the Conservatory\/In sera\" \/>\n<meta name=\"robots\" content=\"index, follow, max-snippet:-1, max-image-preview:large, max-video-preview:-1\" \/>\n<link rel=\"canonical\" href=\"https:\/\/business.roovi.com\/de\/adult-1000-pieces-puzzle-edouard-manet-in-the-conservatory-in-sera\/p\/\" \/>\n<meta property=\"og:locale\" content=\"de_DE\" \/>\n<meta property=\"og:type\" content=\"article\" \/>\n<meta property=\"og:title\" content=\"Adult 1000 pieces puzzle \u00c9douard Manet - In the Conservatory\/In sera\" \/>\n<meta property=\"og:description\" content=\"Adult 1000 pieces puzzle \u00c9douard Manet - In the Conservatory\/In sera\" \/>\n<meta property=\"og:url\" content=\"https:\/\/business.roovi.com\/de\/adult-1000-pieces-puzzle-edouard-manet-in-the-conservatory-in-sera\/p\/\" \/>\n<meta property=\"og:site_name\" content=\"Roovi B2B\" \/>\n<meta property=\"article:publisher\" content=\"https:\/\/www.facebook.com\/wwwjucariero\" \/>\n<meta property=\"article:modified_time\" content=\"2023-02-21T11:10:07+00:00\" \/>\n<meta property=\"og:image\" content=\"https:\/\/business.roovi.com\/wp-content\/uploads\/2018\/04\/73068-MA-03-WEB.jpg\" \/>\n\t<meta property=\"og:image:width\" content=\"1200\" \/>\n\t<meta property=\"og:image:height\" content=\"1200\" \/>\n\t<meta property=\"og:image:type\" content=\"image\/jpeg\" \/>\n<meta name=\"twitter:label1\" content=\"Gesch\u00e4tzte Lesezeit\" \/>\n\t<meta name=\"twitter:data1\" content=\"4\u00a0Minuten\" \/>\n<script type=\"application\/ld+json\" class=\"yoast-schema-graph\">{\"@context\":\"https:\/\/schema.org\",\"@graph\":[{\"@type\":\"WebPage\",\"@id\":\"https:\/\/business.roovi.com\/de\/adult-1000-pieces-puzzle-edouard-manet-in-the-conservatory-in-sera\/p\/\",\"url\":\"https:\/\/business.roovi.com\/de\/adult-1000-pieces-puzzle-edouard-manet-in-the-conservatory-in-sera\/p\/\",\"name\":\"Adult 1000 pieces puzzle \u00c9douard Manet - In the Conservatory\/In sera\",\"isPartOf\":{\"@id\":\"https:\/\/business.roovi.com\/de\/#website\"},\"datePublished\":\"2018-04-16T10:56:17+00:00\",\"dateModified\":\"2023-02-21T11:10:07+00:00\",\"description\":\"Adult 1000 pieces puzzle \u00c9douard Manet - In the Conservatory\/In sera\",\"breadcrumb\":{\"@id\":\"https:\/\/business.roovi.com\/de\/adult-1000-pieces-puzzle-edouard-manet-in-the-conservatory-in-sera\/p\/#breadcrumb\"},\"inLanguage\":\"de\",\"potentialAction\":[{\"@type\":\"ReadAction\",\"target\":[\"https:\/\/business.roovi.com\/de\/adult-1000-pieces-puzzle-edouard-manet-in-the-conservatory-in-sera\/p\/\"]}]},{\"@type\":\"BreadcrumbList\",\"@id\":\"https:\/\/business.roovi.com\/de\/adult-1000-pieces-puzzle-edouard-manet-in-the-conservatory-in-sera\/p\/#breadcrumb\",\"itemListElement\":[{\"@type\":\"ListItem\",\"position\":1,\"name\":\"Home\",\"item\":\"https:\/\/business.roovi.com\/de\/\"},{\"@type\":\"ListItem\",\"position\":2,\"name\":\"Shop\",\"item\":\"https:\/\/business.roovi.com\/de\/shop\/\"},{\"@type\":\"ListItem\",\"position\":3,\"name\":\"Adult 1000 pieces puzzle \u00c9douard Manet &#8211; In the Conservatory\"}]},{\"@type\":\"WebSite\",\"@id\":\"https:\/\/business.roovi.com\/de\/#website\",\"url\":\"https:\/\/business.roovi.com\/de\/\",\"name\":\"Roovi B2B\",\"description\":\"Roovi Business Website\",\"potentialAction\":[{\"@type\":\"SearchAction\",\"target\":{\"@type\":\"EntryPoint\",\"urlTemplate\":\"https:\/\/business.roovi.com\/de\/?s={search_term_string}\"},\"query-input\":\"required name=search_term_string\"}],\"inLanguage\":\"de\"}]}<\/script>\n<!-- \/ Yoast SEO plugin. -->","yoast_head_json":{"title":"Adult 1000 pieces puzzle \u00c9douard Manet - In the Conservatory\/In sera","description":"Adult 1000 pieces puzzle \u00c9douard Manet - In the Conservatory\/In sera","robots":{"index":"index","follow":"follow","max-snippet":"max-snippet:-1","max-image-preview":"max-image-preview:large","max-video-preview":"max-video-preview:-1"},"canonical":"https:\/\/business.roovi.com\/de\/adult-1000-pieces-puzzle-edouard-manet-in-the-conservatory-in-sera\/p\/","og_locale":"de_DE","og_type":"article","og_title":"Adult 1000 pieces puzzle \u00c9douard Manet - In the Conservatory\/In sera","og_description":"Adult 1000 pieces puzzle \u00c9douard Manet - In the Conservatory\/In sera","og_url":"https:\/\/business.roovi.com\/de\/adult-1000-pieces-puzzle-edouard-manet-in-the-conservatory-in-sera\/p\/","og_site_name":"Roovi B2B","article_publisher":"https:\/\/www.facebook.com\/wwwjucariero","article_modified_time":"2023-02-21T11:10:07+00:00","og_image":[{"width":1200,"height":1200,"url":"https:\/\/business.roovi.com\/wp-content\/uploads\/2018\/04\/73068-MA-03-WEB.jpg","type":"image\/jpeg"}],"twitter_misc":{"Gesch\u00e4tzte Lesezeit":"4\u00a0Minuten"},"schema":{"@context":"https:\/\/schema.org","@graph":[{"@type":"WebPage","@id":"https:\/\/business.roovi.com\/de\/adult-1000-pieces-puzzle-edouard-manet-in-the-conservatory-in-sera\/p\/","url":"https:\/\/business.roovi.com\/de\/adult-1000-pieces-puzzle-edouard-manet-in-the-conservatory-in-sera\/p\/","name":"Adult 1000 pieces puzzle \u00c9douard Manet - In the Conservatory\/In sera","isPartOf":{"@id":"https:\/\/business.roovi.com\/de\/#website"},"datePublished":"2018-04-16T10:56:17+00:00","dateModified":"2023-02-21T11:10:07+00:00","description":"Adult 1000 pieces puzzle \u00c9douard Manet - In the Conservatory\/In sera","breadcrumb":{"@id":"https:\/\/business.roovi.com\/de\/adult-1000-pieces-puzzle-edouard-manet-in-the-conservatory-in-sera\/p\/#breadcrumb"},"inLanguage":"de","potentialAction":[{"@type":"ReadAction","target":["https:\/\/business.roovi.com\/de\/adult-1000-pieces-puzzle-edouard-manet-in-the-conservatory-in-sera\/p\/"]}]},{"@type":"BreadcrumbList","@id":"https:\/\/business.roovi.com\/de\/adult-1000-pieces-puzzle-edouard-manet-in-the-conservatory-in-sera\/p\/#breadcrumb","itemListElement":[{"@type":"ListItem","position":1,"name":"Home","item":"https:\/\/business.roovi.com\/de\/"},{"@type":"ListItem","position":2,"name":"Shop","item":"https:\/\/business.roovi.com\/de\/shop\/"},{"@type":"ListItem","position":3,"name":"Adult 1000 pieces puzzle \u00c9douard Manet &#8211; In the Conservatory"}]},{"@type":"WebSite","@id":"https:\/\/business.roovi.com\/de\/#website","url":"https:\/\/business.roovi.com\/de\/","name":"Roovi B2B","description":"Roovi Business Website","potentialAction":[{"@type":"SearchAction","target":{"@type":"EntryPoint","urlTemplate":"https:\/\/business.roovi.com\/de\/?s={search_term_string}"},"query-input":"required name=search_term_string"}],"inLanguage":"de"}]}},"_links":{"self":[{"href":"https:\/\/business.roovi.com\/de\/wp-json\/wp\/v2\/product\/42034","targetHints":{"allow":["GET"]}}],"collection":[{"href":"https:\/\/business.roovi.com\/de\/wp-json\/wp\/v2\/product"}],"about":[{"href":"https:\/\/business.roovi.com\/de\/wp-json\/wp\/v2\/types\/product"}],"version-history":[{"count":0,"href":"https:\/\/business.roovi.com\/de\/wp-json\/wp\/v2\/product\/42034\/revisions"}],"wp:featuredmedia":[{"embeddable":true,"href":"https:\/\/business.roovi.com\/de\/wp-json\/wp\/v2\/media\/63571"}],"wp:attachment":[{"href":"https:\/\/business.roovi.com\/de\/wp-json\/wp\/v2\/media?parent=42034"}],"wp:term":[{"taxonomy":"product_brand","embeddable":true,"href":"https:\/\/business.roovi.com\/de\/wp-json\/wp\/v2\/product_brand?post=42034"},{"taxonomy":"product_cat","embeddable":true,"href":"https:\/\/business.roovi.com\/de\/wp-json\/wp\/v2\/product_cat?post=42034"},{"taxonomy":"product_tag","embeddable":true,"href":"https:\/\/business.roovi.com\/de\/wp-json\/wp\/v2\/product_tag?post=42034"}],"curies":[{"name":"wp","href":"https:\/\/api.w.org\/{rel}","templated":true}]}}