{"id":42038,"date":"2018-04-16T10:56:17","date_gmt":"2018-04-16T10:56:17","guid":{"rendered":"https:\/\/business.roovi.com\/puzzle-adulti-1000-piese-edgar-degas-in-a-cafe\/p\/"},"modified":"2022-07-06T18:39:29","modified_gmt":"2022-07-06T18:39:29","slug":"edgar-degas-1000-teile-puzzle-fur-erwachsene-in-einem-cafe","status":"publish","type":"product","link":"https:\/\/business.roovi.com\/de\/edgar-degas-1000-teile-puzzle-fur-erwachsene-in-einem-cafe\/p\/","title":{"rendered":"Edgar Degas 1000 Teile Puzzle f\u00fcr Erwachsene &#8211; In einem Caf\u00e9"},"content":{"rendered":"<p><strong><em>Mit der Kunstpuzzle-Reihe f\u00fchlst du dich wie in einer Kunstausstellung, in der ber\u00fchmte Maler ihre gelungensten Meisterwerke ausstellen. Setze die wunderbaren 1000-teiligen Puzzles zusammen und erlebe die faszinierende kreative Erfahrung.<\/em><\/strong><\/p>\n<p><span style=\"font-weight: 400\">Edgar Degas 1000 Teile Puzzle &#8211; <\/span><span style=\"font-weight: 400\">In a Caf\u00e9 gibt ein atemberaubendes Bild des Gem\u00e4ldes wieder, das auch als L&#8217;Absinthe bekannt ist &#8211; <\/span><em><span style=\"font-weight: 400\">Absinth Trinker<\/span><\/em><span style=\"font-weight: 400\">. Ein Mann und eine Frau, die, obwohl sie nebeneinander sitzen, ins Leere starren und von der Au\u00dfenwelt v\u00f6llig isoliert sind. Das Werk ist eine Anprangerung des Absinths, eines gef\u00e4hrlichen Getr\u00e4nks, das damals sehr beliebt war, sp\u00e4ter aber verboten wurde.<\/span><\/p>\n<p><span style=\"font-weight: 400\">Edgar Degas, einer der wichtigsten Vertreter des Impressionismus, war zu Lebzeiten als Maler der gehobenen Gesellschaft bekannt, deren Sitten er in seinen Bildern widerspiegelte <\/span><\/p>\n<p><span style=\"font-weight: 400\">Das ist der Fall bei dem Gem\u00e4lde In einem Caf\u00e9, in dem die Schauspielerin Ellen Andr\u00e9 und der K\u00fcnstler Marcellin Desboutin die Hauptfiguren sind. Das Gem\u00e4lde ruinierte den Ruf der beiden Modelle und der Maler war gezwungen, \u00f6ffentlich zu erkl\u00e4ren, dass die beiden keine Alkoholiker waren.<\/span><\/p>\n<p><span style=\"font-weight: 400\">Setze das 1000-teilige Puzzle Absinthe Drinkers zusammen und beachte selbst die feinsten Pinselstriche des K\u00fcnstlers. Wenn das Bild fertig ist, rahmst du es ein und schm\u00fcckst dein Zuhause mit einer perfekten Kopie von Degas&#8216; Meisterwerk.<\/span><\/p>\n<p><span style=\"font-weight: 400\">Du kannst einen normalen Couchtisch verwenden, um das St\u00fcck zu st\u00fctzen. Das rekonstruierte Bild ist 68 x 47 cm gro\u00df. Weitere Merkmale des Puzzlespiels:<\/span><\/p>\n<p><strong>Puzzle-Material <\/strong><\/p>\n<p><strong>hochwertiger blauer Karton<\/strong><\/p>\n<p><strong>nachhaltige, recycelbare Materialien<\/strong><\/p>\n<p><strong>halbgl\u00e4nzende Oberfl\u00e4che, leuchtende Farben<\/strong><\/p>\n<p><strong>Anzahl der Puzzleteile: 1000<\/strong><\/p>\n<p><strong>Empfohlenes Alter: 14+<\/strong><\/p>\n<p><span style=\"font-weight: 400\">Puzzlespiele bringen dir viele Vorteile, die sich auf vielen Ebenen widerspiegeln:<\/span><\/p>\n<p><span style=\"font-weight: 400\">Das schult deine Geduld und deine Liebe zum Detail.<\/span><\/p>\n<p><span style=\"font-weight: 400\">Es hilft dir, dich lange auf eine einzige Aufgabe zu konzentrieren.<\/span><\/p>\n<p><span style=\"font-weight: 400\">Sie sind eine M\u00f6glichkeit, sich zu entspannen und vom Alltag abzuschalten.<\/span><\/p>\n<p><span style=\"font-weight: 400\">Sie geben dir die M\u00f6glichkeit, deine Kreativit\u00e4t und dein Ged\u00e4chtnis zu entwickeln.<\/span><\/p>\n<p><span style=\"font-weight: 400\">Sie sind ein hervorragendes mentales Training, das dein Gehirn gesund h\u00e4lt.<\/span><\/p>\n<p><span style=\"font-weight: 400\">Sie k\u00f6nnen eine gute Gelegenheit sein, Kontakte zu kn\u00fcpfen und sich mit geliebten Menschen zu treffen.<\/span><\/p>\n<p><strong>Wusstest du, dass..<\/strong><\/p>\n<p><span style=\"font-weight: 400\">Zu Beginn seiner Karriere verbrachte Edgar Degas seine Freizeit damit, Kunstwerke zu kopieren, die im Louvre ausgestellt waren. Hier lernte er \u00c9douard Manet kennen, mit dem ihn eine wunderbare Freundschaft verband.<\/span><\/p>\n<p><span style=\"font-weight: 400\">Degas hatte eine regelrechte Obsession f\u00fcr Ballerinas. Mehr als ein halbes Jahrhundert lang schuf er Gem\u00e4lde, Skizzen und Skulpturen zum Thema anmutige T\u00e4nzerinnen.<\/span><\/p>\n<p><span style=\"font-weight: 400\">In der zweiten H\u00e4lfte seines Lebens wurde sein Sehverm\u00f6gen stark beeintr\u00e4chtigt und er wandte sich der Bildhauerei zu.<\/span><\/p>\n<p><span style=\"font-weight: 400\">Im Jahr 2015 wurde seine bekannteste Skulptur, La Petite Danseuse de quatorze ans, f\u00fcr 15,8 Millionen Pfund versteigert.<\/span><\/p>\n<p><strong>Entdecke die Welt der Kunst mit dem Edgar Degas &#8211; In einem Caf\u00e9 1000 Teile-Puzzle <\/strong><\/p>\n<p><span style=\"font-weight: 400\">Fasziniert von der Welt der Kunst? Mit dem 1000-Teile-Puzzle Edgar Degas &#8211; In einem Caf\u00e9 hast du die einmalige Gelegenheit, ein gro\u00dfartiges Meisterwerk bis ins kleinste Detail zu entdecken. Mit jedem St\u00fcck, das du zuordnest, tauchst du tiefer und tiefer in die faszinierende Welt der Farben ein. Du erlebst einen Zustand der Ruhe und Losgel\u00f6stheit, der dich daran erinnert, wie angenehm es ist, die einfachen Dinge des Lebens zu genie\u00dfen.<\/span><\/p>\n<p><span style=\"font-weight: 400\">Egal, ob du dieses Puzzlespiel als R\u00fcckzugsort von der Hektik des Alltags w\u00e4hlst oder um ein paar entspannte Stunden mit deinen Liebsten zu verbringen, du wirst alle Vorteile genie\u00dfen, die ein 1000-Teile-Puzzle zu bieten hat.  Egal, ob du ein besonderes Weihnachtsgeschenk machen oder einen Freund \u00fcberraschen m\u00f6chtest, das Edgar Degas &#8211; In a Caf\u00e9 Kunstpuzzle ist die perfekte Wahl.<\/span><\/p><\/p>\n","protected":false},"excerpt":{"rendered":"<p>Mit der Kunstpuzzle-Reihe f\u00fchlst du dich wie in einer Kunstausstellung, in der ber\u00fchmte Maler ihre gelungensten Meisterwerke ausstellen. Setze die<\/p>\n","protected":false},"featured_media":63478,"template":"","meta":[],"product_brand":[],"product_cat":[1916,1875,1915],"product_tag":[],"class_list":{"0":"post-42038","1":"product","2":"type-product","3":"status-publish","4":"has-post-thumbnail","6":"product_cat-1000-teile-puzzle","7":"product_cat-puzzle-de","8":"product_cat-puzzlespiele-fur-erwachsene","9":"pa_bax-10-de","10":"pa_brand-d_toys-de","11":"pa_country_of_manufacture-ro-de","12":"pa_filter_age-14-de","13":"pa_painter-edgardegas-de","14":"pa_tip_ambalaj-kasten-a4-de","15":"pa_tip_puzzle-klassisch","17":"first","18":"instock","19":"taxable","20":"shipping-taxable","21":"product-type-simple"},"yoast_head":"<!-- This site is optimized with the Yoast SEO plugin v20.1 - https:\/\/yoast.com\/wordpress\/plugins\/seo\/ -->\n<title>Edgar Degas 1000 Teile Puzzle f\u00fcr Erwachsene - In einem Caf\u00e9<\/title>\n<meta name=\"description\" content=\"Edgar Degas 1000 Teile Puzzle f\u00fcr Erwachsene - In einem Caf\u00e9\" \/>\n<meta name=\"robots\" content=\"index, follow, max-snippet:-1, max-image-preview:large, max-video-preview:-1\" \/>\n<link rel=\"canonical\" href=\"https:\/\/business.roovi.com\/de\/edgar-degas-1000-teile-puzzle-fur-erwachsene-in-einem-cafe\/p\/\" \/>\n<meta property=\"og:locale\" content=\"de_DE\" \/>\n<meta property=\"og:type\" content=\"article\" \/>\n<meta property=\"og:title\" content=\"Edgar Degas 1000 Teile Puzzle f\u00fcr Erwachsene - In einem Caf\u00e9\" \/>\n<meta property=\"og:description\" content=\"Edgar Degas 1000 Teile Puzzle f\u00fcr Erwachsene - In einem Caf\u00e9\" \/>\n<meta property=\"og:url\" content=\"https:\/\/business.roovi.com\/de\/edgar-degas-1000-teile-puzzle-fur-erwachsene-in-einem-cafe\/p\/\" \/>\n<meta property=\"og:site_name\" content=\"Roovi B2B\" \/>\n<meta property=\"article:publisher\" content=\"https:\/\/www.facebook.com\/wwwjucariero\" \/>\n<meta property=\"article:modified_time\" content=\"2022-07-06T18:39:29+00:00\" \/>\n<meta property=\"og:image\" content=\"https:\/\/business.roovi.com\/wp-content\/uploads\/2018\/04\/72801-01_ansamblu_dimensiuni_cutie_cm_vertical.png\" \/>\n\t<meta property=\"og:image:width\" content=\"1200\" \/>\n\t<meta property=\"og:image:height\" content=\"1200\" \/>\n\t<meta property=\"og:image:type\" content=\"image\/png\" \/>\n<meta name=\"twitter:label1\" content=\"Gesch\u00e4tzte Lesezeit\" \/>\n\t<meta name=\"twitter:data1\" content=\"3\u00a0Minuten\" \/>\n<script type=\"application\/ld+json\" class=\"yoast-schema-graph\">{\"@context\":\"https:\/\/schema.org\",\"@graph\":[{\"@type\":\"WebPage\",\"@id\":\"https:\/\/business.roovi.com\/de\/edgar-degas-1000-teile-puzzle-fur-erwachsene-in-einem-cafe\/p\/\",\"url\":\"https:\/\/business.roovi.com\/de\/edgar-degas-1000-teile-puzzle-fur-erwachsene-in-einem-cafe\/p\/\",\"name\":\"Edgar Degas 1000 Teile Puzzle f\u00fcr Erwachsene - In einem Caf\u00e9\",\"isPartOf\":{\"@id\":\"https:\/\/business.roovi.com\/de\/#website\"},\"datePublished\":\"2018-04-16T10:56:17+00:00\",\"dateModified\":\"2022-07-06T18:39:29+00:00\",\"description\":\"Edgar Degas 1000 Teile Puzzle f\u00fcr Erwachsene - In einem Caf\u00e9\",\"breadcrumb\":{\"@id\":\"https:\/\/business.roovi.com\/de\/edgar-degas-1000-teile-puzzle-fur-erwachsene-in-einem-cafe\/p\/#breadcrumb\"},\"inLanguage\":\"de\",\"potentialAction\":[{\"@type\":\"ReadAction\",\"target\":[\"https:\/\/business.roovi.com\/de\/edgar-degas-1000-teile-puzzle-fur-erwachsene-in-einem-cafe\/p\/\"]}]},{\"@type\":\"BreadcrumbList\",\"@id\":\"https:\/\/business.roovi.com\/de\/edgar-degas-1000-teile-puzzle-fur-erwachsene-in-einem-cafe\/p\/#breadcrumb\",\"itemListElement\":[{\"@type\":\"ListItem\",\"position\":1,\"name\":\"Home\",\"item\":\"https:\/\/business.roovi.com\/de\/\"},{\"@type\":\"ListItem\",\"position\":2,\"name\":\"Shop\",\"item\":\"https:\/\/business.roovi.com\/de\/shop\/\"},{\"@type\":\"ListItem\",\"position\":3,\"name\":\"Edgar Degas 1000 Teile Puzzle f\u00fcr Erwachsene &#8211; In einem Caf\u00e9\"}]},{\"@type\":\"WebSite\",\"@id\":\"https:\/\/business.roovi.com\/de\/#website\",\"url\":\"https:\/\/business.roovi.com\/de\/\",\"name\":\"Roovi B2B\",\"description\":\"Roovi Business Website\",\"potentialAction\":[{\"@type\":\"SearchAction\",\"target\":{\"@type\":\"EntryPoint\",\"urlTemplate\":\"https:\/\/business.roovi.com\/de\/?s={search_term_string}\"},\"query-input\":\"required name=search_term_string\"}],\"inLanguage\":\"de\"}]}<\/script>\n<!-- \/ Yoast SEO plugin. -->","yoast_head_json":{"title":"Edgar Degas 1000 Teile Puzzle f\u00fcr Erwachsene - In einem Caf\u00e9","description":"Edgar Degas 1000 Teile Puzzle f\u00fcr Erwachsene - In einem Caf\u00e9","robots":{"index":"index","follow":"follow","max-snippet":"max-snippet:-1","max-image-preview":"max-image-preview:large","max-video-preview":"max-video-preview:-1"},"canonical":"https:\/\/business.roovi.com\/de\/edgar-degas-1000-teile-puzzle-fur-erwachsene-in-einem-cafe\/p\/","og_locale":"de_DE","og_type":"article","og_title":"Edgar Degas 1000 Teile Puzzle f\u00fcr Erwachsene - In einem Caf\u00e9","og_description":"Edgar Degas 1000 Teile Puzzle f\u00fcr Erwachsene - In einem Caf\u00e9","og_url":"https:\/\/business.roovi.com\/de\/edgar-degas-1000-teile-puzzle-fur-erwachsene-in-einem-cafe\/p\/","og_site_name":"Roovi B2B","article_publisher":"https:\/\/www.facebook.com\/wwwjucariero","article_modified_time":"2022-07-06T18:39:29+00:00","og_image":[{"width":1200,"height":1200,"url":"https:\/\/business.roovi.com\/wp-content\/uploads\/2018\/04\/72801-01_ansamblu_dimensiuni_cutie_cm_vertical.png","type":"image\/png"}],"twitter_misc":{"Gesch\u00e4tzte Lesezeit":"3\u00a0Minuten"},"schema":{"@context":"https:\/\/schema.org","@graph":[{"@type":"WebPage","@id":"https:\/\/business.roovi.com\/de\/edgar-degas-1000-teile-puzzle-fur-erwachsene-in-einem-cafe\/p\/","url":"https:\/\/business.roovi.com\/de\/edgar-degas-1000-teile-puzzle-fur-erwachsene-in-einem-cafe\/p\/","name":"Edgar Degas 1000 Teile Puzzle f\u00fcr Erwachsene - In einem Caf\u00e9","isPartOf":{"@id":"https:\/\/business.roovi.com\/de\/#website"},"datePublished":"2018-04-16T10:56:17+00:00","dateModified":"2022-07-06T18:39:29+00:00","description":"Edgar Degas 1000 Teile Puzzle f\u00fcr Erwachsene - In einem Caf\u00e9","breadcrumb":{"@id":"https:\/\/business.roovi.com\/de\/edgar-degas-1000-teile-puzzle-fur-erwachsene-in-einem-cafe\/p\/#breadcrumb"},"inLanguage":"de","potentialAction":[{"@type":"ReadAction","target":["https:\/\/business.roovi.com\/de\/edgar-degas-1000-teile-puzzle-fur-erwachsene-in-einem-cafe\/p\/"]}]},{"@type":"BreadcrumbList","@id":"https:\/\/business.roovi.com\/de\/edgar-degas-1000-teile-puzzle-fur-erwachsene-in-einem-cafe\/p\/#breadcrumb","itemListElement":[{"@type":"ListItem","position":1,"name":"Home","item":"https:\/\/business.roovi.com\/de\/"},{"@type":"ListItem","position":2,"name":"Shop","item":"https:\/\/business.roovi.com\/de\/shop\/"},{"@type":"ListItem","position":3,"name":"Edgar Degas 1000 Teile Puzzle f\u00fcr Erwachsene &#8211; In einem Caf\u00e9"}]},{"@type":"WebSite","@id":"https:\/\/business.roovi.com\/de\/#website","url":"https:\/\/business.roovi.com\/de\/","name":"Roovi B2B","description":"Roovi Business Website","potentialAction":[{"@type":"SearchAction","target":{"@type":"EntryPoint","urlTemplate":"https:\/\/business.roovi.com\/de\/?s={search_term_string}"},"query-input":"required name=search_term_string"}],"inLanguage":"de"}]}},"_links":{"self":[{"href":"https:\/\/business.roovi.com\/de\/wp-json\/wp\/v2\/product\/42038","targetHints":{"allow":["GET"]}}],"collection":[{"href":"https:\/\/business.roovi.com\/de\/wp-json\/wp\/v2\/product"}],"about":[{"href":"https:\/\/business.roovi.com\/de\/wp-json\/wp\/v2\/types\/product"}],"version-history":[{"count":0,"href":"https:\/\/business.roovi.com\/de\/wp-json\/wp\/v2\/product\/42038\/revisions"}],"wp:featuredmedia":[{"embeddable":true,"href":"https:\/\/business.roovi.com\/de\/wp-json\/wp\/v2\/media\/63478"}],"wp:attachment":[{"href":"https:\/\/business.roovi.com\/de\/wp-json\/wp\/v2\/media?parent=42038"}],"wp:term":[{"taxonomy":"product_brand","embeddable":true,"href":"https:\/\/business.roovi.com\/de\/wp-json\/wp\/v2\/product_brand?post=42038"},{"taxonomy":"product_cat","embeddable":true,"href":"https:\/\/business.roovi.com\/de\/wp-json\/wp\/v2\/product_cat?post=42038"},{"taxonomy":"product_tag","embeddable":true,"href":"https:\/\/business.roovi.com\/de\/wp-json\/wp\/v2\/product_tag?post=42038"}],"curies":[{"name":"wp","href":"https:\/\/api.w.org\/{rel}","templated":true}]}}