{"id":42042,"date":"2018-04-16T10:56:17","date_gmt":"2018-04-16T10:56:17","guid":{"rendered":"https:\/\/business.roovi.com\/puzzle-adulti-1000-piese-pierre-auguste-renoir-chestnut-tree-in-bloom\/p\/"},"modified":"2022-07-06T18:39:38","modified_gmt":"2022-07-06T18:39:38","slug":"pierre-auguste-renoir-1000-teile-puzzle-fur-erwachsene-kastanienbaum-in-blute","status":"publish","type":"product","link":"https:\/\/business.roovi.com\/de\/pierre-auguste-renoir-1000-teile-puzzle-fur-erwachsene-kastanienbaum-in-blute\/p\/","title":{"rendered":"Pierre-Auguste Renoir 1000 Teile Puzzle f\u00fcr Erwachsene &#8211; Kastanienbaum in Bl\u00fcte"},"content":{"rendered":"<p><span style=\"font-weight: 400;font-size: 14px;line-height: 14px\">Setze das 1000-Teile-Puzzle zusammen und gib deiner Freizeit Farbe! Hier findest du Kunstr\u00e4tsel, die Bilder ber\u00fchmter Gem\u00e4lde von Leonardo da Vinci, Rembrandt, Van Gogh und vielen anderen ber\u00fchmten Malern darstellen. Entdecke das gesamte Angebot und kreiere deine eigenen Meisterwerke aus tollen Puzzlespielen.<\/span><\/p>\n<p><span style=\"font-weight: 400;font-size: 14px;line-height: 14px\">Pierre-Auguste Renoir &#8211; Kastanienbaum in Bl\u00fcte 1000 Teile Puzzle bringt dir eine der faszinierendsten Landschaften von Renoir nahe. Das Gem\u00e4lde wurde in leuchtenden und ausdrucksstarken Farben im charakteristischen Stil des gro\u00dfen K\u00fcnstlers gemalt und vermittelt einen Zustand der Harmonie in ausgewogenen Farbt\u00f6nen. Du kannst dieses wunderbare Kunstwerk ganz f\u00fcr dich allein haben, indem du das Pierre-Auguste Renoir &#8211; Chestnut in Bloom 1000 Teile Puzzle zusammensetzt. Um das 50 x 70 cm gro\u00dfe Bild nachzubilden, brauchst du einen normalen Couchtisch und eine Menge Geduld.<\/span><\/p>\n<p><span style=\"font-weight: 400;font-size: 14px;line-height: 14px\">Eigenschaften des Pierre-Auguste Renoir &#8211; Kastanienbaum in Bl\u00fcte Kunstpuzzles:<\/span><\/p>\n<p><span style=\"font-size: 14px;line-height: 14px\"><strong>Puzzle-Material <\/strong><\/span><\/p>\n<p><span style=\"font-size: 14px;line-height: 14px\"><strong>hochwertiger blauer Karton<\/strong><\/span><\/p>\n<p><span style=\"font-size: 14px;line-height: 14px\"><strong>nachhaltige, recycelbare Materialien<\/strong><\/span><\/p>\n<p><span style=\"font-size: 14px;line-height: 14px\"><strong>halbgl\u00e4nzende Oberfl\u00e4che, leuchtende Farben<\/strong><\/span><\/p>\n<p><span style=\"font-size: 14px;line-height: 14px\"><strong>Anzahl der Puzzleteile: 1000<\/strong><\/span><\/p>\n<p><span style=\"font-size: 14px;line-height: 14px\"><strong>Empfohlenes Alter: 14+<\/strong><\/span><\/p>\n<p><span style=\"font-size: 14px;line-height: 14px\"><strong>Puzzlespiele helfen, deine Produktivit\u00e4t zu steigern<\/strong><\/span><\/p>\n<p><span style=\"font-weight: 400;font-size: 14px;line-height: 14px\">Wenn du das 1000-Teile-Puzzle zusammensetzt, bist du entspannt und kannst dich besser konzentrieren. Je besser deine Konzentration, desto produktiver bist du. Wenn du also generell Schwierigkeiten hast, dich beim Lernen oder bei der Arbeit zu konzentrieren, solltest du diese F\u00e4higkeit mit Puzzles f\u00fcr Erwachsene trainieren.<\/span><\/p>\n<p><span style=\"font-size: 14px;line-height: 14px\"><strong>Puzzlespiele helfen, dein Ged\u00e4chtnis zu verbessern<\/strong><\/span><\/p>\n<p><span style=\"font-weight: 400;font-size: 14px;line-height: 14px\">Das Zusammensetzen von Puzzles f\u00fcr Erwachsene ist \u00e4u\u00dferst f\u00f6rderlich f\u00fcr die Gehirnaktivit\u00e4t, da es die Denkprozesse beschleunigt. Wenn du also \u00fcbst, wirst du die richtigen St\u00fccke schneller finden, unterschiedliche Formen und Farben in immer k\u00fcrzerer Zeit aufnehmen und all das hilft, dein Ged\u00e4chtnis zu erhalten und zu verbessern.<\/span><\/p>\n<p><span style=\"font-size: 14px;line-height: 14px\"><strong>Puzzlespiele sind \u00e4hnlich wie Meditationssitzungen<\/strong><\/span><\/p>\n<p><span style=\"font-weight: 400;font-size: 14px;line-height: 14px\">Das 1000-teilige Puzzle holt dich aus deinem Alltag heraus und hilft dir, den Kopf frei zu bekommen von Gedanken. Wenn du das Bild in einem Puzzle f\u00fcr Erwachsene zusammensetzt, konzentrierst du dich auf eine T\u00e4tigkeit und stellst alle anderen Gedanken in den Hintergrund. Diese Aktivit\u00e4t ist dem meditativen Zustand sehr \u00e4hnlich. Genie\u00dfe also die Ruhe und Energie, die dir Puzzle-Spiele geben!<\/span><\/p>\n<p><span style=\"font-size: 14px;line-height: 14px\"><strong>5 Dinge, die du nicht \u00fcber Pierre-Auguste Renoir wusstest<\/strong><\/span><\/p>\n<p><span style=\"font-weight: 400;font-size: 14px;line-height: 14px\">Mit 13 bekam er einen Job als Porzellandekorateur und bezahlte mit dem Geld, das er verdiente, sein Kunststudium.<\/span><\/p>\n<p><span style=\"font-size: 14px;line-height: 14px\"><span style=\"font-weight: 400\">Er malte ein Portr\u00e4t von <\/span><span style=\"font-weight: 400\">Richard Wagner in etwa 35 Minuten. Er war ein gro\u00dfer Fan des Musikers.<\/span><\/span><\/p>\n<p><span style=\"font-weight: 400;font-size: 14px;line-height: 14px\">Eine revolution\u00e4re Gruppe beschuldigte ihn der Spionage und fand es verd\u00e4chtig, dass er immer am Ufer der Seine sa\u00df. In Wirklichkeit war der K\u00fcnstler nur am Malen und wurde von einem Revolution\u00e4r, der ihn erkannte und dem Renoir unter anderen Umst\u00e4nden das Leben gerettet hatte, aus den H\u00e4nden von Extremisten gerettet.<\/span><\/p>\n<p><span style=\"font-weight: 400;font-size: 14px;line-height: 14px\">In Paris war er ein Kollege des rum\u00e4nischen Malers Nicolae Grigorescu.<\/span><\/p>\n<p><span style=\"font-weight: 400;font-size: 14px;line-height: 14px\">Er malte bis an sein Lebensende, obwohl er von rheumatischer Arthritis geplagt wurde, einer schrecklichen Krankheit, die seine H\u00e4nde angriff <\/span><\/p>\n<h1><span style=\"font-size: 14px;line-height: 14px\"><strong>3 erstaunliche Vorteile von Kunstr\u00e4tseln<\/strong><\/span><\/h1>\n<p><span style=\"font-weight: 400;font-size: 14px;line-height: 14px\">1. Hilft dir, die Sch\u00f6nheit durch eine einfache und entspannende Aktivit\u00e4t wiederzuentdecken<\/span><\/p>\n<p><span style=\"font-weight: 400;font-size: 14px;line-height: 14px\">2. Er nimmt dich mit in eine Welt der Kunst, die du vielleicht noch nicht erforscht hast.<\/span><\/p>\n<p><span style=\"font-weight: 400;font-size: 14px;line-height: 14px\">3. Es gibt dir die M\u00f6glichkeit, etablierte Kunstwerke bis ins kleinste Detail zu bewundern.<\/span><\/p>\n<p><span style=\"font-weight: 400;font-size: 14px;line-height: 14px\">Renoirs Kunst fasziniert auch heute noch. Entdecke die Sch\u00f6nheit und Raffinesse von Chestnut Tree in Bloom\/Castan in Bloom durch dieses wunderbare Kunstpuzzle. Kaufe Pierre-Auguste Renoir &#8211; Kastanienbaum in Bl\u00fcte\/Castan in Bl\u00fcte 1000 Teile Puzzle aus der Kunstpuzzle-Kollektion f\u00fcr dich selbst oder verschenke es an einen Freund, der Puzzles liebt.<\/span><\/p><\/p>\n","protected":false},"excerpt":{"rendered":"<p>Setze das 1000-Teile-Puzzle zusammen und gib deiner Freizeit Farbe! Hier findest du Kunstr\u00e4tsel, die Bilder ber\u00fchmter Gem\u00e4lde von Leonardo da<\/p>\n","protected":false},"featured_media":62953,"template":"","meta":[],"product_brand":[],"product_cat":[1916,1875,1915],"product_tag":[],"class_list":{"0":"post-42042","1":"product","2":"type-product","3":"status-publish","4":"has-post-thumbnail","6":"product_cat-1000-teile-puzzle","7":"product_cat-puzzle-de","8":"product_cat-puzzlespiele-fur-erwachsene","9":"pa_bax-10-de","10":"pa_brand-d_toys-de","11":"pa_country_of_manufacture-ro-de","12":"pa_filter_age-14-de","13":"pa_painter-pierreaugusterenoir-de","14":"pa_tip_ambalaj-kasten-a4-de","15":"pa_tip_puzzle-klassisch","17":"first","18":"instock","19":"taxable","20":"shipping-taxable","21":"product-type-simple"},"yoast_head":"<!-- This site is optimized with the Yoast SEO plugin v20.1 - https:\/\/yoast.com\/wordpress\/plugins\/seo\/ -->\n<title>Pierre-Auguste Renoir 1000 Teile Puzzle f\u00fcr Erwachsene - Kastanienbaum in Bl\u00fcte<\/title>\n<meta name=\"description\" content=\"Pierre-Auguste Renoir 1000 Teile Puzzle f\u00fcr Erwachsene - Kastanienbaum in Bl\u00fcte\" \/>\n<meta name=\"robots\" content=\"index, follow, max-snippet:-1, max-image-preview:large, max-video-preview:-1\" \/>\n<link rel=\"canonical\" href=\"https:\/\/business.roovi.com\/de\/pierre-auguste-renoir-1000-teile-puzzle-fur-erwachsene-kastanienbaum-in-blute\/p\/\" \/>\n<meta property=\"og:locale\" content=\"de_DE\" \/>\n<meta property=\"og:type\" content=\"article\" \/>\n<meta property=\"og:title\" content=\"Pierre-Auguste Renoir 1000 Teile Puzzle f\u00fcr Erwachsene - Kastanienbaum in Bl\u00fcte\" \/>\n<meta property=\"og:description\" content=\"Pierre-Auguste Renoir 1000 Teile Puzzle f\u00fcr Erwachsene - Kastanienbaum in Bl\u00fcte\" \/>\n<meta property=\"og:url\" content=\"https:\/\/business.roovi.com\/de\/pierre-auguste-renoir-1000-teile-puzzle-fur-erwachsene-kastanienbaum-in-blute\/p\/\" \/>\n<meta property=\"og:site_name\" content=\"Roovi B2B\" \/>\n<meta property=\"article:publisher\" content=\"https:\/\/www.facebook.com\/wwwjucariero\" \/>\n<meta property=\"article:modified_time\" content=\"2022-07-06T18:39:38+00:00\" \/>\n<meta property=\"og:image\" content=\"https:\/\/business.roovi.com\/wp-content\/uploads\/2018\/04\/66909-07_ansamblu_dimensiuni_cutie_cm_1200x1200.png\" \/>\n\t<meta property=\"og:image:width\" content=\"1200\" \/>\n\t<meta property=\"og:image:height\" content=\"1200\" \/>\n\t<meta property=\"og:image:type\" content=\"image\/png\" \/>\n<meta name=\"twitter:label1\" content=\"Gesch\u00e4tzte Lesezeit\" \/>\n\t<meta name=\"twitter:data1\" content=\"3\u00a0Minuten\" \/>\n<script type=\"application\/ld+json\" class=\"yoast-schema-graph\">{\"@context\":\"https:\/\/schema.org\",\"@graph\":[{\"@type\":\"WebPage\",\"@id\":\"https:\/\/business.roovi.com\/de\/pierre-auguste-renoir-1000-teile-puzzle-fur-erwachsene-kastanienbaum-in-blute\/p\/\",\"url\":\"https:\/\/business.roovi.com\/de\/pierre-auguste-renoir-1000-teile-puzzle-fur-erwachsene-kastanienbaum-in-blute\/p\/\",\"name\":\"Pierre-Auguste Renoir 1000 Teile Puzzle f\u00fcr Erwachsene - Kastanienbaum in Bl\u00fcte\",\"isPartOf\":{\"@id\":\"https:\/\/business.roovi.com\/de\/#website\"},\"datePublished\":\"2018-04-16T10:56:17+00:00\",\"dateModified\":\"2022-07-06T18:39:38+00:00\",\"description\":\"Pierre-Auguste Renoir 1000 Teile Puzzle f\u00fcr Erwachsene - Kastanienbaum in Bl\u00fcte\",\"breadcrumb\":{\"@id\":\"https:\/\/business.roovi.com\/de\/pierre-auguste-renoir-1000-teile-puzzle-fur-erwachsene-kastanienbaum-in-blute\/p\/#breadcrumb\"},\"inLanguage\":\"de\",\"potentialAction\":[{\"@type\":\"ReadAction\",\"target\":[\"https:\/\/business.roovi.com\/de\/pierre-auguste-renoir-1000-teile-puzzle-fur-erwachsene-kastanienbaum-in-blute\/p\/\"]}]},{\"@type\":\"BreadcrumbList\",\"@id\":\"https:\/\/business.roovi.com\/de\/pierre-auguste-renoir-1000-teile-puzzle-fur-erwachsene-kastanienbaum-in-blute\/p\/#breadcrumb\",\"itemListElement\":[{\"@type\":\"ListItem\",\"position\":1,\"name\":\"Home\",\"item\":\"https:\/\/business.roovi.com\/de\/\"},{\"@type\":\"ListItem\",\"position\":2,\"name\":\"Shop\",\"item\":\"https:\/\/business.roovi.com\/de\/shop\/\"},{\"@type\":\"ListItem\",\"position\":3,\"name\":\"Pierre-Auguste Renoir 1000 Teile Puzzle f\u00fcr Erwachsene &#8211; Kastanienbaum in Bl\u00fcte\"}]},{\"@type\":\"WebSite\",\"@id\":\"https:\/\/business.roovi.com\/de\/#website\",\"url\":\"https:\/\/business.roovi.com\/de\/\",\"name\":\"Roovi B2B\",\"description\":\"Roovi Business Website\",\"potentialAction\":[{\"@type\":\"SearchAction\",\"target\":{\"@type\":\"EntryPoint\",\"urlTemplate\":\"https:\/\/business.roovi.com\/de\/?s={search_term_string}\"},\"query-input\":\"required name=search_term_string\"}],\"inLanguage\":\"de\"}]}<\/script>\n<!-- \/ Yoast SEO plugin. -->","yoast_head_json":{"title":"Pierre-Auguste Renoir 1000 Teile Puzzle f\u00fcr Erwachsene - Kastanienbaum in Bl\u00fcte","description":"Pierre-Auguste Renoir 1000 Teile Puzzle f\u00fcr Erwachsene - Kastanienbaum in Bl\u00fcte","robots":{"index":"index","follow":"follow","max-snippet":"max-snippet:-1","max-image-preview":"max-image-preview:large","max-video-preview":"max-video-preview:-1"},"canonical":"https:\/\/business.roovi.com\/de\/pierre-auguste-renoir-1000-teile-puzzle-fur-erwachsene-kastanienbaum-in-blute\/p\/","og_locale":"de_DE","og_type":"article","og_title":"Pierre-Auguste Renoir 1000 Teile Puzzle f\u00fcr Erwachsene - Kastanienbaum in Bl\u00fcte","og_description":"Pierre-Auguste Renoir 1000 Teile Puzzle f\u00fcr Erwachsene - Kastanienbaum in Bl\u00fcte","og_url":"https:\/\/business.roovi.com\/de\/pierre-auguste-renoir-1000-teile-puzzle-fur-erwachsene-kastanienbaum-in-blute\/p\/","og_site_name":"Roovi B2B","article_publisher":"https:\/\/www.facebook.com\/wwwjucariero","article_modified_time":"2022-07-06T18:39:38+00:00","og_image":[{"width":1200,"height":1200,"url":"https:\/\/business.roovi.com\/wp-content\/uploads\/2018\/04\/66909-07_ansamblu_dimensiuni_cutie_cm_1200x1200.png","type":"image\/png"}],"twitter_misc":{"Gesch\u00e4tzte Lesezeit":"3\u00a0Minuten"},"schema":{"@context":"https:\/\/schema.org","@graph":[{"@type":"WebPage","@id":"https:\/\/business.roovi.com\/de\/pierre-auguste-renoir-1000-teile-puzzle-fur-erwachsene-kastanienbaum-in-blute\/p\/","url":"https:\/\/business.roovi.com\/de\/pierre-auguste-renoir-1000-teile-puzzle-fur-erwachsene-kastanienbaum-in-blute\/p\/","name":"Pierre-Auguste Renoir 1000 Teile Puzzle f\u00fcr Erwachsene - Kastanienbaum in Bl\u00fcte","isPartOf":{"@id":"https:\/\/business.roovi.com\/de\/#website"},"datePublished":"2018-04-16T10:56:17+00:00","dateModified":"2022-07-06T18:39:38+00:00","description":"Pierre-Auguste Renoir 1000 Teile Puzzle f\u00fcr Erwachsene - Kastanienbaum in Bl\u00fcte","breadcrumb":{"@id":"https:\/\/business.roovi.com\/de\/pierre-auguste-renoir-1000-teile-puzzle-fur-erwachsene-kastanienbaum-in-blute\/p\/#breadcrumb"},"inLanguage":"de","potentialAction":[{"@type":"ReadAction","target":["https:\/\/business.roovi.com\/de\/pierre-auguste-renoir-1000-teile-puzzle-fur-erwachsene-kastanienbaum-in-blute\/p\/"]}]},{"@type":"BreadcrumbList","@id":"https:\/\/business.roovi.com\/de\/pierre-auguste-renoir-1000-teile-puzzle-fur-erwachsene-kastanienbaum-in-blute\/p\/#breadcrumb","itemListElement":[{"@type":"ListItem","position":1,"name":"Home","item":"https:\/\/business.roovi.com\/de\/"},{"@type":"ListItem","position":2,"name":"Shop","item":"https:\/\/business.roovi.com\/de\/shop\/"},{"@type":"ListItem","position":3,"name":"Pierre-Auguste Renoir 1000 Teile Puzzle f\u00fcr Erwachsene &#8211; Kastanienbaum in Bl\u00fcte"}]},{"@type":"WebSite","@id":"https:\/\/business.roovi.com\/de\/#website","url":"https:\/\/business.roovi.com\/de\/","name":"Roovi B2B","description":"Roovi Business Website","potentialAction":[{"@type":"SearchAction","target":{"@type":"EntryPoint","urlTemplate":"https:\/\/business.roovi.com\/de\/?s={search_term_string}"},"query-input":"required name=search_term_string"}],"inLanguage":"de"}]}},"_links":{"self":[{"href":"https:\/\/business.roovi.com\/de\/wp-json\/wp\/v2\/product\/42042","targetHints":{"allow":["GET"]}}],"collection":[{"href":"https:\/\/business.roovi.com\/de\/wp-json\/wp\/v2\/product"}],"about":[{"href":"https:\/\/business.roovi.com\/de\/wp-json\/wp\/v2\/types\/product"}],"version-history":[{"count":0,"href":"https:\/\/business.roovi.com\/de\/wp-json\/wp\/v2\/product\/42042\/revisions"}],"wp:featuredmedia":[{"embeddable":true,"href":"https:\/\/business.roovi.com\/de\/wp-json\/wp\/v2\/media\/62953"}],"wp:attachment":[{"href":"https:\/\/business.roovi.com\/de\/wp-json\/wp\/v2\/media?parent=42042"}],"wp:term":[{"taxonomy":"product_brand","embeddable":true,"href":"https:\/\/business.roovi.com\/de\/wp-json\/wp\/v2\/product_brand?post=42042"},{"taxonomy":"product_cat","embeddable":true,"href":"https:\/\/business.roovi.com\/de\/wp-json\/wp\/v2\/product_cat?post=42042"},{"taxonomy":"product_tag","embeddable":true,"href":"https:\/\/business.roovi.com\/de\/wp-json\/wp\/v2\/product_tag?post=42042"}],"curies":[{"name":"wp","href":"https:\/\/api.w.org\/{rel}","templated":true}]}}