{"id":42050,"date":"2018-04-16T10:56:17","date_gmt":"2018-04-16T10:56:17","guid":{"rendered":"https:\/\/business.roovi.com\/puzzle-adulti-1000-piese-paul-gauguin-tahitian-women-on-the-beach\/p\/"},"modified":"2022-07-06T18:39:51","modified_gmt":"2022-07-06T18:39:51","slug":"puzzle-fur-erwachsene-1000-teile-paul-gauguin-tahitianische-frauen-am-strand","status":"publish","type":"product","link":"https:\/\/business.roovi.com\/de\/puzzle-fur-erwachsene-1000-teile-paul-gauguin-tahitianische-frauen-am-strand\/p\/","title":{"rendered":"Puzzle f\u00fcr Erwachsene 1000 Teile Paul Gauguin &#8211; Tahitianische Frauen am Strand"},"content":{"rendered":"<p><span style=\"font-weight: 400\">Entdecke ein 1000-teiliges Puzzle, das eines der Themen aufgreift, die Paul Gauguin in der letzten Phase seiner Karriere besch\u00e4ftigten. Aus dem Wunsch heraus, das primitive und reine Leben der polynesischen Bewohner zu entdecken, reiste Paul Gauguin nach Tahiti und blieb dort f\u00fcr den Rest seines Lebens, um die Urspr\u00fcnglichkeit des Ortes und seiner Menschen auf einzigartige Weise in seinen Werken festzuhalten <\/span><\/p>\n<p><span style=\"font-weight: 400\">Das tahitianische Gem\u00e4lde Frauen am Strand, das du mit diesem Bilderr\u00e4tsel nachstellen kannst, wurde in den ersten Monaten nach seiner Ankunft auf der Insel im postimpressionistischen Stil gemalt und f\u00e4ngt eine Mischung aus Stimmungen ein, die von Entspannung und Losgel\u00f6stheit bis hin zur Sorglosigkeit gegen\u00fcber dem, was um ihn herum geschieht, reichen.  <\/span><\/p>\n<p><span style=\"font-weight: 400\">Paul Gauguin gelingt es, das Bild der beiden Frauen auf eine interessante Art und Weise zu vermitteln, eine Kombination aus den Gesichtsz\u00fcgen der tahitianischen Einwohner und der Kleidung, die auf europ\u00e4ische Kleidung schlie\u00dfen l\u00e4sst, die von Missionaren auf die Insel gebracht wurde.<\/span><\/p>\n<p><span style=\"font-weight: 400\">Die leuchtenden, warmen Farben der \u00d6lmalerei auf Leinwand werden in diesem Kunstpuzzle originalgetreu wiedergegeben, wodurch es gelingt, die W\u00e4rme der Gegend in den Vordergrund zu stellen.<\/span><\/p>\n<h3><span style=\"font-size: 18px\"><strong>Warum ein 1000-teiliges Paul-Gauguin-Puzzle f\u00fcr Erwachsene?<\/strong><\/span><\/h3>\n<ul>\n<li><span style=\"font-weight: 400\">Du bekommst ein beeindruckend detailliertes Gem\u00e4lde von Paul Gauguin mit tahitianischen Frauen am Strand <\/span><\/li>\n<li><span style=\"font-weight: 400\">Kunstpuzzle Gr\u00f6\u00dfe 68 x 47 cm<\/span><\/li>\n<li><span style=\"font-weight: 400\">St\u00fccke aus hochwertigem, haltbarem Karton<\/span><\/li>\n<li><span style=\"font-weight: 400\">Hergestellt aus nachhaltigen und recycelbaren Materialien<\/span><\/li>\n<li><span style=\"font-weight: 400\">Die Oberfl\u00e4che ist halbgl\u00e4nzend und die Farben sind leuchtend und lebendig<\/span><\/li>\n<li><span style=\"font-weight: 400\">Geeignet ab 14 Jahren &#8211; eine tolle Gelegenheit, Teenager in die faszinierende Welt der Kunst einzuf\u00fchren<\/span><\/li>\n<\/ul>\n<p><span style=\"font-weight: 400\">Das Zusammensetzen eines Kunstpuzzles hat viele Vorteile, die sich auf vielen Ebenen widerspiegeln:<\/span><\/p>\n<ul>\n<li><span style=\"font-weight: 400\">F\u00f6rdert die Konzentration<\/span><\/li>\n<li><span style=\"font-weight: 400\">Trainiert das Ged\u00e4chtnis<\/span><\/li>\n<li><span style=\"font-weight: 400\">Es ist eine entspannende und lustige Aktivit\u00e4t<\/span><\/li>\n<li><span style=\"font-weight: 400\">Es kann eine gute Gelegenheit sein, sich mit geliebten Menschen zu treffen<\/span><\/li>\n<li><span style=\"font-weight: 400\">Verbringe mehr Zeit vor dem Bildschirm <\/span><\/li>\n<\/ul>\n<h3><strong>Wusstest du, dass&#8230;?<\/strong><\/h3>\n<p><span style=\"font-weight: 400\">Paul Gauguin begann mit der Malerei als Amateurk\u00fcnstler, als Hobby, und seine Werke wurden erst nach seinem Tod wahrgenommen. Erst mit 40 Jahren widmete er sich ganz der Kunst, nachdem er als B\u00f6rsenmakler und Verk\u00e4ufer gearbeitet hatte, allerdings ohne gro\u00dfen Erfolg.<\/span><\/p>\n<p><span style=\"font-weight: 400\">Sein ganzes Leben lang war er immer auf der Suche nach dem besonderen Etwas, das ihn inspirierte, nach einem primitiven Leben wie das der Eingeborenen, von dem er glaubte, dass es noch die Essenz der Reinheit enthielt <\/span><\/p>\n<p><span style=\"font-weight: 400\">Im Gegensatz zur realistischen Bewegung zeigen seine Gem\u00e4lde keine realen, sondern verzerrte Bilder. Seine Figuren haben oft unproportionierte K\u00f6rperteile, die mit harten Linien in dunklen Farben umrissen werden.<\/span><\/p>\n<h3><strong>Buntes und leuchtendes 1000-Teile-Puzzle<\/strong><\/h3>\n<p><span style=\"font-weight: 400\">Setze ein Kunstpuzzle zusammen, das die Portr\u00e4ts der beiden Tahitianerinnen zeigt, und stelle dich der Herausforderung der Farben und scharfen, festen Linien, mit denen Gauguin seine Kunst umsetzt <\/span><\/p>\n<p><span style=\"font-weight: 400\">Ein langes Wochenende mit den Liebsten, ein R\u00e4tselabend mit Freunden oder ein Tag f\u00fcr sich selbst sind die perfekte Gelegenheit, um dieses 1000-Teile-Puzzle zu vervollst\u00e4ndigen <\/span><\/p>\n<p><span style=\"font-weight: 400\">Momente, in denen du mit deinen Lieben zusammen bist, sind sehr wichtig. Diese Momente, in denen ihr zusammenarbeitet, nach Details sucht, die Teile zusammensetzt und nach und nach ein Bild zusammenf\u00fcgt, sind eigentlich die Momente (oder Stunden), die eure Beziehung noch mehr zusammenschwei\u00dfen <\/span><\/p>\n<p><span style=\"font-weight: 400\">W\u00e4hle dieses Kunstpuzzle f\u00fcr dich selbst und entspanne dich beim Zusammensetzen, oder verschenke es und mache einem Kunstliebhaber eine Freude <\/span><\/p><\/p>\n","protected":false},"excerpt":{"rendered":"<p>Entdecke ein 1000-teiliges Puzzle, das eines der Themen aufgreift, die Paul Gauguin in der letzten Phase seiner Karriere besch\u00e4ftigten. Aus<\/p>\n","protected":false},"featured_media":35390,"template":"","meta":[],"product_brand":[],"product_cat":[1607,1608,1610],"product_tag":[],"class_list":{"0":"post-42050","1":"product","2":"type-product","3":"status-publish","4":"has-post-thumbnail","6":"product_cat-puzzles","7":"product_cat-adult-jigsaw-puzzles","8":"product_cat-1000-piece-jigsaw-puzzles","9":"pa_bax-10-en","10":"pa_brand-d_toys-en","11":"pa_country_of_manufacture-ro-en","12":"pa_filter_age-14-en","13":"pa_painter-paulgauguin-en","14":"pa_tip_ambalaj-box","15":"pa_tip_puzzle-classic","17":"first","18":"instock","19":"taxable","20":"shipping-taxable","21":"product-type-simple"},"yoast_head":"<!-- This site is optimized with the Yoast SEO plugin v20.1 - https:\/\/yoast.com\/wordpress\/plugins\/seo\/ -->\n<title>Puzzle f\u00fcr Erwachsene 1000 Teile Paul Gauguin - Tahitianische Frauen am Strand<\/title>\n<meta name=\"description\" content=\"Puzzle f\u00fcr Erwachsene 1000 Teile Paul Gauguin - Tahitianische Frauen am Strand\" \/>\n<meta name=\"robots\" content=\"index, follow, max-snippet:-1, max-image-preview:large, max-video-preview:-1\" \/>\n<link rel=\"canonical\" href=\"https:\/\/business.roovi.com\/de\/puzzle-fur-erwachsene-1000-teile-paul-gauguin-tahitianische-frauen-am-strand\/p\/\" \/>\n<meta property=\"og:locale\" content=\"de_DE\" \/>\n<meta property=\"og:type\" content=\"article\" \/>\n<meta property=\"og:title\" content=\"Puzzle f\u00fcr Erwachsene 1000 Teile Paul Gauguin - Tahitianische Frauen am Strand\" \/>\n<meta property=\"og:description\" content=\"Puzzle f\u00fcr Erwachsene 1000 Teile Paul Gauguin - Tahitianische Frauen am Strand\" \/>\n<meta property=\"og:url\" content=\"https:\/\/business.roovi.com\/de\/puzzle-fur-erwachsene-1000-teile-paul-gauguin-tahitianische-frauen-am-strand\/p\/\" \/>\n<meta property=\"og:site_name\" content=\"Roovi B2B\" \/>\n<meta property=\"article:publisher\" content=\"https:\/\/www.facebook.com\/wwwjucariero\" \/>\n<meta property=\"article:modified_time\" content=\"2022-07-06T18:39:51+00:00\" \/>\n<meta property=\"og:image\" content=\"https:\/\/business.roovi.com\/wp-content\/uploads\/2018\/04\/p1000_gauguin_72818_ga01-02_r700_64x88cm_no_stanc.jpg\" \/>\n\t<meta property=\"og:image:width\" content=\"1200\" \/>\n\t<meta property=\"og:image:height\" content=\"1200\" \/>\n\t<meta property=\"og:image:type\" content=\"image\/jpeg\" \/>\n<meta name=\"twitter:label1\" content=\"Gesch\u00e4tzte Lesezeit\" \/>\n\t<meta name=\"twitter:data1\" content=\"3\u00a0Minuten\" \/>\n<script type=\"application\/ld+json\" class=\"yoast-schema-graph\">{\"@context\":\"https:\/\/schema.org\",\"@graph\":[{\"@type\":\"WebPage\",\"@id\":\"https:\/\/business.roovi.com\/de\/puzzle-fur-erwachsene-1000-teile-paul-gauguin-tahitianische-frauen-am-strand\/p\/\",\"url\":\"https:\/\/business.roovi.com\/de\/puzzle-fur-erwachsene-1000-teile-paul-gauguin-tahitianische-frauen-am-strand\/p\/\",\"name\":\"Puzzle f\u00fcr Erwachsene 1000 Teile Paul Gauguin - Tahitianische Frauen am Strand\",\"isPartOf\":{\"@id\":\"https:\/\/business.roovi.com\/de\/#website\"},\"datePublished\":\"2018-04-16T10:56:17+00:00\",\"dateModified\":\"2022-07-06T18:39:51+00:00\",\"description\":\"Puzzle f\u00fcr Erwachsene 1000 Teile Paul Gauguin - Tahitianische Frauen am Strand\",\"breadcrumb\":{\"@id\":\"https:\/\/business.roovi.com\/de\/puzzle-fur-erwachsene-1000-teile-paul-gauguin-tahitianische-frauen-am-strand\/p\/#breadcrumb\"},\"inLanguage\":\"de\",\"potentialAction\":[{\"@type\":\"ReadAction\",\"target\":[\"https:\/\/business.roovi.com\/de\/puzzle-fur-erwachsene-1000-teile-paul-gauguin-tahitianische-frauen-am-strand\/p\/\"]}]},{\"@type\":\"BreadcrumbList\",\"@id\":\"https:\/\/business.roovi.com\/de\/puzzle-fur-erwachsene-1000-teile-paul-gauguin-tahitianische-frauen-am-strand\/p\/#breadcrumb\",\"itemListElement\":[{\"@type\":\"ListItem\",\"position\":1,\"name\":\"Home\",\"item\":\"https:\/\/business.roovi.com\/de\/\"},{\"@type\":\"ListItem\",\"position\":2,\"name\":\"Shop\",\"item\":\"https:\/\/business.roovi.com\/de\/shop\/\"},{\"@type\":\"ListItem\",\"position\":3,\"name\":\"Puzzle f\u00fcr Erwachsene 1000 Teile Paul Gauguin &#8211; Tahitianische Frauen am Strand\"}]},{\"@type\":\"WebSite\",\"@id\":\"https:\/\/business.roovi.com\/de\/#website\",\"url\":\"https:\/\/business.roovi.com\/de\/\",\"name\":\"Roovi B2B\",\"description\":\"Roovi Business Website\",\"potentialAction\":[{\"@type\":\"SearchAction\",\"target\":{\"@type\":\"EntryPoint\",\"urlTemplate\":\"https:\/\/business.roovi.com\/de\/?s={search_term_string}\"},\"query-input\":\"required name=search_term_string\"}],\"inLanguage\":\"de\"}]}<\/script>\n<!-- \/ Yoast SEO plugin. -->","yoast_head_json":{"title":"Puzzle f\u00fcr Erwachsene 1000 Teile Paul Gauguin - Tahitianische Frauen am Strand","description":"Puzzle f\u00fcr Erwachsene 1000 Teile Paul Gauguin - Tahitianische Frauen am Strand","robots":{"index":"index","follow":"follow","max-snippet":"max-snippet:-1","max-image-preview":"max-image-preview:large","max-video-preview":"max-video-preview:-1"},"canonical":"https:\/\/business.roovi.com\/de\/puzzle-fur-erwachsene-1000-teile-paul-gauguin-tahitianische-frauen-am-strand\/p\/","og_locale":"de_DE","og_type":"article","og_title":"Puzzle f\u00fcr Erwachsene 1000 Teile Paul Gauguin - Tahitianische Frauen am Strand","og_description":"Puzzle f\u00fcr Erwachsene 1000 Teile Paul Gauguin - Tahitianische Frauen am Strand","og_url":"https:\/\/business.roovi.com\/de\/puzzle-fur-erwachsene-1000-teile-paul-gauguin-tahitianische-frauen-am-strand\/p\/","og_site_name":"Roovi B2B","article_publisher":"https:\/\/www.facebook.com\/wwwjucariero","article_modified_time":"2022-07-06T18:39:51+00:00","og_image":[{"width":1200,"height":1200,"url":"https:\/\/business.roovi.com\/wp-content\/uploads\/2018\/04\/p1000_gauguin_72818_ga01-02_r700_64x88cm_no_stanc.jpg","type":"image\/jpeg"}],"twitter_misc":{"Gesch\u00e4tzte Lesezeit":"3\u00a0Minuten"},"schema":{"@context":"https:\/\/schema.org","@graph":[{"@type":"WebPage","@id":"https:\/\/business.roovi.com\/de\/puzzle-fur-erwachsene-1000-teile-paul-gauguin-tahitianische-frauen-am-strand\/p\/","url":"https:\/\/business.roovi.com\/de\/puzzle-fur-erwachsene-1000-teile-paul-gauguin-tahitianische-frauen-am-strand\/p\/","name":"Puzzle f\u00fcr Erwachsene 1000 Teile Paul Gauguin - Tahitianische Frauen am Strand","isPartOf":{"@id":"https:\/\/business.roovi.com\/de\/#website"},"datePublished":"2018-04-16T10:56:17+00:00","dateModified":"2022-07-06T18:39:51+00:00","description":"Puzzle f\u00fcr Erwachsene 1000 Teile Paul Gauguin - Tahitianische Frauen am Strand","breadcrumb":{"@id":"https:\/\/business.roovi.com\/de\/puzzle-fur-erwachsene-1000-teile-paul-gauguin-tahitianische-frauen-am-strand\/p\/#breadcrumb"},"inLanguage":"de","potentialAction":[{"@type":"ReadAction","target":["https:\/\/business.roovi.com\/de\/puzzle-fur-erwachsene-1000-teile-paul-gauguin-tahitianische-frauen-am-strand\/p\/"]}]},{"@type":"BreadcrumbList","@id":"https:\/\/business.roovi.com\/de\/puzzle-fur-erwachsene-1000-teile-paul-gauguin-tahitianische-frauen-am-strand\/p\/#breadcrumb","itemListElement":[{"@type":"ListItem","position":1,"name":"Home","item":"https:\/\/business.roovi.com\/de\/"},{"@type":"ListItem","position":2,"name":"Shop","item":"https:\/\/business.roovi.com\/de\/shop\/"},{"@type":"ListItem","position":3,"name":"Puzzle f\u00fcr Erwachsene 1000 Teile Paul Gauguin &#8211; Tahitianische Frauen am Strand"}]},{"@type":"WebSite","@id":"https:\/\/business.roovi.com\/de\/#website","url":"https:\/\/business.roovi.com\/de\/","name":"Roovi B2B","description":"Roovi Business Website","potentialAction":[{"@type":"SearchAction","target":{"@type":"EntryPoint","urlTemplate":"https:\/\/business.roovi.com\/de\/?s={search_term_string}"},"query-input":"required name=search_term_string"}],"inLanguage":"de"}]}},"_links":{"self":[{"href":"https:\/\/business.roovi.com\/de\/wp-json\/wp\/v2\/product\/42050","targetHints":{"allow":["GET"]}}],"collection":[{"href":"https:\/\/business.roovi.com\/de\/wp-json\/wp\/v2\/product"}],"about":[{"href":"https:\/\/business.roovi.com\/de\/wp-json\/wp\/v2\/types\/product"}],"version-history":[{"count":0,"href":"https:\/\/business.roovi.com\/de\/wp-json\/wp\/v2\/product\/42050\/revisions"}],"wp:featuredmedia":[{"embeddable":true,"href":"https:\/\/business.roovi.com\/de\/wp-json\/wp\/v2\/media\/35390"}],"wp:attachment":[{"href":"https:\/\/business.roovi.com\/de\/wp-json\/wp\/v2\/media?parent=42050"}],"wp:term":[{"taxonomy":"product_brand","embeddable":true,"href":"https:\/\/business.roovi.com\/de\/wp-json\/wp\/v2\/product_brand?post=42050"},{"taxonomy":"product_cat","embeddable":true,"href":"https:\/\/business.roovi.com\/de\/wp-json\/wp\/v2\/product_cat?post=42050"},{"taxonomy":"product_tag","embeddable":true,"href":"https:\/\/business.roovi.com\/de\/wp-json\/wp\/v2\/product_tag?post=42050"}],"curies":[{"name":"wp","href":"https:\/\/api.w.org\/{rel}","templated":true}]}}