{"id":42054,"date":"2018-04-16T10:56:17","date_gmt":"2018-04-16T10:56:17","guid":{"rendered":"https:\/\/business.roovi.com\/puzzle-adulti-1000-piese-gustav-klimt-mada-primavesi\/p\/"},"modified":"2022-07-06T18:44:06","modified_gmt":"2022-07-06T18:44:06","slug":"1000-teile-gustav-klimt-puzzle-fur-erwachsene-mada-primavesi","status":"publish","type":"product","link":"https:\/\/business.roovi.com\/de\/1000-teile-gustav-klimt-puzzle-fur-erwachsene-mada-primavesi\/p\/","title":{"rendered":"1000 Teile Gustav Klimt-Puzzle f\u00fcr Erwachsene &#8211; M\u00e4da Primavesi"},"content":{"rendered":"<p><span style=\"font-weight: 400\">Wir freuen uns, dass du unsere Galerie mit unserer gr\u00f6\u00dften Sammlung von Kunstr\u00e4tseln besucht hast! Wir haben 1000-teilige Puzzles mit Bildern der ber\u00fchmtesten Gem\u00e4lde der Welt vorbereitet. Die <em>Mona Lisa<\/em>, <em>der Kuss<\/em> oder die <em>Sternennacht<\/em> sind nur einige der Meisterwerke, die die W\u00e4nde deines Hauses zieren k\u00f6nnen. W\u00e4hle deine Lieblingskunstpuzzles aus und baue deine lang ersehnten Gem\u00e4lde!<\/span><\/p>\n<p><span style=\"font-weight: 400\">Entdecke die faszinierende Kunst von Gustav Klimt mit dem 1000-teiligen Gustav-Klimt-Puzzle &#8211; <\/span><span style=\"font-weight: 400\">M\u00e4da<\/span><span style=\"font-weight: 400\"> Primavesi. Das Bild zeigt ein 9-j\u00e4hriges M\u00e4dchen, M\u00e4da Primavesi, das entschlossen und selbstbewusst aussieht. Der K\u00fcnstler hat das jungenhafte Wesen und den reifen Charakter des M\u00e4dchens vorbildlich eingefangen und sie inmitten einer Kombination aus Fr\u00fchlingsmustern posiert <\/span><\/p>\n<p><span style=\"font-weight: 400\">Gustav Klimt Kunst Puzzle &#8211; <\/span><span style=\"font-weight: 400\">M\u00e4da<\/span><span style=\"font-weight: 400\"> Primavesi gibt die atemberaubenden Details des Originalgem\u00e4ldes wieder und es wird eine Freude sein, es anzuschauen, sobald es fertig ist. Das fertige Bild ist 50 x 70 cm gro\u00df, und alles, was du daf\u00fcr brauchst, ist ein normaler Couchtisch.  <\/span><\/p>\n<p><span style=\"font-weight: 400\">Das 1000-teilige Gustav Klimt-Puzzle &#8211; <\/span><span style=\"font-weight: 400\">M\u00e4da<\/span><span style=\"font-weight: 400\"> Primavesi:<\/span><\/p>\n<p><strong>Puzzle-Material <\/strong><\/p>\n<p><strong>hochwertiger blauer Karton<\/strong><\/p>\n<p><strong>nachhaltige, recycelbare Materialien<\/strong><\/p>\n<p><strong>halbgl\u00e4nzende Oberfl\u00e4che, leuchtende Farben<\/strong><\/p>\n<p><strong>Anzahl der Puzzleteile: 1000<\/strong><\/p>\n<p><strong>Empfohlenes Alter: 14+<\/strong><\/p>\n<p><strong>3 F\u00e4higkeiten, die du dank der 1000-Teile-Puzzles entwickeln kannst<\/strong><\/p>\n<p><span style=\"font-weight: 400\">Du wei\u00dft bereits, dass Puzzlespiele Spa\u00df machen, lustig und entspannend sind. Aber dar\u00fcber hinaus helfen sie dir, bestimmte F\u00e4higkeiten zu entwickeln oder zu verbessern. Hier sind 3 von ihnen:<\/span><\/p>\n<p><strong>Probleml\u00f6sungsf\u00e4higkeiten <\/strong><span style=\"font-weight: 400\">Ein Puzzle mit 1.000 Teilen ist ein Problem, das manchmal gar nicht so einfach zu l\u00f6sen ist. Das Durchsuchen der hunderten von Puzzleteilen nach den richtigen Teilen erfordert ein hohes Ma\u00df an Konzentration und Aufmerksamkeit. Aber weil dich das Bild fesselt und du es vollenden willst, gibst du nicht auf und die Arbeit ist nach mehreren Stunden entspannter Arbeit erledigt. Dieser kreative Prozess wird dir auch in anderen Situationen helfen, mit denen du in deinem Alltag zu tun hast.<\/span><\/p>\n<p><strong>Liebe zum Detail <\/strong><span style=\"font-weight: 400\">Das Zusammensetzen des 1000-teiligen Puzzles erfordert h\u00f6chste Aufmerksamkeit f\u00fcr die kleinsten Details. Wenn du diese F\u00e4higkeit anfangs nicht hast, wirst du sie mit der Zeit entwickeln und durch \u00dcbung ein Meister des Puzzles werden. Diese F\u00e4higkeit kann in vielen anderen Bereichen deines Lebens n\u00fctzlich sein, vor allem, wenn du T\u00e4tigkeiten aus\u00fcbst, bei denen es auf Details ankommt.<\/span><\/p>\n<p><strong>Die F\u00e4higkeit, sich zu konzentrieren <\/strong><span style=\"font-weight: 400\">F\u00e4llt es dir oft schwer, dich auf eine Sache zu konzentrieren und eine Aufgabe zu erledigen? Das passiert vielen, vor allem weil unser Verstand mit so vielen Informationen \u00fcberflutet wird. Wir wollen alles auf einmal und es f\u00e4llt uns schwer, uns auf eine Aufgabe zu konzentrieren. Setze das 1000-Teile-Puzzle zusammen und du wirst feststellen, dass es dir leichter f\u00e4llt, dich zu konzentrieren und nach und nach die Aufgaben zu l\u00f6sen, die du dir gestellt hast.<\/span><\/p>\n<p><strong>\u00dcber <\/strong><strong>M\u00e4da<\/strong><strong> Klimt&#8217;s Primavesi &#8211; wusstest du das?<\/strong><\/p>\n<p><span style=\"font-weight: 400\">M\u00e4da<\/span><span style=\"font-weight: 400\"> Primavesi war die Tochter des Industriellen und seiner Frau Eugenia, einer wohlhabenden Familie, die die Kunst des progressiven Wiener Designs unterst\u00fctzte.<\/span><\/p>\n<p><span style=\"font-weight: 400\">Das Gem\u00e4lde dr\u00fcckt den anspruchsvollen Geschmack der Primavesis f\u00fcr progressive Kunst aus.<\/span><\/p>\n<p><span style=\"font-weight: 400\">M\u00e4da beschrieb Klimt als \u00e4u\u00dferst freundlich und tolerant gegen\u00fcber ihrer jugendlichen Ungeduld als Erwachsene.<\/span><\/p>\n<p><span style=\"font-weight: 400\">Auf die Bitte des M\u00e4dchens, einen Satz in sein Autogrammbuch zu schreiben, schrieb Klimt <\/span><em><span style=\"font-weight: 400\">&#8222;Der Tag ist wie die Nacht, wenn ich dich nicht sehe. Ich bin gl\u00fccklicher, wenn ich von dir tr\u00e4ume.&#8220;<\/span><\/em><\/p>\n<p><span style=\"font-weight: 400\">Nach diesem Bild malte Klimt auch ein Portr\u00e4t der Mutter des M\u00e4dchens, Eugenia.<\/span><\/p>\n<p><span style=\"font-weight: 400\">M\u00e4da sagte in einem Interview mit der New York Times, dass sie sch\u00e4tzt, dass der K\u00fcnstler etwa 200 Skizzen von ihr gemacht hat.<\/span><\/p>\n<p><strong>Kunstr\u00e4tsel &#8211; eine Oase der Entspannung und Losgel\u00f6stheit<\/strong><\/p>\n<p><span style=\"font-weight: 400\">Wenn du Momente der Ruhe und Entspannung suchst, sind Kunstpuzzles die perfekte Wahl. Kunstr\u00e4tsel helfen dir nicht nur, vom Alltag abzuschalten, sondern \u00f6ffnen dir auch die T\u00fcr zu einer erstaunlichen Welt voller Farben und Sch\u00f6nheit. Au\u00dferdem helfen sie dir, deinen Sinn f\u00fcr \u00c4sthetik zu entwickeln und deine F\u00e4higkeiten zum Nachstellen von R\u00e4tseln zu verfeinern.<\/span><\/p>\n<p><span style=\"font-weight: 400\">Wenn du ein einzigartiges Deko-Objekt willst, kaufe das Gustav Klimt Art Puzzle &#8211; <\/span><span style=\"font-weight: 400\">M\u00e4da<\/span><span style=\"font-weight: 400\"> Primavesi. Dieses tolle Puzzlespiel aus der Kunstpuzzle-Kollektion gibt dir die M\u00f6glichkeit, dein eigenes Kunstgem\u00e4lde aus einem 1000-teiligen Puzzle zu erstellen. Das Bild wird in dem Rahmen fantastisch aussehen und deinem Zuhause einen raffinierten Look verleihen.<\/span><\/p>\n<p><span style=\"font-weight: 400\">Gustav Klimt 1000 Teile Puzzle &#8211; <\/span><span style=\"font-weight: 400\">M\u00e4da<\/span><span style=\"font-weight: 400\"> Primavesi ist die perfekte Wahl f\u00fcr ein sch\u00f6nes Geschenk f\u00fcr deine Liebsten.<\/span><\/p><\/p>\n","protected":false},"excerpt":{"rendered":"<p>Wir freuen uns, dass du unsere Galerie mit unserer gr\u00f6\u00dften Sammlung von Kunstr\u00e4tseln besucht hast! Wir haben 1000-teilige Puzzles mit<\/p>\n","protected":false},"featured_media":35394,"template":"","meta":[],"product_brand":[],"product_cat":[1916,1875,1915],"product_tag":[],"class_list":{"0":"post-42054","1":"product","2":"type-product","3":"status-publish","4":"has-post-thumbnail","6":"product_cat-1000-teile-puzzle","7":"product_cat-puzzle-de","8":"product_cat-puzzlespiele-fur-erwachsene","9":"pa_bax-10-de","10":"pa_brand-d_toys-de","11":"pa_country_of_manufacture-ro-de","12":"pa_filter_age-14-de","13":"pa_painter-gustavklimt-de","14":"pa_tip_ambalaj-kasten-a4-de","15":"pa_tip_puzzle-klassisch","17":"first","18":"instock","19":"taxable","20":"shipping-taxable","21":"product-type-simple"},"yoast_head":"<!-- This site is optimized with the Yoast SEO plugin v20.1 - https:\/\/yoast.com\/wordpress\/plugins\/seo\/ -->\n<title>1000 Teile Gustav Klimt-Puzzle f\u00fcr Erwachsene - M\u00e4da Primavesi<\/title>\n<meta name=\"description\" content=\"1000 Teile Gustav Klimt-Puzzle f\u00fcr Erwachsene - M\u00e4da Primavesi\" \/>\n<meta name=\"robots\" content=\"index, follow, max-snippet:-1, max-image-preview:large, max-video-preview:-1\" \/>\n<link rel=\"canonical\" href=\"https:\/\/business.roovi.com\/de\/1000-teile-gustav-klimt-puzzle-fur-erwachsene-mada-primavesi\/p\/\" \/>\n<meta property=\"og:locale\" content=\"de_DE\" \/>\n<meta property=\"og:type\" content=\"article\" \/>\n<meta property=\"og:title\" content=\"1000 Teile Gustav Klimt-Puzzle f\u00fcr Erwachsene - M\u00e4da Primavesi\" \/>\n<meta property=\"og:description\" content=\"1000 Teile Gustav Klimt-Puzzle f\u00fcr Erwachsene - M\u00e4da Primavesi\" \/>\n<meta property=\"og:url\" content=\"https:\/\/business.roovi.com\/de\/1000-teile-gustav-klimt-puzzle-fur-erwachsene-mada-primavesi\/p\/\" \/>\n<meta property=\"og:site_name\" content=\"Roovi B2B\" \/>\n<meta property=\"article:publisher\" content=\"https:\/\/www.facebook.com\/wwwjucariero\" \/>\n<meta property=\"article:modified_time\" content=\"2022-07-06T18:44:06+00:00\" \/>\n<meta property=\"og:image\" content=\"https:\/\/business.roovi.com\/wp-content\/uploads\/2018\/04\/66923-07_ansamblu_dimensiuni_cutie_cm_1200x1200.png\" \/>\n\t<meta property=\"og:image:width\" content=\"1200\" \/>\n\t<meta property=\"og:image:height\" content=\"1200\" \/>\n\t<meta property=\"og:image:type\" content=\"image\/png\" \/>\n<meta name=\"twitter:label1\" content=\"Gesch\u00e4tzte Lesezeit\" \/>\n\t<meta name=\"twitter:data1\" content=\"4\u00a0Minuten\" \/>\n<script type=\"application\/ld+json\" class=\"yoast-schema-graph\">{\"@context\":\"https:\/\/schema.org\",\"@graph\":[{\"@type\":\"WebPage\",\"@id\":\"https:\/\/business.roovi.com\/de\/1000-teile-gustav-klimt-puzzle-fur-erwachsene-mada-primavesi\/p\/\",\"url\":\"https:\/\/business.roovi.com\/de\/1000-teile-gustav-klimt-puzzle-fur-erwachsene-mada-primavesi\/p\/\",\"name\":\"1000 Teile Gustav Klimt-Puzzle f\u00fcr Erwachsene - M\u00e4da Primavesi\",\"isPartOf\":{\"@id\":\"https:\/\/business.roovi.com\/de\/#website\"},\"datePublished\":\"2018-04-16T10:56:17+00:00\",\"dateModified\":\"2022-07-06T18:44:06+00:00\",\"description\":\"1000 Teile Gustav Klimt-Puzzle f\u00fcr Erwachsene - M\u00e4da Primavesi\",\"breadcrumb\":{\"@id\":\"https:\/\/business.roovi.com\/de\/1000-teile-gustav-klimt-puzzle-fur-erwachsene-mada-primavesi\/p\/#breadcrumb\"},\"inLanguage\":\"de\",\"potentialAction\":[{\"@type\":\"ReadAction\",\"target\":[\"https:\/\/business.roovi.com\/de\/1000-teile-gustav-klimt-puzzle-fur-erwachsene-mada-primavesi\/p\/\"]}]},{\"@type\":\"BreadcrumbList\",\"@id\":\"https:\/\/business.roovi.com\/de\/1000-teile-gustav-klimt-puzzle-fur-erwachsene-mada-primavesi\/p\/#breadcrumb\",\"itemListElement\":[{\"@type\":\"ListItem\",\"position\":1,\"name\":\"Home\",\"item\":\"https:\/\/business.roovi.com\/de\/\"},{\"@type\":\"ListItem\",\"position\":2,\"name\":\"Shop\",\"item\":\"https:\/\/business.roovi.com\/de\/shop\/\"},{\"@type\":\"ListItem\",\"position\":3,\"name\":\"1000 Teile Gustav Klimt-Puzzle f\u00fcr Erwachsene &#8211; M\u00e4da Primavesi\"}]},{\"@type\":\"WebSite\",\"@id\":\"https:\/\/business.roovi.com\/de\/#website\",\"url\":\"https:\/\/business.roovi.com\/de\/\",\"name\":\"Roovi B2B\",\"description\":\"Roovi Business Website\",\"potentialAction\":[{\"@type\":\"SearchAction\",\"target\":{\"@type\":\"EntryPoint\",\"urlTemplate\":\"https:\/\/business.roovi.com\/de\/?s={search_term_string}\"},\"query-input\":\"required name=search_term_string\"}],\"inLanguage\":\"de\"}]}<\/script>\n<!-- \/ Yoast SEO plugin. -->","yoast_head_json":{"title":"1000 Teile Gustav Klimt-Puzzle f\u00fcr Erwachsene - M\u00e4da Primavesi","description":"1000 Teile Gustav Klimt-Puzzle f\u00fcr Erwachsene - M\u00e4da Primavesi","robots":{"index":"index","follow":"follow","max-snippet":"max-snippet:-1","max-image-preview":"max-image-preview:large","max-video-preview":"max-video-preview:-1"},"canonical":"https:\/\/business.roovi.com\/de\/1000-teile-gustav-klimt-puzzle-fur-erwachsene-mada-primavesi\/p\/","og_locale":"de_DE","og_type":"article","og_title":"1000 Teile Gustav Klimt-Puzzle f\u00fcr Erwachsene - M\u00e4da Primavesi","og_description":"1000 Teile Gustav Klimt-Puzzle f\u00fcr Erwachsene - M\u00e4da Primavesi","og_url":"https:\/\/business.roovi.com\/de\/1000-teile-gustav-klimt-puzzle-fur-erwachsene-mada-primavesi\/p\/","og_site_name":"Roovi B2B","article_publisher":"https:\/\/www.facebook.com\/wwwjucariero","article_modified_time":"2022-07-06T18:44:06+00:00","og_image":[{"width":1200,"height":1200,"url":"https:\/\/business.roovi.com\/wp-content\/uploads\/2018\/04\/66923-07_ansamblu_dimensiuni_cutie_cm_1200x1200.png","type":"image\/png"}],"twitter_misc":{"Gesch\u00e4tzte Lesezeit":"4\u00a0Minuten"},"schema":{"@context":"https:\/\/schema.org","@graph":[{"@type":"WebPage","@id":"https:\/\/business.roovi.com\/de\/1000-teile-gustav-klimt-puzzle-fur-erwachsene-mada-primavesi\/p\/","url":"https:\/\/business.roovi.com\/de\/1000-teile-gustav-klimt-puzzle-fur-erwachsene-mada-primavesi\/p\/","name":"1000 Teile Gustav Klimt-Puzzle f\u00fcr Erwachsene - M\u00e4da Primavesi","isPartOf":{"@id":"https:\/\/business.roovi.com\/de\/#website"},"datePublished":"2018-04-16T10:56:17+00:00","dateModified":"2022-07-06T18:44:06+00:00","description":"1000 Teile Gustav Klimt-Puzzle f\u00fcr Erwachsene - M\u00e4da Primavesi","breadcrumb":{"@id":"https:\/\/business.roovi.com\/de\/1000-teile-gustav-klimt-puzzle-fur-erwachsene-mada-primavesi\/p\/#breadcrumb"},"inLanguage":"de","potentialAction":[{"@type":"ReadAction","target":["https:\/\/business.roovi.com\/de\/1000-teile-gustav-klimt-puzzle-fur-erwachsene-mada-primavesi\/p\/"]}]},{"@type":"BreadcrumbList","@id":"https:\/\/business.roovi.com\/de\/1000-teile-gustav-klimt-puzzle-fur-erwachsene-mada-primavesi\/p\/#breadcrumb","itemListElement":[{"@type":"ListItem","position":1,"name":"Home","item":"https:\/\/business.roovi.com\/de\/"},{"@type":"ListItem","position":2,"name":"Shop","item":"https:\/\/business.roovi.com\/de\/shop\/"},{"@type":"ListItem","position":3,"name":"1000 Teile Gustav Klimt-Puzzle f\u00fcr Erwachsene &#8211; M\u00e4da Primavesi"}]},{"@type":"WebSite","@id":"https:\/\/business.roovi.com\/de\/#website","url":"https:\/\/business.roovi.com\/de\/","name":"Roovi B2B","description":"Roovi Business Website","potentialAction":[{"@type":"SearchAction","target":{"@type":"EntryPoint","urlTemplate":"https:\/\/business.roovi.com\/de\/?s={search_term_string}"},"query-input":"required name=search_term_string"}],"inLanguage":"de"}]}},"_links":{"self":[{"href":"https:\/\/business.roovi.com\/de\/wp-json\/wp\/v2\/product\/42054","targetHints":{"allow":["GET"]}}],"collection":[{"href":"https:\/\/business.roovi.com\/de\/wp-json\/wp\/v2\/product"}],"about":[{"href":"https:\/\/business.roovi.com\/de\/wp-json\/wp\/v2\/types\/product"}],"version-history":[{"count":0,"href":"https:\/\/business.roovi.com\/de\/wp-json\/wp\/v2\/product\/42054\/revisions"}],"wp:featuredmedia":[{"embeddable":true,"href":"https:\/\/business.roovi.com\/de\/wp-json\/wp\/v2\/media\/35394"}],"wp:attachment":[{"href":"https:\/\/business.roovi.com\/de\/wp-json\/wp\/v2\/media?parent=42054"}],"wp:term":[{"taxonomy":"product_brand","embeddable":true,"href":"https:\/\/business.roovi.com\/de\/wp-json\/wp\/v2\/product_brand?post=42054"},{"taxonomy":"product_cat","embeddable":true,"href":"https:\/\/business.roovi.com\/de\/wp-json\/wp\/v2\/product_cat?post=42054"},{"taxonomy":"product_tag","embeddable":true,"href":"https:\/\/business.roovi.com\/de\/wp-json\/wp\/v2\/product_tag?post=42054"}],"curies":[{"name":"wp","href":"https:\/\/api.w.org\/{rel}","templated":true}]}}