{"id":42058,"date":"2018-04-16T10:56:17","date_gmt":"2018-04-16T10:56:17","guid":{"rendered":"https:\/\/business.roovi.com\/puzzle-adulti-1000-piese-gustav-klimt-farm-garden-with-sunflowers\/p\/"},"modified":"2022-07-06T18:44:14","modified_gmt":"2022-07-06T18:44:14","slug":"gustav-klimt-1000-teile-puzzle-fur-erwachsene-bauerngarten-mit-sonnenblumen","status":"publish","type":"product","link":"https:\/\/business.roovi.com\/de\/gustav-klimt-1000-teile-puzzle-fur-erwachsene-bauerngarten-mit-sonnenblumen\/p\/","title":{"rendered":"Gustav Klimt 1000 Teile Puzzle f\u00fcr Erwachsene &#8211; Bauerngarten mit Sonnenblumen"},"content":{"rendered":"<p><span style=\"font-weight: 400\">F\u00fchlst du dich inspiriert? Wir fordern dich heraus, deine Liebe zum Detail und deine Geduld mit den erstaunlichsten 1000-teiligen Puzzles in unserer Kunstpuzzle-Kollektion zu testen.<\/span><\/p>\n<p><span style=\"font-weight: 400\">Gustav Klimt &#8211; Bauerngarten mit Sonnenblumen &#8211; 1000 Teile Puzzle stellt ein farbenfrohes und blumiges Gem\u00e4lde des ber\u00fchmten \u00f6sterreichischen K\u00fcnstlers dar.<\/span><\/p>\n<p><span style=\"font-weight: 400\">Klimt studierte den Stil von Van Gogh, der immer wieder Sonnenblumen malte. Klimts Blumen sind in den Vordergrund integriert, und ihre exquisite Farbgebung wird durch die kontrastierende gr\u00fcne Wiese hervorgehoben.<\/span><\/p>\n<p><span style=\"font-weight: 400\">Das 1000-teilige Puzzlebild mit Dutzenden von winzigen Blumen und farbenfrohen Details nachzubilden, ist eine \u00dcbung, die deine Konzentration und Aufmerksamkeitsspanne stark beanspruchen wird. Aber es ist eine einzigartige Chance, deine Puzzlef\u00e4higkeiten zu trainieren und ein faszinierendes Kunstwerk zu schaffen.<\/span><\/p>\n<p><span style=\"font-weight: 400\">Du kannst einen normalen Couchtisch verwenden, um die 1000 Puzzleteile aufzustellen. Das rekonstruierte Bild ist 70 x 50 cm gro\u00df und wird in einem Rahmen an einer deiner W\u00e4nde toll aussehen.<\/span><\/p>\n<p><span style=\"font-weight: 400\">Mit Gustav Klimt Kunstpuzzle &#8211; Garten mit Sonnenblumen:<\/span><\/p>\n<p><strong>Puzzle-Material <\/strong><\/p>\n<p><strong>hochwertiger blauer Karton<\/strong><\/p>\n<p><strong>nachhaltige, recycelbare Materialien<\/strong><\/p>\n<p><strong>halbgl\u00e4nzende Oberfl\u00e4che, leuchtende Farben<\/strong><\/p>\n<p><strong>Anzahl der Puzzleteile: 1000<\/strong><\/p>\n<p><strong>Empfohlenes Alter: 14+<\/strong><\/p>\n<p><strong>Warum ist das 1000-Teile-Puzzle Gustav Klimt &#8211; Garten mit Sonnenblumen so besonders?<\/strong><\/p>\n<p><span style=\"font-weight: 400\">Du hast die M\u00f6glichkeit, aus 1000 Puzzleteilen ein Kunstgem\u00e4lde zu erstellen und die kleinsten Details des Originalgem\u00e4ldes zu bewundern.<\/span><\/p>\n<p><span style=\"font-weight: 400\">Das entstandene Gem\u00e4lde kann ein dekoratives Objekt sein, das deinem Zuhause einen raffinierten Look verleiht.<\/span><\/p>\n<p><span style=\"font-weight: 400\">Du f\u00fchlst dich wie ein echter Detektiv, der die Hinweise analysiert und nach den richtigen Teilen sucht, um das Geheimnis des Kunstwerks zu l\u00fcften.<\/span><\/p>\n<p><span style=\"font-weight: 400\">Es ist deine Chance, deinen \u00e4sthetischen Sinn zu entwickeln und Kunst zu sch\u00e4tzen.<\/span><\/p>\n<p><span style=\"font-weight: 400\">Es macht dich neugierig auf die Kunstwerke und die Malerinnen und Maler, die hinter der authentischen Sch\u00f6pfung stehen.<\/span><\/p>\n<p><strong>Wusstest du, dass&#8230;?<\/strong><\/p>\n<p><span style=\"font-weight: 400\">Gustav Klimt mochte es, umgeben von sch\u00f6nen nackten Frauen zu malen?<\/span><\/p>\n<p><span style=\"font-weight: 400\"> &#8222;Alle Kunst ist erotisch&#8220; &#8211; ist eine Aussage, die zu ihm geh\u00f6rt.<\/span><\/p>\n<p><span style=\"font-weight: 400\">Klimt liebte Frauen und soll mit allen Frauen, deren Portr\u00e4ts er malte, intime Beziehungen gehabt haben. Er hatte 14 uneheliche Kinder und war nie verheiratet <\/span><\/p>\n<p><span style=\"font-weight: 400\">Seine Gem\u00e4lde <\/span><em><span style=\"font-weight: 400\">Portr\u00e4t von Adele Bloch-Bauer I <\/span><\/em><span style=\"font-weight: 400\">war das teuerste Kunstwerk, das jemals auf einer Auktion verkauft wurde: 135 Millionen Dollar wurden daf\u00fcr bezahlt.<\/span><\/p>\n<p><span style=\"font-weight: 400\">Viele seiner Werke wurden von den Nazis verbrannt. 1945 brannten sie das Schloss Immendorf nieder, in dem einige seiner Gem\u00e4lde aufbewahrt wurden.<\/span><\/p>\n<p><strong>Kunstr\u00e4tsel &#8211; eine Zeit der Entspannung und Meditation <\/strong><\/p>\n<p><span style=\"font-weight: 400\">Ein Kunstr\u00e4tsel gibt dir einen Einblick in die Welt der Kunst. Der Geist wird von Gedanken oder Sorgen befreit und du erlebst eine angenehme Erfahrung tiefer Entspannung.<\/span><\/p>\n<p><span style=\"font-weight: 400\">Au\u00dferdem ist die Wirkung, die ein Puzzlespiel auf dich hat, \u00e4hnlich wie bei der Meditation. Sobald du dich von den Gedanken befreit hast, die dich bedr\u00fccken, konzentrierst du dich auf eine Aufgabe, n\u00e4mlich das Bild im Kunstpuzzle zu rekonstruieren. Du genie\u00dft die Gegenwart und am Ende, wenn das Bild fertig ist, erlebst du einen erstaunlichen Zustand von Optimismus und Gl\u00fcck. All diese positiven Auswirkungen werden sich in vielen Aspekten deines Lebens widerspiegeln:<\/span><\/p>\n<ul>\n<li><span style=\"font-weight: 400\">Du wirst einen erholsameren Schlaf haben<\/span><\/li>\n<li><span style=\"font-weight: 400\">Du wirst dich wieder mit dir selbst verbinden und in Frieden mit dir selbst sein.<\/span><\/li>\n<li><span style=\"font-weight: 400\">Du wirst in der Lage sein, dich zu entspannen.<\/span><\/li>\n<li><span style=\"font-weight: 400\">Du wirst deine \u00c4ngste in den Griff bekommen.<\/span><\/li>\n<\/ul>\n<p><span style=\"font-weight: 400\">Du hast nur gute Gr\u00fcnde, dich f\u00fcr Gustav Klimts Kunstpuzzle &#8211; Garten mit Sonnenblumen zu entscheiden. Kaufe dieses 1000-teilige Puzzle jetzt und genie\u00dfe alle Vorteile deiner Leidenschaft f\u00fcr Puzzles <\/span><\/p>\n<p><span style=\"font-weight: 400\">Das 1000-teilige Gustav Klimt &#8211; Sonnenblumengarten Puzzle ist das perfekte Geschenk, wenn dir die Geschenkideen ausgehen oder du einen puzzlebegeisterten Freund \u00fcberraschen m\u00f6chtest.<\/span><\/p><\/p>\n","protected":false},"excerpt":{"rendered":"<p>F\u00fchlst du dich inspiriert? Wir fordern dich heraus, deine Liebe zum Detail und deine Geduld mit den erstaunlichsten 1000-teiligen Puzzles<\/p>\n","protected":false},"featured_media":35408,"template":"","meta":[],"product_brand":[],"product_cat":[1916,1875,1915],"product_tag":[],"class_list":{"0":"post-42058","1":"product","2":"type-product","3":"status-publish","4":"has-post-thumbnail","6":"product_cat-1000-teile-puzzle","7":"product_cat-puzzle-de","8":"product_cat-puzzlespiele-fur-erwachsene","9":"pa_bax-10-de","10":"pa_brand-d_toys-de","11":"pa_country_of_manufacture-ro-de","12":"pa_filter_age-14-de","13":"pa_painter-gustavklimt-de","14":"pa_tip_ambalaj-kasten-a4-de","15":"pa_tip_puzzle-klassisch","17":"first","18":"instock","19":"taxable","20":"shipping-taxable","21":"product-type-simple"},"yoast_head":"<!-- This site is optimized with the Yoast SEO plugin v20.1 - https:\/\/yoast.com\/wordpress\/plugins\/seo\/ -->\n<title>Gustav Klimt 1000 Teile Puzzle f\u00fcr Erwachsene - Bauerngarten mit Sonnenblumen<\/title>\n<meta name=\"description\" content=\"Gustav Klimt 1000 Teile Puzzle f\u00fcr Erwachsene - Bauerngarten mit Sonnenblumen\" \/>\n<meta name=\"robots\" content=\"index, follow, max-snippet:-1, max-image-preview:large, max-video-preview:-1\" \/>\n<link rel=\"canonical\" href=\"https:\/\/business.roovi.com\/de\/gustav-klimt-1000-teile-puzzle-fur-erwachsene-bauerngarten-mit-sonnenblumen\/p\/\" \/>\n<meta property=\"og:locale\" content=\"de_DE\" \/>\n<meta property=\"og:type\" content=\"article\" \/>\n<meta property=\"og:title\" content=\"Gustav Klimt 1000 Teile Puzzle f\u00fcr Erwachsene - Bauerngarten mit Sonnenblumen\" \/>\n<meta property=\"og:description\" content=\"Gustav Klimt 1000 Teile Puzzle f\u00fcr Erwachsene - Bauerngarten mit Sonnenblumen\" \/>\n<meta property=\"og:url\" content=\"https:\/\/business.roovi.com\/de\/gustav-klimt-1000-teile-puzzle-fur-erwachsene-bauerngarten-mit-sonnenblumen\/p\/\" \/>\n<meta property=\"og:site_name\" content=\"Roovi B2B\" \/>\n<meta property=\"article:publisher\" content=\"https:\/\/www.facebook.com\/wwwjucariero\" \/>\n<meta property=\"article:modified_time\" content=\"2022-07-06T18:44:14+00:00\" \/>\n<meta property=\"og:image\" content=\"https:\/\/business.roovi.com\/wp-content\/uploads\/2018\/04\/66923-8_ansamblu_dimensiuni_cutie_cm_1200x1200.png\" \/>\n\t<meta property=\"og:image:width\" content=\"1200\" \/>\n\t<meta property=\"og:image:height\" content=\"1200\" \/>\n\t<meta property=\"og:image:type\" content=\"image\/png\" \/>\n<meta name=\"twitter:label1\" content=\"Gesch\u00e4tzte Lesezeit\" \/>\n\t<meta name=\"twitter:data1\" content=\"3\u00a0Minuten\" \/>\n<script type=\"application\/ld+json\" class=\"yoast-schema-graph\">{\"@context\":\"https:\/\/schema.org\",\"@graph\":[{\"@type\":\"WebPage\",\"@id\":\"https:\/\/business.roovi.com\/de\/gustav-klimt-1000-teile-puzzle-fur-erwachsene-bauerngarten-mit-sonnenblumen\/p\/\",\"url\":\"https:\/\/business.roovi.com\/de\/gustav-klimt-1000-teile-puzzle-fur-erwachsene-bauerngarten-mit-sonnenblumen\/p\/\",\"name\":\"Gustav Klimt 1000 Teile Puzzle f\u00fcr Erwachsene - Bauerngarten mit Sonnenblumen\",\"isPartOf\":{\"@id\":\"https:\/\/business.roovi.com\/de\/#website\"},\"datePublished\":\"2018-04-16T10:56:17+00:00\",\"dateModified\":\"2022-07-06T18:44:14+00:00\",\"description\":\"Gustav Klimt 1000 Teile Puzzle f\u00fcr Erwachsene - Bauerngarten mit Sonnenblumen\",\"breadcrumb\":{\"@id\":\"https:\/\/business.roovi.com\/de\/gustav-klimt-1000-teile-puzzle-fur-erwachsene-bauerngarten-mit-sonnenblumen\/p\/#breadcrumb\"},\"inLanguage\":\"de\",\"potentialAction\":[{\"@type\":\"ReadAction\",\"target\":[\"https:\/\/business.roovi.com\/de\/gustav-klimt-1000-teile-puzzle-fur-erwachsene-bauerngarten-mit-sonnenblumen\/p\/\"]}]},{\"@type\":\"BreadcrumbList\",\"@id\":\"https:\/\/business.roovi.com\/de\/gustav-klimt-1000-teile-puzzle-fur-erwachsene-bauerngarten-mit-sonnenblumen\/p\/#breadcrumb\",\"itemListElement\":[{\"@type\":\"ListItem\",\"position\":1,\"name\":\"Home\",\"item\":\"https:\/\/business.roovi.com\/de\/\"},{\"@type\":\"ListItem\",\"position\":2,\"name\":\"Shop\",\"item\":\"https:\/\/business.roovi.com\/de\/shop\/\"},{\"@type\":\"ListItem\",\"position\":3,\"name\":\"Gustav Klimt 1000 Teile Puzzle f\u00fcr Erwachsene &#8211; Bauerngarten mit Sonnenblumen\"}]},{\"@type\":\"WebSite\",\"@id\":\"https:\/\/business.roovi.com\/de\/#website\",\"url\":\"https:\/\/business.roovi.com\/de\/\",\"name\":\"Roovi B2B\",\"description\":\"Roovi Business Website\",\"potentialAction\":[{\"@type\":\"SearchAction\",\"target\":{\"@type\":\"EntryPoint\",\"urlTemplate\":\"https:\/\/business.roovi.com\/de\/?s={search_term_string}\"},\"query-input\":\"required name=search_term_string\"}],\"inLanguage\":\"de\"}]}<\/script>\n<!-- \/ Yoast SEO plugin. -->","yoast_head_json":{"title":"Gustav Klimt 1000 Teile Puzzle f\u00fcr Erwachsene - Bauerngarten mit Sonnenblumen","description":"Gustav Klimt 1000 Teile Puzzle f\u00fcr Erwachsene - Bauerngarten mit Sonnenblumen","robots":{"index":"index","follow":"follow","max-snippet":"max-snippet:-1","max-image-preview":"max-image-preview:large","max-video-preview":"max-video-preview:-1"},"canonical":"https:\/\/business.roovi.com\/de\/gustav-klimt-1000-teile-puzzle-fur-erwachsene-bauerngarten-mit-sonnenblumen\/p\/","og_locale":"de_DE","og_type":"article","og_title":"Gustav Klimt 1000 Teile Puzzle f\u00fcr Erwachsene - Bauerngarten mit Sonnenblumen","og_description":"Gustav Klimt 1000 Teile Puzzle f\u00fcr Erwachsene - Bauerngarten mit Sonnenblumen","og_url":"https:\/\/business.roovi.com\/de\/gustav-klimt-1000-teile-puzzle-fur-erwachsene-bauerngarten-mit-sonnenblumen\/p\/","og_site_name":"Roovi B2B","article_publisher":"https:\/\/www.facebook.com\/wwwjucariero","article_modified_time":"2022-07-06T18:44:14+00:00","og_image":[{"width":1200,"height":1200,"url":"https:\/\/business.roovi.com\/wp-content\/uploads\/2018\/04\/66923-8_ansamblu_dimensiuni_cutie_cm_1200x1200.png","type":"image\/png"}],"twitter_misc":{"Gesch\u00e4tzte Lesezeit":"3\u00a0Minuten"},"schema":{"@context":"https:\/\/schema.org","@graph":[{"@type":"WebPage","@id":"https:\/\/business.roovi.com\/de\/gustav-klimt-1000-teile-puzzle-fur-erwachsene-bauerngarten-mit-sonnenblumen\/p\/","url":"https:\/\/business.roovi.com\/de\/gustav-klimt-1000-teile-puzzle-fur-erwachsene-bauerngarten-mit-sonnenblumen\/p\/","name":"Gustav Klimt 1000 Teile Puzzle f\u00fcr Erwachsene - Bauerngarten mit Sonnenblumen","isPartOf":{"@id":"https:\/\/business.roovi.com\/de\/#website"},"datePublished":"2018-04-16T10:56:17+00:00","dateModified":"2022-07-06T18:44:14+00:00","description":"Gustav Klimt 1000 Teile Puzzle f\u00fcr Erwachsene - Bauerngarten mit Sonnenblumen","breadcrumb":{"@id":"https:\/\/business.roovi.com\/de\/gustav-klimt-1000-teile-puzzle-fur-erwachsene-bauerngarten-mit-sonnenblumen\/p\/#breadcrumb"},"inLanguage":"de","potentialAction":[{"@type":"ReadAction","target":["https:\/\/business.roovi.com\/de\/gustav-klimt-1000-teile-puzzle-fur-erwachsene-bauerngarten-mit-sonnenblumen\/p\/"]}]},{"@type":"BreadcrumbList","@id":"https:\/\/business.roovi.com\/de\/gustav-klimt-1000-teile-puzzle-fur-erwachsene-bauerngarten-mit-sonnenblumen\/p\/#breadcrumb","itemListElement":[{"@type":"ListItem","position":1,"name":"Home","item":"https:\/\/business.roovi.com\/de\/"},{"@type":"ListItem","position":2,"name":"Shop","item":"https:\/\/business.roovi.com\/de\/shop\/"},{"@type":"ListItem","position":3,"name":"Gustav Klimt 1000 Teile Puzzle f\u00fcr Erwachsene &#8211; Bauerngarten mit Sonnenblumen"}]},{"@type":"WebSite","@id":"https:\/\/business.roovi.com\/de\/#website","url":"https:\/\/business.roovi.com\/de\/","name":"Roovi B2B","description":"Roovi Business Website","potentialAction":[{"@type":"SearchAction","target":{"@type":"EntryPoint","urlTemplate":"https:\/\/business.roovi.com\/de\/?s={search_term_string}"},"query-input":"required name=search_term_string"}],"inLanguage":"de"}]}},"_links":{"self":[{"href":"https:\/\/business.roovi.com\/de\/wp-json\/wp\/v2\/product\/42058","targetHints":{"allow":["GET"]}}],"collection":[{"href":"https:\/\/business.roovi.com\/de\/wp-json\/wp\/v2\/product"}],"about":[{"href":"https:\/\/business.roovi.com\/de\/wp-json\/wp\/v2\/types\/product"}],"version-history":[{"count":0,"href":"https:\/\/business.roovi.com\/de\/wp-json\/wp\/v2\/product\/42058\/revisions"}],"wp:featuredmedia":[{"embeddable":true,"href":"https:\/\/business.roovi.com\/de\/wp-json\/wp\/v2\/media\/35408"}],"wp:attachment":[{"href":"https:\/\/business.roovi.com\/de\/wp-json\/wp\/v2\/media?parent=42058"}],"wp:term":[{"taxonomy":"product_brand","embeddable":true,"href":"https:\/\/business.roovi.com\/de\/wp-json\/wp\/v2\/product_brand?post=42058"},{"taxonomy":"product_cat","embeddable":true,"href":"https:\/\/business.roovi.com\/de\/wp-json\/wp\/v2\/product_cat?post=42058"},{"taxonomy":"product_tag","embeddable":true,"href":"https:\/\/business.roovi.com\/de\/wp-json\/wp\/v2\/product_tag?post=42058"}],"curies":[{"name":"wp","href":"https:\/\/api.w.org\/{rel}","templated":true}]}}