{"id":42062,"date":"2018-04-16T10:56:17","date_gmt":"2018-04-16T10:56:17","guid":{"rendered":"https:\/\/business.roovi.com\/puzzle-adulti-1000-piese-gustav-klimt-farm-garden\/p\/"},"modified":"2022-07-06T18:44:23","modified_gmt":"2022-07-06T18:44:23","slug":"gustav-klimt-puzzle-adult-1000-piece-puzzle-farm-garden","status":"publish","type":"product","link":"https:\/\/business.roovi.com\/de\/gustav-klimt-puzzle-adult-1000-piece-puzzle-farm-garden\/p\/","title":{"rendered":"Gustav Klimt Puzzle &#8211; Adult 1000 piece puzzle &#8211; Farm Garden"},"content":{"rendered":"<p><span style=\"font-weight: 400\">Willkommen in der gr\u00f6\u00dften Kunstgalerie f\u00fcr 1000-teilige Puzzles! Hier kannst du Puzzles f\u00fcr Erwachsene mit Bildern der gro\u00dfen Gem\u00e4lde der Welt ausw\u00e4hlen. W\u00e4hle deine Lieblingspuzzles aus, rekonstruiere die kunstvollen Bilder und sei der Besitzer einiger Meisterwerke!<\/span><\/p>\n<p><span style=\"font-weight: 400\">Gustav Klimt &#8211; Bauerngarten 1000 Teile Puzzle strahlt Freude aus, deshalb empfehlen wir es dir, erwachsener Puzzle-Liebhaber, sehr! Eine Prise Fr\u00f6hlichkeit in Verbindung mit fast 30 Stunden Vergn\u00fcgen in der Gesellschaft dieses wunderbaren Kunstpuzzles ist das perfekte Rezept f\u00fcr entspannenden Spa\u00df in Momenten der Monotonie <\/span><\/p>\n<p><span style=\"font-weight: 400\">Das Gustav Klimt &#8211; Bauerngarten Kunstpuzzle ist aus hochwertigen Materialien gefertigt, die ihm zus\u00e4tzliche St\u00e4rke verleihen. Du kannst das Bild des ber\u00fchmten Gem\u00e4ldes so oft nachstellen, wie du willst, die Qualit\u00e4t des Gem\u00e4ldes wird jedes Mal perfekt sein. F\u00fcr den Zusammenbau kannst du einen normalen Couchtisch als St\u00e4nder verwenden, die Gr\u00f6\u00dfe des entstehenden Bildes betr\u00e4gt 50 x 70 cm.<\/span><\/p>\n<p><span style=\"font-weight: 400\">Lies unten mehr \u00fcber das 1000-teilige Gustav Klimt &#8211; Bauerngarten-Puzzle:<\/span><\/p>\n<p><strong>Puzzle-Material <\/strong><\/p>\n<p><strong>hochwertiger blauer Karton<\/strong><\/p>\n<p><strong>nachhaltige, recycelbare Materialien<\/strong><\/p>\n<p><strong>halbgl\u00e4nzende Oberfl\u00e4che, leuchtende Farben<\/strong><\/p>\n<p><strong>Anzahl der Puzzleteile: 1000<\/strong><\/p>\n<p><strong>Empfohlenes Alter: 14+<\/strong><\/p>\n<p><strong>1000 Teile Puzzles: ein gesundes Hobby<\/strong><\/p>\n<p><span style=\"font-weight: 400\">R\u00e4tselspiele machen nicht nur Spa\u00df und entspannen, sie sind auch gut f\u00fcr deine Gesundheit. Hier ist der Grund daf\u00fcr:<\/span><\/p>\n<p><strong>Stress abbauen<\/strong><span style=\"font-weight: 400\"> und tr\u00e4gt so dazu bei, den Blutdruck zu normalisieren und das Herzsystem optimal funktionieren zu lassen.<\/span><\/p>\n<p><strong>\u00c4ngste abbauen <\/strong><span style=\"font-weight: 400\">&#8211; f\u00fcr diejenigen, die diese negativen Zust\u00e4nde erleben, sind Puzzlespiele eine gro\u00dfe Hilfe, um sie zu \u00fcberwinden.<\/span><\/p>\n<p><strong>Hilft bei Schlaflosigkeit &#8211; <\/strong><span style=\"font-weight: 400\">Wenn Stress und Sorgen dich wach halten, vervollst\u00e4ndige das 1000-Teile-Puzzle jeden Tag vor dem Schlafengehen und dein Geist wird zur Ruhe kommen und dein Schlaf wird friedlich sein.<\/span><\/p>\n<p><strong>Verbessere deine Stimmung <\/strong><span style=\"font-weight: 400\">&#8211; bei Puzzlespielen sch\u00fcttet dein Gehirn mehr Dopamin aus, einen Neurotransmitter, der daf\u00fcr verantwortlich ist, sich gut, optimistisch und gl\u00fccklich zu f\u00fchlen. Deshalb macht das Puzzeln auch so viel Spa\u00df.<\/span><\/p>\n<p><strong>6 Kuriosit\u00e4ten \u00fcber Gustav Klimt, die du kennen solltest<\/strong><\/p>\n<p><span style=\"font-weight: 400\">1. Der K\u00fcnstler war nie verheiratet, hatte aber 14 uneheliche Kinder.<\/span><\/p>\n<p><span style=\"font-weight: 400\">2. Seine Lieblingsmuse war Emilie Louise Fl\u00f6ge, mit der er eine lange, aber keusche Beziehung gehabt haben soll.<\/span><\/p>\n<p><span style=\"font-weight: 400\">3. Er erlebte auch eine goldene Phase seiner k\u00fcnstlerischen Karriere, in der seine bekanntesten Werke entstanden <\/span><em><span style=\"font-weight: 400\">Portr\u00e4t <\/span><\/em><em><span style=\"font-weight: 400\">Adele Bloch-Bauer I<\/span><\/em> <span style=\"font-weight: 400\">und <\/span><em><span style=\"font-weight: 400\">Der Kuss.<\/span><\/em><\/p>\n<p><span style=\"font-weight: 400\">4. Sie hat ihr Selbstportr\u00e4t nie gemalt.<\/span><\/p>\n<p><span style=\"font-weight: 400\">5. Er wurde ausgew\u00e4hlt, die Decke der Gro\u00dfen Aula der Universit\u00e4t Wien zu malen, wurde aber der Pornografie bezichtigt, da das Werk bei den Kritikern nicht gut ankam.<\/span><\/p>\n<p><span style=\"font-weight: 400\">6. Viele seiner Werke wurden von den Nazis verbrannt.<\/span><\/p>\n<p><strong>Kunstr\u00e4tsel entf\u00fchren dich in eine faszinierende Welt<\/strong><\/p>\n<p><span style=\"font-weight: 400\">Wenn du ein erwachsener R\u00e4tselfreund bist, werden dich die Kunstr\u00e4tsel sicher verzaubern. Und wenn du es nicht bist, dann werden dich die Kunstr\u00e4tsel dazu bringen! Neben dem Spa\u00df und der Entspannung wecken Kunstr\u00e4tsel deine Neugierde f\u00fcr ein faszinierendes Gebiet: die Malerei. Jedes ber\u00fchmte Gem\u00e4lde hat eine Geschichte, die sich dir offenbart, wenn du es ansiehst, oder ist ein R\u00e4tsel, das du l\u00f6sen willst. Lass dich also in die faszinierende Welt der Kunstr\u00e4tsel entf\u00fchren und genie\u00dfe das einzigartige Erlebnis, die Meisterwerke der Welt zusammenzusetzen.<\/span><\/p>\n<p><span style=\"font-weight: 400\">Kaufe jetzt das 1000-Teile-Puzzle Gustav Klimt &#8211; Bauerngarten, stelle das Bild in diesem wunderbaren Kunstpuzzle nach und lass dich von der Freude an einem ber\u00fchmten Werk mitrei\u00dfen! Trainiere deine Kinder, Gro\u00dfeltern oder Freunde mit dieser entspannenden Aktivit\u00e4t und verbringe unvergessliche Momente beim Zusammensetzen des Gustav Klimt &#8211; Bauerngarten Kunstpuzzles.<\/span><\/p>\n<p><span style=\"font-weight: 400\">Wenn du einem lieben Menschen ein besonderes Geschenk machen willst, ist das 1000-teilige Gustav Klimt &#8211; Bauerngarten-Puzzle aus der Kunstpuzzle-Kollektion die perfekte Wahl.<\/span><\/p><\/p>\n","protected":false},"excerpt":{"rendered":"<p>Willkommen in der gr\u00f6\u00dften Kunstgalerie f\u00fcr 1000-teilige Puzzles! Hier kannst du Puzzles f\u00fcr Erwachsene mit Bildern der gro\u00dfen Gem\u00e4lde der<\/p>\n","protected":false},"featured_media":35422,"template":"","meta":[],"product_brand":[],"product_cat":[1916,1875,1915],"product_tag":[],"class_list":{"0":"post-42062","1":"product","2":"type-product","3":"status-publish","4":"has-post-thumbnail","6":"product_cat-1000-teile-puzzle","7":"product_cat-puzzle-de","8":"product_cat-puzzlespiele-fur-erwachsene","9":"pa_bax-10-de","10":"pa_brand-d_toys-de","11":"pa_country_of_manufacture-ro-de","12":"pa_filter_age-14-de","13":"pa_painter-gustavklimt-de","14":"pa_tip_ambalaj-kasten-a4-de","15":"pa_tip_puzzle-klassisch","17":"first","18":"instock","19":"taxable","20":"shipping-taxable","21":"product-type-simple"},"yoast_head":"<!-- This site is optimized with the Yoast SEO plugin v20.1 - https:\/\/yoast.com\/wordpress\/plugins\/seo\/ -->\n<title>Gustav Klimt Puzzle - Adult 1000 piece puzzle - Farm Garden<\/title>\n<meta name=\"description\" content=\"Gustav Klimt Puzzle - Adult 1000 piece puzzle - Farm Garden\" \/>\n<meta name=\"robots\" content=\"index, follow, max-snippet:-1, max-image-preview:large, max-video-preview:-1\" \/>\n<link rel=\"canonical\" href=\"https:\/\/business.roovi.com\/de\/gustav-klimt-puzzle-adult-1000-piece-puzzle-farm-garden\/p\/\" \/>\n<meta property=\"og:locale\" content=\"de_DE\" \/>\n<meta property=\"og:type\" content=\"article\" \/>\n<meta property=\"og:title\" content=\"Gustav Klimt Puzzle - Adult 1000 piece puzzle - Farm Garden\" \/>\n<meta property=\"og:description\" content=\"Gustav Klimt Puzzle - Adult 1000 piece puzzle - Farm Garden\" \/>\n<meta property=\"og:url\" content=\"https:\/\/business.roovi.com\/de\/gustav-klimt-puzzle-adult-1000-piece-puzzle-farm-garden\/p\/\" \/>\n<meta property=\"og:site_name\" content=\"Roovi B2B\" \/>\n<meta property=\"article:publisher\" content=\"https:\/\/www.facebook.com\/wwwjucariero\" \/>\n<meta property=\"article:modified_time\" content=\"2022-07-06T18:44:23+00:00\" \/>\n<meta property=\"og:image\" content=\"https:\/\/business.roovi.com\/wp-content\/uploads\/2018\/04\/66923-09_ansamblu_dimensiuni_cutie_cm_1200x1200.png\" \/>\n\t<meta property=\"og:image:width\" content=\"1200\" \/>\n\t<meta property=\"og:image:height\" content=\"1200\" \/>\n\t<meta property=\"og:image:type\" content=\"image\/png\" \/>\n<meta name=\"twitter:label1\" content=\"Gesch\u00e4tzte Lesezeit\" \/>\n\t<meta name=\"twitter:data1\" content=\"3\u00a0Minuten\" \/>\n<script type=\"application\/ld+json\" class=\"yoast-schema-graph\">{\"@context\":\"https:\/\/schema.org\",\"@graph\":[{\"@type\":\"WebPage\",\"@id\":\"https:\/\/business.roovi.com\/de\/gustav-klimt-puzzle-adult-1000-piece-puzzle-farm-garden\/p\/\",\"url\":\"https:\/\/business.roovi.com\/de\/gustav-klimt-puzzle-adult-1000-piece-puzzle-farm-garden\/p\/\",\"name\":\"Gustav Klimt Puzzle - Adult 1000 piece puzzle - Farm Garden\",\"isPartOf\":{\"@id\":\"https:\/\/business.roovi.com\/de\/#website\"},\"datePublished\":\"2018-04-16T10:56:17+00:00\",\"dateModified\":\"2022-07-06T18:44:23+00:00\",\"description\":\"Gustav Klimt Puzzle - Adult 1000 piece puzzle - Farm Garden\",\"breadcrumb\":{\"@id\":\"https:\/\/business.roovi.com\/de\/gustav-klimt-puzzle-adult-1000-piece-puzzle-farm-garden\/p\/#breadcrumb\"},\"inLanguage\":\"de\",\"potentialAction\":[{\"@type\":\"ReadAction\",\"target\":[\"https:\/\/business.roovi.com\/de\/gustav-klimt-puzzle-adult-1000-piece-puzzle-farm-garden\/p\/\"]}]},{\"@type\":\"BreadcrumbList\",\"@id\":\"https:\/\/business.roovi.com\/de\/gustav-klimt-puzzle-adult-1000-piece-puzzle-farm-garden\/p\/#breadcrumb\",\"itemListElement\":[{\"@type\":\"ListItem\",\"position\":1,\"name\":\"Home\",\"item\":\"https:\/\/business.roovi.com\/de\/\"},{\"@type\":\"ListItem\",\"position\":2,\"name\":\"Shop\",\"item\":\"https:\/\/business.roovi.com\/de\/shop\/\"},{\"@type\":\"ListItem\",\"position\":3,\"name\":\"Gustav Klimt Puzzle &#8211; Adult 1000 piece puzzle &#8211; Farm Garden\"}]},{\"@type\":\"WebSite\",\"@id\":\"https:\/\/business.roovi.com\/de\/#website\",\"url\":\"https:\/\/business.roovi.com\/de\/\",\"name\":\"Roovi B2B\",\"description\":\"Roovi Business Website\",\"potentialAction\":[{\"@type\":\"SearchAction\",\"target\":{\"@type\":\"EntryPoint\",\"urlTemplate\":\"https:\/\/business.roovi.com\/de\/?s={search_term_string}\"},\"query-input\":\"required name=search_term_string\"}],\"inLanguage\":\"de\"}]}<\/script>\n<!-- \/ Yoast SEO plugin. -->","yoast_head_json":{"title":"Gustav Klimt Puzzle - Adult 1000 piece puzzle - Farm Garden","description":"Gustav Klimt Puzzle - Adult 1000 piece puzzle - Farm Garden","robots":{"index":"index","follow":"follow","max-snippet":"max-snippet:-1","max-image-preview":"max-image-preview:large","max-video-preview":"max-video-preview:-1"},"canonical":"https:\/\/business.roovi.com\/de\/gustav-klimt-puzzle-adult-1000-piece-puzzle-farm-garden\/p\/","og_locale":"de_DE","og_type":"article","og_title":"Gustav Klimt Puzzle - Adult 1000 piece puzzle - Farm Garden","og_description":"Gustav Klimt Puzzle - Adult 1000 piece puzzle - Farm Garden","og_url":"https:\/\/business.roovi.com\/de\/gustav-klimt-puzzle-adult-1000-piece-puzzle-farm-garden\/p\/","og_site_name":"Roovi B2B","article_publisher":"https:\/\/www.facebook.com\/wwwjucariero","article_modified_time":"2022-07-06T18:44:23+00:00","og_image":[{"width":1200,"height":1200,"url":"https:\/\/business.roovi.com\/wp-content\/uploads\/2018\/04\/66923-09_ansamblu_dimensiuni_cutie_cm_1200x1200.png","type":"image\/png"}],"twitter_misc":{"Gesch\u00e4tzte Lesezeit":"3\u00a0Minuten"},"schema":{"@context":"https:\/\/schema.org","@graph":[{"@type":"WebPage","@id":"https:\/\/business.roovi.com\/de\/gustav-klimt-puzzle-adult-1000-piece-puzzle-farm-garden\/p\/","url":"https:\/\/business.roovi.com\/de\/gustav-klimt-puzzle-adult-1000-piece-puzzle-farm-garden\/p\/","name":"Gustav Klimt Puzzle - Adult 1000 piece puzzle - Farm Garden","isPartOf":{"@id":"https:\/\/business.roovi.com\/de\/#website"},"datePublished":"2018-04-16T10:56:17+00:00","dateModified":"2022-07-06T18:44:23+00:00","description":"Gustav Klimt Puzzle - Adult 1000 piece puzzle - Farm Garden","breadcrumb":{"@id":"https:\/\/business.roovi.com\/de\/gustav-klimt-puzzle-adult-1000-piece-puzzle-farm-garden\/p\/#breadcrumb"},"inLanguage":"de","potentialAction":[{"@type":"ReadAction","target":["https:\/\/business.roovi.com\/de\/gustav-klimt-puzzle-adult-1000-piece-puzzle-farm-garden\/p\/"]}]},{"@type":"BreadcrumbList","@id":"https:\/\/business.roovi.com\/de\/gustav-klimt-puzzle-adult-1000-piece-puzzle-farm-garden\/p\/#breadcrumb","itemListElement":[{"@type":"ListItem","position":1,"name":"Home","item":"https:\/\/business.roovi.com\/de\/"},{"@type":"ListItem","position":2,"name":"Shop","item":"https:\/\/business.roovi.com\/de\/shop\/"},{"@type":"ListItem","position":3,"name":"Gustav Klimt Puzzle &#8211; Adult 1000 piece puzzle &#8211; Farm Garden"}]},{"@type":"WebSite","@id":"https:\/\/business.roovi.com\/de\/#website","url":"https:\/\/business.roovi.com\/de\/","name":"Roovi B2B","description":"Roovi Business Website","potentialAction":[{"@type":"SearchAction","target":{"@type":"EntryPoint","urlTemplate":"https:\/\/business.roovi.com\/de\/?s={search_term_string}"},"query-input":"required name=search_term_string"}],"inLanguage":"de"}]}},"_links":{"self":[{"href":"https:\/\/business.roovi.com\/de\/wp-json\/wp\/v2\/product\/42062","targetHints":{"allow":["GET"]}}],"collection":[{"href":"https:\/\/business.roovi.com\/de\/wp-json\/wp\/v2\/product"}],"about":[{"href":"https:\/\/business.roovi.com\/de\/wp-json\/wp\/v2\/types\/product"}],"version-history":[{"count":0,"href":"https:\/\/business.roovi.com\/de\/wp-json\/wp\/v2\/product\/42062\/revisions"}],"wp:featuredmedia":[{"embeddable":true,"href":"https:\/\/business.roovi.com\/de\/wp-json\/wp\/v2\/media\/35422"}],"wp:attachment":[{"href":"https:\/\/business.roovi.com\/de\/wp-json\/wp\/v2\/media?parent=42062"}],"wp:term":[{"taxonomy":"product_brand","embeddable":true,"href":"https:\/\/business.roovi.com\/de\/wp-json\/wp\/v2\/product_brand?post=42062"},{"taxonomy":"product_cat","embeddable":true,"href":"https:\/\/business.roovi.com\/de\/wp-json\/wp\/v2\/product_cat?post=42062"},{"taxonomy":"product_tag","embeddable":true,"href":"https:\/\/business.roovi.com\/de\/wp-json\/wp\/v2\/product_tag?post=42062"}],"curies":[{"name":"wp","href":"https:\/\/api.w.org\/{rel}","templated":true}]}}