{"id":42066,"date":"2018-04-16T10:56:17","date_gmt":"2018-04-16T10:56:17","guid":{"rendered":"https:\/\/business.roovi.com\/puzzle-adulti-1000-piese-edvard-munch-ashes-cenusa\/p\/"},"modified":"2023-02-21T08:21:36","modified_gmt":"2023-02-21T08:21:36","slug":"1000-teile-edvard-munch-puzzle-fur-erwachsene-asche","status":"publish","type":"product","link":"https:\/\/business.roovi.com\/de\/1000-teile-edvard-munch-puzzle-fur-erwachsene-asche\/p\/","title":{"rendered":"1000 Teile Edvard Munch Puzzle f\u00fcr Erwachsene &#8211; Asche"},"content":{"rendered":"<p><span style=\"font-weight: 400;\">Du suchst nach einer Anti-Stress-Aktivit\u00e4t? Setze 1000 Teile aus unserer Kunstpuzzle-Kollektion zusammen und genie\u00dfe viele Stunden entspannten Spa\u00df! Sammle die entstandenen Bilder und erstelle deine eigene Kunstgalerie mit Puzzles f\u00fcr Erwachsene.<\/span><\/p>\n<p><span style=\"font-weight: 400;\">Edvard Munch 1000 Piece Puzzle &#8211; Ashes gibt dir die Freiheit, das Bild so zu interpretieren, wie du es m\u00f6chtest. K\u00f6nnte es das Ende einer Liebesbeziehung sein, die Unzul\u00e4nglichkeit des Menschen beim sexuellen Akt oder vielleicht der biblische Sturz des Menschen in die Scham? <\/span><\/p>\n<p><span style=\"font-weight: 400;\">Wenn du das Bild aus dem 1000-Teile-Puzzle \u00fcberarbeitest, entdeckst du vielleicht eine andere Symbolik. Wir k\u00f6nnen dir mit Sicherheit sagen, dass das Kunstwerk deine Sinne erfreuen und dein Zuhause versch\u00f6nern wird.<\/span><\/p>\n<p><span style=\"font-weight: 400;\">Setz dich gem\u00fctlich vor deinen Couchtisch im Wohnzimmer und beginne mit der Arbeit an deinem ersten Gem\u00e4lde von Edvard Munchs Bild. Das rekonstruierte Bild ist 50 x 70 cm gro\u00df. Lies unten mehr \u00fcber das Edvard Munch &#8211; Asche Kunstr\u00e4tsel:<\/span><\/p>\n<p><strong>Puzzle-Material <\/strong><\/p>\n<p><strong>hochwertiger blauer Karton<\/strong><\/p>\n<p><strong>nachhaltige, recycelbare Materialien<\/strong><\/p>\n<p><strong>halbgl\u00e4nzende Oberfl\u00e4che, leuchtende Farben<\/strong><\/p>\n<p><strong>Anzahl der Puzzleteile: 1000<\/strong><\/p>\n<p><strong>Empfohlenes Alter: 14+<\/strong><\/p>\n<p><strong>Welche Vorteile bieten dir Puzzlespiele?<\/strong><\/p>\n<p><span style=\"font-weight: 400;\">Setze 1000 Teile an tr\u00fcben Winternachmittagen oder an Wochenendtagen zusammen, wenn das regnerische Wetter dich im Haus h\u00e4lt. Du wirst viele Vorteile genie\u00dfen, die du nie erwartet h\u00e4ttest. Hier sind einige von ihnen:<\/span><\/p>\n<p><span style=\"font-weight: 400;\">Sie bringen dir Optimismus und gute Laune.<\/span><\/p>\n<p><span style=\"font-weight: 400;\">Es verbindet dich mit deinen Lieben, wenn du das 1000-Teile-Puzzlebild mit ihnen nachgestaltest.<\/span><\/p>\n<p><span style=\"font-weight: 400;\">Es hilft dir, aufmerksamer f\u00fcr Details zu werden und dich besser zu konzentrieren.<\/span><\/p>\n<p><span style=\"font-weight: 400;\">Sie verbessern dein Kurzzeitged\u00e4chtnis.<\/span><\/p>\n<p><span style=\"font-weight: 400;\">Sie lehren dich, nicht aufzugeben, auch wenn es unm\u00f6glich erscheint.<\/span><\/p>\n<p><strong>5 Kuriosit\u00e4ten \u00fcber Edvard Munch<\/strong><\/p>\n<p><span style=\"font-weight: 400;\">Er kann als Pionier des Selfies betrachtet werden. Als leidenschaftlicher Fotograf machte er oft Bilder von sich selbst, sowohl bekleidet als auch&#8230; nackt.<\/span><\/p>\n<p><span style=\"font-weight: 400;\">Nach einem Streit mit seiner Freundin schoss er sich in die Hand und lie\u00df sich einen Finger amputieren. Er verweigerte die Narkose w\u00e4hrend der Operation, damit er die Szene sp\u00e4ter malen konnte.<\/span><\/p>\n<p><span style=\"font-weight: 400;\">Er wollte sein ber\u00fchmtes Gem\u00e4lde <\/span><em><span style=\"font-weight: 400;\">Das kranke Kind <\/span><\/em><span style=\"font-weight: 400;\">im Tausch gegen 100 Steaks.<\/span><\/p>\n<p><span style=\"font-weight: 400;\">Er litt unter Depressionen und lie\u00df sich in einer Klinik in Kopenhagen behandeln. Nach dieser Episode \u00e4nderte sich seine Art zu malen radikal und er wandte sich in seiner Arbeit optimistischeren Themen zu.<\/span><\/p>\n<p><span style=\"font-weight: 400;\">1933 betrachteten die Nazis ihn als entarteten K\u00fcnstler und entfernten seine Werke aus den Museen in ganz Deutschland.<\/span><\/p>\n<p><strong>Kunstr\u00e4tsel und die F\u00e4higkeiten, die sie entwickeln<\/strong><\/p>\n<p><span style=\"font-weight: 400;\">Kunstr\u00e4tsel helfen dir, dich zu entspannen und bieten unz\u00e4hlige M\u00f6glichkeiten zur Entfaltung. Wenn du noch nicht viel \u00fcber Kunstwerke wusstest, wirst du nach der Rekonstruktion des 1000-teiligen Puzzles sicher Lust auf ber\u00fchmte Gem\u00e4lde bekommen <\/span><em><span style=\"font-weight: 400;\">Asche<\/span><\/em><span style=\"font-weight: 400;\">. Es ist wunderbar, k\u00fcnstlerische Symbolik zu entdecken, und wenn das Gem\u00e4lde dir die Freiheit gibt, dir die Geschichte dahinter vorzustellen, ist das wirklich faszinierend.<\/span><\/p>\n<p><span style=\"font-weight: 400;\">Und wenn du ein Kunstpuzzle fertiggestellt hast, kannst du das Bild einrahmen und an einer Wand in deinem Zuhause aufh\u00e4ngen. Du wirst f\u00fcr immer ein Zeugnis f\u00fcr deine sorgf\u00e4ltige Arbeit und deine Leidenschaft f\u00fcr Farben behalten.<\/span><\/p>\n<p><span style=\"font-weight: 400;\">Kaufe jetzt das Edvard Munch &#8211; Ashes 1000 Teile Puzzle und erlebe eine entspannende und kreative Besch\u00e4ftigung. Setze das Bild in diesem Kunstpuzzle mit deiner Gruppe von Freunden zusammen und verbringt eine sch\u00f6ne Zeit miteinander. Edvard Munch &#8211; Ashes 1000 Piece Puzzle ist das ideale Geschenk f\u00fcr alle, die sich f\u00fcr Puzzlespiele begeistern. <\/span><\/p>\n","protected":false},"excerpt":{"rendered":"<p>Du suchst nach einer Anti-Stress-Aktivit\u00e4t? Setze 1000 Teile aus unserer Kunstpuzzle-Kollektion zusammen und genie\u00dfe viele Stunden entspannten Spa\u00df! Sammle die<\/p>\n","protected":false},"featured_media":63490,"template":"","meta":[],"product_brand":[],"product_cat":[1916,1875,1915],"product_tag":[],"class_list":{"0":"post-42066","1":"product","2":"type-product","3":"status-publish","4":"has-post-thumbnail","6":"product_cat-1000-teile-puzzle","7":"product_cat-puzzle-de","8":"product_cat-puzzlespiele-fur-erwachsene","9":"pa_bax-10-de","10":"pa_brand-d_toys-de","11":"pa_country_of_manufacture-ro-de","12":"pa_filter_age-14-de","13":"pa_painter-edvard-munch","14":"pa_tip_ambalaj-kasten-a4-de","15":"pa_tip_puzzle-klassisch","17":"first","18":"instock","19":"taxable","20":"shipping-taxable","21":"product-type-simple"},"yoast_head":"<!-- This site is optimized with the Yoast SEO plugin v20.1 - https:\/\/yoast.com\/wordpress\/plugins\/seo\/ -->\n<title>1000 Teile Edvard Munch Puzzle f\u00fcr Erwachsene - Asche<\/title>\n<meta name=\"description\" content=\"1000 Teile Edvard Munch Puzzle f\u00fcr Erwachsene - Asche\" \/>\n<meta name=\"robots\" content=\"index, follow, max-snippet:-1, max-image-preview:large, max-video-preview:-1\" \/>\n<link rel=\"canonical\" href=\"https:\/\/business.roovi.com\/de\/1000-teile-edvard-munch-puzzle-fur-erwachsene-asche\/p\/\" \/>\n<meta property=\"og:locale\" content=\"de_DE\" \/>\n<meta property=\"og:type\" content=\"article\" \/>\n<meta property=\"og:title\" content=\"1000 Teile Edvard Munch Puzzle f\u00fcr Erwachsene - Asche\" \/>\n<meta property=\"og:description\" content=\"1000 Teile Edvard Munch Puzzle f\u00fcr Erwachsene - Asche\" \/>\n<meta property=\"og:url\" content=\"https:\/\/business.roovi.com\/de\/1000-teile-edvard-munch-puzzle-fur-erwachsene-asche\/p\/\" \/>\n<meta property=\"og:site_name\" content=\"Roovi B2B\" \/>\n<meta property=\"article:publisher\" content=\"https:\/\/www.facebook.com\/wwwjucariero\" \/>\n<meta property=\"article:modified_time\" content=\"2023-02-21T08:21:36+00:00\" \/>\n<meta property=\"og:image\" content=\"https:\/\/business.roovi.com\/wp-content\/uploads\/2018\/04\/72832-MU-02-WEB.jpg\" \/>\n\t<meta property=\"og:image:width\" content=\"1200\" \/>\n\t<meta property=\"og:image:height\" content=\"1200\" \/>\n\t<meta property=\"og:image:type\" content=\"image\/jpeg\" \/>\n<meta name=\"twitter:label1\" content=\"Gesch\u00e4tzte Lesezeit\" \/>\n\t<meta name=\"twitter:data1\" content=\"3\u00a0Minuten\" \/>\n<script type=\"application\/ld+json\" class=\"yoast-schema-graph\">{\"@context\":\"https:\/\/schema.org\",\"@graph\":[{\"@type\":\"WebPage\",\"@id\":\"https:\/\/business.roovi.com\/de\/1000-teile-edvard-munch-puzzle-fur-erwachsene-asche\/p\/\",\"url\":\"https:\/\/business.roovi.com\/de\/1000-teile-edvard-munch-puzzle-fur-erwachsene-asche\/p\/\",\"name\":\"1000 Teile Edvard Munch Puzzle f\u00fcr Erwachsene - Asche\",\"isPartOf\":{\"@id\":\"https:\/\/business.roovi.com\/de\/#website\"},\"datePublished\":\"2018-04-16T10:56:17+00:00\",\"dateModified\":\"2023-02-21T08:21:36+00:00\",\"description\":\"1000 Teile Edvard Munch Puzzle f\u00fcr Erwachsene - Asche\",\"breadcrumb\":{\"@id\":\"https:\/\/business.roovi.com\/de\/1000-teile-edvard-munch-puzzle-fur-erwachsene-asche\/p\/#breadcrumb\"},\"inLanguage\":\"de\",\"potentialAction\":[{\"@type\":\"ReadAction\",\"target\":[\"https:\/\/business.roovi.com\/de\/1000-teile-edvard-munch-puzzle-fur-erwachsene-asche\/p\/\"]}]},{\"@type\":\"BreadcrumbList\",\"@id\":\"https:\/\/business.roovi.com\/de\/1000-teile-edvard-munch-puzzle-fur-erwachsene-asche\/p\/#breadcrumb\",\"itemListElement\":[{\"@type\":\"ListItem\",\"position\":1,\"name\":\"Home\",\"item\":\"https:\/\/business.roovi.com\/de\/\"},{\"@type\":\"ListItem\",\"position\":2,\"name\":\"Shop\",\"item\":\"https:\/\/business.roovi.com\/de\/shop\/\"},{\"@type\":\"ListItem\",\"position\":3,\"name\":\"1000 Teile Edvard Munch Puzzle f\u00fcr Erwachsene &#8211; Asche\"}]},{\"@type\":\"WebSite\",\"@id\":\"https:\/\/business.roovi.com\/de\/#website\",\"url\":\"https:\/\/business.roovi.com\/de\/\",\"name\":\"Roovi B2B\",\"description\":\"Roovi Business Website\",\"potentialAction\":[{\"@type\":\"SearchAction\",\"target\":{\"@type\":\"EntryPoint\",\"urlTemplate\":\"https:\/\/business.roovi.com\/de\/?s={search_term_string}\"},\"query-input\":\"required name=search_term_string\"}],\"inLanguage\":\"de\"}]}<\/script>\n<!-- \/ Yoast SEO plugin. -->","yoast_head_json":{"title":"1000 Teile Edvard Munch Puzzle f\u00fcr Erwachsene - Asche","description":"1000 Teile Edvard Munch Puzzle f\u00fcr Erwachsene - Asche","robots":{"index":"index","follow":"follow","max-snippet":"max-snippet:-1","max-image-preview":"max-image-preview:large","max-video-preview":"max-video-preview:-1"},"canonical":"https:\/\/business.roovi.com\/de\/1000-teile-edvard-munch-puzzle-fur-erwachsene-asche\/p\/","og_locale":"de_DE","og_type":"article","og_title":"1000 Teile Edvard Munch Puzzle f\u00fcr Erwachsene - Asche","og_description":"1000 Teile Edvard Munch Puzzle f\u00fcr Erwachsene - Asche","og_url":"https:\/\/business.roovi.com\/de\/1000-teile-edvard-munch-puzzle-fur-erwachsene-asche\/p\/","og_site_name":"Roovi B2B","article_publisher":"https:\/\/www.facebook.com\/wwwjucariero","article_modified_time":"2023-02-21T08:21:36+00:00","og_image":[{"width":1200,"height":1200,"url":"https:\/\/business.roovi.com\/wp-content\/uploads\/2018\/04\/72832-MU-02-WEB.jpg","type":"image\/jpeg"}],"twitter_misc":{"Gesch\u00e4tzte Lesezeit":"3\u00a0Minuten"},"schema":{"@context":"https:\/\/schema.org","@graph":[{"@type":"WebPage","@id":"https:\/\/business.roovi.com\/de\/1000-teile-edvard-munch-puzzle-fur-erwachsene-asche\/p\/","url":"https:\/\/business.roovi.com\/de\/1000-teile-edvard-munch-puzzle-fur-erwachsene-asche\/p\/","name":"1000 Teile Edvard Munch Puzzle f\u00fcr Erwachsene - Asche","isPartOf":{"@id":"https:\/\/business.roovi.com\/de\/#website"},"datePublished":"2018-04-16T10:56:17+00:00","dateModified":"2023-02-21T08:21:36+00:00","description":"1000 Teile Edvard Munch Puzzle f\u00fcr Erwachsene - Asche","breadcrumb":{"@id":"https:\/\/business.roovi.com\/de\/1000-teile-edvard-munch-puzzle-fur-erwachsene-asche\/p\/#breadcrumb"},"inLanguage":"de","potentialAction":[{"@type":"ReadAction","target":["https:\/\/business.roovi.com\/de\/1000-teile-edvard-munch-puzzle-fur-erwachsene-asche\/p\/"]}]},{"@type":"BreadcrumbList","@id":"https:\/\/business.roovi.com\/de\/1000-teile-edvard-munch-puzzle-fur-erwachsene-asche\/p\/#breadcrumb","itemListElement":[{"@type":"ListItem","position":1,"name":"Home","item":"https:\/\/business.roovi.com\/de\/"},{"@type":"ListItem","position":2,"name":"Shop","item":"https:\/\/business.roovi.com\/de\/shop\/"},{"@type":"ListItem","position":3,"name":"1000 Teile Edvard Munch Puzzle f\u00fcr Erwachsene &#8211; Asche"}]},{"@type":"WebSite","@id":"https:\/\/business.roovi.com\/de\/#website","url":"https:\/\/business.roovi.com\/de\/","name":"Roovi B2B","description":"Roovi Business Website","potentialAction":[{"@type":"SearchAction","target":{"@type":"EntryPoint","urlTemplate":"https:\/\/business.roovi.com\/de\/?s={search_term_string}"},"query-input":"required name=search_term_string"}],"inLanguage":"de"}]}},"_links":{"self":[{"href":"https:\/\/business.roovi.com\/de\/wp-json\/wp\/v2\/product\/42066","targetHints":{"allow":["GET"]}}],"collection":[{"href":"https:\/\/business.roovi.com\/de\/wp-json\/wp\/v2\/product"}],"about":[{"href":"https:\/\/business.roovi.com\/de\/wp-json\/wp\/v2\/types\/product"}],"version-history":[{"count":0,"href":"https:\/\/business.roovi.com\/de\/wp-json\/wp\/v2\/product\/42066\/revisions"}],"wp:featuredmedia":[{"embeddable":true,"href":"https:\/\/business.roovi.com\/de\/wp-json\/wp\/v2\/media\/63490"}],"wp:attachment":[{"href":"https:\/\/business.roovi.com\/de\/wp-json\/wp\/v2\/media?parent=42066"}],"wp:term":[{"taxonomy":"product_brand","embeddable":true,"href":"https:\/\/business.roovi.com\/de\/wp-json\/wp\/v2\/product_brand?post=42066"},{"taxonomy":"product_cat","embeddable":true,"href":"https:\/\/business.roovi.com\/de\/wp-json\/wp\/v2\/product_cat?post=42066"},{"taxonomy":"product_tag","embeddable":true,"href":"https:\/\/business.roovi.com\/de\/wp-json\/wp\/v2\/product_tag?post=42066"}],"curies":[{"name":"wp","href":"https:\/\/api.w.org\/{rel}","templated":true}]}}