{"id":42070,"date":"2018-04-16T10:56:17","date_gmt":"2018-04-16T10:56:17","guid":{"rendered":"https:\/\/business.roovi.com\/puzzle-adulti-1000-piese-wassily-kandinsky-sketch-for-composition-ii\/p\/"},"modified":"2023-02-21T10:18:41","modified_gmt":"2023-02-21T10:18:41","slug":"1000-teile-wassily-kandinsky-puzzle-fur-erwachsene-skizze-fur-komposition-ii","status":"publish","type":"product","link":"https:\/\/business.roovi.com\/de\/1000-teile-wassily-kandinsky-puzzle-fur-erwachsene-skizze-fur-komposition-ii\/p\/","title":{"rendered":"1000 Teile Wassily Kandinsky Puzzle f\u00fcr Erwachsene &#8211; Skizze f\u00fcr &#8222;Komposition II&#8220;"},"content":{"rendered":"<p><span style=\"font-weight: 400; font-size: 14px;\">Bist du bereit f\u00fcr eine neue Herausforderung? Teste deine Geduld und deine Liebe zum Detail mit dem 1000-Teile-Puzzle Wassily Kandinsky &#8211; Skizze f\u00fcr &#8222;Komposition II&#8220;. Dieses wunderbare Kunstpuzzle stellt das lebendige und farbenfrohe Bild des abstrakten Werks von Kandinsky dar. Die Skizze f\u00fcr &#8222;Komposition II&#8220; entwickelt das Pferd- und Reitermotiv zu einer komplexen Komposition aus Farben und Formen <\/span><\/p>\n<p><span style=\"font-weight: 400; font-size: 14px;\">Kandinsky schuf im Laufe seiner Karriere mehrere &#8222;Kompositionen&#8220;, denen er tiefe spirituelle Bedeutungen zuschrieb. Wage dich in diese abstrakte Welt und entdecke die Bedeutung der Kunst des russischen Malers mit diesem Wassily Kandinsky &#8211; Skizze f\u00fcr &#8222;Komposition II&#8220; Kunstr\u00e4tsel. Du kannst einen gew\u00f6hnlichen Couchtisch verwenden, um die St\u00fccke zu st\u00fctzen. Das fertige Bild ist 50 x 70 cm gro\u00df. Lies unten mehr \u00fcber dieses Kunstr\u00e4tsel.<\/span><\/p>\n<p><span style=\"font-size: 14px;\"><strong>Puzzle-Material <\/strong><\/span><\/p>\n<p><span style=\"font-size: 14px;\"><strong>hochwertiger blauer Karton<\/strong><\/span><\/p>\n<p><span style=\"font-size: 14px;\"><strong>nachhaltige, recycelbare Materialien<\/strong><\/span><\/p>\n<p><span style=\"font-size: 14px;\"><strong>halbgl\u00e4nzende Oberfl\u00e4che, leuchtende Farben<\/strong><\/span><\/p>\n<p><span style=\"font-size: 14px;\"><strong>Anzahl der Puzzleteile: 1000<\/strong><\/span><\/p>\n<p><span style=\"font-size: 14px;\"><strong>Empfohlenes Alter: 14+<\/strong><\/span><\/p>\n<p><span style=\"font-size: 14px;\"><strong>1000 Teile Puzzle f\u00fcr Entspannung und Spa\u00df<\/strong><\/span><\/p>\n<p><span style=\"font-weight: 400; font-size: 14px;\">Das Zusammensetzen von 1000-teiligen Puzzles bringt Entspannung und unterbricht die Monotonie von verregneten oder kalten Nachmittagen. Du kannst deine Kinder, Gro\u00dfeltern oder Freunde in die Puzzlespiele einbeziehen und gemeinsam eine tolle Zeit haben. Au\u00dferdem helfen dir Puzzlespiele dabei:<\/span><\/p>\n<ul>\n<li><span style=\"font-weight: 400; font-size: 14px;\">L\u00f6se schwierige Aufgaben gemeinsam<\/span><\/li>\n<li><span style=\"font-weight: 400; font-size: 14px;\">Lernt euch besser kennen und kommuniziert effektiv.<\/span><\/li>\n<li><span style=\"font-weight: 400; font-size: 14px;\">Trainiere deine Aufmerksamkeit f\u00fcr Details und deine Geduld.<\/span><\/li>\n<li><span style=\"font-weight: 400; font-size: 14px;\">Verbessere deine F\u00e4higkeiten beim L\u00f6sen von Puzzles mit 1000 Teilen.<\/span><\/li>\n<\/ul>\n<p><span style=\"font-size: 14px;\"><strong>Wusstest du etwas \u00fcber Wassily Kandinsky?<\/strong><\/span><\/p>\n<p><span style=\"font-weight: 400; font-size: 14px;\">Er ist der erste Maler, der abstrakte Bilder malt.<\/span><\/p>\n<p><span style=\"font-size: 14px;\"><span style=\"font-weight: 400;\">Er studierte Jura und lehnte eine Professur f\u00fcr Rechtswissenschaften an der Universit\u00e4t <\/span><span style=\"font-weight: 400;\">Dorpat<\/span> <span style=\"font-weight: 400;\">in Estland auf Kosten der Malerei.<\/span><\/span><\/p>\n<p><span style=\"font-weight: 400; font-size: 14px;\">In vielen seiner Werke lie\u00df er sich von der Musik inspirieren. Er hat oft \u00fcber den Einfluss dieser Kunst auf seine eigene Arbeit geschrieben.<\/span><\/p>\n<p><span style=\"font-weight: 400; font-size: 14px;\">Viele seiner Werke sind im Laufe der Zeit verloren gegangen. Seine Werke entsprachen nicht dem sowjetischen Sozialismus, und die Nazis nannten seine Kunst &#8222;entartet&#8220;.<\/span><\/p>\n<p><span style=\"font-weight: 400; font-size: 14px;\"> &#8222;Die Skizze f\u00fcr &#8222;Composition II&#8220; wurde heftig kritisiert. Fachleute erkl\u00e4rten damals, sie scheine von einem Verr\u00fcckten oder einer Person unter dem Einfluss verbotener Substanzen gemacht worden zu sein.<\/span><\/p>\n<p><span style=\"font-size: 14px;\"><strong>Kunstr\u00e4tsel: eine Flucht in eine erstaunliche Welt<\/strong><\/span><\/p>\n<p><span style=\"font-weight: 400; font-size: 14px;\">Das Nachstellen von Bildern ber\u00fchmter Gem\u00e4lde in 1000-teiligen Puzzles ist eine wohlverdiente Flucht vor den Alltagssorgen. Du f\u00fchlst dich wie ein echter K\u00fcnstler, der St\u00fcck f\u00fcr St\u00fcck ein komplexes Meisterwerk erschafft. Du entdeckst eine Welt voller Farben, Symbole und positiver Schwingungen, die dich einh\u00fcllen und dir ein tiefes Gef\u00fchl der Entspannung und Verbundenheit mit dir selbst geben.<\/span><\/p>\n<p><span style=\"font-weight: 400; font-size: 14px;\">Kaufe Wassily Kandinsky &#8211; Skizze f\u00fcr &#8222;Komposition II&#8220; Kunstpuzzle und entdecke die erstaunliche Symbolik im abstrakten Werk des ber\u00fchmten russischen Malers. Entdecke die gesamte Sammlung abstrakter Kunstwerke, die in Kunstr\u00e4tseln vertreten sind, und erstelle deine eigene originelle Galerie mit exquisiten Gem\u00e4lden.<\/span><\/p>\n<p><span style=\"font-weight: 400; font-size: 14px;\">Du suchst nach einem exquisiten Geschenk? Das 1000-Teile-Puzzle Wassily Kandinsky &#8211; Skizze f\u00fcr &#8222;Komposition II&#8220; aus unserer Kunstpuzzle-Kollektion ist genau das Richtige f\u00fcr dich!<\/span><\/p>\n","protected":false},"excerpt":{"rendered":"<p>Bist du bereit f\u00fcr eine neue Herausforderung? Teste deine Geduld und deine Liebe zum Detail mit dem 1000-Teile-Puzzle Wassily Kandinsky<\/p>\n","protected":false},"featured_media":63533,"template":"","meta":[],"product_brand":[],"product_cat":[1875,1915,1916],"product_tag":[],"class_list":{"0":"post-42070","1":"product","2":"type-product","3":"status-publish","4":"has-post-thumbnail","6":"product_cat-puzzle-de","7":"product_cat-puzzlespiele-fur-erwachsene","8":"product_cat-1000-teile-puzzle","9":"pa_bax-10-de","10":"pa_brand-d_toys-de","11":"pa_country_of_manufacture-ro-de","12":"pa_filter_age-14-de","13":"pa_painter-wassilykandinsky-de","14":"pa_tip_ambalaj-kasten-a4-de","15":"pa_tip_puzzle-klassisch","17":"first","18":"instock","19":"taxable","20":"shipping-taxable","21":"product-type-simple"},"yoast_head":"<!-- This site is optimized with the Yoast SEO plugin v20.1 - https:\/\/yoast.com\/wordpress\/plugins\/seo\/ -->\n<title>&quot;1000 Teile Wassily Kandinsky Puzzle f\u00fcr Erwachsene - Skizze f\u00fcr &quot;&quot;Komposition II&quot;&quot;<\/title>\n<meta name=\"description\" content=\"&quot;1000 Teile Wassily Kandinsky Puzzle f\u00fcr Erwachsene - Skizze f\u00fcr &quot;&quot;Komposition II&quot;&quot;\" \/>\n<meta name=\"robots\" content=\"index, follow, max-snippet:-1, max-image-preview:large, max-video-preview:-1\" \/>\n<link rel=\"canonical\" href=\"https:\/\/business.roovi.com\/de\/1000-teile-wassily-kandinsky-puzzle-fur-erwachsene-skizze-fur-komposition-ii\/p\/\" \/>\n<meta property=\"og:locale\" content=\"de_DE\" \/>\n<meta property=\"og:type\" content=\"article\" \/>\n<meta property=\"og:title\" content=\"&quot;1000 Teile Wassily Kandinsky Puzzle f\u00fcr Erwachsene - Skizze f\u00fcr &quot;&quot;Komposition II&quot;&quot;\" \/>\n<meta property=\"og:description\" content=\"&quot;1000 Teile Wassily Kandinsky Puzzle f\u00fcr Erwachsene - Skizze f\u00fcr &quot;&quot;Komposition II&quot;&quot;\" \/>\n<meta property=\"og:url\" content=\"https:\/\/business.roovi.com\/de\/1000-teile-wassily-kandinsky-puzzle-fur-erwachsene-skizze-fur-komposition-ii\/p\/\" \/>\n<meta property=\"og:site_name\" content=\"Roovi B2B\" \/>\n<meta property=\"article:publisher\" content=\"https:\/\/www.facebook.com\/wwwjucariero\" \/>\n<meta property=\"article:modified_time\" content=\"2023-02-21T10:18:41+00:00\" \/>\n<meta property=\"og:image\" content=\"https:\/\/business.roovi.com\/wp-content\/uploads\/2018\/04\/72849-KA-01-WEB.jpg\" \/>\n\t<meta property=\"og:image:width\" content=\"1200\" \/>\n\t<meta property=\"og:image:height\" content=\"1200\" \/>\n\t<meta property=\"og:image:type\" content=\"image\/jpeg\" \/>\n<meta name=\"twitter:label1\" content=\"Gesch\u00e4tzte Lesezeit\" \/>\n\t<meta name=\"twitter:data1\" content=\"3\u00a0Minuten\" \/>\n<script type=\"application\/ld+json\" class=\"yoast-schema-graph\">{\"@context\":\"https:\/\/schema.org\",\"@graph\":[{\"@type\":\"WebPage\",\"@id\":\"https:\/\/business.roovi.com\/de\/1000-teile-wassily-kandinsky-puzzle-fur-erwachsene-skizze-fur-komposition-ii\/p\/\",\"url\":\"https:\/\/business.roovi.com\/de\/1000-teile-wassily-kandinsky-puzzle-fur-erwachsene-skizze-fur-komposition-ii\/p\/\",\"name\":\"\\\"1000 Teile Wassily Kandinsky Puzzle f\u00fcr Erwachsene - Skizze f\u00fcr \\\"\\\"Komposition II\\\"\\\"\",\"isPartOf\":{\"@id\":\"https:\/\/business.roovi.com\/de\/#website\"},\"datePublished\":\"2018-04-16T10:56:17+00:00\",\"dateModified\":\"2023-02-21T10:18:41+00:00\",\"description\":\"\\\"1000 Teile Wassily Kandinsky Puzzle f\u00fcr Erwachsene - Skizze f\u00fcr \\\"\\\"Komposition II\\\"\\\"\",\"breadcrumb\":{\"@id\":\"https:\/\/business.roovi.com\/de\/1000-teile-wassily-kandinsky-puzzle-fur-erwachsene-skizze-fur-komposition-ii\/p\/#breadcrumb\"},\"inLanguage\":\"de\",\"potentialAction\":[{\"@type\":\"ReadAction\",\"target\":[\"https:\/\/business.roovi.com\/de\/1000-teile-wassily-kandinsky-puzzle-fur-erwachsene-skizze-fur-komposition-ii\/p\/\"]}]},{\"@type\":\"BreadcrumbList\",\"@id\":\"https:\/\/business.roovi.com\/de\/1000-teile-wassily-kandinsky-puzzle-fur-erwachsene-skizze-fur-komposition-ii\/p\/#breadcrumb\",\"itemListElement\":[{\"@type\":\"ListItem\",\"position\":1,\"name\":\"Home\",\"item\":\"https:\/\/business.roovi.com\/de\/\"},{\"@type\":\"ListItem\",\"position\":2,\"name\":\"Shop\",\"item\":\"https:\/\/business.roovi.com\/de\/shop\/\"},{\"@type\":\"ListItem\",\"position\":3,\"name\":\"1000 Teile Wassily Kandinsky Puzzle f\u00fcr Erwachsene &#8211; Skizze f\u00fcr &#8220;Komposition II&#8221;\"}]},{\"@type\":\"WebSite\",\"@id\":\"https:\/\/business.roovi.com\/de\/#website\",\"url\":\"https:\/\/business.roovi.com\/de\/\",\"name\":\"Roovi B2B\",\"description\":\"Roovi Business Website\",\"potentialAction\":[{\"@type\":\"SearchAction\",\"target\":{\"@type\":\"EntryPoint\",\"urlTemplate\":\"https:\/\/business.roovi.com\/de\/?s={search_term_string}\"},\"query-input\":\"required name=search_term_string\"}],\"inLanguage\":\"de\"}]}<\/script>\n<!-- \/ Yoast SEO plugin. -->","yoast_head_json":{"title":"\"1000 Teile Wassily Kandinsky Puzzle f\u00fcr Erwachsene - Skizze f\u00fcr \"\"Komposition II\"\"","description":"\"1000 Teile Wassily Kandinsky Puzzle f\u00fcr Erwachsene - Skizze f\u00fcr \"\"Komposition II\"\"","robots":{"index":"index","follow":"follow","max-snippet":"max-snippet:-1","max-image-preview":"max-image-preview:large","max-video-preview":"max-video-preview:-1"},"canonical":"https:\/\/business.roovi.com\/de\/1000-teile-wassily-kandinsky-puzzle-fur-erwachsene-skizze-fur-komposition-ii\/p\/","og_locale":"de_DE","og_type":"article","og_title":"\"1000 Teile Wassily Kandinsky Puzzle f\u00fcr Erwachsene - Skizze f\u00fcr \"\"Komposition II\"\"","og_description":"\"1000 Teile Wassily Kandinsky Puzzle f\u00fcr Erwachsene - Skizze f\u00fcr \"\"Komposition II\"\"","og_url":"https:\/\/business.roovi.com\/de\/1000-teile-wassily-kandinsky-puzzle-fur-erwachsene-skizze-fur-komposition-ii\/p\/","og_site_name":"Roovi B2B","article_publisher":"https:\/\/www.facebook.com\/wwwjucariero","article_modified_time":"2023-02-21T10:18:41+00:00","og_image":[{"width":1200,"height":1200,"url":"https:\/\/business.roovi.com\/wp-content\/uploads\/2018\/04\/72849-KA-01-WEB.jpg","type":"image\/jpeg"}],"twitter_misc":{"Gesch\u00e4tzte Lesezeit":"3\u00a0Minuten"},"schema":{"@context":"https:\/\/schema.org","@graph":[{"@type":"WebPage","@id":"https:\/\/business.roovi.com\/de\/1000-teile-wassily-kandinsky-puzzle-fur-erwachsene-skizze-fur-komposition-ii\/p\/","url":"https:\/\/business.roovi.com\/de\/1000-teile-wassily-kandinsky-puzzle-fur-erwachsene-skizze-fur-komposition-ii\/p\/","name":"\"1000 Teile Wassily Kandinsky Puzzle f\u00fcr Erwachsene - Skizze f\u00fcr \"\"Komposition II\"\"","isPartOf":{"@id":"https:\/\/business.roovi.com\/de\/#website"},"datePublished":"2018-04-16T10:56:17+00:00","dateModified":"2023-02-21T10:18:41+00:00","description":"\"1000 Teile Wassily Kandinsky Puzzle f\u00fcr Erwachsene - Skizze f\u00fcr \"\"Komposition II\"\"","breadcrumb":{"@id":"https:\/\/business.roovi.com\/de\/1000-teile-wassily-kandinsky-puzzle-fur-erwachsene-skizze-fur-komposition-ii\/p\/#breadcrumb"},"inLanguage":"de","potentialAction":[{"@type":"ReadAction","target":["https:\/\/business.roovi.com\/de\/1000-teile-wassily-kandinsky-puzzle-fur-erwachsene-skizze-fur-komposition-ii\/p\/"]}]},{"@type":"BreadcrumbList","@id":"https:\/\/business.roovi.com\/de\/1000-teile-wassily-kandinsky-puzzle-fur-erwachsene-skizze-fur-komposition-ii\/p\/#breadcrumb","itemListElement":[{"@type":"ListItem","position":1,"name":"Home","item":"https:\/\/business.roovi.com\/de\/"},{"@type":"ListItem","position":2,"name":"Shop","item":"https:\/\/business.roovi.com\/de\/shop\/"},{"@type":"ListItem","position":3,"name":"1000 Teile Wassily Kandinsky Puzzle f\u00fcr Erwachsene &#8211; Skizze f\u00fcr &#8220;Komposition II&#8221;"}]},{"@type":"WebSite","@id":"https:\/\/business.roovi.com\/de\/#website","url":"https:\/\/business.roovi.com\/de\/","name":"Roovi B2B","description":"Roovi Business Website","potentialAction":[{"@type":"SearchAction","target":{"@type":"EntryPoint","urlTemplate":"https:\/\/business.roovi.com\/de\/?s={search_term_string}"},"query-input":"required name=search_term_string"}],"inLanguage":"de"}]}},"_links":{"self":[{"href":"https:\/\/business.roovi.com\/de\/wp-json\/wp\/v2\/product\/42070","targetHints":{"allow":["GET"]}}],"collection":[{"href":"https:\/\/business.roovi.com\/de\/wp-json\/wp\/v2\/product"}],"about":[{"href":"https:\/\/business.roovi.com\/de\/wp-json\/wp\/v2\/types\/product"}],"version-history":[{"count":0,"href":"https:\/\/business.roovi.com\/de\/wp-json\/wp\/v2\/product\/42070\/revisions"}],"wp:featuredmedia":[{"embeddable":true,"href":"https:\/\/business.roovi.com\/de\/wp-json\/wp\/v2\/media\/63533"}],"wp:attachment":[{"href":"https:\/\/business.roovi.com\/de\/wp-json\/wp\/v2\/media?parent=42070"}],"wp:term":[{"taxonomy":"product_brand","embeddable":true,"href":"https:\/\/business.roovi.com\/de\/wp-json\/wp\/v2\/product_brand?post=42070"},{"taxonomy":"product_cat","embeddable":true,"href":"https:\/\/business.roovi.com\/de\/wp-json\/wp\/v2\/product_cat?post=42070"},{"taxonomy":"product_tag","embeddable":true,"href":"https:\/\/business.roovi.com\/de\/wp-json\/wp\/v2\/product_tag?post=42070"}],"curies":[{"name":"wp","href":"https:\/\/api.w.org\/{rel}","templated":true}]}}