{"id":42082,"date":"2018-04-16T10:56:17","date_gmt":"2018-04-16T10:56:17","guid":{"rendered":"https:\/\/business.roovi.com\/puzzle-adulti-1000-piese-wassily-kandinsky-pointspuncte\/p\/"},"modified":"2023-02-15T08:37:55","modified_gmt":"2023-02-15T08:37:55","slug":"1000-teile-wassily-kandinsky-puzzle-fur-erwachsene-dots-dots","status":"publish","type":"product","link":"https:\/\/business.roovi.com\/de\/1000-teile-wassily-kandinsky-puzzle-fur-erwachsene-dots-dots\/p\/","title":{"rendered":"1000 Teile Wassily Kandinsky Puzzle f\u00fcr Erwachsene &#8211; Punkte"},"content":{"rendered":"<p><span style=\"font-weight: 400;\">Hast du eine Leidenschaft f\u00fcr 1000-Teile-Puzzles? Entdecke die gr\u00f6\u00dfte Sammlung von Kunstr\u00e4tseln in Rum\u00e4nien und perfektioniere deine Montagef\u00e4higkeiten. Rekonstruiere Bilder von ber\u00fchmten Gem\u00e4lden und bewundere Kunstgem\u00e4lde, die aus 1000 Puzzleteilen entstanden sind.<\/span><\/p>\n<p><span style=\"font-weight: 400;\">Wassily Kandinsky &#8211; Points 1000 pieces puzzle f\u00fchrt dich in die Welt der abstrakten Kunst ein. F\u00fcr Kandinsky beginnt die Kunst mit einem Punkt. Das ist ein kleines St\u00fcck Farbe, das der K\u00fcnstler auf der Leinwand platziert und das je nach Platzierung auf der Grundfl\u00e4che einen anderen Farbton annimmt. Der Punkt wird zu einer Kraft, die tiefgreifende Auswirkungen im Kopf des Betrachters erzeugt.<\/span><\/p>\n<p><span style=\"font-weight: 400;\">F\u00fcr einen 1000-Teile-Puzzle-Liebhaber wird dieses komplexe Bild eine sch\u00f6ne Herausforderung sein. Nach m\u00fchevoller Arbeit wirst du im Besitz einer originalgetreuen Kopie eines ber\u00fchmten abstrakten Gem\u00e4ldes sein <\/span><\/p>\n<p><span style=\"font-weight: 400;\">Mit Wassily Kandinsky Kunstpuzzle &#8211; Punkte:<\/span><\/p>\n<p><strong>Bildgr\u00f6\u00dfe: 50 x 70 cm <\/strong><span style=\"font-weight: 400;\">Du kannst einen gew\u00f6hnlichen Couchtisch verwenden, um die St\u00fccke zu st\u00fctzen.<\/span><\/p>\n<p><strong>Puzzle-Material <\/strong><\/p>\n<p><strong>hochwertiger blauer Karton<\/strong><\/p>\n<p><strong>nachhaltige, recycelbare Materialien<\/strong><\/p>\n<p><strong>halbgl\u00e4nzende Oberfl\u00e4che, leuchtende Farben<\/strong><\/p>\n<p><strong>Anzahl der Puzzleteile: 1000<\/strong><\/p>\n<p><strong>Empfohlenes Alter: 14+<\/strong><\/p>\n<p><strong>4 Vorteile von Puzzles f\u00fcr Erwachsene<\/strong><\/p>\n<p><span style=\"font-weight: 400;\">Puzzlespiele bieten sowohl wohlverdiente Entspannung als auch gesundheitliche Vorteile. Lies 4 von ihnen unten:<\/span><\/p>\n<p><strong>1. Aktiviere die kognitiven Funktionen <\/strong><span style=\"font-weight: 400;\">Puzzlespiele sind ein tolles Gehirntraining, vor allem f\u00fcr Menschen, die ihre besten Jahre schon hinter sich haben. Es wurde festgestellt, dass 30 Minuten t\u00e4gliches Spielen eines Puzzlespiels das Risiko von Alzheimer und Demenz verringert.<\/span><\/p>\n<p><strong>2. Reduziert \u00c4ngste.<\/strong><span style=\"font-weight: 400;\"> Puzzlespiele l\u00f6sen einen Zustand der Ruhe aus, der hilft, Stress und \u00c4ngste zu bew\u00e4ltigen.<\/span><\/p>\n<p><strong>3. Hand-Augen-Koordination <\/strong><span style=\"font-weight: 400;\">Die Feinmotorik zu trainieren und zu verbessern ist ein weiterer Vorteil, den dir Puzzles f\u00fcr Erwachsene bieten.<\/span><\/p>\n<p><strong>4. F\u00f6rdert die Geselligkeit<\/strong><span style=\"font-weight: 400;\">. Soziale Kontakte sind sehr wichtig f\u00fcr die allgemeine Gesundheit. Isolation und mangelnde Kommunikation mit anderen f\u00fchren oft zu Depressionen. Puzzlespiele bringen Freunde zusammen oder bringen Familienmitglieder zusammen und sind eine gute M\u00f6glichkeit, sich mit anderen zu treffen.<\/span><\/p>\n<p><strong>Wusstest du, dass diese Zitate Wassily Kandinsky geh\u00f6ren?<\/strong><\/p>\n<p><span style=\"font-weight: 400;\">Die folgenden Zitate helfen dir auch, die Philosophie hinter der abstrakten Kunst des ber\u00fchmten Malers besser zu verstehen:<\/span><\/p>\n<ul>\n<li><em><span style=\"font-weight: 400;\">&#8222;Alles beginnt mit einem Punkt&#8220;.<\/span><\/em><\/li>\n<li><em><span style=\"font-weight: 400;\">&#8222;Der K\u00fcnstler muss nicht nur sein Auge, sondern auch seine Seele schulen&#8220;.<\/span><\/em><\/li>\n<li><em><span style=\"font-weight: 400;\">&#8222;Objekte verderben Bilder&#8220;.<\/span><\/em><\/li>\n<li><em><span style=\"font-weight: 400;\">&#8222;Farbe ist der Schl\u00fcssel. Das Auge ist der Hammer. Die Seele ist das Klavier mit seinen vielen Akkorden. Der K\u00fcnstler ist die Hand, die, wenn sie diese oder jene Taste ber\u00fchrt, die Seele automatisch zum Schwingen bringt.&#8220;<\/span><\/em><\/li>\n<li><em><span style=\"font-weight: 400;\">&#8222;Jede Zeitepoche einer Zivilisation schafft eine Kunst, die ihr eigen ist und die wir nie wieder neu geboren sehen werden. Der Versuch, die Prinzipien der Kunst vergangener Jahrhunderte wiederzubeleben, kann nur dazu f\u00fchren, dass tote Werke produziert werden.&#8220;<\/span><\/em><span style=\"font-weight: 400;\">.<\/span><\/li>\n<\/ul>\n<p><span style=\"font-weight: 400;\">Kunstr\u00e4tsel sind mehr als nur entspannende Spiele. Sie entf\u00fchren dich in eine bunte Welt und ermutigen dich, die Symbolik ber\u00fchmter Gem\u00e4lde zu entdecken. Wenn du von deinen Alltagsproblemen abschalten und in die bezaubernden und geheimnisvollen Geschichten k\u00fcnstlerischer Meisterwerke eintauchen willst, sind Kunstr\u00e4tsel die perfekte Wahl.<\/span><\/p>\n<p><span style=\"font-weight: 400;\">Kandinsky ist ein K\u00fcnstler mit einem abstrakten Werk, das aber einen tiefen Eindruck hinterl\u00e4sst, wenn du seine verborgenen Bedeutungen entdeckst. Kaufe das 1000-teilige Wassily Kandinsky &#8211; Punkte-Puzzle, rekonstruiere das Bild und genie\u00dfe ein gro\u00dfartiges Kunstwerk.<\/span><\/p>\n<p><span style=\"font-weight: 400;\">Wenn du auf der Suche nach einem Geschenk f\u00fcr einen lieben Freund bist, ist das Wassily Kandinsky &#8211; Points Kunstpuzzle eine inspirierende Wahl.<\/span><\/p>\n","protected":false},"excerpt":{"rendered":"<p>Hast du eine Leidenschaft f\u00fcr 1000-Teile-Puzzles? Entdecke die gr\u00f6\u00dfte Sammlung von Kunstr\u00e4tseln in Rum\u00e4nien und perfektioniere deine Montagef\u00e4higkeiten. Rekonstruiere Bilder<\/p>\n","protected":false},"featured_media":63540,"template":"","meta":[],"product_brand":[],"product_cat":[1875,1915,1916],"product_tag":[],"class_list":{"0":"post-42082","1":"product","2":"type-product","3":"status-publish","4":"has-post-thumbnail","6":"product_cat-puzzle-de","7":"product_cat-puzzlespiele-fur-erwachsene","8":"product_cat-1000-teile-puzzle","9":"pa_bax-10-de","10":"pa_brand-d_toys-de","11":"pa_country_of_manufacture-ro-de","12":"pa_filter_age-14-de","13":"pa_painter-wassilykandinsky-de","14":"pa_tip_ambalaj-kasten-a4-de","15":"pa_tip_puzzle-klassisch","17":"first","18":"instock","19":"taxable","20":"shipping-taxable","21":"product-type-simple"},"yoast_head":"<!-- This site is optimized with the Yoast SEO plugin v20.1 - https:\/\/yoast.com\/wordpress\/plugins\/seo\/ -->\n<title>1000 Teile Wassily Kandinsky Puzzle f\u00fcr Erwachsene - Dots\/Dots<\/title>\n<meta name=\"description\" content=\"1000 Teile Wassily Kandinsky Puzzle f\u00fcr Erwachsene - Dots\/Dots\" \/>\n<meta name=\"robots\" content=\"index, follow, max-snippet:-1, max-image-preview:large, max-video-preview:-1\" \/>\n<link rel=\"canonical\" href=\"https:\/\/business.roovi.com\/de\/1000-teile-wassily-kandinsky-puzzle-fur-erwachsene-dots-dots\/p\/\" \/>\n<meta property=\"og:locale\" content=\"de_DE\" \/>\n<meta property=\"og:type\" content=\"article\" \/>\n<meta property=\"og:title\" content=\"1000 Teile Wassily Kandinsky Puzzle f\u00fcr Erwachsene - Dots\/Dots\" \/>\n<meta property=\"og:description\" content=\"1000 Teile Wassily Kandinsky Puzzle f\u00fcr Erwachsene - Dots\/Dots\" \/>\n<meta property=\"og:url\" content=\"https:\/\/business.roovi.com\/de\/1000-teile-wassily-kandinsky-puzzle-fur-erwachsene-dots-dots\/p\/\" \/>\n<meta property=\"og:site_name\" content=\"Roovi B2B\" \/>\n<meta property=\"article:publisher\" content=\"https:\/\/www.facebook.com\/wwwjucariero\" \/>\n<meta property=\"article:modified_time\" content=\"2023-02-15T08:37:55+00:00\" \/>\n<meta property=\"og:image\" content=\"https:\/\/business.roovi.com\/wp-content\/uploads\/2018\/04\/72849-04_ansamblu_dimensiuni_cutie_cm_orizontal.png\" \/>\n\t<meta property=\"og:image:width\" content=\"1200\" \/>\n\t<meta property=\"og:image:height\" content=\"1200\" \/>\n\t<meta property=\"og:image:type\" content=\"image\/png\" \/>\n<meta name=\"twitter:label1\" content=\"Gesch\u00e4tzte Lesezeit\" \/>\n\t<meta name=\"twitter:data1\" content=\"3\u00a0Minuten\" \/>\n<script type=\"application\/ld+json\" class=\"yoast-schema-graph\">{\"@context\":\"https:\/\/schema.org\",\"@graph\":[{\"@type\":\"WebPage\",\"@id\":\"https:\/\/business.roovi.com\/de\/1000-teile-wassily-kandinsky-puzzle-fur-erwachsene-dots-dots\/p\/\",\"url\":\"https:\/\/business.roovi.com\/de\/1000-teile-wassily-kandinsky-puzzle-fur-erwachsene-dots-dots\/p\/\",\"name\":\"1000 Teile Wassily Kandinsky Puzzle f\u00fcr Erwachsene - Dots\/Dots\",\"isPartOf\":{\"@id\":\"https:\/\/business.roovi.com\/de\/#website\"},\"datePublished\":\"2018-04-16T10:56:17+00:00\",\"dateModified\":\"2023-02-15T08:37:55+00:00\",\"description\":\"1000 Teile Wassily Kandinsky Puzzle f\u00fcr Erwachsene - Dots\/Dots\",\"breadcrumb\":{\"@id\":\"https:\/\/business.roovi.com\/de\/1000-teile-wassily-kandinsky-puzzle-fur-erwachsene-dots-dots\/p\/#breadcrumb\"},\"inLanguage\":\"de\",\"potentialAction\":[{\"@type\":\"ReadAction\",\"target\":[\"https:\/\/business.roovi.com\/de\/1000-teile-wassily-kandinsky-puzzle-fur-erwachsene-dots-dots\/p\/\"]}]},{\"@type\":\"BreadcrumbList\",\"@id\":\"https:\/\/business.roovi.com\/de\/1000-teile-wassily-kandinsky-puzzle-fur-erwachsene-dots-dots\/p\/#breadcrumb\",\"itemListElement\":[{\"@type\":\"ListItem\",\"position\":1,\"name\":\"Home\",\"item\":\"https:\/\/business.roovi.com\/de\/\"},{\"@type\":\"ListItem\",\"position\":2,\"name\":\"Shop\",\"item\":\"https:\/\/business.roovi.com\/de\/shop\/\"},{\"@type\":\"ListItem\",\"position\":3,\"name\":\"1000 Teile Wassily Kandinsky Puzzle f\u00fcr Erwachsene &#8211; Punkte\"}]},{\"@type\":\"WebSite\",\"@id\":\"https:\/\/business.roovi.com\/de\/#website\",\"url\":\"https:\/\/business.roovi.com\/de\/\",\"name\":\"Roovi B2B\",\"description\":\"Roovi Business Website\",\"potentialAction\":[{\"@type\":\"SearchAction\",\"target\":{\"@type\":\"EntryPoint\",\"urlTemplate\":\"https:\/\/business.roovi.com\/de\/?s={search_term_string}\"},\"query-input\":\"required name=search_term_string\"}],\"inLanguage\":\"de\"}]}<\/script>\n<!-- \/ Yoast SEO plugin. -->","yoast_head_json":{"title":"1000 Teile Wassily Kandinsky Puzzle f\u00fcr Erwachsene - Dots\/Dots","description":"1000 Teile Wassily Kandinsky Puzzle f\u00fcr Erwachsene - Dots\/Dots","robots":{"index":"index","follow":"follow","max-snippet":"max-snippet:-1","max-image-preview":"max-image-preview:large","max-video-preview":"max-video-preview:-1"},"canonical":"https:\/\/business.roovi.com\/de\/1000-teile-wassily-kandinsky-puzzle-fur-erwachsene-dots-dots\/p\/","og_locale":"de_DE","og_type":"article","og_title":"1000 Teile Wassily Kandinsky Puzzle f\u00fcr Erwachsene - Dots\/Dots","og_description":"1000 Teile Wassily Kandinsky Puzzle f\u00fcr Erwachsene - Dots\/Dots","og_url":"https:\/\/business.roovi.com\/de\/1000-teile-wassily-kandinsky-puzzle-fur-erwachsene-dots-dots\/p\/","og_site_name":"Roovi B2B","article_publisher":"https:\/\/www.facebook.com\/wwwjucariero","article_modified_time":"2023-02-15T08:37:55+00:00","og_image":[{"width":1200,"height":1200,"url":"https:\/\/business.roovi.com\/wp-content\/uploads\/2018\/04\/72849-04_ansamblu_dimensiuni_cutie_cm_orizontal.png","type":"image\/png"}],"twitter_misc":{"Gesch\u00e4tzte Lesezeit":"3\u00a0Minuten"},"schema":{"@context":"https:\/\/schema.org","@graph":[{"@type":"WebPage","@id":"https:\/\/business.roovi.com\/de\/1000-teile-wassily-kandinsky-puzzle-fur-erwachsene-dots-dots\/p\/","url":"https:\/\/business.roovi.com\/de\/1000-teile-wassily-kandinsky-puzzle-fur-erwachsene-dots-dots\/p\/","name":"1000 Teile Wassily Kandinsky Puzzle f\u00fcr Erwachsene - Dots\/Dots","isPartOf":{"@id":"https:\/\/business.roovi.com\/de\/#website"},"datePublished":"2018-04-16T10:56:17+00:00","dateModified":"2023-02-15T08:37:55+00:00","description":"1000 Teile Wassily Kandinsky Puzzle f\u00fcr Erwachsene - Dots\/Dots","breadcrumb":{"@id":"https:\/\/business.roovi.com\/de\/1000-teile-wassily-kandinsky-puzzle-fur-erwachsene-dots-dots\/p\/#breadcrumb"},"inLanguage":"de","potentialAction":[{"@type":"ReadAction","target":["https:\/\/business.roovi.com\/de\/1000-teile-wassily-kandinsky-puzzle-fur-erwachsene-dots-dots\/p\/"]}]},{"@type":"BreadcrumbList","@id":"https:\/\/business.roovi.com\/de\/1000-teile-wassily-kandinsky-puzzle-fur-erwachsene-dots-dots\/p\/#breadcrumb","itemListElement":[{"@type":"ListItem","position":1,"name":"Home","item":"https:\/\/business.roovi.com\/de\/"},{"@type":"ListItem","position":2,"name":"Shop","item":"https:\/\/business.roovi.com\/de\/shop\/"},{"@type":"ListItem","position":3,"name":"1000 Teile Wassily Kandinsky Puzzle f\u00fcr Erwachsene &#8211; Punkte"}]},{"@type":"WebSite","@id":"https:\/\/business.roovi.com\/de\/#website","url":"https:\/\/business.roovi.com\/de\/","name":"Roovi B2B","description":"Roovi Business Website","potentialAction":[{"@type":"SearchAction","target":{"@type":"EntryPoint","urlTemplate":"https:\/\/business.roovi.com\/de\/?s={search_term_string}"},"query-input":"required name=search_term_string"}],"inLanguage":"de"}]}},"_links":{"self":[{"href":"https:\/\/business.roovi.com\/de\/wp-json\/wp\/v2\/product\/42082","targetHints":{"allow":["GET"]}}],"collection":[{"href":"https:\/\/business.roovi.com\/de\/wp-json\/wp\/v2\/product"}],"about":[{"href":"https:\/\/business.roovi.com\/de\/wp-json\/wp\/v2\/types\/product"}],"version-history":[{"count":0,"href":"https:\/\/business.roovi.com\/de\/wp-json\/wp\/v2\/product\/42082\/revisions"}],"wp:featuredmedia":[{"embeddable":true,"href":"https:\/\/business.roovi.com\/de\/wp-json\/wp\/v2\/media\/63540"}],"wp:attachment":[{"href":"https:\/\/business.roovi.com\/de\/wp-json\/wp\/v2\/media?parent=42082"}],"wp:term":[{"taxonomy":"product_brand","embeddable":true,"href":"https:\/\/business.roovi.com\/de\/wp-json\/wp\/v2\/product_brand?post=42082"},{"taxonomy":"product_cat","embeddable":true,"href":"https:\/\/business.roovi.com\/de\/wp-json\/wp\/v2\/product_cat?post=42082"},{"taxonomy":"product_tag","embeddable":true,"href":"https:\/\/business.roovi.com\/de\/wp-json\/wp\/v2\/product_tag?post=42082"}],"curies":[{"name":"wp","href":"https:\/\/api.w.org\/{rel}","templated":true}]}}