{"id":42086,"date":"2018-04-16T10:56:17","date_gmt":"2018-04-16T10:56:17","guid":{"rendered":"https:\/\/business.roovi.com\/puzzle-adulti-1000-piese-franz-marc-foxesvulpi\/p\/"},"modified":"2023-02-15T08:50:06","modified_gmt":"2023-02-15T08:50:06","slug":"1000-teile-erwachsenenpuzzle-franz-marc-fuchse-vulpi","status":"publish","type":"product","link":"https:\/\/business.roovi.com\/de\/1000-teile-erwachsenenpuzzle-franz-marc-fuchse-vulpi\/p\/","title":{"rendered":"1000 Teile Erwachsenenpuzzle Franz Marc &#8211; F\u00fcchse"},"content":{"rendered":"<p><span style=\"font-weight: 400;\">Willkommen in der gr\u00f6\u00dften Kunstgalerie mit 1000-teiligen Puzzles! Wir haben f\u00fcr dich Kunstpuzzle erstellt, die du in beeindruckende Dekorationsobjekte verwandeln kannst. Entdecke jetzt das komplette Angebot an 1000-teiligen Puzzles und erlebe einzigartige entspannende Erlebnisse beim Zusammensetzen von Bildern ber\u00fchmter Gem\u00e4lde.<\/span><\/p>\n<p><span style=\"font-weight: 400;\">Das 1000 Teile Puzzle &#8211; F\u00fcchse von Franz Marc ist unsere Empfehlung f\u00fcr dich, wenn du Puzzle-Herausforderungen mit vielen bunten Details magst. In diesem Kunstpuzzle findest du eine kristalline Komposition, die den bunten Glasfenstern mittelalterlicher Kirchen \u00e4hnelt <\/span><\/p>\n<p><span style=\"font-weight: 400;\">Inspiriert vom franz\u00f6sischen Kubismus, pr\u00e4sentiert der K\u00fcnstler <\/span><em><span style=\"font-weight: 400;\">F\u00fcchse<\/span><\/em><span style=\"font-weight: 400;\"> die aus abstrakten Formen in harmonischen Farben bestehen. Rekonstruiere dieses Bild und erstelle ein impressionistisches Gem\u00e4lde, das deinem Zuhause einen raffinierten Touch verleiht. Verwende einen normalen Couchtisch, um die St\u00fccke zu st\u00fctzen. Das fertige Bild ist 50 x 70 cm gro\u00df.<\/span><\/p>\n<p><span style=\"font-weight: 400;\">Weitere Merkmale des Franz Marc &#8211; F\u00fcchse Kunstpuzzles:<\/span><\/p>\n<p><strong>Puzzle-Material <\/strong><\/p>\n<p><strong>hochwertiger blauer Karton<\/strong><\/p>\n<p><strong>nachhaltige, recycelbare Materialien<\/strong><\/p>\n<p><strong>halbgl\u00e4nzende Oberfl\u00e4che, leuchtende Farben<\/strong><\/p>\n<p><strong>Anzahl der Puzzleteile: 1000<\/strong><\/p>\n<p><strong>Empfohlenes Alter: 14+<\/strong><\/p>\n<p><strong>Puzzlespiele helfen, die visuelle und r\u00e4umliche Wahrnehmung zu verbessern<\/strong><\/p>\n<p><span style=\"font-weight: 400;\">Die visuelle und r\u00e4umliche Wahrnehmung hilft dir, mit der Welt um dich herum in Einklang zu sein. Wenn du \u00e4lter wirst, nimmt diese F\u00e4higkeit ab. Puzzlespiele stimulieren diese F\u00e4higkeiten und helfen dir, sie zu verbessern.<\/span><\/p>\n<p><span style=\"font-weight: 400;\">Dar\u00fcber hinaus kannst du dank der Puzzlespiele auch andere Vorteile genie\u00dfen:<\/span><\/p>\n<p><span style=\"font-weight: 400;\">Du stellst tiefe Verbindungen im Gehirn her.<\/span><\/p>\n<p><span style=\"font-weight: 400;\">Du verbesserst dein Selbstvertrauen.<\/span><\/p>\n<p><span style=\"font-weight: 400;\">Du baust Stress ab.<\/span><\/p>\n<p><span style=\"font-weight: 400;\">Du hast eine bessere allgemeine Stimmung.<\/span><\/p>\n<p><strong>Wusstest du etwas \u00fcber Franz Marc?<\/strong><\/p>\n<p><span style=\"font-weight: 400;\">Er ist einer der repr\u00e4sentativsten deutschen impressionistischen Maler.<\/span><\/p>\n<p><span style=\"font-weight: 400;\">Seine reifen Gem\u00e4lde zeigen vor allem Tiere in leuchtenden Farben.<\/span><\/p>\n<p><span style=\"font-weight: 400;\">Er starb im Ersten Weltkrieg, in der Schlacht von Verdun.<\/span><\/p>\n<p><span style=\"font-weight: 400;\">Die Nazis setzten ihn auf die Liste der entarteten K\u00fcnstler und verboten seine Arbeit. Der Gro\u00dfteil seiner Arbeit \u00fcberlebte jedoch den Zweiten Weltkrieg.<\/span><\/p>\n<p><span style=\"font-weight: 400;\">Sein teuerstes Gem\u00e4lde &#8211; <\/span><em><span style=\"font-weight: 400;\">Weidende Pferde III<\/span><\/em> <em><span style=\"font-weight: 400;\">\/Grazing Horses III &#8211; <\/span><\/em><span style=\"font-weight: 400;\">f\u00fcr sagenhafte \u00a312.340.500 verkauft <\/span><\/p>\n<p><strong>Kunstr\u00e4tsel lenken dich von Alltagsproblemen ab<\/strong><\/p>\n<p><span style=\"font-weight: 400;\">Du m\u00f6chtest dem Alltag entfliehen und suchst nach einer gesunden Aktivit\u00e4t? Kunstpuzzles sind die ideale L\u00f6sung, um die Monotonie der Herbstabende zu durchbrechen und in eine friedliche Welt zu entkommen. Au\u00dferdem bekommst du auch andere Vorteile:<\/span><\/p>\n<p><span style=\"font-weight: 400;\">Du entwickelst deinen \u00e4sthetischen Sinn<\/span><\/p>\n<p><span style=\"font-weight: 400;\">Du stellst Bilder von bekannten Kunstwerken nach und genie\u00dft jedes Detail der Pinselstriche des K\u00fcnstlers.<\/span><\/p>\n<p><span style=\"font-weight: 400;\">Du bekommst atemberaubende Bilder, mit denen du dein Zuhause dekorieren kannst.<\/span><\/p>\n<p><span style=\"font-weight: 400;\">Du entwickelst deine F\u00e4higkeiten als Erwachsener im Puzzeln.<\/span><\/p>\n<p><span style=\"font-weight: 400;\">Kaufe jetzt Franz Marc &#8211; F\u00fcchse 1000 Teile Puzzle und genie\u00dfe alle Vorteile, die ein Kunstpuzzle zu bieten hat! Vervollst\u00e4ndige deine Kunstsammlung mit diesem farbenfrohen und harmonischen 1000-Teile-Puzzle. Wenn du auf der Suche nach einem Geschenk f\u00fcr jemand Besonderen bist, ist das Franz Marc &#8211; Foxes 1000 Teile Puzzle vielleicht die ideale Wahl.<\/span><\/p>\n","protected":false},"excerpt":{"rendered":"<p>Willkommen in der gr\u00f6\u00dften Kunstgalerie mit 1000-teiligen Puzzles! Wir haben f\u00fcr dich Kunstpuzzle erstellt, die du in beeindruckende Dekorationsobjekte verwandeln<\/p>\n","protected":false},"featured_media":63498,"template":"","meta":[],"product_brand":[],"product_cat":[1916,1875,1915],"product_tag":[],"class_list":{"0":"post-42086","1":"product","2":"type-product","3":"status-publish","4":"has-post-thumbnail","6":"product_cat-1000-teile-puzzle","7":"product_cat-puzzle-de","8":"product_cat-puzzlespiele-fur-erwachsene","9":"pa_bax-10-de","10":"pa_brand-d_toys-de","11":"pa_country_of_manufacture-ro-de","12":"pa_filter_age-14-de","13":"pa_painter-franz-marc","14":"pa_tip_ambalaj-kasten-a4-de","15":"pa_tip_puzzle-klassisch","17":"first","18":"instock","19":"taxable","20":"shipping-taxable","21":"product-type-simple"},"yoast_head":"<!-- This site is optimized with the Yoast SEO plugin v20.1 - https:\/\/yoast.com\/wordpress\/plugins\/seo\/ -->\n<title>1000 Teile Erwachsenenpuzzle Franz Marc - F\u00fcchse\/Vulpi<\/title>\n<meta name=\"description\" content=\"1000 Teile Erwachsenenpuzzle Franz Marc - F\u00fcchse\/Vulpi\" \/>\n<meta name=\"robots\" content=\"index, follow, max-snippet:-1, max-image-preview:large, max-video-preview:-1\" \/>\n<link rel=\"canonical\" href=\"https:\/\/business.roovi.com\/de\/1000-teile-erwachsenenpuzzle-franz-marc-fuchse-vulpi\/p\/\" \/>\n<meta property=\"og:locale\" content=\"de_DE\" \/>\n<meta property=\"og:type\" content=\"article\" \/>\n<meta property=\"og:title\" content=\"1000 Teile Erwachsenenpuzzle Franz Marc - F\u00fcchse\/Vulpi\" \/>\n<meta property=\"og:description\" content=\"1000 Teile Erwachsenenpuzzle Franz Marc - F\u00fcchse\/Vulpi\" \/>\n<meta property=\"og:url\" content=\"https:\/\/business.roovi.com\/de\/1000-teile-erwachsenenpuzzle-franz-marc-fuchse-vulpi\/p\/\" \/>\n<meta property=\"og:site_name\" content=\"Roovi B2B\" \/>\n<meta property=\"article:publisher\" content=\"https:\/\/www.facebook.com\/wwwjucariero\" \/>\n<meta property=\"article:modified_time\" content=\"2023-02-15T08:50:06+00:00\" \/>\n<meta property=\"og:image\" content=\"https:\/\/business.roovi.com\/wp-content\/uploads\/2018\/04\/72856-01_ansamblu_dimensiuni_cutie_cm_vertical.png\" \/>\n\t<meta property=\"og:image:width\" content=\"1200\" \/>\n\t<meta property=\"og:image:height\" content=\"1200\" \/>\n\t<meta property=\"og:image:type\" content=\"image\/png\" \/>\n<meta name=\"twitter:label1\" content=\"Gesch\u00e4tzte Lesezeit\" \/>\n\t<meta name=\"twitter:data1\" content=\"3\u00a0Minuten\" \/>\n<script type=\"application\/ld+json\" class=\"yoast-schema-graph\">{\"@context\":\"https:\/\/schema.org\",\"@graph\":[{\"@type\":\"WebPage\",\"@id\":\"https:\/\/business.roovi.com\/de\/1000-teile-erwachsenenpuzzle-franz-marc-fuchse-vulpi\/p\/\",\"url\":\"https:\/\/business.roovi.com\/de\/1000-teile-erwachsenenpuzzle-franz-marc-fuchse-vulpi\/p\/\",\"name\":\"1000 Teile Erwachsenenpuzzle Franz Marc - F\u00fcchse\/Vulpi\",\"isPartOf\":{\"@id\":\"https:\/\/business.roovi.com\/de\/#website\"},\"datePublished\":\"2018-04-16T10:56:17+00:00\",\"dateModified\":\"2023-02-15T08:50:06+00:00\",\"description\":\"1000 Teile Erwachsenenpuzzle Franz Marc - F\u00fcchse\/Vulpi\",\"breadcrumb\":{\"@id\":\"https:\/\/business.roovi.com\/de\/1000-teile-erwachsenenpuzzle-franz-marc-fuchse-vulpi\/p\/#breadcrumb\"},\"inLanguage\":\"de\",\"potentialAction\":[{\"@type\":\"ReadAction\",\"target\":[\"https:\/\/business.roovi.com\/de\/1000-teile-erwachsenenpuzzle-franz-marc-fuchse-vulpi\/p\/\"]}]},{\"@type\":\"BreadcrumbList\",\"@id\":\"https:\/\/business.roovi.com\/de\/1000-teile-erwachsenenpuzzle-franz-marc-fuchse-vulpi\/p\/#breadcrumb\",\"itemListElement\":[{\"@type\":\"ListItem\",\"position\":1,\"name\":\"Home\",\"item\":\"https:\/\/business.roovi.com\/de\/\"},{\"@type\":\"ListItem\",\"position\":2,\"name\":\"Shop\",\"item\":\"https:\/\/business.roovi.com\/de\/shop\/\"},{\"@type\":\"ListItem\",\"position\":3,\"name\":\"1000 Teile Erwachsenenpuzzle Franz Marc &#8211; F\u00fcchse\"}]},{\"@type\":\"WebSite\",\"@id\":\"https:\/\/business.roovi.com\/de\/#website\",\"url\":\"https:\/\/business.roovi.com\/de\/\",\"name\":\"Roovi B2B\",\"description\":\"Roovi Business Website\",\"potentialAction\":[{\"@type\":\"SearchAction\",\"target\":{\"@type\":\"EntryPoint\",\"urlTemplate\":\"https:\/\/business.roovi.com\/de\/?s={search_term_string}\"},\"query-input\":\"required name=search_term_string\"}],\"inLanguage\":\"de\"}]}<\/script>\n<!-- \/ Yoast SEO plugin. -->","yoast_head_json":{"title":"1000 Teile Erwachsenenpuzzle Franz Marc - F\u00fcchse\/Vulpi","description":"1000 Teile Erwachsenenpuzzle Franz Marc - F\u00fcchse\/Vulpi","robots":{"index":"index","follow":"follow","max-snippet":"max-snippet:-1","max-image-preview":"max-image-preview:large","max-video-preview":"max-video-preview:-1"},"canonical":"https:\/\/business.roovi.com\/de\/1000-teile-erwachsenenpuzzle-franz-marc-fuchse-vulpi\/p\/","og_locale":"de_DE","og_type":"article","og_title":"1000 Teile Erwachsenenpuzzle Franz Marc - F\u00fcchse\/Vulpi","og_description":"1000 Teile Erwachsenenpuzzle Franz Marc - F\u00fcchse\/Vulpi","og_url":"https:\/\/business.roovi.com\/de\/1000-teile-erwachsenenpuzzle-franz-marc-fuchse-vulpi\/p\/","og_site_name":"Roovi B2B","article_publisher":"https:\/\/www.facebook.com\/wwwjucariero","article_modified_time":"2023-02-15T08:50:06+00:00","og_image":[{"width":1200,"height":1200,"url":"https:\/\/business.roovi.com\/wp-content\/uploads\/2018\/04\/72856-01_ansamblu_dimensiuni_cutie_cm_vertical.png","type":"image\/png"}],"twitter_misc":{"Gesch\u00e4tzte Lesezeit":"3\u00a0Minuten"},"schema":{"@context":"https:\/\/schema.org","@graph":[{"@type":"WebPage","@id":"https:\/\/business.roovi.com\/de\/1000-teile-erwachsenenpuzzle-franz-marc-fuchse-vulpi\/p\/","url":"https:\/\/business.roovi.com\/de\/1000-teile-erwachsenenpuzzle-franz-marc-fuchse-vulpi\/p\/","name":"1000 Teile Erwachsenenpuzzle Franz Marc - F\u00fcchse\/Vulpi","isPartOf":{"@id":"https:\/\/business.roovi.com\/de\/#website"},"datePublished":"2018-04-16T10:56:17+00:00","dateModified":"2023-02-15T08:50:06+00:00","description":"1000 Teile Erwachsenenpuzzle Franz Marc - F\u00fcchse\/Vulpi","breadcrumb":{"@id":"https:\/\/business.roovi.com\/de\/1000-teile-erwachsenenpuzzle-franz-marc-fuchse-vulpi\/p\/#breadcrumb"},"inLanguage":"de","potentialAction":[{"@type":"ReadAction","target":["https:\/\/business.roovi.com\/de\/1000-teile-erwachsenenpuzzle-franz-marc-fuchse-vulpi\/p\/"]}]},{"@type":"BreadcrumbList","@id":"https:\/\/business.roovi.com\/de\/1000-teile-erwachsenenpuzzle-franz-marc-fuchse-vulpi\/p\/#breadcrumb","itemListElement":[{"@type":"ListItem","position":1,"name":"Home","item":"https:\/\/business.roovi.com\/de\/"},{"@type":"ListItem","position":2,"name":"Shop","item":"https:\/\/business.roovi.com\/de\/shop\/"},{"@type":"ListItem","position":3,"name":"1000 Teile Erwachsenenpuzzle Franz Marc &#8211; F\u00fcchse"}]},{"@type":"WebSite","@id":"https:\/\/business.roovi.com\/de\/#website","url":"https:\/\/business.roovi.com\/de\/","name":"Roovi B2B","description":"Roovi Business Website","potentialAction":[{"@type":"SearchAction","target":{"@type":"EntryPoint","urlTemplate":"https:\/\/business.roovi.com\/de\/?s={search_term_string}"},"query-input":"required name=search_term_string"}],"inLanguage":"de"}]}},"_links":{"self":[{"href":"https:\/\/business.roovi.com\/de\/wp-json\/wp\/v2\/product\/42086","targetHints":{"allow":["GET"]}}],"collection":[{"href":"https:\/\/business.roovi.com\/de\/wp-json\/wp\/v2\/product"}],"about":[{"href":"https:\/\/business.roovi.com\/de\/wp-json\/wp\/v2\/types\/product"}],"version-history":[{"count":0,"href":"https:\/\/business.roovi.com\/de\/wp-json\/wp\/v2\/product\/42086\/revisions"}],"wp:featuredmedia":[{"embeddable":true,"href":"https:\/\/business.roovi.com\/de\/wp-json\/wp\/v2\/media\/63498"}],"wp:attachment":[{"href":"https:\/\/business.roovi.com\/de\/wp-json\/wp\/v2\/media?parent=42086"}],"wp:term":[{"taxonomy":"product_brand","embeddable":true,"href":"https:\/\/business.roovi.com\/de\/wp-json\/wp\/v2\/product_brand?post=42086"},{"taxonomy":"product_cat","embeddable":true,"href":"https:\/\/business.roovi.com\/de\/wp-json\/wp\/v2\/product_cat?post=42086"},{"taxonomy":"product_tag","embeddable":true,"href":"https:\/\/business.roovi.com\/de\/wp-json\/wp\/v2\/product_tag?post=42086"}],"curies":[{"name":"wp","href":"https:\/\/api.w.org\/{rel}","templated":true}]}}