{"id":42090,"date":"2018-04-16T10:56:17","date_gmt":"2018-04-16T10:56:17","guid":{"rendered":"https:\/\/business.roovi.com\/puzzle-adulti-1000-piese-franz-marc-blue-horsecal-albastru\/p\/"},"modified":"2023-02-15T08:41:23","modified_gmt":"2023-02-15T08:41:23","slug":"1000-teile-puzzle-fur-erwachsene-franz-marc-blaues-pferd-cal-blue","status":"publish","type":"product","link":"https:\/\/business.roovi.com\/de\/1000-teile-puzzle-fur-erwachsene-franz-marc-blaues-pferd-cal-blue\/p\/","title":{"rendered":"1000-Teile-Puzzle f\u00fcr Erwachsene Franz Marc &#8211; Blaues Pferd"},"content":{"rendered":"<p><span style=\"font-weight: 400;\">Suchst du nach einer Aktivit\u00e4t, die dich entspannt und dich vom Bildschirm fernh\u00e4lt? Mit der gr\u00f6\u00dften Sammlung von Kunstr\u00e4tseln l\u00f6st du dich von den Alltagssorgen und trittst in eine tiefe Verbindung mit dir selbst. Setze das 1000-teilige Puzzle zusammen und erlebe ein unglaubliches Erlebnis! <\/span><\/p>\n<p><span style=\"font-weight: 400;\">Franz Marc 1000 Teile Puzzle &#8211; Blue Horse l\u00e4dt dich ein, das Bild des ber\u00fchmtesten Gem\u00e4ldes des deutschen K\u00fcnstlers zusammenzusetzen. Das Werk hat eine besondere Symbolik, denn f\u00fcr Marc steht Blau f\u00fcr das spirituelle Prinzip. Der Autor verband dieses Symbol mit einem edlen Tier: dem Pferd, und das Ergebnis ist ein unsterbliches Meisterwerk.<\/span><\/p>\n<p><span style=\"font-weight: 400;\">Jetzt kannst du eine originalgetreue Kopie dieses atemberaubenden Gem\u00e4ldes haben. Wappne dich mit Geduld, ziehe deinen Wohnzimmercouchtisch zu und baue das Kunstwerk auf. Du hast bis zu 30 Stunden entspannten Spa\u00df mit diesem 1000-teiligen Puzzle.<\/span><\/p>\n<p><span style=\"font-weight: 400;\">Lies weiter unten mehr \u00fcber Franz Marcs Blaues Pferd art puzzle:<\/span><\/p>\n<p><strong>Ma\u00dfe des reproduzierten Bildes: 50 x 70 cm.<\/strong><\/p>\n<p><strong>Puzzle-Material <\/strong><\/p>\n<p><strong>hochwertiger blauer Karton<\/strong><\/p>\n<p><strong>nachhaltige, recycelbare Materialien<\/strong><\/p>\n<p><strong>halbgl\u00e4nzende Oberfl\u00e4che, leuchtende Farben<\/strong><\/p>\n<p><strong>Anzahl der Puzzleteile: 1000<\/strong><\/p>\n<p><strong>Empfohlenes Alter: 14+<\/strong><\/p>\n<p><span style=\"font-weight: 400;\">Das Zusammensetzen von 1000 Puzzleteilen ist nicht nur eine entspannende T\u00e4tigkeit, sondern auch eine gute Gelegenheit, um viele F\u00e4higkeiten zu entwickeln:<\/span><\/p>\n<p><strong>Liebe zum Detail<\/strong><span style=\"font-weight: 400;\"> &#8211; Jede Nuance im gro\u00dfen Ganzen zu erkennen, aber auch die feinen Unterschiede, die jedes der 1000 Puzzleteile einzigartig machen, ist ein gro\u00dfartiges Aufmerksamkeitstraining.<\/span><\/p>\n<p><strong>Beharrlichkeit<\/strong><span style=\"font-weight: 400;\"> &#8211; Das R\u00e4tselspiel ist wie eine Reise zum Gipfel eines Berges: Du erreichst den Gipfel in gro\u00dfen, kleinen Schritten und genie\u00dft das Abenteuer, ohne aufzugeben.<\/span><\/p>\n<p><strong>Speicher<\/strong><span style=\"font-weight: 400;\"> &#8211; Das Zusammensetzen des 1000-Teile-Puzzles trainiert dein Ged\u00e4chtnis, indem du dir fast unbewusst die Formen der Teile oder die verschiedenen Positionen, in die du die Puzzleteile legen musst, einpr\u00e4gst.<\/span><\/p>\n<p><strong>Probleml\u00f6sungskompetenz<\/strong><span style=\"font-weight: 400;\"> &#8211; ein 1000-Teile-Puzzle ist ein Problem, das aus&#8230; 1000 Teilen besteht! Auch wenn es schwierig erscheint, sie alle an den richtigen Platz zu bringen, mit viel Entschlossenheit gelingt es dir jedes Mal. Diese \u00dcbung trainiert dich auch, andere schwierige Probleme in deinem Leben zu l\u00f6sen.<\/span><\/p>\n<p><strong>Wer war Franz Marc?<\/strong><\/p>\n<p><span style=\"font-weight: 400;\">Einer der ikonischsten deutschen Maler, bekannt f\u00fcr die intensive Mystik seiner Tierbilder.<\/span><\/p>\n<p><span style=\"font-weight: 400;\">Er wurde von den Werken Van Goghs stark beeinflusst.<\/span><\/p>\n<p><span style=\"font-weight: 400;\">Zusammen mit dem Maler <\/span><span style=\"font-weight: 400;\">Wassily Kandinsky gr\u00fcndete die Gruppe <\/span><em><span style=\"font-weight: 400;\">Der Blaue Reiter &#8211; &#8222;The Blue Rider&#8220;<\/span><\/em><span style=\"font-weight: 400;\"> die die Idee unterst\u00fctzten, dass mystische Energie am besten durch Abstraktion offenbart wird <\/span><\/p>\n<p><span style=\"font-weight: 400;\">In seinen Gem\u00e4lden war jede Farbe ein Symbol: Er verwendete Blau f\u00fcr M\u00e4nnlichkeit und Spiritualit\u00e4t, Gelb und helle Farben f\u00fcr Weiblichkeit und Freude, und Rot stellte oft Gewalt dar<\/span><\/p>\n<p><span style=\"font-weight: 400;\">1930 zogen die Nazis seine Werke aus den deutschen Museen aus und setzten ihn auf die Liste der entarteten K\u00fcnstler.<\/span><\/p>\n<p><span style=\"font-weight: 400;\">Er starb im Alter von nur 36 Jahren im Ersten Weltkrieg, an der Front von <\/span><span style=\"font-weight: 400;\">Front von Verdun.<\/span><\/p>\n<p><strong>Kunstpuzzles bringen L\u00e4cheln und Gl\u00fcck<\/strong><\/p>\n<p><span style=\"font-weight: 400;\">Ein Kunstpuzzle zusammenzusetzen ist nicht nur ein Grund zur Entspannung, sondern auch zur Freude. Und das liegt daran, dass bei dieser Aktivit\u00e4t mehr Dopamin im Gehirn ausgesch\u00fcttet wird. Dies ist eine nat\u00fcrliche Substanz, die f\u00fcr die optimistische und fr\u00f6hliche Stimmung verantwortlich ist. Das erkl\u00e4rt die unglaubliche Befriedigung, die du bekommst, wenn du das letzte Teil des 1000er-Puzzles zusammengesetzt hast!&#8230;<\/span><\/p>\n<p><span style=\"font-weight: 400;\">1000 Teile Puzzle kaufen <\/span><span style=\"font-weight: 400;\">Franz Marc &#8211; Blue Horse und genie\u00dfe alle Vorteile, die diese entspannende Aktivit\u00e4t zu bieten hat! Entdecke Bilder der ber\u00fchmtesten Gem\u00e4lde der Welt in unserer Sammlung von Kunstr\u00e4tseln, lege sie in deinen virtuellen Korb und erstelle deine eigene originelle Kunstsammlung.<\/span><\/p>\n<p><span style=\"font-weight: 400;\">Du suchst ein Geschenk zum Jahrestag? Kunstr\u00e4tsel <\/span><span style=\"font-weight: 400;\">Franz Marc &#8211; Blue Horse ist die beste Wahl.<\/span><\/p>\n","protected":false},"excerpt":{"rendered":"<p>Suchst du nach einer Aktivit\u00e4t, die dich entspannt und dich vom Bildschirm fernh\u00e4lt? Mit der gr\u00f6\u00dften Sammlung von Kunstr\u00e4tseln l\u00f6st<\/p>\n","protected":false},"featured_media":63504,"template":"","meta":[],"product_brand":[],"product_cat":[1916,1875,1915],"product_tag":[],"class_list":{"0":"post-42090","1":"product","2":"type-product","3":"status-publish","4":"has-post-thumbnail","6":"product_cat-1000-teile-puzzle","7":"product_cat-puzzle-de","8":"product_cat-puzzlespiele-fur-erwachsene","9":"pa_bax-10-de","10":"pa_brand-d_toys-de","11":"pa_country_of_manufacture-ro-de","12":"pa_filter_age-14-de","13":"pa_painter-franz-marc","14":"pa_tip_ambalaj-kasten-a4-de","15":"pa_tip_puzzle-klassisch","17":"first","18":"instock","19":"taxable","20":"shipping-taxable","21":"product-type-simple"},"yoast_head":"<!-- This site is optimized with the Yoast SEO plugin v20.1 - https:\/\/yoast.com\/wordpress\/plugins\/seo\/ -->\n<title>1000-Teile-Puzzle f\u00fcr Erwachsene Franz Marc - Blaues Pferd\/Cal blue<\/title>\n<meta name=\"description\" content=\"1000-Teile-Puzzle f\u00fcr Erwachsene Franz Marc - Blaues Pferd\/Cal blue\" \/>\n<meta name=\"robots\" content=\"index, follow, max-snippet:-1, max-image-preview:large, max-video-preview:-1\" \/>\n<link rel=\"canonical\" href=\"https:\/\/business.roovi.com\/de\/1000-teile-puzzle-fur-erwachsene-franz-marc-blaues-pferd-cal-blue\/p\/\" \/>\n<meta property=\"og:locale\" content=\"de_DE\" \/>\n<meta property=\"og:type\" content=\"article\" \/>\n<meta property=\"og:title\" content=\"1000-Teile-Puzzle f\u00fcr Erwachsene Franz Marc - Blaues Pferd\/Cal blue\" \/>\n<meta property=\"og:description\" content=\"1000-Teile-Puzzle f\u00fcr Erwachsene Franz Marc - Blaues Pferd\/Cal blue\" \/>\n<meta property=\"og:url\" content=\"https:\/\/business.roovi.com\/de\/1000-teile-puzzle-fur-erwachsene-franz-marc-blaues-pferd-cal-blue\/p\/\" \/>\n<meta property=\"og:site_name\" content=\"Roovi B2B\" \/>\n<meta property=\"article:publisher\" content=\"https:\/\/www.facebook.com\/wwwjucariero\" \/>\n<meta property=\"article:modified_time\" content=\"2023-02-15T08:41:23+00:00\" \/>\n<meta property=\"og:image\" content=\"https:\/\/business.roovi.com\/wp-content\/uploads\/2018\/04\/72856-02_ansamblu_dimensiuni_cutie_cm_vertical.png\" \/>\n\t<meta property=\"og:image:width\" content=\"1200\" \/>\n\t<meta property=\"og:image:height\" content=\"1200\" \/>\n\t<meta property=\"og:image:type\" content=\"image\/png\" \/>\n<meta name=\"twitter:label1\" content=\"Gesch\u00e4tzte Lesezeit\" \/>\n\t<meta name=\"twitter:data1\" content=\"4\u00a0Minuten\" \/>\n<script type=\"application\/ld+json\" class=\"yoast-schema-graph\">{\"@context\":\"https:\/\/schema.org\",\"@graph\":[{\"@type\":\"WebPage\",\"@id\":\"https:\/\/business.roovi.com\/de\/1000-teile-puzzle-fur-erwachsene-franz-marc-blaues-pferd-cal-blue\/p\/\",\"url\":\"https:\/\/business.roovi.com\/de\/1000-teile-puzzle-fur-erwachsene-franz-marc-blaues-pferd-cal-blue\/p\/\",\"name\":\"1000-Teile-Puzzle f\u00fcr Erwachsene Franz Marc - Blaues Pferd\/Cal blue\",\"isPartOf\":{\"@id\":\"https:\/\/business.roovi.com\/de\/#website\"},\"datePublished\":\"2018-04-16T10:56:17+00:00\",\"dateModified\":\"2023-02-15T08:41:23+00:00\",\"description\":\"1000-Teile-Puzzle f\u00fcr Erwachsene Franz Marc - Blaues Pferd\/Cal blue\",\"breadcrumb\":{\"@id\":\"https:\/\/business.roovi.com\/de\/1000-teile-puzzle-fur-erwachsene-franz-marc-blaues-pferd-cal-blue\/p\/#breadcrumb\"},\"inLanguage\":\"de\",\"potentialAction\":[{\"@type\":\"ReadAction\",\"target\":[\"https:\/\/business.roovi.com\/de\/1000-teile-puzzle-fur-erwachsene-franz-marc-blaues-pferd-cal-blue\/p\/\"]}]},{\"@type\":\"BreadcrumbList\",\"@id\":\"https:\/\/business.roovi.com\/de\/1000-teile-puzzle-fur-erwachsene-franz-marc-blaues-pferd-cal-blue\/p\/#breadcrumb\",\"itemListElement\":[{\"@type\":\"ListItem\",\"position\":1,\"name\":\"Home\",\"item\":\"https:\/\/business.roovi.com\/de\/\"},{\"@type\":\"ListItem\",\"position\":2,\"name\":\"Shop\",\"item\":\"https:\/\/business.roovi.com\/de\/shop\/\"},{\"@type\":\"ListItem\",\"position\":3,\"name\":\"1000-Teile-Puzzle f\u00fcr Erwachsene Franz Marc &#8211; Blaues Pferd\"}]},{\"@type\":\"WebSite\",\"@id\":\"https:\/\/business.roovi.com\/de\/#website\",\"url\":\"https:\/\/business.roovi.com\/de\/\",\"name\":\"Roovi B2B\",\"description\":\"Roovi Business Website\",\"potentialAction\":[{\"@type\":\"SearchAction\",\"target\":{\"@type\":\"EntryPoint\",\"urlTemplate\":\"https:\/\/business.roovi.com\/de\/?s={search_term_string}\"},\"query-input\":\"required name=search_term_string\"}],\"inLanguage\":\"de\"}]}<\/script>\n<!-- \/ Yoast SEO plugin. -->","yoast_head_json":{"title":"1000-Teile-Puzzle f\u00fcr Erwachsene Franz Marc - Blaues Pferd\/Cal blue","description":"1000-Teile-Puzzle f\u00fcr Erwachsene Franz Marc - Blaues Pferd\/Cal blue","robots":{"index":"index","follow":"follow","max-snippet":"max-snippet:-1","max-image-preview":"max-image-preview:large","max-video-preview":"max-video-preview:-1"},"canonical":"https:\/\/business.roovi.com\/de\/1000-teile-puzzle-fur-erwachsene-franz-marc-blaues-pferd-cal-blue\/p\/","og_locale":"de_DE","og_type":"article","og_title":"1000-Teile-Puzzle f\u00fcr Erwachsene Franz Marc - Blaues Pferd\/Cal blue","og_description":"1000-Teile-Puzzle f\u00fcr Erwachsene Franz Marc - Blaues Pferd\/Cal blue","og_url":"https:\/\/business.roovi.com\/de\/1000-teile-puzzle-fur-erwachsene-franz-marc-blaues-pferd-cal-blue\/p\/","og_site_name":"Roovi B2B","article_publisher":"https:\/\/www.facebook.com\/wwwjucariero","article_modified_time":"2023-02-15T08:41:23+00:00","og_image":[{"width":1200,"height":1200,"url":"https:\/\/business.roovi.com\/wp-content\/uploads\/2018\/04\/72856-02_ansamblu_dimensiuni_cutie_cm_vertical.png","type":"image\/png"}],"twitter_misc":{"Gesch\u00e4tzte Lesezeit":"4\u00a0Minuten"},"schema":{"@context":"https:\/\/schema.org","@graph":[{"@type":"WebPage","@id":"https:\/\/business.roovi.com\/de\/1000-teile-puzzle-fur-erwachsene-franz-marc-blaues-pferd-cal-blue\/p\/","url":"https:\/\/business.roovi.com\/de\/1000-teile-puzzle-fur-erwachsene-franz-marc-blaues-pferd-cal-blue\/p\/","name":"1000-Teile-Puzzle f\u00fcr Erwachsene Franz Marc - Blaues Pferd\/Cal blue","isPartOf":{"@id":"https:\/\/business.roovi.com\/de\/#website"},"datePublished":"2018-04-16T10:56:17+00:00","dateModified":"2023-02-15T08:41:23+00:00","description":"1000-Teile-Puzzle f\u00fcr Erwachsene Franz Marc - Blaues Pferd\/Cal blue","breadcrumb":{"@id":"https:\/\/business.roovi.com\/de\/1000-teile-puzzle-fur-erwachsene-franz-marc-blaues-pferd-cal-blue\/p\/#breadcrumb"},"inLanguage":"de","potentialAction":[{"@type":"ReadAction","target":["https:\/\/business.roovi.com\/de\/1000-teile-puzzle-fur-erwachsene-franz-marc-blaues-pferd-cal-blue\/p\/"]}]},{"@type":"BreadcrumbList","@id":"https:\/\/business.roovi.com\/de\/1000-teile-puzzle-fur-erwachsene-franz-marc-blaues-pferd-cal-blue\/p\/#breadcrumb","itemListElement":[{"@type":"ListItem","position":1,"name":"Home","item":"https:\/\/business.roovi.com\/de\/"},{"@type":"ListItem","position":2,"name":"Shop","item":"https:\/\/business.roovi.com\/de\/shop\/"},{"@type":"ListItem","position":3,"name":"1000-Teile-Puzzle f\u00fcr Erwachsene Franz Marc &#8211; Blaues Pferd"}]},{"@type":"WebSite","@id":"https:\/\/business.roovi.com\/de\/#website","url":"https:\/\/business.roovi.com\/de\/","name":"Roovi B2B","description":"Roovi Business Website","potentialAction":[{"@type":"SearchAction","target":{"@type":"EntryPoint","urlTemplate":"https:\/\/business.roovi.com\/de\/?s={search_term_string}"},"query-input":"required name=search_term_string"}],"inLanguage":"de"}]}},"_links":{"self":[{"href":"https:\/\/business.roovi.com\/de\/wp-json\/wp\/v2\/product\/42090","targetHints":{"allow":["GET"]}}],"collection":[{"href":"https:\/\/business.roovi.com\/de\/wp-json\/wp\/v2\/product"}],"about":[{"href":"https:\/\/business.roovi.com\/de\/wp-json\/wp\/v2\/types\/product"}],"version-history":[{"count":0,"href":"https:\/\/business.roovi.com\/de\/wp-json\/wp\/v2\/product\/42090\/revisions"}],"wp:featuredmedia":[{"embeddable":true,"href":"https:\/\/business.roovi.com\/de\/wp-json\/wp\/v2\/media\/63504"}],"wp:attachment":[{"href":"https:\/\/business.roovi.com\/de\/wp-json\/wp\/v2\/media?parent=42090"}],"wp:term":[{"taxonomy":"product_brand","embeddable":true,"href":"https:\/\/business.roovi.com\/de\/wp-json\/wp\/v2\/product_brand?post=42090"},{"taxonomy":"product_cat","embeddable":true,"href":"https:\/\/business.roovi.com\/de\/wp-json\/wp\/v2\/product_cat?post=42090"},{"taxonomy":"product_tag","embeddable":true,"href":"https:\/\/business.roovi.com\/de\/wp-json\/wp\/v2\/product_tag?post=42090"}],"curies":[{"name":"wp","href":"https:\/\/api.w.org\/{rel}","templated":true}]}}