{"id":42094,"date":"2018-04-16T10:56:17","date_gmt":"2018-04-16T10:56:17","guid":{"rendered":"https:\/\/business.roovi.com\/puzzle-adulti-1000-piese-august-macke-four-girls-patru-fete\/p\/"},"modified":"2023-02-21T12:59:38","modified_gmt":"2023-02-21T12:59:38","slug":"august-macke-1000-teile-puzzle-fur-erwachsene-vier-madchen","status":"publish","type":"product","link":"https:\/\/business.roovi.com\/de\/august-macke-1000-teile-puzzle-fur-erwachsene-vier-madchen\/p\/","title":{"rendered":"August Macke 1000 Teile Puzzle f\u00fcr Erwachsene &#8211; Vier M\u00e4dchen"},"content":{"rendered":"<p><span style=\"font-weight: 400;\">Willst du ein echter K\u00fcnstler sein, der ein unsterbliches Werk schafft? Setze Bilder aus Kunstr\u00e4tseln zusammen und erlebe ein erstaunliches Gef\u00fchl der Zufriedenheit.<\/span><\/p>\n<p><span style=\"font-weight: 400;\">Gestalte das Bild des impressionistischen Gem\u00e4ldes in dem 1000 Teile Puzzle August Macke &#8211; Vier M\u00e4dchen neu und erschaffe ein lebendiges, farbenfrohes Gem\u00e4lde. Der Besuch des K\u00fcnstlers in Frankreich im Jahr 1907 sollte seinen k\u00fcnstlerischen Stil f\u00fcr immer pr\u00e4gen. Beeinflusst von der dynamischen und farbenfrohen Malerei Robert Delaunays, schuf August Macke Bilder mit vereinfachten Formen in rhythmischen Farbharmonien.<\/span><\/p>\n<p><span style=\"font-weight: 400;\">Malerei <\/span><em><span style=\"font-weight: 400;\">Vier M\u00e4dchen <\/span><\/em><span style=\"font-weight: 400;\">stammt aus Mackes produktivster Zeit. Die Szene hat etwas Kontemplatives und es wird eine gro\u00dfe Freude sein, dieses Bild aus dem 1000-Teile-Puzzle nachzubauen. Du bekommst ein wundersch\u00f6nes Gem\u00e4lde aus einem tollen Puzzlespiel.<\/span><\/p>\n<p><span style=\"font-weight: 400;\">Willst du mehr \u00fcber August Macke &#8211; Vier M\u00e4dchen Kunstpuzzle erfahren? Lies hier:<\/span><\/p>\n<p><strong>Gr\u00f6\u00dfe des rekonstruierten Bildes: 50 x 70 cm<\/strong><\/p>\n<p><strong>Puzzle-Material <\/strong><\/p>\n<p><strong>hochwertiger blauer Karton<\/strong><\/p>\n<p><strong>nachhaltige, recycelbare Materialien<\/strong><\/p>\n<p><strong>halbgl\u00e4nzende Oberfl\u00e4che, leuchtende Farben<\/strong><\/p>\n<p><strong>Anzahl der Puzzleteile: 1000<\/strong><\/p>\n<p><strong>Empfohlenes Alter: 14+<\/strong><\/p>\n<p><span style=\"font-weight: 400;\">Das Zusammensetzen eines Kunstpuzzles bringt dir viele Vorteile:<\/span><\/p>\n<ul>\n<li><span style=\"font-weight: 400;\">Es schaltet dich von den Alltagssorgen ab.<\/span><\/li>\n<li><span style=\"font-weight: 400;\">Es trainiert dein Ged\u00e4chtnis.<\/span><\/li>\n<li><span style=\"font-weight: 400;\">Es erh\u00f6ht deine Geschicklichkeit.<\/span><\/li>\n<li><span style=\"font-weight: 400;\">Hilft dir, dich auf eine einzige Aufgabe zu konzentrieren.<\/span><\/li>\n<li><span style=\"font-weight: 400;\">Es macht dich aufmerksamer f\u00fcr Details.<\/span><\/li>\n<\/ul>\n<p><strong>Wusstest du schon von August Macke?<\/strong><\/p>\n<p><span style=\"font-weight: 400;\">Er hat nicht nur gemalt, sondern auch B\u00fchnenbilder und Kost\u00fcme f\u00fcr Theaterst\u00fccke angefertigt.<\/span><\/p>\n<p><span style=\"font-weight: 400;\">Zusammen mit anderen Malern des Impressionismus &#8211;<\/span><span style=\"font-weight: 400;\"> Wassili Kandinsky, Alfred Kubin und Franz Marc<\/span><span style=\"font-weight: 400;\"> &#8211; gr\u00fcndete die <\/span><span style=\"font-weight: 400;\"> k\u00fcnstlergruppe <\/span><em><span style=\"font-weight: 400;\">Der Blaue Reiter<\/span><\/em><span style=\"font-weight: 400;\"> (&#8222;Der Blaue Reiter&#8220;).<\/span><\/p>\n<p><span style=\"font-weight: 400;\">Seine Bilder verzerren meist Farbe und Form und konzentrieren sich darauf, Gef\u00fchle und Stimmungen auszudr\u00fccken, anstatt die objektive Realit\u00e4t wiederzugeben.<\/span><\/p>\n<p><span style=\"font-weight: 400;\">Macke war nur von kurzer Dauer. Er starb im Alter von nur 27 Jahren im Ersten Weltkrieg an einer Schlachtfront in Frankreich.<\/span><\/p>\n<p><strong>1000-Teile-Puzzle: Damit du zu Hause sicher bist<\/strong><\/p>\n<p><span style=\"font-weight: 400;\">Setz dich bequem vor den Couchtisch in deinem Wohnzimmer und beginne mit der Arbeit an diesem faszinierenden Kunstwerk aus August Mackes 1000-teiligem Puzzle &#8211; Four Girls. Die Harmonie der Farben und der Reichtum an Details, die der K\u00fcnstler eingefangen hat, werden dich stundenlang besch\u00e4ftigen <\/span><\/p>\n<p><span style=\"font-weight: 400;\">Du und deine Kinder k\u00f6nnen das 1000-teilige Puzzlebild zusammensetzen. Es ist eine tolle Gelegenheit, zusammenzukommen und auf ein gemeinsames Ziel hinzuarbeiten. Jedes abgeschlossene Puzzlespiel kann zu einer pers\u00f6nlichen Sammlung von Kunstpuzzle-Bildern hinzugef\u00fcgt werden.<\/span><\/p>\n<p><span style=\"font-weight: 400;\">Das 1000 Teile Puzzle von August Macke &#8211; Four Girls ist ein tolles Geschenk f\u00fcr Geburtstage oder andere feierliche Anl\u00e4sse.<\/span><\/p>\n","protected":false},"excerpt":{"rendered":"<p>Willst du ein echter K\u00fcnstler sein, der ein unsterbliches Werk schafft? Setze Bilder aus Kunstr\u00e4tseln zusammen und erlebe ein erstaunliches<\/p>\n","protected":false},"featured_media":63595,"template":"","meta":[],"product_brand":[],"product_cat":[1916,1875,1915],"product_tag":[],"class_list":{"0":"post-42094","1":"product","2":"type-product","3":"status-publish","4":"has-post-thumbnail","6":"product_cat-1000-teile-puzzle","7":"product_cat-puzzle-de","8":"product_cat-puzzlespiele-fur-erwachsene","9":"pa_bax-10-de","10":"pa_brand-d_toys-de","11":"pa_country_of_manufacture-ro-de","12":"pa_filter_age-14-de","13":"pa_painter-august-macke","14":"pa_tip_ambalaj-kasten-a4-de","15":"pa_tip_puzzle-klassisch","17":"first","18":"instock","19":"taxable","20":"shipping-taxable","21":"product-type-simple"},"yoast_head":"<!-- This site is optimized with the Yoast SEO plugin v20.1 - https:\/\/yoast.com\/wordpress\/plugins\/seo\/ -->\n<title>August Macke 1000 Teile Puzzle f\u00fcr Erwachsene - Vier M\u00e4dchen<\/title>\n<meta name=\"description\" content=\"August Macke 1000 Teile Puzzle f\u00fcr Erwachsene - Vier M\u00e4dchen\" \/>\n<meta name=\"robots\" content=\"index, follow, max-snippet:-1, max-image-preview:large, max-video-preview:-1\" \/>\n<link rel=\"canonical\" href=\"https:\/\/business.roovi.com\/de\/august-macke-1000-teile-puzzle-fur-erwachsene-vier-madchen\/p\/\" \/>\n<meta property=\"og:locale\" content=\"de_DE\" \/>\n<meta property=\"og:type\" content=\"article\" \/>\n<meta property=\"og:title\" content=\"August Macke 1000 Teile Puzzle f\u00fcr Erwachsene - Vier M\u00e4dchen\" \/>\n<meta property=\"og:description\" content=\"August Macke 1000 Teile Puzzle f\u00fcr Erwachsene - Vier M\u00e4dchen\" \/>\n<meta property=\"og:url\" content=\"https:\/\/business.roovi.com\/de\/august-macke-1000-teile-puzzle-fur-erwachsene-vier-madchen\/p\/\" \/>\n<meta property=\"og:site_name\" content=\"Roovi B2B\" \/>\n<meta property=\"article:publisher\" content=\"https:\/\/www.facebook.com\/wwwjucariero\" \/>\n<meta property=\"article:modified_time\" content=\"2023-02-21T12:59:38+00:00\" \/>\n<meta property=\"og:image\" content=\"https:\/\/business.roovi.com\/wp-content\/uploads\/2018\/04\/72863-MA-01-WEB.jpg\" \/>\n\t<meta property=\"og:image:width\" content=\"1200\" \/>\n\t<meta property=\"og:image:height\" content=\"1200\" \/>\n\t<meta property=\"og:image:type\" content=\"image\/jpeg\" \/>\n<meta name=\"twitter:label1\" content=\"Gesch\u00e4tzte Lesezeit\" \/>\n\t<meta name=\"twitter:data1\" content=\"3\u00a0Minuten\" \/>\n<script type=\"application\/ld+json\" class=\"yoast-schema-graph\">{\"@context\":\"https:\/\/schema.org\",\"@graph\":[{\"@type\":\"WebPage\",\"@id\":\"https:\/\/business.roovi.com\/de\/august-macke-1000-teile-puzzle-fur-erwachsene-vier-madchen\/p\/\",\"url\":\"https:\/\/business.roovi.com\/de\/august-macke-1000-teile-puzzle-fur-erwachsene-vier-madchen\/p\/\",\"name\":\"August Macke 1000 Teile Puzzle f\u00fcr Erwachsene - Vier M\u00e4dchen\",\"isPartOf\":{\"@id\":\"https:\/\/business.roovi.com\/de\/#website\"},\"datePublished\":\"2018-04-16T10:56:17+00:00\",\"dateModified\":\"2023-02-21T12:59:38+00:00\",\"description\":\"August Macke 1000 Teile Puzzle f\u00fcr Erwachsene - Vier M\u00e4dchen\",\"breadcrumb\":{\"@id\":\"https:\/\/business.roovi.com\/de\/august-macke-1000-teile-puzzle-fur-erwachsene-vier-madchen\/p\/#breadcrumb\"},\"inLanguage\":\"de\",\"potentialAction\":[{\"@type\":\"ReadAction\",\"target\":[\"https:\/\/business.roovi.com\/de\/august-macke-1000-teile-puzzle-fur-erwachsene-vier-madchen\/p\/\"]}]},{\"@type\":\"BreadcrumbList\",\"@id\":\"https:\/\/business.roovi.com\/de\/august-macke-1000-teile-puzzle-fur-erwachsene-vier-madchen\/p\/#breadcrumb\",\"itemListElement\":[{\"@type\":\"ListItem\",\"position\":1,\"name\":\"Home\",\"item\":\"https:\/\/business.roovi.com\/de\/\"},{\"@type\":\"ListItem\",\"position\":2,\"name\":\"Shop\",\"item\":\"https:\/\/business.roovi.com\/de\/shop\/\"},{\"@type\":\"ListItem\",\"position\":3,\"name\":\"August Macke 1000 Teile Puzzle f\u00fcr Erwachsene &#8211; Vier M\u00e4dchen\"}]},{\"@type\":\"WebSite\",\"@id\":\"https:\/\/business.roovi.com\/de\/#website\",\"url\":\"https:\/\/business.roovi.com\/de\/\",\"name\":\"Roovi B2B\",\"description\":\"Roovi Business Website\",\"potentialAction\":[{\"@type\":\"SearchAction\",\"target\":{\"@type\":\"EntryPoint\",\"urlTemplate\":\"https:\/\/business.roovi.com\/de\/?s={search_term_string}\"},\"query-input\":\"required name=search_term_string\"}],\"inLanguage\":\"de\"}]}<\/script>\n<!-- \/ Yoast SEO plugin. -->","yoast_head_json":{"title":"August Macke 1000 Teile Puzzle f\u00fcr Erwachsene - Vier M\u00e4dchen","description":"August Macke 1000 Teile Puzzle f\u00fcr Erwachsene - Vier M\u00e4dchen","robots":{"index":"index","follow":"follow","max-snippet":"max-snippet:-1","max-image-preview":"max-image-preview:large","max-video-preview":"max-video-preview:-1"},"canonical":"https:\/\/business.roovi.com\/de\/august-macke-1000-teile-puzzle-fur-erwachsene-vier-madchen\/p\/","og_locale":"de_DE","og_type":"article","og_title":"August Macke 1000 Teile Puzzle f\u00fcr Erwachsene - Vier M\u00e4dchen","og_description":"August Macke 1000 Teile Puzzle f\u00fcr Erwachsene - Vier M\u00e4dchen","og_url":"https:\/\/business.roovi.com\/de\/august-macke-1000-teile-puzzle-fur-erwachsene-vier-madchen\/p\/","og_site_name":"Roovi B2B","article_publisher":"https:\/\/www.facebook.com\/wwwjucariero","article_modified_time":"2023-02-21T12:59:38+00:00","og_image":[{"width":1200,"height":1200,"url":"https:\/\/business.roovi.com\/wp-content\/uploads\/2018\/04\/72863-MA-01-WEB.jpg","type":"image\/jpeg"}],"twitter_misc":{"Gesch\u00e4tzte Lesezeit":"3\u00a0Minuten"},"schema":{"@context":"https:\/\/schema.org","@graph":[{"@type":"WebPage","@id":"https:\/\/business.roovi.com\/de\/august-macke-1000-teile-puzzle-fur-erwachsene-vier-madchen\/p\/","url":"https:\/\/business.roovi.com\/de\/august-macke-1000-teile-puzzle-fur-erwachsene-vier-madchen\/p\/","name":"August Macke 1000 Teile Puzzle f\u00fcr Erwachsene - Vier M\u00e4dchen","isPartOf":{"@id":"https:\/\/business.roovi.com\/de\/#website"},"datePublished":"2018-04-16T10:56:17+00:00","dateModified":"2023-02-21T12:59:38+00:00","description":"August Macke 1000 Teile Puzzle f\u00fcr Erwachsene - Vier M\u00e4dchen","breadcrumb":{"@id":"https:\/\/business.roovi.com\/de\/august-macke-1000-teile-puzzle-fur-erwachsene-vier-madchen\/p\/#breadcrumb"},"inLanguage":"de","potentialAction":[{"@type":"ReadAction","target":["https:\/\/business.roovi.com\/de\/august-macke-1000-teile-puzzle-fur-erwachsene-vier-madchen\/p\/"]}]},{"@type":"BreadcrumbList","@id":"https:\/\/business.roovi.com\/de\/august-macke-1000-teile-puzzle-fur-erwachsene-vier-madchen\/p\/#breadcrumb","itemListElement":[{"@type":"ListItem","position":1,"name":"Home","item":"https:\/\/business.roovi.com\/de\/"},{"@type":"ListItem","position":2,"name":"Shop","item":"https:\/\/business.roovi.com\/de\/shop\/"},{"@type":"ListItem","position":3,"name":"August Macke 1000 Teile Puzzle f\u00fcr Erwachsene &#8211; Vier M\u00e4dchen"}]},{"@type":"WebSite","@id":"https:\/\/business.roovi.com\/de\/#website","url":"https:\/\/business.roovi.com\/de\/","name":"Roovi B2B","description":"Roovi Business Website","potentialAction":[{"@type":"SearchAction","target":{"@type":"EntryPoint","urlTemplate":"https:\/\/business.roovi.com\/de\/?s={search_term_string}"},"query-input":"required name=search_term_string"}],"inLanguage":"de"}]}},"_links":{"self":[{"href":"https:\/\/business.roovi.com\/de\/wp-json\/wp\/v2\/product\/42094","targetHints":{"allow":["GET"]}}],"collection":[{"href":"https:\/\/business.roovi.com\/de\/wp-json\/wp\/v2\/product"}],"about":[{"href":"https:\/\/business.roovi.com\/de\/wp-json\/wp\/v2\/types\/product"}],"version-history":[{"count":0,"href":"https:\/\/business.roovi.com\/de\/wp-json\/wp\/v2\/product\/42094\/revisions"}],"wp:featuredmedia":[{"embeddable":true,"href":"https:\/\/business.roovi.com\/de\/wp-json\/wp\/v2\/media\/63595"}],"wp:attachment":[{"href":"https:\/\/business.roovi.com\/de\/wp-json\/wp\/v2\/media?parent=42094"}],"wp:term":[{"taxonomy":"product_brand","embeddable":true,"href":"https:\/\/business.roovi.com\/de\/wp-json\/wp\/v2\/product_brand?post=42094"},{"taxonomy":"product_cat","embeddable":true,"href":"https:\/\/business.roovi.com\/de\/wp-json\/wp\/v2\/product_cat?post=42094"},{"taxonomy":"product_tag","embeddable":true,"href":"https:\/\/business.roovi.com\/de\/wp-json\/wp\/v2\/product_tag?post=42094"}],"curies":[{"name":"wp","href":"https:\/\/api.w.org\/{rel}","templated":true}]}}