{"id":42098,"date":"2018-04-16T10:56:17","date_gmt":"2018-04-16T10:56:17","guid":{"rendered":"https:\/\/business.roovi.com\/puzzle-adulti-1000-piese-august-macke-two-girlsdoua-fete\/p\/"},"modified":"2023-02-21T13:06:21","modified_gmt":"2023-02-21T13:06:21","slug":"august-macke-1000-teile-puzzle-fur-erwachsene-zwei-madchen-doua-fete","status":"publish","type":"product","link":"https:\/\/business.roovi.com\/de\/august-macke-1000-teile-puzzle-fur-erwachsene-zwei-madchen-doua-fete\/p\/","title":{"rendered":"August Macke 1000 Teile Puzzle f\u00fcr Erwachsene &#8211; Zwei M\u00e4dchen"},"content":{"rendered":"<p><span style=\"font-weight: 400;\">Du denkst, du bist gut in 1000-teiligen Puzzles? Wir fordern dich zu Kunstr\u00e4tseln heraus! Die subtilen Details in ber\u00fchmten Kunstwerken werden dich in ihren Bann ziehen und du wirst viele Stunden entspannten Spa\u00df mit den exquisitesten Puzzlespielen verbringen.<\/span><\/p>\n<p><span style=\"font-weight: 400;\">August Mackes 1000 Piece Puzzle &#8211; Two Girls f\u00e4ngt die Faszination des K\u00fcnstlers f\u00fcr den italienischen Futurismus ein, der Geschwindigkeit und Technologie auf erstaunliche Weise in der Malerei verherrlichte. Mackes M\u00e4dchen sind Teil des gesch\u00e4ftigen Treibens in der Stadt. Auf dem Gem\u00e4lde scheint alles in Bewegung zu sein <\/span><\/p>\n<p><span style=\"font-weight: 400;\">Menschen und Gegenst\u00e4nde scheinen sich in kristalline geometrische Formen aufzul\u00f6sen. Der K\u00fcnstler beschr\u00e4nkt seine Komposition nicht auf abstrakte Formen. Die M\u00e4dchen betrachten das Geschehen, aber sie verschmelzen nicht zu Formen.<\/span><\/p>\n<p><span style=\"font-weight: 400;\">Bist du bereit f\u00fcr die Neuauflage dieses Bildes? Nimm dir einen normalen Couchtisch und fang an, an einem k\u00fcnstlerischen Meisterwerk zu arbeiten, das dich stundenlang besch\u00e4ftigen wird. Das Gem\u00e4lde ist 50 x 70 cm gro\u00df <\/span><\/p>\n<p><span style=\"font-weight: 400;\">Informationen \u00fcber das Kunstpuzzle August Macke &#8211; Zwei M\u00e4dchen:<\/span><\/p>\n<p><strong>Puzzle-Material <\/strong><\/p>\n<p><strong>hochwertiger blauer Karton<\/strong><\/p>\n<p><strong>nachhaltige, recycelbare Materialien<\/strong><\/p>\n<p><strong>halbgl\u00e4nzende Oberfl\u00e4che, leuchtende Farben<\/strong><\/p>\n<p><strong>Anzahl der Puzzleteile: 1000<\/strong><\/p>\n<p><strong>Empfohlenes Alter: 14+<\/strong><\/p>\n<p><span style=\"font-weight: 400;\">Setze das August Macke &#8211; Two Girls Kunstpuzzle zusammen und genie\u00dfe erstaunliche Vorteile <\/span><\/p>\n<ul>\n<li><span style=\"font-weight: 400;\">Hilft dir, die Sch\u00f6nheit durch eine einfache und entspannende Aktivit\u00e4t wiederzuentdecken.<\/span><\/li>\n<li><span style=\"font-weight: 400;\">Er entf\u00fchrt dich in eine k\u00fcnstlerische Welt, die du vielleicht noch nicht kanntest.<\/span><\/li>\n<li><span style=\"font-weight: 400;\">Mit diesem wunderbaren Puzzlespiel gestaltest du ein ber\u00fchmtes Gem\u00e4lde, das du einrahmen und in deinem Haus ausstellen kannst.<\/span><\/li>\n<li><span style=\"font-weight: 400;\">Es gibt dir die M\u00f6glichkeit, ein etabliertes Kunstwerk bis ins kleinste Detail zu bewundern.<\/span><\/li>\n<\/ul>\n<p><strong>Wusstest du, dass August Macke&#8230;?<\/strong><\/p>\n<p><span style=\"font-weight: 400;\">Er ist einer der ber\u00fchmtesten deutschen impressionistischen Maler.<\/span><\/p>\n<p><span style=\"font-weight: 400;\">Er lebte in einer f\u00fcr die deutsche Kunst besonders innovativen Zeit: Er wurde Zeuge der Entwicklung der wichtigsten expressionistischen Bewegungen sowie der europ\u00e4ischen Avantgardebewegungen.<\/span><\/p>\n<p><span style=\"font-weight: 400;\">Er reiste nach Paris, wo er die Gem\u00e4lde der franz\u00f6sischen Impressionisten sah, die ihn faszinierten und tief beeinflussten.<\/span><\/p>\n<p><span style=\"font-weight: 400;\">Er integrierte Elemente der Avantgarde in seine Bilder, die ihn am meisten interessierten. Er verwendete eine Kombination aus vereinfachten Formen und leuchtenden Farben, um Portr\u00e4ts und figurative Szenen zu schaffen.<\/span><\/p>\n<p><span style=\"font-weight: 400;\">Er hatte eine kurze Karriere. Er starb im Alter von nur 27 Jahren w\u00e4hrend des Ersten Weltkriegs an einer Front in Frankreich.<\/span><\/p>\n<p><strong>Mit Erwachsenenr\u00e4tsel August Macke &#8211; Zwei M\u00e4dchen verbringen Zeit mit Freunden<\/strong><\/p>\n<p><span style=\"font-weight: 400;\">Versammle deine Freunde und verbringe einen Themenabend, um dieses Kunstpuzzle zu vervollst\u00e4ndigen. Arbeite zu zweit an verschiedenen Teilen des Puzzles, lege die beste Strategie fest und entspanne dich gemeinsam f\u00fcr ein paar sch\u00f6ne Stunden an eint\u00f6nigen Wochenenden.<\/span><\/p>\n<p><span style=\"font-weight: 400;\">Dieses Kunstpuzzle kann im Haus aufbewahrt und immer wieder neu gemacht werden, wenn du das Bed\u00fcrfnis hast, dem Alltag zu entfliehen. Er ist aus hochwertigen Materialien hergestellt, die ihn widerstandsf\u00e4hig machen und mehrfach verwendet werden k\u00f6nnen. Es kann auch an Freunde verschenkt werden, die Puzzlespiele lieben, oder zu festlichen Anl\u00e4ssen.<\/span><\/p>\n","protected":false},"excerpt":{"rendered":"<p>Du denkst, du bist gut in 1000-teiligen Puzzles? Wir fordern dich zu Kunstr\u00e4tseln heraus! Die subtilen Details in ber\u00fchmten Kunstwerken<\/p>\n","protected":false},"featured_media":63604,"template":"","meta":[],"product_brand":[],"product_cat":[1916,1875,1915],"product_tag":[],"class_list":{"0":"post-42098","1":"product","2":"type-product","3":"status-publish","4":"has-post-thumbnail","6":"product_cat-1000-teile-puzzle","7":"product_cat-puzzle-de","8":"product_cat-puzzlespiele-fur-erwachsene","9":"pa_bax-10-de","10":"pa_brand-d_toys-de","11":"pa_country_of_manufacture-ro-de","12":"pa_filter_age-14-de","13":"pa_painter-august-macke","14":"pa_tip_ambalaj-kasten-a4-de","15":"pa_tip_puzzle-klassisch","17":"first","18":"instock","19":"taxable","20":"shipping-taxable","21":"product-type-simple"},"yoast_head":"<!-- This site is optimized with the Yoast SEO plugin v20.1 - https:\/\/yoast.com\/wordpress\/plugins\/seo\/ -->\n<title>August Macke 1000 Teile Puzzle f\u00fcr Erwachsene - Zwei M\u00e4dchen\/Dou\u0103 fete<\/title>\n<meta name=\"description\" content=\"August Macke 1000 Teile Puzzle f\u00fcr Erwachsene - Zwei M\u00e4dchen\/Dou\u0103 fete\" \/>\n<meta name=\"robots\" content=\"index, follow, max-snippet:-1, max-image-preview:large, max-video-preview:-1\" \/>\n<link rel=\"canonical\" href=\"https:\/\/business.roovi.com\/de\/august-macke-1000-teile-puzzle-fur-erwachsene-zwei-madchen-doua-fete\/p\/\" \/>\n<meta property=\"og:locale\" content=\"de_DE\" \/>\n<meta property=\"og:type\" content=\"article\" \/>\n<meta property=\"og:title\" content=\"August Macke 1000 Teile Puzzle f\u00fcr Erwachsene - Zwei M\u00e4dchen\/Dou\u0103 fete\" \/>\n<meta property=\"og:description\" content=\"August Macke 1000 Teile Puzzle f\u00fcr Erwachsene - Zwei M\u00e4dchen\/Dou\u0103 fete\" \/>\n<meta property=\"og:url\" content=\"https:\/\/business.roovi.com\/de\/august-macke-1000-teile-puzzle-fur-erwachsene-zwei-madchen-doua-fete\/p\/\" \/>\n<meta property=\"og:site_name\" content=\"Roovi B2B\" \/>\n<meta property=\"article:publisher\" content=\"https:\/\/www.facebook.com\/wwwjucariero\" \/>\n<meta property=\"article:modified_time\" content=\"2023-02-21T13:06:21+00:00\" \/>\n<meta property=\"og:image\" content=\"https:\/\/business.roovi.com\/wp-content\/uploads\/2018\/04\/72863-MA-02-WEB.jpg\" \/>\n\t<meta property=\"og:image:width\" content=\"1200\" \/>\n\t<meta property=\"og:image:height\" content=\"1200\" \/>\n\t<meta property=\"og:image:type\" content=\"image\/jpeg\" \/>\n<meta name=\"twitter:label1\" content=\"Gesch\u00e4tzte Lesezeit\" \/>\n\t<meta name=\"twitter:data1\" content=\"3\u00a0Minuten\" \/>\n<script type=\"application\/ld+json\" class=\"yoast-schema-graph\">{\"@context\":\"https:\/\/schema.org\",\"@graph\":[{\"@type\":\"WebPage\",\"@id\":\"https:\/\/business.roovi.com\/de\/august-macke-1000-teile-puzzle-fur-erwachsene-zwei-madchen-doua-fete\/p\/\",\"url\":\"https:\/\/business.roovi.com\/de\/august-macke-1000-teile-puzzle-fur-erwachsene-zwei-madchen-doua-fete\/p\/\",\"name\":\"August Macke 1000 Teile Puzzle f\u00fcr Erwachsene - Zwei M\u00e4dchen\/Dou\u0103 fete\",\"isPartOf\":{\"@id\":\"https:\/\/business.roovi.com\/de\/#website\"},\"datePublished\":\"2018-04-16T10:56:17+00:00\",\"dateModified\":\"2023-02-21T13:06:21+00:00\",\"description\":\"August Macke 1000 Teile Puzzle f\u00fcr Erwachsene - Zwei M\u00e4dchen\/Dou\u0103 fete\",\"breadcrumb\":{\"@id\":\"https:\/\/business.roovi.com\/de\/august-macke-1000-teile-puzzle-fur-erwachsene-zwei-madchen-doua-fete\/p\/#breadcrumb\"},\"inLanguage\":\"de\",\"potentialAction\":[{\"@type\":\"ReadAction\",\"target\":[\"https:\/\/business.roovi.com\/de\/august-macke-1000-teile-puzzle-fur-erwachsene-zwei-madchen-doua-fete\/p\/\"]}]},{\"@type\":\"BreadcrumbList\",\"@id\":\"https:\/\/business.roovi.com\/de\/august-macke-1000-teile-puzzle-fur-erwachsene-zwei-madchen-doua-fete\/p\/#breadcrumb\",\"itemListElement\":[{\"@type\":\"ListItem\",\"position\":1,\"name\":\"Home\",\"item\":\"https:\/\/business.roovi.com\/de\/\"},{\"@type\":\"ListItem\",\"position\":2,\"name\":\"Shop\",\"item\":\"https:\/\/business.roovi.com\/de\/shop\/\"},{\"@type\":\"ListItem\",\"position\":3,\"name\":\"August Macke 1000 Teile Puzzle f\u00fcr Erwachsene &#8211; Zwei M\u00e4dchen\"}]},{\"@type\":\"WebSite\",\"@id\":\"https:\/\/business.roovi.com\/de\/#website\",\"url\":\"https:\/\/business.roovi.com\/de\/\",\"name\":\"Roovi B2B\",\"description\":\"Roovi Business Website\",\"potentialAction\":[{\"@type\":\"SearchAction\",\"target\":{\"@type\":\"EntryPoint\",\"urlTemplate\":\"https:\/\/business.roovi.com\/de\/?s={search_term_string}\"},\"query-input\":\"required name=search_term_string\"}],\"inLanguage\":\"de\"}]}<\/script>\n<!-- \/ Yoast SEO plugin. -->","yoast_head_json":{"title":"August Macke 1000 Teile Puzzle f\u00fcr Erwachsene - Zwei M\u00e4dchen\/Dou\u0103 fete","description":"August Macke 1000 Teile Puzzle f\u00fcr Erwachsene - Zwei M\u00e4dchen\/Dou\u0103 fete","robots":{"index":"index","follow":"follow","max-snippet":"max-snippet:-1","max-image-preview":"max-image-preview:large","max-video-preview":"max-video-preview:-1"},"canonical":"https:\/\/business.roovi.com\/de\/august-macke-1000-teile-puzzle-fur-erwachsene-zwei-madchen-doua-fete\/p\/","og_locale":"de_DE","og_type":"article","og_title":"August Macke 1000 Teile Puzzle f\u00fcr Erwachsene - Zwei M\u00e4dchen\/Dou\u0103 fete","og_description":"August Macke 1000 Teile Puzzle f\u00fcr Erwachsene - Zwei M\u00e4dchen\/Dou\u0103 fete","og_url":"https:\/\/business.roovi.com\/de\/august-macke-1000-teile-puzzle-fur-erwachsene-zwei-madchen-doua-fete\/p\/","og_site_name":"Roovi B2B","article_publisher":"https:\/\/www.facebook.com\/wwwjucariero","article_modified_time":"2023-02-21T13:06:21+00:00","og_image":[{"width":1200,"height":1200,"url":"https:\/\/business.roovi.com\/wp-content\/uploads\/2018\/04\/72863-MA-02-WEB.jpg","type":"image\/jpeg"}],"twitter_misc":{"Gesch\u00e4tzte Lesezeit":"3\u00a0Minuten"},"schema":{"@context":"https:\/\/schema.org","@graph":[{"@type":"WebPage","@id":"https:\/\/business.roovi.com\/de\/august-macke-1000-teile-puzzle-fur-erwachsene-zwei-madchen-doua-fete\/p\/","url":"https:\/\/business.roovi.com\/de\/august-macke-1000-teile-puzzle-fur-erwachsene-zwei-madchen-doua-fete\/p\/","name":"August Macke 1000 Teile Puzzle f\u00fcr Erwachsene - Zwei M\u00e4dchen\/Dou\u0103 fete","isPartOf":{"@id":"https:\/\/business.roovi.com\/de\/#website"},"datePublished":"2018-04-16T10:56:17+00:00","dateModified":"2023-02-21T13:06:21+00:00","description":"August Macke 1000 Teile Puzzle f\u00fcr Erwachsene - Zwei M\u00e4dchen\/Dou\u0103 fete","breadcrumb":{"@id":"https:\/\/business.roovi.com\/de\/august-macke-1000-teile-puzzle-fur-erwachsene-zwei-madchen-doua-fete\/p\/#breadcrumb"},"inLanguage":"de","potentialAction":[{"@type":"ReadAction","target":["https:\/\/business.roovi.com\/de\/august-macke-1000-teile-puzzle-fur-erwachsene-zwei-madchen-doua-fete\/p\/"]}]},{"@type":"BreadcrumbList","@id":"https:\/\/business.roovi.com\/de\/august-macke-1000-teile-puzzle-fur-erwachsene-zwei-madchen-doua-fete\/p\/#breadcrumb","itemListElement":[{"@type":"ListItem","position":1,"name":"Home","item":"https:\/\/business.roovi.com\/de\/"},{"@type":"ListItem","position":2,"name":"Shop","item":"https:\/\/business.roovi.com\/de\/shop\/"},{"@type":"ListItem","position":3,"name":"August Macke 1000 Teile Puzzle f\u00fcr Erwachsene &#8211; Zwei M\u00e4dchen"}]},{"@type":"WebSite","@id":"https:\/\/business.roovi.com\/de\/#website","url":"https:\/\/business.roovi.com\/de\/","name":"Roovi B2B","description":"Roovi Business Website","potentialAction":[{"@type":"SearchAction","target":{"@type":"EntryPoint","urlTemplate":"https:\/\/business.roovi.com\/de\/?s={search_term_string}"},"query-input":"required name=search_term_string"}],"inLanguage":"de"}]}},"_links":{"self":[{"href":"https:\/\/business.roovi.com\/de\/wp-json\/wp\/v2\/product\/42098","targetHints":{"allow":["GET"]}}],"collection":[{"href":"https:\/\/business.roovi.com\/de\/wp-json\/wp\/v2\/product"}],"about":[{"href":"https:\/\/business.roovi.com\/de\/wp-json\/wp\/v2\/types\/product"}],"version-history":[{"count":0,"href":"https:\/\/business.roovi.com\/de\/wp-json\/wp\/v2\/product\/42098\/revisions"}],"wp:featuredmedia":[{"embeddable":true,"href":"https:\/\/business.roovi.com\/de\/wp-json\/wp\/v2\/media\/63604"}],"wp:attachment":[{"href":"https:\/\/business.roovi.com\/de\/wp-json\/wp\/v2\/media?parent=42098"}],"wp:term":[{"taxonomy":"product_brand","embeddable":true,"href":"https:\/\/business.roovi.com\/de\/wp-json\/wp\/v2\/product_brand?post=42098"},{"taxonomy":"product_cat","embeddable":true,"href":"https:\/\/business.roovi.com\/de\/wp-json\/wp\/v2\/product_cat?post=42098"},{"taxonomy":"product_tag","embeddable":true,"href":"https:\/\/business.roovi.com\/de\/wp-json\/wp\/v2\/product_tag?post=42098"}],"curies":[{"name":"wp","href":"https:\/\/api.w.org\/{rel}","templated":true}]}}