{"id":42102,"date":"2018-04-16T10:56:17","date_gmt":"2018-04-16T10:56:17","guid":{"rendered":"https:\/\/business.roovi.com\/puzzle-adulti-1000-piese-claude-monet-the-lunchpranzul\/p\/"},"modified":"2023-02-20T11:48:26","modified_gmt":"2023-02-20T11:48:26","slug":"puzzle-fur-erwachsene-1000-teile-claude-monet-das-mittagessen-pranzul","status":"publish","type":"product","link":"https:\/\/business.roovi.com\/de\/puzzle-fur-erwachsene-1000-teile-claude-monet-das-mittagessen-pranzul\/p\/","title":{"rendered":"Puzzle f\u00fcr Erwachsene 1000 Teile Claude Monet &#8211; Das Mittagessen"},"content":{"rendered":"<p><span style=\"font-weight: 400; line-height: 14px; font-size: 14px;\">Betritt die gr\u00f6\u00dfte Kunstgalerie mit Kunstr\u00e4tseln, die Bilder der ber\u00fchmtesten Gem\u00e4lde aller Zeiten enthalten. Baue deine eigene Sammlung von Kunstgem\u00e4lden aus 1000 Teilen auf und genie\u00dfe die Ausdruckskraft und Harmonie der Farben <\/span><\/p>\n<p><span style=\"font-weight: 400; line-height: 14px; font-size: 14px;\">Claude Monets 1000-teiliges Puzzle &#8211; Das Mittagessen k\u00f6nnte das erste Gem\u00e4lde in deiner Kunstsammlung sein. Es dr\u00fcckt die Ruhe und Entspannung in der intimen Umgebung des Familiengartens aus: Der Tisch ist noch nicht gedeckt, ein Hut h\u00e4ngt am Ast eines Baumes, eine Tasche und ein Regenschirm scheinen auf der Bank vergessen zu sein, und das kleine Familienmitglied spielt leise mit ein paar Holzst\u00fccken. Du kannst dieses ungew\u00f6hnliche Gem\u00e4lde auf deinem Couchtisch im Wohnzimmer nachstellen. Wir garantieren bis zu 30 Stunden Entspannung und Vergn\u00fcgen.<\/span><\/p>\n<p><span style=\"font-weight: 400; line-height: 14px; font-size: 14px;\">Lies mehr \u00fcber das Kunstr\u00e4tsel von Claude Monet &#8211; Mittagessen unten:<\/span><\/p>\n<p><span style=\"line-height: 14px; font-size: 14px;\"><strong>Gr\u00f6\u00dfe des rekonstruierten Bildes: 50 x 70 cm<\/strong><\/span><\/p>\n<p><span style=\"line-height: 14px; font-size: 14px;\"><strong>Puzzle-Material <\/strong><\/span><\/p>\n<p><span style=\"line-height: 14px; font-size: 14px;\"><strong>hochwertiger blauer Karton<\/strong><\/span><\/p>\n<p><span style=\"line-height: 14px; font-size: 14px;\"><strong>nachhaltige, recycelbare Materialien<\/strong><\/span><\/p>\n<p><span style=\"line-height: 14px; font-size: 14px;\"><strong>halbgl\u00e4nzende Oberfl\u00e4che, leuchtende Farben<\/strong><\/span><\/p>\n<p><span style=\"line-height: 14px; font-size: 14px;\"><strong>Anzahl der Puzzleteile: 1000<\/strong><\/span><\/p>\n<p><span style=\"line-height: 14px; font-size: 14px;\"><strong>Empfohlenes Alter: 14+<\/strong><\/span><\/p>\n<p><span style=\"line-height: 14px; font-size: 14px;\"><strong>1000 Teile zu puzzeln macht Spa\u00df und ist gesund!<\/strong><\/span><\/p>\n<p><span style=\"font-weight: 400; line-height: 14px; font-size: 14px;\">Das Zusammensetzen von Puzzles f\u00fcr Erwachsene macht Spa\u00df, ist entspannend und obendrein sehr gesund. Hier ist der Grund daf\u00fcr:<\/span><\/p>\n<p><span style=\"font-weight: 400; line-height: 14px; font-size: 14px;\">1. Hilft, das Ged\u00e4chtnis zu verbessern.<\/span><\/p>\n<p><span style=\"font-weight: 400; line-height: 14px; font-size: 14px;\">2. Reduziert das Stressniveau.<\/span><\/p>\n<p><span style=\"font-weight: 400; line-height: 14px; font-size: 14px;\">3. Verbessert die kognitiven F\u00e4higkeiten.<\/span><\/p>\n<p><span style=\"font-weight: 400; line-height: 14px; font-size: 14px;\">4. Hilft bei der Entwicklung von Probleml\u00f6sungsf\u00e4higkeiten.<\/span><\/p>\n<p><span style=\"font-weight: 400; line-height: 14px; font-size: 14px;\">5. Reduziert Schlaflosigkeit.<\/span><\/p>\n<p><span style=\"font-weight: 400; line-height: 14px; font-size: 14px;\">6. Erh\u00f6ht die Aufmerksamkeit f\u00fcr Details.<\/span><\/p>\n<p><span style=\"line-height: 14px; font-size: 14px;\"><strong>Wusstest du schon von Claude Monet?&#8230;<\/strong><\/span><\/p>\n<p><span style=\"font-weight: 400; line-height: 14px; font-size: 14px;\">Man nennt ihn den Vater des franz\u00f6sischen Impressionismus.<\/span><\/p>\n<p><span style=\"font-weight: 400; line-height: 14px; font-size: 14px;\">Er hatte eine echte Leidenschaft f\u00fcr Seerosen und schuf nicht weniger als 250 Gem\u00e4lde mit diesem Thema.<\/span><\/p>\n<p><span style=\"font-weight: 400; line-height: 14px; font-size: 14px;\">Er war Soldat in Algerien. Sein Vater bot ihm an, f\u00fcr seine Entlassung aus der Armee zu bezahlen, wenn er daf\u00fcr verspricht, die Malerei aufzugeben. Der K\u00fcnstler lehnte das Angebot ab, wurde aber von seiner Tante unterst\u00fctzt, mit deren Hilfe er die Armee verlie\u00df und sich an einer Kunstschule in Paris einschrieb.<\/span><\/p>\n<p><span style=\"font-weight: 400; line-height: 14px; font-size: 14px;\">Er versuchte, Selbstmord zu begehen, indem er sich in die Seine st\u00fcrzte. Zu diesem radikalen Schritt griff er in seinen 20er Jahren aus Frustration, nachdem er als K\u00fcnstler von der franz\u00f6sischen Kunstakademie abgelehnt worden war und sich au\u00dferstande sah, seine Familie zu ern\u00e4hren.<\/span><\/p>\n<p><span style=\"font-weight: 400; line-height: 14px; font-size: 14px;\">Seine Familie war nicht einverstanden mit seiner Beziehung zu Camille Doncieux, die sein Modell und sp\u00e4ter seine Frau war. Camille starb im Alter von 32 Jahren, h\u00f6chstwahrscheinlich an Geb\u00e4rmutterkrebs.<\/span><\/p>\n<p><span style=\"font-weight: 400; line-height: 14px; font-size: 14px;\">Seine zweite Frau, Alice Hosched\u00e9, war extrem eifers\u00fcchtig auf Camille und soll alle ihre Briefe und Fotos vernichtet haben.<\/span><\/p>\n<p><span style=\"line-height: 14px; font-size: 14px;\"><strong>Willst du produktiver sein? \u00dcbe Puzzlespiele!<\/strong><\/span><\/p>\n<p><span style=\"font-weight: 400; line-height: 14px; font-size: 14px;\">Puzzlespiele entspannen dich und geben dir ein optimistisches Gef\u00fchl. F\u00fcr jedes Bild des 1000-teiligen Puzzles stellst du deine ganze Geschicklichkeit und Ausdauer auf die Probe. Wenn du bei jeder T\u00e4tigkeit konzentriert und leidenschaftlich bist, kannst du schnell und einfach L\u00f6sungen finden. Setze das 1000-teilige Puzzle Tag f\u00fcr Tag zusammen und du wirst f\u00fcr allt\u00e4gliche Aufgaben trainiert. Deine Produktivit\u00e4t wird steigen und du wirst \u00fcber die Ergebnisse erstaunt sein.<\/span><\/p>\n<p><span style=\"line-height: 14px; font-size: 14px;\"><span style=\"font-weight: 400;\">Fasziniert von Monets Leben und Werk? Kunstpuzzles jetzt kaufen <\/span><span style=\"font-weight: 400;\">Claude Monet &#8211; Das Mittagessen und entdecke einen kleinen Teil des Charmes des K\u00fcnstlers. Vervollst\u00e4ndige deine Kunstsammlung mit diesem originellen 1000-Teile-Puzzle. Claude Monet &#8211; Das Mittags-Kunstpuzzle ist ein tolles Puzzlespiel zum Verschenken an Familie oder Freunde.<\/span><\/span><\/p>\n","protected":false},"excerpt":{"rendered":"<p>Betritt die gr\u00f6\u00dfte Kunstgalerie mit Kunstr\u00e4tseln, die Bilder der ber\u00fchmtesten Gem\u00e4lde aller Zeiten enthalten. Baue deine eigene Sammlung von Kunstgem\u00e4lden<\/p>\n","protected":false},"featured_media":63263,"template":"","meta":[],"product_brand":[],"product_cat":[1916,1875,1915],"product_tag":[],"class_list":{"0":"post-42102","1":"product","2":"type-product","3":"status-publish","4":"has-post-thumbnail","6":"product_cat-1000-teile-puzzle","7":"product_cat-puzzle-de","8":"product_cat-puzzlespiele-fur-erwachsene","9":"pa_brand-d_toys-de","10":"pa_country_of_manufacture-ro-de","11":"pa_filter_age-14-de","12":"pa_painter-claude-monet","13":"pa_tip_ambalaj-kasten-a4-de","14":"pa_tip_puzzle-klassisch","16":"first","17":"instock","18":"taxable","19":"shipping-taxable","20":"product-type-simple"},"yoast_head":"<!-- This site is optimized with the Yoast SEO plugin v20.1 - https:\/\/yoast.com\/wordpress\/plugins\/seo\/ -->\n<title>Puzzle f\u00fcr Erwachsene 1000 Teile Claude Monet - Das Mittagessen\/Pr\u00e2nzul<\/title>\n<meta name=\"description\" content=\"Puzzle f\u00fcr Erwachsene 1000 Teile Claude Monet - Das Mittagessen\/Pr\u00e2nzul\" \/>\n<meta name=\"robots\" content=\"index, follow, max-snippet:-1, max-image-preview:large, max-video-preview:-1\" \/>\n<link rel=\"canonical\" href=\"https:\/\/business.roovi.com\/de\/puzzle-fur-erwachsene-1000-teile-claude-monet-das-mittagessen-pranzul\/p\/\" \/>\n<meta property=\"og:locale\" content=\"de_DE\" \/>\n<meta property=\"og:type\" content=\"article\" \/>\n<meta property=\"og:title\" content=\"Puzzle f\u00fcr Erwachsene 1000 Teile Claude Monet - Das Mittagessen\/Pr\u00e2nzul\" \/>\n<meta property=\"og:description\" content=\"Puzzle f\u00fcr Erwachsene 1000 Teile Claude Monet - Das Mittagessen\/Pr\u00e2nzul\" \/>\n<meta property=\"og:url\" content=\"https:\/\/business.roovi.com\/de\/puzzle-fur-erwachsene-1000-teile-claude-monet-das-mittagessen-pranzul\/p\/\" \/>\n<meta property=\"og:site_name\" content=\"Roovi B2B\" \/>\n<meta property=\"article:publisher\" content=\"https:\/\/www.facebook.com\/wwwjucariero\" \/>\n<meta property=\"article:modified_time\" content=\"2023-02-20T11:48:26+00:00\" \/>\n<meta property=\"og:image\" content=\"https:\/\/business.roovi.com\/wp-content\/uploads\/2018\/04\/67548-CM-02-WEB.jpg\" \/>\n\t<meta property=\"og:image:width\" content=\"1200\" \/>\n\t<meta property=\"og:image:height\" content=\"1200\" \/>\n\t<meta property=\"og:image:type\" content=\"image\/jpeg\" \/>\n<meta name=\"twitter:label1\" content=\"Gesch\u00e4tzte Lesezeit\" \/>\n\t<meta name=\"twitter:data1\" content=\"3\u00a0Minuten\" \/>\n<script type=\"application\/ld+json\" class=\"yoast-schema-graph\">{\"@context\":\"https:\/\/schema.org\",\"@graph\":[{\"@type\":\"WebPage\",\"@id\":\"https:\/\/business.roovi.com\/de\/puzzle-fur-erwachsene-1000-teile-claude-monet-das-mittagessen-pranzul\/p\/\",\"url\":\"https:\/\/business.roovi.com\/de\/puzzle-fur-erwachsene-1000-teile-claude-monet-das-mittagessen-pranzul\/p\/\",\"name\":\"Puzzle f\u00fcr Erwachsene 1000 Teile Claude Monet - Das Mittagessen\/Pr\u00e2nzul\",\"isPartOf\":{\"@id\":\"https:\/\/business.roovi.com\/de\/#website\"},\"datePublished\":\"2018-04-16T10:56:17+00:00\",\"dateModified\":\"2023-02-20T11:48:26+00:00\",\"description\":\"Puzzle f\u00fcr Erwachsene 1000 Teile Claude Monet - Das Mittagessen\/Pr\u00e2nzul\",\"breadcrumb\":{\"@id\":\"https:\/\/business.roovi.com\/de\/puzzle-fur-erwachsene-1000-teile-claude-monet-das-mittagessen-pranzul\/p\/#breadcrumb\"},\"inLanguage\":\"de\",\"potentialAction\":[{\"@type\":\"ReadAction\",\"target\":[\"https:\/\/business.roovi.com\/de\/puzzle-fur-erwachsene-1000-teile-claude-monet-das-mittagessen-pranzul\/p\/\"]}]},{\"@type\":\"BreadcrumbList\",\"@id\":\"https:\/\/business.roovi.com\/de\/puzzle-fur-erwachsene-1000-teile-claude-monet-das-mittagessen-pranzul\/p\/#breadcrumb\",\"itemListElement\":[{\"@type\":\"ListItem\",\"position\":1,\"name\":\"Home\",\"item\":\"https:\/\/business.roovi.com\/de\/\"},{\"@type\":\"ListItem\",\"position\":2,\"name\":\"Shop\",\"item\":\"https:\/\/business.roovi.com\/de\/shop\/\"},{\"@type\":\"ListItem\",\"position\":3,\"name\":\"Puzzle f\u00fcr Erwachsene 1000 Teile Claude Monet &#8211; Das Mittagessen\"}]},{\"@type\":\"WebSite\",\"@id\":\"https:\/\/business.roovi.com\/de\/#website\",\"url\":\"https:\/\/business.roovi.com\/de\/\",\"name\":\"Roovi B2B\",\"description\":\"Roovi Business Website\",\"potentialAction\":[{\"@type\":\"SearchAction\",\"target\":{\"@type\":\"EntryPoint\",\"urlTemplate\":\"https:\/\/business.roovi.com\/de\/?s={search_term_string}\"},\"query-input\":\"required name=search_term_string\"}],\"inLanguage\":\"de\"}]}<\/script>\n<!-- \/ Yoast SEO plugin. -->","yoast_head_json":{"title":"Puzzle f\u00fcr Erwachsene 1000 Teile Claude Monet - Das Mittagessen\/Pr\u00e2nzul","description":"Puzzle f\u00fcr Erwachsene 1000 Teile Claude Monet - Das Mittagessen\/Pr\u00e2nzul","robots":{"index":"index","follow":"follow","max-snippet":"max-snippet:-1","max-image-preview":"max-image-preview:large","max-video-preview":"max-video-preview:-1"},"canonical":"https:\/\/business.roovi.com\/de\/puzzle-fur-erwachsene-1000-teile-claude-monet-das-mittagessen-pranzul\/p\/","og_locale":"de_DE","og_type":"article","og_title":"Puzzle f\u00fcr Erwachsene 1000 Teile Claude Monet - Das Mittagessen\/Pr\u00e2nzul","og_description":"Puzzle f\u00fcr Erwachsene 1000 Teile Claude Monet - Das Mittagessen\/Pr\u00e2nzul","og_url":"https:\/\/business.roovi.com\/de\/puzzle-fur-erwachsene-1000-teile-claude-monet-das-mittagessen-pranzul\/p\/","og_site_name":"Roovi B2B","article_publisher":"https:\/\/www.facebook.com\/wwwjucariero","article_modified_time":"2023-02-20T11:48:26+00:00","og_image":[{"width":1200,"height":1200,"url":"https:\/\/business.roovi.com\/wp-content\/uploads\/2018\/04\/67548-CM-02-WEB.jpg","type":"image\/jpeg"}],"twitter_misc":{"Gesch\u00e4tzte Lesezeit":"3\u00a0Minuten"},"schema":{"@context":"https:\/\/schema.org","@graph":[{"@type":"WebPage","@id":"https:\/\/business.roovi.com\/de\/puzzle-fur-erwachsene-1000-teile-claude-monet-das-mittagessen-pranzul\/p\/","url":"https:\/\/business.roovi.com\/de\/puzzle-fur-erwachsene-1000-teile-claude-monet-das-mittagessen-pranzul\/p\/","name":"Puzzle f\u00fcr Erwachsene 1000 Teile Claude Monet - Das Mittagessen\/Pr\u00e2nzul","isPartOf":{"@id":"https:\/\/business.roovi.com\/de\/#website"},"datePublished":"2018-04-16T10:56:17+00:00","dateModified":"2023-02-20T11:48:26+00:00","description":"Puzzle f\u00fcr Erwachsene 1000 Teile Claude Monet - Das Mittagessen\/Pr\u00e2nzul","breadcrumb":{"@id":"https:\/\/business.roovi.com\/de\/puzzle-fur-erwachsene-1000-teile-claude-monet-das-mittagessen-pranzul\/p\/#breadcrumb"},"inLanguage":"de","potentialAction":[{"@type":"ReadAction","target":["https:\/\/business.roovi.com\/de\/puzzle-fur-erwachsene-1000-teile-claude-monet-das-mittagessen-pranzul\/p\/"]}]},{"@type":"BreadcrumbList","@id":"https:\/\/business.roovi.com\/de\/puzzle-fur-erwachsene-1000-teile-claude-monet-das-mittagessen-pranzul\/p\/#breadcrumb","itemListElement":[{"@type":"ListItem","position":1,"name":"Home","item":"https:\/\/business.roovi.com\/de\/"},{"@type":"ListItem","position":2,"name":"Shop","item":"https:\/\/business.roovi.com\/de\/shop\/"},{"@type":"ListItem","position":3,"name":"Puzzle f\u00fcr Erwachsene 1000 Teile Claude Monet &#8211; Das Mittagessen"}]},{"@type":"WebSite","@id":"https:\/\/business.roovi.com\/de\/#website","url":"https:\/\/business.roovi.com\/de\/","name":"Roovi B2B","description":"Roovi Business Website","potentialAction":[{"@type":"SearchAction","target":{"@type":"EntryPoint","urlTemplate":"https:\/\/business.roovi.com\/de\/?s={search_term_string}"},"query-input":"required name=search_term_string"}],"inLanguage":"de"}]}},"_links":{"self":[{"href":"https:\/\/business.roovi.com\/de\/wp-json\/wp\/v2\/product\/42102","targetHints":{"allow":["GET"]}}],"collection":[{"href":"https:\/\/business.roovi.com\/de\/wp-json\/wp\/v2\/product"}],"about":[{"href":"https:\/\/business.roovi.com\/de\/wp-json\/wp\/v2\/types\/product"}],"version-history":[{"count":0,"href":"https:\/\/business.roovi.com\/de\/wp-json\/wp\/v2\/product\/42102\/revisions"}],"wp:featuredmedia":[{"embeddable":true,"href":"https:\/\/business.roovi.com\/de\/wp-json\/wp\/v2\/media\/63263"}],"wp:attachment":[{"href":"https:\/\/business.roovi.com\/de\/wp-json\/wp\/v2\/media?parent=42102"}],"wp:term":[{"taxonomy":"product_brand","embeddable":true,"href":"https:\/\/business.roovi.com\/de\/wp-json\/wp\/v2\/product_brand?post=42102"},{"taxonomy":"product_cat","embeddable":true,"href":"https:\/\/business.roovi.com\/de\/wp-json\/wp\/v2\/product_cat?post=42102"},{"taxonomy":"product_tag","embeddable":true,"href":"https:\/\/business.roovi.com\/de\/wp-json\/wp\/v2\/product_tag?post=42102"}],"curies":[{"name":"wp","href":"https:\/\/api.w.org\/{rel}","templated":true}]}}