{"id":42110,"date":"2018-04-16T10:56:17","date_gmt":"2018-04-16T10:56:17","guid":{"rendered":"https:\/\/business.roovi.com\/puzzle-adulti-1000-piese-claude-monet-red-boats-at-argenteuil\/p\/"},"modified":"2022-07-06T18:49:53","modified_gmt":"2022-07-06T18:49:53","slug":"1000-teile-puzzle-fur-erwachsene-claude-monet-rote-boote-bei-argenteuil","status":"publish","type":"product","link":"https:\/\/business.roovi.com\/de\/1000-teile-puzzle-fur-erwachsene-claude-monet-rote-boote-bei-argenteuil\/p\/","title":{"rendered":"1000-Teile-Puzzle f\u00fcr Erwachsene Claude Monet &#8211; Rote Boote bei Argenteuil"},"content":{"rendered":"<p><span style=\"font-weight: 400;line-height: 14px;font-size: 14px\">F\u00fchlst du dich inspiriert? Wir fordern dich heraus, 1000 Teile aus dem gr\u00f6\u00dften Angebot an Kunstpuzzles zusammenzusetzen, das in Rum\u00e4nien hergestellt wird. Die Mona Lisa, die Geburt der Venus, die Nachtwache und viele andere k\u00fcnstlerische Meisterwerke sind nur einen Klick entfernt. Gib deine Bestellung auf, setze deine Bilder zusammen und genie\u00dfe atemberaubende Kunstpuzzle-Gem\u00e4lde!<\/span><\/p>\n<p><span style=\"line-height: 14px;font-size: 14px\"><span style=\"font-weight: 400\">1000 Teile Puzzle<\/span> <span style=\"font-weight: 400\">Claude Monet &#8211; Rote Boote bei Argenteuil zeigt eine farbenfrohe Leinwand, die den Eindruck einer malerischen Landschaft vermittelt. Wie die meisten Impressionisten vermied Monet absichtlich die Struktur und die klare Linie der akademischen Malerei, was diesem Gem\u00e4lde einen unwiderstehlichen Charakter verleiht. Vervollst\u00e4ndige dieses wunderbare Kunstpuzzle und erfreue deine Sinne mit einem au\u00dfergew\u00f6hnlichen k\u00fcnstlerischen Bild <\/span><\/span><\/p>\n<p><span style=\"font-weight: 400;line-height: 14px;font-size: 14px\">Das 1000-teilige Puzzle Claude Monet &#8211; Rote Boote bei Argenteuil ist aus besonders hochwertigen Materialien gefertigt, sodass du in der Lage sein wirst, atemberaubende Details des Originalgem\u00e4ldes in dem nachgebildeten Gem\u00e4lde zu erfassen. Du kannst das Bild aus diesem Kunstpuzzle auch so oft neu erstellen, wie du willst, das Bild wird jedes Mal makellos sein.<\/span><\/p>\n<p><span style=\"font-weight: 400;line-height: 14px;font-size: 14px\">Claude Monet &#8211; Rote Boote bei Argenteuil Kunstpuzzle Merkmale<\/span><\/p>\n<p><span style=\"line-height: 14px;font-size: 14px\"><strong>Gr\u00f6\u00dfe des rekonstruierten Bildes: 50 x 70 cm<\/strong><\/span><\/p>\n<p><span style=\"line-height: 14px;font-size: 14px\"><strong>Puzzle-Material <\/strong><\/span><\/p>\n<p><span style=\"line-height: 14px;font-size: 14px\"><strong>hochwertiger blauer Karton<\/strong><\/span><\/p>\n<p><span style=\"line-height: 14px;font-size: 14px\"><strong>nachhaltige, recycelbare Materialien<\/strong><\/span><\/p>\n<p><span style=\"line-height: 14px;font-size: 14px\"><strong>halbgl\u00e4nzende Oberfl\u00e4che, leuchtende Farben<\/strong><\/span><\/p>\n<p><span style=\"line-height: 14px;font-size: 14px\"><strong>Anzahl der Puzzleteile: 1000<\/strong><\/span><\/p>\n<p><span style=\"line-height: 14px;font-size: 14px\"><strong>Empfohlenes Alter: 14+<\/strong><\/span><\/p>\n<p><span style=\"line-height: 14px;font-size: 14px\"><strong>Puzzlespiele und visuelle und r\u00e4umliche Intelligenz<\/strong><\/span><\/p>\n<p><span style=\"font-weight: 400;line-height: 14px;font-size: 14px\">Visuell-r\u00e4umliche Intelligenz ist die Intelligenz, mit Bildern zu denken und zu lernen, die Form von Mustern und den Raum eines Objekts zu verstehen, einschlie\u00dflich des kreativen Denkens. Sie ist spezifisch f\u00fcr Maler, Bauarbeiter, Architekten oder Flugzeugpiloten. Durch Puzzlespiele werden diese visuellen und r\u00e4umlichen F\u00e4higkeiten wie das Erkennen und Verstehen von Form, Gr\u00f6\u00dfe, Farbe und Raum entwickelt.  <\/span><\/p>\n<p><span style=\"line-height: 14px;font-size: 14px\"><strong>Puzzlespiele sind gut f\u00fcr das Ged\u00e4chtnis<\/strong><\/span><\/p>\n<p><span style=\"font-weight: 400;line-height: 14px;font-size: 14px\">Ein 1000-Teile-Puzzle fordert dich heraus, dir die Formen der Teile, ihre Farben oder die Nuancen im Bild zu merken. Bis du das R\u00e4tselspiel gel\u00f6st hast, machst du eine Menge Ged\u00e4chtnis\u00fcbungen. All das stimuliert dein Kurzzeitged\u00e4chtnis und hilft dir, auf dieser Seite scharf zu bleiben.<\/span><\/p>\n<p><span style=\"line-height: 14px;font-size: 14px\"><strong>Puzzlespiele helfen dir, auf innovative Weise L\u00f6sungen zu finden<\/strong><\/span><\/p>\n<p><span style=\"font-weight: 400;line-height: 14px;font-size: 14px\">Ein 1000-Teile-Puzzle ist ein Problem, das du mit viel Ausdauer l\u00f6st. Wenn du ein Puzzlespiel zusammensetzt, bist du wie in einem Labyrinth und du k\u00e4mpfst darum, die beste L\u00f6sung zu finden, um herauszukommen. Mit kleinen Schritten und einer guten Strategie schaffst du es, das perfekte Bild zusammenzusetzen. Diese F\u00e4higkeit, innovative L\u00f6sungen zu finden, wird dir helfen, bei anderen Problemen, die du im Alltag l\u00f6sen musst, genauso gut zu sein.<\/span><\/p>\n<p><span style=\"line-height: 14px;font-size: 14px\"><strong>5 Kuriosit\u00e4ten \u00fcber Monet und die roten Boote von Argenteuil<\/strong><\/span><\/p>\n<p><span style=\"font-weight: 400;line-height: 14px;font-size: 14px\">1. Monet verbrachte 4 Jahre in Argenteuil, w\u00e4hrend derer er von anderen K\u00fcnstlerfreunden begleitet wurde: Pierre-Auguste Renoir, Edouard Manet und Alfred Sisley, und gemeinsam schufen sie den impressionistischen Stil. In dieser Zeit entwickelte Monet seinen eigenen Stil, indem er die Auswirkungen des Sonnenlichts auf das Wasser studierte, beobachtete und experimentelle Reproduktionen anfertigte.<\/span><\/p>\n<p><span style=\"font-weight: 400;line-height: 14px;font-size: 14px\">2. Monets Gem\u00e4lde vermittelt Harmonie und Sch\u00f6nheit im Gegensatz zur Realit\u00e4t der damaligen Zeit, als Argenteuil eine Stadt in Aufruhr war und der Fluss, der durch die Stadt floss, extrem verschmutzt war.<\/span><\/p>\n<p><span style=\"font-weight: 400;line-height: 14px;font-size: 14px\">3. Monets kreative T\u00e4tigkeit im Freien l\u00f6ste zu seiner Zeit eine wahre k\u00fcnstlerische Revolution aus.<\/span><\/p>\n<p><span style=\"font-weight: 400;line-height: 14px;font-size: 14px\">4. Als versierter Freiluftmaler w\u00e4hlte Monet die Elemente der Natur, die er in seine Gem\u00e4lde einbauen wollte, sorgf\u00e4ltig aus, stellte seine Leinw\u00e4nde aber oft im Atelier fertig.<\/span><\/p>\n<p><span style=\"font-weight: 400;line-height: 14px;font-size: 14px\">5. Bei der chromatischen Wiedergabe dieser idyllischen Szene sind Subjekte und Objekte fast irrelevant &#8211; das eigentliche Thema sind Licht, Raum und die Natur.<\/span><\/p>\n<p><span style=\"line-height: 14px;font-size: 14px\"><strong>Setze Kunstpuzzle zusammen und genie\u00dfe ein einzigartiges Erlebnis!<\/strong><\/span><\/p>\n<p><span style=\"font-weight: 400;line-height: 14px;font-size: 14px\">Kunstr\u00e4tsel zeigen dir eine neue, weniger bekannte und erforschte Welt der ber\u00fchmten Gem\u00e4lde. Durch Kunstr\u00e4tsel entdeckst du erstaunliche Informationen \u00fcber die gro\u00dfen Meisterwerke der Welt. Au\u00dferdem verbesserst du deine F\u00e4higkeiten als 1000-Teile-Puzzle und erstellst Kunstgem\u00e4lde, mit denen du dein Zuhause dekorieren kannst.<\/span><\/p>\n<p><span style=\"font-weight: 400;line-height: 14px;font-size: 14px\">Kaufe jetzt Claude Monet &#8211; Rote Boote bei Argenteuil 1000 Teile Puzzle und erlebe eine klassische, super entspannende Aktivit\u00e4t! Setze das 1000-teilige Puzzle zusammen, rahme das Bild und genie\u00dfe ein au\u00dfergew\u00f6hnliches Dekorationsobjekt. Entdecke weitere tolle Puzzles f\u00fcr Erwachsene in unserer Kunstpuzzle-Kollektion und erstelle deine eigene originelle Kunstsammlung.<\/span><\/p>\n<p><span style=\"font-weight: 400;line-height: 14px;font-size: 14px\">Verschenke ein 1000-Teile-Puzzle Claude Monet &#8211; Rote Boote in Argenteuil und mache deinen puzzlebegeisterten Freunden eine Freude!<\/span><\/p><\/p>\n","protected":false},"excerpt":{"rendered":"<p>F\u00fchlst du dich inspiriert? Wir fordern dich heraus, 1000 Teile aus dem gr\u00f6\u00dften Angebot an Kunstpuzzles zusammenzusetzen, das in Rum\u00e4nien<\/p>\n","protected":false},"featured_media":63271,"template":"","meta":[],"product_brand":[],"product_cat":[1916,1875,1915],"product_tag":[],"class_list":{"0":"post-42110","1":"product","2":"type-product","3":"status-publish","4":"has-post-thumbnail","6":"product_cat-1000-teile-puzzle","7":"product_cat-puzzle-de","8":"product_cat-puzzlespiele-fur-erwachsene","9":"pa_brand-d_toys-de","10":"pa_country_of_manufacture-ro-de","11":"pa_filter_age-14-de","12":"pa_painter-claude-monet","13":"pa_tip_ambalaj-kasten-a4-de","14":"pa_tip_puzzle-klassisch","16":"first","17":"instock","18":"taxable","19":"shipping-taxable","20":"product-type-simple"},"yoast_head":"<!-- This site is optimized with the Yoast SEO plugin v20.1 - https:\/\/yoast.com\/wordpress\/plugins\/seo\/ -->\n<title>1000-Teile-Puzzle f\u00fcr Erwachsene Claude Monet - Rote Boote bei Argenteuil<\/title>\n<meta name=\"description\" content=\"1000-Teile-Puzzle f\u00fcr Erwachsene Claude Monet - Rote Boote bei Argenteuil\" \/>\n<meta name=\"robots\" content=\"index, follow, max-snippet:-1, max-image-preview:large, max-video-preview:-1\" \/>\n<link rel=\"canonical\" href=\"https:\/\/business.roovi.com\/de\/1000-teile-puzzle-fur-erwachsene-claude-monet-rote-boote-bei-argenteuil\/p\/\" \/>\n<meta property=\"og:locale\" content=\"de_DE\" \/>\n<meta property=\"og:type\" content=\"article\" \/>\n<meta property=\"og:title\" content=\"1000-Teile-Puzzle f\u00fcr Erwachsene Claude Monet - Rote Boote bei Argenteuil\" \/>\n<meta property=\"og:description\" content=\"1000-Teile-Puzzle f\u00fcr Erwachsene Claude Monet - Rote Boote bei Argenteuil\" \/>\n<meta property=\"og:url\" content=\"https:\/\/business.roovi.com\/de\/1000-teile-puzzle-fur-erwachsene-claude-monet-rote-boote-bei-argenteuil\/p\/\" \/>\n<meta property=\"og:site_name\" content=\"Roovi B2B\" \/>\n<meta property=\"article:publisher\" content=\"https:\/\/www.facebook.com\/wwwjucariero\" \/>\n<meta property=\"article:modified_time\" content=\"2022-07-06T18:49:53+00:00\" \/>\n<meta property=\"og:image\" content=\"https:\/\/business.roovi.com\/wp-content\/uploads\/2018\/04\/67548-04_ansamblu_dimensiuni_cutie_1200x1200.png\" \/>\n\t<meta property=\"og:image:width\" content=\"1200\" \/>\n\t<meta property=\"og:image:height\" content=\"1200\" \/>\n\t<meta property=\"og:image:type\" content=\"image\/png\" \/>\n<meta name=\"twitter:label1\" content=\"Gesch\u00e4tzte Lesezeit\" \/>\n\t<meta name=\"twitter:data1\" content=\"4\u00a0Minuten\" \/>\n<script type=\"application\/ld+json\" class=\"yoast-schema-graph\">{\"@context\":\"https:\/\/schema.org\",\"@graph\":[{\"@type\":\"WebPage\",\"@id\":\"https:\/\/business.roovi.com\/de\/1000-teile-puzzle-fur-erwachsene-claude-monet-rote-boote-bei-argenteuil\/p\/\",\"url\":\"https:\/\/business.roovi.com\/de\/1000-teile-puzzle-fur-erwachsene-claude-monet-rote-boote-bei-argenteuil\/p\/\",\"name\":\"1000-Teile-Puzzle f\u00fcr Erwachsene Claude Monet - Rote Boote bei Argenteuil\",\"isPartOf\":{\"@id\":\"https:\/\/business.roovi.com\/de\/#website\"},\"datePublished\":\"2018-04-16T10:56:17+00:00\",\"dateModified\":\"2022-07-06T18:49:53+00:00\",\"description\":\"1000-Teile-Puzzle f\u00fcr Erwachsene Claude Monet - Rote Boote bei Argenteuil\",\"breadcrumb\":{\"@id\":\"https:\/\/business.roovi.com\/de\/1000-teile-puzzle-fur-erwachsene-claude-monet-rote-boote-bei-argenteuil\/p\/#breadcrumb\"},\"inLanguage\":\"de\",\"potentialAction\":[{\"@type\":\"ReadAction\",\"target\":[\"https:\/\/business.roovi.com\/de\/1000-teile-puzzle-fur-erwachsene-claude-monet-rote-boote-bei-argenteuil\/p\/\"]}]},{\"@type\":\"BreadcrumbList\",\"@id\":\"https:\/\/business.roovi.com\/de\/1000-teile-puzzle-fur-erwachsene-claude-monet-rote-boote-bei-argenteuil\/p\/#breadcrumb\",\"itemListElement\":[{\"@type\":\"ListItem\",\"position\":1,\"name\":\"Home\",\"item\":\"https:\/\/business.roovi.com\/de\/\"},{\"@type\":\"ListItem\",\"position\":2,\"name\":\"Shop\",\"item\":\"https:\/\/business.roovi.com\/de\/shop\/\"},{\"@type\":\"ListItem\",\"position\":3,\"name\":\"1000-Teile-Puzzle f\u00fcr Erwachsene Claude Monet &#8211; Rote Boote bei Argenteuil\"}]},{\"@type\":\"WebSite\",\"@id\":\"https:\/\/business.roovi.com\/de\/#website\",\"url\":\"https:\/\/business.roovi.com\/de\/\",\"name\":\"Roovi B2B\",\"description\":\"Roovi Business Website\",\"potentialAction\":[{\"@type\":\"SearchAction\",\"target\":{\"@type\":\"EntryPoint\",\"urlTemplate\":\"https:\/\/business.roovi.com\/de\/?s={search_term_string}\"},\"query-input\":\"required name=search_term_string\"}],\"inLanguage\":\"de\"}]}<\/script>\n<!-- \/ Yoast SEO plugin. -->","yoast_head_json":{"title":"1000-Teile-Puzzle f\u00fcr Erwachsene Claude Monet - Rote Boote bei Argenteuil","description":"1000-Teile-Puzzle f\u00fcr Erwachsene Claude Monet - Rote Boote bei Argenteuil","robots":{"index":"index","follow":"follow","max-snippet":"max-snippet:-1","max-image-preview":"max-image-preview:large","max-video-preview":"max-video-preview:-1"},"canonical":"https:\/\/business.roovi.com\/de\/1000-teile-puzzle-fur-erwachsene-claude-monet-rote-boote-bei-argenteuil\/p\/","og_locale":"de_DE","og_type":"article","og_title":"1000-Teile-Puzzle f\u00fcr Erwachsene Claude Monet - Rote Boote bei Argenteuil","og_description":"1000-Teile-Puzzle f\u00fcr Erwachsene Claude Monet - Rote Boote bei Argenteuil","og_url":"https:\/\/business.roovi.com\/de\/1000-teile-puzzle-fur-erwachsene-claude-monet-rote-boote-bei-argenteuil\/p\/","og_site_name":"Roovi B2B","article_publisher":"https:\/\/www.facebook.com\/wwwjucariero","article_modified_time":"2022-07-06T18:49:53+00:00","og_image":[{"width":1200,"height":1200,"url":"https:\/\/business.roovi.com\/wp-content\/uploads\/2018\/04\/67548-04_ansamblu_dimensiuni_cutie_1200x1200.png","type":"image\/png"}],"twitter_misc":{"Gesch\u00e4tzte Lesezeit":"4\u00a0Minuten"},"schema":{"@context":"https:\/\/schema.org","@graph":[{"@type":"WebPage","@id":"https:\/\/business.roovi.com\/de\/1000-teile-puzzle-fur-erwachsene-claude-monet-rote-boote-bei-argenteuil\/p\/","url":"https:\/\/business.roovi.com\/de\/1000-teile-puzzle-fur-erwachsene-claude-monet-rote-boote-bei-argenteuil\/p\/","name":"1000-Teile-Puzzle f\u00fcr Erwachsene Claude Monet - Rote Boote bei Argenteuil","isPartOf":{"@id":"https:\/\/business.roovi.com\/de\/#website"},"datePublished":"2018-04-16T10:56:17+00:00","dateModified":"2022-07-06T18:49:53+00:00","description":"1000-Teile-Puzzle f\u00fcr Erwachsene Claude Monet - Rote Boote bei Argenteuil","breadcrumb":{"@id":"https:\/\/business.roovi.com\/de\/1000-teile-puzzle-fur-erwachsene-claude-monet-rote-boote-bei-argenteuil\/p\/#breadcrumb"},"inLanguage":"de","potentialAction":[{"@type":"ReadAction","target":["https:\/\/business.roovi.com\/de\/1000-teile-puzzle-fur-erwachsene-claude-monet-rote-boote-bei-argenteuil\/p\/"]}]},{"@type":"BreadcrumbList","@id":"https:\/\/business.roovi.com\/de\/1000-teile-puzzle-fur-erwachsene-claude-monet-rote-boote-bei-argenteuil\/p\/#breadcrumb","itemListElement":[{"@type":"ListItem","position":1,"name":"Home","item":"https:\/\/business.roovi.com\/de\/"},{"@type":"ListItem","position":2,"name":"Shop","item":"https:\/\/business.roovi.com\/de\/shop\/"},{"@type":"ListItem","position":3,"name":"1000-Teile-Puzzle f\u00fcr Erwachsene Claude Monet &#8211; Rote Boote bei Argenteuil"}]},{"@type":"WebSite","@id":"https:\/\/business.roovi.com\/de\/#website","url":"https:\/\/business.roovi.com\/de\/","name":"Roovi B2B","description":"Roovi Business Website","potentialAction":[{"@type":"SearchAction","target":{"@type":"EntryPoint","urlTemplate":"https:\/\/business.roovi.com\/de\/?s={search_term_string}"},"query-input":"required name=search_term_string"}],"inLanguage":"de"}]}},"_links":{"self":[{"href":"https:\/\/business.roovi.com\/de\/wp-json\/wp\/v2\/product\/42110","targetHints":{"allow":["GET"]}}],"collection":[{"href":"https:\/\/business.roovi.com\/de\/wp-json\/wp\/v2\/product"}],"about":[{"href":"https:\/\/business.roovi.com\/de\/wp-json\/wp\/v2\/types\/product"}],"version-history":[{"count":0,"href":"https:\/\/business.roovi.com\/de\/wp-json\/wp\/v2\/product\/42110\/revisions"}],"wp:featuredmedia":[{"embeddable":true,"href":"https:\/\/business.roovi.com\/de\/wp-json\/wp\/v2\/media\/63271"}],"wp:attachment":[{"href":"https:\/\/business.roovi.com\/de\/wp-json\/wp\/v2\/media?parent=42110"}],"wp:term":[{"taxonomy":"product_brand","embeddable":true,"href":"https:\/\/business.roovi.com\/de\/wp-json\/wp\/v2\/product_brand?post=42110"},{"taxonomy":"product_cat","embeddable":true,"href":"https:\/\/business.roovi.com\/de\/wp-json\/wp\/v2\/product_cat?post=42110"},{"taxonomy":"product_tag","embeddable":true,"href":"https:\/\/business.roovi.com\/de\/wp-json\/wp\/v2\/product_tag?post=42110"}],"curies":[{"name":"wp","href":"https:\/\/api.w.org\/{rel}","templated":true}]}}