{"id":42150,"date":"2018-04-16T10:56:17","date_gmt":"2018-04-16T10:56:17","guid":{"rendered":"https:\/\/business.roovi.com\/puzzle-adulti-breughel-the-elder-the-entry-of-the-animals-into-noahs-ark-1000-piese\/p\/"},"modified":"2022-07-06T18:54:41","modified_gmt":"2022-07-06T18:54:41","slug":"1000-teile-puzzle-fur-erwachsene-breughel-der-altere-der-einzug-der-tiere-in-die-arche-noah","status":"publish","type":"product","link":"https:\/\/business.roovi.com\/de\/1000-teile-puzzle-fur-erwachsene-breughel-der-altere-der-einzug-der-tiere-in-die-arche-noah\/p\/","title":{"rendered":"1000 Teile Puzzle f\u00fcr Erwachsene Breughel der \u00c4ltere &#8211; Der Einzug der Tiere in die Arche Noah"},"content":{"rendered":"<p><span style=\"font-weight: 400\">Schl\u00fcpfe in die Schuhe der ber\u00fchmten Renaissance-Maler und male deine eigenen Bilder! Unser Puzzle Art Sortiment enth\u00e4lt viele Puzzlespiele, die dich in die faszinierende Welt der Kunst f\u00fchren.<\/span><\/p>\n<p><span style=\"font-weight: 400\">1000 Teile Puzzle <\/span><span style=\"font-weight: 400\">Brueghel der \u00c4ltere &#8211; Der Einzug der Tiere in die Arche Noah ist eine wundersch\u00f6ne Reproduktion des bekannten Gem\u00e4ldes von Jan Brueghel dem \u00c4lteren. Eine F\u00fclle von Tieren f\u00fcllt den Himmel und die Erde. Sie toben, spielen, klettern, schwimmen und fliegen und werden von dem auserw\u00e4hlten Noah zur Arche gef\u00fchrt, die sie alle in eine bessere Zukunft bringen wird. Betritt diese m\u00e4rchenhafte Szene, indem du das wundervolle 1000-Teile-Puzzle vervollst\u00e4ndigst! <\/span><\/p>\n<p><span style=\"font-weight: 400\">Das Bild, das du bekommst, ist 50 x 70 cm gro\u00df, was bedeutet, dass du es auf einen normalen Couchtisch stellen kannst. Lies unten weitere Details und Funktionen dieses Puzzlespiels.<\/span><\/p>\n<p><span style=\"font-weight: 400\">Puzzle-Material <\/span><\/p>\n<ul style=\"list-style-type: disc\">\n<li><span style=\"font-weight: 400\">hochwertiger blauer Karton<\/span><\/li>\n<li><span style=\"font-weight: 400\">nachhaltige, recycelbare Materialien<\/span><\/li>\n<li><span style=\"font-weight: 400\">halbgl\u00e4nzende Oberfl\u00e4che, leuchtende Farben<\/span><\/li>\n<\/ul>\n<p><span style=\"font-weight: 400\">Anzahl der Puzzleteile: 1000<\/span><\/p>\n<p><span style=\"font-weight: 400\">Empfohlenes Alter: 14+<\/span><\/p>\n<p><span style=\"font-weight: 400\">Puzzle 1000 Teile<\/span><\/p>\n<p><strong>Warum ist es gesund, 1000 Teile zu puzzeln?<\/strong><\/p>\n<p><span style=\"font-weight: 400\">Es ist wissenschaftlich erwiesen, dass die T\u00e4tigkeit des Puzzelns f\u00fcr die Gesundheit von Erwachsenen f\u00f6rderlich ist. Hier sind nur ein paar dieser Vorteile:<\/span><\/p>\n<p><strong>Trainiert die Hand-Augen-Koordination<\/strong><\/p>\n<p><span style=\"font-weight: 400\">Ein 1000-Teile-Puzzle zu l\u00f6sen, erfordert eine gute Hand-Augen-Koordination. Mit dem Puzzlespiel wird sich diese F\u00e4higkeit verbessern.<\/span><\/p>\n<p><strong>Puzzlespiele helfen, das Ged\u00e4chtnis zu verbessern<\/strong><\/p>\n<p><span style=\"font-weight: 400\">1000-Teile-Puzzles trainieren dein Ged\u00e4chtnis, wenn du versuchst, dich an die Form von Teilen oder an Teile eines Bildes zu erinnern, die du versucht hast, zusammenzusetzen, aber die Teile nicht gepasst haben.<\/span><\/p>\n<p><strong>Puzzlespiele steigern die visuelle r\u00e4umliche Intelligenz<\/strong><\/p>\n<p><span style=\"font-weight: 400\">Intelligenz<\/span> <span style=\"font-weight: 400\">ist die F\u00e4higkeit, mit Bildern zu denken und zu lernen. Er kann trainiert und entwickelt werden, indem er 1000-teilige Puzzles l\u00f6st <\/span><strong> <\/strong><\/p>\n<p><strong>Puzzlespiele trainieren die sozialen F\u00e4higkeiten von Erwachsenen<\/strong><\/p>\n<p><span style=\"font-weight: 400\">Puzzlespiele k\u00f6nnen auch in Gruppen und nicht nur einzeln gel\u00f6st werden. Das erfordert Kooperation, Kommunikation und Geduld mit anderen. All diese F\u00e4higkeiten verbessern sich w\u00e4hrend der Fertigstellung des 1000-Teile-Puzzles und werden f\u00fcr andere Aktivit\u00e4ten im Alltag beibehalten.<\/span><\/p>\n<p><strong>Puzzlespiele verbessern die Feinmotorik<\/strong><\/p>\n<p><span style=\"font-weight: 400\">Wenn wir \u00e4lter werden, nimmt diese F\u00e4higkeit ab. Vervollst\u00e4ndige das 1000-Teile-Puzzle t\u00e4glich und beobachte, wie sich diese F\u00e4higkeiten schnell verbessern <\/span><\/p>\n<p><strong>6 Kuriosit\u00e4ten \u00fcber Jan Brueghel und <\/strong><strong><em>Tiere auf Noahs Arche<\/em><\/strong><\/p>\n<ul style=\"list-style-type: disc\">\n<li><span style=\"font-weight: 400\">Jan Bruegel der \u00c4ltere ist Teil der Bruegel-K\u00fcnstlerdynastie &#8211; einer Familie, die im Laufe der Zeit viele talentierte Maler hervorgebracht hat<\/span><\/li>\n<li><span style=\"font-weight: 400\">Er ist bekannt und gesch\u00e4tzt f\u00fcr seine Kunst, die Natur bis ins kleinste Detail zu kopieren<\/span><\/li>\n<li><span style=\"font-weight: 400\">Er erhielt den Spitznamen &#8222;Velvet Bruegel&#8220; (Samt-Bruegel), weil die Farben, die er verwendete, einen samtigen Schimmer hatten.<\/span><\/li>\n<li><span style=\"font-weight: 400\">Das Gem\u00e4lde stammt aus der Zeit, als er zum Maler des Palastes von Erzherzog Albert und Prinzessin Isabella ernannt wurde, die eine Sammlung seltener Tiere und V\u00f6gel besa\u00dfen, <\/span><span style=\"font-weight: 400\">das erm\u00f6glichte es Bruegel, sie genau zu studieren und zu malen.<\/span><\/li>\n<li><span style=\"font-weight: 400\">Das Gem\u00e4lde spiegelt das wachsende Interesse an Tierarten und ihrer Klassifizierung im 17. Jahrhundert wider.<\/span><\/li>\n<li><span style=\"font-weight: 400\">Das religi\u00f6se Thema des Werks wird von Kritikern mit der Beziehung des K\u00fcnstlers zu Kardinal Borromeo erkl\u00e4rt, dessen Einfluss und Vision der Natur die Entwicklung von Brueghels beschreibender Herangehensweise an Tiere und himmlische Landschaften beeinflusste.<\/span><\/li>\n<\/ul>\n<p><strong>5 weitere Vorteile beim L\u00f6sen von Kunstr\u00e4tseln<\/strong><\/p>\n<ul style=\"list-style-type: disc\">\n<li><span style=\"font-weight: 400\">Entspannt dich<\/span><\/li>\n<li><span style=\"font-weight: 400\">Macht dich zu einem kleinen K\u00fcnstlerdetektiv<\/span><\/li>\n<li><span style=\"font-weight: 400\">Sie machen dich aufmerksamer f\u00fcr Details<\/span><\/li>\n<li><span style=\"font-weight: 400\">Hilft dir, produktiver zu sein<\/span><\/li>\n<li><span style=\"font-weight: 400\">Hilft dir, dich auf jedes Ziel zu konzentrieren.<\/span><\/li>\n<\/ul>\n<p><span style=\"font-weight: 400\">Hol dir mit Jan Brueghels wunderbarem Kunstwerk &#8222;Die Tiere in der Arche Noah&#8220; ein bisschen Magie in dein Zuhause! Vervollst\u00e4ndige dieses wundersch\u00f6ne 1000-Teile-Puzzle aus der Puzzle-Kunst-Kollektion und du hast ein vollendetes Gem\u00e4lde von dir selbst <\/span><\/p>\n<p><span style=\"font-weight: 400\">Gehen dir die Geschenkideen f\u00fcr einen lieben Freund aus? Das Jan Brueghel 1000 Teile Puzzle &#8211; Die Tiere auf Noahs Arche ist die perfekte Wahl! Bestelle es jetzt!<\/span><\/p>\n","protected":false},"excerpt":{"rendered":"<p>Schl\u00fcpfe in die Schuhe der ber\u00fchmten Renaissance-Maler und male deine eigenen Bilder! Unser Puzzle Art Sortiment enth\u00e4lt viele Puzzlespiele, die<\/p>\n","protected":false},"featured_media":63198,"template":"","meta":[],"product_brand":[],"product_cat":[1916,1875,1915],"product_tag":[],"class_list":{"0":"post-42150","1":"product","2":"type-product","3":"status-publish","4":"has-post-thumbnail","6":"product_cat-1000-teile-puzzle","7":"product_cat-puzzle-de","8":"product_cat-puzzlespiele-fur-erwachsene","9":"pa_brand-d_toys-de","10":"pa_country_of_manufacture-ro-de","11":"pa_filter_age-14-de","12":"pa_painter-jan-breughel-the-elder","13":"pa_tip_ambalaj-kasten-a4-de","14":"pa_tip_puzzle-klassisch","16":"first","17":"instock","18":"taxable","19":"shipping-taxable","20":"product-type-simple"},"yoast_head":"<!-- This site is optimized with the Yoast SEO plugin v20.1 - https:\/\/yoast.com\/wordpress\/plugins\/seo\/ -->\n<title>1000 Teile Puzzle f\u00fcr Erwachsene Breughel der \u00c4ltere - Der Einzug der Tiere in die Arche Noah<\/title>\n<meta name=\"description\" content=\"1000 Teile Puzzle f\u00fcr Erwachsene Breughel der \u00c4ltere - Der Einzug der Tiere in die Arche Noah\" \/>\n<meta name=\"robots\" content=\"index, follow, max-snippet:-1, max-image-preview:large, max-video-preview:-1\" \/>\n<link rel=\"canonical\" href=\"https:\/\/business.roovi.com\/de\/1000-teile-puzzle-fur-erwachsene-breughel-der-altere-der-einzug-der-tiere-in-die-arche-noah\/p\/\" \/>\n<meta property=\"og:locale\" content=\"de_DE\" \/>\n<meta property=\"og:type\" content=\"article\" \/>\n<meta property=\"og:title\" content=\"1000 Teile Puzzle f\u00fcr Erwachsene Breughel der \u00c4ltere - Der Einzug der Tiere in die Arche Noah\" \/>\n<meta property=\"og:description\" content=\"1000 Teile Puzzle f\u00fcr Erwachsene Breughel der \u00c4ltere - Der Einzug der Tiere in die Arche Noah\" \/>\n<meta property=\"og:url\" content=\"https:\/\/business.roovi.com\/de\/1000-teile-puzzle-fur-erwachsene-breughel-der-altere-der-einzug-der-tiere-in-die-arche-noah\/p\/\" \/>\n<meta property=\"og:site_name\" content=\"Roovi B2B\" \/>\n<meta property=\"article:publisher\" content=\"https:\/\/www.facebook.com\/wwwjucariero\" \/>\n<meta property=\"article:modified_time\" content=\"2022-07-06T18:54:41+00:00\" \/>\n<meta property=\"og:image\" content=\"https:\/\/business.roovi.com\/wp-content\/uploads\/2018\/04\/73778-02_ansamblu_dimensiuni_cutie_cm.png\" \/>\n\t<meta property=\"og:image:width\" content=\"1200\" \/>\n\t<meta property=\"og:image:height\" content=\"1200\" \/>\n\t<meta property=\"og:image:type\" content=\"image\/png\" \/>\n<meta name=\"twitter:label1\" content=\"Gesch\u00e4tzte Lesezeit\" \/>\n\t<meta name=\"twitter:data1\" content=\"3\u00a0Minuten\" \/>\n<script type=\"application\/ld+json\" class=\"yoast-schema-graph\">{\"@context\":\"https:\/\/schema.org\",\"@graph\":[{\"@type\":\"WebPage\",\"@id\":\"https:\/\/business.roovi.com\/de\/1000-teile-puzzle-fur-erwachsene-breughel-der-altere-der-einzug-der-tiere-in-die-arche-noah\/p\/\",\"url\":\"https:\/\/business.roovi.com\/de\/1000-teile-puzzle-fur-erwachsene-breughel-der-altere-der-einzug-der-tiere-in-die-arche-noah\/p\/\",\"name\":\"1000 Teile Puzzle f\u00fcr Erwachsene Breughel der \u00c4ltere - Der Einzug der Tiere in die Arche Noah\",\"isPartOf\":{\"@id\":\"https:\/\/business.roovi.com\/de\/#website\"},\"datePublished\":\"2018-04-16T10:56:17+00:00\",\"dateModified\":\"2022-07-06T18:54:41+00:00\",\"description\":\"1000 Teile Puzzle f\u00fcr Erwachsene Breughel der \u00c4ltere - Der Einzug der Tiere in die Arche Noah\",\"breadcrumb\":{\"@id\":\"https:\/\/business.roovi.com\/de\/1000-teile-puzzle-fur-erwachsene-breughel-der-altere-der-einzug-der-tiere-in-die-arche-noah\/p\/#breadcrumb\"},\"inLanguage\":\"de\",\"potentialAction\":[{\"@type\":\"ReadAction\",\"target\":[\"https:\/\/business.roovi.com\/de\/1000-teile-puzzle-fur-erwachsene-breughel-der-altere-der-einzug-der-tiere-in-die-arche-noah\/p\/\"]}]},{\"@type\":\"BreadcrumbList\",\"@id\":\"https:\/\/business.roovi.com\/de\/1000-teile-puzzle-fur-erwachsene-breughel-der-altere-der-einzug-der-tiere-in-die-arche-noah\/p\/#breadcrumb\",\"itemListElement\":[{\"@type\":\"ListItem\",\"position\":1,\"name\":\"Home\",\"item\":\"https:\/\/business.roovi.com\/de\/\"},{\"@type\":\"ListItem\",\"position\":2,\"name\":\"Shop\",\"item\":\"https:\/\/business.roovi.com\/de\/shop\/\"},{\"@type\":\"ListItem\",\"position\":3,\"name\":\"1000 Teile Puzzle f\u00fcr Erwachsene Breughel der \u00c4ltere &#8211; Der Einzug der Tiere in die Arche Noah\"}]},{\"@type\":\"WebSite\",\"@id\":\"https:\/\/business.roovi.com\/de\/#website\",\"url\":\"https:\/\/business.roovi.com\/de\/\",\"name\":\"Roovi B2B\",\"description\":\"Roovi Business Website\",\"potentialAction\":[{\"@type\":\"SearchAction\",\"target\":{\"@type\":\"EntryPoint\",\"urlTemplate\":\"https:\/\/business.roovi.com\/de\/?s={search_term_string}\"},\"query-input\":\"required name=search_term_string\"}],\"inLanguage\":\"de\"}]}<\/script>\n<!-- \/ Yoast SEO plugin. -->","yoast_head_json":{"title":"1000 Teile Puzzle f\u00fcr Erwachsene Breughel der \u00c4ltere - Der Einzug der Tiere in die Arche Noah","description":"1000 Teile Puzzle f\u00fcr Erwachsene Breughel der \u00c4ltere - Der Einzug der Tiere in die Arche Noah","robots":{"index":"index","follow":"follow","max-snippet":"max-snippet:-1","max-image-preview":"max-image-preview:large","max-video-preview":"max-video-preview:-1"},"canonical":"https:\/\/business.roovi.com\/de\/1000-teile-puzzle-fur-erwachsene-breughel-der-altere-der-einzug-der-tiere-in-die-arche-noah\/p\/","og_locale":"de_DE","og_type":"article","og_title":"1000 Teile Puzzle f\u00fcr Erwachsene Breughel der \u00c4ltere - Der Einzug der Tiere in die Arche Noah","og_description":"1000 Teile Puzzle f\u00fcr Erwachsene Breughel der \u00c4ltere - Der Einzug der Tiere in die Arche Noah","og_url":"https:\/\/business.roovi.com\/de\/1000-teile-puzzle-fur-erwachsene-breughel-der-altere-der-einzug-der-tiere-in-die-arche-noah\/p\/","og_site_name":"Roovi B2B","article_publisher":"https:\/\/www.facebook.com\/wwwjucariero","article_modified_time":"2022-07-06T18:54:41+00:00","og_image":[{"width":1200,"height":1200,"url":"https:\/\/business.roovi.com\/wp-content\/uploads\/2018\/04\/73778-02_ansamblu_dimensiuni_cutie_cm.png","type":"image\/png"}],"twitter_misc":{"Gesch\u00e4tzte Lesezeit":"3\u00a0Minuten"},"schema":{"@context":"https:\/\/schema.org","@graph":[{"@type":"WebPage","@id":"https:\/\/business.roovi.com\/de\/1000-teile-puzzle-fur-erwachsene-breughel-der-altere-der-einzug-der-tiere-in-die-arche-noah\/p\/","url":"https:\/\/business.roovi.com\/de\/1000-teile-puzzle-fur-erwachsene-breughel-der-altere-der-einzug-der-tiere-in-die-arche-noah\/p\/","name":"1000 Teile Puzzle f\u00fcr Erwachsene Breughel der \u00c4ltere - Der Einzug der Tiere in die Arche Noah","isPartOf":{"@id":"https:\/\/business.roovi.com\/de\/#website"},"datePublished":"2018-04-16T10:56:17+00:00","dateModified":"2022-07-06T18:54:41+00:00","description":"1000 Teile Puzzle f\u00fcr Erwachsene Breughel der \u00c4ltere - Der Einzug der Tiere in die Arche Noah","breadcrumb":{"@id":"https:\/\/business.roovi.com\/de\/1000-teile-puzzle-fur-erwachsene-breughel-der-altere-der-einzug-der-tiere-in-die-arche-noah\/p\/#breadcrumb"},"inLanguage":"de","potentialAction":[{"@type":"ReadAction","target":["https:\/\/business.roovi.com\/de\/1000-teile-puzzle-fur-erwachsene-breughel-der-altere-der-einzug-der-tiere-in-die-arche-noah\/p\/"]}]},{"@type":"BreadcrumbList","@id":"https:\/\/business.roovi.com\/de\/1000-teile-puzzle-fur-erwachsene-breughel-der-altere-der-einzug-der-tiere-in-die-arche-noah\/p\/#breadcrumb","itemListElement":[{"@type":"ListItem","position":1,"name":"Home","item":"https:\/\/business.roovi.com\/de\/"},{"@type":"ListItem","position":2,"name":"Shop","item":"https:\/\/business.roovi.com\/de\/shop\/"},{"@type":"ListItem","position":3,"name":"1000 Teile Puzzle f\u00fcr Erwachsene Breughel der \u00c4ltere &#8211; Der Einzug der Tiere in die Arche Noah"}]},{"@type":"WebSite","@id":"https:\/\/business.roovi.com\/de\/#website","url":"https:\/\/business.roovi.com\/de\/","name":"Roovi B2B","description":"Roovi Business Website","potentialAction":[{"@type":"SearchAction","target":{"@type":"EntryPoint","urlTemplate":"https:\/\/business.roovi.com\/de\/?s={search_term_string}"},"query-input":"required name=search_term_string"}],"inLanguage":"de"}]}},"_links":{"self":[{"href":"https:\/\/business.roovi.com\/de\/wp-json\/wp\/v2\/product\/42150","targetHints":{"allow":["GET"]}}],"collection":[{"href":"https:\/\/business.roovi.com\/de\/wp-json\/wp\/v2\/product"}],"about":[{"href":"https:\/\/business.roovi.com\/de\/wp-json\/wp\/v2\/types\/product"}],"version-history":[{"count":0,"href":"https:\/\/business.roovi.com\/de\/wp-json\/wp\/v2\/product\/42150\/revisions"}],"wp:featuredmedia":[{"embeddable":true,"href":"https:\/\/business.roovi.com\/de\/wp-json\/wp\/v2\/media\/63198"}],"wp:attachment":[{"href":"https:\/\/business.roovi.com\/de\/wp-json\/wp\/v2\/media?parent=42150"}],"wp:term":[{"taxonomy":"product_brand","embeddable":true,"href":"https:\/\/business.roovi.com\/de\/wp-json\/wp\/v2\/product_brand?post=42150"},{"taxonomy":"product_cat","embeddable":true,"href":"https:\/\/business.roovi.com\/de\/wp-json\/wp\/v2\/product_cat?post=42150"},{"taxonomy":"product_tag","embeddable":true,"href":"https:\/\/business.roovi.com\/de\/wp-json\/wp\/v2\/product_tag?post=42150"}],"curies":[{"name":"wp","href":"https:\/\/api.w.org\/{rel}","templated":true}]}}