{"id":42162,"date":"2018-04-16T10:56:17","date_gmt":"2018-04-16T10:56:17","guid":{"rendered":"https:\/\/business.roovi.com\/puzzle-adulti-1000-piese-john-everett-millais-ophelia\/p\/"},"modified":"2022-07-06T18:59:05","modified_gmt":"2022-07-06T18:59:05","slug":"1000-teile-john-everett-millais-puzzle-fur-erwachsene-ophelia","status":"publish","type":"product","link":"https:\/\/business.roovi.com\/de\/1000-teile-john-everett-millais-puzzle-fur-erwachsene-ophelia\/p\/","title":{"rendered":"1000 Teile John Everett Millais Puzzle f\u00fcr Erwachsene &#8211; Ophelia"},"content":{"rendered":"<p><span style=\"font-weight: 400;font-size: 14px\">Langweilst du dich an regnerischen Abenden, die dich im Haus halten? Versuche es mit Kunstr\u00e4tseln! Du wirst eine klassische Aktivit\u00e4t wiederentdecken, die Spa\u00df macht und entspannend ist. Kaufe jetzt 1000 Teile Puzzles mit Bildern von ber\u00fchmten Gem\u00e4lden und bringe Farbe in deine Freizeit!<\/span><\/p>\n<p><span style=\"font-weight: 400;font-size: 14px\">John Everett Millais &#8211; Ophelia 1000 Teile Puzzle ist eine Reproduktion des ber\u00fchmten Gem\u00e4ldes, das von einer Szene aus Shakespeares Hamlet inspiriert wurde. Ophelia liegt trauernd im Wasser und singt, umgeben von Blumen, als w\u00fcsste sie nicht, in welcher Gefahr sie sich befindet. Das Gem\u00e4lde spiegelt majest\u00e4tisch die poetischste Todesszene wider, die je in der Literatur dargestellt wurde. Sei derjenige, der dieses k\u00fcnstlerische Meisterwerk mit deinen eigenen H\u00e4nden erschafft.<\/span><\/p>\n<p><span style=\"font-weight: 400;font-size: 14px\">Um das Bild nachzubauen, brauchst du einen normalen Couchtisch, denn die Ma\u00dfe des 1000-teiligen Puzzles sind 50 x 70 cm.<\/span><\/p>\n<p><span style=\"font-weight: 400;font-size: 14px\">Lies weiter unten mehr \u00fcber die anderen Eigenschaften dieses Kunstpuzzles:<\/span><\/p>\n<p><span style=\"font-size: 14px\"><strong>Puzzle-Material <\/strong><\/span><\/p>\n<p><span style=\"font-size: 14px\"><strong>hochwertiger blauer Karton<\/strong><\/span><\/p>\n<p><span style=\"font-size: 14px\"><strong>nachhaltige, recycelbare Materialien<\/strong><\/span><\/p>\n<p><span style=\"font-size: 14px\"><strong>halbgl\u00e4nzende Oberfl\u00e4che, leuchtende Farben<\/strong><\/span><\/p>\n<p><span style=\"font-size: 14px\"><strong>Anzahl der Puzzleteile: 1000<\/strong><\/span><\/p>\n<p><span style=\"font-size: 14px\"><strong>Empfohlenes Alter: 14+<\/strong><\/span><\/p>\n<p><span style=\"font-size: 14px\"><strong>Puzzles f\u00fcr Erwachsene geben dir viel positive Energie<\/strong><\/span><\/p>\n<p><span style=\"font-weight: 400;font-size: 14px\">Willst du ein Mittel gegen Stress und negative Energie? Puzzlespiele sind die perfekte Option. Jedes Mal, wenn du einer solchen Aktivit\u00e4t nachgehst, sch\u00fcttet dein Gehirn Dopamin aus. Diese wohltuende Substanz ist verantwortlich f\u00fcr Stimmung, Optimismus, positive Gedanken sowie Ged\u00e4chtnis und Aufmerksamkeit. Deshalb empfindest du gro\u00dfe Befriedigung und Freude, wenn du an einem Puzzlespiel beteiligt bist.<\/span><\/p>\n<p><span style=\"font-size: 14px\"><strong>Puzzles f\u00fcr Erwachsene und Arbeitsproduktivit\u00e4t<\/strong><\/span><\/p>\n<p><span style=\"font-weight: 400;font-size: 14px\">Eine h\u00f6here Produktivit\u00e4t bei der Arbeit ist ein weiterer Vorteil, den du dank der Leidenschaft, 1000-teilige Puzzles zusammenzusetzen, genie\u00dfen wirst. Das Training mit kleinen 1000-teiligen Puzzles ist besonders effektiv, um die Aufmerksamkeit f\u00fcr Details, die Aufmerksamkeitsspanne und die Ausdauer zu erh\u00f6hen. Du nutzt diese F\u00e4higkeiten, wenn du arbeitest oder f\u00fcr schwierige Pr\u00fcfungen lernst. Du hast also allen Grund, deine Lieblings-Puzzlespiele zu kaufen!<\/span><\/p>\n<p><span style=\"font-size: 14px\"><strong>Wusstest du schon von Ophelia?<\/strong><\/span><\/p>\n<p><span style=\"font-weight: 400;font-size: 14px\">Es gilt als das brillanteste Gem\u00e4lde der gesamten englischen Kunst.<\/span><\/p>\n<p><span style=\"font-weight: 400;font-size: 14px\">In Japan wurden Reproduktionen dieses Gem\u00e4ldes verboten, weil man bef\u00fcrchtet, dass junge M\u00e4dchen deswegen Selbstmord begehen k\u00f6nnten.<\/span><\/p>\n<p><span style=\"font-size: 14px\"><span style=\"font-weight: 400\">Das lebende Vorbild, nach dem es abgebildet wurde <\/span><em><span style=\"font-weight: 400\">Ophelia<\/span><\/em><span style=\"font-weight: 400\"> war Elizabeth Siddal, ein 19-j\u00e4hriges M\u00e4dchen.<\/span><\/span><\/p>\n<p><span style=\"font-weight: 400;font-size: 14px\">Elizabeth erkrankte w\u00e4hrend des Malens an einer Lungenentz\u00fcndung, weil Millais sie im Winter in einer Wanne mit Wasser sitzen lie\u00df. Ihr Vater bat den Maler, f\u00fcr ihre medizinische Versorgung aufzukommen.<\/span><\/p>\n<p><span style=\"font-weight: 400;font-size: 14px\">Viele pr\u00e4raffaelitische Maler malten Ophelia in verschiedenen Posen, aber Millais&#8216; Gem\u00e4lde ist bei weitem das erfolgreichste.<\/span><\/p>\n<p><span style=\"font-size: 14px\"><span style=\"font-weight: 400\">Heute, <\/span><em><span style=\"font-weight: 400\">Ophelia <\/span><\/em><span style=\"font-weight: 400\">h\u00e4ngt heute in der Londoner Tate Britain und wird von Experten auf rund 30 Millionen Euro gesch\u00e4tzt <\/span><span style=\"font-weight: 400\">\u00a3.<\/span><\/span><\/p>\n<p><span style=\"font-size: 14px\"><strong>Kunstr\u00e4tsel entwickeln dein Allgemeinwissen<\/strong><\/span><\/p>\n<p><span style=\"font-weight: 400;font-size: 14px\">Kunstr\u00e4tsel wecken deinen Appetit auf ber\u00fchmte Gem\u00e4lde. Wenn du anf\u00e4ngst, an einem Gem\u00e4lde eines k\u00fcnstlerischen Bildes zu arbeiten, willst du wissen, welche Geschichte du mit deinen H\u00e4nden nachstellst. Jeder Grund zu wissen, bereichert dich intellektuell, und Kunstr\u00e4tsel sind eine solche Gelegenheit.<\/span><\/p>\n<p><span style=\"font-weight: 400;font-size: 14px\">Das ber\u00fchmteste Gem\u00e4lde Gro\u00dfbritanniens in deinem eigenen Zuhause zu bewundern, ist ein Traum, der wahr wird, wenn du das John Everett Millais &#8211; Ophelia Kunstpuzzle kaufst. Erschaffe dieses k\u00fcnstlerische Meisterwerk aus dem 1000-Teile-Puzzle und rahme das entstandene Bild. Dieses wunderbare Puzzlespiel aus der Kunstpuzzle-Kollektion wird deinem Zuhause einen exquisiten Look verleihen <\/span><\/p>\n<p><span style=\"font-weight: 400;font-size: 14px\">Du suchst nach einem besonderen Geschenk, mit dem du deine Freunde \u00fcberraschen kannst? Das John Everett Millais &#8211; Ophelia Kunstpuzzle ist genau das, was du brauchst!<\/span><\/p><\/p>\n","protected":false},"excerpt":{"rendered":"<p>Langweilst du dich an regnerischen Abenden, die dich im Haus halten? Versuche es mit Kunstr\u00e4tseln! Du wirst eine klassische Aktivit\u00e4t<\/p>\n","protected":false},"featured_media":63635,"template":"","meta":[],"product_brand":[],"product_cat":[1916,1875,1915],"product_tag":[],"class_list":{"0":"post-42162","1":"product","2":"type-product","3":"status-publish","4":"has-post-thumbnail","6":"product_cat-1000-teile-puzzle","7":"product_cat-puzzle-de","8":"product_cat-puzzlespiele-fur-erwachsene","9":"pa_brand-d_toys-de","10":"pa_country_of_manufacture-ro-de","11":"pa_filter_age-14-de","12":"pa_painter-john-everett-millais","13":"pa_tip_ambalaj-kasten-a4-de","14":"pa_tip_puzzle-klassisch","16":"first","17":"onbackorder","18":"taxable","19":"shipping-taxable","20":"product-type-simple"},"yoast_head":"<!-- This site is optimized with the Yoast SEO plugin v20.1 - https:\/\/yoast.com\/wordpress\/plugins\/seo\/ -->\n<title>1000 Teile John Everett Millais Puzzle f\u00fcr Erwachsene - Ophelia<\/title>\n<meta name=\"description\" content=\"1000 Teile John Everett Millais Puzzle f\u00fcr Erwachsene - Ophelia\" \/>\n<meta name=\"robots\" content=\"index, follow, max-snippet:-1, max-image-preview:large, max-video-preview:-1\" \/>\n<link rel=\"canonical\" href=\"https:\/\/business.roovi.com\/de\/1000-teile-john-everett-millais-puzzle-fur-erwachsene-ophelia\/p\/\" \/>\n<meta property=\"og:locale\" content=\"de_DE\" \/>\n<meta property=\"og:type\" content=\"article\" \/>\n<meta property=\"og:title\" content=\"1000 Teile John Everett Millais Puzzle f\u00fcr Erwachsene - Ophelia\" \/>\n<meta property=\"og:description\" content=\"1000 Teile John Everett Millais Puzzle f\u00fcr Erwachsene - Ophelia\" \/>\n<meta property=\"og:url\" content=\"https:\/\/business.roovi.com\/de\/1000-teile-john-everett-millais-puzzle-fur-erwachsene-ophelia\/p\/\" \/>\n<meta property=\"og:site_name\" content=\"Roovi B2B\" \/>\n<meta property=\"article:publisher\" content=\"https:\/\/www.facebook.com\/wwwjucariero\" \/>\n<meta property=\"article:modified_time\" content=\"2022-07-06T18:59:05+00:00\" \/>\n<meta property=\"og:image\" content=\"https:\/\/business.roovi.com\/wp-content\/uploads\/2018\/04\/73815-01_ansamblu_dimensiuni_cutie_cm_1200x1200.png\" \/>\n\t<meta property=\"og:image:width\" content=\"1200\" \/>\n\t<meta property=\"og:image:height\" content=\"1200\" \/>\n\t<meta property=\"og:image:type\" content=\"image\/png\" \/>\n<meta name=\"twitter:label1\" content=\"Gesch\u00e4tzte Lesezeit\" \/>\n\t<meta name=\"twitter:data1\" content=\"3\u00a0Minuten\" \/>\n<script type=\"application\/ld+json\" class=\"yoast-schema-graph\">{\"@context\":\"https:\/\/schema.org\",\"@graph\":[{\"@type\":\"WebPage\",\"@id\":\"https:\/\/business.roovi.com\/de\/1000-teile-john-everett-millais-puzzle-fur-erwachsene-ophelia\/p\/\",\"url\":\"https:\/\/business.roovi.com\/de\/1000-teile-john-everett-millais-puzzle-fur-erwachsene-ophelia\/p\/\",\"name\":\"1000 Teile John Everett Millais Puzzle f\u00fcr Erwachsene - Ophelia\",\"isPartOf\":{\"@id\":\"https:\/\/business.roovi.com\/de\/#website\"},\"datePublished\":\"2018-04-16T10:56:17+00:00\",\"dateModified\":\"2022-07-06T18:59:05+00:00\",\"description\":\"1000 Teile John Everett Millais Puzzle f\u00fcr Erwachsene - Ophelia\",\"breadcrumb\":{\"@id\":\"https:\/\/business.roovi.com\/de\/1000-teile-john-everett-millais-puzzle-fur-erwachsene-ophelia\/p\/#breadcrumb\"},\"inLanguage\":\"de\",\"potentialAction\":[{\"@type\":\"ReadAction\",\"target\":[\"https:\/\/business.roovi.com\/de\/1000-teile-john-everett-millais-puzzle-fur-erwachsene-ophelia\/p\/\"]}]},{\"@type\":\"BreadcrumbList\",\"@id\":\"https:\/\/business.roovi.com\/de\/1000-teile-john-everett-millais-puzzle-fur-erwachsene-ophelia\/p\/#breadcrumb\",\"itemListElement\":[{\"@type\":\"ListItem\",\"position\":1,\"name\":\"Home\",\"item\":\"https:\/\/business.roovi.com\/de\/\"},{\"@type\":\"ListItem\",\"position\":2,\"name\":\"Shop\",\"item\":\"https:\/\/business.roovi.com\/de\/shop\/\"},{\"@type\":\"ListItem\",\"position\":3,\"name\":\"1000 Teile John Everett Millais Puzzle f\u00fcr Erwachsene &#8211; Ophelia\"}]},{\"@type\":\"WebSite\",\"@id\":\"https:\/\/business.roovi.com\/de\/#website\",\"url\":\"https:\/\/business.roovi.com\/de\/\",\"name\":\"Roovi B2B\",\"description\":\"Roovi Business Website\",\"potentialAction\":[{\"@type\":\"SearchAction\",\"target\":{\"@type\":\"EntryPoint\",\"urlTemplate\":\"https:\/\/business.roovi.com\/de\/?s={search_term_string}\"},\"query-input\":\"required name=search_term_string\"}],\"inLanguage\":\"de\"}]}<\/script>\n<!-- \/ Yoast SEO plugin. -->","yoast_head_json":{"title":"1000 Teile John Everett Millais Puzzle f\u00fcr Erwachsene - Ophelia","description":"1000 Teile John Everett Millais Puzzle f\u00fcr Erwachsene - Ophelia","robots":{"index":"index","follow":"follow","max-snippet":"max-snippet:-1","max-image-preview":"max-image-preview:large","max-video-preview":"max-video-preview:-1"},"canonical":"https:\/\/business.roovi.com\/de\/1000-teile-john-everett-millais-puzzle-fur-erwachsene-ophelia\/p\/","og_locale":"de_DE","og_type":"article","og_title":"1000 Teile John Everett Millais Puzzle f\u00fcr Erwachsene - Ophelia","og_description":"1000 Teile John Everett Millais Puzzle f\u00fcr Erwachsene - Ophelia","og_url":"https:\/\/business.roovi.com\/de\/1000-teile-john-everett-millais-puzzle-fur-erwachsene-ophelia\/p\/","og_site_name":"Roovi B2B","article_publisher":"https:\/\/www.facebook.com\/wwwjucariero","article_modified_time":"2022-07-06T18:59:05+00:00","og_image":[{"width":1200,"height":1200,"url":"https:\/\/business.roovi.com\/wp-content\/uploads\/2018\/04\/73815-01_ansamblu_dimensiuni_cutie_cm_1200x1200.png","type":"image\/png"}],"twitter_misc":{"Gesch\u00e4tzte Lesezeit":"3\u00a0Minuten"},"schema":{"@context":"https:\/\/schema.org","@graph":[{"@type":"WebPage","@id":"https:\/\/business.roovi.com\/de\/1000-teile-john-everett-millais-puzzle-fur-erwachsene-ophelia\/p\/","url":"https:\/\/business.roovi.com\/de\/1000-teile-john-everett-millais-puzzle-fur-erwachsene-ophelia\/p\/","name":"1000 Teile John Everett Millais Puzzle f\u00fcr Erwachsene - Ophelia","isPartOf":{"@id":"https:\/\/business.roovi.com\/de\/#website"},"datePublished":"2018-04-16T10:56:17+00:00","dateModified":"2022-07-06T18:59:05+00:00","description":"1000 Teile John Everett Millais Puzzle f\u00fcr Erwachsene - Ophelia","breadcrumb":{"@id":"https:\/\/business.roovi.com\/de\/1000-teile-john-everett-millais-puzzle-fur-erwachsene-ophelia\/p\/#breadcrumb"},"inLanguage":"de","potentialAction":[{"@type":"ReadAction","target":["https:\/\/business.roovi.com\/de\/1000-teile-john-everett-millais-puzzle-fur-erwachsene-ophelia\/p\/"]}]},{"@type":"BreadcrumbList","@id":"https:\/\/business.roovi.com\/de\/1000-teile-john-everett-millais-puzzle-fur-erwachsene-ophelia\/p\/#breadcrumb","itemListElement":[{"@type":"ListItem","position":1,"name":"Home","item":"https:\/\/business.roovi.com\/de\/"},{"@type":"ListItem","position":2,"name":"Shop","item":"https:\/\/business.roovi.com\/de\/shop\/"},{"@type":"ListItem","position":3,"name":"1000 Teile John Everett Millais Puzzle f\u00fcr Erwachsene &#8211; Ophelia"}]},{"@type":"WebSite","@id":"https:\/\/business.roovi.com\/de\/#website","url":"https:\/\/business.roovi.com\/de\/","name":"Roovi B2B","description":"Roovi Business Website","potentialAction":[{"@type":"SearchAction","target":{"@type":"EntryPoint","urlTemplate":"https:\/\/business.roovi.com\/de\/?s={search_term_string}"},"query-input":"required name=search_term_string"}],"inLanguage":"de"}]}},"_links":{"self":[{"href":"https:\/\/business.roovi.com\/de\/wp-json\/wp\/v2\/product\/42162","targetHints":{"allow":["GET"]}}],"collection":[{"href":"https:\/\/business.roovi.com\/de\/wp-json\/wp\/v2\/product"}],"about":[{"href":"https:\/\/business.roovi.com\/de\/wp-json\/wp\/v2\/types\/product"}],"version-history":[{"count":0,"href":"https:\/\/business.roovi.com\/de\/wp-json\/wp\/v2\/product\/42162\/revisions"}],"wp:featuredmedia":[{"embeddable":true,"href":"https:\/\/business.roovi.com\/de\/wp-json\/wp\/v2\/media\/63635"}],"wp:attachment":[{"href":"https:\/\/business.roovi.com\/de\/wp-json\/wp\/v2\/media?parent=42162"}],"wp:term":[{"taxonomy":"product_brand","embeddable":true,"href":"https:\/\/business.roovi.com\/de\/wp-json\/wp\/v2\/product_brand?post=42162"},{"taxonomy":"product_cat","embeddable":true,"href":"https:\/\/business.roovi.com\/de\/wp-json\/wp\/v2\/product_cat?post=42162"},{"taxonomy":"product_tag","embeddable":true,"href":"https:\/\/business.roovi.com\/de\/wp-json\/wp\/v2\/product_tag?post=42162"}],"curies":[{"name":"wp","href":"https:\/\/api.w.org\/{rel}","templated":true}]}}