{"id":42166,"date":"2018-04-16T10:56:17","date_gmt":"2018-04-16T10:56:17","guid":{"rendered":"https:\/\/business.roovi.com\/puzzle-adulti-1000-piese-john-collier-the-sleeping-beauty-frumoasa-adormita\/p\/"},"modified":"2022-12-01T12:24:35","modified_gmt":"2022-12-01T12:24:35","slug":"john-collier-1000-teile-puzzle-fur-erwachsene-the-sleeping-beauty","status":"publish","type":"product","link":"https:\/\/business.roovi.com\/de\/john-collier-1000-teile-puzzle-fur-erwachsene-the-sleeping-beauty\/p\/","title":{"rendered":"John Collier 1000 Teile Puzzle f\u00fcr Erwachsene &#8211; The Sleeping Beauty"},"content":{"rendered":"<p><span style=\"font-weight: 400;\">Wenn du Geschichten \u00fcber Prinzen und Prinzessinnen geliebt hast und mit angehaltenem Atem auf das Ende gewartet hast, dann wird ein Puzzle f\u00fcr Erwachsene, das eine Szene aus dem Dornr\u00f6schen-M\u00e4rchen darstellt, wie es der Maler John Collier gesehen hat, sicher viele Erinnerungen wecken.<\/span><\/p>\n<p><span style=\"font-weight: 400;\">Es gibt so viele Variationen dieser Geschichte, so viele Bilder und so viele Vorstellungen, dass man meinen k\u00f6nnte, dass einen nichts mehr \u00fcberraschen kann. Bis du dieses 1000-Teile-Puzzle zusammengesetzt hast, das eine Szene aus der Geschichte in Colliers Vision darstellt <\/span><\/p>\n<p><span style=\"font-weight: 400;\">Das Bild aus dem Zimmer, in dem die Prinzessin mit ihren Zofen schl\u00e4ft, aber mit dem Gesicht vom Fenster weg, in Richtung des Waldes, in dem ihre Rettung kommen wird, ist eine ungew\u00f6hnliche Interpretation, aber es ist ein Symbol der Hoffnung.<\/span><\/p>\n<p><span style=\"font-weight: 400;\">Setze die einzelnen Puzzleteile zusammen und baue deine eigene Geschichte von Dornr\u00f6schen auf. John Collier gelingt es, die Stille und Tiefe des Augenblicks mit einer F\u00fclle von Details und einem wundersch\u00f6nen Licht- und Schattenspiel perfekt zu vermitteln <\/span><\/p>\n<p><span style=\"font-weight: 400;\">Bewundere jedes Detail dieses Gem\u00e4ldes, das 1921 im pr\u00e4raffaelitischen Stil von Collier gemalt wurde, ein bezauberndes Werk in \u00d6l auf Leinwand, und entspanne dich, w\u00e4hrend du ein Puzzle mit 1000 Teilen zusammensetzt, um es nachzubauen.<\/span><\/p>\n<h3><strong>Warum ein John Collier 1000 Teile Puzzle f\u00fcr Erwachsene w\u00e4hlen?<\/strong><\/h3>\n<ul>\n<li><span style=\"font-weight: 400;\">Du bekommst ein atemberaubend detailliertes Gem\u00e4lde von Dornr\u00f6schen, signiert von John Collier<\/span><\/li>\n<li><span style=\"font-weight: 400;\">Kunstpuzzle Gr\u00f6\u00dfe 68 x 47 cm<\/span><\/li>\n<li><span style=\"font-weight: 400;\">St\u00fccke aus hochwertigem, haltbarem Karton<\/span><\/li>\n<li><span style=\"font-weight: 400;\">Hergestellt aus nachhaltigen und recycelbaren Materialien<\/span><\/li>\n<li><span style=\"font-weight: 400;\">Die Oberfl\u00e4che ist halbgl\u00e4nzend und die Farben sind leuchtend und lebendig<\/span><\/li>\n<li><span style=\"font-weight: 400;\">Geeignet ab 14 Jahren &#8211; eine tolle Gelegenheit, Teenager in die faszinierende Welt der Kunst einzuf\u00fchren<\/span><\/li>\n<\/ul>\n<p><span style=\"font-weight: 400;\">Das Zusammensetzen eines Kunstpuzzles hat viele Vorteile, die sich auf vielen Ebenen widerspiegeln:<\/span><\/p>\n<ul>\n<li><span style=\"font-weight: 400;\">Es ist eine entspannende und lustige Aktivit\u00e4t<\/span><\/li>\n<li><span style=\"font-weight: 400;\">Verbessert das Kurzzeitged\u00e4chtnis<\/span><\/li>\n<li><span style=\"font-weight: 400;\">Entwickelt und unterst\u00fctzt F\u00e4higkeiten <\/span><\/li>\n<li><span style=\"font-weight: 400;\">Es kann eine gute Gelegenheit sein, sich wieder mit sich selbst zu verbinden<\/span><\/li>\n<li><span style=\"font-weight: 400;\">Hilft dir, dich auf eine einzige Aktivit\u00e4t zu konzentrieren <\/span><\/li>\n<\/ul>\n<h3><strong>Wusstest du, dass&#8230;?<\/strong><\/h3>\n<p><span style=\"font-weight: 400;\">James Collier war ein produktiver K\u00fcnstler und hinterlie\u00df eine Sammlung von \u00fcber 1100 Kunstwerken, von denen ihm allein die Royal Academy 140 Werke schenkte.<\/span><\/p>\n<p><span style=\"font-weight: 400;\">Er zeichnete sich als Portr\u00e4tmaler aus und obwohl er auch Frauen malte, spezialisierte er sich auf m\u00e4nnliche Portr\u00e4ts, bei denen er die Detailtiefe viel besser erfassen konnte <\/span><\/p>\n<p><span style=\"font-weight: 400;\">Obwohl literarische Themen, wie Dornr\u00f6schen, nach 1890 als altmodisch galten, malte John Collier weiterhin solche spektakul\u00e4ren Bilder.<\/span><\/p>\n<p><span style=\"font-weight: 400;\">Zu den Pers\u00f6nlichkeiten der damaligen Zeit, die John Collier malte, geh\u00f6rten Charles Darwin, George Bernard Shaw und Rudyard Kipling.<\/span><\/p>\n<h3><strong>Das Dornr\u00f6schen-Puzzle f\u00fcr Erwachsene f\u00fcr entspannende Geschichten und endlosen Spa\u00df<\/strong><\/h3>\n<p><span style=\"font-weight: 400;\">Du kannst eine wundersch\u00f6ne Szene aus dem Dornr\u00f6schen-M\u00e4rchen im einzigartigen Stil des Malers John Collier zu Hause in Form eines Kunstpuzzles nachstellen. Lass dich von der Magie des M\u00e4rchens verzaubern und genie\u00dfe stundenlangen Spa\u00df mit lieben Freunden und deiner Familie.<\/span><\/p>\n<p><span style=\"font-weight: 400;\">Au\u00dferdem ist ein 1000-Teile-Puzzle wie eine Schatzsuche, bei der jedes Teil wertvoll f\u00fcr das Endergebnis ist. Und am Ende, wenn das Bild fertig ist, kannst du es auseinandernehmen oder so lassen &#8211; dein eigenes Kunstwerk, bereit, ausgestellt zu werden.<\/span><\/p>\n","protected":false},"excerpt":{"rendered":"<p>Wenn du Geschichten \u00fcber Prinzen und Prinzessinnen geliebt hast und mit angehaltenem Atem auf das Ende gewartet hast, dann wird<\/p>\n","protected":false},"featured_media":63641,"template":"","meta":[],"product_brand":[],"product_cat":[1916,1875,1915],"product_tag":[],"class_list":{"0":"post-42166","1":"product","2":"type-product","3":"status-publish","4":"has-post-thumbnail","6":"product_cat-1000-teile-puzzle","7":"product_cat-puzzle-de","8":"product_cat-puzzlespiele-fur-erwachsene","9":"pa_brand-d_toys-de","10":"pa_country_of_manufacture-ro-de","11":"pa_filter_age-14-de","12":"pa_painter-john-collier","13":"pa_tip_ambalaj-kasten-a4-de","14":"pa_tip_puzzle-klassisch","16":"first","17":"instock","18":"taxable","19":"shipping-taxable","20":"product-type-simple"},"yoast_head":"<!-- This site is optimized with the Yoast SEO plugin v20.1 - https:\/\/yoast.com\/wordpress\/plugins\/seo\/ -->\n<title>John Collier 1000 Teile Puzzle f\u00fcr Erwachsene - The Sleeping Beauty<\/title>\n<meta name=\"description\" content=\"John Collier 1000 Teile Puzzle f\u00fcr Erwachsene - The Sleeping Beauty\" \/>\n<meta name=\"robots\" content=\"index, follow, max-snippet:-1, max-image-preview:large, max-video-preview:-1\" \/>\n<link rel=\"canonical\" href=\"https:\/\/business.roovi.com\/de\/john-collier-1000-teile-puzzle-fur-erwachsene-the-sleeping-beauty\/p\/\" \/>\n<meta property=\"og:locale\" content=\"de_DE\" \/>\n<meta property=\"og:type\" content=\"article\" \/>\n<meta property=\"og:title\" content=\"John Collier 1000 Teile Puzzle f\u00fcr Erwachsene - The Sleeping Beauty\" \/>\n<meta property=\"og:description\" content=\"John Collier 1000 Teile Puzzle f\u00fcr Erwachsene - The Sleeping Beauty\" \/>\n<meta property=\"og:url\" content=\"https:\/\/business.roovi.com\/de\/john-collier-1000-teile-puzzle-fur-erwachsene-the-sleeping-beauty\/p\/\" \/>\n<meta property=\"og:site_name\" content=\"Roovi B2B\" \/>\n<meta property=\"article:publisher\" content=\"https:\/\/www.facebook.com\/wwwjucariero\" \/>\n<meta property=\"article:modified_time\" content=\"2022-12-01T12:24:35+00:00\" \/>\n<meta property=\"og:image\" content=\"https:\/\/business.roovi.com\/wp-content\/uploads\/2018\/04\/73822_01.jpg\" \/>\n\t<meta property=\"og:image:width\" content=\"1200\" \/>\n\t<meta property=\"og:image:height\" content=\"1200\" \/>\n\t<meta property=\"og:image:type\" content=\"image\/jpeg\" \/>\n<meta name=\"twitter:label1\" content=\"Gesch\u00e4tzte Lesezeit\" \/>\n\t<meta name=\"twitter:data1\" content=\"3\u00a0Minuten\" \/>\n<script type=\"application\/ld+json\" class=\"yoast-schema-graph\">{\"@context\":\"https:\/\/schema.org\",\"@graph\":[{\"@type\":\"WebPage\",\"@id\":\"https:\/\/business.roovi.com\/de\/john-collier-1000-teile-puzzle-fur-erwachsene-the-sleeping-beauty\/p\/\",\"url\":\"https:\/\/business.roovi.com\/de\/john-collier-1000-teile-puzzle-fur-erwachsene-the-sleeping-beauty\/p\/\",\"name\":\"John Collier 1000 Teile Puzzle f\u00fcr Erwachsene - The Sleeping Beauty\",\"isPartOf\":{\"@id\":\"https:\/\/business.roovi.com\/de\/#website\"},\"datePublished\":\"2018-04-16T10:56:17+00:00\",\"dateModified\":\"2022-12-01T12:24:35+00:00\",\"description\":\"John Collier 1000 Teile Puzzle f\u00fcr Erwachsene - The Sleeping Beauty\",\"breadcrumb\":{\"@id\":\"https:\/\/business.roovi.com\/de\/john-collier-1000-teile-puzzle-fur-erwachsene-the-sleeping-beauty\/p\/#breadcrumb\"},\"inLanguage\":\"de\",\"potentialAction\":[{\"@type\":\"ReadAction\",\"target\":[\"https:\/\/business.roovi.com\/de\/john-collier-1000-teile-puzzle-fur-erwachsene-the-sleeping-beauty\/p\/\"]}]},{\"@type\":\"BreadcrumbList\",\"@id\":\"https:\/\/business.roovi.com\/de\/john-collier-1000-teile-puzzle-fur-erwachsene-the-sleeping-beauty\/p\/#breadcrumb\",\"itemListElement\":[{\"@type\":\"ListItem\",\"position\":1,\"name\":\"Home\",\"item\":\"https:\/\/business.roovi.com\/de\/\"},{\"@type\":\"ListItem\",\"position\":2,\"name\":\"Shop\",\"item\":\"https:\/\/business.roovi.com\/de\/shop\/\"},{\"@type\":\"ListItem\",\"position\":3,\"name\":\"John Collier 1000 Teile Puzzle f\u00fcr Erwachsene &#8211; The Sleeping Beauty\"}]},{\"@type\":\"WebSite\",\"@id\":\"https:\/\/business.roovi.com\/de\/#website\",\"url\":\"https:\/\/business.roovi.com\/de\/\",\"name\":\"Roovi B2B\",\"description\":\"Roovi Business Website\",\"potentialAction\":[{\"@type\":\"SearchAction\",\"target\":{\"@type\":\"EntryPoint\",\"urlTemplate\":\"https:\/\/business.roovi.com\/de\/?s={search_term_string}\"},\"query-input\":\"required name=search_term_string\"}],\"inLanguage\":\"de\"}]}<\/script>\n<!-- \/ Yoast SEO plugin. -->","yoast_head_json":{"title":"John Collier 1000 Teile Puzzle f\u00fcr Erwachsene - The Sleeping Beauty","description":"John Collier 1000 Teile Puzzle f\u00fcr Erwachsene - The Sleeping Beauty","robots":{"index":"index","follow":"follow","max-snippet":"max-snippet:-1","max-image-preview":"max-image-preview:large","max-video-preview":"max-video-preview:-1"},"canonical":"https:\/\/business.roovi.com\/de\/john-collier-1000-teile-puzzle-fur-erwachsene-the-sleeping-beauty\/p\/","og_locale":"de_DE","og_type":"article","og_title":"John Collier 1000 Teile Puzzle f\u00fcr Erwachsene - The Sleeping Beauty","og_description":"John Collier 1000 Teile Puzzle f\u00fcr Erwachsene - The Sleeping Beauty","og_url":"https:\/\/business.roovi.com\/de\/john-collier-1000-teile-puzzle-fur-erwachsene-the-sleeping-beauty\/p\/","og_site_name":"Roovi B2B","article_publisher":"https:\/\/www.facebook.com\/wwwjucariero","article_modified_time":"2022-12-01T12:24:35+00:00","og_image":[{"width":1200,"height":1200,"url":"https:\/\/business.roovi.com\/wp-content\/uploads\/2018\/04\/73822_01.jpg","type":"image\/jpeg"}],"twitter_misc":{"Gesch\u00e4tzte Lesezeit":"3\u00a0Minuten"},"schema":{"@context":"https:\/\/schema.org","@graph":[{"@type":"WebPage","@id":"https:\/\/business.roovi.com\/de\/john-collier-1000-teile-puzzle-fur-erwachsene-the-sleeping-beauty\/p\/","url":"https:\/\/business.roovi.com\/de\/john-collier-1000-teile-puzzle-fur-erwachsene-the-sleeping-beauty\/p\/","name":"John Collier 1000 Teile Puzzle f\u00fcr Erwachsene - The Sleeping Beauty","isPartOf":{"@id":"https:\/\/business.roovi.com\/de\/#website"},"datePublished":"2018-04-16T10:56:17+00:00","dateModified":"2022-12-01T12:24:35+00:00","description":"John Collier 1000 Teile Puzzle f\u00fcr Erwachsene - The Sleeping Beauty","breadcrumb":{"@id":"https:\/\/business.roovi.com\/de\/john-collier-1000-teile-puzzle-fur-erwachsene-the-sleeping-beauty\/p\/#breadcrumb"},"inLanguage":"de","potentialAction":[{"@type":"ReadAction","target":["https:\/\/business.roovi.com\/de\/john-collier-1000-teile-puzzle-fur-erwachsene-the-sleeping-beauty\/p\/"]}]},{"@type":"BreadcrumbList","@id":"https:\/\/business.roovi.com\/de\/john-collier-1000-teile-puzzle-fur-erwachsene-the-sleeping-beauty\/p\/#breadcrumb","itemListElement":[{"@type":"ListItem","position":1,"name":"Home","item":"https:\/\/business.roovi.com\/de\/"},{"@type":"ListItem","position":2,"name":"Shop","item":"https:\/\/business.roovi.com\/de\/shop\/"},{"@type":"ListItem","position":3,"name":"John Collier 1000 Teile Puzzle f\u00fcr Erwachsene &#8211; The Sleeping Beauty"}]},{"@type":"WebSite","@id":"https:\/\/business.roovi.com\/de\/#website","url":"https:\/\/business.roovi.com\/de\/","name":"Roovi B2B","description":"Roovi Business Website","potentialAction":[{"@type":"SearchAction","target":{"@type":"EntryPoint","urlTemplate":"https:\/\/business.roovi.com\/de\/?s={search_term_string}"},"query-input":"required name=search_term_string"}],"inLanguage":"de"}]}},"_links":{"self":[{"href":"https:\/\/business.roovi.com\/de\/wp-json\/wp\/v2\/product\/42166","targetHints":{"allow":["GET"]}}],"collection":[{"href":"https:\/\/business.roovi.com\/de\/wp-json\/wp\/v2\/product"}],"about":[{"href":"https:\/\/business.roovi.com\/de\/wp-json\/wp\/v2\/types\/product"}],"version-history":[{"count":0,"href":"https:\/\/business.roovi.com\/de\/wp-json\/wp\/v2\/product\/42166\/revisions"}],"wp:featuredmedia":[{"embeddable":true,"href":"https:\/\/business.roovi.com\/de\/wp-json\/wp\/v2\/media\/63641"}],"wp:attachment":[{"href":"https:\/\/business.roovi.com\/de\/wp-json\/wp\/v2\/media?parent=42166"}],"wp:term":[{"taxonomy":"product_brand","embeddable":true,"href":"https:\/\/business.roovi.com\/de\/wp-json\/wp\/v2\/product_brand?post=42166"},{"taxonomy":"product_cat","embeddable":true,"href":"https:\/\/business.roovi.com\/de\/wp-json\/wp\/v2\/product_cat?post=42166"},{"taxonomy":"product_tag","embeddable":true,"href":"https:\/\/business.roovi.com\/de\/wp-json\/wp\/v2\/product_tag?post=42166"}],"curies":[{"name":"wp","href":"https:\/\/api.w.org\/{rel}","templated":true}]}}