{"id":42170,"date":"2018-04-16T10:56:17","date_gmt":"2018-04-16T10:56:17","guid":{"rendered":"https:\/\/business.roovi.com\/puzzle-adulti-1000-piese-ilya-repin-sadko-in-the-underwater-kingdom\/p\/"},"modified":"2022-07-06T18:59:20","modified_gmt":"2022-07-06T18:59:20","slug":"1000-teile-erwachsenenpuzzle-ilya-repin-sadko-im-unterwasserreich","status":"publish","type":"product","link":"https:\/\/business.roovi.com\/de\/1000-teile-erwachsenenpuzzle-ilya-repin-sadko-im-unterwasserreich\/p\/","title":{"rendered":"1000 Teile Erwachsenenpuzzle Ilya Repin &#8211; Sadko im Unterwasserreich"},"content":{"rendered":"<p><span style=\"font-weight: 400;font-size: 14px\">Entdecke die Freude an Puzzlespielen durch die gr\u00f6\u00dfte Sammlung von Kunstr\u00e4tseln in Rum\u00e4nien neu! Du wirst viele Stunden der Entspannung haben und am Ende wird deine Arbeit mit beeindruckenden Kunstwerken aus 1000-teiligen Puzzles gefeiert.<\/span><\/p>\n<p><span style=\"font-weight: 400;font-size: 14px\">Entdecke die russische Malerei mit dem 1000-teiligen Puzzle Ilya Repin &#8211; Sadko im Unterwasserreich. Erstelle aus Puzzleteilen die Sch\u00f6nheiten, die die Personifikationen der verschiedenen Nationen auf dem Originalgem\u00e4lde darstellen. Bei der Erstellung des Gem\u00e4ldes hat der K\u00fcnstler Karten der Meereswelt studiert und versucht, diesem Werk ein H\u00f6chstma\u00df an Authentizit\u00e4t zu verleihen. Das Ergebnis ist fabelhaft und du wirst \u00fcberzeugt sein, sobald du das Bild fertiggestellt hast.<\/span><\/p>\n<p><span style=\"font-weight: 400;font-size: 14px\">Du kannst einen gew\u00f6hnlichen Couchtisch verwenden, um die 1000 Puzzleteile zusammenzusetzen und zu halten. Das rekonstruierte Bild ist 50 x 70 cm gro\u00df.<\/span><\/p>\n<p><span style=\"font-weight: 400;font-size: 14px\">Weitere Merkmale des Ilya Repin &#8211; Sadko im Unterwasserreich Kunstpuzzles<\/span><\/p>\n<p><span style=\"font-size: 14px\"><strong>Puzzle-Material <\/strong><\/span><\/p>\n<p><span style=\"font-size: 14px\"><strong>hochwertiger blauer Karton<\/strong><\/span><\/p>\n<p><span style=\"font-size: 14px\"><strong>nachhaltige, recycelbare Materialien<\/strong><\/span><\/p>\n<p><span style=\"font-size: 14px\"><strong>halbgl\u00e4nzende Oberfl\u00e4che, leuchtende Farben<\/strong><\/span><\/p>\n<p><span style=\"font-size: 14px\"><strong>Anzahl der Puzzleteile: 1000<\/strong><\/span><\/p>\n<p><span style=\"font-size: 14px\"><strong>Empfohlenes Alter: 14+<\/strong><\/span><\/p>\n<p><span style=\"font-size: 14px\"><strong>Puzzlespiele verbessern deine Probleml\u00f6sungsf\u00e4higkeiten<\/strong><\/span><\/p>\n<p><span style=\"font-weight: 400;font-size: 14px\">Willst du besser auf die&#8230; Probleme des Lebens vorbereitet sein? Das L\u00f6sen von 1000-teiligen R\u00e4tseln hilft dir genau dabei. Puzzlespiele sorgen daf\u00fcr, dass du dich konzentrierst und deine Aufmerksamkeit f\u00fcr Details entwickelst. So kannst du jedes Mal die L\u00f6sung finden.<\/span><\/p>\n<p><span style=\"font-weight: 400;font-size: 14px\">Zus\u00e4tzlich zu diesem Vorteil bieten dir Puzzlespiele die M\u00f6glichkeit,..:<\/span><\/p>\n<ul>\n<li>\n<p><span style=\"font-weight: 400;font-size: 14px\">Entspanne dich nach einem anstrengenden, arbeitsreichen Tag.<\/span><\/p>\n<\/li>\n<li>\n<p><span style=\"font-weight: 400;font-size: 14px\">Trenne die Verbindung zu den Bildschirmen von Smart Devices.<\/span><\/p>\n<\/li>\n<li>\n<p><span style=\"font-weight: 400;font-size: 14px\">Entlaste den Stress.<\/span><\/p>\n<\/li>\n<li>\n<p><span style=\"font-weight: 400;font-size: 14px\">Genie\u00dfe wunderbare Momente mit deinen Liebsten, wenn ihr gemeinsam 1000 Puzzleteile vervollst\u00e4ndigt <\/span><\/p>\n<\/li>\n<\/ul>\n<p><span style=\"font-size: 14px\"><strong>Ilya Repin auf einen Blick:<\/strong><\/span><\/p>\n<p><span style=\"font-weight: 400;font-size: 14px\">Er gilt als der bedeutendste russische Maler.<\/span><\/p>\n<p><span style=\"font-weight: 400;font-size: 14px\">Das Malen hat er von einem Ikonenmaler gelernt.<\/span><\/p>\n<p><span style=\"font-weight: 400;font-size: 14px\">In seinen Werken verbergen sich tiefe Symbole, die oft die sozialen Spannungen seiner Zeit ausdr\u00fccken.<\/span><\/p>\n<p><span style=\"font-weight: 400;font-size: 14px\">Er schlief sowohl im Sommer als auch im Winter gerne im Freien.<\/span><\/p>\n<p><span style=\"font-weight: 400;font-size: 14px\">Seine zweite Frau war Vegetarierin, und Repin \u00fcbernahm ihren Speiseplan.<\/span><\/p>\n<p><span style=\"font-weight: 400;font-size: 14px\">Kaiser Alexander III. gab pers\u00f6nlich mehrere Gem\u00e4lde bei ihm in Auftrag.<\/span><\/p>\n<p><span style=\"font-size: 14px\"><strong>Setze das Puzzle zusammen und meditiere!<\/strong><\/span><\/p>\n<p><span style=\"font-weight: 400;font-size: 14px\">Puzzle spielen ist wie eine wunderbare Meditationssitzung. Du konzentrierst dich auf einen einzigen Gedanken &#8211; den, das Bild vor dir zu vervollst\u00e4ndigen &#8211; und trittst in eine tiefe Verbindung mit dir selbst. Du lebst in der Gegenwart und l\u00e4dst dich mit positiver Energie durch eine T\u00e4tigkeit auf, die dir Spa\u00df macht. Ist das nicht ein tolles Gef\u00fchl?<\/span><\/p>\n<p><span style=\"font-weight: 400;font-size: 14px\">Kaufe jetzt das 1000 Teile Puzzle Ilya Repin &#8211; Sadko im Unterwasserreich und erlebe einen erstaunlichen Zustand der Entspannung! Erschaffe ein einzigartiges Gem\u00e4lde, einen Ausdruck feinster russischer Kunst und erfreue deine Augen mit einem dekorativen Objekt aus dem 1000-teiligen Puzzle. Wenn du einem Freund, der leidenschaftlich gerne puzzelt, ein au\u00dfergew\u00f6hnliches Geschenk machen m\u00f6chtest, ist dieses wunderbare Kunstpuzzle die ideale Wahl.<\/span><\/p>\n<p><\/p>\n","protected":false},"excerpt":{"rendered":"<p>Entdecke die Freude an Puzzlespielen durch die gr\u00f6\u00dfte Sammlung von Kunstr\u00e4tseln in Rum\u00e4nien neu! Du wirst viele Stunden der Entspannung<\/p>\n","protected":false},"featured_media":63646,"template":"","meta":[],"product_brand":[],"product_cat":[1916,1875,1915],"product_tag":[],"class_list":{"0":"post-42170","1":"product","2":"type-product","3":"status-publish","4":"has-post-thumbnail","6":"product_cat-1000-teile-puzzle","7":"product_cat-puzzle-de","8":"product_cat-puzzlespiele-fur-erwachsene","9":"pa_brand-d_toys-de","10":"pa_country_of_manufacture-ro-de","11":"pa_filter_age-14-de","12":"pa_painter-ilya-repin","13":"pa_tip_ambalaj-kasten-a4-de","14":"pa_tip_puzzle-klassisch","16":"first","17":"instock","18":"taxable","19":"shipping-taxable","20":"product-type-simple"},"yoast_head":"<!-- This site is optimized with the Yoast SEO plugin v20.1 - https:\/\/yoast.com\/wordpress\/plugins\/seo\/ -->\n<title>1000 Teile Erwachsenenpuzzle Ilya Repin - Sadko im Unterwasserreich<\/title>\n<meta name=\"description\" content=\"1000 Teile Erwachsenenpuzzle Ilya Repin - Sadko im Unterwasserreich\" \/>\n<meta name=\"robots\" content=\"index, follow, max-snippet:-1, max-image-preview:large, max-video-preview:-1\" \/>\n<link rel=\"canonical\" href=\"https:\/\/business.roovi.com\/de\/1000-teile-erwachsenenpuzzle-ilya-repin-sadko-im-unterwasserreich\/p\/\" \/>\n<meta property=\"og:locale\" content=\"de_DE\" \/>\n<meta property=\"og:type\" content=\"article\" \/>\n<meta property=\"og:title\" content=\"1000 Teile Erwachsenenpuzzle Ilya Repin - Sadko im Unterwasserreich\" \/>\n<meta property=\"og:description\" content=\"1000 Teile Erwachsenenpuzzle Ilya Repin - Sadko im Unterwasserreich\" \/>\n<meta property=\"og:url\" content=\"https:\/\/business.roovi.com\/de\/1000-teile-erwachsenenpuzzle-ilya-repin-sadko-im-unterwasserreich\/p\/\" \/>\n<meta property=\"og:site_name\" content=\"Roovi B2B\" \/>\n<meta property=\"article:publisher\" content=\"https:\/\/www.facebook.com\/wwwjucariero\" \/>\n<meta property=\"article:modified_time\" content=\"2022-07-06T18:59:20+00:00\" \/>\n<meta property=\"og:image\" content=\"https:\/\/business.roovi.com\/wp-content\/uploads\/2018\/04\/73839-01_ansamblu_dimensiuni_cutie_cm_vertical.png\" \/>\n\t<meta property=\"og:image:width\" content=\"1200\" \/>\n\t<meta property=\"og:image:height\" content=\"1200\" \/>\n\t<meta property=\"og:image:type\" content=\"image\/png\" \/>\n<meta name=\"twitter:label1\" content=\"Gesch\u00e4tzte Lesezeit\" \/>\n\t<meta name=\"twitter:data1\" content=\"2\u00a0Minuten\" \/>\n<script type=\"application\/ld+json\" class=\"yoast-schema-graph\">{\"@context\":\"https:\/\/schema.org\",\"@graph\":[{\"@type\":\"WebPage\",\"@id\":\"https:\/\/business.roovi.com\/de\/1000-teile-erwachsenenpuzzle-ilya-repin-sadko-im-unterwasserreich\/p\/\",\"url\":\"https:\/\/business.roovi.com\/de\/1000-teile-erwachsenenpuzzle-ilya-repin-sadko-im-unterwasserreich\/p\/\",\"name\":\"1000 Teile Erwachsenenpuzzle Ilya Repin - Sadko im Unterwasserreich\",\"isPartOf\":{\"@id\":\"https:\/\/business.roovi.com\/de\/#website\"},\"datePublished\":\"2018-04-16T10:56:17+00:00\",\"dateModified\":\"2022-07-06T18:59:20+00:00\",\"description\":\"1000 Teile Erwachsenenpuzzle Ilya Repin - Sadko im Unterwasserreich\",\"breadcrumb\":{\"@id\":\"https:\/\/business.roovi.com\/de\/1000-teile-erwachsenenpuzzle-ilya-repin-sadko-im-unterwasserreich\/p\/#breadcrumb\"},\"inLanguage\":\"de\",\"potentialAction\":[{\"@type\":\"ReadAction\",\"target\":[\"https:\/\/business.roovi.com\/de\/1000-teile-erwachsenenpuzzle-ilya-repin-sadko-im-unterwasserreich\/p\/\"]}]},{\"@type\":\"BreadcrumbList\",\"@id\":\"https:\/\/business.roovi.com\/de\/1000-teile-erwachsenenpuzzle-ilya-repin-sadko-im-unterwasserreich\/p\/#breadcrumb\",\"itemListElement\":[{\"@type\":\"ListItem\",\"position\":1,\"name\":\"Home\",\"item\":\"https:\/\/business.roovi.com\/de\/\"},{\"@type\":\"ListItem\",\"position\":2,\"name\":\"Shop\",\"item\":\"https:\/\/business.roovi.com\/de\/shop\/\"},{\"@type\":\"ListItem\",\"position\":3,\"name\":\"1000 Teile Erwachsenenpuzzle Ilya Repin &#8211; Sadko im Unterwasserreich\"}]},{\"@type\":\"WebSite\",\"@id\":\"https:\/\/business.roovi.com\/de\/#website\",\"url\":\"https:\/\/business.roovi.com\/de\/\",\"name\":\"Roovi B2B\",\"description\":\"Roovi Business Website\",\"potentialAction\":[{\"@type\":\"SearchAction\",\"target\":{\"@type\":\"EntryPoint\",\"urlTemplate\":\"https:\/\/business.roovi.com\/de\/?s={search_term_string}\"},\"query-input\":\"required name=search_term_string\"}],\"inLanguage\":\"de\"}]}<\/script>\n<!-- \/ Yoast SEO plugin. -->","yoast_head_json":{"title":"1000 Teile Erwachsenenpuzzle Ilya Repin - Sadko im Unterwasserreich","description":"1000 Teile Erwachsenenpuzzle Ilya Repin - Sadko im Unterwasserreich","robots":{"index":"index","follow":"follow","max-snippet":"max-snippet:-1","max-image-preview":"max-image-preview:large","max-video-preview":"max-video-preview:-1"},"canonical":"https:\/\/business.roovi.com\/de\/1000-teile-erwachsenenpuzzle-ilya-repin-sadko-im-unterwasserreich\/p\/","og_locale":"de_DE","og_type":"article","og_title":"1000 Teile Erwachsenenpuzzle Ilya Repin - Sadko im Unterwasserreich","og_description":"1000 Teile Erwachsenenpuzzle Ilya Repin - Sadko im Unterwasserreich","og_url":"https:\/\/business.roovi.com\/de\/1000-teile-erwachsenenpuzzle-ilya-repin-sadko-im-unterwasserreich\/p\/","og_site_name":"Roovi B2B","article_publisher":"https:\/\/www.facebook.com\/wwwjucariero","article_modified_time":"2022-07-06T18:59:20+00:00","og_image":[{"width":1200,"height":1200,"url":"https:\/\/business.roovi.com\/wp-content\/uploads\/2018\/04\/73839-01_ansamblu_dimensiuni_cutie_cm_vertical.png","type":"image\/png"}],"twitter_misc":{"Gesch\u00e4tzte Lesezeit":"2\u00a0Minuten"},"schema":{"@context":"https:\/\/schema.org","@graph":[{"@type":"WebPage","@id":"https:\/\/business.roovi.com\/de\/1000-teile-erwachsenenpuzzle-ilya-repin-sadko-im-unterwasserreich\/p\/","url":"https:\/\/business.roovi.com\/de\/1000-teile-erwachsenenpuzzle-ilya-repin-sadko-im-unterwasserreich\/p\/","name":"1000 Teile Erwachsenenpuzzle Ilya Repin - Sadko im Unterwasserreich","isPartOf":{"@id":"https:\/\/business.roovi.com\/de\/#website"},"datePublished":"2018-04-16T10:56:17+00:00","dateModified":"2022-07-06T18:59:20+00:00","description":"1000 Teile Erwachsenenpuzzle Ilya Repin - Sadko im Unterwasserreich","breadcrumb":{"@id":"https:\/\/business.roovi.com\/de\/1000-teile-erwachsenenpuzzle-ilya-repin-sadko-im-unterwasserreich\/p\/#breadcrumb"},"inLanguage":"de","potentialAction":[{"@type":"ReadAction","target":["https:\/\/business.roovi.com\/de\/1000-teile-erwachsenenpuzzle-ilya-repin-sadko-im-unterwasserreich\/p\/"]}]},{"@type":"BreadcrumbList","@id":"https:\/\/business.roovi.com\/de\/1000-teile-erwachsenenpuzzle-ilya-repin-sadko-im-unterwasserreich\/p\/#breadcrumb","itemListElement":[{"@type":"ListItem","position":1,"name":"Home","item":"https:\/\/business.roovi.com\/de\/"},{"@type":"ListItem","position":2,"name":"Shop","item":"https:\/\/business.roovi.com\/de\/shop\/"},{"@type":"ListItem","position":3,"name":"1000 Teile Erwachsenenpuzzle Ilya Repin &#8211; Sadko im Unterwasserreich"}]},{"@type":"WebSite","@id":"https:\/\/business.roovi.com\/de\/#website","url":"https:\/\/business.roovi.com\/de\/","name":"Roovi B2B","description":"Roovi Business Website","potentialAction":[{"@type":"SearchAction","target":{"@type":"EntryPoint","urlTemplate":"https:\/\/business.roovi.com\/de\/?s={search_term_string}"},"query-input":"required name=search_term_string"}],"inLanguage":"de"}]}},"_links":{"self":[{"href":"https:\/\/business.roovi.com\/de\/wp-json\/wp\/v2\/product\/42170","targetHints":{"allow":["GET"]}}],"collection":[{"href":"https:\/\/business.roovi.com\/de\/wp-json\/wp\/v2\/product"}],"about":[{"href":"https:\/\/business.roovi.com\/de\/wp-json\/wp\/v2\/types\/product"}],"version-history":[{"count":0,"href":"https:\/\/business.roovi.com\/de\/wp-json\/wp\/v2\/product\/42170\/revisions"}],"wp:featuredmedia":[{"embeddable":true,"href":"https:\/\/business.roovi.com\/de\/wp-json\/wp\/v2\/media\/63646"}],"wp:attachment":[{"href":"https:\/\/business.roovi.com\/de\/wp-json\/wp\/v2\/media?parent=42170"}],"wp:term":[{"taxonomy":"product_brand","embeddable":true,"href":"https:\/\/business.roovi.com\/de\/wp-json\/wp\/v2\/product_brand?post=42170"},{"taxonomy":"product_cat","embeddable":true,"href":"https:\/\/business.roovi.com\/de\/wp-json\/wp\/v2\/product_cat?post=42170"},{"taxonomy":"product_tag","embeddable":true,"href":"https:\/\/business.roovi.com\/de\/wp-json\/wp\/v2\/product_tag?post=42170"}],"curies":[{"name":"wp","href":"https:\/\/api.w.org\/{rel}","templated":true}]}}