{"id":42174,"date":"2018-04-16T10:56:17","date_gmt":"2018-04-16T10:56:17","guid":{"rendered":"https:\/\/business.roovi.com\/puzzle-adulti-1000-piese-boris-kustodiev-maslenitsa\/p\/"},"modified":"2022-07-06T18:59:27","modified_gmt":"2022-07-06T18:59:27","slug":"1000-teile-erwachsenenpuzzle-boris-kustodiev-maslenitsa","status":"publish","type":"product","link":"https:\/\/business.roovi.com\/de\/1000-teile-erwachsenenpuzzle-boris-kustodiev-maslenitsa\/p\/","title":{"rendered":"1000 Teile Erwachsenenpuzzle Boris Kustodiev &#8211; Maslenitsa"},"content":{"rendered":"<p><span style=\"font-weight: 400\">Bist du ein leidenschaftlicher Kunstliebhaber oder m\u00f6chtest du einem Freund, der von ber\u00fchmten Gem\u00e4lden fasziniert ist, ein besonderes Geschenk machen? Dann bist du bei uns genau richtig! Unsere Kunstpuzzle-Kollektion vereint Bilder der ber\u00fchmtesten Gem\u00e4lde der Welt in 1000-teiligen Puzzles <\/span><\/p>\n<p><span style=\"font-weight: 400\">Das 1000-teilige Puzzle Boris Kustodiev &#8211; Maslenitsa stellt ein pr\u00e4chtiges Bild eines russischen Urlaubs dar. Das Originalgem\u00e4lde zelebriert <\/span><span style=\"font-weight: 400\">&#8222;<\/span><span style=\"font-weight: 400\">butterwoche<\/span><span style=\"font-weight: 400\">&#8222;<\/span> <span style=\"font-weight: 400\">der russischen Tradition, gleichbedeutend mit <\/span><span style=\"font-weight: 400\">&#8222;<\/span><span style=\"font-weight: 400\">wei\u00dfe Woche<\/span><span style=\"font-weight: 400\">&#8220; in der christlichen Tradition. Die Menschen, die auf den schneebedeckten Stra\u00dfen feiern, strahlen eine Begeisterung aus, die auch dich mitrei\u00dfen wird, wenn du mit der Arbeit an diesem Kunstwerk beginnst.<\/span><\/p>\n<p><span style=\"font-weight: 400\">F\u00fcr die Montage kannst du einen normalen Couchtisch verwenden. Die Ma\u00dfe des rekonstruierten Bildes sind 50 x 70 cm. Mehr Informationen \u00fcber das Kunstpuzzle <\/span><span style=\"font-weight: 400\">Boris Kustodiev &#8211; Maslenitsa kannst du unten lesen:<\/span><\/p>\n<p><strong>Puzzle-Material <\/strong><\/p>\n<p><strong>hochwertiger blauer Karton<\/strong><\/p>\n<p><strong>nachhaltige, recycelbare Materialien<\/strong><\/p>\n<p><strong>halbgl\u00e4nzende Oberfl\u00e4che, leuchtende Farben<\/strong><\/p>\n<p><strong>Anzahl der Puzzleteile: 1000<\/strong><\/p>\n<p><strong>Empfohlenes Alter: 14+<\/strong><\/p>\n<p><strong>Willst du keine Ged\u00e4chtnisprobleme haben? Setze jeden Tag 1000 Puzzlest\u00fccke zusammen!<\/strong><\/p>\n<p><span style=\"font-weight: 400\">Studien zeigen, dass Menschen, die jeden Tag mindestens 30 Minuten mit Puzzlespielen verbringen, ihren Geist scharf halten. Dieser Vorteil umfasst ein besseres Ged\u00e4chtnis und andere kognitive F\u00e4higkeiten. Beim Zusammensetzen des 1000-teiligen Puzzles geht es darum, sich an die Formen und Farben der Puzzleteile zu erinnern, was die Verbindung zwischen Puzzlespielen und dem Ged\u00e4chtnis erkl\u00e4rt.<\/span><\/p>\n<p><strong>Puzzlespiele verbessern die Probleml\u00f6sungskompetenz<\/strong><\/p>\n<p><span style=\"font-weight: 400\">Um ein 1000-Teile-Puzzle zu l\u00f6sen, muss man die Logik des Zusammensetzens der Teile entdecken. Wenn dieses Problem gel\u00f6st ist, geht die Arbeit leichter von der Hand und du kommst mit der Bildrekonstruktion schnell voran. Auf diese Weise verbessern Puzzles deine Probleml\u00f6sungsf\u00e4higkeiten und erleichtern es dir, die Perspektive zu wechseln, um angemessene L\u00f6sungen f\u00fcr die verschiedenen Herausforderungen zu finden, mit denen du jeden Tag konfrontiert bist.<\/span><\/p>\n<p><strong>Puzzlespiele helfen dir, die Stimmung zu verbessern<\/strong><\/p>\n<p><span style=\"font-weight: 400\">Wer mag nicht das Gef\u00fchl, eine schwierige Aufgabe zu l\u00f6sen? Aber es stellt sich heraus, dass das Gef\u00fchl der Zufriedenheit, das wir bekommen, wenn wir das Bild aus dem 1000-Teile-Puzzle zusammensetzen, auf die Aussch\u00fcttung von Dopamin zur\u00fcckzuf\u00fchren ist. Diese Substanz ist f\u00fcr Optimismus und Gl\u00fccksgef\u00fchle verantwortlich und die Aktivit\u00e4t des Zusammensetzens von Puzzlespielen regt ihre Produktion an. Also genie\u00dfe diese wohltuende Aktivit\u00e4t in vollen Z\u00fcgen!<\/span><\/p>\n<p><strong>Wusstest du schon von Boris Kustodiev?<\/strong><\/p>\n<p><span style=\"font-weight: 400\">Er war einer der bedeutendsten russischen Maler des fr\u00fchen 20. Jahrhunderts.<\/span><\/p>\n<p><span style=\"font-weight: 400\">Er arbeitete auch als Buchillustrator und B\u00fchnenbildner.<\/span><\/p>\n<p><span style=\"font-weight: 400\">Er arbeitete als Assistent des ber\u00fchmten Malers<\/span><span style=\"font-weight: 400\"> Ilya Repin, der ihn f\u00fcr einen brillanten K\u00fcnstler hielt.<\/span><\/p>\n<p><span style=\"font-weight: 400\">In der Arbeit <\/span><em><span style=\"font-weight: 400\">Maslenitsa <\/span><\/em><span style=\"font-weight: 400\">hat der K\u00fcnstler akribisch Erinnerungen an seine eigene Kindheit nachgestellt und ein beliebtes Ereignis in der \u00fcberf\u00fcllten Stadt am Ufer der Wolga wiedergegeben.<\/span><\/p>\n<p><span style=\"font-weight: 400\">Er sagte, das Hauptthema seiner Bilder sei die Liebe zum Leben, Gl\u00fcck, Freude und vor allem die Liebe zu russischen Dingen.<\/span><\/p>\n<p><strong>Kunstr\u00e4tsel: 3 Vorteile, die sie dir bieten<\/strong><\/p>\n<p><span style=\"font-weight: 400\">1. Sie entf\u00fchren dich in die faszinierende Welt ber\u00fchmter Gem\u00e4lde und geben dir das Gef\u00fchl, ein echter K\u00fcnstler zu sein, der gro\u00dfartige Werke schafft.<\/span><\/p>\n<p><span style=\"font-weight: 400\">2. Sie entwickeln deine Fantasie und deinen farbenfrohen Geist.<\/span><\/p>\n<p><span style=\"font-weight: 400\">3. Es gibt dir die M\u00f6glichkeit, selbst die feinsten Details ber\u00fchmter Gem\u00e4lde zu studieren und zu bewundern.<\/span><\/p>\n<p><span style=\"font-weight: 400\">Kaufe jetzt das 1000-teilige Puzzle Boris Kustodiev &#8211; Maslenitsa und stimme dich auf das Fest ein, das der russische K\u00fcnstler in perfekten Farbt\u00f6nen dargestellt hat. Setze dieses wunderbare Kunstpuzzle mit deiner Familie oder deinen Freunden zusammen und genie\u00dft gemeinsam ein besonderes Kunstwerk. Verschenke dieses 1000-teilige Puzzle an einen Freund, der eine Leidenschaft f\u00fcr Puzzlespiele oder ber\u00fchmte Gem\u00e4lde hat.<\/span><\/p><\/p>\n","protected":false},"excerpt":{"rendered":"<p>Bist du ein leidenschaftlicher Kunstliebhaber oder m\u00f6chtest du einem Freund, der von ber\u00fchmten Gem\u00e4lden fasziniert ist, ein besonderes Geschenk machen?<\/p>\n","protected":false},"featured_media":63672,"template":"","meta":[],"product_brand":[],"product_cat":[1916,1875,1915],"product_tag":[],"class_list":{"0":"post-42174","1":"product","2":"type-product","3":"status-publish","4":"has-post-thumbnail","6":"product_cat-1000-teile-puzzle","7":"product_cat-puzzle-de","8":"product_cat-puzzlespiele-fur-erwachsene","9":"pa_brand-d_toys-de","10":"pa_country_of_manufacture-ro-de","11":"pa_filter_age-14-de","12":"pa_painter-boris-kustodiev","13":"pa_tip_ambalaj-kasten-a4-de","14":"pa_tip_puzzle-klassisch","16":"first","17":"instock","18":"taxable","19":"shipping-taxable","20":"product-type-simple"},"yoast_head":"<!-- This site is optimized with the Yoast SEO plugin v20.1 - https:\/\/yoast.com\/wordpress\/plugins\/seo\/ -->\n<title>1000 Teile Erwachsenenpuzzle Boris Kustodiev - Maslenitsa<\/title>\n<meta name=\"description\" content=\"1000 Teile Erwachsenenpuzzle Boris Kustodiev - Maslenitsa\" \/>\n<meta name=\"robots\" content=\"index, follow, max-snippet:-1, max-image-preview:large, max-video-preview:-1\" \/>\n<link rel=\"canonical\" href=\"https:\/\/business.roovi.com\/de\/1000-teile-erwachsenenpuzzle-boris-kustodiev-maslenitsa\/p\/\" \/>\n<meta property=\"og:locale\" content=\"de_DE\" \/>\n<meta property=\"og:type\" content=\"article\" \/>\n<meta property=\"og:title\" content=\"1000 Teile Erwachsenenpuzzle Boris Kustodiev - Maslenitsa\" \/>\n<meta property=\"og:description\" content=\"1000 Teile Erwachsenenpuzzle Boris Kustodiev - Maslenitsa\" \/>\n<meta property=\"og:url\" content=\"https:\/\/business.roovi.com\/de\/1000-teile-erwachsenenpuzzle-boris-kustodiev-maslenitsa\/p\/\" \/>\n<meta property=\"og:site_name\" content=\"Roovi B2B\" \/>\n<meta property=\"article:publisher\" content=\"https:\/\/www.facebook.com\/wwwjucariero\" \/>\n<meta property=\"article:modified_time\" content=\"2022-07-06T18:59:27+00:00\" \/>\n<meta property=\"og:image\" content=\"https:\/\/business.roovi.com\/wp-content\/uploads\/2018\/04\/73846-01_ansamblu_dimensiuni_cutie_cm_orizontal.png\" \/>\n\t<meta property=\"og:image:width\" content=\"1200\" \/>\n\t<meta property=\"og:image:height\" content=\"1200\" \/>\n\t<meta property=\"og:image:type\" content=\"image\/png\" \/>\n<meta name=\"twitter:label1\" content=\"Gesch\u00e4tzte Lesezeit\" \/>\n\t<meta name=\"twitter:data1\" content=\"3\u00a0Minuten\" \/>\n<script type=\"application\/ld+json\" class=\"yoast-schema-graph\">{\"@context\":\"https:\/\/schema.org\",\"@graph\":[{\"@type\":\"WebPage\",\"@id\":\"https:\/\/business.roovi.com\/de\/1000-teile-erwachsenenpuzzle-boris-kustodiev-maslenitsa\/p\/\",\"url\":\"https:\/\/business.roovi.com\/de\/1000-teile-erwachsenenpuzzle-boris-kustodiev-maslenitsa\/p\/\",\"name\":\"1000 Teile Erwachsenenpuzzle Boris Kustodiev - Maslenitsa\",\"isPartOf\":{\"@id\":\"https:\/\/business.roovi.com\/de\/#website\"},\"datePublished\":\"2018-04-16T10:56:17+00:00\",\"dateModified\":\"2022-07-06T18:59:27+00:00\",\"description\":\"1000 Teile Erwachsenenpuzzle Boris Kustodiev - Maslenitsa\",\"breadcrumb\":{\"@id\":\"https:\/\/business.roovi.com\/de\/1000-teile-erwachsenenpuzzle-boris-kustodiev-maslenitsa\/p\/#breadcrumb\"},\"inLanguage\":\"de\",\"potentialAction\":[{\"@type\":\"ReadAction\",\"target\":[\"https:\/\/business.roovi.com\/de\/1000-teile-erwachsenenpuzzle-boris-kustodiev-maslenitsa\/p\/\"]}]},{\"@type\":\"BreadcrumbList\",\"@id\":\"https:\/\/business.roovi.com\/de\/1000-teile-erwachsenenpuzzle-boris-kustodiev-maslenitsa\/p\/#breadcrumb\",\"itemListElement\":[{\"@type\":\"ListItem\",\"position\":1,\"name\":\"Home\",\"item\":\"https:\/\/business.roovi.com\/de\/\"},{\"@type\":\"ListItem\",\"position\":2,\"name\":\"Shop\",\"item\":\"https:\/\/business.roovi.com\/de\/shop\/\"},{\"@type\":\"ListItem\",\"position\":3,\"name\":\"1000 Teile Erwachsenenpuzzle Boris Kustodiev &#8211; Maslenitsa\"}]},{\"@type\":\"WebSite\",\"@id\":\"https:\/\/business.roovi.com\/de\/#website\",\"url\":\"https:\/\/business.roovi.com\/de\/\",\"name\":\"Roovi B2B\",\"description\":\"Roovi Business Website\",\"potentialAction\":[{\"@type\":\"SearchAction\",\"target\":{\"@type\":\"EntryPoint\",\"urlTemplate\":\"https:\/\/business.roovi.com\/de\/?s={search_term_string}\"},\"query-input\":\"required name=search_term_string\"}],\"inLanguage\":\"de\"}]}<\/script>\n<!-- \/ Yoast SEO plugin. -->","yoast_head_json":{"title":"1000 Teile Erwachsenenpuzzle Boris Kustodiev - Maslenitsa","description":"1000 Teile Erwachsenenpuzzle Boris Kustodiev - Maslenitsa","robots":{"index":"index","follow":"follow","max-snippet":"max-snippet:-1","max-image-preview":"max-image-preview:large","max-video-preview":"max-video-preview:-1"},"canonical":"https:\/\/business.roovi.com\/de\/1000-teile-erwachsenenpuzzle-boris-kustodiev-maslenitsa\/p\/","og_locale":"de_DE","og_type":"article","og_title":"1000 Teile Erwachsenenpuzzle Boris Kustodiev - Maslenitsa","og_description":"1000 Teile Erwachsenenpuzzle Boris Kustodiev - Maslenitsa","og_url":"https:\/\/business.roovi.com\/de\/1000-teile-erwachsenenpuzzle-boris-kustodiev-maslenitsa\/p\/","og_site_name":"Roovi B2B","article_publisher":"https:\/\/www.facebook.com\/wwwjucariero","article_modified_time":"2022-07-06T18:59:27+00:00","og_image":[{"width":1200,"height":1200,"url":"https:\/\/business.roovi.com\/wp-content\/uploads\/2018\/04\/73846-01_ansamblu_dimensiuni_cutie_cm_orizontal.png","type":"image\/png"}],"twitter_misc":{"Gesch\u00e4tzte Lesezeit":"3\u00a0Minuten"},"schema":{"@context":"https:\/\/schema.org","@graph":[{"@type":"WebPage","@id":"https:\/\/business.roovi.com\/de\/1000-teile-erwachsenenpuzzle-boris-kustodiev-maslenitsa\/p\/","url":"https:\/\/business.roovi.com\/de\/1000-teile-erwachsenenpuzzle-boris-kustodiev-maslenitsa\/p\/","name":"1000 Teile Erwachsenenpuzzle Boris Kustodiev - Maslenitsa","isPartOf":{"@id":"https:\/\/business.roovi.com\/de\/#website"},"datePublished":"2018-04-16T10:56:17+00:00","dateModified":"2022-07-06T18:59:27+00:00","description":"1000 Teile Erwachsenenpuzzle Boris Kustodiev - Maslenitsa","breadcrumb":{"@id":"https:\/\/business.roovi.com\/de\/1000-teile-erwachsenenpuzzle-boris-kustodiev-maslenitsa\/p\/#breadcrumb"},"inLanguage":"de","potentialAction":[{"@type":"ReadAction","target":["https:\/\/business.roovi.com\/de\/1000-teile-erwachsenenpuzzle-boris-kustodiev-maslenitsa\/p\/"]}]},{"@type":"BreadcrumbList","@id":"https:\/\/business.roovi.com\/de\/1000-teile-erwachsenenpuzzle-boris-kustodiev-maslenitsa\/p\/#breadcrumb","itemListElement":[{"@type":"ListItem","position":1,"name":"Home","item":"https:\/\/business.roovi.com\/de\/"},{"@type":"ListItem","position":2,"name":"Shop","item":"https:\/\/business.roovi.com\/de\/shop\/"},{"@type":"ListItem","position":3,"name":"1000 Teile Erwachsenenpuzzle Boris Kustodiev &#8211; Maslenitsa"}]},{"@type":"WebSite","@id":"https:\/\/business.roovi.com\/de\/#website","url":"https:\/\/business.roovi.com\/de\/","name":"Roovi B2B","description":"Roovi Business Website","potentialAction":[{"@type":"SearchAction","target":{"@type":"EntryPoint","urlTemplate":"https:\/\/business.roovi.com\/de\/?s={search_term_string}"},"query-input":"required name=search_term_string"}],"inLanguage":"de"}]}},"_links":{"self":[{"href":"https:\/\/business.roovi.com\/de\/wp-json\/wp\/v2\/product\/42174","targetHints":{"allow":["GET"]}}],"collection":[{"href":"https:\/\/business.roovi.com\/de\/wp-json\/wp\/v2\/product"}],"about":[{"href":"https:\/\/business.roovi.com\/de\/wp-json\/wp\/v2\/types\/product"}],"version-history":[{"count":0,"href":"https:\/\/business.roovi.com\/de\/wp-json\/wp\/v2\/product\/42174\/revisions"}],"wp:featuredmedia":[{"embeddable":true,"href":"https:\/\/business.roovi.com\/de\/wp-json\/wp\/v2\/media\/63672"}],"wp:attachment":[{"href":"https:\/\/business.roovi.com\/de\/wp-json\/wp\/v2\/media?parent=42174"}],"wp:term":[{"taxonomy":"product_brand","embeddable":true,"href":"https:\/\/business.roovi.com\/de\/wp-json\/wp\/v2\/product_brand?post=42174"},{"taxonomy":"product_cat","embeddable":true,"href":"https:\/\/business.roovi.com\/de\/wp-json\/wp\/v2\/product_cat?post=42174"},{"taxonomy":"product_tag","embeddable":true,"href":"https:\/\/business.roovi.com\/de\/wp-json\/wp\/v2\/product_tag?post=42174"}],"curies":[{"name":"wp","href":"https:\/\/api.w.org\/{rel}","templated":true}]}}