{"id":42178,"date":"2018-04-16T10:56:17","date_gmt":"2018-04-16T10:56:17","guid":{"rendered":"https:\/\/business.roovi.com\/puzzle-adulti-1000-piese-kurti-andrea-paris\/p\/"},"modified":"2022-07-06T18:59:33","modified_gmt":"2022-07-06T18:59:33","slug":"puzzle-fur-erwachsene-1000-teile-kurti-andrea-paris","status":"publish","type":"product","link":"https:\/\/business.roovi.com\/de\/puzzle-fur-erwachsene-1000-teile-kurti-andrea-paris\/p\/","title":{"rendered":"Puzzle f\u00fcr Erwachsene 1000 Teile K\u00fcrti Andrea &#8211; Paris"},"content":{"rendered":"<p><span style=\"font-weight: 400\">Begib dich auf eine imagin\u00e4re Reise ins romantische Paris mit Hilfe des K\u00fcrti Andrea &#8211; Paris 1000 Teile Puzzlebildes. Eine originelle animierte Illustration bringt dich ganz nah an den Eiffelturm heran und du wirst die Lebendigkeit der sprudelnden Stadt durch das Prisma eines erstaunlichen R\u00e4tselspiels sp\u00fcren.<\/span><\/p>\n<p><span style=\"font-weight: 400\">Wenn du eine Leidenschaft f\u00fcr 1000-teilige Puzzles hast und darauf brennst, ein einzigartiges Bild zusammenzusetzen, ist das 1000-teilige Puzzle Andrea &#8211; Paris von K\u00fcrti genau das Richtige f\u00fcr dich. Dieses Puzzle f\u00fcr Erwachsene zeigt den imposanten Eiffelturm mit bunten Luftballons, die um ihn herumschweben, und zwei Liebende, die sich in der N\u00e4he einer der meistbesuchten Sehensw\u00fcrdigkeiten der Welt k\u00fcssen <\/span><\/p>\n<p><span style=\"font-weight: 400\">Der zeitgen\u00f6ssische K\u00fcnstler K\u00fcrti Andrea hat sich eine perfekte Welt aus warmen Farben vorgestellt, in der Liebe und Harmonie herrschen. Die winzigen Farbdetails werden dein Geschick und deine Liebe zum Detail herausfordern, aber am Ende wirst du mit einem intensiven Gef\u00fchl der Befriedigung zur\u00fcckgelassen, dass du ein wahres Kunstwerk geschaffen hast.<\/span><\/p>\n<p><span style=\"font-weight: 400\">Du kannst einen normalen Couchtisch verwenden, um die 1000 Puzzleteile aufzustellen. Das rekonstruierte Gem\u00e4lde ist 50 x 70 cm gro\u00df.<\/span><\/p>\n<p><span style=\"font-weight: 400\">Weitere Merkmale des Pariser Kunstr\u00e4tsels:<\/span><\/p>\n<p><strong>Puzzle-Material <\/strong><\/p>\n<p><strong>hochwertiger blauer Karton<\/strong><\/p>\n<p><strong>nachhaltige, recycelbare Materialien<\/strong><\/p>\n<p><strong>halbgl\u00e4nzende Oberfl\u00e4che, leuchtende Farben<\/strong><\/p>\n<p><strong>Anzahl der Puzzleteile: 1000<\/strong><\/p>\n<p><strong>Empfohlenes Alter: 14+<\/strong><\/p>\n<p><strong>Welche Vorteile hat es, ein Kunstr\u00e4tsel zu l\u00f6sen?<\/strong><\/p>\n<p><span style=\"font-weight: 400\">Du bekommst ein wundersch\u00f6nes Gem\u00e4lde, ein Ausdruck eines zeitgen\u00f6ssischen Kunstwerks, mit dem du dein Zuhause dekorieren kannst.<\/span><\/p>\n<p><span style=\"font-weight: 400\">Es fordert dich heraus, aus deiner Komfortzone herauszukommen und deine F\u00e4higkeiten beim L\u00f6sen von R\u00e4tseln zu trainieren.<\/span><\/p>\n<p><span style=\"font-weight: 400\">Es entwickelt deine Vorstellungskraft und gibt dir das Gef\u00fchl, ein echter Detektiv zu sein, der nach Hinweisen sucht, um eines der Geheimnisse von Paris zu l\u00f6sen.<\/span><\/p>\n<p><span style=\"font-weight: 400\">Es ist eine Gelegenheit, sich zu entspannen und die Probleme des Alltags hinter sich zu lassen.<\/span><\/p>\n<p><span style=\"font-weight: 400\">Es kann eine gute Gelegenheit sein, Zeit mit deinen Kindern zu verbringen.<\/span><\/p>\n<p><strong>Wusstest du, dass&#8230;?<\/strong><\/p>\n<p><span style=\"font-weight: 400\">In Paris gibt es etwa 6.100 Stra\u00dfen und die k\u00fcrzeste von ihnen ist nur 5,75 m lang.<\/span><\/p>\n<p><span style=\"font-weight: 400\">Obwohl es eine gesch\u00e4ftige Hauptstadt ist, gibt es in ganz Paris nur ein einziges Stopp-Schild.<\/span><\/p>\n<p><span style=\"font-weight: 400\">Eine Wohnung in Paris war 70 Jahre lang unbewohnt und hinter Schloss und Riegel. Nach dem Tod des Besitzers wurde darin ein Gem\u00e4lde im Wert von 2 Millionen Dollar entdeckt.<\/span><\/p>\n<p><span style=\"font-weight: 400\">Es gibt <\/span><em><span style=\"font-weight: 400\">Das Paris-Syndrom, <\/span><\/em><span style=\"font-weight: 400\">vor allem unter den Japanern verbreitet. Die Entt\u00e4uschung, die sie erleben, wenn sie merken, dass sie sich ein verzerrtes Bild von der ber\u00fchmten Stadt gemacht haben, f\u00fchrt dazu, dass sie sich selbst mit dieser Krankheit behandeln.<\/span><\/p>\n<p><strong>Das 1000-teilige Puzzle Paris f\u00e4rbt deine Zeit mit deinen Liebsten<\/strong><\/p>\n<p><span style=\"font-weight: 400\">Zeit mit deinen Lieben zu verbringen ist extrem wichtig, um dein Wohlbefinden und deine psychische Gesundheit zu erhalten. Puzzlespiele sind die perfekte Gelegenheit f\u00fcr Spa\u00df und Entspannung mit den wichtigsten Menschen in deinem Leben.<\/span><\/p>\n<p><span style=\"font-weight: 400\">Lege Montagestrategien fest, teile die Aufgabe, das Bild zu vervollst\u00e4ndigen, mit jedem Teilnehmer oder arbeite als Team, um die Illustration neu zu gestalten. Die Befriedigung, das letzte St\u00fcck zusammenzukleben, ist f\u00fcr das ganze Team unbezahlbar. Feiere deine harte Arbeit, indem du das fertige Bild einrahmst, oder nimm das Bild auseinander und nimm die Aktivit\u00e4t wieder auf, wann immer du das Bed\u00fcrfnis nach einer kreativen Herausforderung versp\u00fcrst.<\/span><\/p>\n<p><span style=\"font-weight: 400\">Kaufe jetzt das 1000-teilige Puzzle K\u00fcrti Andrea &#8211; Paris und erlebe ein tolles kreatives Erlebnis. Entdecke weitere Motive aus dem 1000 Teile Puzzle Sortiment mit k\u00fcnstlerischen Bildern und erstelle eine faszinierende Kunstsammlung.<\/span><\/p>\n<p><span style=\"font-weight: 400\">Das 1000-teilige Puzzle Paris ist ein tolles Geschenk f\u00fcr Familienmitglieder oder Freunde, die Puzzlespiele lieben.<\/span><\/p><\/p>\n","protected":false},"excerpt":{"rendered":"<p>Begib dich auf eine imagin\u00e4re Reise ins romantische Paris mit Hilfe des K\u00fcrti Andrea &#8211; Paris 1000 Teile Puzzlebildes. Eine<\/p>\n","protected":false},"featured_media":35702,"template":"","meta":[],"product_brand":[],"product_cat":[1916,1875,1915],"product_tag":[],"class_list":{"0":"post-42178","1":"product","2":"type-product","3":"status-publish","4":"has-post-thumbnail","6":"product_cat-1000-teile-puzzle","7":"product_cat-puzzle-de","8":"product_cat-puzzlespiele-fur-erwachsene","9":"pa_brand-d_toys-de","10":"pa_country_of_manufacture-ro-de","11":"pa_filter_age-14-de","12":"pa_painter-kurtiandrea-de","13":"pa_tip_ambalaj-kasten-a4-de","14":"pa_tip_puzzle-klassisch","16":"first","17":"instock","18":"taxable","19":"shipping-taxable","20":"product-type-simple"},"yoast_head":"<!-- This site is optimized with the Yoast SEO plugin v20.1 - https:\/\/yoast.com\/wordpress\/plugins\/seo\/ -->\n<title>Puzzle f\u00fcr Erwachsene 1000 Teile K\u00fcrti Andrea - Paris<\/title>\n<meta name=\"description\" content=\"Puzzle f\u00fcr Erwachsene 1000 Teile K\u00fcrti Andrea - Paris\" \/>\n<meta name=\"robots\" content=\"index, follow, max-snippet:-1, max-image-preview:large, max-video-preview:-1\" \/>\n<link rel=\"canonical\" href=\"https:\/\/business.roovi.com\/de\/puzzle-fur-erwachsene-1000-teile-kurti-andrea-paris\/p\/\" \/>\n<meta property=\"og:locale\" content=\"de_DE\" \/>\n<meta property=\"og:type\" content=\"article\" \/>\n<meta property=\"og:title\" content=\"Puzzle f\u00fcr Erwachsene 1000 Teile K\u00fcrti Andrea - Paris\" \/>\n<meta property=\"og:description\" content=\"Puzzle f\u00fcr Erwachsene 1000 Teile K\u00fcrti Andrea - Paris\" \/>\n<meta property=\"og:url\" content=\"https:\/\/business.roovi.com\/de\/puzzle-fur-erwachsene-1000-teile-kurti-andrea-paris\/p\/\" \/>\n<meta property=\"og:site_name\" content=\"Roovi B2B\" \/>\n<meta property=\"article:publisher\" content=\"https:\/\/www.facebook.com\/wwwjucariero\" \/>\n<meta property=\"article:modified_time\" content=\"2022-07-06T18:59:33+00:00\" \/>\n<meta property=\"og:image\" content=\"https:\/\/business.roovi.com\/wp-content\/uploads\/2018\/04\/73730-2_ansamblu_dimensiuni_cutie_cm_vertical_1200x1200.png\" \/>\n\t<meta property=\"og:image:width\" content=\"1200\" \/>\n\t<meta property=\"og:image:height\" content=\"1200\" \/>\n\t<meta property=\"og:image:type\" content=\"image\/png\" \/>\n<meta name=\"twitter:label1\" content=\"Gesch\u00e4tzte Lesezeit\" \/>\n\t<meta name=\"twitter:data1\" content=\"3\u00a0Minuten\" \/>\n<script type=\"application\/ld+json\" class=\"yoast-schema-graph\">{\"@context\":\"https:\/\/schema.org\",\"@graph\":[{\"@type\":\"WebPage\",\"@id\":\"https:\/\/business.roovi.com\/de\/puzzle-fur-erwachsene-1000-teile-kurti-andrea-paris\/p\/\",\"url\":\"https:\/\/business.roovi.com\/de\/puzzle-fur-erwachsene-1000-teile-kurti-andrea-paris\/p\/\",\"name\":\"Puzzle f\u00fcr Erwachsene 1000 Teile K\u00fcrti Andrea - Paris\",\"isPartOf\":{\"@id\":\"https:\/\/business.roovi.com\/de\/#website\"},\"datePublished\":\"2018-04-16T10:56:17+00:00\",\"dateModified\":\"2022-07-06T18:59:33+00:00\",\"description\":\"Puzzle f\u00fcr Erwachsene 1000 Teile K\u00fcrti Andrea - Paris\",\"breadcrumb\":{\"@id\":\"https:\/\/business.roovi.com\/de\/puzzle-fur-erwachsene-1000-teile-kurti-andrea-paris\/p\/#breadcrumb\"},\"inLanguage\":\"de\",\"potentialAction\":[{\"@type\":\"ReadAction\",\"target\":[\"https:\/\/business.roovi.com\/de\/puzzle-fur-erwachsene-1000-teile-kurti-andrea-paris\/p\/\"]}]},{\"@type\":\"BreadcrumbList\",\"@id\":\"https:\/\/business.roovi.com\/de\/puzzle-fur-erwachsene-1000-teile-kurti-andrea-paris\/p\/#breadcrumb\",\"itemListElement\":[{\"@type\":\"ListItem\",\"position\":1,\"name\":\"Home\",\"item\":\"https:\/\/business.roovi.com\/de\/\"},{\"@type\":\"ListItem\",\"position\":2,\"name\":\"Shop\",\"item\":\"https:\/\/business.roovi.com\/de\/shop\/\"},{\"@type\":\"ListItem\",\"position\":3,\"name\":\"Puzzle f\u00fcr Erwachsene 1000 Teile K\u00fcrti Andrea &#8211; Paris\"}]},{\"@type\":\"WebSite\",\"@id\":\"https:\/\/business.roovi.com\/de\/#website\",\"url\":\"https:\/\/business.roovi.com\/de\/\",\"name\":\"Roovi B2B\",\"description\":\"Roovi Business Website\",\"potentialAction\":[{\"@type\":\"SearchAction\",\"target\":{\"@type\":\"EntryPoint\",\"urlTemplate\":\"https:\/\/business.roovi.com\/de\/?s={search_term_string}\"},\"query-input\":\"required name=search_term_string\"}],\"inLanguage\":\"de\"}]}<\/script>\n<!-- \/ Yoast SEO plugin. -->","yoast_head_json":{"title":"Puzzle f\u00fcr Erwachsene 1000 Teile K\u00fcrti Andrea - Paris","description":"Puzzle f\u00fcr Erwachsene 1000 Teile K\u00fcrti Andrea - Paris","robots":{"index":"index","follow":"follow","max-snippet":"max-snippet:-1","max-image-preview":"max-image-preview:large","max-video-preview":"max-video-preview:-1"},"canonical":"https:\/\/business.roovi.com\/de\/puzzle-fur-erwachsene-1000-teile-kurti-andrea-paris\/p\/","og_locale":"de_DE","og_type":"article","og_title":"Puzzle f\u00fcr Erwachsene 1000 Teile K\u00fcrti Andrea - Paris","og_description":"Puzzle f\u00fcr Erwachsene 1000 Teile K\u00fcrti Andrea - Paris","og_url":"https:\/\/business.roovi.com\/de\/puzzle-fur-erwachsene-1000-teile-kurti-andrea-paris\/p\/","og_site_name":"Roovi B2B","article_publisher":"https:\/\/www.facebook.com\/wwwjucariero","article_modified_time":"2022-07-06T18:59:33+00:00","og_image":[{"width":1200,"height":1200,"url":"https:\/\/business.roovi.com\/wp-content\/uploads\/2018\/04\/73730-2_ansamblu_dimensiuni_cutie_cm_vertical_1200x1200.png","type":"image\/png"}],"twitter_misc":{"Gesch\u00e4tzte Lesezeit":"3\u00a0Minuten"},"schema":{"@context":"https:\/\/schema.org","@graph":[{"@type":"WebPage","@id":"https:\/\/business.roovi.com\/de\/puzzle-fur-erwachsene-1000-teile-kurti-andrea-paris\/p\/","url":"https:\/\/business.roovi.com\/de\/puzzle-fur-erwachsene-1000-teile-kurti-andrea-paris\/p\/","name":"Puzzle f\u00fcr Erwachsene 1000 Teile K\u00fcrti Andrea - Paris","isPartOf":{"@id":"https:\/\/business.roovi.com\/de\/#website"},"datePublished":"2018-04-16T10:56:17+00:00","dateModified":"2022-07-06T18:59:33+00:00","description":"Puzzle f\u00fcr Erwachsene 1000 Teile K\u00fcrti Andrea - Paris","breadcrumb":{"@id":"https:\/\/business.roovi.com\/de\/puzzle-fur-erwachsene-1000-teile-kurti-andrea-paris\/p\/#breadcrumb"},"inLanguage":"de","potentialAction":[{"@type":"ReadAction","target":["https:\/\/business.roovi.com\/de\/puzzle-fur-erwachsene-1000-teile-kurti-andrea-paris\/p\/"]}]},{"@type":"BreadcrumbList","@id":"https:\/\/business.roovi.com\/de\/puzzle-fur-erwachsene-1000-teile-kurti-andrea-paris\/p\/#breadcrumb","itemListElement":[{"@type":"ListItem","position":1,"name":"Home","item":"https:\/\/business.roovi.com\/de\/"},{"@type":"ListItem","position":2,"name":"Shop","item":"https:\/\/business.roovi.com\/de\/shop\/"},{"@type":"ListItem","position":3,"name":"Puzzle f\u00fcr Erwachsene 1000 Teile K\u00fcrti Andrea &#8211; Paris"}]},{"@type":"WebSite","@id":"https:\/\/business.roovi.com\/de\/#website","url":"https:\/\/business.roovi.com\/de\/","name":"Roovi B2B","description":"Roovi Business Website","potentialAction":[{"@type":"SearchAction","target":{"@type":"EntryPoint","urlTemplate":"https:\/\/business.roovi.com\/de\/?s={search_term_string}"},"query-input":"required name=search_term_string"}],"inLanguage":"de"}]}},"_links":{"self":[{"href":"https:\/\/business.roovi.com\/de\/wp-json\/wp\/v2\/product\/42178","targetHints":{"allow":["GET"]}}],"collection":[{"href":"https:\/\/business.roovi.com\/de\/wp-json\/wp\/v2\/product"}],"about":[{"href":"https:\/\/business.roovi.com\/de\/wp-json\/wp\/v2\/types\/product"}],"version-history":[{"count":0,"href":"https:\/\/business.roovi.com\/de\/wp-json\/wp\/v2\/product\/42178\/revisions"}],"wp:featuredmedia":[{"embeddable":true,"href":"https:\/\/business.roovi.com\/de\/wp-json\/wp\/v2\/media\/35702"}],"wp:attachment":[{"href":"https:\/\/business.roovi.com\/de\/wp-json\/wp\/v2\/media?parent=42178"}],"wp:term":[{"taxonomy":"product_brand","embeddable":true,"href":"https:\/\/business.roovi.com\/de\/wp-json\/wp\/v2\/product_brand?post=42178"},{"taxonomy":"product_cat","embeddable":true,"href":"https:\/\/business.roovi.com\/de\/wp-json\/wp\/v2\/product_cat?post=42178"},{"taxonomy":"product_tag","embeddable":true,"href":"https:\/\/business.roovi.com\/de\/wp-json\/wp\/v2\/product_tag?post=42178"}],"curies":[{"name":"wp","href":"https:\/\/api.w.org\/{rel}","templated":true}]}}