{"id":42186,"date":"2018-04-16T10:56:17","date_gmt":"2018-04-16T10:56:17","guid":{"rendered":"https:\/\/business.roovi.com\/puzzle-adulti-1000-piese-kurti-andrea-owlsfamilie-de-bufnite\/p\/"},"modified":"2022-07-06T18:59:48","modified_gmt":"2022-07-06T18:59:48","slug":"kurti-andrea-1000-teile-puzzle-fur-erwachsene-eulen-familie-der-eulen","status":"publish","type":"product","link":"https:\/\/business.roovi.com\/de\/kurti-andrea-1000-teile-puzzle-fur-erwachsene-eulen-familie-der-eulen\/p\/","title":{"rendered":"K\u00fcrti Andrea 1000 Teile Puzzle f\u00fcr Erwachsene &#8211; Eulen\/Familie der Eulen"},"content":{"rendered":"<p><span style=\"font-weight: 400\">Liebst du R\u00e4tselspiele und die Natur gleicherma\u00dfen? Wir haben diese perfekte Kombination f\u00fcr dich in unserem 1000 Teile Puzzle &#8211; Eulen. Eine au\u00dfergew\u00f6hnliche Illustration einer Eulenfamilie, die von der K\u00fcnstlerin K\u00fcrti Andrea entworfen wurde, wird deine eint\u00f6nigen Stunden an tr\u00fcben Tagen erfreuen.<\/span><\/p>\n<p><span style=\"font-weight: 400\">K\u00fcrti Andrea&#8217;s 1000 Teile Puzzle &#8211; Eulen zeigt dir eine Familie von niedlichen Eulen, illustriert in warmen Farben. In der Volkskultur gilt die Eule als Vorbote des Todes, in anderen Kulturen wie der chinesischen ist sie das Symbol f\u00fcr Kraft und Vitalit\u00e4t. Das 1000-teilige Puzzlebild des zeitgen\u00f6ssischen K\u00fcnstlers ist von diesem zweiten Symbol inspiriert. Au\u00dferdem wirken die niedlichen Nachttiere freundlich und freuen sich, dich zu treffen.<\/span><\/p>\n<p><span style=\"font-weight: 400\">Farbenfrohe Details und spektakul\u00e4re Verzierungen werden all deine R\u00e4tselk\u00fcnste auf die Probe stellen. Entspanne dich und beginne mit der Arbeit an einer der aufregendsten Illustrationen in einem 1000-Teile-Puzzle.<\/span><\/p>\n<p><strong>Warum 1000 Teile Puzzle &#8211; Eulen?<\/strong><\/p>\n<p><span style=\"font-weight: 400\">Baue mit deinen eigenen H\u00e4nden ein faszinierendes Bild von 70 x 50 cm.<\/span><\/p>\n<p><span style=\"font-weight: 400\">Es ist ein Puzzle aus hochwertiger blauer Pappe.<\/span><\/p>\n<p><span style=\"font-weight: 400\">Es ist naturfreundlich und wird aus nachhaltigen, recycelbaren Materialien hergestellt.<\/span><\/p>\n<p><span style=\"font-weight: 400\">Es h\u00e4lt lange, du kannst es so oft wiederverwenden, wie du willst, und das Bild, das du kreierst, ist jedes Mal makellos, wenn du es benutzt.<\/span><\/p>\n<p><span style=\"font-weight: 400\">Die Oberfl\u00e4che dieses 1000-teiligen Puzzles ist halbgl\u00e4nzend und in leuchtenden Farben gehalten.<\/span><\/p>\n<p><span style=\"font-weight: 400\">Es wird f\u00fcr Personen \u00fcber 14 Jahren empfohlen, du kannst es also jederzeit mit deinen Kindern im Teenageralter zusammenstellen.<\/span><\/p>\n<p><strong>1000-Teile-Puzzle: Gelegenheit zur Entwicklung von F\u00e4higkeiten<\/strong><\/p>\n<p><span style=\"font-weight: 400\">Die Leidenschaft f\u00fcr Puzzlespiele ist mehr als nur eine M\u00f6glichkeit zur Entspannung. Diese kreative Aktivit\u00e4t hilft dir, mehr F\u00e4higkeiten zu entwickeln, die du bei deinen t\u00e4glichen Aktivit\u00e4ten einsetzen kannst:<\/span><\/p>\n<p><span style=\"font-weight: 400\">Pr\u00e4senz<\/span><\/p>\n<p><span style=\"font-weight: 400\">Liebe zum Detail<\/span><\/p>\n<p><span style=\"font-weight: 400\">Speicher<\/span><\/p>\n<p><span style=\"font-weight: 400\">Kritisches Denken<\/span><\/p>\n<p><span style=\"font-weight: 400\">Visuell-r\u00e4umliche F\u00e4higkeiten<\/span><\/p>\n<p><span style=\"font-weight: 400\">Hand-Augen-Koordination.<\/span><\/p>\n<p><strong>Wusstest du schon von Eulen?<\/strong><\/p>\n<p><span style=\"font-weight: 400\">Habe<\/span> <span style=\"font-weight: 400\">ihre H\u00e4lse sind sehr flexibel und sie k\u00f6nnen sie um 270 Grad nach rechts oder links drehen.<\/span><\/p>\n<p><span style=\"font-weight: 400\">Weibliche Eulen sind sogar 40% gr\u00f6\u00dfer als m\u00e4nnliche.<\/span><\/p>\n<p><span style=\"font-weight: 400\">Eine Gruppe von Eulen wird Parlament oder Weisheitsgruppe genannt.<\/span><\/p>\n<p><span style=\"font-weight: 400\">Eulen sind die Verb\u00fcndeten der Landwirte, weil sie Nagetiere fernhalten. Eine Eule kann bis zu 10.000 M\u00e4use im Jahr jagen.<\/span><\/p>\n<p><span style=\"font-weight: 400\">Das gr\u00f6\u00dfte jemals entdeckte Eulenfossil war etwa eineinhalb Meter gro\u00df.<\/span><\/p>\n<p><strong>Das 1000-teilige Puzzle trainiert dich, produktiv zu sein<\/strong><\/p>\n<p><span style=\"font-weight: 400\">Die Bilder des 1000-teiligen Puzzles zu vervollst\u00e4ndigen, erfordert Leidenschaft und h\u00f6chste Konzentration. Diese beiden Zutaten sind das perfekte Rezept, um deine Produktivit\u00e4t zu steigern.<\/span><\/p>\n<p><span style=\"font-weight: 400\">Durch st\u00e4ndiges \u00dcben von R\u00e4tselspielen kannst du die gleichen Prinzipien auch auf deine t\u00e4gliche Arbeit anwenden. Du wirst sehen, dass sich deine Produktivit\u00e4t deutlich verbessert.<\/span><\/p>\n<p><span style=\"font-weight: 400\">Willst du ein Symbol der Weisheit in deinem Haus haben, das dich inspiriert und dir Gl\u00fcck bringt? Baue ein faszinierendes 1000-teiliges Puzzlebrett &#8211; Eulen und kreiere deinen gew\u00fcnschten Talisman.<\/span><\/p>\n<p><span style=\"font-weight: 400\">Dieses Puzzle f\u00fcr Erwachsene ist eine tolle Option f\u00fcr Feiertage, wenn du deine Lieben mit einem einzigartigen Geschenk \u00fcberraschen m\u00f6chtest.<\/span><\/p><\/p>\n","protected":false},"excerpt":{"rendered":"<p>Liebst du R\u00e4tselspiele und die Natur gleicherma\u00dfen? Wir haben diese perfekte Kombination f\u00fcr dich in unserem 1000 Teile Puzzle &#8211;<\/p>\n","protected":false},"featured_media":35730,"template":"","meta":[],"product_brand":[],"product_cat":[1916,1875,1915],"product_tag":[],"class_list":{"0":"post-42186","1":"product","2":"type-product","3":"status-publish","4":"has-post-thumbnail","6":"product_cat-1000-teile-puzzle","7":"product_cat-puzzle-de","8":"product_cat-puzzlespiele-fur-erwachsene","9":"pa_brand-d_toys-de","10":"pa_country_of_manufacture-ro-de","11":"pa_filter_age-14-de","12":"pa_painter-kurtiandrea-de","13":"pa_tip_ambalaj-kasten-a4-de","14":"pa_tip_puzzle-klassisch","16":"first","17":"instock","18":"taxable","19":"shipping-taxable","20":"product-type-simple"},"yoast_head":"<!-- This site is optimized with the Yoast SEO plugin v20.1 - https:\/\/yoast.com\/wordpress\/plugins\/seo\/ -->\n<title>K\u00fcrti Andrea 1000 Teile Puzzle f\u00fcr Erwachsene - Eulen\/Familie der Eulen<\/title>\n<meta name=\"description\" content=\"K\u00fcrti Andrea 1000 Teile Puzzle f\u00fcr Erwachsene - Eulen\/Familie der Eulen\" \/>\n<meta name=\"robots\" content=\"index, follow, max-snippet:-1, max-image-preview:large, max-video-preview:-1\" \/>\n<link rel=\"canonical\" href=\"https:\/\/business.roovi.com\/de\/kurti-andrea-1000-teile-puzzle-fur-erwachsene-eulen-familie-der-eulen\/p\/\" \/>\n<meta property=\"og:locale\" content=\"de_DE\" \/>\n<meta property=\"og:type\" content=\"article\" \/>\n<meta property=\"og:title\" content=\"K\u00fcrti Andrea 1000 Teile Puzzle f\u00fcr Erwachsene - Eulen\/Familie der Eulen\" \/>\n<meta property=\"og:description\" content=\"K\u00fcrti Andrea 1000 Teile Puzzle f\u00fcr Erwachsene - Eulen\/Familie der Eulen\" \/>\n<meta property=\"og:url\" content=\"https:\/\/business.roovi.com\/de\/kurti-andrea-1000-teile-puzzle-fur-erwachsene-eulen-familie-der-eulen\/p\/\" \/>\n<meta property=\"og:site_name\" content=\"Roovi B2B\" \/>\n<meta property=\"article:publisher\" content=\"https:\/\/www.facebook.com\/wwwjucariero\" \/>\n<meta property=\"article:modified_time\" content=\"2022-07-06T18:59:48+00:00\" \/>\n<meta property=\"og:image\" content=\"https:\/\/business.roovi.com\/wp-content\/uploads\/2018\/04\/73747-1_ansamblu_dimensiuni_cutie_cm_orizontal_1200x1200.png\" \/>\n\t<meta property=\"og:image:width\" content=\"1200\" \/>\n\t<meta property=\"og:image:height\" content=\"1200\" \/>\n\t<meta property=\"og:image:type\" content=\"image\/png\" \/>\n<meta name=\"twitter:label1\" content=\"Gesch\u00e4tzte Lesezeit\" \/>\n\t<meta name=\"twitter:data1\" content=\"2\u00a0Minuten\" \/>\n<script type=\"application\/ld+json\" class=\"yoast-schema-graph\">{\"@context\":\"https:\/\/schema.org\",\"@graph\":[{\"@type\":\"WebPage\",\"@id\":\"https:\/\/business.roovi.com\/de\/kurti-andrea-1000-teile-puzzle-fur-erwachsene-eulen-familie-der-eulen\/p\/\",\"url\":\"https:\/\/business.roovi.com\/de\/kurti-andrea-1000-teile-puzzle-fur-erwachsene-eulen-familie-der-eulen\/p\/\",\"name\":\"K\u00fcrti Andrea 1000 Teile Puzzle f\u00fcr Erwachsene - Eulen\/Familie der Eulen\",\"isPartOf\":{\"@id\":\"https:\/\/business.roovi.com\/de\/#website\"},\"datePublished\":\"2018-04-16T10:56:17+00:00\",\"dateModified\":\"2022-07-06T18:59:48+00:00\",\"description\":\"K\u00fcrti Andrea 1000 Teile Puzzle f\u00fcr Erwachsene - Eulen\/Familie der Eulen\",\"breadcrumb\":{\"@id\":\"https:\/\/business.roovi.com\/de\/kurti-andrea-1000-teile-puzzle-fur-erwachsene-eulen-familie-der-eulen\/p\/#breadcrumb\"},\"inLanguage\":\"de\",\"potentialAction\":[{\"@type\":\"ReadAction\",\"target\":[\"https:\/\/business.roovi.com\/de\/kurti-andrea-1000-teile-puzzle-fur-erwachsene-eulen-familie-der-eulen\/p\/\"]}]},{\"@type\":\"BreadcrumbList\",\"@id\":\"https:\/\/business.roovi.com\/de\/kurti-andrea-1000-teile-puzzle-fur-erwachsene-eulen-familie-der-eulen\/p\/#breadcrumb\",\"itemListElement\":[{\"@type\":\"ListItem\",\"position\":1,\"name\":\"Home\",\"item\":\"https:\/\/business.roovi.com\/de\/\"},{\"@type\":\"ListItem\",\"position\":2,\"name\":\"Shop\",\"item\":\"https:\/\/business.roovi.com\/de\/shop\/\"},{\"@type\":\"ListItem\",\"position\":3,\"name\":\"K\u00fcrti Andrea 1000 Teile Puzzle f\u00fcr Erwachsene &#8211; Eulen\/Familie der Eulen\"}]},{\"@type\":\"WebSite\",\"@id\":\"https:\/\/business.roovi.com\/de\/#website\",\"url\":\"https:\/\/business.roovi.com\/de\/\",\"name\":\"Roovi B2B\",\"description\":\"Roovi Business Website\",\"potentialAction\":[{\"@type\":\"SearchAction\",\"target\":{\"@type\":\"EntryPoint\",\"urlTemplate\":\"https:\/\/business.roovi.com\/de\/?s={search_term_string}\"},\"query-input\":\"required name=search_term_string\"}],\"inLanguage\":\"de\"}]}<\/script>\n<!-- \/ Yoast SEO plugin. -->","yoast_head_json":{"title":"K\u00fcrti Andrea 1000 Teile Puzzle f\u00fcr Erwachsene - Eulen\/Familie der Eulen","description":"K\u00fcrti Andrea 1000 Teile Puzzle f\u00fcr Erwachsene - Eulen\/Familie der Eulen","robots":{"index":"index","follow":"follow","max-snippet":"max-snippet:-1","max-image-preview":"max-image-preview:large","max-video-preview":"max-video-preview:-1"},"canonical":"https:\/\/business.roovi.com\/de\/kurti-andrea-1000-teile-puzzle-fur-erwachsene-eulen-familie-der-eulen\/p\/","og_locale":"de_DE","og_type":"article","og_title":"K\u00fcrti Andrea 1000 Teile Puzzle f\u00fcr Erwachsene - Eulen\/Familie der Eulen","og_description":"K\u00fcrti Andrea 1000 Teile Puzzle f\u00fcr Erwachsene - Eulen\/Familie der Eulen","og_url":"https:\/\/business.roovi.com\/de\/kurti-andrea-1000-teile-puzzle-fur-erwachsene-eulen-familie-der-eulen\/p\/","og_site_name":"Roovi B2B","article_publisher":"https:\/\/www.facebook.com\/wwwjucariero","article_modified_time":"2022-07-06T18:59:48+00:00","og_image":[{"width":1200,"height":1200,"url":"https:\/\/business.roovi.com\/wp-content\/uploads\/2018\/04\/73747-1_ansamblu_dimensiuni_cutie_cm_orizontal_1200x1200.png","type":"image\/png"}],"twitter_misc":{"Gesch\u00e4tzte Lesezeit":"2\u00a0Minuten"},"schema":{"@context":"https:\/\/schema.org","@graph":[{"@type":"WebPage","@id":"https:\/\/business.roovi.com\/de\/kurti-andrea-1000-teile-puzzle-fur-erwachsene-eulen-familie-der-eulen\/p\/","url":"https:\/\/business.roovi.com\/de\/kurti-andrea-1000-teile-puzzle-fur-erwachsene-eulen-familie-der-eulen\/p\/","name":"K\u00fcrti Andrea 1000 Teile Puzzle f\u00fcr Erwachsene - Eulen\/Familie der Eulen","isPartOf":{"@id":"https:\/\/business.roovi.com\/de\/#website"},"datePublished":"2018-04-16T10:56:17+00:00","dateModified":"2022-07-06T18:59:48+00:00","description":"K\u00fcrti Andrea 1000 Teile Puzzle f\u00fcr Erwachsene - Eulen\/Familie der Eulen","breadcrumb":{"@id":"https:\/\/business.roovi.com\/de\/kurti-andrea-1000-teile-puzzle-fur-erwachsene-eulen-familie-der-eulen\/p\/#breadcrumb"},"inLanguage":"de","potentialAction":[{"@type":"ReadAction","target":["https:\/\/business.roovi.com\/de\/kurti-andrea-1000-teile-puzzle-fur-erwachsene-eulen-familie-der-eulen\/p\/"]}]},{"@type":"BreadcrumbList","@id":"https:\/\/business.roovi.com\/de\/kurti-andrea-1000-teile-puzzle-fur-erwachsene-eulen-familie-der-eulen\/p\/#breadcrumb","itemListElement":[{"@type":"ListItem","position":1,"name":"Home","item":"https:\/\/business.roovi.com\/de\/"},{"@type":"ListItem","position":2,"name":"Shop","item":"https:\/\/business.roovi.com\/de\/shop\/"},{"@type":"ListItem","position":3,"name":"K\u00fcrti Andrea 1000 Teile Puzzle f\u00fcr Erwachsene &#8211; Eulen\/Familie der Eulen"}]},{"@type":"WebSite","@id":"https:\/\/business.roovi.com\/de\/#website","url":"https:\/\/business.roovi.com\/de\/","name":"Roovi B2B","description":"Roovi Business Website","potentialAction":[{"@type":"SearchAction","target":{"@type":"EntryPoint","urlTemplate":"https:\/\/business.roovi.com\/de\/?s={search_term_string}"},"query-input":"required name=search_term_string"}],"inLanguage":"de"}]}},"_links":{"self":[{"href":"https:\/\/business.roovi.com\/de\/wp-json\/wp\/v2\/product\/42186","targetHints":{"allow":["GET"]}}],"collection":[{"href":"https:\/\/business.roovi.com\/de\/wp-json\/wp\/v2\/product"}],"about":[{"href":"https:\/\/business.roovi.com\/de\/wp-json\/wp\/v2\/types\/product"}],"version-history":[{"count":0,"href":"https:\/\/business.roovi.com\/de\/wp-json\/wp\/v2\/product\/42186\/revisions"}],"wp:featuredmedia":[{"embeddable":true,"href":"https:\/\/business.roovi.com\/de\/wp-json\/wp\/v2\/media\/35730"}],"wp:attachment":[{"href":"https:\/\/business.roovi.com\/de\/wp-json\/wp\/v2\/media?parent=42186"}],"wp:term":[{"taxonomy":"product_brand","embeddable":true,"href":"https:\/\/business.roovi.com\/de\/wp-json\/wp\/v2\/product_brand?post=42186"},{"taxonomy":"product_cat","embeddable":true,"href":"https:\/\/business.roovi.com\/de\/wp-json\/wp\/v2\/product_cat?post=42186"},{"taxonomy":"product_tag","embeddable":true,"href":"https:\/\/business.roovi.com\/de\/wp-json\/wp\/v2\/product_tag?post=42186"}],"curies":[{"name":"wp","href":"https:\/\/api.w.org\/{rel}","templated":true}]}}