{"id":42190,"date":"2018-04-16T10:56:17","date_gmt":"2018-04-16T10:56:17","guid":{"rendered":"https:\/\/business.roovi.com\/puzzle-adulti-1000-piese-kurti-andrea-owls-bufnite\/p\/"},"modified":"2022-07-06T18:59:54","modified_gmt":"2022-07-06T18:59:54","slug":"kurti-andrea-1000-teile-erwachsenenpuzzle-eulen","status":"publish","type":"product","link":"https:\/\/business.roovi.com\/de\/kurti-andrea-1000-teile-erwachsenenpuzzle-eulen\/p\/","title":{"rendered":"K\u00fcrti Andrea 1000 Teile Erwachsenenpuzzle &#8211; Eulen"},"content":{"rendered":"<p><span style=\"font-weight: 400\">Wusstest du, dass die Eule das Symbol f\u00fcr Weisheit und Vitalit\u00e4t ist? Es hei\u00dft, dass jeder Gegenstand, auf dem dieses heilige Wesen abgebildet ist, positive Energien anzieht. Das 1000 Teile Puzzle &#8211; Eulen zeigt viele bunte Eulen. Baue das Bild zusammen und behalte es als Gl\u00fccksbringer in deinem Zuhause.<\/span><\/p>\n<p><span style=\"font-weight: 400\">Ganz gleich, ob du von diesen nachtaktiven V\u00f6geln fasziniert bist oder einfach nur deine Montagef\u00e4higkeiten \u00fcben willst, das 1000 Teile Puzzle &#8211; Eulen wird deine Zeit kreativ besch\u00e4ftigen <\/span><\/p>\n<p><span style=\"font-weight: 400\">Der K\u00fcnstler K\u00fcrti Andrea hat eine animierte Illustration von Eulen in allen Farben und Gr\u00f6\u00dfen erstellt. Also hat sie ein Puzzlespiel mit einem h\u00f6heren Schwierigkeitsgrad entwickelt. Wappne dich mit Geduld und guter Laune und baue ein faszinierendes Bild, das dein Lieblingszimmer versch\u00f6nert.<\/span><\/p>\n<p><span style=\"font-weight: 400\">F\u00fcr die Montage kannst du einen normalen Couchtisch verwenden. Am Ende erh\u00e4ltst du ein Bild mit den Ma\u00dfen 50 x 70 cm.<\/span><\/p>\n<p><strong>Warum solltest du dich f\u00fcr das Puzzle 1000 Teile K\u00fcrti Andrea &#8211; Eulen entscheiden? <\/strong><\/p>\n<p><span style=\"font-weight: 400\">Es ist ein Puzzle aus hochwertiger blauer Pappe.<\/span><\/p>\n<p><span style=\"font-weight: 400\">Sie respektiert die Natur und ist aus nachhaltigen, recycelbaren Materialien hergestellt.<\/span><\/p>\n<p><span style=\"font-weight: 400\">Es ist sehr haltbar, du kannst es viele Male wiederholen und das Bild ist jedes Mal makellos.<\/span><\/p>\n<p><span style=\"font-weight: 400\">Es hat eine halbgl\u00e4nzende Oberfl\u00e4che in leuchtenden Farben.<\/span><\/p>\n<p><span style=\"font-weight: 400\">Es wird ab 14 Jahren empfohlen und ist perfekt geeignet, um deine Teenager in die Welt der anspruchsvolleren Puzzles einzuf\u00fchren.<\/span><\/p>\n<p><span style=\"font-weight: 400\">Das 1000 Teile Puzzle &#8211; Eulen ist eine Form der Entspannung und bringt gleichzeitig viele gesundheitliche Vorteile mit sich:<\/span><\/p>\n<p><strong>H\u00e4lt dein Gehirn aktiv<\/strong><span style=\"font-weight: 400\"> &#8211; beim Zusammenbau sind sowohl die rechte als auch die linke Gehirnh\u00e4lfte beteiligt, es ist also eine komplexe \u00dcbung f\u00fcr das Gehirn.<\/span><\/p>\n<p><strong>Sch\u00fctzt deine geistige Gesundheit<\/strong><span style=\"font-weight: 400\"> &#8211; es wurde festgestellt, dass Menschen, die t\u00e4glich puzzeln, ein sehr geringes Risiko haben, an Alzheimer zu erkranken.<\/span><\/p>\n<p><strong>Verbessert deine Aufmerksamkeit<\/strong><span style=\"font-weight: 400\"> &#8211; das Puzzlespiel erfordert h\u00f6chste Konzentration und erstaunliche Aufmerksamkeit f\u00fcr die kleinsten Details. H\u00e4ufiges \u00dcben sch\u00e4rft diese F\u00e4higkeit.<\/span><\/p>\n<p><strong>Es sch\u00e4rft dein r\u00e4umliches Vorstellungsverm\u00f6gen<\/strong><span style=\"font-weight: 400\">  die du bei allt\u00e4glichen Aktivit\u00e4ten wie dem Einparken deines Autos oder dem Platzieren von Gegenst\u00e4nden auf engem Raum benutzt.<\/span><\/p>\n<p><strong>5 Kuriosit\u00e4ten \u00fcber Eulen<\/strong><\/p>\n<p><span style=\"font-weight: 400\">1. Das \u00e4lteste Eulenfossil ist 58 Millionen Jahre alt.<\/span><\/p>\n<p><span style=\"font-weight: 400\">2. Sie sind ausgezeichnete J\u00e4ger. Manche Arten k\u00f6nnen in einem Jahr bis zu 10.000 M\u00e4use fangen.<\/span><\/p>\n<p><span style=\"font-weight: 400\">3. Sie entfernen unverdaute Teile ihrer Nahrung in Form von Schlamm durch ihr Maul.<\/span><\/p>\n<p><span style=\"font-weight: 400\">4. Einige W\u00fcsteneulen nisten unter Kakteen.<\/span><\/p>\n<p><span style=\"font-weight: 400\">5. Einige Arten werden im Sport eingesetzt und von Menschen trainiert, wie zum Beispiel Falken.<\/span><\/p>\n<p><strong>Andere F\u00e4higkeiten, die du mit dem 1000 Teile Eulen-Puzzle entwickeln kannst<\/strong><\/p>\n<p><span style=\"font-weight: 400\">Du verbesserst deine F\u00e4higkeiten.<\/span><strong> <\/strong><\/p>\n<p><span style=\"font-weight: 400\">Du entwickelst deinen \u00e4sthetischen Sinn.<\/span><\/p>\n<p><span style=\"font-weight: 400\">Entwickle deine Kreativit\u00e4t.<\/span><\/p>\n<p><span style=\"font-weight: 400\">Du weckst deinen Appetit auf Wissen.<\/span><\/p>\n<p><span style=\"font-weight: 400\">Du hast die M\u00f6glichkeit, ein k\u00fcnstlerisches Gem\u00e4lde zu erstellen, das dein Zuhause versch\u00f6nern wird.<\/span><\/p>\n<p><span style=\"font-weight: 400\">Du lernst, als Team an einem 1000-Teile-Puzzle zu arbeiten, wenn deine Liebsten an der Aktivit\u00e4t teilnehmen.<\/span><\/p>\n<p><span style=\"font-weight: 400\">K\u00fcrti Andrea&#8217;s 1000 Piece Puzzle &#8211; Owls ist sowohl f\u00fcr abergl\u00e4ubische Menschen als auch f\u00fcr Puzzle-Liebhaber ideal. Baue das Bild zusammen und behalte es als Deko-Objekt. Oder nimm die Teile auseinander und baue das Bild wieder auf, wenn du das Bed\u00fcrfnis nach einer kreativen T\u00e4tigkeit hast.<\/span><\/p>\n<p><span style=\"font-weight: 400\">Du brauchst eine tolle Geschenkidee? Das 1000-Teile-Puzzle ist das ideale Geschenk f\u00fcr Feiertage oder Jubil\u00e4en.<\/span><\/p><\/p>\n","protected":false},"excerpt":{"rendered":"<p>Wusstest du, dass die Eule das Symbol f\u00fcr Weisheit und Vitalit\u00e4t ist? Es hei\u00dft, dass jeder Gegenstand, auf dem dieses<\/p>\n","protected":false},"featured_media":35744,"template":"","meta":[],"product_brand":[],"product_cat":[1916,1875,1915],"product_tag":[],"class_list":{"0":"post-42190","1":"product","2":"type-product","3":"status-publish","4":"has-post-thumbnail","6":"product_cat-1000-teile-puzzle","7":"product_cat-puzzle-de","8":"product_cat-puzzlespiele-fur-erwachsene","9":"pa_brand-d_toys-de","10":"pa_country_of_manufacture-ro-de","11":"pa_filter_age-14-de","12":"pa_painter-kurtiandrea-de","13":"pa_tip_ambalaj-kasten-a4-de","14":"pa_tip_puzzle-klassisch","16":"first","17":"instock","18":"taxable","19":"shipping-taxable","20":"product-type-simple"},"yoast_head":"<!-- This site is optimized with the Yoast SEO plugin v20.1 - https:\/\/yoast.com\/wordpress\/plugins\/seo\/ -->\n<title>K\u00fcrti Andrea 1000 Teile Erwachsenenpuzzle - Eulen<\/title>\n<meta name=\"description\" content=\"K\u00fcrti Andrea 1000 Teile Erwachsenenpuzzle - Eulen\" \/>\n<meta name=\"robots\" content=\"index, follow, max-snippet:-1, max-image-preview:large, max-video-preview:-1\" \/>\n<link rel=\"canonical\" href=\"https:\/\/business.roovi.com\/de\/kurti-andrea-1000-teile-erwachsenenpuzzle-eulen\/p\/\" \/>\n<meta property=\"og:locale\" content=\"de_DE\" \/>\n<meta property=\"og:type\" content=\"article\" \/>\n<meta property=\"og:title\" content=\"K\u00fcrti Andrea 1000 Teile Erwachsenenpuzzle - Eulen\" \/>\n<meta property=\"og:description\" content=\"K\u00fcrti Andrea 1000 Teile Erwachsenenpuzzle - Eulen\" \/>\n<meta property=\"og:url\" content=\"https:\/\/business.roovi.com\/de\/kurti-andrea-1000-teile-erwachsenenpuzzle-eulen\/p\/\" \/>\n<meta property=\"og:site_name\" content=\"Roovi B2B\" \/>\n<meta property=\"article:publisher\" content=\"https:\/\/www.facebook.com\/wwwjucariero\" \/>\n<meta property=\"article:modified_time\" content=\"2022-07-06T18:59:54+00:00\" \/>\n<meta property=\"og:image\" content=\"https:\/\/business.roovi.com\/wp-content\/uploads\/2018\/04\/73747-2_ansamblu_dimensiuni_cutie_cm_vertical_1200x1200.png\" \/>\n\t<meta property=\"og:image:width\" content=\"1200\" \/>\n\t<meta property=\"og:image:height\" content=\"1200\" \/>\n\t<meta property=\"og:image:type\" content=\"image\/png\" \/>\n<meta name=\"twitter:label1\" content=\"Gesch\u00e4tzte Lesezeit\" \/>\n\t<meta name=\"twitter:data1\" content=\"3\u00a0Minuten\" \/>\n<script type=\"application\/ld+json\" class=\"yoast-schema-graph\">{\"@context\":\"https:\/\/schema.org\",\"@graph\":[{\"@type\":\"WebPage\",\"@id\":\"https:\/\/business.roovi.com\/de\/kurti-andrea-1000-teile-erwachsenenpuzzle-eulen\/p\/\",\"url\":\"https:\/\/business.roovi.com\/de\/kurti-andrea-1000-teile-erwachsenenpuzzle-eulen\/p\/\",\"name\":\"K\u00fcrti Andrea 1000 Teile Erwachsenenpuzzle - Eulen\",\"isPartOf\":{\"@id\":\"https:\/\/business.roovi.com\/de\/#website\"},\"datePublished\":\"2018-04-16T10:56:17+00:00\",\"dateModified\":\"2022-07-06T18:59:54+00:00\",\"description\":\"K\u00fcrti Andrea 1000 Teile Erwachsenenpuzzle - Eulen\",\"breadcrumb\":{\"@id\":\"https:\/\/business.roovi.com\/de\/kurti-andrea-1000-teile-erwachsenenpuzzle-eulen\/p\/#breadcrumb\"},\"inLanguage\":\"de\",\"potentialAction\":[{\"@type\":\"ReadAction\",\"target\":[\"https:\/\/business.roovi.com\/de\/kurti-andrea-1000-teile-erwachsenenpuzzle-eulen\/p\/\"]}]},{\"@type\":\"BreadcrumbList\",\"@id\":\"https:\/\/business.roovi.com\/de\/kurti-andrea-1000-teile-erwachsenenpuzzle-eulen\/p\/#breadcrumb\",\"itemListElement\":[{\"@type\":\"ListItem\",\"position\":1,\"name\":\"Home\",\"item\":\"https:\/\/business.roovi.com\/de\/\"},{\"@type\":\"ListItem\",\"position\":2,\"name\":\"Shop\",\"item\":\"https:\/\/business.roovi.com\/de\/shop\/\"},{\"@type\":\"ListItem\",\"position\":3,\"name\":\"K\u00fcrti Andrea 1000 Teile Erwachsenenpuzzle &#8211; Eulen\"}]},{\"@type\":\"WebSite\",\"@id\":\"https:\/\/business.roovi.com\/de\/#website\",\"url\":\"https:\/\/business.roovi.com\/de\/\",\"name\":\"Roovi B2B\",\"description\":\"Roovi Business Website\",\"potentialAction\":[{\"@type\":\"SearchAction\",\"target\":{\"@type\":\"EntryPoint\",\"urlTemplate\":\"https:\/\/business.roovi.com\/de\/?s={search_term_string}\"},\"query-input\":\"required name=search_term_string\"}],\"inLanguage\":\"de\"}]}<\/script>\n<!-- \/ Yoast SEO plugin. -->","yoast_head_json":{"title":"K\u00fcrti Andrea 1000 Teile Erwachsenenpuzzle - Eulen","description":"K\u00fcrti Andrea 1000 Teile Erwachsenenpuzzle - Eulen","robots":{"index":"index","follow":"follow","max-snippet":"max-snippet:-1","max-image-preview":"max-image-preview:large","max-video-preview":"max-video-preview:-1"},"canonical":"https:\/\/business.roovi.com\/de\/kurti-andrea-1000-teile-erwachsenenpuzzle-eulen\/p\/","og_locale":"de_DE","og_type":"article","og_title":"K\u00fcrti Andrea 1000 Teile Erwachsenenpuzzle - Eulen","og_description":"K\u00fcrti Andrea 1000 Teile Erwachsenenpuzzle - Eulen","og_url":"https:\/\/business.roovi.com\/de\/kurti-andrea-1000-teile-erwachsenenpuzzle-eulen\/p\/","og_site_name":"Roovi B2B","article_publisher":"https:\/\/www.facebook.com\/wwwjucariero","article_modified_time":"2022-07-06T18:59:54+00:00","og_image":[{"width":1200,"height":1200,"url":"https:\/\/business.roovi.com\/wp-content\/uploads\/2018\/04\/73747-2_ansamblu_dimensiuni_cutie_cm_vertical_1200x1200.png","type":"image\/png"}],"twitter_misc":{"Gesch\u00e4tzte Lesezeit":"3\u00a0Minuten"},"schema":{"@context":"https:\/\/schema.org","@graph":[{"@type":"WebPage","@id":"https:\/\/business.roovi.com\/de\/kurti-andrea-1000-teile-erwachsenenpuzzle-eulen\/p\/","url":"https:\/\/business.roovi.com\/de\/kurti-andrea-1000-teile-erwachsenenpuzzle-eulen\/p\/","name":"K\u00fcrti Andrea 1000 Teile Erwachsenenpuzzle - Eulen","isPartOf":{"@id":"https:\/\/business.roovi.com\/de\/#website"},"datePublished":"2018-04-16T10:56:17+00:00","dateModified":"2022-07-06T18:59:54+00:00","description":"K\u00fcrti Andrea 1000 Teile Erwachsenenpuzzle - Eulen","breadcrumb":{"@id":"https:\/\/business.roovi.com\/de\/kurti-andrea-1000-teile-erwachsenenpuzzle-eulen\/p\/#breadcrumb"},"inLanguage":"de","potentialAction":[{"@type":"ReadAction","target":["https:\/\/business.roovi.com\/de\/kurti-andrea-1000-teile-erwachsenenpuzzle-eulen\/p\/"]}]},{"@type":"BreadcrumbList","@id":"https:\/\/business.roovi.com\/de\/kurti-andrea-1000-teile-erwachsenenpuzzle-eulen\/p\/#breadcrumb","itemListElement":[{"@type":"ListItem","position":1,"name":"Home","item":"https:\/\/business.roovi.com\/de\/"},{"@type":"ListItem","position":2,"name":"Shop","item":"https:\/\/business.roovi.com\/de\/shop\/"},{"@type":"ListItem","position":3,"name":"K\u00fcrti Andrea 1000 Teile Erwachsenenpuzzle &#8211; Eulen"}]},{"@type":"WebSite","@id":"https:\/\/business.roovi.com\/de\/#website","url":"https:\/\/business.roovi.com\/de\/","name":"Roovi B2B","description":"Roovi Business Website","potentialAction":[{"@type":"SearchAction","target":{"@type":"EntryPoint","urlTemplate":"https:\/\/business.roovi.com\/de\/?s={search_term_string}"},"query-input":"required name=search_term_string"}],"inLanguage":"de"}]}},"_links":{"self":[{"href":"https:\/\/business.roovi.com\/de\/wp-json\/wp\/v2\/product\/42190","targetHints":{"allow":["GET"]}}],"collection":[{"href":"https:\/\/business.roovi.com\/de\/wp-json\/wp\/v2\/product"}],"about":[{"href":"https:\/\/business.roovi.com\/de\/wp-json\/wp\/v2\/types\/product"}],"version-history":[{"count":0,"href":"https:\/\/business.roovi.com\/de\/wp-json\/wp\/v2\/product\/42190\/revisions"}],"wp:featuredmedia":[{"embeddable":true,"href":"https:\/\/business.roovi.com\/de\/wp-json\/wp\/v2\/media\/35744"}],"wp:attachment":[{"href":"https:\/\/business.roovi.com\/de\/wp-json\/wp\/v2\/media?parent=42190"}],"wp:term":[{"taxonomy":"product_brand","embeddable":true,"href":"https:\/\/business.roovi.com\/de\/wp-json\/wp\/v2\/product_brand?post=42190"},{"taxonomy":"product_cat","embeddable":true,"href":"https:\/\/business.roovi.com\/de\/wp-json\/wp\/v2\/product_cat?post=42190"},{"taxonomy":"product_tag","embeddable":true,"href":"https:\/\/business.roovi.com\/de\/wp-json\/wp\/v2\/product_tag?post=42190"}],"curies":[{"name":"wp","href":"https:\/\/api.w.org\/{rel}","templated":true}]}}