{"id":42198,"date":"2018-04-16T10:56:17","date_gmt":"2018-04-16T10:56:17","guid":{"rendered":"https:\/\/business.roovi.com\/puzzle-adulti-1000-piese-kurti-andrea-anotimpuri-primavara\/p\/"},"modified":"2022-07-06T19:04:16","modified_gmt":"2022-07-06T19:04:16","slug":"1000-teile-puzzle-fur-erwachsene-kurti-andrea-jahreszeiten-fruhling","status":"publish","type":"product","link":"https:\/\/business.roovi.com\/de\/1000-teile-puzzle-fur-erwachsene-kurti-andrea-jahreszeiten-fruhling\/p\/","title":{"rendered":"1000-Teile-Puzzle f\u00fcr Erwachsene K\u00fcrti Andrea &#8211; Jahreszeiten &#8211; Fr\u00fchling"},"content":{"rendered":"<p><span style=\"font-weight: 400\">Bist du bereit f\u00fcr eine kreative Herausforderung? Wie w\u00e4re es mit einem 1.000-Teile-Puzzle mit erstaunlichen Details, um deine Aufmerksamkeit und Ausdauer zu trainieren?<\/span><\/p>\n<p><span style=\"font-weight: 400\">Wenn du ein Liebhaber von Puzzlespielen bist und Bilder mit tollem Design und Details bevorzugst, die viel Aufmerksamkeit und Konzentration erfordern, ist das K\u00fcrti Andrea 1000 Teile Puzzle perfekt f\u00fcr dich.<\/span><\/p>\n<p><span style=\"font-weight: 400\">Die K\u00fcnstlerin hat sich jede Jahreszeit als eine durchsichtige weibliche Figur vorgestellt, die nicht nur das Thermometer, sondern auch die menschliche Stimmung ver\u00e4ndert. Die Illustration im 1000-Teile-Puzzle Fr\u00fchling zeigt die Fr\u00fchlingsfee in einer Explosion von Farben, Blumen und Schmetterlingen, mit einem Wort: Leben.<\/span><\/p>\n<p><span style=\"font-weight: 400\">Das Gef\u00fchl der Erneuerung wird dich durch die Reise begleiten, auf der du die magische Illustration, die sich der zeitgen\u00f6ssische K\u00fcnstler ausgedacht hat, neu erschaffst. Und am Ende, wenn das Bild fertig ist, wirst du von dem Gef\u00fchl der Frische umh\u00fcllt sein, das das Bild ausl\u00f6st, und von der Zufriedenheit, ein modernes Kunstwerk mit deinen eigenen H\u00e4nden geschaffen zu haben.<\/span><\/p>\n<p><span style=\"font-weight: 400\">Du kannst einen normalen Couchtisch verwenden, um die 1000 Puzzleteile aufzustellen. Das entstandene Bild ist 50 x 70 cm gro\u00df und wird im Rahmen spektakul\u00e4r aussehen.<\/span><\/p>\n<p><span style=\"font-weight: 400\">Eigenschaften Puzzle 1000 Teile Fr\u00fchling\/Feder:<\/span><\/p>\n<p><strong>Puzzle-Material <\/strong><\/p>\n<p><strong>hochwertiger blauer Karton<\/strong><\/p>\n<p><strong>nachhaltige, recycelbare Materialien<\/strong><\/p>\n<p><strong>halbgl\u00e4nzende Oberfl\u00e4che, leuchtende Farben<\/strong><\/p>\n<p><strong>Anzahl der Puzzleteile: 1000<\/strong><\/p>\n<p><strong>Empfohlenes Alter: 14+<\/strong><\/p>\n<p><strong>Wir nennen dir 5 Gr\u00fcnde, warum du dich f\u00fcr ein 1000 Teile Fr\u00fchlingspuzzle entscheiden solltest<\/strong><\/p>\n<p><span style=\"font-weight: 400\">1. Entwickle deinen Sinn f\u00fcr \u00c4sthetik und Farben<\/span><\/p>\n<p><span style=\"font-weight: 400\">2. Es ist eine gute Zeit, um von deinem Handy und dem digitalen Leben abzuschalten.<\/span><\/p>\n<p><span style=\"font-weight: 400\">3. Du entwickelst dein Ged\u00e4chtnis, deine Konzentration und deine F\u00e4higkeiten.<\/span><\/p>\n<p><span style=\"font-weight: 400\">4. Du kannst das Puzzlespiel nutzen, um dich mit deiner Familie oder einer Gruppe von Freunden zu treffen.<\/span><\/p>\n<p><span style=\"font-weight: 400\">5. Erschaffe ein atemberaubendes Dekorationsobjekt, das deinem Zuhause einen raffinierten Look verleiht.<\/span><\/p>\n<p><strong>Wusstest du, wie der Fr\u00fchling in alten Kulturen wahrgenommen wurde?<\/strong><\/p>\n<p><span style=\"font-weight: 400\">Die alten Griechen glaubten, dass der Fr\u00fchling von Demeter, der G\u00f6ttin der Fruchtbarkeit und Mutter von Persephone, geschaffen wurde. Hades hatte Persephone entf\u00fchrt, und als Demeter endlich wieder mit ihr vereint war, segnete sie die Erde mit Fr\u00fcchten und hinterlie\u00df den Menschen Samen und das Geheimnis, wie man sie anbaut.<\/span><\/p>\n<p><span style=\"font-weight: 400\">Die \u00c4gypter schrieben den Fr\u00fchling der Wiederauferstehung von Osiris zu. Er war von Seth get\u00f6tet worden, der seinen K\u00f6rper in tausende von St\u00fccken zerteilte und sie \u00fcber ganz \u00c4gypten verstreute. Isis sammelte alle Teile ein und lie\u00df Osiris wieder auferstehen, wodurch die gesamte Natur wieder zum Leben erweckt wurde.<\/span><\/p>\n<p><span style=\"font-weight: 400\">In China hat das Fr\u00fchlingsfest uralte Urspr\u00fcnge, <\/span><span style=\"font-weight: 400\">mehr als 4.000 Jahre alt. Es ist das wichtigste Fest in China und markiert das neue Jahr. Der Feiertag f\u00e4llt in den Winter, da die chinesische Kultur die Jahreszeiten anders wahrnimmt.<\/span><\/p>\n<p><strong>1000 St\u00fcck Der Fr\u00fchling l\u00e4dt dich ein, seine Symbole zu entdecken <\/strong><\/p>\n<p><span style=\"font-weight: 400\">Dieses wunderbare Kunstpuzzle fasziniert nicht nur durch die Komplexit\u00e4t und Qualit\u00e4t der Bilder, sondern auch durch die Entwicklung deiner Fantasie. Entdecke die Symbole des Fr\u00fchlings und lass dich in eine Welt voller Farben und Gelassenheit entf\u00fchren.<\/span><\/p>\n<p><span style=\"font-weight: 400\">Stundenlanges, entspannendes Vergn\u00fcgen vor diesem 1000-teiligen Puzzle ist auch eine erstaunliche meditative Erfahrung. Sobald du die Welt der Details in der M\u00e4rchenillustration betrittst, verblassen deine Gedanken und du erlebst die Freude der Sch\u00f6pfung in der Gegenwart.<\/span><\/p>\n<p><span style=\"font-weight: 400\">Entscheide dich f\u00fcr das 1000-Teile-Puzzle Spring\/Spring, um deine Freizeit sinnvoll zu gestalten, um Kontakte zu kn\u00fcpfen oder zu entspannen. Wenn du auf der Suche nach einem Geschenk bist, das die rastlosen K\u00f6pfe deiner Freunde herausfordert, ist das 1000-teilige Fr\u00fchlingspuzzle die perfekte Wahl.<\/span><\/p><\/p>\n","protected":false},"excerpt":{"rendered":"<p>Bist du bereit f\u00fcr eine kreative Herausforderung? Wie w\u00e4re es mit einem 1.000-Teile-Puzzle mit erstaunlichen Details, um deine Aufmerksamkeit und<\/p>\n","protected":false},"featured_media":35772,"template":"","meta":[],"product_brand":[],"product_cat":[1916,1875,1915],"product_tag":[],"class_list":{"0":"post-42198","1":"product","2":"type-product","3":"status-publish","4":"has-post-thumbnail","6":"product_cat-1000-teile-puzzle","7":"product_cat-puzzle-de","8":"product_cat-puzzlespiele-fur-erwachsene","9":"pa_brand-d_toys-de","10":"pa_country_of_manufacture-ro-de","11":"pa_filter_age-14-de","12":"pa_painter-kurtiandrea-de","13":"pa_tip_ambalaj-kasten-a4-de","14":"pa_tip_puzzle-klassisch","16":"first","17":"instock","18":"taxable","19":"shipping-taxable","20":"product-type-simple"},"yoast_head":"<!-- This site is optimized with the Yoast SEO plugin v20.1 - https:\/\/yoast.com\/wordpress\/plugins\/seo\/ -->\n<title>1000-Teile-Puzzle f\u00fcr Erwachsene K\u00fcrti Andrea - Jahreszeiten - Fr\u00fchling<\/title>\n<meta name=\"description\" content=\"1000-Teile-Puzzle f\u00fcr Erwachsene K\u00fcrti Andrea - Jahreszeiten - Fr\u00fchling\" \/>\n<meta name=\"robots\" content=\"index, follow, max-snippet:-1, max-image-preview:large, max-video-preview:-1\" \/>\n<link rel=\"canonical\" href=\"https:\/\/business.roovi.com\/de\/1000-teile-puzzle-fur-erwachsene-kurti-andrea-jahreszeiten-fruhling\/p\/\" \/>\n<meta property=\"og:locale\" content=\"de_DE\" \/>\n<meta property=\"og:type\" content=\"article\" \/>\n<meta property=\"og:title\" content=\"1000-Teile-Puzzle f\u00fcr Erwachsene K\u00fcrti Andrea - Jahreszeiten - Fr\u00fchling\" \/>\n<meta property=\"og:description\" content=\"1000-Teile-Puzzle f\u00fcr Erwachsene K\u00fcrti Andrea - Jahreszeiten - Fr\u00fchling\" \/>\n<meta property=\"og:url\" content=\"https:\/\/business.roovi.com\/de\/1000-teile-puzzle-fur-erwachsene-kurti-andrea-jahreszeiten-fruhling\/p\/\" \/>\n<meta property=\"og:site_name\" content=\"Roovi B2B\" \/>\n<meta property=\"article:publisher\" content=\"https:\/\/www.facebook.com\/wwwjucariero\" \/>\n<meta property=\"article:modified_time\" content=\"2022-07-06T19:04:16+00:00\" \/>\n<meta property=\"og:image\" content=\"https:\/\/business.roovi.com\/wp-content\/uploads\/2018\/04\/74102-01_ansamblu_dimensiuni_cutie_cm_vertical_1200x1200.png\" \/>\n\t<meta property=\"og:image:width\" content=\"1200\" \/>\n\t<meta property=\"og:image:height\" content=\"1200\" \/>\n\t<meta property=\"og:image:type\" content=\"image\/png\" \/>\n<meta name=\"twitter:label1\" content=\"Gesch\u00e4tzte Lesezeit\" \/>\n\t<meta name=\"twitter:data1\" content=\"3\u00a0Minuten\" \/>\n<script type=\"application\/ld+json\" class=\"yoast-schema-graph\">{\"@context\":\"https:\/\/schema.org\",\"@graph\":[{\"@type\":\"WebPage\",\"@id\":\"https:\/\/business.roovi.com\/de\/1000-teile-puzzle-fur-erwachsene-kurti-andrea-jahreszeiten-fruhling\/p\/\",\"url\":\"https:\/\/business.roovi.com\/de\/1000-teile-puzzle-fur-erwachsene-kurti-andrea-jahreszeiten-fruhling\/p\/\",\"name\":\"1000-Teile-Puzzle f\u00fcr Erwachsene K\u00fcrti Andrea - Jahreszeiten - Fr\u00fchling\",\"isPartOf\":{\"@id\":\"https:\/\/business.roovi.com\/de\/#website\"},\"datePublished\":\"2018-04-16T10:56:17+00:00\",\"dateModified\":\"2022-07-06T19:04:16+00:00\",\"description\":\"1000-Teile-Puzzle f\u00fcr Erwachsene K\u00fcrti Andrea - Jahreszeiten - Fr\u00fchling\",\"breadcrumb\":{\"@id\":\"https:\/\/business.roovi.com\/de\/1000-teile-puzzle-fur-erwachsene-kurti-andrea-jahreszeiten-fruhling\/p\/#breadcrumb\"},\"inLanguage\":\"de\",\"potentialAction\":[{\"@type\":\"ReadAction\",\"target\":[\"https:\/\/business.roovi.com\/de\/1000-teile-puzzle-fur-erwachsene-kurti-andrea-jahreszeiten-fruhling\/p\/\"]}]},{\"@type\":\"BreadcrumbList\",\"@id\":\"https:\/\/business.roovi.com\/de\/1000-teile-puzzle-fur-erwachsene-kurti-andrea-jahreszeiten-fruhling\/p\/#breadcrumb\",\"itemListElement\":[{\"@type\":\"ListItem\",\"position\":1,\"name\":\"Home\",\"item\":\"https:\/\/business.roovi.com\/de\/\"},{\"@type\":\"ListItem\",\"position\":2,\"name\":\"Shop\",\"item\":\"https:\/\/business.roovi.com\/de\/shop\/\"},{\"@type\":\"ListItem\",\"position\":3,\"name\":\"1000-Teile-Puzzle f\u00fcr Erwachsene K\u00fcrti Andrea &#8211; Jahreszeiten &#8211; Fr\u00fchling\"}]},{\"@type\":\"WebSite\",\"@id\":\"https:\/\/business.roovi.com\/de\/#website\",\"url\":\"https:\/\/business.roovi.com\/de\/\",\"name\":\"Roovi B2B\",\"description\":\"Roovi Business Website\",\"potentialAction\":[{\"@type\":\"SearchAction\",\"target\":{\"@type\":\"EntryPoint\",\"urlTemplate\":\"https:\/\/business.roovi.com\/de\/?s={search_term_string}\"},\"query-input\":\"required name=search_term_string\"}],\"inLanguage\":\"de\"}]}<\/script>\n<!-- \/ Yoast SEO plugin. -->","yoast_head_json":{"title":"1000-Teile-Puzzle f\u00fcr Erwachsene K\u00fcrti Andrea - Jahreszeiten - Fr\u00fchling","description":"1000-Teile-Puzzle f\u00fcr Erwachsene K\u00fcrti Andrea - Jahreszeiten - Fr\u00fchling","robots":{"index":"index","follow":"follow","max-snippet":"max-snippet:-1","max-image-preview":"max-image-preview:large","max-video-preview":"max-video-preview:-1"},"canonical":"https:\/\/business.roovi.com\/de\/1000-teile-puzzle-fur-erwachsene-kurti-andrea-jahreszeiten-fruhling\/p\/","og_locale":"de_DE","og_type":"article","og_title":"1000-Teile-Puzzle f\u00fcr Erwachsene K\u00fcrti Andrea - Jahreszeiten - Fr\u00fchling","og_description":"1000-Teile-Puzzle f\u00fcr Erwachsene K\u00fcrti Andrea - Jahreszeiten - Fr\u00fchling","og_url":"https:\/\/business.roovi.com\/de\/1000-teile-puzzle-fur-erwachsene-kurti-andrea-jahreszeiten-fruhling\/p\/","og_site_name":"Roovi B2B","article_publisher":"https:\/\/www.facebook.com\/wwwjucariero","article_modified_time":"2022-07-06T19:04:16+00:00","og_image":[{"width":1200,"height":1200,"url":"https:\/\/business.roovi.com\/wp-content\/uploads\/2018\/04\/74102-01_ansamblu_dimensiuni_cutie_cm_vertical_1200x1200.png","type":"image\/png"}],"twitter_misc":{"Gesch\u00e4tzte Lesezeit":"3\u00a0Minuten"},"schema":{"@context":"https:\/\/schema.org","@graph":[{"@type":"WebPage","@id":"https:\/\/business.roovi.com\/de\/1000-teile-puzzle-fur-erwachsene-kurti-andrea-jahreszeiten-fruhling\/p\/","url":"https:\/\/business.roovi.com\/de\/1000-teile-puzzle-fur-erwachsene-kurti-andrea-jahreszeiten-fruhling\/p\/","name":"1000-Teile-Puzzle f\u00fcr Erwachsene K\u00fcrti Andrea - Jahreszeiten - Fr\u00fchling","isPartOf":{"@id":"https:\/\/business.roovi.com\/de\/#website"},"datePublished":"2018-04-16T10:56:17+00:00","dateModified":"2022-07-06T19:04:16+00:00","description":"1000-Teile-Puzzle f\u00fcr Erwachsene K\u00fcrti Andrea - Jahreszeiten - Fr\u00fchling","breadcrumb":{"@id":"https:\/\/business.roovi.com\/de\/1000-teile-puzzle-fur-erwachsene-kurti-andrea-jahreszeiten-fruhling\/p\/#breadcrumb"},"inLanguage":"de","potentialAction":[{"@type":"ReadAction","target":["https:\/\/business.roovi.com\/de\/1000-teile-puzzle-fur-erwachsene-kurti-andrea-jahreszeiten-fruhling\/p\/"]}]},{"@type":"BreadcrumbList","@id":"https:\/\/business.roovi.com\/de\/1000-teile-puzzle-fur-erwachsene-kurti-andrea-jahreszeiten-fruhling\/p\/#breadcrumb","itemListElement":[{"@type":"ListItem","position":1,"name":"Home","item":"https:\/\/business.roovi.com\/de\/"},{"@type":"ListItem","position":2,"name":"Shop","item":"https:\/\/business.roovi.com\/de\/shop\/"},{"@type":"ListItem","position":3,"name":"1000-Teile-Puzzle f\u00fcr Erwachsene K\u00fcrti Andrea &#8211; Jahreszeiten &#8211; Fr\u00fchling"}]},{"@type":"WebSite","@id":"https:\/\/business.roovi.com\/de\/#website","url":"https:\/\/business.roovi.com\/de\/","name":"Roovi B2B","description":"Roovi Business Website","potentialAction":[{"@type":"SearchAction","target":{"@type":"EntryPoint","urlTemplate":"https:\/\/business.roovi.com\/de\/?s={search_term_string}"},"query-input":"required name=search_term_string"}],"inLanguage":"de"}]}},"_links":{"self":[{"href":"https:\/\/business.roovi.com\/de\/wp-json\/wp\/v2\/product\/42198","targetHints":{"allow":["GET"]}}],"collection":[{"href":"https:\/\/business.roovi.com\/de\/wp-json\/wp\/v2\/product"}],"about":[{"href":"https:\/\/business.roovi.com\/de\/wp-json\/wp\/v2\/types\/product"}],"version-history":[{"count":0,"href":"https:\/\/business.roovi.com\/de\/wp-json\/wp\/v2\/product\/42198\/revisions"}],"wp:featuredmedia":[{"embeddable":true,"href":"https:\/\/business.roovi.com\/de\/wp-json\/wp\/v2\/media\/35772"}],"wp:attachment":[{"href":"https:\/\/business.roovi.com\/de\/wp-json\/wp\/v2\/media?parent=42198"}],"wp:term":[{"taxonomy":"product_brand","embeddable":true,"href":"https:\/\/business.roovi.com\/de\/wp-json\/wp\/v2\/product_brand?post=42198"},{"taxonomy":"product_cat","embeddable":true,"href":"https:\/\/business.roovi.com\/de\/wp-json\/wp\/v2\/product_cat?post=42198"},{"taxonomy":"product_tag","embeddable":true,"href":"https:\/\/business.roovi.com\/de\/wp-json\/wp\/v2\/product_tag?post=42198"}],"curies":[{"name":"wp","href":"https:\/\/api.w.org\/{rel}","templated":true}]}}