{"id":42202,"date":"2018-04-16T10:56:17","date_gmt":"2018-04-16T10:56:17","guid":{"rendered":"https:\/\/business.roovi.com\/puzzle-adulti-1000-piese-kurti-andrea-anotimpuri-vara\/p\/"},"modified":"2022-07-06T19:04:24","modified_gmt":"2022-07-06T19:04:24","slug":"kurti-andrea-1000-teile-erwachsenenpuzzle-jahreszeiten-sommer","status":"publish","type":"product","link":"https:\/\/business.roovi.com\/de\/kurti-andrea-1000-teile-erwachsenenpuzzle-jahreszeiten-sommer\/p\/","title":{"rendered":"K\u00fcrti Andrea 1000 Teile Erwachsenenpuzzle &#8211; Jahreszeiten &#8211; Sommer"},"content":{"rendered":"<p><span style=\"font-weight: 400\">M\u00f6chtest du ein paar Stunden entspannen und die Monotonie der langen Winterabende vertreiben? Entdecke das Vergn\u00fcgen, faszinierende, farbenfrohe Bilder aus 1000-teiligen Puzzles zu erstellen.<\/span><\/p>\n<p><span style=\"font-weight: 400\">K\u00fcnstlerin K\u00fcrti Andrea<\/span> <span style=\"font-weight: 400\">hat erstellt<\/span> <span style=\"font-weight: 400\">ein R\u00e4tselzyklus f\u00fcr Erwachsene mit originellen Illustrationen zu den 4 Jahreszeiten. Das 1000-teilige Puzzle Sommer von K\u00fcrti Andrea stellt den Sommer dar, die Jahreszeit der Ferien, des Lichts und der Freude <\/span><\/p>\n<p><span style=\"font-weight: 400\">Die weibliche Figur im Vordergrund verk\u00f6rpert die Entspannung und die Pause vom Alltag, die die wunderbare Sommersaison bietet. Die Illustration scheint mehrere M\u00f6glichkeiten zu bieten, die Freizeit zu verbringen: am Meer, in der Natur oder einfach unterwegs <\/span><\/p>\n<p><span style=\"font-weight: 400\">Ein faszinierendes R\u00e4tsel f\u00fcr Erwachsene, in dem du Symbole der warmen Jahreszeit entdeckst und das den Optimismus und die Energie des Sommers vermittelt. Wenn du dich entscheidest, es in deinen Rahmen zu stellen, wirst du t\u00e4glich einen Hauch von Frische und Farbe von diesem besonderen Bild genie\u00dfen.<\/span><\/p>\n<p><span style=\"font-weight: 400\">Du kannst einen normalen Couchtisch verwenden, um das Bild zu beleben. Du kannst in aller Ruhe nach den richtigen St\u00fccken suchen und es reicht aus, um das 50 x 70 cm gro\u00dfe Gem\u00e4lde zu tragen, das du am Ende hast.<\/span><\/p>\n<p><span style=\"font-weight: 400\">K\u00fcrti Andrea 1000 Teile Puzzle &#8211; Sommer \/ Summer features:<\/span><\/p>\n<p><strong>Puzzle-Material <\/strong><\/p>\n<p><strong>hochwertiger blauer Karton<\/strong><\/p>\n<p><strong>nachhaltige, recycelbare Materialien<\/strong><\/p>\n<p><strong>halbgl\u00e4nzende Oberfl\u00e4che, leuchtende Farben<\/strong><\/p>\n<p><strong>Anzahl der Puzzleteile: 1000<\/strong><\/p>\n<p><strong>Empfohlenes Alter: 14+<\/strong><\/p>\n<p><strong>Warum ist das 1000-Teile-Puzzle Summer so besonders?<\/strong><\/p>\n<p><span style=\"font-weight: 400\">Du hast die M\u00f6glichkeit, aus 1000 Puzzleteilen ein Bild mit einem au\u00dfergew\u00f6hnlichen Design zu erstellen.<\/span><\/p>\n<p><span style=\"font-weight: 400\">Es ist die perfekte Gelegenheit, um zu entspannen und dem Alltag zu entfliehen.<\/span><\/p>\n<p><span style=\"font-weight: 400\">Du entwickelst deinen \u00e4sthetischen Sinn und sch\u00e4tzt den Charme von Kunstwerken mehr.<\/span><\/p>\n<p><span style=\"font-weight: 400\">Es kann eine Gelegenheit sein, Zeit mit deinen Kindern zu verbringen und als Familie zusammenzuwachsen.<\/span><\/p>\n<p><span style=\"font-weight: 400\">Du entwickelst deine Fantasie und f\u00fchlst dich wie ein echter Detektiv, der nach Hinweisen sucht, um einen schwierigen Fall zu l\u00f6sen.<\/span><\/p>\n<p><span style=\"font-weight: 400\">Du entwickelst sowohl deine Konzentration als auch deine Ausdauer.<\/span><\/p>\n<p><strong>5 weitere Vorteile des 1000 Teile Sommerpuzzles:<\/strong><\/p>\n<ul>\n<li><span style=\"font-weight: 400\">Hilft dir, dein Ged\u00e4chtnis zu entwickeln<\/span><\/li>\n<li><span style=\"font-weight: 400\">Verbessert deine Aufmerksamkeit f\u00fcr Details.<\/span><\/li>\n<li><span style=\"font-weight: 400\">Hilft, Stress abzubauen.<\/span><\/li>\n<li><span style=\"font-weight: 400\">Entwickelt dein logisches Denken.<\/span><\/li>\n<li><span style=\"font-weight: 400\">Du verbesserst deine Probleml\u00f6sungsf\u00e4higkeit.<\/span><\/li>\n<\/ul>\n<p><span style=\"font-weight: 400\">Summer 1000 Piece Puzzle richtet sich an Liebhaber von Puzzlespielen, aber auch an Menschen, die ihre F\u00e4higkeiten testen wollen oder nach einer kreativen Herausforderung lechzen. Wenn du in eine dieser beiden Kategorien f\u00e4llst, ist das 1000-teilige Sommerpuzzle perfekt f\u00fcr dich.<\/span><\/p>\n<p><span style=\"font-weight: 400\">Sie ist aus hochwertigen Materialien gefertigt und kann jederzeit wiederverwendet werden, ohne dass du dir Sorgen machen musst, dass sie besch\u00e4digt wird. Jedes Mal, wenn du dieses Puzzle f\u00fcr Erwachsene benutzt, erh\u00e4ltst du das gleiche erstaunliche Gesamtbild.<\/span><\/p>\n<p><span style=\"font-weight: 400\">Willst du die Konzentrationsf\u00e4higkeit eines engen Freundes herausfordern? Oder ein besonderes Geschenk f\u00fcr einen R\u00e4tselspiel-Liebhaber? W\u00e4hle das 1000-teilige Sommerpuzzle mit der au\u00dfergew\u00f6hnlichen Illustration der K\u00fcnstlerin K\u00fcrti Andrea und \u00fcberrasche deine Freunde mit einem einzigartigen Geschenk.<\/span><\/p><\/p>\n","protected":false},"excerpt":{"rendered":"<p>M\u00f6chtest du ein paar Stunden entspannen und die Monotonie der langen Winterabende vertreiben? Entdecke das Vergn\u00fcgen, faszinierende, farbenfrohe Bilder aus<\/p>\n","protected":false},"featured_media":35786,"template":"","meta":[],"product_brand":[],"product_cat":[1916,1875,1915],"product_tag":[],"class_list":{"0":"post-42202","1":"product","2":"type-product","3":"status-publish","4":"has-post-thumbnail","6":"product_cat-1000-teile-puzzle","7":"product_cat-puzzle-de","8":"product_cat-puzzlespiele-fur-erwachsene","9":"pa_brand-d_toys-de","10":"pa_country_of_manufacture-ro-de","11":"pa_filter_age-14-de","12":"pa_painter-kurtiandrea-de","13":"pa_tip_ambalaj-kasten-a4-de","14":"pa_tip_puzzle-klassisch","16":"first","17":"instock","18":"taxable","19":"shipping-taxable","20":"product-type-simple"},"yoast_head":"<!-- This site is optimized with the Yoast SEO plugin v20.1 - https:\/\/yoast.com\/wordpress\/plugins\/seo\/ -->\n<title>K\u00fcrti Andrea 1000 Teile Erwachsenenpuzzle - Jahreszeiten - Sommer<\/title>\n<meta name=\"description\" content=\"K\u00fcrti Andrea 1000 Teile Erwachsenenpuzzle - Jahreszeiten - Sommer\" \/>\n<meta name=\"robots\" content=\"index, follow, max-snippet:-1, max-image-preview:large, max-video-preview:-1\" \/>\n<link rel=\"canonical\" href=\"https:\/\/business.roovi.com\/de\/kurti-andrea-1000-teile-erwachsenenpuzzle-jahreszeiten-sommer\/p\/\" \/>\n<meta property=\"og:locale\" content=\"de_DE\" \/>\n<meta property=\"og:type\" content=\"article\" \/>\n<meta property=\"og:title\" content=\"K\u00fcrti Andrea 1000 Teile Erwachsenenpuzzle - Jahreszeiten - Sommer\" \/>\n<meta property=\"og:description\" content=\"K\u00fcrti Andrea 1000 Teile Erwachsenenpuzzle - Jahreszeiten - Sommer\" \/>\n<meta property=\"og:url\" content=\"https:\/\/business.roovi.com\/de\/kurti-andrea-1000-teile-erwachsenenpuzzle-jahreszeiten-sommer\/p\/\" \/>\n<meta property=\"og:site_name\" content=\"Roovi B2B\" \/>\n<meta property=\"article:publisher\" content=\"https:\/\/www.facebook.com\/wwwjucariero\" \/>\n<meta property=\"article:modified_time\" content=\"2022-07-06T19:04:24+00:00\" \/>\n<meta property=\"og:image\" content=\"https:\/\/business.roovi.com\/wp-content\/uploads\/2018\/04\/74102-02_ansamblu_dimensiuni_cutie_cm_vertical_1200x1200.png\" \/>\n\t<meta property=\"og:image:width\" content=\"1200\" \/>\n\t<meta property=\"og:image:height\" content=\"1200\" \/>\n\t<meta property=\"og:image:type\" content=\"image\/png\" \/>\n<meta name=\"twitter:label1\" content=\"Gesch\u00e4tzte Lesezeit\" \/>\n\t<meta name=\"twitter:data1\" content=\"2\u00a0Minuten\" \/>\n<script type=\"application\/ld+json\" class=\"yoast-schema-graph\">{\"@context\":\"https:\/\/schema.org\",\"@graph\":[{\"@type\":\"WebPage\",\"@id\":\"https:\/\/business.roovi.com\/de\/kurti-andrea-1000-teile-erwachsenenpuzzle-jahreszeiten-sommer\/p\/\",\"url\":\"https:\/\/business.roovi.com\/de\/kurti-andrea-1000-teile-erwachsenenpuzzle-jahreszeiten-sommer\/p\/\",\"name\":\"K\u00fcrti Andrea 1000 Teile Erwachsenenpuzzle - Jahreszeiten - Sommer\",\"isPartOf\":{\"@id\":\"https:\/\/business.roovi.com\/de\/#website\"},\"datePublished\":\"2018-04-16T10:56:17+00:00\",\"dateModified\":\"2022-07-06T19:04:24+00:00\",\"description\":\"K\u00fcrti Andrea 1000 Teile Erwachsenenpuzzle - Jahreszeiten - Sommer\",\"breadcrumb\":{\"@id\":\"https:\/\/business.roovi.com\/de\/kurti-andrea-1000-teile-erwachsenenpuzzle-jahreszeiten-sommer\/p\/#breadcrumb\"},\"inLanguage\":\"de\",\"potentialAction\":[{\"@type\":\"ReadAction\",\"target\":[\"https:\/\/business.roovi.com\/de\/kurti-andrea-1000-teile-erwachsenenpuzzle-jahreszeiten-sommer\/p\/\"]}]},{\"@type\":\"BreadcrumbList\",\"@id\":\"https:\/\/business.roovi.com\/de\/kurti-andrea-1000-teile-erwachsenenpuzzle-jahreszeiten-sommer\/p\/#breadcrumb\",\"itemListElement\":[{\"@type\":\"ListItem\",\"position\":1,\"name\":\"Home\",\"item\":\"https:\/\/business.roovi.com\/de\/\"},{\"@type\":\"ListItem\",\"position\":2,\"name\":\"Shop\",\"item\":\"https:\/\/business.roovi.com\/de\/shop\/\"},{\"@type\":\"ListItem\",\"position\":3,\"name\":\"K\u00fcrti Andrea 1000 Teile Erwachsenenpuzzle &#8211; Jahreszeiten &#8211; Sommer\"}]},{\"@type\":\"WebSite\",\"@id\":\"https:\/\/business.roovi.com\/de\/#website\",\"url\":\"https:\/\/business.roovi.com\/de\/\",\"name\":\"Roovi B2B\",\"description\":\"Roovi Business Website\",\"potentialAction\":[{\"@type\":\"SearchAction\",\"target\":{\"@type\":\"EntryPoint\",\"urlTemplate\":\"https:\/\/business.roovi.com\/de\/?s={search_term_string}\"},\"query-input\":\"required name=search_term_string\"}],\"inLanguage\":\"de\"}]}<\/script>\n<!-- \/ Yoast SEO plugin. -->","yoast_head_json":{"title":"K\u00fcrti Andrea 1000 Teile Erwachsenenpuzzle - Jahreszeiten - Sommer","description":"K\u00fcrti Andrea 1000 Teile Erwachsenenpuzzle - Jahreszeiten - Sommer","robots":{"index":"index","follow":"follow","max-snippet":"max-snippet:-1","max-image-preview":"max-image-preview:large","max-video-preview":"max-video-preview:-1"},"canonical":"https:\/\/business.roovi.com\/de\/kurti-andrea-1000-teile-erwachsenenpuzzle-jahreszeiten-sommer\/p\/","og_locale":"de_DE","og_type":"article","og_title":"K\u00fcrti Andrea 1000 Teile Erwachsenenpuzzle - Jahreszeiten - Sommer","og_description":"K\u00fcrti Andrea 1000 Teile Erwachsenenpuzzle - Jahreszeiten - Sommer","og_url":"https:\/\/business.roovi.com\/de\/kurti-andrea-1000-teile-erwachsenenpuzzle-jahreszeiten-sommer\/p\/","og_site_name":"Roovi B2B","article_publisher":"https:\/\/www.facebook.com\/wwwjucariero","article_modified_time":"2022-07-06T19:04:24+00:00","og_image":[{"width":1200,"height":1200,"url":"https:\/\/business.roovi.com\/wp-content\/uploads\/2018\/04\/74102-02_ansamblu_dimensiuni_cutie_cm_vertical_1200x1200.png","type":"image\/png"}],"twitter_misc":{"Gesch\u00e4tzte Lesezeit":"2\u00a0Minuten"},"schema":{"@context":"https:\/\/schema.org","@graph":[{"@type":"WebPage","@id":"https:\/\/business.roovi.com\/de\/kurti-andrea-1000-teile-erwachsenenpuzzle-jahreszeiten-sommer\/p\/","url":"https:\/\/business.roovi.com\/de\/kurti-andrea-1000-teile-erwachsenenpuzzle-jahreszeiten-sommer\/p\/","name":"K\u00fcrti Andrea 1000 Teile Erwachsenenpuzzle - Jahreszeiten - Sommer","isPartOf":{"@id":"https:\/\/business.roovi.com\/de\/#website"},"datePublished":"2018-04-16T10:56:17+00:00","dateModified":"2022-07-06T19:04:24+00:00","description":"K\u00fcrti Andrea 1000 Teile Erwachsenenpuzzle - Jahreszeiten - Sommer","breadcrumb":{"@id":"https:\/\/business.roovi.com\/de\/kurti-andrea-1000-teile-erwachsenenpuzzle-jahreszeiten-sommer\/p\/#breadcrumb"},"inLanguage":"de","potentialAction":[{"@type":"ReadAction","target":["https:\/\/business.roovi.com\/de\/kurti-andrea-1000-teile-erwachsenenpuzzle-jahreszeiten-sommer\/p\/"]}]},{"@type":"BreadcrumbList","@id":"https:\/\/business.roovi.com\/de\/kurti-andrea-1000-teile-erwachsenenpuzzle-jahreszeiten-sommer\/p\/#breadcrumb","itemListElement":[{"@type":"ListItem","position":1,"name":"Home","item":"https:\/\/business.roovi.com\/de\/"},{"@type":"ListItem","position":2,"name":"Shop","item":"https:\/\/business.roovi.com\/de\/shop\/"},{"@type":"ListItem","position":3,"name":"K\u00fcrti Andrea 1000 Teile Erwachsenenpuzzle &#8211; Jahreszeiten &#8211; Sommer"}]},{"@type":"WebSite","@id":"https:\/\/business.roovi.com\/de\/#website","url":"https:\/\/business.roovi.com\/de\/","name":"Roovi B2B","description":"Roovi Business Website","potentialAction":[{"@type":"SearchAction","target":{"@type":"EntryPoint","urlTemplate":"https:\/\/business.roovi.com\/de\/?s={search_term_string}"},"query-input":"required name=search_term_string"}],"inLanguage":"de"}]}},"_links":{"self":[{"href":"https:\/\/business.roovi.com\/de\/wp-json\/wp\/v2\/product\/42202","targetHints":{"allow":["GET"]}}],"collection":[{"href":"https:\/\/business.roovi.com\/de\/wp-json\/wp\/v2\/product"}],"about":[{"href":"https:\/\/business.roovi.com\/de\/wp-json\/wp\/v2\/types\/product"}],"version-history":[{"count":0,"href":"https:\/\/business.roovi.com\/de\/wp-json\/wp\/v2\/product\/42202\/revisions"}],"wp:featuredmedia":[{"embeddable":true,"href":"https:\/\/business.roovi.com\/de\/wp-json\/wp\/v2\/media\/35786"}],"wp:attachment":[{"href":"https:\/\/business.roovi.com\/de\/wp-json\/wp\/v2\/media?parent=42202"}],"wp:term":[{"taxonomy":"product_brand","embeddable":true,"href":"https:\/\/business.roovi.com\/de\/wp-json\/wp\/v2\/product_brand?post=42202"},{"taxonomy":"product_cat","embeddable":true,"href":"https:\/\/business.roovi.com\/de\/wp-json\/wp\/v2\/product_cat?post=42202"},{"taxonomy":"product_tag","embeddable":true,"href":"https:\/\/business.roovi.com\/de\/wp-json\/wp\/v2\/product_tag?post=42202"}],"curies":[{"name":"wp","href":"https:\/\/api.w.org\/{rel}","templated":true}]}}