{"id":42222,"date":"2018-04-16T10:56:17","date_gmt":"2018-04-16T10:56:17","guid":{"rendered":"https:\/\/business.roovi.com\/3-puzzle-copii-basme\/p\/"},"modified":"2022-07-06T19:09:04","modified_gmt":"2022-07-06T19:09:04","slug":"3-puzzles-mit-rotkappchen-pinocchio-und-schneewittchen-6-9-und-16-teile","status":"publish","type":"product","link":"https:\/\/business.roovi.com\/de\/3-puzzles-mit-rotkappchen-pinocchio-und-schneewittchen-6-9-und-16-teile\/p\/","title":{"rendered":"3 Puzzles mit Rotk\u00e4ppchen, Pinocchio und Schneewittchen &#8211; 6, 9 und 16 Teile"},"content":{"rendered":"<p><span style=\"font-weight: 400\">Kinder entdecken die Welt durch M\u00e4rchen und Spiele. Und was k\u00f6nnte mehr Spa\u00df machen, als die Geschichten aus der Kindheit St\u00fcck f\u00fcr St\u00fcck in Form eines Puzzles wieder zusammenzusetzen?<\/span><\/p>\n<p><span style=\"font-weight: 400\">Entdecke ein Kinderpuzzleset, mit dem du deinem Kind auf spielerische Art und Weise M\u00e4rchen erz\u00e4hlen kannst, die es auch besch\u00e4ftigt und aufmerksam macht, und das ihm sogar hilft, neue Handlungen f\u00fcr klassische Geschichten zu erfinden.<\/span><\/p>\n<p><span style=\"font-weight: 400\">Das M\u00e4rchen f\u00fcr Kinder Puzzle-Set illustriert drei beliebte und bekannte Geschichten, wie Rotk\u00e4ppchen, Pinocchio und Schneewittchen.<\/span><\/p>\n<h2><span style=\"font-weight: 400\">Warum ein M\u00e4rchenpuzzle-Set f\u00fcr Kinder w\u00e4hlen?<\/span><\/h2>\n<p><span style=\"font-weight: 400\">Entdecke eine neue Art, Kinder mit klassischen Geschichten zu fesseln.<\/span><\/p>\n<p><span style=\"font-weight: 400\">Du beziehst sie in die Erarbeitung ihrer eigenen Geschichte ein, zu der sie Details aus ihrer eigenen Fantasie hinzuf\u00fcgen k\u00f6nnen.<\/span><\/p>\n<p><span style=\"font-weight: 400\">Du kannst die Handlung der Geschichten besprechen und sie so realistisch machen, um den Kindern eine p\u00e4dagogische Lektion zu erteilen. Warum ist es falsch, auf Fremde zu h\u00f6ren? Was passiert, wenn du l\u00fcgst?<\/span><\/p>\n<p><span style=\"font-weight: 400\">Das Puzzle f\u00f6rdert die Feinmotorik und die Geschicklichkeit.<\/span><\/p>\n<p><span style=\"font-weight: 400\">Es f\u00f6rdert die Konzentration und die Aufmerksamkeit f\u00fcr Details.<\/span><\/p>\n<p><span style=\"font-weight: 400\">Es ist ein tolles Spiel, um die Stimmung aufzulockern und sich mit deinem Kind vor dem Schlafengehen oder an kalten, regnerischen Tagen, wenn ihr nicht nach drau\u00dfen gehen k\u00f6nnt, zu unterhalten.<\/span><\/p>\n<h2><span style=\"font-weight: 400\">Entdecke ein Set von 3 Kinderpuzzles mit Fairy Tales<\/span><\/h2>\n<p><span style=\"font-weight: 400\">Das Puzzle ist aus sehr guter Qualit\u00e4tspappe, dick und widerstandsf\u00e4hig gegen langen Gebrauch. Die Teile sind gro\u00df genug f\u00fcr kleine Kinderh\u00e4nde und lassen sich leicht greifen und an die richtige Form anpassen <\/span><\/p>\n<p><span style=\"font-weight: 400\">Kinder lieben die sch\u00f6nen und fr\u00f6hlichen Bilder, leuchtenden Farben und ausdrucksstarken Figuren <\/span><\/p>\n<p><span style=\"font-weight: 400\">Ein Kinderpuzzle ist mehr als nur ein Spiel. Es ist eine M\u00f6glichkeit, das Spiel mit der F\u00f6rderung der Gehirnentwicklung und der vielen F\u00e4higkeiten zu verbinden, die dein Kind f\u00fcr ein harmonisches Wachstum und die Unabh\u00e4ngigkeit in seinem eigenen Handeln nutzen wird <\/span><\/p>\n<p><span style=\"font-weight: 400\">Das Set enth\u00e4lt drei unterschiedlich gro\u00dfe Puzzles mit <\/span><span style=\"font-weight: 400\">6, 9 und 16 St\u00fcck.<\/span><\/p>\n<p><span style=\"font-weight: 400\">Entscheide dich daf\u00fcr, dass dein Kind auf spielerische und einzigartige Weise etwas \u00fcber die klassischen M\u00e4rchen der Kindheit lernt <\/span><\/p>\n<p><span style=\"font-weight: 400\">Oder vielleicht suchst du ein cleveres Geschenk f\u00fcr ein neugieriges Kind? Ein Puzzle hat viele Qualit\u00e4ten: Es ist fesselnd, macht Spa\u00df und ist gleichzeitig lehrreich. Au\u00dferdem regt es die Ged\u00e4chtnisentwicklung an und macht manchmal sogar s\u00fcchtig :).<\/span><\/p><\/p>\n","protected":false},"excerpt":{"rendered":"<p>Kinder entdecken die Welt durch M\u00e4rchen und Spiele. Und was k\u00f6nnte mehr Spa\u00df machen, als die Geschichten aus der Kindheit<\/p>\n","protected":false},"featured_media":35834,"template":"","meta":[],"product_brand":[],"product_cat":[1876,1875,1979],"product_tag":[],"class_list":{"0":"post-42222","1":"product","2":"type-product","3":"status-publish","4":"has-post-thumbnail","6":"product_cat-kinder-puzzle","7":"product_cat-puzzle-de","8":"product_cat-puzzle-mit-weniger-als-50-teilen","9":"pa_bax-8-de","10":"pa_brand-deico-de","11":"pa_country_of_manufacture-ro-de","12":"pa_filter_age-3_5-de","13":"pa_filter_age-5_7-de","14":"pa_tip_ambalaj-kasten-a4-de","15":"pa_tip_puzzle-puzzle-sets-de","17":"first","18":"instock","19":"taxable","20":"shipping-taxable","21":"product-type-simple"},"yoast_head":"<!-- This site is optimized with the Yoast SEO plugin v20.1 - https:\/\/yoast.com\/wordpress\/plugins\/seo\/ -->\n<title>3 Puzzles mit Rotk\u00e4ppchen, Pinocchio und Schneewittchen - 6, 9 und 16 Teile<\/title>\n<meta name=\"description\" content=\"3 Puzzles mit Rotk\u00e4ppchen, Pinocchio und Schneewittchen - 6, 9 und 16 Teile\" \/>\n<meta name=\"robots\" content=\"index, follow, max-snippet:-1, max-image-preview:large, max-video-preview:-1\" \/>\n<link rel=\"canonical\" href=\"https:\/\/business.roovi.com\/de\/3-puzzles-mit-rotkappchen-pinocchio-und-schneewittchen-6-9-und-16-teile\/p\/\" \/>\n<meta property=\"og:locale\" content=\"de_DE\" \/>\n<meta property=\"og:type\" content=\"article\" \/>\n<meta property=\"og:title\" content=\"3 Puzzles mit Rotk\u00e4ppchen, Pinocchio und Schneewittchen - 6, 9 und 16 Teile\" \/>\n<meta property=\"og:description\" content=\"3 Puzzles mit Rotk\u00e4ppchen, Pinocchio und Schneewittchen - 6, 9 und 16 Teile\" \/>\n<meta property=\"og:url\" content=\"https:\/\/business.roovi.com\/de\/3-puzzles-mit-rotkappchen-pinocchio-und-schneewittchen-6-9-und-16-teile\/p\/\" \/>\n<meta property=\"og:site_name\" content=\"Roovi B2B\" \/>\n<meta property=\"article:publisher\" content=\"https:\/\/www.facebook.com\/wwwjucariero\" \/>\n<meta property=\"article:modified_time\" content=\"2022-07-06T19:09:04+00:00\" \/>\n<meta property=\"og:image\" content=\"https:\/\/business.roovi.com\/wp-content\/uploads\/2018\/04\/63717_01.jpg\" \/>\n\t<meta property=\"og:image:width\" content=\"1200\" \/>\n\t<meta property=\"og:image:height\" content=\"1200\" \/>\n\t<meta property=\"og:image:type\" content=\"image\/jpeg\" \/>\n<meta name=\"twitter:label1\" content=\"Gesch\u00e4tzte Lesezeit\" \/>\n\t<meta name=\"twitter:data1\" content=\"2\u00a0Minuten\" \/>\n<script type=\"application\/ld+json\" class=\"yoast-schema-graph\">{\"@context\":\"https:\/\/schema.org\",\"@graph\":[{\"@type\":\"WebPage\",\"@id\":\"https:\/\/business.roovi.com\/de\/3-puzzles-mit-rotkappchen-pinocchio-und-schneewittchen-6-9-und-16-teile\/p\/\",\"url\":\"https:\/\/business.roovi.com\/de\/3-puzzles-mit-rotkappchen-pinocchio-und-schneewittchen-6-9-und-16-teile\/p\/\",\"name\":\"3 Puzzles mit Rotk\u00e4ppchen, Pinocchio und Schneewittchen - 6, 9 und 16 Teile\",\"isPartOf\":{\"@id\":\"https:\/\/business.roovi.com\/de\/#website\"},\"datePublished\":\"2018-04-16T10:56:17+00:00\",\"dateModified\":\"2022-07-06T19:09:04+00:00\",\"description\":\"3 Puzzles mit Rotk\u00e4ppchen, Pinocchio und Schneewittchen - 6, 9 und 16 Teile\",\"breadcrumb\":{\"@id\":\"https:\/\/business.roovi.com\/de\/3-puzzles-mit-rotkappchen-pinocchio-und-schneewittchen-6-9-und-16-teile\/p\/#breadcrumb\"},\"inLanguage\":\"de\",\"potentialAction\":[{\"@type\":\"ReadAction\",\"target\":[\"https:\/\/business.roovi.com\/de\/3-puzzles-mit-rotkappchen-pinocchio-und-schneewittchen-6-9-und-16-teile\/p\/\"]}]},{\"@type\":\"BreadcrumbList\",\"@id\":\"https:\/\/business.roovi.com\/de\/3-puzzles-mit-rotkappchen-pinocchio-und-schneewittchen-6-9-und-16-teile\/p\/#breadcrumb\",\"itemListElement\":[{\"@type\":\"ListItem\",\"position\":1,\"name\":\"Home\",\"item\":\"https:\/\/business.roovi.com\/de\/\"},{\"@type\":\"ListItem\",\"position\":2,\"name\":\"Shop\",\"item\":\"https:\/\/business.roovi.com\/de\/shop\/\"},{\"@type\":\"ListItem\",\"position\":3,\"name\":\"3 Puzzles mit Rotk\u00e4ppchen, Pinocchio und Schneewittchen &#8211; 6, 9 und 16 Teile\"}]},{\"@type\":\"WebSite\",\"@id\":\"https:\/\/business.roovi.com\/de\/#website\",\"url\":\"https:\/\/business.roovi.com\/de\/\",\"name\":\"Roovi B2B\",\"description\":\"Roovi Business Website\",\"potentialAction\":[{\"@type\":\"SearchAction\",\"target\":{\"@type\":\"EntryPoint\",\"urlTemplate\":\"https:\/\/business.roovi.com\/de\/?s={search_term_string}\"},\"query-input\":\"required name=search_term_string\"}],\"inLanguage\":\"de\"}]}<\/script>\n<!-- \/ Yoast SEO plugin. -->","yoast_head_json":{"title":"3 Puzzles mit Rotk\u00e4ppchen, Pinocchio und Schneewittchen - 6, 9 und 16 Teile","description":"3 Puzzles mit Rotk\u00e4ppchen, Pinocchio und Schneewittchen - 6, 9 und 16 Teile","robots":{"index":"index","follow":"follow","max-snippet":"max-snippet:-1","max-image-preview":"max-image-preview:large","max-video-preview":"max-video-preview:-1"},"canonical":"https:\/\/business.roovi.com\/de\/3-puzzles-mit-rotkappchen-pinocchio-und-schneewittchen-6-9-und-16-teile\/p\/","og_locale":"de_DE","og_type":"article","og_title":"3 Puzzles mit Rotk\u00e4ppchen, Pinocchio und Schneewittchen - 6, 9 und 16 Teile","og_description":"3 Puzzles mit Rotk\u00e4ppchen, Pinocchio und Schneewittchen - 6, 9 und 16 Teile","og_url":"https:\/\/business.roovi.com\/de\/3-puzzles-mit-rotkappchen-pinocchio-und-schneewittchen-6-9-und-16-teile\/p\/","og_site_name":"Roovi B2B","article_publisher":"https:\/\/www.facebook.com\/wwwjucariero","article_modified_time":"2022-07-06T19:09:04+00:00","og_image":[{"width":1200,"height":1200,"url":"https:\/\/business.roovi.com\/wp-content\/uploads\/2018\/04\/63717_01.jpg","type":"image\/jpeg"}],"twitter_misc":{"Gesch\u00e4tzte Lesezeit":"2\u00a0Minuten"},"schema":{"@context":"https:\/\/schema.org","@graph":[{"@type":"WebPage","@id":"https:\/\/business.roovi.com\/de\/3-puzzles-mit-rotkappchen-pinocchio-und-schneewittchen-6-9-und-16-teile\/p\/","url":"https:\/\/business.roovi.com\/de\/3-puzzles-mit-rotkappchen-pinocchio-und-schneewittchen-6-9-und-16-teile\/p\/","name":"3 Puzzles mit Rotk\u00e4ppchen, Pinocchio und Schneewittchen - 6, 9 und 16 Teile","isPartOf":{"@id":"https:\/\/business.roovi.com\/de\/#website"},"datePublished":"2018-04-16T10:56:17+00:00","dateModified":"2022-07-06T19:09:04+00:00","description":"3 Puzzles mit Rotk\u00e4ppchen, Pinocchio und Schneewittchen - 6, 9 und 16 Teile","breadcrumb":{"@id":"https:\/\/business.roovi.com\/de\/3-puzzles-mit-rotkappchen-pinocchio-und-schneewittchen-6-9-und-16-teile\/p\/#breadcrumb"},"inLanguage":"de","potentialAction":[{"@type":"ReadAction","target":["https:\/\/business.roovi.com\/de\/3-puzzles-mit-rotkappchen-pinocchio-und-schneewittchen-6-9-und-16-teile\/p\/"]}]},{"@type":"BreadcrumbList","@id":"https:\/\/business.roovi.com\/de\/3-puzzles-mit-rotkappchen-pinocchio-und-schneewittchen-6-9-und-16-teile\/p\/#breadcrumb","itemListElement":[{"@type":"ListItem","position":1,"name":"Home","item":"https:\/\/business.roovi.com\/de\/"},{"@type":"ListItem","position":2,"name":"Shop","item":"https:\/\/business.roovi.com\/de\/shop\/"},{"@type":"ListItem","position":3,"name":"3 Puzzles mit Rotk\u00e4ppchen, Pinocchio und Schneewittchen &#8211; 6, 9 und 16 Teile"}]},{"@type":"WebSite","@id":"https:\/\/business.roovi.com\/de\/#website","url":"https:\/\/business.roovi.com\/de\/","name":"Roovi B2B","description":"Roovi Business Website","potentialAction":[{"@type":"SearchAction","target":{"@type":"EntryPoint","urlTemplate":"https:\/\/business.roovi.com\/de\/?s={search_term_string}"},"query-input":"required name=search_term_string"}],"inLanguage":"de"}]}},"_links":{"self":[{"href":"https:\/\/business.roovi.com\/de\/wp-json\/wp\/v2\/product\/42222","targetHints":{"allow":["GET"]}}],"collection":[{"href":"https:\/\/business.roovi.com\/de\/wp-json\/wp\/v2\/product"}],"about":[{"href":"https:\/\/business.roovi.com\/de\/wp-json\/wp\/v2\/types\/product"}],"version-history":[{"count":0,"href":"https:\/\/business.roovi.com\/de\/wp-json\/wp\/v2\/product\/42222\/revisions"}],"wp:featuredmedia":[{"embeddable":true,"href":"https:\/\/business.roovi.com\/de\/wp-json\/wp\/v2\/media\/35834"}],"wp:attachment":[{"href":"https:\/\/business.roovi.com\/de\/wp-json\/wp\/v2\/media?parent=42222"}],"wp:term":[{"taxonomy":"product_brand","embeddable":true,"href":"https:\/\/business.roovi.com\/de\/wp-json\/wp\/v2\/product_brand?post=42222"},{"taxonomy":"product_cat","embeddable":true,"href":"https:\/\/business.roovi.com\/de\/wp-json\/wp\/v2\/product_cat?post=42222"},{"taxonomy":"product_tag","embeddable":true,"href":"https:\/\/business.roovi.com\/de\/wp-json\/wp\/v2\/product_tag?post=42222"}],"curies":[{"name":"wp","href":"https:\/\/api.w.org\/{rel}","templated":true}]}}