{"id":42238,"date":"2018-04-16T10:56:17","date_gmt":"2018-04-16T10:56:17","guid":{"rendered":"https:\/\/business.roovi.com\/puzzle-copii-collection-basme\/p\/"},"modified":"2022-07-06T19:09:23","modified_gmt":"2022-07-06T19:09:23","slug":"sammlung-von-4-kinderpuzzles-marchen","status":"publish","type":"product","link":"https:\/\/business.roovi.com\/de\/sammlung-von-4-kinderpuzzles-marchen\/p\/","title":{"rendered":"Sammlung von 4 Kinderpuzzles &#8211; M\u00e4rchen"},"content":{"rendered":"<p><span style=\"font-weight: 400\">Was wollen Kinder, wenn du ihnen Geschichten erz\u00e4hlst? Sie werden selbst zu Figuren, erleben das Abenteuer und schreiben die Geschichte neu, oder? Ein anderes Mal wollen sie vielleicht selbst die Geschichtenerz\u00e4hler sein oder M\u00e4rchen in ein magisches Buch schreiben, das zum Leben erwacht.<\/span><\/p>\n<p><span style=\"font-weight: 400\">In jedem Fall solltest du ihre Fantasie anregen und ihnen helfen, die Geschichten so umzuschreiben, wie sie es m\u00f6chten. Lass sie die Geschichtenerz\u00e4hler sein und schreibe die Geschichte St\u00fcck f\u00fcr St\u00fcck mit einem Sammelpuzzle neu <\/span><\/p>\n<p><span style=\"font-weight: 400\">W\u00e4hle eine Sammlung von 4 lebendigen Puzzles mit Szenen aus klassischen Geschichten, die Kinder entdecken werden, wenn sie dem Ende n\u00e4her kommen und es schaffen, das Bild zusammenzusetzen <\/span><\/p>\n<p><span style=\"font-weight: 400\">Bereite sie darauf vor, mit H\u00e4nsel und Gretel auf ein Abenteuer zu gehen, mit Rotk\u00e4ppchen zu Gro\u00dfmutters Haus aufzubrechen oder mit Schneewittchen und den 7 Zwergen den Wert von Freundschaft zu verstehen. Und f\u00fcr freche kleine Kinder sollte die Geschichte der drei kleinen Schweinchen eine Quelle der Belustigung sein.  <\/span><\/p>\n<h2><span style=\"font-weight: 400\">Warum ein Kinderpuzzle der M\u00e4rchensammlung w\u00e4hlen?<\/span><\/h2>\n<ul>\n<li><span style=\"font-weight: 400\">Hilft Kindern, ihre Kreativit\u00e4t zu entwickeln.<\/span><\/li>\n<li><span style=\"font-weight: 400\">Auf diese Weise k\u00f6nnen sie sich spielerisch an Szenen aus klassischen M\u00e4rchen erinnern oder sich mit ihnen vertraut machen.<\/span><\/li>\n<li><span style=\"font-weight: 400\">Das Puzzle-Spiel ist ein guter Ged\u00e4chtnistrainer.<\/span><\/li>\n<li><span style=\"font-weight: 400\">Es hilft, F\u00e4higkeiten zu entwickeln.<\/span><\/li>\n<li><span style=\"font-weight: 400\">Es stimuliert und unterst\u00fctzt die Konzentration und Aufmerksamkeit.<\/span><\/li>\n<li><span style=\"font-weight: 400\">Es ist entspannend und schaltet ab.<\/span><\/li>\n<li><span style=\"font-weight: 400\">Es trainiert die motorische Koordination und Geschicklichkeit.<\/span><\/li>\n<li><span style=\"font-weight: 400\">Entwickelt die sensorische Koordination.<\/span><\/li>\n<li><span style=\"font-weight: 400\">Es ist ein gutes Spiel f\u00fcr l\u00e4ngere Fahrten, wenn er etwas braucht, um sich zu besch\u00e4ftigen, damit ihm nicht langweilig wird.<\/span><\/li>\n<\/ul>\n<h2><span style=\"font-weight: 400\">Entdecke eine faszinierende Sammlung von 4 Kinderpuzzles mit fr\u00f6hlichen Bildern <\/span><\/h2>\n<p><span style=\"font-weight: 400\">Jedes Puzzle besteht aus dicker, hochwertiger Pappe, sodass es viele Male verwendet werden kann, ohne dass die Teile brechen oder ihre Form verlieren <\/span><\/p>\n<p><span style=\"font-weight: 400\">Die farbenfrohen Bilder zeigen beliebte Figuren aus klassischen Kinderm\u00e4rchen. Die sorgf\u00e4ltig gestalteten Grafiken zeigen niedliche und fr\u00f6hliche Charaktere, die f\u00fcr die Kleinsten geeignet sind.<\/span><\/p>\n<p><span style=\"font-weight: 400\">Die M\u00e4rchensammlung enth\u00e4lt 4 Kinderpuzzles, die Szenen aus ber\u00fchmten M\u00e4rchen darstellen, mit unterschiedlichen Schwierigkeitsgraden von 24 Teilen, 35 Teilen, 48 Teilen und 60 Teilen.<\/span><\/p>\n<p><span style=\"font-weight: 400\">Die Spielsteine haben eine kindgerechte Gr\u00f6\u00dfe und Form, sodass Kinder sie leicht aufheben und platzieren k\u00f6nnen.<\/span><\/p>\n<p><span style=\"font-weight: 400\">Kinder lieben es, Dinge zu bauen und werden es sicher lieben, geliebte Geschichten St\u00fcck f\u00fcr St\u00fcck nachzubauen!<\/span><\/p>\n<p><span style=\"font-weight: 400\">Wenn du auf der Suche nach einem Spiel bist, das kreativ, aktiv, spannend und lustig zugleich ist, w\u00e4hle ein Puzzle aus der Kindersammlung mit Bildern aus M\u00e4rchen.  <\/span><\/p><\/p>\n","protected":false},"excerpt":{"rendered":"<p>Was wollen Kinder, wenn du ihnen Geschichten erz\u00e4hlst? Sie werden selbst zu Figuren, erleben das Abenteuer und schreiben die Geschichte<\/p>\n","protected":false},"featured_media":35850,"template":"","meta":[],"product_brand":[],"product_cat":[1875,1876,1979,1963],"product_tag":[],"class_list":{"0":"post-42238","1":"product","2":"type-product","3":"status-publish","4":"has-post-thumbnail","6":"product_cat-puzzle-de","7":"product_cat-kinder-puzzle","8":"product_cat-puzzle-mit-weniger-als-50-teilen","9":"product_cat-50-100-teile-puzzle","10":"pa_bax-8-de","11":"pa_brand-deico-de","12":"pa_country_of_manufacture-ro-de","13":"pa_filter_age-3_5-de","14":"pa_filter_age-5_7-de","15":"pa_filter_age-7_9-de","16":"pa_tip_ambalaj-kasten-a4-de","17":"pa_tip_puzzle-puzzle-sets-de","19":"first","20":"instock","21":"taxable","22":"shipping-taxable","23":"product-type-simple"},"yoast_head":"<!-- This site is optimized with the Yoast SEO plugin v20.1 - https:\/\/yoast.com\/wordpress\/plugins\/seo\/ -->\n<title>Sammlung von 4 Kinderpuzzles - M\u00e4rchen<\/title>\n<meta name=\"description\" content=\"Sammlung von 4 Kinderpuzzles - M\u00e4rchen\" \/>\n<meta name=\"robots\" content=\"index, follow, max-snippet:-1, max-image-preview:large, max-video-preview:-1\" \/>\n<link rel=\"canonical\" href=\"https:\/\/business.roovi.com\/de\/sammlung-von-4-kinderpuzzles-marchen\/p\/\" \/>\n<meta property=\"og:locale\" content=\"de_DE\" \/>\n<meta property=\"og:type\" content=\"article\" \/>\n<meta property=\"og:title\" content=\"Sammlung von 4 Kinderpuzzles - M\u00e4rchen\" \/>\n<meta property=\"og:description\" content=\"Sammlung von 4 Kinderpuzzles - M\u00e4rchen\" \/>\n<meta property=\"og:url\" content=\"https:\/\/business.roovi.com\/de\/sammlung-von-4-kinderpuzzles-marchen\/p\/\" \/>\n<meta property=\"og:site_name\" content=\"Roovi B2B\" \/>\n<meta property=\"article:publisher\" content=\"https:\/\/www.facebook.com\/wwwjucariero\" \/>\n<meta property=\"article:modified_time\" content=\"2022-07-06T19:09:23+00:00\" \/>\n<meta property=\"og:image\" content=\"https:\/\/business.roovi.com\/wp-content\/uploads\/2018\/04\/65223_01.jpg\" \/>\n\t<meta property=\"og:image:width\" content=\"1200\" \/>\n\t<meta property=\"og:image:height\" content=\"1200\" \/>\n\t<meta property=\"og:image:type\" content=\"image\/jpeg\" \/>\n<meta name=\"twitter:label1\" content=\"Gesch\u00e4tzte Lesezeit\" \/>\n\t<meta name=\"twitter:data1\" content=\"2\u00a0Minuten\" \/>\n<script type=\"application\/ld+json\" class=\"yoast-schema-graph\">{\"@context\":\"https:\/\/schema.org\",\"@graph\":[{\"@type\":\"WebPage\",\"@id\":\"https:\/\/business.roovi.com\/de\/sammlung-von-4-kinderpuzzles-marchen\/p\/\",\"url\":\"https:\/\/business.roovi.com\/de\/sammlung-von-4-kinderpuzzles-marchen\/p\/\",\"name\":\"Sammlung von 4 Kinderpuzzles - M\u00e4rchen\",\"isPartOf\":{\"@id\":\"https:\/\/business.roovi.com\/de\/#website\"},\"datePublished\":\"2018-04-16T10:56:17+00:00\",\"dateModified\":\"2022-07-06T19:09:23+00:00\",\"description\":\"Sammlung von 4 Kinderpuzzles - M\u00e4rchen\",\"breadcrumb\":{\"@id\":\"https:\/\/business.roovi.com\/de\/sammlung-von-4-kinderpuzzles-marchen\/p\/#breadcrumb\"},\"inLanguage\":\"de\",\"potentialAction\":[{\"@type\":\"ReadAction\",\"target\":[\"https:\/\/business.roovi.com\/de\/sammlung-von-4-kinderpuzzles-marchen\/p\/\"]}]},{\"@type\":\"BreadcrumbList\",\"@id\":\"https:\/\/business.roovi.com\/de\/sammlung-von-4-kinderpuzzles-marchen\/p\/#breadcrumb\",\"itemListElement\":[{\"@type\":\"ListItem\",\"position\":1,\"name\":\"Home\",\"item\":\"https:\/\/business.roovi.com\/de\/\"},{\"@type\":\"ListItem\",\"position\":2,\"name\":\"Shop\",\"item\":\"https:\/\/business.roovi.com\/de\/shop\/\"},{\"@type\":\"ListItem\",\"position\":3,\"name\":\"Sammlung von 4 Kinderpuzzles &#8211; M\u00e4rchen\"}]},{\"@type\":\"WebSite\",\"@id\":\"https:\/\/business.roovi.com\/de\/#website\",\"url\":\"https:\/\/business.roovi.com\/de\/\",\"name\":\"Roovi B2B\",\"description\":\"Roovi Business Website\",\"potentialAction\":[{\"@type\":\"SearchAction\",\"target\":{\"@type\":\"EntryPoint\",\"urlTemplate\":\"https:\/\/business.roovi.com\/de\/?s={search_term_string}\"},\"query-input\":\"required name=search_term_string\"}],\"inLanguage\":\"de\"}]}<\/script>\n<!-- \/ Yoast SEO plugin. -->","yoast_head_json":{"title":"Sammlung von 4 Kinderpuzzles - M\u00e4rchen","description":"Sammlung von 4 Kinderpuzzles - M\u00e4rchen","robots":{"index":"index","follow":"follow","max-snippet":"max-snippet:-1","max-image-preview":"max-image-preview:large","max-video-preview":"max-video-preview:-1"},"canonical":"https:\/\/business.roovi.com\/de\/sammlung-von-4-kinderpuzzles-marchen\/p\/","og_locale":"de_DE","og_type":"article","og_title":"Sammlung von 4 Kinderpuzzles - M\u00e4rchen","og_description":"Sammlung von 4 Kinderpuzzles - M\u00e4rchen","og_url":"https:\/\/business.roovi.com\/de\/sammlung-von-4-kinderpuzzles-marchen\/p\/","og_site_name":"Roovi B2B","article_publisher":"https:\/\/www.facebook.com\/wwwjucariero","article_modified_time":"2022-07-06T19:09:23+00:00","og_image":[{"width":1200,"height":1200,"url":"https:\/\/business.roovi.com\/wp-content\/uploads\/2018\/04\/65223_01.jpg","type":"image\/jpeg"}],"twitter_misc":{"Gesch\u00e4tzte Lesezeit":"2\u00a0Minuten"},"schema":{"@context":"https:\/\/schema.org","@graph":[{"@type":"WebPage","@id":"https:\/\/business.roovi.com\/de\/sammlung-von-4-kinderpuzzles-marchen\/p\/","url":"https:\/\/business.roovi.com\/de\/sammlung-von-4-kinderpuzzles-marchen\/p\/","name":"Sammlung von 4 Kinderpuzzles - M\u00e4rchen","isPartOf":{"@id":"https:\/\/business.roovi.com\/de\/#website"},"datePublished":"2018-04-16T10:56:17+00:00","dateModified":"2022-07-06T19:09:23+00:00","description":"Sammlung von 4 Kinderpuzzles - M\u00e4rchen","breadcrumb":{"@id":"https:\/\/business.roovi.com\/de\/sammlung-von-4-kinderpuzzles-marchen\/p\/#breadcrumb"},"inLanguage":"de","potentialAction":[{"@type":"ReadAction","target":["https:\/\/business.roovi.com\/de\/sammlung-von-4-kinderpuzzles-marchen\/p\/"]}]},{"@type":"BreadcrumbList","@id":"https:\/\/business.roovi.com\/de\/sammlung-von-4-kinderpuzzles-marchen\/p\/#breadcrumb","itemListElement":[{"@type":"ListItem","position":1,"name":"Home","item":"https:\/\/business.roovi.com\/de\/"},{"@type":"ListItem","position":2,"name":"Shop","item":"https:\/\/business.roovi.com\/de\/shop\/"},{"@type":"ListItem","position":3,"name":"Sammlung von 4 Kinderpuzzles &#8211; M\u00e4rchen"}]},{"@type":"WebSite","@id":"https:\/\/business.roovi.com\/de\/#website","url":"https:\/\/business.roovi.com\/de\/","name":"Roovi B2B","description":"Roovi Business Website","potentialAction":[{"@type":"SearchAction","target":{"@type":"EntryPoint","urlTemplate":"https:\/\/business.roovi.com\/de\/?s={search_term_string}"},"query-input":"required name=search_term_string"}],"inLanguage":"de"}]}},"_links":{"self":[{"href":"https:\/\/business.roovi.com\/de\/wp-json\/wp\/v2\/product\/42238","targetHints":{"allow":["GET"]}}],"collection":[{"href":"https:\/\/business.roovi.com\/de\/wp-json\/wp\/v2\/product"}],"about":[{"href":"https:\/\/business.roovi.com\/de\/wp-json\/wp\/v2\/types\/product"}],"version-history":[{"count":0,"href":"https:\/\/business.roovi.com\/de\/wp-json\/wp\/v2\/product\/42238\/revisions"}],"wp:featuredmedia":[{"embeddable":true,"href":"https:\/\/business.roovi.com\/de\/wp-json\/wp\/v2\/media\/35850"}],"wp:attachment":[{"href":"https:\/\/business.roovi.com\/de\/wp-json\/wp\/v2\/media?parent=42238"}],"wp:term":[{"taxonomy":"product_brand","embeddable":true,"href":"https:\/\/business.roovi.com\/de\/wp-json\/wp\/v2\/product_brand?post=42238"},{"taxonomy":"product_cat","embeddable":true,"href":"https:\/\/business.roovi.com\/de\/wp-json\/wp\/v2\/product_cat?post=42238"},{"taxonomy":"product_tag","embeddable":true,"href":"https:\/\/business.roovi.com\/de\/wp-json\/wp\/v2\/product_tag?post=42238"}],"curies":[{"name":"wp","href":"https:\/\/api.w.org\/{rel}","templated":true}]}}