{"id":42334,"date":"2018-04-16T10:56:17","date_gmt":"2018-04-16T10:56:17","guid":{"rendered":"https:\/\/business.roovi.com\/puzzle-basme-240-piese-1\/p\/"},"modified":"2022-07-06T19:19:25","modified_gmt":"2022-07-06T19:19:25","slug":"puzzle-240-teile-der-gestiefelte-kater-im-schloss","status":"publish","type":"product","link":"https:\/\/business.roovi.com\/de\/puzzle-240-teile-der-gestiefelte-kater-im-schloss\/p\/","title":{"rendered":"Puzzle 240 Teile &#8211; Der gestiefelte Kater im Schloss"},"content":{"rendered":"<p>Wenn du klassische M\u00e4rchen, Figuren mit \u00fcbernat\u00fcrlichen Kr\u00e4ften und magische Geschehnisse liebst, wirst du dich freuen, dieses gro\u00dfartige Puzzle mit 240 Teilen zusammenzusetzen, das eine fabelhafte Szene aus dem M\u00e4rchen Der gestiefelte Kater nachstellt. Entdecke die wundersch\u00f6nen Bilder in der 240 Fairy Tales\/Animals Puzzle Kollektion mit beliebten Figuren und niedlichen Tieren!<\/p>\n","protected":false},"excerpt":{"rendered":"<p>Wenn du klassische M\u00e4rchen, Figuren mit \u00fcbernat\u00fcrlichen Kr\u00e4ften und magische Geschehnisse liebst, wirst du dich freuen, dieses gro\u00dfartige Puzzle mit<\/p>\n","protected":false},"featured_media":35912,"template":"","meta":[],"product_brand":[],"product_cat":[1876,1877,1875],"product_tag":[],"class_list":{"0":"post-42334","1":"product","2":"type-product","3":"status-publish","4":"has-post-thumbnail","6":"product_cat-kinder-puzzle","7":"product_cat-mehr-als-100-puzzlestucke","8":"product_cat-puzzle-de","9":"pa_bax-8-de","10":"pa_brand-deico-de","11":"pa_country_of_manufacture-ro-de","12":"pa_filter_age-7_9-de","13":"pa_filter_age-9_14-de","14":"pa_tip_ambalaj-kasten-a4-de","15":"pa_tip_puzzle-klassisch","17":"first","18":"instock","19":"taxable","20":"shipping-taxable","21":"product-type-simple"},"yoast_head":"<!-- This site is optimized with the Yoast SEO plugin v20.1 - https:\/\/yoast.com\/wordpress\/plugins\/seo\/ -->\n<title>Puzzle 240 Teile - Der gestiefelte Kater im Schloss<\/title>\n<meta name=\"description\" content=\"Puzzle 240 Teile - Der gestiefelte Kater im Schloss\" \/>\n<meta name=\"robots\" content=\"index, follow, max-snippet:-1, max-image-preview:large, max-video-preview:-1\" \/>\n<link rel=\"canonical\" href=\"https:\/\/business.roovi.com\/de\/puzzle-240-teile-der-gestiefelte-kater-im-schloss\/p\/\" \/>\n<meta property=\"og:locale\" content=\"de_DE\" \/>\n<meta property=\"og:type\" content=\"article\" \/>\n<meta property=\"og:title\" content=\"Puzzle 240 Teile - Der gestiefelte Kater im Schloss\" \/>\n<meta property=\"og:description\" content=\"Puzzle 240 Teile - Der gestiefelte Kater im Schloss\" \/>\n<meta property=\"og:url\" content=\"https:\/\/business.roovi.com\/de\/puzzle-240-teile-der-gestiefelte-kater-im-schloss\/p\/\" \/>\n<meta property=\"og:site_name\" content=\"Roovi B2B\" \/>\n<meta property=\"article:publisher\" content=\"https:\/\/www.facebook.com\/wwwjucariero\" \/>\n<meta property=\"article:modified_time\" content=\"2022-07-06T19:19:25+00:00\" \/>\n<meta property=\"og:image\" content=\"https:\/\/business.roovi.com\/wp-content\/uploads\/2018\/04\/61393_01.jpg\" \/>\n\t<meta property=\"og:image:width\" content=\"1200\" \/>\n\t<meta property=\"og:image:height\" content=\"1200\" \/>\n\t<meta property=\"og:image:type\" content=\"image\/jpeg\" \/>\n<script type=\"application\/ld+json\" class=\"yoast-schema-graph\">{\"@context\":\"https:\/\/schema.org\",\"@graph\":[{\"@type\":\"WebPage\",\"@id\":\"https:\/\/business.roovi.com\/de\/puzzle-240-teile-der-gestiefelte-kater-im-schloss\/p\/\",\"url\":\"https:\/\/business.roovi.com\/de\/puzzle-240-teile-der-gestiefelte-kater-im-schloss\/p\/\",\"name\":\"Puzzle 240 Teile - Der gestiefelte Kater im Schloss\",\"isPartOf\":{\"@id\":\"https:\/\/business.roovi.com\/de\/#website\"},\"datePublished\":\"2018-04-16T10:56:17+00:00\",\"dateModified\":\"2022-07-06T19:19:25+00:00\",\"description\":\"Puzzle 240 Teile - Der gestiefelte Kater im Schloss\",\"breadcrumb\":{\"@id\":\"https:\/\/business.roovi.com\/de\/puzzle-240-teile-der-gestiefelte-kater-im-schloss\/p\/#breadcrumb\"},\"inLanguage\":\"de\",\"potentialAction\":[{\"@type\":\"ReadAction\",\"target\":[\"https:\/\/business.roovi.com\/de\/puzzle-240-teile-der-gestiefelte-kater-im-schloss\/p\/\"]}]},{\"@type\":\"BreadcrumbList\",\"@id\":\"https:\/\/business.roovi.com\/de\/puzzle-240-teile-der-gestiefelte-kater-im-schloss\/p\/#breadcrumb\",\"itemListElement\":[{\"@type\":\"ListItem\",\"position\":1,\"name\":\"Home\",\"item\":\"https:\/\/business.roovi.com\/de\/\"},{\"@type\":\"ListItem\",\"position\":2,\"name\":\"Shop\",\"item\":\"https:\/\/business.roovi.com\/de\/shop\/\"},{\"@type\":\"ListItem\",\"position\":3,\"name\":\"Puzzle 240 Teile &#8211; Der gestiefelte Kater im Schloss\"}]},{\"@type\":\"WebSite\",\"@id\":\"https:\/\/business.roovi.com\/de\/#website\",\"url\":\"https:\/\/business.roovi.com\/de\/\",\"name\":\"Roovi B2B\",\"description\":\"Roovi Business Website\",\"potentialAction\":[{\"@type\":\"SearchAction\",\"target\":{\"@type\":\"EntryPoint\",\"urlTemplate\":\"https:\/\/business.roovi.com\/de\/?s={search_term_string}\"},\"query-input\":\"required name=search_term_string\"}],\"inLanguage\":\"de\"}]}<\/script>\n<!-- \/ Yoast SEO plugin. -->","yoast_head_json":{"title":"Puzzle 240 Teile - Der gestiefelte Kater im Schloss","description":"Puzzle 240 Teile - Der gestiefelte Kater im Schloss","robots":{"index":"index","follow":"follow","max-snippet":"max-snippet:-1","max-image-preview":"max-image-preview:large","max-video-preview":"max-video-preview:-1"},"canonical":"https:\/\/business.roovi.com\/de\/puzzle-240-teile-der-gestiefelte-kater-im-schloss\/p\/","og_locale":"de_DE","og_type":"article","og_title":"Puzzle 240 Teile - Der gestiefelte Kater im Schloss","og_description":"Puzzle 240 Teile - Der gestiefelte Kater im Schloss","og_url":"https:\/\/business.roovi.com\/de\/puzzle-240-teile-der-gestiefelte-kater-im-schloss\/p\/","og_site_name":"Roovi B2B","article_publisher":"https:\/\/www.facebook.com\/wwwjucariero","article_modified_time":"2022-07-06T19:19:25+00:00","og_image":[{"width":1200,"height":1200,"url":"https:\/\/business.roovi.com\/wp-content\/uploads\/2018\/04\/61393_01.jpg","type":"image\/jpeg"}],"schema":{"@context":"https:\/\/schema.org","@graph":[{"@type":"WebPage","@id":"https:\/\/business.roovi.com\/de\/puzzle-240-teile-der-gestiefelte-kater-im-schloss\/p\/","url":"https:\/\/business.roovi.com\/de\/puzzle-240-teile-der-gestiefelte-kater-im-schloss\/p\/","name":"Puzzle 240 Teile - Der gestiefelte Kater im Schloss","isPartOf":{"@id":"https:\/\/business.roovi.com\/de\/#website"},"datePublished":"2018-04-16T10:56:17+00:00","dateModified":"2022-07-06T19:19:25+00:00","description":"Puzzle 240 Teile - Der gestiefelte Kater im Schloss","breadcrumb":{"@id":"https:\/\/business.roovi.com\/de\/puzzle-240-teile-der-gestiefelte-kater-im-schloss\/p\/#breadcrumb"},"inLanguage":"de","potentialAction":[{"@type":"ReadAction","target":["https:\/\/business.roovi.com\/de\/puzzle-240-teile-der-gestiefelte-kater-im-schloss\/p\/"]}]},{"@type":"BreadcrumbList","@id":"https:\/\/business.roovi.com\/de\/puzzle-240-teile-der-gestiefelte-kater-im-schloss\/p\/#breadcrumb","itemListElement":[{"@type":"ListItem","position":1,"name":"Home","item":"https:\/\/business.roovi.com\/de\/"},{"@type":"ListItem","position":2,"name":"Shop","item":"https:\/\/business.roovi.com\/de\/shop\/"},{"@type":"ListItem","position":3,"name":"Puzzle 240 Teile &#8211; Der gestiefelte Kater im Schloss"}]},{"@type":"WebSite","@id":"https:\/\/business.roovi.com\/de\/#website","url":"https:\/\/business.roovi.com\/de\/","name":"Roovi B2B","description":"Roovi Business Website","potentialAction":[{"@type":"SearchAction","target":{"@type":"EntryPoint","urlTemplate":"https:\/\/business.roovi.com\/de\/?s={search_term_string}"},"query-input":"required name=search_term_string"}],"inLanguage":"de"}]}},"_links":{"self":[{"href":"https:\/\/business.roovi.com\/de\/wp-json\/wp\/v2\/product\/42334","targetHints":{"allow":["GET"]}}],"collection":[{"href":"https:\/\/business.roovi.com\/de\/wp-json\/wp\/v2\/product"}],"about":[{"href":"https:\/\/business.roovi.com\/de\/wp-json\/wp\/v2\/types\/product"}],"version-history":[{"count":0,"href":"https:\/\/business.roovi.com\/de\/wp-json\/wp\/v2\/product\/42334\/revisions"}],"wp:featuredmedia":[{"embeddable":true,"href":"https:\/\/business.roovi.com\/de\/wp-json\/wp\/v2\/media\/35912"}],"wp:attachment":[{"href":"https:\/\/business.roovi.com\/de\/wp-json\/wp\/v2\/media?parent=42334"}],"wp:term":[{"taxonomy":"product_brand","embeddable":true,"href":"https:\/\/business.roovi.com\/de\/wp-json\/wp\/v2\/product_brand?post=42334"},{"taxonomy":"product_cat","embeddable":true,"href":"https:\/\/business.roovi.com\/de\/wp-json\/wp\/v2\/product_cat?post=42334"},{"taxonomy":"product_tag","embeddable":true,"href":"https:\/\/business.roovi.com\/de\/wp-json\/wp\/v2\/product_tag?post=42334"}],"curies":[{"name":"wp","href":"https:\/\/api.w.org\/{rel}","templated":true}]}}