{"id":42418,"date":"2018-04-16T10:56:17","date_gmt":"2018-04-16T10:56:17","guid":{"rendered":"https:\/\/business.roovi.com\/puzzle-adulti-1000-piese-francois-boucher-river-landscape-with-an-antique-temple\/p\/"},"modified":"2022-07-06T19:29:13","modified_gmt":"2022-07-06T19:29:13","slug":"1000-teile-puzzle-fur-erwachsene-francois-boucher-flusslandschaft-mit-antikem-tempel","status":"publish","type":"product","link":"https:\/\/business.roovi.com\/de\/1000-teile-puzzle-fur-erwachsene-francois-boucher-flusslandschaft-mit-antikem-tempel\/p\/","title":{"rendered":"1000 Teile Puzzle f\u00fcr Erwachsene Fran\u00e7ois Boucher &#8211; Flusslandschaft mit antikem Tempel"},"content":{"rendered":"<p><span style=\"font-weight: 400\">Bist du auf der Suche nach einer entspannenden Aktivit\u00e4t, die dich aus dem t\u00e4glichen Einerlei herausholt? Entdecke die Kunstpuzzle-Kollektion, w\u00e4hle dein 1000-teiliges Puzzle mit Bildern der ber\u00fchmtesten Gem\u00e4lde der Welt und mach dich an die Arbeit! Du wirst dich wie ein echter K\u00fcnstler f\u00fchlen, und die fertigen Werke werden dich gleicherma\u00dfen verbl\u00fcffen und erfreuen!<\/span><\/p>\n<p><span style=\"font-weight: 400\">Die Sammlung von Kunstpuzzles umfasst auch das 1000 Teile Puzzle <\/span><span style=\"font-weight: 400\">Fran\u00e7ois Boucher &#8211; Flusslandschaft mit antikem Tempel, ein R\u00e4tsel f\u00fcr Erwachsene, das das gleichnamige Gem\u00e4lde detailgetreu wiedergibt. Das Kunstwerk zeigt den unverwechselbaren Stil des Malers und fasziniert durch die Komplexit\u00e4t und Harmonie der Farben. Lass dich in die Welt der Kunst entf\u00fchren, indem du dieses wunderbare 1000-Teile-Puzzle fertigstellst. Um in k\u00fcnstlerische Stimmung zu kommen, brauchst du nur einen Couchtisch, auf dem du das Kunstwerk akribisch bearbeitest. Das entstandene Gem\u00e4lde hat eine Gr\u00f6\u00dfe von 50 x 70 cm.<\/span><\/p>\n<p><span style=\"font-weight: 400\">Lies weiter unten <\/span><strong>eigenschaften<\/strong><span style=\"font-weight: 400\"> des 1000-teiligen Puzzles Fran\u00e7ois Boucher &#8211; Flusslandschaft mit antikem Tempel<\/span><\/p>\n<p><strong>Puzzle-Material <\/strong><\/p>\n<p><strong>hochwertiger blauer Karton<\/strong><\/p>\n<p><strong>nachhaltige, recycelbare Materialien<\/strong><\/p>\n<p><strong>halbgl\u00e4nzende Oberfl\u00e4che, leuchtende Farben<\/strong><\/p>\n<p><strong>Anzahl der Puzzleteile: 1000<\/strong><\/p>\n<p><strong>Empfohlenes Alter: 14+<\/strong><\/p>\n<p><strong>Entdecke die sch\u00f6nsten Gem\u00e4lde aller Zeiten durch das 1000-Teile-Puzzle!<\/strong><\/p>\n<p><span style=\"font-weight: 400\">Egal, ob du von der faszinierenden Welt der Malerei angezogen bist, eine Leidenschaft f\u00fcr 1000-teilige Puzzles hast oder einfach nur neugierig auf neue Herausforderungen bist, die 1000-teiligen Puzzles der Art Puzzle Collection er\u00f6ffnen dir eine wundersch\u00f6ne Welt, die es zu erkunden lohnt <\/span><\/p>\n<p><strong>Weitere Vorteile, die dir Kunstr\u00e4tsel bieten:<\/strong><\/p>\n<p><span style=\"font-weight: 400\">Hilft dir, aus der t\u00e4glichen Monotonie auszubrechen<\/span><\/p>\n<p><span style=\"font-weight: 400\">Entspannt dich<\/span><\/p>\n<p><span style=\"font-weight: 400\">Entlastet dich vom Stress<\/span><\/p>\n<p><span style=\"font-weight: 400\">Es trainiert deine Vorstellungskraft<\/span><\/p>\n<p><span style=\"font-weight: 400\">Verbessere deine Stimmung.<\/span><\/p>\n<p><strong>Wer war Fran\u00e7ois Boucher?<\/strong><\/p>\n<p><span style=\"font-weight: 400\">Fran\u00e7ois Boucher war der bedeutendste Vertreter des Rokoko-Stils in Frankreich. Er arbeitete f\u00fcr K\u00f6nig Ludwig XV. und seine M\u00e4tresse Madame Pompadour und genoss zu Lebzeiten auch wegen dieses Privilegs Ber\u00fchmtheit <\/span><\/p>\n<p><span style=\"font-weight: 400\">Fran\u00e7ois Boucher hatte zu seinen Lebzeiten unz\u00e4hlige Auftr\u00e4ge f\u00fcr Versailles und andere k\u00f6nigliche Residenzen in Frankreich und ganz Europa.<\/span><\/p>\n<p><span style=\"font-weight: 400\">In seinen immens erfolgreichen mythologischen Gem\u00e4lden trat die allegorische Aussage meist hinter die sinnliche und erotische Wirkung des nackten weiblichen K\u00f6rpers zur\u00fcck.<\/span><\/p>\n<p><span style=\"font-weight: 400\">Er lieferte Modelle f\u00fcr viele dekorative K\u00fcnste wie Porzellan und Wandteppiche.<\/span><\/p>\n<p><span style=\"font-weight: 400\">Am Ende seines Lebens fiel sein Stil in Ungnade.<\/span><\/p>\n<p><span style=\"font-weight: 400\">Diderot kritisierte seine Arbeit scharf und schrieb 1761 \u00fcber den K\u00fcnstler, er sei ein Mann, &#8222;der zu allem f\u00e4hig ist, au\u00dfer zur Wahrheit&#8220; (&#8222;Cet homme a tout-except\u00e9 la v\u00e9rit\u00e9&#8220;).<\/span><\/p>\n<p><strong>Kunstr\u00e4tsel vervollst\u00e4ndigen und in einen Zustand tiefer Meditation eintreten<\/strong><\/p>\n<p><span style=\"font-weight: 400\">Die T\u00e4tigkeit des Zusammensetzens eines Puzzles f\u00fcr Erwachsene \u00e4hnelt dem meditativen Zustand: Der Geist befreit sich von Sorgen und Gedanken und konzentriert sich nur darauf, das Bild neu zu erschaffen. Wenn du die Arbeit abgeschlossen hast, hast du einen klaren Geist und einen Zustand der Freude und des Optimismus, \u00e4hnlich wie bei einer Meditationssitzung.<\/span><\/p>\n<p><span style=\"font-weight: 400\">1000 Teile Puzzle jetzt kaufen <\/span><span style=\"font-weight: 400\">st\u00fccke <\/span><span style=\"font-weight: 400\">Fran\u00e7ois Boucher &#8211; Flusslandschaft mit einem antiken Tempel<\/span><span style=\"font-weight: 400\"> und kreiere dein eigenes, besonderes Deko-Objekt! Rahme dein Kunstwerk ein und genie\u00dfe jeden Tag eine m\u00e4rchenhafte Landschaft. Dieses Puzzlespiel aus der Kunstpuzzle-Kollektion eignet sich f\u00fcr jeden Anlass, auch f\u00fcr Geburtstage, wenn du einen lieben Menschen angenehm \u00fcberraschen m\u00f6chtest <\/span><\/p>\n","protected":false},"excerpt":{"rendered":"<p>Bist du auf der Suche nach einer entspannenden Aktivit\u00e4t, die dich aus dem t\u00e4glichen Einerlei herausholt? Entdecke die Kunstpuzzle-Kollektion, w\u00e4hle<\/p>\n","protected":false},"featured_media":63296,"template":"","meta":[],"product_brand":[],"product_cat":[1916,1875,1915],"product_tag":[],"class_list":{"0":"post-42418","1":"product","2":"type-product","3":"status-publish","4":"has-post-thumbnail","6":"product_cat-1000-teile-puzzle","7":"product_cat-puzzle-de","8":"product_cat-puzzlespiele-fur-erwachsene","10":"first","11":"instock","12":"taxable","13":"shipping-taxable","14":"product-type-simple"},"yoast_head":"<!-- This site is optimized with the Yoast SEO plugin v20.1 - https:\/\/yoast.com\/wordpress\/plugins\/seo\/ -->\n<title>1000 Teile Puzzle f\u00fcr Erwachsene Fran\u00e7ois Boucher - Flusslandschaft mit antikem Tempel<\/title>\n<meta name=\"description\" content=\"1000 Teile Puzzle f\u00fcr Erwachsene Fran\u00e7ois Boucher - Flusslandschaft mit antikem Tempel\" \/>\n<meta name=\"robots\" content=\"index, follow, max-snippet:-1, max-image-preview:large, max-video-preview:-1\" \/>\n<link rel=\"canonical\" href=\"https:\/\/business.roovi.com\/de\/1000-teile-puzzle-fur-erwachsene-francois-boucher-flusslandschaft-mit-antikem-tempel\/p\/\" \/>\n<meta property=\"og:locale\" content=\"de_DE\" \/>\n<meta property=\"og:type\" content=\"article\" \/>\n<meta property=\"og:title\" content=\"1000 Teile Puzzle f\u00fcr Erwachsene Fran\u00e7ois Boucher - Flusslandschaft mit antikem Tempel\" \/>\n<meta property=\"og:description\" content=\"1000 Teile Puzzle f\u00fcr Erwachsene Fran\u00e7ois Boucher - Flusslandschaft mit antikem Tempel\" \/>\n<meta property=\"og:url\" content=\"https:\/\/business.roovi.com\/de\/1000-teile-puzzle-fur-erwachsene-francois-boucher-flusslandschaft-mit-antikem-tempel\/p\/\" \/>\n<meta property=\"og:site_name\" content=\"Roovi B2B\" \/>\n<meta property=\"article:publisher\" content=\"https:\/\/www.facebook.com\/wwwjucariero\" \/>\n<meta property=\"article:modified_time\" content=\"2022-07-06T19:29:13+00:00\" \/>\n<meta property=\"og:image\" content=\"https:\/\/business.roovi.com\/wp-content\/uploads\/2018\/04\/72696-BO-02-WEB.jpg\" \/>\n\t<meta property=\"og:image:width\" content=\"1200\" \/>\n\t<meta property=\"og:image:height\" content=\"1200\" \/>\n\t<meta property=\"og:image:type\" content=\"image\/jpeg\" \/>\n<meta name=\"twitter:label1\" content=\"Gesch\u00e4tzte Lesezeit\" \/>\n\t<meta name=\"twitter:data1\" content=\"3\u00a0Minuten\" \/>\n<script type=\"application\/ld+json\" class=\"yoast-schema-graph\">{\"@context\":\"https:\/\/schema.org\",\"@graph\":[{\"@type\":\"WebPage\",\"@id\":\"https:\/\/business.roovi.com\/de\/1000-teile-puzzle-fur-erwachsene-francois-boucher-flusslandschaft-mit-antikem-tempel\/p\/\",\"url\":\"https:\/\/business.roovi.com\/de\/1000-teile-puzzle-fur-erwachsene-francois-boucher-flusslandschaft-mit-antikem-tempel\/p\/\",\"name\":\"1000 Teile Puzzle f\u00fcr Erwachsene Fran\u00e7ois Boucher - Flusslandschaft mit antikem Tempel\",\"isPartOf\":{\"@id\":\"https:\/\/business.roovi.com\/de\/#website\"},\"datePublished\":\"2018-04-16T10:56:17+00:00\",\"dateModified\":\"2022-07-06T19:29:13+00:00\",\"description\":\"1000 Teile Puzzle f\u00fcr Erwachsene Fran\u00e7ois Boucher - Flusslandschaft mit antikem Tempel\",\"breadcrumb\":{\"@id\":\"https:\/\/business.roovi.com\/de\/1000-teile-puzzle-fur-erwachsene-francois-boucher-flusslandschaft-mit-antikem-tempel\/p\/#breadcrumb\"},\"inLanguage\":\"de\",\"potentialAction\":[{\"@type\":\"ReadAction\",\"target\":[\"https:\/\/business.roovi.com\/de\/1000-teile-puzzle-fur-erwachsene-francois-boucher-flusslandschaft-mit-antikem-tempel\/p\/\"]}]},{\"@type\":\"BreadcrumbList\",\"@id\":\"https:\/\/business.roovi.com\/de\/1000-teile-puzzle-fur-erwachsene-francois-boucher-flusslandschaft-mit-antikem-tempel\/p\/#breadcrumb\",\"itemListElement\":[{\"@type\":\"ListItem\",\"position\":1,\"name\":\"Home\",\"item\":\"https:\/\/business.roovi.com\/de\/\"},{\"@type\":\"ListItem\",\"position\":2,\"name\":\"Shop\",\"item\":\"https:\/\/business.roovi.com\/de\/shop\/\"},{\"@type\":\"ListItem\",\"position\":3,\"name\":\"1000 Teile Puzzle f\u00fcr Erwachsene Fran\u00e7ois Boucher &#8211; Flusslandschaft mit antikem Tempel\"}]},{\"@type\":\"WebSite\",\"@id\":\"https:\/\/business.roovi.com\/de\/#website\",\"url\":\"https:\/\/business.roovi.com\/de\/\",\"name\":\"Roovi B2B\",\"description\":\"Roovi Business Website\",\"potentialAction\":[{\"@type\":\"SearchAction\",\"target\":{\"@type\":\"EntryPoint\",\"urlTemplate\":\"https:\/\/business.roovi.com\/de\/?s={search_term_string}\"},\"query-input\":\"required name=search_term_string\"}],\"inLanguage\":\"de\"}]}<\/script>\n<!-- \/ Yoast SEO plugin. -->","yoast_head_json":{"title":"1000 Teile Puzzle f\u00fcr Erwachsene Fran\u00e7ois Boucher - Flusslandschaft mit antikem Tempel","description":"1000 Teile Puzzle f\u00fcr Erwachsene Fran\u00e7ois Boucher - Flusslandschaft mit antikem Tempel","robots":{"index":"index","follow":"follow","max-snippet":"max-snippet:-1","max-image-preview":"max-image-preview:large","max-video-preview":"max-video-preview:-1"},"canonical":"https:\/\/business.roovi.com\/de\/1000-teile-puzzle-fur-erwachsene-francois-boucher-flusslandschaft-mit-antikem-tempel\/p\/","og_locale":"de_DE","og_type":"article","og_title":"1000 Teile Puzzle f\u00fcr Erwachsene Fran\u00e7ois Boucher - Flusslandschaft mit antikem Tempel","og_description":"1000 Teile Puzzle f\u00fcr Erwachsene Fran\u00e7ois Boucher - Flusslandschaft mit antikem Tempel","og_url":"https:\/\/business.roovi.com\/de\/1000-teile-puzzle-fur-erwachsene-francois-boucher-flusslandschaft-mit-antikem-tempel\/p\/","og_site_name":"Roovi B2B","article_publisher":"https:\/\/www.facebook.com\/wwwjucariero","article_modified_time":"2022-07-06T19:29:13+00:00","og_image":[{"width":1200,"height":1200,"url":"https:\/\/business.roovi.com\/wp-content\/uploads\/2018\/04\/72696-BO-02-WEB.jpg","type":"image\/jpeg"}],"twitter_misc":{"Gesch\u00e4tzte Lesezeit":"3\u00a0Minuten"},"schema":{"@context":"https:\/\/schema.org","@graph":[{"@type":"WebPage","@id":"https:\/\/business.roovi.com\/de\/1000-teile-puzzle-fur-erwachsene-francois-boucher-flusslandschaft-mit-antikem-tempel\/p\/","url":"https:\/\/business.roovi.com\/de\/1000-teile-puzzle-fur-erwachsene-francois-boucher-flusslandschaft-mit-antikem-tempel\/p\/","name":"1000 Teile Puzzle f\u00fcr Erwachsene Fran\u00e7ois Boucher - Flusslandschaft mit antikem Tempel","isPartOf":{"@id":"https:\/\/business.roovi.com\/de\/#website"},"datePublished":"2018-04-16T10:56:17+00:00","dateModified":"2022-07-06T19:29:13+00:00","description":"1000 Teile Puzzle f\u00fcr Erwachsene Fran\u00e7ois Boucher - Flusslandschaft mit antikem Tempel","breadcrumb":{"@id":"https:\/\/business.roovi.com\/de\/1000-teile-puzzle-fur-erwachsene-francois-boucher-flusslandschaft-mit-antikem-tempel\/p\/#breadcrumb"},"inLanguage":"de","potentialAction":[{"@type":"ReadAction","target":["https:\/\/business.roovi.com\/de\/1000-teile-puzzle-fur-erwachsene-francois-boucher-flusslandschaft-mit-antikem-tempel\/p\/"]}]},{"@type":"BreadcrumbList","@id":"https:\/\/business.roovi.com\/de\/1000-teile-puzzle-fur-erwachsene-francois-boucher-flusslandschaft-mit-antikem-tempel\/p\/#breadcrumb","itemListElement":[{"@type":"ListItem","position":1,"name":"Home","item":"https:\/\/business.roovi.com\/de\/"},{"@type":"ListItem","position":2,"name":"Shop","item":"https:\/\/business.roovi.com\/de\/shop\/"},{"@type":"ListItem","position":3,"name":"1000 Teile Puzzle f\u00fcr Erwachsene Fran\u00e7ois Boucher &#8211; Flusslandschaft mit antikem Tempel"}]},{"@type":"WebSite","@id":"https:\/\/business.roovi.com\/de\/#website","url":"https:\/\/business.roovi.com\/de\/","name":"Roovi B2B","description":"Roovi Business Website","potentialAction":[{"@type":"SearchAction","target":{"@type":"EntryPoint","urlTemplate":"https:\/\/business.roovi.com\/de\/?s={search_term_string}"},"query-input":"required name=search_term_string"}],"inLanguage":"de"}]}},"_links":{"self":[{"href":"https:\/\/business.roovi.com\/de\/wp-json\/wp\/v2\/product\/42418","targetHints":{"allow":["GET"]}}],"collection":[{"href":"https:\/\/business.roovi.com\/de\/wp-json\/wp\/v2\/product"}],"about":[{"href":"https:\/\/business.roovi.com\/de\/wp-json\/wp\/v2\/types\/product"}],"version-history":[{"count":0,"href":"https:\/\/business.roovi.com\/de\/wp-json\/wp\/v2\/product\/42418\/revisions"}],"wp:featuredmedia":[{"embeddable":true,"href":"https:\/\/business.roovi.com\/de\/wp-json\/wp\/v2\/media\/63296"}],"wp:attachment":[{"href":"https:\/\/business.roovi.com\/de\/wp-json\/wp\/v2\/media?parent=42418"}],"wp:term":[{"taxonomy":"product_brand","embeddable":true,"href":"https:\/\/business.roovi.com\/de\/wp-json\/wp\/v2\/product_brand?post=42418"},{"taxonomy":"product_cat","embeddable":true,"href":"https:\/\/business.roovi.com\/de\/wp-json\/wp\/v2\/product_cat?post=42418"},{"taxonomy":"product_tag","embeddable":true,"href":"https:\/\/business.roovi.com\/de\/wp-json\/wp\/v2\/product_tag?post=42418"}],"curies":[{"name":"wp","href":"https:\/\/api.w.org\/{rel}","templated":true}]}}