{"id":42522,"date":"2018-04-16T10:56:16","date_gmt":"2018-04-16T10:56:16","guid":{"rendered":"https:\/\/business.roovi.com\/super-puzzle-copii-24-piese-basme-hansel-si-gretel\/p\/"},"modified":"2022-07-06T19:39:38","modified_gmt":"2022-07-06T19:39:38","slug":"super-puzzle-kids-24-teile-hansel-und-gretel","status":"publish","type":"product","link":"https:\/\/business.roovi.com\/de\/super-puzzle-kids-24-teile-hansel-und-gretel\/p\/","title":{"rendered":"Super Puzzle Kids 24 Teile &#8211; H\u00e4nsel und Gretel"},"content":{"rendered":"<p><span style=\"font-weight: 400\">Gib deinem Kind die M\u00f6glichkeit, spielerisch auf Entdeckungsreise zu gehen und gemeinsam in die faszinierende Welt der Grimm&#8217;schen M\u00e4rchen einzutauchen, mit idyllischen Landschaften, Lebkuchenh\u00e4usern, Hexen und klugen Kindern, die immer eine L\u00f6sung f\u00fcr die Herausforderungen finden, die sich ihnen stellen.<\/span><\/p>\n<p><span style=\"font-weight: 400\">Entdecke eines der beliebtesten M\u00e4rchen der Kindheit, H\u00e4nsel und Gretel, in Form eines bunt illustrierten Puzzles mit gro\u00dfen Teilen, das auch f\u00fcr j\u00fcngere Kinder geeignet ist, die gerade ihre feinmotorischen F\u00e4higkeiten trainieren <\/span><\/p>\n<p><span style=\"font-weight: 400\">Ein Kinderpuzzle, das M\u00e4rchenszenen illustriert, ist mehr als nur ein Spiel. Das kann eine perfekte Gelegenheit sein, um \u00fcber menschliche Eigenschaften, Emotionen und angemessene Reaktionen in verschiedenen Situationen zu sprechen, w\u00e4hrend du das endg\u00fcltige Bild St\u00fcck f\u00fcr St\u00fcck fertigstellst <\/span><\/p>\n<p><span style=\"font-weight: 400\">Au\u00dferdem ist ein Puzzlespiel eine sehr angenehme Art, vom Alltag abzuschalten und Zeit mit deinen Kindern zu verbringen. Suche die Teile zusammen, passe sie an, um das Bild zu vervollst\u00e4ndigen, habe Spa\u00df und sei beim Spiel deiner Kleinen wirklich pr\u00e4sent.<\/span><\/p>\n<p><span style=\"font-weight: 400\">W\u00e4hle f\u00fcr dein Kind ein Puzzle mit einer s\u00fc\u00dfen Geschichte, ein Spiel, das H\u00e4nsel und Gretel durch den Wald zum Pfefferkuchenhaus der Hexe begleitet.   <\/span><\/p>\n<h2><span style=\"font-weight: 400\">Warum ein Super Fairytale Kinderpuzzle w\u00e4hlen?<\/span><\/h2>\n<ul>\n<li><span style=\"font-weight: 400\">Hilft Kindern, ihre Kreativit\u00e4t zu entwickeln.<\/span><\/li>\n<li><span style=\"font-weight: 400\">Es ist eine lustige Art, sich an Szenen aus klassischen M\u00e4rchen zu erinnern oder sich mit ihnen vertraut zu machen.<\/span><\/li>\n<li><span style=\"font-weight: 400\">Das Puzzle-Spiel ist ein guter Ged\u00e4chtnistrainer.<\/span><\/li>\n<li><span style=\"font-weight: 400\">Es hilft bei der Entwicklung von F\u00e4higkeiten, indem es jedes Teil zuordnet.<\/span><\/li>\n<li><span style=\"font-weight: 400\">Es stimuliert und unterst\u00fctzt die Konzentration und Aufmerksamkeit auf das Spiel.<\/span><\/li>\n<li><span style=\"font-weight: 400\">Es ist entspannend und schaltet ab.<\/span><\/li>\n<li><span style=\"font-weight: 400\">Es schult die motorischen F\u00e4higkeiten und die Hand-Augen-Koordination.<\/span><\/li>\n<li><span style=\"font-weight: 400\">Entwickelt die sensorische Koordination und Orientierung.<\/span><\/li>\n<li><span style=\"font-weight: 400\">Es ist ein gutes Spiel f\u00fcr l\u00e4ngere Fahrten, wenn er etwas braucht, um sich zu besch\u00e4ftigen, damit ihm nicht langweilig wird.<\/span><\/li>\n<li><span style=\"font-weight: 400\">Es hat gro\u00dfe Teile, die f\u00fcr kleine H\u00e4nde geeignet sind.<\/span><\/li>\n<li><span style=\"font-weight: 400\">Es hat mehr Vorteile als ein digitales Spiel und bietet den Kleinen aktive Entspannung, die sie von den Bildschirmen fernh\u00e4lt.<\/span><\/li>\n<\/ul>\n<h2><span style=\"font-weight: 400\">Entdecke ein super einfaches R\u00e4tsel, das f\u00fcr Anf\u00e4nger geeignet ist<\/span><\/h2>\n<p><span style=\"font-weight: 400\">Jedes Puzzle ist aus dicker, hochwertiger Pappe gefertigt, sodass es immer wieder verwendet werden kann, ohne dass die Teile brechen oder ihre Form verlieren <\/span><\/p>\n<p><span style=\"font-weight: 400\">Die farbenfrohen Bilder zeigen geliebte Figuren aus klassischen Kinderm\u00e4rchen, mit sorgf\u00e4ltig erstellten Grafiken und niedlichen, fr\u00f6hlichen Illustrationen, die die Kleinen lieben.<\/span><\/p>\n<p><span style=\"font-weight: 400\">Die 24 Teile sind so gro\u00df und so geformt, dass kleine Kinder sie leicht greifen und positionieren k\u00f6nnen, und das endg\u00fcltige Bild ist gro\u00dfz\u00fcgig bemessen, so dass das Puzzle 42 x 28,8 cm gro\u00df ist.<\/span><\/p>\n<p><span style=\"font-weight: 400\">Kinder lieben es, Dinge zu bauen und werden es sicher lieben, geliebte Geschichten St\u00fcck f\u00fcr St\u00fcck nachzubauen!<\/span><\/p>\n<p><span style=\"font-weight: 400\">Wenn du ein Spiel suchst, das kreativ, aktiv, spannend und lustig ist, w\u00e4hle ein Kinderpuzzle mit Illustrationen aus M\u00e4rchen.<\/span><\/p><\/p>\n","protected":false},"excerpt":{"rendered":"<p>Gib deinem Kind die M\u00f6glichkeit, spielerisch auf Entdeckungsreise zu gehen und gemeinsam in die faszinierende Welt der Grimm&#8217;schen M\u00e4rchen einzutauchen,<\/p>\n","protected":false},"featured_media":32938,"template":"","meta":[],"product_brand":[],"product_cat":[1876,1875,1979],"product_tag":[],"class_list":{"0":"post-42522","1":"product","2":"type-product","3":"status-publish","4":"has-post-thumbnail","6":"product_cat-kinder-puzzle","7":"product_cat-puzzle-de","8":"product_cat-puzzle-mit-weniger-als-50-teilen","9":"pa_bax-10-de","10":"pa_brand-d_toys-de","11":"pa_filter_age-3_5-de","12":"pa_filter_age-5_7-de","13":"pa_tip_ambalaj-kasten-a4-de","14":"pa_tip_puzzle-klassisch","16":"first","17":"instock","18":"taxable","19":"shipping-taxable","20":"product-type-simple"},"yoast_head":"<!-- This site is optimized with the Yoast SEO plugin v20.1 - https:\/\/yoast.com\/wordpress\/plugins\/seo\/ -->\n<title>Super Puzzle Kids 24 Teile - H\u00e4nsel und Gretel<\/title>\n<meta name=\"description\" content=\"Super Puzzle Kids 24 Teile - H\u00e4nsel und Gretel\" \/>\n<meta name=\"robots\" content=\"index, follow, max-snippet:-1, max-image-preview:large, max-video-preview:-1\" \/>\n<link rel=\"canonical\" href=\"https:\/\/business.roovi.com\/de\/super-puzzle-kids-24-teile-hansel-und-gretel\/p\/\" \/>\n<meta property=\"og:locale\" content=\"de_DE\" \/>\n<meta property=\"og:type\" content=\"article\" \/>\n<meta property=\"og:title\" content=\"Super Puzzle Kids 24 Teile - H\u00e4nsel und Gretel\" \/>\n<meta property=\"og:description\" content=\"Super Puzzle Kids 24 Teile - H\u00e4nsel und Gretel\" \/>\n<meta property=\"og:url\" content=\"https:\/\/business.roovi.com\/de\/super-puzzle-kids-24-teile-hansel-und-gretel\/p\/\" \/>\n<meta property=\"og:site_name\" content=\"Roovi B2B\" \/>\n<meta property=\"article:publisher\" content=\"https:\/\/www.facebook.com\/wwwjucariero\" \/>\n<meta property=\"article:modified_time\" content=\"2022-07-06T19:39:38+00:00\" \/>\n<meta property=\"og:image\" content=\"https:\/\/business.roovi.com\/wp-content\/uploads\/2018\/04\/60372_01.jpg\" \/>\n\t<meta property=\"og:image:width\" content=\"1200\" \/>\n\t<meta property=\"og:image:height\" content=\"1200\" \/>\n\t<meta property=\"og:image:type\" content=\"image\/jpeg\" \/>\n<meta name=\"twitter:label1\" content=\"Gesch\u00e4tzte Lesezeit\" \/>\n\t<meta name=\"twitter:data1\" content=\"2\u00a0Minuten\" \/>\n<script type=\"application\/ld+json\" class=\"yoast-schema-graph\">{\"@context\":\"https:\/\/schema.org\",\"@graph\":[{\"@type\":\"WebPage\",\"@id\":\"https:\/\/business.roovi.com\/de\/super-puzzle-kids-24-teile-hansel-und-gretel\/p\/\",\"url\":\"https:\/\/business.roovi.com\/de\/super-puzzle-kids-24-teile-hansel-und-gretel\/p\/\",\"name\":\"Super Puzzle Kids 24 Teile - H\u00e4nsel und Gretel\",\"isPartOf\":{\"@id\":\"https:\/\/business.roovi.com\/de\/#website\"},\"datePublished\":\"2018-04-16T10:56:16+00:00\",\"dateModified\":\"2022-07-06T19:39:38+00:00\",\"description\":\"Super Puzzle Kids 24 Teile - H\u00e4nsel und Gretel\",\"breadcrumb\":{\"@id\":\"https:\/\/business.roovi.com\/de\/super-puzzle-kids-24-teile-hansel-und-gretel\/p\/#breadcrumb\"},\"inLanguage\":\"de\",\"potentialAction\":[{\"@type\":\"ReadAction\",\"target\":[\"https:\/\/business.roovi.com\/de\/super-puzzle-kids-24-teile-hansel-und-gretel\/p\/\"]}]},{\"@type\":\"BreadcrumbList\",\"@id\":\"https:\/\/business.roovi.com\/de\/super-puzzle-kids-24-teile-hansel-und-gretel\/p\/#breadcrumb\",\"itemListElement\":[{\"@type\":\"ListItem\",\"position\":1,\"name\":\"Home\",\"item\":\"https:\/\/business.roovi.com\/de\/\"},{\"@type\":\"ListItem\",\"position\":2,\"name\":\"Shop\",\"item\":\"https:\/\/business.roovi.com\/de\/shop\/\"},{\"@type\":\"ListItem\",\"position\":3,\"name\":\"Super Puzzle Kids 24 Teile &#8211; H\u00e4nsel und Gretel\"}]},{\"@type\":\"WebSite\",\"@id\":\"https:\/\/business.roovi.com\/de\/#website\",\"url\":\"https:\/\/business.roovi.com\/de\/\",\"name\":\"Roovi B2B\",\"description\":\"Roovi Business Website\",\"potentialAction\":[{\"@type\":\"SearchAction\",\"target\":{\"@type\":\"EntryPoint\",\"urlTemplate\":\"https:\/\/business.roovi.com\/de\/?s={search_term_string}\"},\"query-input\":\"required name=search_term_string\"}],\"inLanguage\":\"de\"}]}<\/script>\n<!-- \/ Yoast SEO plugin. -->","yoast_head_json":{"title":"Super Puzzle Kids 24 Teile - H\u00e4nsel und Gretel","description":"Super Puzzle Kids 24 Teile - H\u00e4nsel und Gretel","robots":{"index":"index","follow":"follow","max-snippet":"max-snippet:-1","max-image-preview":"max-image-preview:large","max-video-preview":"max-video-preview:-1"},"canonical":"https:\/\/business.roovi.com\/de\/super-puzzle-kids-24-teile-hansel-und-gretel\/p\/","og_locale":"de_DE","og_type":"article","og_title":"Super Puzzle Kids 24 Teile - H\u00e4nsel und Gretel","og_description":"Super Puzzle Kids 24 Teile - H\u00e4nsel und Gretel","og_url":"https:\/\/business.roovi.com\/de\/super-puzzle-kids-24-teile-hansel-und-gretel\/p\/","og_site_name":"Roovi B2B","article_publisher":"https:\/\/www.facebook.com\/wwwjucariero","article_modified_time":"2022-07-06T19:39:38+00:00","og_image":[{"width":1200,"height":1200,"url":"https:\/\/business.roovi.com\/wp-content\/uploads\/2018\/04\/60372_01.jpg","type":"image\/jpeg"}],"twitter_misc":{"Gesch\u00e4tzte Lesezeit":"2\u00a0Minuten"},"schema":{"@context":"https:\/\/schema.org","@graph":[{"@type":"WebPage","@id":"https:\/\/business.roovi.com\/de\/super-puzzle-kids-24-teile-hansel-und-gretel\/p\/","url":"https:\/\/business.roovi.com\/de\/super-puzzle-kids-24-teile-hansel-und-gretel\/p\/","name":"Super Puzzle Kids 24 Teile - H\u00e4nsel und Gretel","isPartOf":{"@id":"https:\/\/business.roovi.com\/de\/#website"},"datePublished":"2018-04-16T10:56:16+00:00","dateModified":"2022-07-06T19:39:38+00:00","description":"Super Puzzle Kids 24 Teile - H\u00e4nsel und Gretel","breadcrumb":{"@id":"https:\/\/business.roovi.com\/de\/super-puzzle-kids-24-teile-hansel-und-gretel\/p\/#breadcrumb"},"inLanguage":"de","potentialAction":[{"@type":"ReadAction","target":["https:\/\/business.roovi.com\/de\/super-puzzle-kids-24-teile-hansel-und-gretel\/p\/"]}]},{"@type":"BreadcrumbList","@id":"https:\/\/business.roovi.com\/de\/super-puzzle-kids-24-teile-hansel-und-gretel\/p\/#breadcrumb","itemListElement":[{"@type":"ListItem","position":1,"name":"Home","item":"https:\/\/business.roovi.com\/de\/"},{"@type":"ListItem","position":2,"name":"Shop","item":"https:\/\/business.roovi.com\/de\/shop\/"},{"@type":"ListItem","position":3,"name":"Super Puzzle Kids 24 Teile &#8211; H\u00e4nsel und Gretel"}]},{"@type":"WebSite","@id":"https:\/\/business.roovi.com\/de\/#website","url":"https:\/\/business.roovi.com\/de\/","name":"Roovi B2B","description":"Roovi Business Website","potentialAction":[{"@type":"SearchAction","target":{"@type":"EntryPoint","urlTemplate":"https:\/\/business.roovi.com\/de\/?s={search_term_string}"},"query-input":"required name=search_term_string"}],"inLanguage":"de"}]}},"_links":{"self":[{"href":"https:\/\/business.roovi.com\/de\/wp-json\/wp\/v2\/product\/42522","targetHints":{"allow":["GET"]}}],"collection":[{"href":"https:\/\/business.roovi.com\/de\/wp-json\/wp\/v2\/product"}],"about":[{"href":"https:\/\/business.roovi.com\/de\/wp-json\/wp\/v2\/types\/product"}],"version-history":[{"count":0,"href":"https:\/\/business.roovi.com\/de\/wp-json\/wp\/v2\/product\/42522\/revisions"}],"wp:featuredmedia":[{"embeddable":true,"href":"https:\/\/business.roovi.com\/de\/wp-json\/wp\/v2\/media\/32938"}],"wp:attachment":[{"href":"https:\/\/business.roovi.com\/de\/wp-json\/wp\/v2\/media?parent=42522"}],"wp:term":[{"taxonomy":"product_brand","embeddable":true,"href":"https:\/\/business.roovi.com\/de\/wp-json\/wp\/v2\/product_brand?post=42522"},{"taxonomy":"product_cat","embeddable":true,"href":"https:\/\/business.roovi.com\/de\/wp-json\/wp\/v2\/product_cat?post=42522"},{"taxonomy":"product_tag","embeddable":true,"href":"https:\/\/business.roovi.com\/de\/wp-json\/wp\/v2\/product_tag?post=42522"}],"curies":[{"name":"wp","href":"https:\/\/api.w.org\/{rel}","templated":true}]}}