{"id":42562,"date":"2018-04-16T10:56:16","date_gmt":"2018-04-16T10:56:16","guid":{"rendered":"https:\/\/business.roovi.com\/super-puzzle-harti-240-piese-1\/p\/"},"modified":"2022-07-06T19:44:39","modified_gmt":"2022-07-06T19:44:39","slug":"super-puzzle-karte-von-europa-kinderpuzzle-240-teile","status":"publish","type":"product","link":"https:\/\/business.roovi.com\/de\/super-puzzle-karte-von-europa-kinderpuzzle-240-teile\/p\/","title":{"rendered":"Super Puzzle Karte von Europa &#8211; Kinderpuzzle, 240 Teile"},"content":{"rendered":"<p>Ein 240-teiliges Lernpuzzle, das die Karte von Europa darstellt, f\u00fcr Kinder, die sich gerne mit Geografie besch\u00e4ftigen und etwas \u00fcber die L\u00e4nder des Kontinents, ihre wichtigsten Symbole und die Br\u00e4uche der verschiedenen V\u00f6lker lernen wollen.<\/p>\n","protected":false},"excerpt":{"rendered":"<p>Ein 240-teiliges Lernpuzzle, das die Karte von Europa darstellt, f\u00fcr Kinder, die sich gerne mit Geografie besch\u00e4ftigen und etwas \u00fcber<\/p>\n","protected":false},"featured_media":32974,"template":"","meta":[],"product_brand":[],"product_cat":[1876,1877,1875],"product_tag":[],"class_list":{"0":"post-42562","1":"product","2":"type-product","3":"status-publish","4":"has-post-thumbnail","6":"product_cat-kinder-puzzle","7":"product_cat-mehr-als-100-puzzlestucke","8":"product_cat-puzzle-de","9":"pa_bax-10-de","10":"pa_brand-d_toys-de","11":"pa_country_of_manufacture-ro-de","12":"pa_filter_age-7_9-de","13":"pa_filter_age-9_14-de","14":"pa_tip_ambalaj-kasten-a4-de","15":"pa_tip_puzzle-klassisch","17":"first","18":"instock","19":"taxable","20":"shipping-taxable","21":"product-type-simple"},"yoast_head":"<!-- This site is optimized with the Yoast SEO plugin v20.1 - https:\/\/yoast.com\/wordpress\/plugins\/seo\/ -->\n<title>Super Puzzle Karte von Europa - Kinderpuzzle, 240 Teile<\/title>\n<meta name=\"description\" content=\"Super Puzzle Karte von Europa - Kinderpuzzle, 240 Teile\" \/>\n<meta name=\"robots\" content=\"index, follow, max-snippet:-1, max-image-preview:large, max-video-preview:-1\" \/>\n<link rel=\"canonical\" href=\"https:\/\/business.roovi.com\/de\/super-puzzle-karte-von-europa-kinderpuzzle-240-teile\/p\/\" \/>\n<meta property=\"og:locale\" content=\"de_DE\" \/>\n<meta property=\"og:type\" content=\"article\" \/>\n<meta property=\"og:title\" content=\"Super Puzzle Karte von Europa - Kinderpuzzle, 240 Teile\" \/>\n<meta property=\"og:description\" content=\"Super Puzzle Karte von Europa - Kinderpuzzle, 240 Teile\" \/>\n<meta property=\"og:url\" content=\"https:\/\/business.roovi.com\/de\/super-puzzle-karte-von-europa-kinderpuzzle-240-teile\/p\/\" \/>\n<meta property=\"og:site_name\" content=\"Roovi B2B\" \/>\n<meta property=\"article:publisher\" content=\"https:\/\/www.facebook.com\/wwwjucariero\" \/>\n<meta property=\"article:modified_time\" content=\"2022-07-06T19:44:39+00:00\" \/>\n<meta property=\"og:image\" content=\"https:\/\/business.roovi.com\/wp-content\/uploads\/2018\/04\/50663_01.jpg\" \/>\n\t<meta property=\"og:image:width\" content=\"1200\" \/>\n\t<meta property=\"og:image:height\" content=\"1200\" \/>\n\t<meta property=\"og:image:type\" content=\"image\/jpeg\" \/>\n<script type=\"application\/ld+json\" class=\"yoast-schema-graph\">{\"@context\":\"https:\/\/schema.org\",\"@graph\":[{\"@type\":\"WebPage\",\"@id\":\"https:\/\/business.roovi.com\/de\/super-puzzle-karte-von-europa-kinderpuzzle-240-teile\/p\/\",\"url\":\"https:\/\/business.roovi.com\/de\/super-puzzle-karte-von-europa-kinderpuzzle-240-teile\/p\/\",\"name\":\"Super Puzzle Karte von Europa - Kinderpuzzle, 240 Teile\",\"isPartOf\":{\"@id\":\"https:\/\/business.roovi.com\/de\/#website\"},\"datePublished\":\"2018-04-16T10:56:16+00:00\",\"dateModified\":\"2022-07-06T19:44:39+00:00\",\"description\":\"Super Puzzle Karte von Europa - Kinderpuzzle, 240 Teile\",\"breadcrumb\":{\"@id\":\"https:\/\/business.roovi.com\/de\/super-puzzle-karte-von-europa-kinderpuzzle-240-teile\/p\/#breadcrumb\"},\"inLanguage\":\"de\",\"potentialAction\":[{\"@type\":\"ReadAction\",\"target\":[\"https:\/\/business.roovi.com\/de\/super-puzzle-karte-von-europa-kinderpuzzle-240-teile\/p\/\"]}]},{\"@type\":\"BreadcrumbList\",\"@id\":\"https:\/\/business.roovi.com\/de\/super-puzzle-karte-von-europa-kinderpuzzle-240-teile\/p\/#breadcrumb\",\"itemListElement\":[{\"@type\":\"ListItem\",\"position\":1,\"name\":\"Home\",\"item\":\"https:\/\/business.roovi.com\/de\/\"},{\"@type\":\"ListItem\",\"position\":2,\"name\":\"Shop\",\"item\":\"https:\/\/business.roovi.com\/de\/shop\/\"},{\"@type\":\"ListItem\",\"position\":3,\"name\":\"Super Puzzle Karte von Europa &#8211; Kinderpuzzle, 240 Teile\"}]},{\"@type\":\"WebSite\",\"@id\":\"https:\/\/business.roovi.com\/de\/#website\",\"url\":\"https:\/\/business.roovi.com\/de\/\",\"name\":\"Roovi B2B\",\"description\":\"Roovi Business Website\",\"potentialAction\":[{\"@type\":\"SearchAction\",\"target\":{\"@type\":\"EntryPoint\",\"urlTemplate\":\"https:\/\/business.roovi.com\/de\/?s={search_term_string}\"},\"query-input\":\"required name=search_term_string\"}],\"inLanguage\":\"de\"}]}<\/script>\n<!-- \/ Yoast SEO plugin. -->","yoast_head_json":{"title":"Super Puzzle Karte von Europa - Kinderpuzzle, 240 Teile","description":"Super Puzzle Karte von Europa - Kinderpuzzle, 240 Teile","robots":{"index":"index","follow":"follow","max-snippet":"max-snippet:-1","max-image-preview":"max-image-preview:large","max-video-preview":"max-video-preview:-1"},"canonical":"https:\/\/business.roovi.com\/de\/super-puzzle-karte-von-europa-kinderpuzzle-240-teile\/p\/","og_locale":"de_DE","og_type":"article","og_title":"Super Puzzle Karte von Europa - Kinderpuzzle, 240 Teile","og_description":"Super Puzzle Karte von Europa - Kinderpuzzle, 240 Teile","og_url":"https:\/\/business.roovi.com\/de\/super-puzzle-karte-von-europa-kinderpuzzle-240-teile\/p\/","og_site_name":"Roovi B2B","article_publisher":"https:\/\/www.facebook.com\/wwwjucariero","article_modified_time":"2022-07-06T19:44:39+00:00","og_image":[{"width":1200,"height":1200,"url":"https:\/\/business.roovi.com\/wp-content\/uploads\/2018\/04\/50663_01.jpg","type":"image\/jpeg"}],"schema":{"@context":"https:\/\/schema.org","@graph":[{"@type":"WebPage","@id":"https:\/\/business.roovi.com\/de\/super-puzzle-karte-von-europa-kinderpuzzle-240-teile\/p\/","url":"https:\/\/business.roovi.com\/de\/super-puzzle-karte-von-europa-kinderpuzzle-240-teile\/p\/","name":"Super Puzzle Karte von Europa - Kinderpuzzle, 240 Teile","isPartOf":{"@id":"https:\/\/business.roovi.com\/de\/#website"},"datePublished":"2018-04-16T10:56:16+00:00","dateModified":"2022-07-06T19:44:39+00:00","description":"Super Puzzle Karte von Europa - Kinderpuzzle, 240 Teile","breadcrumb":{"@id":"https:\/\/business.roovi.com\/de\/super-puzzle-karte-von-europa-kinderpuzzle-240-teile\/p\/#breadcrumb"},"inLanguage":"de","potentialAction":[{"@type":"ReadAction","target":["https:\/\/business.roovi.com\/de\/super-puzzle-karte-von-europa-kinderpuzzle-240-teile\/p\/"]}]},{"@type":"BreadcrumbList","@id":"https:\/\/business.roovi.com\/de\/super-puzzle-karte-von-europa-kinderpuzzle-240-teile\/p\/#breadcrumb","itemListElement":[{"@type":"ListItem","position":1,"name":"Home","item":"https:\/\/business.roovi.com\/de\/"},{"@type":"ListItem","position":2,"name":"Shop","item":"https:\/\/business.roovi.com\/de\/shop\/"},{"@type":"ListItem","position":3,"name":"Super Puzzle Karte von Europa &#8211; Kinderpuzzle, 240 Teile"}]},{"@type":"WebSite","@id":"https:\/\/business.roovi.com\/de\/#website","url":"https:\/\/business.roovi.com\/de\/","name":"Roovi B2B","description":"Roovi Business Website","potentialAction":[{"@type":"SearchAction","target":{"@type":"EntryPoint","urlTemplate":"https:\/\/business.roovi.com\/de\/?s={search_term_string}"},"query-input":"required name=search_term_string"}],"inLanguage":"de"}]}},"_links":{"self":[{"href":"https:\/\/business.roovi.com\/de\/wp-json\/wp\/v2\/product\/42562","targetHints":{"allow":["GET"]}}],"collection":[{"href":"https:\/\/business.roovi.com\/de\/wp-json\/wp\/v2\/product"}],"about":[{"href":"https:\/\/business.roovi.com\/de\/wp-json\/wp\/v2\/types\/product"}],"version-history":[{"count":0,"href":"https:\/\/business.roovi.com\/de\/wp-json\/wp\/v2\/product\/42562\/revisions"}],"wp:featuredmedia":[{"embeddable":true,"href":"https:\/\/business.roovi.com\/de\/wp-json\/wp\/v2\/media\/32974"}],"wp:attachment":[{"href":"https:\/\/business.roovi.com\/de\/wp-json\/wp\/v2\/media?parent=42562"}],"wp:term":[{"taxonomy":"product_brand","embeddable":true,"href":"https:\/\/business.roovi.com\/de\/wp-json\/wp\/v2\/product_brand?post=42562"},{"taxonomy":"product_cat","embeddable":true,"href":"https:\/\/business.roovi.com\/de\/wp-json\/wp\/v2\/product_cat?post=42562"},{"taxonomy":"product_tag","embeddable":true,"href":"https:\/\/business.roovi.com\/de\/wp-json\/wp\/v2\/product_tag?post=42562"}],"curies":[{"name":"wp","href":"https:\/\/api.w.org\/{rel}","templated":true}]}}