{"id":42578,"date":"2018-04-16T10:56:16","date_gmt":"2018-04-16T10:56:16","guid":{"rendered":"https:\/\/business.roovi.com\/puzzle-adulti-1000-piese-discover-europe-tower-bridge\/p\/"},"modified":"2022-07-06T19:49:05","modified_gmt":"2022-07-06T19:49:05","slug":"tower-bridge-puzzle-puzzle-fur-erwachsene-1000-teile-europa-entdecken","status":"publish","type":"product","link":"https:\/\/business.roovi.com\/de\/tower-bridge-puzzle-puzzle-fur-erwachsene-1000-teile-europa-entdecken\/p\/","title":{"rendered":"Tower Bridge Puzzle &#8211; Puzzle f\u00fcr Erwachsene 1000 Teile &#8211; Europa entdecken"},"content":{"rendered":"<p><strong><em>Behalte f\u00fcr immer Bilder von ber\u00fchmten Sehensw\u00fcrdigkeiten in Europa mit dem 1000-Teile-Puzzle!<\/em><\/strong><span style=\"font-weight: 400\"> <\/span><\/p>\n<p><span style=\"font-weight: 400\">In der Puzzlesammlung Discover Europe f\u00fcr Erwachsene haben wir faszinierende Bilder von Orten in Spanien, Italien, Griechenland und mehr gesammelt <\/span><\/p>\n<p><span style=\"font-weight: 400\">Das 1000-teilige Puzzle Discover Europe &#8211; Tower Bridge zeigt ein Bild des ber\u00fchmten Wahrzeichens in der britischen Hauptstadt, das zur Abendzeit aufgenommen wurde. Die ber\u00fchmte Br\u00fccke \u00fcber die Themse hat eine Gesamtl\u00e4nge von 244 Metern und ist sowohl eine Zugbr\u00fccke als auch eine H\u00e4ngebr\u00fccke.<\/span><\/p>\n<p><span style=\"font-weight: 400\">Die Tower Bridge wurde zwischen 1886 und 1894 gebaut und vom Architekten Sir Horace Jones entworfen. Aufgrund der Entwicklung des Handels war der Bau einer Verbindungsbr\u00fccke \u00fcber die Themse Ende des 19. Jahrhunderts eine Notwendigkeit. Heute wird die Tower Bridge t\u00e4glich von mehr als 40.000 Menschen \u00fcberquert, und Touristen aus aller Welt halten die spektakul\u00e4re Aussicht in unvergesslichen Fotos fest.<\/span><\/p>\n<p><span style=\"font-weight: 400\">Das 1000-Teile-Puzzle Discover Europe &#8211; London Bridge ist eine Herausforderung, die sowohl das logische Denken als auch die Kreativit\u00e4t anregt. Mit jedem Teil, das du in das Gesamtbild einf\u00fcgst, kommst du diesem faszinierenden Wahrzeichen der britischen Hauptstadt immer n\u00e4her <\/span><\/p>\n<p><strong>Warum solltest du dich f\u00fcr das 1000-Teile-Puzzle Discover Europe &#8211; London Bridge entscheiden?<\/strong><\/p>\n<p><span style=\"font-weight: 400\">Es ist eine entspannte Art, die Sch\u00f6nheit einer bemerkenswerten Touristenattraktion zu entdecken.<\/span><\/p>\n<p><span style=\"font-weight: 400\">Du erh\u00e4ltst ein 68 x 47 cm gro\u00dfes Gem\u00e4lde der ber\u00fchmten Tower Bridge, das du lange bewundern kannst, wo auch immer du es ausstellst.<\/span><\/p>\n<p><span style=\"font-weight: 400\">Es ist aus hochwertigem, strapazierf\u00e4higem blauen Karton gefertigt, sodass du das Bild mehrmals zusammenbauen kannst, ohne dass die Teile abgenutzt werden.<\/span><\/p>\n<p><span style=\"font-weight: 400\">Wir verwenden recycelbare und nachhaltige Materialien f\u00fcr die Herstellung jedes Puzzlespiels.<\/span><\/p>\n<p><span style=\"font-weight: 400\">Es hat eine halbgl\u00e4nzende Oberfl\u00e4che in angenehmen Farben, die dem Bild Klarheit verleihen.<\/span><\/p>\n<p><span style=\"font-weight: 400\">Das Puzzlespiel ist ein tolles Gehirntraining, weil es beide Gehirnh\u00e4lften anspricht.<\/span><\/p>\n<p><span style=\"font-weight: 400\">Es macht Spa\u00df, deine Koordination und Feinmotorik zu trainieren.<\/span><\/p>\n<p><span style=\"font-weight: 400\">Das Puzzlespiel ist f\u00fcr Menschen ab 14 Jahren geeignet &#8211; eine Gelegenheit, die Sch\u00f6nheit der Tower Bridge mit Teenagern zu entdecken.<\/span><\/p>\n<p><strong>Wusstest du, dass&#8230;?<\/strong><\/p>\n<p><span style=\"font-weight: 400\">Mehr als 50 Architektenteams reichten Entw\u00fcrfe f\u00fcr die Tower Bridge ein, wobei nur Sir <\/span><span style=\"font-weight: 400\">Horace Jones.<\/span><\/p>\n<p><span style=\"font-weight: 400\">Der Architekt hat die Fertigstellung seines Projekts nie erlebt, er starb nur ein Jahr nach Baubeginn.<\/span><\/p>\n<p><span style=\"font-weight: 400\">Mehr als 70.000 Tonnen Beton wurden f\u00fcr den Bau der beiden massiven Pfeiler verwendet, die die Br\u00fccke st\u00fctzen, und 11.000 Tonnen Stahl bildeten das Ger\u00fcst f\u00fcr die T\u00fcrme und Gehwege <\/span><\/p>\n<p><span style=\"font-weight: 400\">Die Br\u00fccke wurde am 30. Juni 1894 von der k\u00f6niglichen Familie mit gro\u00dfem Pomp eingeweiht.<\/span><\/p>\n<p><strong>Tower Bridge 1000 Teile Puzzle f\u00fcr Erwachsene &#8211; eine lustige und fesselnde Aktivit\u00e4t<\/strong><\/p>\n<p><span style=\"font-weight: 400\">Nimm dieses 1000-teilige Puzzle in die Hand und entdecke St\u00fcck f\u00fcr St\u00fcck eine ikonische Touristenattraktion. Genie\u00dfe ein paar Stunden v\u00f6lliger Entspannung in der Privatsph\u00e4re deines eigenen Zuhauses mit diesem besonderen Puzzlespiel.<\/span><\/p>\n<p><span style=\"font-weight: 400\">Damit die Aktivit\u00e4t noch mehr Spa\u00df macht, kannst du deine Kinder in das Puzzlespiel einbeziehen. Das ist die perfekte Gelegenheit, um ihnen die faszinierende Geschichte des ber\u00fchmten Tores n\u00e4her zu bringen. Au\u00dferdem kannst du Zeit miteinander verbringen und von den Alltagsproblemen abschalten.<\/span><\/p>\n<p><span style=\"font-weight: 400\">Das 1000-teilige Tower Bridge-Puzzle aus der Discover Europe-Kollektion ist ein tolles Geschenk f\u00fcr den Weihnachtsbaum oder f\u00fcr die Geburtstage von puzzlebegeisterten Freunden.<\/span><\/p><\/p>\n","protected":false},"excerpt":{"rendered":"<p>Behalte f\u00fcr immer Bilder von ber\u00fchmten Sehensw\u00fcrdigkeiten in Europa mit dem 1000-Teile-Puzzle! In der Puzzlesammlung Discover Europe f\u00fcr Erwachsene haben<\/p>\n","protected":false},"featured_media":32998,"template":"","meta":[],"product_brand":[],"product_cat":[1916,1875,1915],"product_tag":[],"class_list":{"0":"post-42578","1":"product","2":"type-product","3":"status-publish","4":"has-post-thumbnail","6":"product_cat-1000-teile-puzzle","7":"product_cat-puzzle-de","8":"product_cat-puzzlespiele-fur-erwachsene","9":"pa_bax-7-de","10":"pa_brand-d_toys-de","11":"pa_country_of_manufacture-ro-de","12":"pa_filter_age-14-de","13":"pa_painter-discover-europe","14":"pa_tip_ambalaj-kasten-a4-de","15":"pa_tip_puzzle-klassisch","17":"first","18":"instock","19":"taxable","20":"shipping-taxable","21":"product-type-simple"},"yoast_head":"<!-- This site is optimized with the Yoast SEO plugin v20.1 - https:\/\/yoast.com\/wordpress\/plugins\/seo\/ -->\n<title>Tower Bridge Puzzle - Puzzle f\u00fcr Erwachsene 1000 Teile - Europa entdecken<\/title>\n<meta name=\"description\" content=\"Tower Bridge Puzzle - Puzzle f\u00fcr Erwachsene 1000 Teile - Europa entdecken\" \/>\n<meta name=\"robots\" content=\"index, follow, max-snippet:-1, max-image-preview:large, max-video-preview:-1\" \/>\n<link rel=\"canonical\" href=\"https:\/\/business.roovi.com\/de\/tower-bridge-puzzle-puzzle-fur-erwachsene-1000-teile-europa-entdecken\/p\/\" \/>\n<meta property=\"og:locale\" content=\"de_DE\" \/>\n<meta property=\"og:type\" content=\"article\" \/>\n<meta property=\"og:title\" content=\"Tower Bridge Puzzle - Puzzle f\u00fcr Erwachsene 1000 Teile - Europa entdecken\" \/>\n<meta property=\"og:description\" content=\"Tower Bridge Puzzle - Puzzle f\u00fcr Erwachsene 1000 Teile - Europa entdecken\" \/>\n<meta property=\"og:url\" content=\"https:\/\/business.roovi.com\/de\/tower-bridge-puzzle-puzzle-fur-erwachsene-1000-teile-europa-entdecken\/p\/\" \/>\n<meta property=\"og:site_name\" content=\"Roovi B2B\" \/>\n<meta property=\"article:publisher\" content=\"https:\/\/www.facebook.com\/wwwjucariero\" \/>\n<meta property=\"article:modified_time\" content=\"2022-07-06T19:49:05+00:00\" \/>\n<meta property=\"og:image\" content=\"https:\/\/business.roovi.com\/wp-content\/uploads\/2018\/04\/65995-01-ansamblu_dimensiuni-cutie-22x22-cm.png\" \/>\n\t<meta property=\"og:image:width\" content=\"1260\" \/>\n\t<meta property=\"og:image:height\" content=\"1056\" \/>\n\t<meta property=\"og:image:type\" content=\"image\/png\" \/>\n<meta name=\"twitter:label1\" content=\"Gesch\u00e4tzte Lesezeit\" \/>\n\t<meta name=\"twitter:data1\" content=\"3\u00a0Minuten\" \/>\n<script type=\"application\/ld+json\" class=\"yoast-schema-graph\">{\"@context\":\"https:\/\/schema.org\",\"@graph\":[{\"@type\":\"WebPage\",\"@id\":\"https:\/\/business.roovi.com\/de\/tower-bridge-puzzle-puzzle-fur-erwachsene-1000-teile-europa-entdecken\/p\/\",\"url\":\"https:\/\/business.roovi.com\/de\/tower-bridge-puzzle-puzzle-fur-erwachsene-1000-teile-europa-entdecken\/p\/\",\"name\":\"Tower Bridge Puzzle - Puzzle f\u00fcr Erwachsene 1000 Teile - Europa entdecken\",\"isPartOf\":{\"@id\":\"https:\/\/business.roovi.com\/de\/#website\"},\"datePublished\":\"2018-04-16T10:56:16+00:00\",\"dateModified\":\"2022-07-06T19:49:05+00:00\",\"description\":\"Tower Bridge Puzzle - Puzzle f\u00fcr Erwachsene 1000 Teile - Europa entdecken\",\"breadcrumb\":{\"@id\":\"https:\/\/business.roovi.com\/de\/tower-bridge-puzzle-puzzle-fur-erwachsene-1000-teile-europa-entdecken\/p\/#breadcrumb\"},\"inLanguage\":\"de\",\"potentialAction\":[{\"@type\":\"ReadAction\",\"target\":[\"https:\/\/business.roovi.com\/de\/tower-bridge-puzzle-puzzle-fur-erwachsene-1000-teile-europa-entdecken\/p\/\"]}]},{\"@type\":\"BreadcrumbList\",\"@id\":\"https:\/\/business.roovi.com\/de\/tower-bridge-puzzle-puzzle-fur-erwachsene-1000-teile-europa-entdecken\/p\/#breadcrumb\",\"itemListElement\":[{\"@type\":\"ListItem\",\"position\":1,\"name\":\"Home\",\"item\":\"https:\/\/business.roovi.com\/de\/\"},{\"@type\":\"ListItem\",\"position\":2,\"name\":\"Shop\",\"item\":\"https:\/\/business.roovi.com\/de\/shop\/\"},{\"@type\":\"ListItem\",\"position\":3,\"name\":\"Tower Bridge Puzzle &#8211; Puzzle f\u00fcr Erwachsene 1000 Teile &#8211; Europa entdecken\"}]},{\"@type\":\"WebSite\",\"@id\":\"https:\/\/business.roovi.com\/de\/#website\",\"url\":\"https:\/\/business.roovi.com\/de\/\",\"name\":\"Roovi B2B\",\"description\":\"Roovi Business Website\",\"potentialAction\":[{\"@type\":\"SearchAction\",\"target\":{\"@type\":\"EntryPoint\",\"urlTemplate\":\"https:\/\/business.roovi.com\/de\/?s={search_term_string}\"},\"query-input\":\"required name=search_term_string\"}],\"inLanguage\":\"de\"}]}<\/script>\n<!-- \/ Yoast SEO plugin. -->","yoast_head_json":{"title":"Tower Bridge Puzzle - Puzzle f\u00fcr Erwachsene 1000 Teile - Europa entdecken","description":"Tower Bridge Puzzle - Puzzle f\u00fcr Erwachsene 1000 Teile - Europa entdecken","robots":{"index":"index","follow":"follow","max-snippet":"max-snippet:-1","max-image-preview":"max-image-preview:large","max-video-preview":"max-video-preview:-1"},"canonical":"https:\/\/business.roovi.com\/de\/tower-bridge-puzzle-puzzle-fur-erwachsene-1000-teile-europa-entdecken\/p\/","og_locale":"de_DE","og_type":"article","og_title":"Tower Bridge Puzzle - Puzzle f\u00fcr Erwachsene 1000 Teile - Europa entdecken","og_description":"Tower Bridge Puzzle - Puzzle f\u00fcr Erwachsene 1000 Teile - Europa entdecken","og_url":"https:\/\/business.roovi.com\/de\/tower-bridge-puzzle-puzzle-fur-erwachsene-1000-teile-europa-entdecken\/p\/","og_site_name":"Roovi B2B","article_publisher":"https:\/\/www.facebook.com\/wwwjucariero","article_modified_time":"2022-07-06T19:49:05+00:00","og_image":[{"width":1260,"height":1056,"url":"https:\/\/business.roovi.com\/wp-content\/uploads\/2018\/04\/65995-01-ansamblu_dimensiuni-cutie-22x22-cm.png","type":"image\/png"}],"twitter_misc":{"Gesch\u00e4tzte Lesezeit":"3\u00a0Minuten"},"schema":{"@context":"https:\/\/schema.org","@graph":[{"@type":"WebPage","@id":"https:\/\/business.roovi.com\/de\/tower-bridge-puzzle-puzzle-fur-erwachsene-1000-teile-europa-entdecken\/p\/","url":"https:\/\/business.roovi.com\/de\/tower-bridge-puzzle-puzzle-fur-erwachsene-1000-teile-europa-entdecken\/p\/","name":"Tower Bridge Puzzle - Puzzle f\u00fcr Erwachsene 1000 Teile - Europa entdecken","isPartOf":{"@id":"https:\/\/business.roovi.com\/de\/#website"},"datePublished":"2018-04-16T10:56:16+00:00","dateModified":"2022-07-06T19:49:05+00:00","description":"Tower Bridge Puzzle - Puzzle f\u00fcr Erwachsene 1000 Teile - Europa entdecken","breadcrumb":{"@id":"https:\/\/business.roovi.com\/de\/tower-bridge-puzzle-puzzle-fur-erwachsene-1000-teile-europa-entdecken\/p\/#breadcrumb"},"inLanguage":"de","potentialAction":[{"@type":"ReadAction","target":["https:\/\/business.roovi.com\/de\/tower-bridge-puzzle-puzzle-fur-erwachsene-1000-teile-europa-entdecken\/p\/"]}]},{"@type":"BreadcrumbList","@id":"https:\/\/business.roovi.com\/de\/tower-bridge-puzzle-puzzle-fur-erwachsene-1000-teile-europa-entdecken\/p\/#breadcrumb","itemListElement":[{"@type":"ListItem","position":1,"name":"Home","item":"https:\/\/business.roovi.com\/de\/"},{"@type":"ListItem","position":2,"name":"Shop","item":"https:\/\/business.roovi.com\/de\/shop\/"},{"@type":"ListItem","position":3,"name":"Tower Bridge Puzzle &#8211; Puzzle f\u00fcr Erwachsene 1000 Teile &#8211; Europa entdecken"}]},{"@type":"WebSite","@id":"https:\/\/business.roovi.com\/de\/#website","url":"https:\/\/business.roovi.com\/de\/","name":"Roovi B2B","description":"Roovi Business Website","potentialAction":[{"@type":"SearchAction","target":{"@type":"EntryPoint","urlTemplate":"https:\/\/business.roovi.com\/de\/?s={search_term_string}"},"query-input":"required name=search_term_string"}],"inLanguage":"de"}]}},"_links":{"self":[{"href":"https:\/\/business.roovi.com\/de\/wp-json\/wp\/v2\/product\/42578","targetHints":{"allow":["GET"]}}],"collection":[{"href":"https:\/\/business.roovi.com\/de\/wp-json\/wp\/v2\/product"}],"about":[{"href":"https:\/\/business.roovi.com\/de\/wp-json\/wp\/v2\/types\/product"}],"version-history":[{"count":0,"href":"https:\/\/business.roovi.com\/de\/wp-json\/wp\/v2\/product\/42578\/revisions"}],"wp:featuredmedia":[{"embeddable":true,"href":"https:\/\/business.roovi.com\/de\/wp-json\/wp\/v2\/media\/32998"}],"wp:attachment":[{"href":"https:\/\/business.roovi.com\/de\/wp-json\/wp\/v2\/media?parent=42578"}],"wp:term":[{"taxonomy":"product_brand","embeddable":true,"href":"https:\/\/business.roovi.com\/de\/wp-json\/wp\/v2\/product_brand?post=42578"},{"taxonomy":"product_cat","embeddable":true,"href":"https:\/\/business.roovi.com\/de\/wp-json\/wp\/v2\/product_cat?post=42578"},{"taxonomy":"product_tag","embeddable":true,"href":"https:\/\/business.roovi.com\/de\/wp-json\/wp\/v2\/product_tag?post=42578"}],"curies":[{"name":"wp","href":"https:\/\/api.w.org\/{rel}","templated":true}]}}