{"id":42582,"date":"2018-04-16T10:56:16","date_gmt":"2018-04-16T10:56:16","guid":{"rendered":"https:\/\/business.roovi.com\/puzzle-adulti-1000-piese-claude-monet-poppiesmaci\/p\/"},"modified":"2023-02-20T11:57:11","modified_gmt":"2023-02-20T11:57:11","slug":"1000-teile-puzzle-claude-monet-mohnblumen-maci-fur-erwachsene","status":"publish","type":"product","link":"https:\/\/business.roovi.com\/de\/1000-teile-puzzle-claude-monet-mohnblumen-maci-fur-erwachsene\/p\/","title":{"rendered":"1000-Teile-Puzzle Claude Monet &#8211; Mohnblumen"},"content":{"rendered":"<p><span style=\"font-weight: 400;\">Claude Monet 1000 Pieces Puzzle &#8211; Poppies stellt eines der ber\u00fchmtesten Gem\u00e4lde der Welt dar, das die lebhafte Atmosph\u00e4re eines Spaziergangs in den Feldern an einem Sommertag heraufbeschw\u00f6rt. In diesem Werk hat der K\u00fcnstler viele Formen von Figuren, Blumen, Geb\u00e4uden und Wolken dargestellt, ohne die feinen Details zu malen. Erstelle dieses wunderbare Bild aus dem 1000 Teile Puzzle nach und genie\u00dfe ein au\u00dfergew\u00f6hnliches Kunstgem\u00e4lde!<\/span><\/p>\n<p><span style=\"font-weight: 400;\">Merkmale des Kunstpuzzles Claude Monet &#8211; Mohnblumen:<\/span><\/p>\n<p><strong>Gr\u00f6\u00dfe des rekonstruierten Bildes: 50 x 70 cm<\/strong><span style=\"font-weight: 400;\">. Du kannst einen gew\u00f6hnlichen Couchtisch verwenden, um das Bild nachzustellen.<\/span><\/p>\n<p><strong>Puzzle-Material <\/strong><\/p>\n<p><strong>hochwertiger blauer Karton<\/strong><\/p>\n<p><strong>nachhaltige, recycelbare Materialien<\/strong><\/p>\n<p><strong>halbgl\u00e4nzende Oberfl\u00e4che, leuchtende Farben<\/strong><\/p>\n<p><strong>Anzahl der Puzzleteile: 1000<\/strong><\/p>\n<p><strong>Empfohlenes Alter: 14+<\/strong><\/p>\n<p><strong>3 F\u00e4higkeiten, die du dank Puzzlespielen entwickeln kannst<\/strong><\/p>\n<p><strong>Vorstellungskraft <\/strong><span style=\"font-weight: 400;\">Stell dir vor, du setzt das Kunstpuzzle Monet &#8211; Mohnblumen zusammen. Du legst St\u00fcck f\u00fcr St\u00fcck und ohne es zu merken, bist du in die Welt des Malers eingetreten. Unter deinen H\u00e4nden beginnt das Mohnfeld Gestalt anzunehmen, die Figuren laufen umher und der Himmel, in dem ein paar Wolkenfetzen wandern. Was ist die Lebensgeschichte der beiden Frauen, die auf dem Bild im 1000-Teile-Puzzle zu sehen sind? Oder was denkt das Kind, das mit seiner Mutter spazieren geht? Deine Fantasie ist frei, jedes Szenario zu erschaffen oder neue Bedeutungen des Bildes zu entdecken, und die Entspannung, die du in dieser Zeit sp\u00fcrst, ist unbezahlbar.<\/span><\/p>\n<p><strong>Speicher <\/strong><span style=\"font-weight: 400;\">Das Zusammensetzen des 1000-teiligen Puzzles ist ein tolles Ged\u00e4chtnistraining. Um das Bild des Puzzlespiels nachzubilden, musst du dir die Formen der Teile einpr\u00e4gen und wissen, wo sie hinpassen. Diese st\u00e4ndige \u00dcbung ist n\u00fctzlich, weil sie das Kurzzeitged\u00e4chtnis verbessert.<\/span><\/p>\n<p><strong>Beharrlichkeit.<\/strong><span style=\"font-weight: 400;\"> F\u00e4ngst du viele Dinge an, bringst aber fast nichts davon zu Ende? Vielleicht solltest du dich ein bisschen in Ausdauer \u00fcben. Das Zusammensetzen von Puzzles f\u00fcr Erwachsene ist eine lustige Aktivit\u00e4t, die dich s\u00fcchtig macht. Wenn du einmal mit der Arbeit an einem 1000-Teile-Puzzle begonnen hast, darfst du nicht aufh\u00f6ren, bis das Bild fertig ist. Die Zufriedenheit, die du empfindest, wenn du das letzte Teil eingesetzt hast, ist unbeschreiblich. Dieses spa\u00dfige Training wird dir helfen, dasselbe zu tun, wenn du Projekte beginnst und abschlie\u00dft.<\/span><\/p>\n<p><strong>\u00dcber Monet und<\/strong><strong><em> Maquis<\/em><\/strong><strong> hast du das gewusst?<\/strong><\/p>\n<p><span style=\"font-weight: 400;\">Kunsthistorikern zufolge ist die Frau mit dem blauen Regenschirm auf dem Gem\u00e4lde die Frau des K\u00fcnstlers, <\/span><span style=\"font-weight: 400;\">Camille, begleitet von ihrem Sohn Jean.<\/span><\/p>\n<p><span style=\"font-weight: 400;\">Das Gem\u00e4lde zeigt die Gegend um Argenteuil, wo Monet sieben Jahre lang lebte, eine Zeit der k\u00fcnstlerischen Erf\u00fcllung f\u00fcr den Maler.<\/span><\/p>\n<p><span style=\"font-weight: 400;\">Die Zeit in Argenteuil ist gepr\u00e4gt vom Tod seiner Frau Camille, die der K\u00fcnstler tot im Bett malen sollte.<\/span><\/p>\n<p><span style=\"font-weight: 400;\">Die Macchia symbolisiert den Frieden und den ewigen Schlaf. Vielleicht hat der K\u00fcnstler das Ende seiner Frau vorweggenommen, das in diese Zeit fiel.<\/span><\/p>\n<p><span style=\"font-weight: 400;\">Durch den Maquis bietet der Maler eine moderne Vision der Welt. Der K\u00fcnstler lenkt die Aufmerksamkeit von den Figuren ab, die er im Schatten l\u00e4sst, und konzentriert sich stattdessen auf die rein visuelle Wirkung der roten Mohnblumen.<\/span><\/p>\n<p><span style=\"font-weight: 400;\">Die Einfachheit dieses Gem\u00e4ldes tr\u00e4gt zu seiner Raffinesse und seinem k\u00fcnstlerischen Wert bei.<\/span><\/p>\n<p><strong>3 Gr\u00fcnde, sich f\u00fcr Kunstpuzzles zu entscheiden<\/strong><\/p>\n<p><span style=\"font-weight: 400;\">1. Kunstr\u00e4tsel helfen dir, deinen \u00e4sthetischen Sinn und deinen Geschmack f\u00fcr exquisite Kunstwerke zu entwickeln.<\/span><\/p>\n<p><span style=\"font-weight: 400;\">2. Du kannst deine eigene Sammlung von Kunstgem\u00e4lden erstellen, indem du Kunstpuzzles mit Bildern von Werken aus verschiedenen historischen Epochen ausw\u00e4hlst.<\/span><\/p>\n<p><span style=\"font-weight: 400;\">3. Die Kunstr\u00e4tsel geben dir die M\u00f6glichkeit, etablierte Werke bis ins kleinste Detail zu bewundern.<\/span><\/p>\n<p><span style=\"font-weight: 400;\">Kaufe Claude Monet &#8211; Poppies 1000 Piece Puzzle aus der Art Puzzle Collection und stelle eines der ber\u00fchmtesten Gem\u00e4lde aller Zeiten nach. Rahmen Sie das Bild in diesem wundersch\u00f6nen Kunstpuzzle ein und schm\u00fccken Sie Ihr Zuhause mit einem Kunstwerk, das Sie mit Ihren eigenen H\u00e4nden gemacht haben. Wenn du auf der Suche nach einem besonderen Geschenk bist, ist das 1000-teilige Claude Monet &#8211; Mohnblumen &#8211; Puzzle die perfekte L\u00f6sung!<\/span><\/p>\n","protected":false},"excerpt":{"rendered":"<p>Claude Monet 1000 Pieces Puzzle &#8211; Poppies stellt eines der ber\u00fchmtesten Gem\u00e4lde der Welt dar, das die lebhafte Atmosph\u00e4re eines<\/p>\n","protected":false},"featured_media":63277,"template":"","meta":[],"product_brand":[],"product_cat":[1916,1875,1915],"product_tag":[],"class_list":{"0":"post-42582","1":"product","2":"type-product","3":"status-publish","4":"has-post-thumbnail","6":"product_cat-1000-teile-puzzle","7":"product_cat-puzzle-de","8":"product_cat-puzzlespiele-fur-erwachsene","9":"pa_bax-10-de","10":"pa_brand-d_toys-de","11":"pa_country_of_manufacture-ro-de","12":"pa_filter_age-14-de","13":"pa_painter-claude-monet","14":"pa_tip_ambalaj-kasten-a4-de","15":"pa_tip_puzzle-klassisch","17":"first","18":"instock","19":"taxable","20":"shipping-taxable","21":"product-type-simple"},"yoast_head":"<!-- This site is optimized with the Yoast SEO plugin v20.1 - https:\/\/yoast.com\/wordpress\/plugins\/seo\/ -->\n<title>1000-Teile-Puzzle Claude Monet - Mohnblumen\/Maci f\u00fcr Erwachsene<\/title>\n<meta name=\"description\" content=\"1000-Teile-Puzzle Claude Monet - Mohnblumen\/Maci f\u00fcr Erwachsene\" \/>\n<meta name=\"robots\" content=\"index, follow, max-snippet:-1, max-image-preview:large, max-video-preview:-1\" \/>\n<link rel=\"canonical\" href=\"https:\/\/business.roovi.com\/de\/1000-teile-puzzle-claude-monet-mohnblumen-maci-fur-erwachsene\/p\/\" \/>\n<meta property=\"og:locale\" content=\"de_DE\" \/>\n<meta property=\"og:type\" content=\"article\" \/>\n<meta property=\"og:title\" content=\"1000-Teile-Puzzle Claude Monet - Mohnblumen\/Maci f\u00fcr Erwachsene\" \/>\n<meta property=\"og:description\" content=\"1000-Teile-Puzzle Claude Monet - Mohnblumen\/Maci f\u00fcr Erwachsene\" \/>\n<meta property=\"og:url\" content=\"https:\/\/business.roovi.com\/de\/1000-teile-puzzle-claude-monet-mohnblumen-maci-fur-erwachsene\/p\/\" \/>\n<meta property=\"og:site_name\" content=\"Roovi B2B\" \/>\n<meta property=\"article:publisher\" content=\"https:\/\/www.facebook.com\/wwwjucariero\" \/>\n<meta property=\"article:modified_time\" content=\"2023-02-20T11:57:11+00:00\" \/>\n<meta property=\"og:image\" content=\"https:\/\/business.roovi.com\/wp-content\/uploads\/2018\/04\/67548-CM-01-WEB.jpg\" \/>\n\t<meta property=\"og:image:width\" content=\"1200\" \/>\n\t<meta property=\"og:image:height\" content=\"1200\" \/>\n\t<meta property=\"og:image:type\" content=\"image\/jpeg\" \/>\n<meta name=\"twitter:label1\" content=\"Gesch\u00e4tzte Lesezeit\" \/>\n\t<meta name=\"twitter:data1\" content=\"4\u00a0Minuten\" \/>\n<script type=\"application\/ld+json\" class=\"yoast-schema-graph\">{\"@context\":\"https:\/\/schema.org\",\"@graph\":[{\"@type\":\"WebPage\",\"@id\":\"https:\/\/business.roovi.com\/de\/1000-teile-puzzle-claude-monet-mohnblumen-maci-fur-erwachsene\/p\/\",\"url\":\"https:\/\/business.roovi.com\/de\/1000-teile-puzzle-claude-monet-mohnblumen-maci-fur-erwachsene\/p\/\",\"name\":\"1000-Teile-Puzzle Claude Monet - Mohnblumen\/Maci f\u00fcr Erwachsene\",\"isPartOf\":{\"@id\":\"https:\/\/business.roovi.com\/de\/#website\"},\"datePublished\":\"2018-04-16T10:56:16+00:00\",\"dateModified\":\"2023-02-20T11:57:11+00:00\",\"description\":\"1000-Teile-Puzzle Claude Monet - Mohnblumen\/Maci f\u00fcr Erwachsene\",\"breadcrumb\":{\"@id\":\"https:\/\/business.roovi.com\/de\/1000-teile-puzzle-claude-monet-mohnblumen-maci-fur-erwachsene\/p\/#breadcrumb\"},\"inLanguage\":\"de\",\"potentialAction\":[{\"@type\":\"ReadAction\",\"target\":[\"https:\/\/business.roovi.com\/de\/1000-teile-puzzle-claude-monet-mohnblumen-maci-fur-erwachsene\/p\/\"]}]},{\"@type\":\"BreadcrumbList\",\"@id\":\"https:\/\/business.roovi.com\/de\/1000-teile-puzzle-claude-monet-mohnblumen-maci-fur-erwachsene\/p\/#breadcrumb\",\"itemListElement\":[{\"@type\":\"ListItem\",\"position\":1,\"name\":\"Home\",\"item\":\"https:\/\/business.roovi.com\/de\/\"},{\"@type\":\"ListItem\",\"position\":2,\"name\":\"Shop\",\"item\":\"https:\/\/business.roovi.com\/de\/shop\/\"},{\"@type\":\"ListItem\",\"position\":3,\"name\":\"1000-Teile-Puzzle Claude Monet &#8211; Mohnblumen\"}]},{\"@type\":\"WebSite\",\"@id\":\"https:\/\/business.roovi.com\/de\/#website\",\"url\":\"https:\/\/business.roovi.com\/de\/\",\"name\":\"Roovi B2B\",\"description\":\"Roovi Business Website\",\"potentialAction\":[{\"@type\":\"SearchAction\",\"target\":{\"@type\":\"EntryPoint\",\"urlTemplate\":\"https:\/\/business.roovi.com\/de\/?s={search_term_string}\"},\"query-input\":\"required name=search_term_string\"}],\"inLanguage\":\"de\"}]}<\/script>\n<!-- \/ Yoast SEO plugin. -->","yoast_head_json":{"title":"1000-Teile-Puzzle Claude Monet - Mohnblumen\/Maci f\u00fcr Erwachsene","description":"1000-Teile-Puzzle Claude Monet - Mohnblumen\/Maci f\u00fcr Erwachsene","robots":{"index":"index","follow":"follow","max-snippet":"max-snippet:-1","max-image-preview":"max-image-preview:large","max-video-preview":"max-video-preview:-1"},"canonical":"https:\/\/business.roovi.com\/de\/1000-teile-puzzle-claude-monet-mohnblumen-maci-fur-erwachsene\/p\/","og_locale":"de_DE","og_type":"article","og_title":"1000-Teile-Puzzle Claude Monet - Mohnblumen\/Maci f\u00fcr Erwachsene","og_description":"1000-Teile-Puzzle Claude Monet - Mohnblumen\/Maci f\u00fcr Erwachsene","og_url":"https:\/\/business.roovi.com\/de\/1000-teile-puzzle-claude-monet-mohnblumen-maci-fur-erwachsene\/p\/","og_site_name":"Roovi B2B","article_publisher":"https:\/\/www.facebook.com\/wwwjucariero","article_modified_time":"2023-02-20T11:57:11+00:00","og_image":[{"width":1200,"height":1200,"url":"https:\/\/business.roovi.com\/wp-content\/uploads\/2018\/04\/67548-CM-01-WEB.jpg","type":"image\/jpeg"}],"twitter_misc":{"Gesch\u00e4tzte Lesezeit":"4\u00a0Minuten"},"schema":{"@context":"https:\/\/schema.org","@graph":[{"@type":"WebPage","@id":"https:\/\/business.roovi.com\/de\/1000-teile-puzzle-claude-monet-mohnblumen-maci-fur-erwachsene\/p\/","url":"https:\/\/business.roovi.com\/de\/1000-teile-puzzle-claude-monet-mohnblumen-maci-fur-erwachsene\/p\/","name":"1000-Teile-Puzzle Claude Monet - Mohnblumen\/Maci f\u00fcr Erwachsene","isPartOf":{"@id":"https:\/\/business.roovi.com\/de\/#website"},"datePublished":"2018-04-16T10:56:16+00:00","dateModified":"2023-02-20T11:57:11+00:00","description":"1000-Teile-Puzzle Claude Monet - Mohnblumen\/Maci f\u00fcr Erwachsene","breadcrumb":{"@id":"https:\/\/business.roovi.com\/de\/1000-teile-puzzle-claude-monet-mohnblumen-maci-fur-erwachsene\/p\/#breadcrumb"},"inLanguage":"de","potentialAction":[{"@type":"ReadAction","target":["https:\/\/business.roovi.com\/de\/1000-teile-puzzle-claude-monet-mohnblumen-maci-fur-erwachsene\/p\/"]}]},{"@type":"BreadcrumbList","@id":"https:\/\/business.roovi.com\/de\/1000-teile-puzzle-claude-monet-mohnblumen-maci-fur-erwachsene\/p\/#breadcrumb","itemListElement":[{"@type":"ListItem","position":1,"name":"Home","item":"https:\/\/business.roovi.com\/de\/"},{"@type":"ListItem","position":2,"name":"Shop","item":"https:\/\/business.roovi.com\/de\/shop\/"},{"@type":"ListItem","position":3,"name":"1000-Teile-Puzzle Claude Monet &#8211; Mohnblumen"}]},{"@type":"WebSite","@id":"https:\/\/business.roovi.com\/de\/#website","url":"https:\/\/business.roovi.com\/de\/","name":"Roovi B2B","description":"Roovi Business Website","potentialAction":[{"@type":"SearchAction","target":{"@type":"EntryPoint","urlTemplate":"https:\/\/business.roovi.com\/de\/?s={search_term_string}"},"query-input":"required name=search_term_string"}],"inLanguage":"de"}]}},"_links":{"self":[{"href":"https:\/\/business.roovi.com\/de\/wp-json\/wp\/v2\/product\/42582","targetHints":{"allow":["GET"]}}],"collection":[{"href":"https:\/\/business.roovi.com\/de\/wp-json\/wp\/v2\/product"}],"about":[{"href":"https:\/\/business.roovi.com\/de\/wp-json\/wp\/v2\/types\/product"}],"version-history":[{"count":0,"href":"https:\/\/business.roovi.com\/de\/wp-json\/wp\/v2\/product\/42582\/revisions"}],"wp:featuredmedia":[{"embeddable":true,"href":"https:\/\/business.roovi.com\/de\/wp-json\/wp\/v2\/media\/63277"}],"wp:attachment":[{"href":"https:\/\/business.roovi.com\/de\/wp-json\/wp\/v2\/media?parent=42582"}],"wp:term":[{"taxonomy":"product_brand","embeddable":true,"href":"https:\/\/business.roovi.com\/de\/wp-json\/wp\/v2\/product_brand?post=42582"},{"taxonomy":"product_cat","embeddable":true,"href":"https:\/\/business.roovi.com\/de\/wp-json\/wp\/v2\/product_cat?post=42582"},{"taxonomy":"product_tag","embeddable":true,"href":"https:\/\/business.roovi.com\/de\/wp-json\/wp\/v2\/product_tag?post=42582"}],"curies":[{"name":"wp","href":"https:\/\/api.w.org\/{rel}","templated":true}]}}